{"id":6613,"date":"2020-04-26T17:17:44","date_gmt":"2020-04-26T09:17:44","guid":{"rendered":"https:\/\/www.agriculture-machine.com\/?p=6613"},"modified":"2025-11-28T17:12:35","modified_gmt":"2025-11-28T09:12:35","slug":"bean-peeling-machine-green-bean-peeler","status":"publish","type":"product","link":"https:\/\/www.agriculture-machine.com\/fr\/bean-peeling-machine-green-bean-peeler\/","title":{"rendered":"Machine d\u2019\u00e9pluchage de soja, f\u00e8ves, haricots rouges, \u00e9plucheur de peau"},"content":{"rendered":"<p>La machine \u00e0 pelucher les haricots convient au pelage et au traitement du soja, des mungo, des haricots rouges, des pois chiches, des lentilles, des pois, des f\u00e8ves, des haricots verts, etc. Son taux de pelage atteint 98 % ou plus et son taux de concassage est inf\u00e9rieur \u00e0 2 %, ce qui en fait le choix id\u00e9al pour d\u00e9odoriser les haricots et am\u00e9liorer la qualit\u00e9 du produit.<\/p>    <p>La capacit\u00e9 de traitement d'une seule machine est aussi \u00e9lev\u00e9e que 500kg-12 tonnes par heure, largement utilis\u00e9e dans les usines de transformation alimentaire, les usines de grains et d'huiles, les h\u00f4tels, les cantines, etc. <\/p>    <p>Dans cet article, nous vous pr\u00e9senterons en d\u00e9tail trois types diff\u00e9rents de machines \u00e0 pelucher les haricots fabriqu\u00e9es par notre usine, ce qui vous aidera \u00e0 trouver la solution la plus adapt\u00e9e.<\/p>    <figure class=\"wp-block-embed aligncenter is-type-video is-provider-youtube wp-block-embed-youtube wp-embed-aspect-16-9 wp-has-aspect-ratio\"><div class=\"wp-block-embed__wrapper\"> <iframe loading=\"lazy\" title=\"Machine efficace \u00e0 pelucher le soja : d\u00e9voilez la magie de l\u2019\u00e9limination de la cosse de haricot !#haricot #machine\u00e0pelucher\" width=\"500\" height=\"281\" src=\"https:\/\/www.youtube.com\/embed\/riTJ58a5sVI?feature=oembed\" frameborder=\"0\" allow=\"accelerometer; autoplay; clipboard-write; encrypted-media; gyroscope; picture-in-picture; web-share\" referrerpolicy=\"strict-origin-when-cross-origin\" allowfullscreen><\/iframe> <\/div><figcaption class=\"wp-element-caption\">Vid\u00e9o de fonctionnement de la machine \u00e0 pelucher les haricots<\/figcaption><\/figure>    <h2 class=\"wp-block-heading\">Sc\u00e8nes d'application de la machine \u00e0 pelucher les haricots<\/h2>    <ul class=\"wp-block-list\"> <li>Usine de transformation alimentaire : utilis\u00e9e pour la production de produits \u00e0 base de soja, tels que le tofu, le lait de soja, les haricots secs, etc., pour am\u00e9liorer le go\u00fbt et la qualit\u00e9 des produits.<\/li>    <li>Usine de transformation des grains et des huiles : en tant qu\u2019\u00e9quipement de pr\u00e9traitement pour les haricots, pour am\u00e9liorer l\u2019efficacit\u00e9 de l\u2019extraction d\u2019huile, le broyage et autres processus.<\/li>    <li>Industrie de la restauration (h\u00f4tels, cantines, restaurants) : utilis\u00e9e pour le pelage en grande quantit\u00e9 de haricots, facilitant la cuisson et le traitement rapides.<\/li>    <li>Entreprises de transformation profonde des produits agricoles : utilis\u00e9es pour la transformation approfondie des aliments \u00e0 base de soja export\u00e9s afin d\u2019am\u00e9liorer la valeur ajout\u00e9e.<\/li>    <li>Individus ou petits ateliers : pour la production \u00e0 petite \u00e9chelle de produits \u00e0 base de soja, l\u2019\u00e9quipement est facile \u00e0 utiliser.<\/li> <\/ul>    <figure class=\"wp-block-gallery has-nested-images columns-2 is-cropped wp-block-gallery-2 is-layout-flex wp-block-gallery-is-layout-flex\"> <figure class=\"wp-block-image size-full\"><img loading=\"lazy\" decoding=\"async\" width=\"720\" height=\"540\" data-id=\"17298\" src=\"https:\/\/www.agriculture-machine.com\/wp-content\/uploads\/2020\/04\/soybean-peeling-machine.webp\" alt=\"machine d\u2019\u00e9pluchage de soja\" class=\"wp-image-17298\" title=\"Pelador de soja\" srcset=\"https:\/\/www.agriculture-machine.com\/wp-content\/uploads\/2020\/04\/soybean-peeling-machine.webp 720w, https:\/\/www.agriculture-machine.com\/wp-content\/uploads\/2020\/04\/soybean-peeling-machine-360x270.webp 360w, https:\/\/www.agriculture-machine.com\/wp-content\/uploads\/2020\/04\/soybean-peeling-machine-240x180.webp 240w, https:\/\/www.agriculture-machine.com\/wp-content\/uploads\/2020\/04\/soybean-peeling-machine-16x12.webp 16w\" sizes=\"auto, (max-width: 720px) 100vw, 720px\" \/><figcaption class=\"wp-element-caption\">machine d\u2019\u00e9pluchage de soja<\/figcaption><\/figure>    <figure class=\"wp-block-image size-large\"><img loading=\"lazy\" decoding=\"async\" width=\"720\" height=\"540\" data-id=\"12911\" src=\"https:\/\/www.agriculture-machine.com\/wp-content\/uploads\/2022\/04\/red-bean-peeling-machine1.jpg\" alt=\"Machine \u00e0 \u00e9plucher les haricots rouges\" class=\"wp-image-12911\" title=\"Machine \u00e0 \u00e9plucher les haricots rouges\" srcset=\"https:\/\/www.agriculture-machine.com\/wp-content\/uploads\/2022\/04\/red-bean-peeling-machine1.jpg 720w, https:\/\/www.agriculture-machine.com\/wp-content\/uploads\/2022\/04\/red-bean-peeling-machine1-360x270.jpg 360w, https:\/\/www.agriculture-machine.com\/wp-content\/uploads\/2022\/04\/red-bean-peeling-machine1-240x180.jpg 240w\" sizes=\"auto, (max-width: 720px) 100vw, 720px\" \/><figcaption class=\"wp-element-caption\">Machine \u00e0 \u00e9plucher les haricots rouges<\/figcaption><\/figure>    <figure class=\"wp-block-image size-large\"><img loading=\"lazy\" decoding=\"async\" width=\"720\" height=\"540\" data-id=\"12912\" src=\"https:\/\/www.agriculture-machine.com\/wp-content\/uploads\/2022\/04\/broad-bean-peeler1.jpg\" alt=\"\" class=\"wp-image-12912\" srcset=\"https:\/\/www.agriculture-machine.com\/wp-content\/uploads\/2022\/04\/broad-bean-peeler1.jpg 720w, https:\/\/www.agriculture-machine.com\/wp-content\/uploads\/2022\/04\/broad-bean-peeler1-360x270.jpg 360w, https:\/\/www.agriculture-machine.com\/wp-content\/uploads\/2022\/04\/broad-bean-peeler1-240x180.jpg 240w\" sizes=\"auto, (max-width: 720px) 100vw, 720px\" \/><figcaption class=\"wp-element-caption\">Pelador de f\u00e8ves<\/figcaption><\/figure>    <figure class=\"wp-block-image size-large\"><img loading=\"lazy\" decoding=\"async\" width=\"720\" height=\"540\" data-id=\"12913\" src=\"https:\/\/www.agriculture-machine.com\/wp-content\/uploads\/2022\/04\/bean-peel-removing-machine1.jpg\" alt=\"Machine \u00e0 pelucher les haricots\" class=\"wp-image-12913\" title=\"Machine \u00e0 pelucher les haricots\" srcset=\"https:\/\/www.agriculture-machine.com\/wp-content\/uploads\/2022\/04\/bean-peel-removing-machine1.jpg 720w, https:\/\/www.agriculture-machine.com\/wp-content\/uploads\/2022\/04\/bean-peel-removing-machine1-360x270.jpg 360w, https:\/\/www.agriculture-machine.com\/wp-content\/uploads\/2022\/04\/bean-peel-removing-machine1-240x180.jpg 240w\" sizes=\"auto, (max-width: 720px) 100vw, 720px\" \/><figcaption class=\"wp-element-caption\">Machine \u00e0 pelucher les haricots<\/figcaption><\/figure> <figcaption class=\"blocks-gallery-caption wp-element-caption\">Machines \u00e0 pelucher le soja<\/figcaption><\/figure>    <h2 class=\"wp-block-heading\">Type 1 : machine \u00e0 enlever la peau du soja<\/h2>    <p>Ce type de machine \u00e0 enlever la peau du soja est principalement compos\u00e9 d\u2019une tr\u00e9mie d\u2019alimentation, d\u2019un cadre, d\u2019un r\u00e9ducteur, d\u2019une chambre de pelage, d\u2019un ventilateur, d\u2019une bo\u00eete de distribution, d\u2019une tr\u00e9mie de d\u00e9charge, et d\u2019autres pi\u00e8ces.<\/p>    <p>Cette machine convient aux haricots ronds et r\u00e9guliers tels que le soja, le ni\u00e9b\u00e9 et les pois.<\/p>    <figure class=\"wp-block-image aligncenter size-full\"><img loading=\"lazy\" decoding=\"async\" width=\"720\" height=\"540\" src=\"https:\/\/www.agriculture-machine.com\/wp-content\/uploads\/2022\/04\/green-pea-peeling-machine1.jpg\" alt=\"Machine \u00e0 \u00e9plucher les pois verts\" class=\"wp-image-12916\" title=\"Machine \u00e0 \u00e9plucher les pois verts\" srcset=\"https:\/\/www.agriculture-machine.com\/wp-content\/uploads\/2022\/04\/green-pea-peeling-machine1.jpg 720w, https:\/\/www.agriculture-machine.com\/wp-content\/uploads\/2022\/04\/green-pea-peeling-machine1-360x270.jpg 360w, https:\/\/www.agriculture-machine.com\/wp-content\/uploads\/2022\/04\/green-pea-peeling-machine1-240x180.jpg 240w\" sizes=\"auto, (max-width: 720px) 100vw, 720px\" \/><figcaption class=\"wp-element-caption\">Machine \u00e0 \u00e9plucher les pois verts<\/figcaption><\/figure>    <h3 class=\"wp-block-heading\" id=\"h-technical-specifications-of-mung-bean-peeler\">Sp\u00e9cifications techniques du pelador de mungo<\/h3>    <figure class=\"wp-block-table is-style-stripes\"><table><tbody><tr><td>Mod\u00e8le<\/td><td>TZ-10<\/td><\/tr><tr><td>Poids<\/td><td>200kg<\/td><\/tr><tr><td>Taille<\/td><td>190*140*75cm<\/td><\/tr><tr><td>Capacit\u00e9<\/td><td>300-400kg\/h<\/td><\/tr><tr><td>Puissance<\/td><td>5.5kw 1.5kw<\/td><\/tr><\/tbody><\/table><figcaption class=\"wp-element-caption\">Donn\u00e9es techniques de la machine \u00e0 enlever la peau du soja<\/figcaption><\/figure>    <h2 class=\"wp-block-heading\">Type 2 : machine \u00e0 \u00e9plucher les haricots rouges<\/h2>    <p>Ce d\u00e9pelliculeur de haricots rouges comprend principalement une tr\u00e9mie, un collecteur de poussi\u00e8re, un dispositif de pelage, un syst\u00e8me de r\u00e9glage de la pression de pelage, une sortie, un moteur, etc.  <\/p>    <p>Cette machine est un pelador multifonctionnel. Il peut enlever \u00e0 la fois les haricots ronds et plats.<\/p>    <figure class=\"wp-block-image aligncenter size-full\"><img loading=\"lazy\" decoding=\"async\" width=\"720\" height=\"540\" src=\"https:\/\/www.agriculture-machine.com\/wp-content\/uploads\/2022\/04\/mung-bean-peeling-machine-2.jpg\" alt=\"Machine \u00e0 \u00e9plucher les haricots mungo \" class=\"wp-image-12917\" title=\"Machine \u00e0 \u00e9plucher les haricots mungo \" srcset=\"https:\/\/www.agriculture-machine.com\/wp-content\/uploads\/2022\/04\/mung-bean-peeling-machine-2.jpg 720w, https:\/\/www.agriculture-machine.com\/wp-content\/uploads\/2022\/04\/mung-bean-peeling-machine-2-360x270.jpg 360w, https:\/\/www.agriculture-machine.com\/wp-content\/uploads\/2022\/04\/mung-bean-peeling-machine-2-240x180.jpg 240w\" sizes=\"auto, (max-width: 720px) 100vw, 720px\" \/><figcaption class=\"wp-element-caption\">Machine \u00e0 \u00e9plucher les haricots mungo <\/figcaption><\/figure>    <h3 class=\"wp-block-heading\">Informations d\u00e9taill\u00e9es sur le pelador de f\u00e8ves<\/h3>    <figure class=\"wp-block-table is-style-stripes\"><table><tbody><tr><td>Mod\u00e8le<\/td><td>S18<\/td><\/tr><tr><td>Puissance<\/td><td>15KW<\/td><\/tr><tr><td>Capacit\u00e9<\/td><td>500KG\/H<\/td><\/tr><tr><td>Taille<\/td><td>1800*1200*2150mm<\/td><\/tr><\/tbody><\/table><figcaption class=\"wp-element-caption\">broad bean peeler&#8217;s information<\/figcaption><\/figure>    <h2 class=\"wp-block-heading\">Type 3 : machine \u00e0 \u00e9plucher les f\u00e8ves<\/h2>    <p>La structure de cette machine est tr\u00e8s diff\u00e9rente du Type 1 et du Type 2. Elle poss\u00e8de une structure relativement simple, comprenant une tr\u00e9mie, une chambre de pelage, des sorties, etc. Ce pelador est principalement utilis\u00e9 pour \u00e9plucher les f\u00e8ves. \u00c9galement appel\u00e9 pelador de peau de f\u00e8ve. <\/p>    <p>Cette machine d\u00e9pellicule \u00e9galement les huiles de haricots, les f\u00e8ves de lima, les graines de chanvre de feu, les graines d\u2019hu\u00eetres, et autres haricots \u00e0 surface plate, augmentant ainsi le taux de d\u00e9pelliculage.<\/p>    <figure class=\"wp-block-image aligncenter size-large\"><img loading=\"lazy\" decoding=\"async\" width=\"717\" height=\"540\" src=\"https:\/\/www.agriculture-machine.com\/wp-content\/uploads\/2022\/04\/Fava-beans-skin-peeler-2-717x540.png\" alt=\"Pelador de f\u00e8ves \" class=\"wp-image-12920\" title=\"Pelador de f\u00e8ves \" srcset=\"https:\/\/www.agriculture-machine.com\/wp-content\/uploads\/2022\/04\/Fava-beans-skin-peeler-2-717x540.png 717w, https:\/\/www.agriculture-machine.com\/wp-content\/uploads\/2022\/04\/Fava-beans-skin-peeler-2-360x270.png 360w, https:\/\/www.agriculture-machine.com\/wp-content\/uploads\/2022\/04\/Fava-beans-skin-peeler-2-240x180.png 240w, https:\/\/www.agriculture-machine.com\/wp-content\/uploads\/2022\/04\/Fava-beans-skin-peeler-2.png 720w\" sizes=\"auto, (max-width: 717px) 100vw, 717px\" \/><figcaption class=\"wp-element-caption\">Pelador de f\u00e8ves<\/figcaption><\/figure>    <h3 class=\"wp-block-heading\">Param\u00e8tres du pelador de f\u00e8ves<\/h3>    <figure class=\"wp-block-table is-style-stripes\"><table><tbody><tr><td>Taille<\/td><td>1000*1150*1400mm<\/td><\/tr><tr><td>Puissance<\/td><td>5KW<\/td><\/tr><tr><td>Capacit\u00e9<\/td><td>200KG\/H<\/td><\/tr><tr><td>Poids<\/td><td>400KG<\/td><\/tr><\/tbody><\/table><figcaption class=\"wp-element-caption\">fava beans skin peeler&#8217;s parameter<\/figcaption><\/figure>    <h2 class=\"wp-block-heading\">Principe de fonctionnement de la machine \u00e0 pelucher les haricots<\/h2>    <p>Tout d\u2019abord, le soja entre dans la machine, et sous la rotation des deux disques de broyage, il peut atteindre le but du pelage. <\/p>    <p>Lorsque les soja sont pel\u00e9s et passent dans la chambre de s\u00e9paration, les f\u00e8ves pel\u00e9es sont \u00e9vacu\u00e9es par la sortie sous l\u2019effet de la force du vent. Par ailleurs, la peau et autres poudres sont \u00e9vacu\u00e9es par la sortie avec l\u2019air.<\/p>    <figure class=\"wp-block-embed aligncenter is-type-video is-provider-youtube wp-block-embed-youtube wp-embed-aspect-16-9 wp-has-aspect-ratio\"><div class=\"wp-block-embed__wrapper\"> <iframe loading=\"lazy\" title=\"Machine \u00e0 pelucher les haricots secs \/ pelador de mungo \/ pelador de haricots verts ou de f\u00e8ves\" width=\"500\" height=\"281\" src=\"https:\/\/www.youtube.com\/embed\/7pt3S2lx6eE?feature=oembed\" frameborder=\"0\" allow=\"accelerometer; autoplay; clipboard-write; encrypted-media; gyroscope; picture-in-picture; web-share\" referrerpolicy=\"strict-origin-when-cross-origin\" allowfullscreen><\/iframe> <\/div><figcaption class=\"wp-element-caption\">Affichage de la vid\u00e9o de fonctionnement de la machine \u00e0 pelucher le soja<\/figcaption><\/figure>    <h2 class=\"wp-block-heading\" id=\"h-why-peel-beans-before-deep-processing\">Pourquoi \u00e9plucher les haricots avant le traitement en profondeur ?<\/h2>    <ul class=\"wp-block-list\"> <li>Un traitement thermique appropri\u00e9 avant le pelage peut mod\u00e9rer la d\u00e9naturation des prot\u00e9ines de soja, inhiber la formation de substances d\u00e9sagr\u00e9ables et aider \u00e0 renforcer l\u2019absorption des nutriments.<\/li>    <li>La peau du soja contient souvent des bact\u00e9ries r\u00e9sistantes \u00e0 la chaleur, le pelage aide \u00e0 r\u00e9duire ce type de bact\u00e9ries et \u00e0 am\u00e9liorer la s\u00e9curit\u00e9 alimentaire.<\/li>    <li>Le pelage favorise la passivation de la lipoxyg\u00e9nase, ce qui peut r\u00e9duire le temps de chauffage, diminuer la d\u00e9naturation thermique des nutriments et pr\u00e9venir le brunissement enzymatique.<\/li> <\/ul>    <figure class=\"wp-block-image aligncenter size-large\"><img loading=\"lazy\" decoding=\"async\" width=\"720\" height=\"540\" src=\"https:\/\/www.agriculture-machine.com\/wp-content\/uploads\/2020\/04\/peeling-soybean.jpg\" alt=\"Pelage-soja\" class=\"wp-image-10921\" srcset=\"https:\/\/www.agriculture-machine.com\/wp-content\/uploads\/2020\/04\/peeling-soybean.jpg 720w, https:\/\/www.agriculture-machine.com\/wp-content\/uploads\/2020\/04\/peeling-soybean-360x270.jpg 360w, https:\/\/www.agriculture-machine.com\/wp-content\/uploads\/2020\/04\/peeling-soybean-240x180.jpg 240w\" sizes=\"auto, (max-width: 720px) 100vw, 720px\" \/><figcaption class=\"wp-element-caption\">Pelage-soja<\/figcaption><\/figure>    <h2 class=\"wp-block-heading\" id=\"h-why-choose-taizy-bean-peeling-machine\">Avantages de la machine \u00e0 enlever la peau du haricot Taizy<\/h2>    <ul class=\"wp-block-list\"> <li>Pelage efficace et uniforme : l\u2019\u00e9quipement a une haute efficacit\u00e9 de travail et peut r\u00e9aliser un pelage uniforme, \u00e9vitant les probl\u00e8mes de pelage in\u00e9gal et de haricots cass\u00e9s.<\/li>    <li>Am\u00e9liorer le go\u00fbt et la qualit\u00e9 : \u00e9liminer efficacement l\u2019odeur des haricots, am\u00e9liorer la saveur des produits \u00e0 base de soja, augmenter consid\u00e9rablement la qualit\u00e9 globale et la valeur marchande du produit.<\/li>    <li>Polyvalent, fonctions compl\u00e8tes : avec fonctions de pelage et de s\u00e9paration, facile \u00e0 utiliser, performance stable, adapt\u00e9 \u00e0 une vari\u00e9t\u00e9 de traitements de haricots.<\/li>    <li>R\u00e9pondre aux besoins de la production moderne : con\u00e7ue pour des produits \u00e0 base de haricots de haute qualit\u00e9, particuli\u00e8rement adapt\u00e9e \u00e0 la transformation alimentaire haut de gamme.<\/li> <\/ul>    <figure class=\"wp-block-image aligncenter size-full\"><img loading=\"lazy\" decoding=\"async\" width=\"720\" height=\"540\" src=\"https:\/\/www.agriculture-machine.com\/wp-content\/uploads\/2020\/04\/beans-peeler-for-sale.webp\" alt=\"Pelador de haricots \u00e0 vendre\" class=\"wp-image-15519\" srcset=\"https:\/\/www.agriculture-machine.com\/wp-content\/uploads\/2020\/04\/beans-peeler-for-sale.webp 720w, https:\/\/www.agriculture-machine.com\/wp-content\/uploads\/2020\/04\/beans-peeler-for-sale-360x270.webp 360w, https:\/\/www.agriculture-machine.com\/wp-content\/uploads\/2020\/04\/beans-peeler-for-sale-240x180.webp 240w\" sizes=\"auto, (max-width: 720px) 100vw, 720px\" \/><figcaption class=\"wp-element-caption\">Pelador de haricots \u00e0 vendre<\/figcaption><\/figure>    <h2 class=\"wp-block-heading\">Pelador de soja vendu au Canada<\/h2>    <p>Un de nos clients vient du Canada. Il nous a contact\u00e9s via une vid\u00e9o publi\u00e9e sur notre cha\u00eene YouTube. Il est entendu que le client souhaite d\u00e9cortiquer les haricots noirs \u00e0 \u0153il, le soja et les haricots rouges. <\/p>    <p>According to the customer&#8217;s desired output and budget, we recommend Type 1 and Type 2. The final customer places an order from us. Below is the packaging and shipping diagram of the machine.<\/p>    <figure class=\"wp-block-gallery has-nested-images columns-default is-cropped wp-block-gallery-3 is-layout-flex wp-block-gallery-is-layout-flex\"> <figure class=\"wp-block-image size-large\"><img loading=\"lazy\" decoding=\"async\" width=\"720\" height=\"540\" data-id=\"12929\" src=\"https:\/\/www.agriculture-machine.com\/wp-content\/uploads\/2022\/04\/wooden-case-packing1.jpg\" alt=\"Emballage en caisse en bois\" class=\"wp-image-12929\" title=\"Emballage en caisse en bois\" srcset=\"https:\/\/www.agriculture-machine.com\/wp-content\/uploads\/2022\/04\/wooden-case-packing1.jpg 720w, https:\/\/www.agriculture-machine.com\/wp-content\/uploads\/2022\/04\/wooden-case-packing1-360x270.jpg 360w, https:\/\/www.agriculture-machine.com\/wp-content\/uploads\/2022\/04\/wooden-case-packing1-240x180.jpg 240w\" sizes=\"auto, (max-width: 720px) 100vw, 720px\" \/><figcaption class=\"wp-element-caption\">Emballage en caisse en bois<\/figcaption><\/figure>    <figure class=\"wp-block-image size-large\"><img loading=\"lazy\" decoding=\"async\" width=\"720\" height=\"540\" data-id=\"12930\" src=\"https:\/\/www.agriculture-machine.com\/wp-content\/uploads\/2022\/04\/shipping-of-soybean-peeler1.jpg\" alt=\"Exp\u00e9dition du pelador de soja\" class=\"wp-image-12930\" title=\"Exp\u00e9dition du pelador de soja\" srcset=\"https:\/\/www.agriculture-machine.com\/wp-content\/uploads\/2022\/04\/shipping-of-soybean-peeler1.jpg 720w, https:\/\/www.agriculture-machine.com\/wp-content\/uploads\/2022\/04\/shipping-of-soybean-peeler1-360x270.jpg 360w, https:\/\/www.agriculture-machine.com\/wp-content\/uploads\/2022\/04\/shipping-of-soybean-peeler1-240x180.jpg 240w\" sizes=\"auto, (max-width: 720px) 100vw, 720px\" \/><figcaption class=\"wp-element-caption\">Exp\u00e9dition du pelador de soja<\/figcaption><\/figure> <\/figure>    <p class=\"translation-block\">Nos machines ont \u00e9t\u00e9 export\u00e9es vers le Nigeria, le Vietnam, le Cameroun, la Hollande et d'autres pays. En plus de la machine \u00e0 pelucher les haricots, nous disposons \u00e9galement de <strong><em><a href=\"https:\/\/www.agriculture-machine.com\/fr\/corn-grits-making-machine\/\">machine \u00e0 fabriquer la semoule de ma\u00efs<\/a> <\/em><\/strong>et <a href=\"https:\/\/www.agriculture-machine.com\/fr\/hammer-mill-machine\/\"><strong><em>broyeur \u00e0 grains<\/em><\/strong><\/a>. Elles peuvent transformer les grains en diverses granul\u00e9s et poudres.<\/p>    <p>Si vous \u00eates int\u00e9ress\u00e9 par nos produits ou si vous avez des questions, n\u2019h\u00e9sitez pas \u00e0 nous contacter. Notre \u00e9quipe professionnelle est toujours pr\u00eate \u00e0 vous fournir des informations d\u00e9taill\u00e9es sur nos machines et vous accueillir dans notre usine, en esp\u00e9rant vous offrir le meilleur service !<\/p>","protected":false},"excerpt":{"rendered":"<p>The bean peeling machine has a wide range of applications and is designed for removing the outer skin of all kinds of beans. Its advanced technology and reliable performance make it ideal for bean processing.<\/p>","protected":false},"author":1,"featured_media":12906,"parent":0,"comment_status":"closed","ping_status":"closed","template":"","tags":[489,2600],"product-type":[902],"class_list":["post-6613","product","type-product","status-publish","has-post-thumbnail","hentry","tag-bean","tag-soybean","product-type-soybean-peeling-machine"],"_links":{"self":[{"href":"https:\/\/www.agriculture-machine.com\/fr\/wp-json\/wp\/v2\/product\/6613","targetHints":{"allow":["GET"]}}],"collection":[{"href":"https:\/\/www.agriculture-machine.com\/fr\/wp-json\/wp\/v2\/product"}],"about":[{"href":"https:\/\/www.agriculture-machine.com\/fr\/wp-json\/wp\/v2\/types\/product"}],"author":[{"embeddable":true,"href":"https:\/\/www.agriculture-machine.com\/fr\/wp-json\/wp\/v2\/users\/1"}],"replies":[{"embeddable":true,"href":"https:\/\/www.agriculture-machine.com\/fr\/wp-json\/wp\/v2\/comments?post=6613"}],"wp:featuredmedia":[{"embeddable":true,"href":"https:\/\/www.agriculture-machine.com\/fr\/wp-json\/wp\/v2\/media\/12906"}],"wp:attachment":[{"href":"https:\/\/www.agriculture-machine.com\/fr\/wp-json\/wp\/v2\/media?parent=6613"}],"wp:term":[{"taxonomy":"post_tag","embeddable":true,"href":"https:\/\/www.agriculture-machine.com\/fr\/wp-json\/wp\/v2\/tags?post=6613"},{"taxonomy":"product-type","embeddable":true,"href":"https:\/\/www.agriculture-machine.com\/fr\/wp-json\/wp\/v2\/product-type?post=6613"}],"curies":[{"name":"wp","href":"https:\/\/api.w.org\/{rel}","templated":true}]}}