{"id":7676,"date":"2020-09-17T18:12:42","date_gmt":"2020-09-17T10:12:42","guid":{"rendered":"https:\/\/www.agriculture-machine.com\/?p=7676"},"modified":"2024-09-18T16:13:40","modified_gmt":"2024-09-18T08:13:40","slug":"sprinkler-irrigation","status":"publish","type":"product","link":"https:\/\/www.agriculture-machine.com\/fr\/sprinkler-irrigation\/","title":{"rendered":"Machine d'irrigation par aspersion | Syst\u00e8me d'irrigation | Irrigateur"},"content":{"rendered":"<p>Machine d'irrigation par aspersion d\u00e9signe l'\u00e9quipement utilis\u00e9 pour pulv\u00e9riser l'eau d'irrigation. L'ensemble du syst\u00e8me d'aspersion comprend g\u00e9n\u00e9ralement une unit\u00e9 de pompe \u00e0 eau, un pipeline, un asperseur, et un ch\u00e2ssis mobile. L'\u00e9quipement d'irrigation par aspersion pulv\u00e9rise de l'eau sous une certaine pression dans l'air via une machine et un \u00e9quipement sp\u00e9ciaux \u00e0 partir de la buse, puis la disperse en fines gouttelettes, qui sont pulv\u00e9ris\u00e9es uniform\u00e9ment sur le champ comme la pluie, fournissant aux cultures, fleurs, semis, et autres plantes une quantit\u00e9 ad\u00e9quate d'eau. Ce type d'aspersion arrose naturellement. En connectant la pressurisation, la livraison d'eau, l'asperseur, la marche, et d'autres dispositifs en un tout mobile, on l'appelle machine d'irrigation par aspersion.<\/p>    <h2 class=\"wp-block-heading\">Types de syst\u00e8mes d'aspersion<\/h2>    <p>Il existe de nombreux types de machines d'irrigation par aspersion, et le syst\u00e8me d'irrigation par aspersion de type unit\u00e9 comprend deux types : unit\u00e9 de pulv\u00e9risation fixe et unit\u00e9 de pulv\u00e9risation mobile.<\/p>    <p>L'unit\u00e9 de pulv\u00e9risation fixe comprend un asperseur \u00e0 pousser (levage), un asperseur mont\u00e9 sur tracteur, un asperseur \u00e0 traction de tracteur, <span style=\"color: #000000;\">Un asperseur roulant<\/span>, et un aspersor \u00e0 double porte-voiture.<\/p>    <p>L'unit\u00e9 d'aspersion mobile comprend un asperseur \u00e0 pivot central, un asperseur translational, et un asperseur \u00e0 bobine. Parmi eux, le type \u00e0 bobine comprend deux types : asperseur \u00e0 bobine \u00e0 traction par c\u00e2ble m\u00e9tallique et asperseur \u00e0 bobine \u00e0 traction par tuyau.<\/p>    <p class=\"translation-block\">La s\u00e9rie JP <strong>machine d'irrigation par aspersion \u00e0 bobine<\/strong> est une machine d'irrigation qui enroule le tuyau PE sur la bobine, utilise la pression de l'asperseur pour faire tourner la turbine \u00e0 eau, entra\u00eene la bobine via un dispositif \u00e0 vitesse variable, et tire le chariot d'aspersion pour se d\u00e9placer et pulv\u00e9riser automatiquement. La machine d'irrigation par aspersion \u00e0 bobine de s\u00e9rie JP peut irriguer une grande surface de terre agricole, mais aussi contr\u00f4ler le volume d'eau en fonction de la taille de l'eau pulv\u00e9ris\u00e9e pour r\u00e9pondre aux diff\u00e9rentes exigences du volume d'eau d'irrigation par aspersion. C'est le meilleur choix pour l'irrigation \u00e9conomisant l'eau des terres agricoles.<\/p>    <figure class=\"wp-block-image alignnone size-full wp-image-8700\"><img loading=\"lazy\" decoding=\"async\" width=\"720\" height=\"540\" src=\"https:\/\/www.agriculture-machine.com\/wp-content\/uploads\/2020\/09\/reel-irrigation-system.jpg\" alt=\"syst\u00e8me d&#039;irrigation \u00e0 bobine\" class=\"wp-image-8700\" srcset=\"https:\/\/www.agriculture-machine.com\/wp-content\/uploads\/2020\/09\/reel-irrigation-system.jpg 720w, https:\/\/www.agriculture-machine.com\/wp-content\/uploads\/2020\/09\/reel-irrigation-system-360x270.jpg 360w, https:\/\/www.agriculture-machine.com\/wp-content\/uploads\/2020\/09\/reel-irrigation-system-240x180.jpg 240w\" sizes=\"auto, (max-width: 720px) 100vw, 720px\" \/><figcaption class=\"wp-element-caption\">syst\u00e8me d'irrigation \u00e0 bobine<\/figcaption><\/figure>    <p class=\"translation-block\">En plus des fonctions g\u00e9n\u00e9rales d'un asperseur \u00e0 bobine, le <strong>asperseur \u00e0 cadre horizontal<\/strong> poss\u00e8de les caract\u00e9ristiques suivantes : faible pression de fonctionnement, \u00e9conomie d'\u00e9nergie, multiples buses, petites gouttelettes d'eau, et haute uniformit\u00e9 de distribution de l'eau. L'impact sur les cultures et le sol est faible, et il est moins affect\u00e9 par le vent. Il peut \u00eatre install\u00e9 et d\u00e9mont\u00e9 sur site.<\/p>    <figure class=\"wp-block-embed is-type-video is-provider-youtube wp-block-embed-youtube wp-embed-aspect-16-9 wp-has-aspect-ratio\"><div class=\"wp-block-embed__wrapper\"> <iframe loading=\"lazy\" title=\"aspersion \u00e0 cadre horizontal\/machine d&#039;aspersion \u00e0 bobine\/syst\u00e8me d&#039;irrigation\" width=\"500\" height=\"281\" src=\"https:\/\/www.youtube.com\/embed\/_rTfLXyjg-0?feature=oembed\" frameborder=\"0\" allow=\"accelerometer; autoplay; clipboard-write; encrypted-media; gyroscope; picture-in-picture; web-share\" referrerpolicy=\"strict-origin-when-cross-origin\" allowfullscreen><\/iframe> <\/div><\/figure>    <p class=\"translation-block\">Parmi les machines d'irrigation par aspersion mentionn\u00e9es ci-dessus  , les mod\u00e8les \u00e0 pouss\u00e9e manuelle et \u00e0 levage manuel sont de petites unit\u00e9s. En raison de leur structure simple, de leur petite taille, de leur utilisation flexible et de leur prix bas, ils sont les mod\u00e8les les plus utilis\u00e9s dans le domaine de l'irrigation par aspersion dans divers pays. Avec le d\u00e9veloppement de la production agricole intensive, il est n\u00e9cessaire d'am\u00e9liorer l'efficacit\u00e9 du travail, et diverses asperseurs de grande et moyenne taille auront de vastes perspectives d'application.<\/p>    <h2 class=\"wp-block-heading\">Application du syst\u00e8me d'irrigation<\/h2>    <p>Diff\u00e9rents types de machines d'irrigation par aspersion peuvent \u00eatre appliqu\u00e9s \u00e0 l'irrigation de cultures grandes, moyennes et petites, asperseur de jardin, (asperseur de pelouse), verdissement urbain, fruits et l\u00e9gumes, plantation de th\u00e9, p\u00e2turage, tabac, canne \u00e0 sucre, centrales \u00e9lectriques, quais, chantiers de construction, mines de charbon, pr\u00e9vention de la poussi\u00e8re dans les centrales \u00e9lectriques, et autres domaines.<\/p>    <h2 class=\"wp-block-heading\">Let&#8217;s Know about the More Reel Sprinkler System<\/h2>    <p>Les mod\u00e8les de machines d'irrigation par aspersion \u00e0 bobine sont complets, nous disposons d'une grande machine d'aspersion \u00e0 bobine, d'une machine d'aspersion \u00e0 bobine moyenne, d'une machine d'aspersion \u00e0 bobine l\u00e9g\u00e8re, d'une mini machine d'aspersion \u00e0 bobine, etc. De plus, nous personnaliserons selon les besoins du client.<\/p>    <figure class=\"wp-block-image alignnone size-full wp-image-7678\"><img loading=\"lazy\" decoding=\"async\" width=\"720\" height=\"540\" src=\"https:\/\/www.agriculture-machine.com\/wp-content\/uploads\/2020\/09\/All-Kinds-of-Sprinkler.jpg\" alt=\"Toutes sortes d&#039;aspersions\" class=\"wp-image-7678\" srcset=\"https:\/\/www.agriculture-machine.com\/wp-content\/uploads\/2020\/09\/All-Kinds-of-Sprinkler.jpg 720w, https:\/\/www.agriculture-machine.com\/wp-content\/uploads\/2020\/09\/All-Kinds-of-Sprinkler-360x270.jpg 360w, https:\/\/www.agriculture-machine.com\/wp-content\/uploads\/2020\/09\/All-Kinds-of-Sprinkler-240x180.jpg 240w\" sizes=\"auto, (max-width: 720px) 100vw, 720px\" \/><figcaption class=\"wp-element-caption\">Toutes sortes d'aspersions<\/figcaption><\/figure>    <h3 class=\"wp-block-heading\">Mode de conduite<\/h3>    <p>Transmission par turbine \u00e0 eau, transmission hydraulique, transmission \u00e9lectrique, transmission par moteur \u00e0 combustion interne.<\/p>    <figure class=\"wp-block-image alignnone size-full wp-image-7682\"><img loading=\"lazy\" decoding=\"async\" width=\"720\" height=\"540\" src=\"https:\/\/www.agriculture-machine.com\/wp-content\/uploads\/2020\/09\/Water-Turbine-and-Gearbox.jpg\" alt=\"Turbine \u00e0 eau et bo\u00eete de vitesses\" class=\"wp-image-7682\" srcset=\"https:\/\/www.agriculture-machine.com\/wp-content\/uploads\/2020\/09\/Water-Turbine-and-Gearbox.jpg 720w, https:\/\/www.agriculture-machine.com\/wp-content\/uploads\/2020\/09\/Water-Turbine-and-Gearbox-360x270.jpg 360w, https:\/\/www.agriculture-machine.com\/wp-content\/uploads\/2020\/09\/Water-Turbine-and-Gearbox-240x180.jpg 240w\" sizes=\"auto, (max-width: 720px) 100vw, 720px\" \/><figcaption class=\"wp-element-caption\">Turbine \u00e0 eau et bo\u00eete de vitesses<\/figcaption><\/figure>    <h3 class=\"wp-block-heading\">M\u00e9thode de pulv\u00e9risation<\/h3>    <p>Pulv\u00e9risation \u00e0 canon unique, pulv\u00e9risation \u00e0 double canon, pulv\u00e9risation par flamme.<\/p>    <figure class=\"wp-block-image alignnone size-full wp-image-7683\"><img loading=\"lazy\" decoding=\"async\" width=\"2560\" height=\"1920\" src=\"https:\/\/www.agriculture-machine.com\/wp-content\/uploads\/2020\/09\/gun-spray.png\" alt=\"pulv\u00e9risation \u00e0 canon\" class=\"wp-image-7683\" srcset=\"https:\/\/www.agriculture-machine.com\/wp-content\/uploads\/2020\/09\/gun-spray.png 2560w, https:\/\/www.agriculture-machine.com\/wp-content\/uploads\/2020\/09\/gun-spray-360x270.png 360w, https:\/\/www.agriculture-machine.com\/wp-content\/uploads\/2020\/09\/gun-spray-720x540.png 720w, https:\/\/www.agriculture-machine.com\/wp-content\/uploads\/2020\/09\/gun-spray-240x180.png 240w, https:\/\/www.agriculture-machine.com\/wp-content\/uploads\/2020\/09\/gun-spray-768x576.png 768w, https:\/\/www.agriculture-machine.com\/wp-content\/uploads\/2020\/09\/gun-spray-1536x1152.png 1536w, https:\/\/www.agriculture-machine.com\/wp-content\/uploads\/2020\/09\/gun-spray-2048x1536.png 2048w\" sizes=\"auto, (max-width: 2560px) 100vw, 2560px\" \/><figcaption class=\"wp-element-caption\">pulv\u00e9risation \u00e0 canon<\/figcaption><\/figure>    <h3 class=\"wp-block-heading\">Configuration des pi\u00e8ces<\/h3>    <p class=\"translation-block\"><strong>tuyau d'aspersion :<\/strong> il adopte un mat\u00e9riau de tuyau HDPE \u00e9cologique et sain et un mat\u00e9riau de r\u00e9sine de poly\u00e9thyl\u00e8ne. Le produit poss\u00e8de une bonne soudabilit\u00e9 et une r\u00e9sistance \u00e0 la fissuration par stress environnemental. Ses performances ont atteint les normes internationales.<\/p>    <figure class=\"wp-block-image alignnone wp-image-7680 size-full\"><img loading=\"lazy\" decoding=\"async\" width=\"720\" height=\"540\" src=\"https:\/\/www.agriculture-machine.com\/wp-content\/uploads\/2020\/09\/Water-Pipe.jpg\" alt=\"tuyau d&#039;aspersion\" class=\"wp-image-7680\" srcset=\"https:\/\/www.agriculture-machine.com\/wp-content\/uploads\/2020\/09\/Water-Pipe.jpg 720w, https:\/\/www.agriculture-machine.com\/wp-content\/uploads\/2020\/09\/Water-Pipe-360x270.jpg 360w, https:\/\/www.agriculture-machine.com\/wp-content\/uploads\/2020\/09\/Water-Pipe-240x180.jpg 240w\" sizes=\"auto, (max-width: 720px) 100vw, 720px\" \/><figcaption class=\"wp-element-caption\">tuyau d'aspersion<\/figcaption><\/figure>    <p class=\"translation-block\"><strong>S\u00e9rie de groupes \u00e9lectrog\u00e8nes :<\/strong> Le groupe \u00e9lectrog\u00e8ne diesel se compose de moteurs diesel et de g\u00e9n\u00e9rateurs. Qualit\u00e9 fiable, facile \u00e0 utiliser, et facile \u00e0 entretenir. Il existe jusqu'\u00e0 20 types de groupes \u00e9lectrog\u00e8nes, qui r\u00e9pondront s\u00fbrement \u00e0 vos besoins.<\/p>    <figure class=\"wp-block-image alignnone wp-image-7679 size-full\"><img loading=\"lazy\" decoding=\"async\" width=\"720\" height=\"540\" src=\"https:\/\/www.agriculture-machine.com\/wp-content\/uploads\/2020\/09\/diesel-engine.jpg\" alt=\"s\u00e9rie de groupes \u00e9lectrog\u00e8nes\" class=\"wp-image-7679\" srcset=\"https:\/\/www.agriculture-machine.com\/wp-content\/uploads\/2020\/09\/diesel-engine.jpg 720w, https:\/\/www.agriculture-machine.com\/wp-content\/uploads\/2020\/09\/diesel-engine-360x270.jpg 360w, https:\/\/www.agriculture-machine.com\/wp-content\/uploads\/2020\/09\/diesel-engine-240x180.jpg 240w\" sizes=\"auto, (max-width: 720px) 100vw, 720px\" \/><figcaption class=\"wp-element-caption\">s\u00e9rie de groupes \u00e9lectrog\u00e8nes<\/figcaption><\/figure>    <p class=\"translation-block\"><strong>S\u00e9rie de pompes submersibles :<\/strong> La pompe submersible est un type d'\u00e9quipement de levage d'eau dans lequel un moteur vertical et une pompe \u00e0 eau sont directement connect\u00e9s. Elle est enti\u00e8rement immerg\u00e9e dans l'eau lors de son fonctionnement, et son mode de fonctionnement est en continu. La pompe \u00e0 eau est de petite taille, l\u00e9g\u00e8re, simple et compacte dans sa structure. Elle est facile \u00e0 installer et \u00e0 utiliser, et poss\u00e8de une forte adaptabilit\u00e9. C'est un produit \u00e9conome en \u00e9nergie, \u00e0 haute efficacit\u00e9, et plus avanc\u00e9 avec des indicateurs de performance avanc\u00e9s. Nous pouvons \u00e9galement personnaliser la pompe submersible selon le diam\u00e8tre de votre sortie d'eau.<\/p>    <figure class=\"wp-block-image alignnone size-full wp-image-7681\"><img loading=\"lazy\" decoding=\"async\" width=\"720\" height=\"540\" src=\"https:\/\/www.agriculture-machine.com\/wp-content\/uploads\/2020\/09\/submersible-pump.jpg\" alt=\"pompe submersible\" class=\"wp-image-7681\" srcset=\"https:\/\/www.agriculture-machine.com\/wp-content\/uploads\/2020\/09\/submersible-pump.jpg 720w, https:\/\/www.agriculture-machine.com\/wp-content\/uploads\/2020\/09\/submersible-pump-360x270.jpg 360w, https:\/\/www.agriculture-machine.com\/wp-content\/uploads\/2020\/09\/submersible-pump-240x180.jpg 240w\" sizes=\"auto, (max-width: 720px) 100vw, 720px\" \/><figcaption class=\"wp-element-caption\">pompe submersible<\/figcaption><\/figure>    <p class=\"translation-block\"><strong>vanne d'aspersion<\/strong><\/p>    <figure class=\"wp-block-image alignnone size-full wp-image-7684\"><img loading=\"lazy\" decoding=\"async\" width=\"380\" height=\"380\" src=\"https:\/\/www.agriculture-machine.com\/wp-content\/uploads\/2020\/09\/sprinkler-valve.jpg\" alt=\"vanne d&#039;aspersion\" class=\"wp-image-7684\" srcset=\"https:\/\/www.agriculture-machine.com\/wp-content\/uploads\/2020\/09\/sprinkler-valve.jpg 380w, https:\/\/www.agriculture-machine.com\/wp-content\/uploads\/2020\/09\/sprinkler-valve-270x270.jpg 270w\" sizes=\"auto, (max-width: 380px) 100vw, 380px\" \/><figcaption class=\"wp-element-caption\">vanne d'aspersion<\/figcaption><\/figure>    <h3 class=\"wp-block-heading\"><a href=\"https:\/\/www.agriculture-machine.com\/fr\/reel-sprinkler-irrigation-makes-crops-grow-greener\/\">Quels sont les avantages de l'aspersion \u00e0 bobine<\/a><\/h3>    <p class=\"translation-block\"><strong>\u00c9conomie d'eau :<\/strong> L'irrigation par aspersion peut contr\u00f4ler la quantit\u00e9 d'eau pulv\u00e9ris\u00e9e et l'uniformit\u00e9 de l'eau d'irrigation, \u00e9vitant ainsi le ruissellement au sol et les pertes par fuite profonde.<\/p>    <p class=\"translation-block\"><strong>Augmentation de la production :<\/strong> L'irrigation par aspersion peut utiliser une petite quantit\u00e9 d'eau pour une irrigation superficielle des cultures, ce qui facilite un contr\u00f4le strict de l'humidit\u00e9 du sol pour ameublir le sol. Elle produira de nombreux espaces, aura de bonnes conditions d'a\u00e9ration, et favorisera la d\u00e9composition des nutriments.<\/p>    <p class=\"translation-block\"><strong>\u00c9conomie de main-d'\u0153uvre :<\/strong> L'irrigation par aspersion \u00e9limine les canaux d'acheminement de l'eau dans le champ et r\u00e9duit la croissance des mauvaises herbes. Elle permet d'\u00e9conomiser beaucoup de travail lors de l'application d'engrais chimiques et de pesticides.<\/p>    <h3 class=\"wp-block-heading\"><a href=\"https:\/\/www.agriculture-machine.com\/fr\/reel-sprinkler-irrigation-machine-and-mobile-sprinkler-irrigation\/\">Application de l'aspersion \u00e0 bobine<\/a><\/h3>    <p>Les petits asperseurs \u00e0 bobine conviennent \u00e0 l'irrigation des p\u00e2turages, des terres agricoles, des parcs, des terrains de sport, des pelouses urbaines, ainsi qu'au d\u00e9poussi\u00e9rage des usines et des mines, et des quais.<\/p>    <h4 class=\"wp-block-heading\">Alimentation de support<\/h4>    <p>La puissance peut choisir une pompe \u00e9lectrique submersible, une pompe \u00e9lectrique centrifuge, ou une unit\u00e9 de pompe \u00e0 eau diesel.<\/p>    <h3 class=\"wp-block-heading\">Affichage des d\u00e9tails de la machine d'irrigation par aspersion<\/h3>    <figure class=\"wp-block-image alignnone size-full wp-image-7706\"><img loading=\"lazy\" decoding=\"async\" width=\"720\" height=\"540\" src=\"https:\/\/www.agriculture-machine.com\/wp-content\/uploads\/2020\/09\/\u672a\u6807\u9898-1.jpg\" alt=\"Machine d&#039;irrigation et de drainage\" class=\"wp-image-7706\" srcset=\"https:\/\/www.agriculture-machine.com\/wp-content\/uploads\/2020\/09\/\u672a\u6807\u9898-1.jpg 720w, https:\/\/www.agriculture-machine.com\/wp-content\/uploads\/2020\/09\/\u672a\u6807\u9898-1-360x270.jpg 360w, https:\/\/www.agriculture-machine.com\/wp-content\/uploads\/2020\/09\/\u672a\u6807\u9898-1-240x180.jpg 240w\" sizes=\"auto, (max-width: 720px) 100vw, 720px\" \/><figcaption class=\"wp-element-caption\">Machine d'irrigation et de drainage<\/figcaption><\/figure>    <ol class=\"wp-block-list\"> <li>Aspersion \u00e0 bobine 2. Plaque dentaire 3. Tuyau PE 4. Cha\u00eene de transmission de la bobine 5. Support avant 6. Ch\u00e2ssis 7. Goupille de positionnement du support tournant 8. Support tournant 9. Essieu de roue 10. Tuyau d'entr\u00e9e 13. Support d'\u00e9quilibre 15. Barre de remorquage 19. Tige d'induction<\/li> <\/ol>    <h2 class=\"wp-block-heading\">Quelle est la diff\u00e9rence entre l'irrigation par aspersion et l'irrigation goutte-\u00e0-goutte<\/h2>    <p class=\"translation-block\"><strong>L'irrigation par aspersion<\/strong> est une m\u00e9thode d'irrigation qui utilise une pompe pour pressuriser l'eau d'irrigation dans l'air via un asperseur. Ensuite, elle la disperse en fines gouttelettes. Enfin, elle les d\u00e9pose uniform\u00e9ment comme la pluie pour compenser le manque d'humidit\u00e9 du sol.<\/p>    <p>L'irrigation par aspersion pr\u00e9sente les avantages d'\u00e9conomie d'eau, d'\u00e9conomie de main-d'\u0153uvre, d'augmentation du rendement des cultures, d'une forte adaptabilit\u00e9 au terrain et \u00e0 la qualit\u00e9 du sol, et de la capacit\u00e9 \u00e0 maintenir l'eau et le sol. Elle est largement utilis\u00e9e pour irriguer des cultures telles que les l\u00e9gumes, les pelouses et le bl\u00e9.<\/p>    <figure class=\"wp-block-image alignnone size-full wp-image-7709\"><img loading=\"lazy\" decoding=\"async\" width=\"720\" height=\"540\" src=\"https:\/\/www.agriculture-machine.com\/wp-content\/uploads\/2020\/09\/12.jpg\" alt=\"asperseur\" class=\"wp-image-7709\" srcset=\"https:\/\/www.agriculture-machine.com\/wp-content\/uploads\/2020\/09\/12.jpg 720w, https:\/\/www.agriculture-machine.com\/wp-content\/uploads\/2020\/09\/12-360x270.jpg 360w, https:\/\/www.agriculture-machine.com\/wp-content\/uploads\/2020\/09\/12-240x180.jpg 240w\" sizes=\"auto, (max-width: 720px) 100vw, 720px\" \/><figcaption class=\"wp-element-caption\">asperseur<\/figcaption><\/figure>    <p>Irrigation goutte-\u00e0-goutte est l'utilisation de tuyaux en plastique pour acheminer l'eau aux racines des cultures pour une irrigation locale. L'irrigation goutte-\u00e0-goutte est largement utilis\u00e9e dans les serres, les cultures en plein champ. Particuli\u00e8rement adapt\u00e9e aux l\u00e9gumes, fruits, fleurs, p\u00e9pini\u00e8res, am\u00e9nagement paysager, et autres cultures. L'irrigation goutte-\u00e0-goutte est tr\u00e8s adapt\u00e9e aux serres dans les zones o\u00f9 les ressources en eau et la main-d'\u0153uvre sont relativement rares, \u00e0 l'irrigation des cultures en plein champ, \u00e0 l'irrigation des arbres fruitiers dans les jardins, et autres situations.<\/p>    <figure class=\"wp-block-image alignnone size-full wp-image-7711\"><img loading=\"lazy\" decoding=\"async\" width=\"720\" height=\"540\" src=\"https:\/\/www.agriculture-machine.com\/wp-content\/uploads\/2020\/09\/24.jpg\" alt=\"Irrigation goutte-\u00e0-goutte\" class=\"wp-image-7711\" srcset=\"https:\/\/www.agriculture-machine.com\/wp-content\/uploads\/2020\/09\/24.jpg 720w, https:\/\/www.agriculture-machine.com\/wp-content\/uploads\/2020\/09\/24-360x270.jpg 360w, https:\/\/www.agriculture-machine.com\/wp-content\/uploads\/2020\/09\/24-240x180.jpg 240w\" sizes=\"auto, (max-width: 720px) 100vw, 720px\" \/><figcaption class=\"wp-element-caption\">Irrigation goutte-\u00e0-goutte<\/figcaption><\/figure>","protected":false},"excerpt":{"rendered":"<p>Sprinkler irrigation machine refers to the equipment used to spray irrigation water. The whole sprinkler system generally includes a water pump unit, pipeline, sprinkler, and walking frame. The sprinkler irrigation equipment sprays water with a certain pressure into the air through a special machine and equipment from the nozzle and then disperses into fine droplets, [&hellip;]<\/p>\n","protected":false},"author":1,"featured_media":7717,"parent":0,"comment_status":"closed","ping_status":"closed","template":"","tags":[811],"product-type":[880],"class_list":["post-7676","product","type-product","status-publish","has-post-thumbnail","hentry","tag-irrigator","product-type-irrigation-system"],"_links":{"self":[{"href":"https:\/\/www.agriculture-machine.com\/fr\/wp-json\/wp\/v2\/product\/7676","targetHints":{"allow":["GET"]}}],"collection":[{"href":"https:\/\/www.agriculture-machine.com\/fr\/wp-json\/wp\/v2\/product"}],"about":[{"href":"https:\/\/www.agriculture-machine.com\/fr\/wp-json\/wp\/v2\/types\/product"}],"author":[{"embeddable":true,"href":"https:\/\/www.agriculture-machine.com\/fr\/wp-json\/wp\/v2\/users\/1"}],"replies":[{"embeddable":true,"href":"https:\/\/www.agriculture-machine.com\/fr\/wp-json\/wp\/v2\/comments?post=7676"}],"wp:featuredmedia":[{"embeddable":true,"href":"https:\/\/www.agriculture-machine.com\/fr\/wp-json\/wp\/v2\/media\/7717"}],"wp:attachment":[{"href":"https:\/\/www.agriculture-machine.com\/fr\/wp-json\/wp\/v2\/media?parent=7676"}],"wp:term":[{"taxonomy":"post_tag","embeddable":true,"href":"https:\/\/www.agriculture-machine.com\/fr\/wp-json\/wp\/v2\/tags?post=7676"},{"taxonomy":"product-type","embeddable":true,"href":"https:\/\/www.agriculture-machine.com\/fr\/wp-json\/wp\/v2\/product-type?post=7676"}],"curies":[{"name":"wp","href":"https:\/\/api.w.org\/{rel}","templated":true}]}}