{"id":7987,"date":"2020-11-06T16:25:30","date_gmt":"2020-11-06T08:25:30","guid":{"rendered":"https:\/\/www.agriculture-machine.com\/?p=7987"},"modified":"2025-04-14T16:45:48","modified_gmt":"2025-04-14T08:45:48","slug":"rice-nursery-seedling-machine","status":"publish","type":"product","link":"https:\/\/www.agriculture-machine.com\/fr\/rice-nursery-seedling-machine\/","title":{"rendered":"Machine automatique de semis de jeunes plants de riz, \u00e9quipement de semis pour rizi\u00e8res"},"content":{"rendered":"<p>La machine automatique de semis de jeunes plants de riz int\u00e8gre la r\u00e9partition automatique du sol, le semis, l'irrigation par aspersion, la couverture de terre, etc. Elle peut r\u00e9aliser toutes les op\u00e9rations de semis en une seule fois. L'utilisation de ce semoir \u00e0 jeunes plants de riz am\u00e9liore grandement la pr\u00e9cision du semis en petites quantit\u00e9s. Elle permet d'\u00e9conomiser 20 % du taux de semis \u00e0 vide par rapport au semis manuel.<\/p>    <p>En m\u00eame temps, la machine a un bon effet de semis, augmentant la production et \u00e9conomisant les co\u00fbts. La ligne de plantation par culture de disque a les caract\u00e9ristiques d'\u00eatre fine, nette et robuste. La machine peut utiliser \u00e0 la fois des disques en plastique dur et des disques souples, avec une efficacit\u00e9 de plus de 900 disques par heure.<\/p>    <figure class=\"wp-block-embed aligncenter is-type-video is-provider-youtube wp-block-embed-youtube wp-embed-aspect-16-9 wp-has-aspect-ratio\"><div class=\"wp-block-embed__wrapper\"> <iframe loading=\"lazy\" title=\"Machine automatique de semis pour jeunes plants de riz \/ Ligne de production compl\u00e8te \u00e0 prix bas \/ Machine \u00e0 jeunes plants de riz \/\" width=\"500\" height=\"281\" src=\"https:\/\/www.youtube.com\/embed\/XYGRaffTC6I?feature=oembed\" frameborder=\"0\" allow=\"accelerometer; autoplay; clipboard-write; encrypted-media; gyroscope; picture-in-picture; web-share\" referrerpolicy=\"strict-origin-when-cross-origin\" allowfullscreen><\/iframe> <\/div><figcaption class=\"wp-element-caption\">Vid\u00e9o du principe de fonctionnement de la machine \u00e0 jeunes plants de riz<\/figcaption><\/figure>    <p class=\"translation-block\">Le semeur \u00e0 spirale r\u00e9pond aux besoins de semis pr\u00e9cis. Il peut r\u00e9aliser le nombre de graines ajustable et am\u00e9liorer l'uniformit\u00e9. Ce semeur \u00e0 riz utilise les champs techniques cl\u00e9s de l'industrie de la transplantation pour <a href=\"https:\/\/www.agriculture-machine.com\/fr\/the-advantages-of-rice-nursery-seedlings-and-rice-transplanting\/\">am\u00e9liorer la technologie automatique<\/a>.<\/p>    <figure class=\"wp-block-image aligncenter size-full\"><img loading=\"lazy\" decoding=\"async\" width=\"720\" height=\"540\" src=\"https:\/\/www.agriculture-machine.com\/wp-content\/uploads\/2022\/05\/Rice-Nursery-Seedling-Machine-.jpg\" alt=\"Machine \u00e0 jeunes plants de riz\" class=\"wp-image-13579\" title=\"Machine \u00e0 jeunes plants de riz\" srcset=\"https:\/\/www.agriculture-machine.com\/wp-content\/uploads\/2022\/05\/Rice-Nursery-Seedling-Machine-.jpg 720w, https:\/\/www.agriculture-machine.com\/wp-content\/uploads\/2022\/05\/Rice-Nursery-Seedling-Machine--360x270.jpg 360w, https:\/\/www.agriculture-machine.com\/wp-content\/uploads\/2022\/05\/Rice-Nursery-Seedling-Machine--240x180.jpg 240w\" sizes=\"auto, (max-width: 720px) 100vw, 720px\" \/><figcaption class=\"wp-element-caption\">Machine \u00e0 jeunes plants de riz<\/figcaption><\/figure>    <h2 class=\"wp-block-heading\" id=\"h-the-structure-of-the-rice-seedling-machine\">Structure de la machine \u00e0 jeunes plants de riz<\/h2>    <p>La machine compl\u00e8te de culture de jeunes plants de riz peut inclure un dispositif de plateau de semis suspendu, un dispositif de couverture de la plaque de semis, une brosse rotative pour le lit de semis, un r\u00e9glage de pulv\u00e9risation, un entonnoir \u00e0 semis, un entonnoir auxiliaire pour la couverture de la terre, une brosse pour enlever la terre, une machine de collecte de plaques, etc.<\/p>    <figure class=\"wp-block-image aligncenter size-full\"><img loading=\"lazy\" decoding=\"async\" width=\"720\" height=\"540\" src=\"https:\/\/www.agriculture-machine.com\/wp-content\/uploads\/2022\/05\/rice-seedling-machine-.jpg\" alt=\"structure de la machine \u00e0 jeunes plants de riz \" class=\"wp-image-13581\" title=\"structure de la machine \u00e0 jeunes plants de riz \" srcset=\"https:\/\/www.agriculture-machine.com\/wp-content\/uploads\/2022\/05\/rice-seedling-machine-.jpg 720w, https:\/\/www.agriculture-machine.com\/wp-content\/uploads\/2022\/05\/rice-seedling-machine--360x270.jpg 360w, https:\/\/www.agriculture-machine.com\/wp-content\/uploads\/2022\/05\/rice-seedling-machine--240x180.jpg 240w\" sizes=\"auto, (max-width: 720px) 100vw, 720px\" \/><figcaption class=\"wp-element-caption\">structure de la machine \u00e0 jeunes plants de riz <\/figcaption><\/figure>    <h2 class=\"wp-block-heading\">Param\u00e8tres techniques de la machine \u00e0 semis de riz<\/h2>    <figure class=\"wp-block-table is-style-stripes\"><table><tbody><tr><td>Mod\u00e8le<strong><\/strong><\/td><td>TZY-280A<strong><\/strong><\/td><\/tr><tr><td>Taille<\/td><td>6830*460*1020mm<strong><\/strong><\/td><\/tr><tr><td>Poids<\/td><td>190kg<strong><\/strong><\/td><\/tr><tr><td>Puissance<\/td><td>240W pour la livraison<br>120W pour le semis<\/td><\/tr><tr><td>Entonnoir auxiliaire pour le lit de semis<\/td><td>45L<strong><\/strong><\/td><\/tr><tr><td>Entonnoir \u00e0 semis<\/td><td>30L<strong><\/strong><\/td><\/tr><tr><td>Quantit\u00e9 de semis pour le riz hybride<\/td><td>95-304,5g\/plateau<\/td><\/tr><tr><td>Capacit\u00e9<\/td><td>969-1017plateaux\/heure<\/td><\/tr><tr><td>\u00c9paisseur du sous-sol<\/td><td>18-25mm<\/td><\/tr><tr><td>\u00c9paisseur du sol de surface<\/td><td>3-9mm<\/td><\/tr><\/tbody><\/table><figcaption class=\"wp-element-caption\">Param\u00e8tres de la machine \u00e0 semis de jeunes plants de riz<\/figcaption><\/figure>    <h2 class=\"wp-block-heading\" id=\"h-tips-and-attention-when-use-rice-seedling-machine\">Conseils et pr\u00e9cautions lors de l'utilisation d'une machine \u00e0 semer le riz<\/h2>    <h3 class=\"wp-block-heading\" id=\"h-tips\">Conseils<\/h3>    <ol class=\"wp-block-list\"> <li>Sol de lit de semis : choisissez un sol de jardinage, un sol sec m\u00fbr ou un sol de rizi\u00e8re pour le sol de lit de semis. \u00c9crasez et tamisez le sol. Ajoutez ensuite un engrais bact\u00e9rien biologique ou un engrais sp\u00e9cial riz.<\/li>    <li>Grain de riz : choisissez des vari\u00e9t\u00e9s de haute qualit\u00e9, \u00e0 haut rendement et r\u00e9sistantes au stress, adapt\u00e9es \u00e0 la culture locale en tant que jeunes plants. Avant la transplantation, faites s\u00e9cher les graines pendant 1 jour, puis trempez-les dans un m\u00e9dicament pendant 72 heures pour d\u00e9sinfecter les graines et tuer les germes.<\/li>    <li>Pr\u00e9paration du lit de semis : choisissez des champs de semis faciles \u00e0 irriguer, drainer et transporter, et faciles \u00e0 g\u00e9rer. Bien s\u00fbr, vous pouvez \u00e9galement choisir d'utiliser le cadre de lit de semis, qui dispose d'un syst\u00e8me de pulv\u00e9risation d'eau, ce qui est plus pratique.<\/li>    <li>Faites attention \u00e0 la quantit\u00e9 de semis : en g\u00e9n\u00e9ral, un plateau de jeunes plants utilise une seule tasse en papier de semis. Le semis doit \u00eatre pr\u00e9cis, uniforme, pas lourd, et sans fuite. La machine automatique de semis peut r\u00e9aliser un semis pr\u00e9cis.<\/li> <\/ol>    <figure class=\"wp-block-gallery has-nested-images columns-default is-cropped wp-block-gallery-2 is-layout-flex wp-block-gallery-is-layout-flex\"> <figure class=\"wp-block-image size-large\"><img loading=\"lazy\" decoding=\"async\" width=\"720\" height=\"540\" data-id=\"13582\" src=\"https:\/\/www.agriculture-machine.com\/wp-content\/uploads\/2022\/05\/Rice-Nursery-Sowing-Machine-.jpg\" alt=\"Machine \u00e0 semis pour jeunes plants de riz\" class=\"wp-image-13582\" title=\"Machine \u00e0 semis pour jeunes plants de riz\" srcset=\"https:\/\/www.agriculture-machine.com\/wp-content\/uploads\/2022\/05\/Rice-Nursery-Sowing-Machine-.jpg 720w, https:\/\/www.agriculture-machine.com\/wp-content\/uploads\/2022\/05\/Rice-Nursery-Sowing-Machine--360x270.jpg 360w, https:\/\/www.agriculture-machine.com\/wp-content\/uploads\/2022\/05\/Rice-Nursery-Sowing-Machine--240x180.jpg 240w\" sizes=\"auto, (max-width: 720px) 100vw, 720px\" \/><figcaption class=\"wp-element-caption\">Machine \u00e0 semis pour jeunes plants de riz<\/figcaption><\/figure>    <figure class=\"wp-block-image size-large\"><img loading=\"lazy\" decoding=\"async\" width=\"720\" height=\"540\" data-id=\"13583\" src=\"https:\/\/www.agriculture-machine.com\/wp-content\/uploads\/2022\/05\/factory-.jpg\" alt=\"usine\" class=\"wp-image-13583\" title=\"usine\" srcset=\"https:\/\/www.agriculture-machine.com\/wp-content\/uploads\/2022\/05\/factory-.jpg 720w, https:\/\/www.agriculture-machine.com\/wp-content\/uploads\/2022\/05\/factory--360x270.jpg 360w, https:\/\/www.agriculture-machine.com\/wp-content\/uploads\/2022\/05\/factory--240x180.jpg 240w\" sizes=\"auto, (max-width: 720px) 100vw, 720px\" \/><figcaption class=\"wp-element-caption\">usine<\/figcaption><\/figure> <\/figure>    <h3 class=\"wp-block-heading\" id=\"h-attentions\">Attention<\/h3>    <ol class=\"wp-block-list\"> <li>Lors de la couverture du sol, faites attention \u00e0 l'\u00e9paisseur de la terre de couverture, g\u00e9n\u00e9ralement environ 0,3 cm-0,5 cm, et il est pr\u00e9f\u00e9rable de ne pas voir les graines de riz.<\/li>    <li>Pr\u00eatez attention \u00e0 la conservation de la chaleur et \u00e0 l'humidification pendant la p\u00e9riode d'\u00e9mergence des jeunes plants. En g\u00e9n\u00e9ral, il faut contr\u00f4ler la temp\u00e9rature \u00e0 30\u00b0C. Et lorsque cela d\u00e9passe 35\u00b0C, ventilez et refroidissez. Maintenez l'humidit\u00e9 au-dessus de 80 %, et \u00e9vacuez l'eau en cas de fortes pluies pour \u00e9viter l'accumulation d'eau dans le lit de semis.<\/li>    <li>Gestion de l'engrais et de l'eau. Faites attention \u00e0 l'humidit\u00e9 d'abord, puis au sec. Avant que les jeunes plants n'aient que trois feuilles, le sol ou le sol de la lit de semis doit \u00eatre humide. Contr\u00f4lez l'eau avant la transplantation pour favoriser des racines saines. Appliquez l'engrais en temps voulu selon la situation des jeunes plants. Lors de la fertilisation, arrosez pour \u00e9viter l'application directe d'engrais sec.<\/li>    <li>La pr\u00e9vention est la premi\u00e8re \u00e9tape et combine pr\u00e9vention et contr\u00f4le. En m\u00eame temps, retirez fr\u00e9quemment les mauvaises plantes et les mauvaises herbes pour assurer la puret\u00e9.<\/li> <\/ol>    <h2 class=\"wp-block-heading\">Machine \u00e0 jeunes plants de riz mod\u00e8le \u00e9conomique 2BZP-800<\/h2>    <p>Dans le cas de l'\u00e9quipement traditionnel de nurserie de riz, g\u00e9n\u00e9ralement caract\u00e9ris\u00e9 par un prix \u00e9lev\u00e9 et une op\u00e9ration compliqu\u00e9e, la machine \u00e0 jeunes plants de riz 2BZP-800 offre une solution \u00e9conomique et pratique pour les petits et moyens agriculteurs avec le c\u0153ur de \u00ab investissement l\u00e9ger et rendement \u00e9lev\u00e9 \u00bb. Voici les principaux avantages.<\/p>    <figure class=\"wp-block-gallery has-nested-images columns-2 is-cropped wp-block-gallery-3 is-layout-flex wp-block-gallery-is-layout-flex\"> <figure class=\"wp-block-image size-large\"><img loading=\"lazy\" decoding=\"async\" width=\"720\" height=\"540\" data-id=\"16948\" src=\"https:\/\/www.agriculture-machine.com\/wp-content\/uploads\/2020\/11\/rice-nursery-preparation.webp\" alt=\"Pr\u00e9paration de la nurserie de riz\" class=\"wp-image-16948\" srcset=\"https:\/\/www.agriculture-machine.com\/wp-content\/uploads\/2020\/11\/rice-nursery-preparation.webp 720w, https:\/\/www.agriculture-machine.com\/wp-content\/uploads\/2020\/11\/rice-nursery-preparation-360x270.webp 360w, https:\/\/www.agriculture-machine.com\/wp-content\/uploads\/2020\/11\/rice-nursery-preparation-240x180.webp 240w, https:\/\/www.agriculture-machine.com\/wp-content\/uploads\/2020\/11\/rice-nursery-preparation-16x12.webp 16w\" sizes=\"auto, (max-width: 720px) 100vw, 720px\" \/><figcaption class=\"wp-element-caption\">Pr\u00e9paration de la nurserie de riz<\/figcaption><\/figure>    <figure class=\"wp-block-image size-large\"><img loading=\"lazy\" decoding=\"async\" width=\"720\" height=\"540\" data-id=\"16949\" src=\"https:\/\/www.agriculture-machine.com\/wp-content\/uploads\/2020\/11\/rice-planting-machine.webp\" alt=\"machine \u00e0 planter le riz\" class=\"wp-image-16949\" srcset=\"https:\/\/www.agriculture-machine.com\/wp-content\/uploads\/2020\/11\/rice-planting-machine.webp 720w, https:\/\/www.agriculture-machine.com\/wp-content\/uploads\/2020\/11\/rice-planting-machine-360x270.webp 360w, https:\/\/www.agriculture-machine.com\/wp-content\/uploads\/2020\/11\/rice-planting-machine-240x180.webp 240w, https:\/\/www.agriculture-machine.com\/wp-content\/uploads\/2020\/11\/rice-planting-machine-16x12.webp 16w\" sizes=\"auto, (max-width: 720px) 100vw, 720px\" \/><figcaption class=\"wp-element-caption\">machine \u00e0 planter le riz<\/figcaption><\/figure>    <figure class=\"wp-block-image size-large\"><img loading=\"lazy\" decoding=\"async\" width=\"720\" height=\"540\" data-id=\"16950\" src=\"https:\/\/www.agriculture-machine.com\/wp-content\/uploads\/2020\/11\/rice-seed-planter.webp\" alt=\"planter le riz\" class=\"wp-image-16950\" srcset=\"https:\/\/www.agriculture-machine.com\/wp-content\/uploads\/2020\/11\/rice-seed-planter.webp 720w, https:\/\/www.agriculture-machine.com\/wp-content\/uploads\/2020\/11\/rice-seed-planter-360x270.webp 360w, https:\/\/www.agriculture-machine.com\/wp-content\/uploads\/2020\/11\/rice-seed-planter-240x180.webp 240w, https:\/\/www.agriculture-machine.com\/wp-content\/uploads\/2020\/11\/rice-seed-planter-16x12.webp 16w\" sizes=\"auto, (max-width: 720px) 100vw, 720px\" \/><figcaption class=\"wp-element-caption\">planter le riz<\/figcaption><\/figure>    <figure class=\"wp-block-image size-large\"><img loading=\"lazy\" decoding=\"async\" width=\"720\" height=\"540\" data-id=\"16947\" src=\"https:\/\/www.agriculture-machine.com\/wp-content\/uploads\/2020\/11\/paddy-nursery-machine.webp\" alt=\"machine de culture de jeunes plants de riz\" class=\"wp-image-16947\" srcset=\"https:\/\/www.agriculture-machine.com\/wp-content\/uploads\/2020\/11\/paddy-nursery-machine.webp 720w, https:\/\/www.agriculture-machine.com\/wp-content\/uploads\/2020\/11\/paddy-nursery-machine-360x270.webp 360w, https:\/\/www.agriculture-machine.com\/wp-content\/uploads\/2020\/11\/paddy-nursery-machine-240x180.webp 240w, https:\/\/www.agriculture-machine.com\/wp-content\/uploads\/2020\/11\/paddy-nursery-machine-16x12.webp 16w\" sizes=\"auto, (max-width: 720px) 100vw, 720px\" \/><figcaption class=\"wp-element-caption\">machine de culture de jeunes plants de riz<\/figcaption><\/figure> <\/figure>    <ul class=\"wp-block-list\"> <li>Con\u00e7ue pour les petits et moyens agriculteurs, le prix n'est que de 60 % \u00e0 70 % de produits similaires. La pr\u00e9cision de semis est stable \u00e0 \u00b13 % de la norme de l'industrie, avec le semeur \u00e0 rouleau de rainure, pour garantir que la quantit\u00e9 de semences par plateau est pr\u00e9cis\u00e9ment contr\u00f4l\u00e9e \u00e0 50-150g (ajustable).<\/li>    <li>La machine enti\u00e8re ne mesure que 3450\u00d7500\u00d71010mm et p\u00e8se 124kg, s'adaptant facilement aux espaces \u00e9troits comme les serres et les champs.<\/li>    <li>\u00c9quip\u00e9e d'un \u00e9pandeur de sol de grande capacit\u00e9 de 35L et d'une bo\u00eete de paillage, la charge unique peut fonctionner en continu pour plus de 200 plateaux, ce qui r\u00e9duit le temps de recharge.<\/li>    <li>Integrating the whole process of \u201csoil spreading &#8211; watering &#8211; seeding &#8211; mulching\u201d, the single machine completes the work of the traditional 4 sets of equipment.<\/li>    <li>La r\u00e9partition du sol et le paillage adoptent tous deux une structure \u00e0 roue et \u00e0 bande, avec une bande transporteuse r\u00e9glable de 0,025-0,125m\/s, capable de traiter 500 plateaux en 30 minutes, avec une augmentation de plus de 50 % de l'efficacit\u00e9.<\/li>    <li>La puissance totale de la machine enti\u00e8re est de seulement 260W (le mod\u00e8le traditionnel est sup\u00e9rieur \u00e0 500W), et les trois moteurs de r\u00e9partition du sol, de semis et de paillage sont entra\u00een\u00e9s ind\u00e9pendamment, avec une consommation d'\u00e9nergie inf\u00e9rieure \u00e0 1 yuan par jour.<\/li>    <li>Conception modulaire des composants cl\u00e9s, bo\u00eete de semis, bande transporteuse et autres pi\u00e8ces d'usure pour un d\u00e9montage et un remplacement rapides, sans n\u00e9cessiter de personnel de maintenance sp\u00e9cialis\u00e9.<\/li> <\/ul>    <figure class=\"wp-block-embed aligncenter is-type-video is-provider-youtube wp-block-embed-youtube wp-embed-aspect-16-9 wp-has-aspect-ratio\"><div class=\"wp-block-embed__wrapper\"> <iframe loading=\"lazy\" title=\"Machine \u00e0 jeunes plants innovante - r\u00e9volutionner l&#039;agriculture moderne#semis #graines #semoir #machine\u00e0jeunesplants\" width=\"500\" height=\"281\" src=\"https:\/\/www.youtube.com\/embed\/CPCIYYsPubk?feature=oembed\" frameborder=\"0\" allow=\"accelerometer; autoplay; clipboard-write; encrypted-media; gyroscope; picture-in-picture; web-share\" referrerpolicy=\"strict-origin-when-cross-origin\" allowfullscreen><\/iframe> <\/div><figcaption class=\"wp-element-caption\">Vid\u00e9o de fonctionnement de la machine \u00e0 jeunes plants de riz<\/figcaption><\/figure>    <h2 class=\"wp-block-heading\" id=\"h-rice-seedling-machine-match-with-rice-transplanting-machine\">Le semeur de jeunes plants de riz s'associe \u00e0 <a href=\"https:\/\/www.agriculture-machine.com\/fr\/technology-and-characteristcs-of-the-rice-transplanter-machine\/\">machine de transplantation de riz<\/a><\/h2>    <p class=\"translation-block\">Apr\u00e8s la r\u00e9alisation des jeunes plants, il faut utiliser <a href=\"https:\/\/www.agriculture-machine.com\/fr\/walk-behind-rice-transplanter-rice-planting-machine\/\"><strong>la machine de transplantation de riz<\/strong><\/a> pour la transplantation.<\/p>    <p>Ci-dessous, la machine de transplantation de riz \u00e0 marche arri\u00e8re.<\/p>    <figure class=\"wp-block-image aligncenter size-full\"><img loading=\"lazy\" decoding=\"async\" width=\"720\" height=\"540\" src=\"https:\/\/www.agriculture-machine.com\/wp-content\/uploads\/2022\/05\/paddy-transplanter-1.jpg\" alt=\"Transplanter le riz\" class=\"wp-image-13569\" title=\"Transplanter le riz\" srcset=\"https:\/\/www.agriculture-machine.com\/wp-content\/uploads\/2022\/05\/paddy-transplanter-1.jpg 720w, https:\/\/www.agriculture-machine.com\/wp-content\/uploads\/2022\/05\/paddy-transplanter-1-360x270.jpg 360w, https:\/\/www.agriculture-machine.com\/wp-content\/uploads\/2022\/05\/paddy-transplanter-1-240x180.jpg 240w\" sizes=\"auto, (max-width: 720px) 100vw, 720px\" \/><figcaption class=\"wp-element-caption\">Transplanter le riz<\/figcaption><\/figure>    <h2 class=\"wp-block-heading\" id=\"h-operation-video-of-rice-transplanter\">Vid\u00e9o de fonctionnement de la machine de transplantation de riz<\/h2>    <p>Nous pouvons personnaliser une machine de transplantation de riz \u00e0 2, 4, 6 ou 8 rangs selon votre machine \u00e0 jeunes plants de riz.<\/p>    <figure class=\"wp-block-embed aligncenter is-type-video is-provider-youtube wp-block-embed-youtube wp-embed-aspect-4-3 wp-has-aspect-ratio\"><div class=\"wp-block-embed__wrapper\"> <iframe loading=\"lazy\" title=\"Top 10 des machines en Chine, machine de transplantation de riz \u00e0 8 rangs\" width=\"500\" height=\"375\" src=\"https:\/\/www.youtube.com\/embed\/eISgGkH0Tqk?feature=oembed\" frameborder=\"0\" allow=\"accelerometer; autoplay; clipboard-write; encrypted-media; gyroscope; picture-in-picture; web-share\" referrerpolicy=\"strict-origin-when-cross-origin\" allowfullscreen><\/iframe> <\/div><figcaption class=\"wp-element-caption\">Vid\u00e9o de fonctionnement de la machine de transplantation de riz<\/figcaption><\/figure>    <h2 class=\"wp-block-heading\">Machine \u00e0 semer le riz pour jeunes plants exp\u00e9di\u00e9e au Pakistan<\/h2>    <p>Le client vient du Pakistan et poss\u00e8de une serre sp\u00e9ciale pour cultiver le riz. Avant, il utilisait des m\u00e9thodes de plantation traditionnelles. Pour am\u00e9liorer l'efficacit\u00e9, il cherchait une machine professionnelle de semis pour jeunes plants de riz. <\/p>    <p>Il voulait en savoir plus sur la machine \u00e0 jeunes plants de riz en lisant notre site web. Notre responsable commercial a communiqu\u00e9 avec le client via WhatsApp. Et notre responsable commercial a r\u00e9pondu rapidement et professionnellement \u00e0 toutes les questions. Finalement, le client a d\u00e9cid\u00e9 d'acheter chez nous.<\/p>    <figure class=\"wp-block-gallery has-nested-images columns-default is-cropped wp-block-gallery-4 is-layout-flex wp-block-gallery-is-layout-flex\"> <figure class=\"wp-block-image size-large\"><img loading=\"lazy\" decoding=\"async\" width=\"720\" height=\"540\" data-id=\"13584\" src=\"https:\/\/www.agriculture-machine.com\/wp-content\/uploads\/2022\/05\/wooden-case-pacakging-of-the-rice-seeder-.jpg\" alt=\"emballage en caisse en bois du semoir \u00e0 riz\" class=\"wp-image-13584\" title=\"emballage en caisse en bois du semoir \u00e0 riz\" srcset=\"https:\/\/www.agriculture-machine.com\/wp-content\/uploads\/2022\/05\/wooden-case-pacakging-of-the-rice-seeder-.jpg 720w, https:\/\/www.agriculture-machine.com\/wp-content\/uploads\/2022\/05\/wooden-case-pacakging-of-the-rice-seeder--360x270.jpg 360w, https:\/\/www.agriculture-machine.com\/wp-content\/uploads\/2022\/05\/wooden-case-pacakging-of-the-rice-seeder--240x180.jpg 240w\" sizes=\"auto, (max-width: 720px) 100vw, 720px\" \/><figcaption class=\"wp-element-caption\">emballage en caisse en bois du semoir \u00e0 riz<\/figcaption><\/figure>    <figure class=\"wp-block-image size-large\"><img loading=\"lazy\" decoding=\"async\" width=\"720\" height=\"540\" data-id=\"13585\" src=\"https:\/\/www.agriculture-machine.com\/wp-content\/uploads\/2022\/05\/paddy-seed-sowing-machine-.jpg\" alt=\"machine \u00e0 semer le riz\" class=\"wp-image-13585\" title=\"machine \u00e0 semer le riz\" srcset=\"https:\/\/www.agriculture-machine.com\/wp-content\/uploads\/2022\/05\/paddy-seed-sowing-machine-.jpg 720w, https:\/\/www.agriculture-machine.com\/wp-content\/uploads\/2022\/05\/paddy-seed-sowing-machine--360x270.jpg 360w, https:\/\/www.agriculture-machine.com\/wp-content\/uploads\/2022\/05\/paddy-seed-sowing-machine--240x180.jpg 240w\" sizes=\"auto, (max-width: 720px) 100vw, 720px\" \/><figcaption class=\"wp-element-caption\">machine \u00e0 semer le riz<\/figcaption><\/figure>    <figure class=\"wp-block-image size-large\"><img loading=\"lazy\" decoding=\"async\" width=\"720\" height=\"540\" data-id=\"13586\" src=\"https:\/\/www.agriculture-machine.com\/wp-content\/uploads\/2022\/05\/shipping-of-the-machine-.jpg\" alt=\"exp\u00e9dition de la machine.\" class=\"wp-image-13586\" title=\"exp\u00e9dition de la machine.\" srcset=\"https:\/\/www.agriculture-machine.com\/wp-content\/uploads\/2022\/05\/shipping-of-the-machine-.jpg 720w, https:\/\/www.agriculture-machine.com\/wp-content\/uploads\/2022\/05\/shipping-of-the-machine--360x270.jpg 360w, https:\/\/www.agriculture-machine.com\/wp-content\/uploads\/2022\/05\/shipping-of-the-machine--240x180.jpg 240w\" sizes=\"auto, (max-width: 720px) 100vw, 720px\" \/><figcaption class=\"wp-element-caption\">exp\u00e9dition de la machine <\/figcaption><\/figure> <\/figure>    <h2 class=\"wp-block-heading\">FAQ sur la machine \u00e0 jeunes plants de riz<\/h2>   <div id=\"rank-math-faq\" class=\"rank-math-block\"> <div class=\"rank-math-list\"> <div id=\"faq-question-1722847379966\" class=\"rank-math-list-item\"> <h3 class=\"rank-math-question\">Ce semoir \u00e0 riz peut-il cultiver d'autres l\u00e9gumes ?<\/h3> <div class=\"rank-math-answer\">  <p class=\"translation-block\">Non, c'est une machine \u00e0 semis sp\u00e9cialement con\u00e7ue pour le riz. Nous avons une machine sp\u00e9ciale de semis pour l\u00e9gumes <a href=\"https:\/\/www.agriculture-machine.com\/fr\/plug-seedling-machine-seedling-machine-vegetable-seedling-machine\/\">vegetables seeding machine<\/a>.<\/p>  <\/div> <\/div> <div id=\"faq-question-1722847386025\" class=\"rank-math-list-item\"> <h3 class=\"rank-math-question\">Dans quels pays avez-vous export\u00e9 ?<\/h3> <div class=\"rank-math-answer\">  <p class=\"translation-block\">Pour devenir un fabricant sp\u00e9cialis\u00e9 de machines agricoles, nos machines \u00e0 jeunes plants de riz ont \u00e9t\u00e9 export\u00e9es vers l'Azerba\u00efdjan, l'Ouganda, le Kenya, l'Indon\u00e9sie, etc.<\/p>  <\/div> <\/div> <div id=\"faq-question-1722847400185\" class=\"rank-math-list-item\"> <h3 class=\"rank-math-question\">Que faire si la machine \u00e0 jeunes plants de riz tombe en panne ?<\/h3> <div class=\"rank-math-answer\">  <p>Tout d'abord, nous disposons d'une garantie d'un an. Deuxi\u00e8mement, nous fournirons des pi\u00e8ces d'usure et des bo\u00eetes \u00e0 outils. Le point important est que les machines que nous avons export\u00e9es n'ont pas rencontr\u00e9 de tels probl\u00e8mes.<\/p>  <\/div> <\/div> <\/div> <\/div>","protected":false},"excerpt":{"rendered":"<p>La machine \u00e0 jeunes plants de riz est sp\u00e9cialement utilis\u00e9e pour \u00e9lever le riz en semis, ce qui permet une production m\u00e9canis\u00e9e. Combin\u00e9e \u00e0 une machine de transplantation de riz, elle peut augmenter le rendement.<\/p>","protected":false},"author":1,"featured_media":13588,"parent":0,"comment_status":"closed","ping_status":"closed","template":"","tags":[2607],"product-type":[246,913,2],"class_list":["post-7987","product","type-product","status-publish","has-post-thumbnail","hentry","tag-nursery","product-type-hot-sale","product-type-paddy-rice-nursery-machine","product-type-products"],"_links":{"self":[{"href":"https:\/\/www.agriculture-machine.com\/fr\/wp-json\/wp\/v2\/product\/7987","targetHints":{"allow":["GET"]}}],"collection":[{"href":"https:\/\/www.agriculture-machine.com\/fr\/wp-json\/wp\/v2\/product"}],"about":[{"href":"https:\/\/www.agriculture-machine.com\/fr\/wp-json\/wp\/v2\/types\/product"}],"author":[{"embeddable":true,"href":"https:\/\/www.agriculture-machine.com\/fr\/wp-json\/wp\/v2\/users\/1"}],"replies":[{"embeddable":true,"href":"https:\/\/www.agriculture-machine.com\/fr\/wp-json\/wp\/v2\/comments?post=7987"}],"wp:featuredmedia":[{"embeddable":true,"href":"https:\/\/www.agriculture-machine.com\/fr\/wp-json\/wp\/v2\/media\/13588"}],"wp:attachment":[{"href":"https:\/\/www.agriculture-machine.com\/fr\/wp-json\/wp\/v2\/media?parent=7987"}],"wp:term":[{"taxonomy":"post_tag","embeddable":true,"href":"https:\/\/www.agriculture-machine.com\/fr\/wp-json\/wp\/v2\/tags?post=7987"},{"taxonomy":"product-type","embeddable":true,"href":"https:\/\/www.agriculture-machine.com\/fr\/wp-json\/wp\/v2\/product-type?post=7987"}],"curies":[{"name":"wp","href":"https:\/\/api.w.org\/{rel}","templated":true}]}}