{"id":8094,"date":"2020-11-18T11:39:51","date_gmt":"2020-11-18T03:39:51","guid":{"rendered":"https:\/\/www.agriculture-machine.com\/?p=8094"},"modified":"2025-06-13T17:45:43","modified_gmt":"2025-06-13T09:45:43","slug":"combined-chaff-cutter-and-grinder-straw-cutter-and-grain-grinder","status":"publish","type":"product","link":"https:\/\/www.agriculture-machine.com\/fr\/combined-chaff-cutter-and-grinder-straw-cutter-and-grain-grinder\/","title":{"rendered":"Coupe-chault et moulin \u00e0 grains | Coupe-chauffe_combinaison\u00a0Straw Cutter et Crusher"},"content":{"rendered":"<p>Le coupe-silage et moulin \u00e0 grains est un \u00e9quipement multifonctionnel de traitement du fourrage int\u00e9grant coupe, p\u00e9trissage et broyage. Il peut non seulement traiter toutes sortes de silage et de paille, mais aussi pulveriser de nombreuses c\u00e9r\u00e9ales et fourrages grossiers et fins.<\/p>    <p>Qu\u2019il s\u2019agisse de mat\u00e9riau sec ou humide, bloc, bande ou mati\u00e8re premi\u00e8re granulaire, de la coupe de l\u2019herbe (r\u00e9glable 3-50 mm) \u00e0 la r\u00e9duction fine des grains (taille de particule via grille 0,1-5 mm), cette machine peut traiter efficacement.<\/p>    <p>La machine est largement utilis\u00e9e dans les petites et moyennes exploitations agricoles, les usines de traitement du fourrage et l\u2019agriculture familiale. Dans les industries alimentaire, pharmaceutique, chimique et autres, elle est \u00e9galement appliqu\u00e9e dans le processus de broyage et pulpage des mati\u00e8res premi\u00e8res, ce qui en fait un v\u00e9ritable aide polyvalente, \u00e9conomique et efficace en traitement du fourrage.<\/p>    <figure class=\"wp-block-embed is-type-video is-provider-youtube wp-block-embed-youtube wp-embed-aspect-16-9 wp-has-aspect-ratio\"><div class=\"wp-block-embed__wrapper\"> <iframe loading=\"lazy\" title=\"Comment fonctionne le coupe-chault et moulin \u00e0 grains ? Coupe-chault et moulin combin\u00e9s pour paille\" width=\"500\" height=\"281\" src=\"https:\/\/www.youtube.com\/embed\/fRnZ0Yh8jaE?feature=oembed\" frameborder=\"0\" allow=\"accelerometer; autoplay; clipboard-write; encrypted-media; gyroscope; picture-in-picture; web-share\" referrerpolicy=\"strict-origin-when-cross-origin\" allowfullscreen><\/iframe> <\/div><figcaption class=\"wp-element-caption\">vid\u00e9o de travail du coupe-silage<\/figcaption><\/figure>    <h2 class=\"wp-block-heading\" id=\"h-the-application-of-chaff-cutter-and-grinder-combined-machine\">Application de la machine combine coupe-chault et moulin<\/h2>    <h3 class=\"wp-block-heading\">Types de mati\u00e8res premi\u00e8res applicables<\/h3>    <ul class=\"wp-block-list\"> <li>Silage : luzerne, sorgho sucr\u00e9, herbe de p\u00e2turage, paille blanche, paille de riz, paille de bl\u00e9, tiges de ma\u00efs, etc.<\/li>    <li>C\u00e9r\u00e9ales: ma\u00efs, soja, soja, patates douces, pommes de terre, etc. (y compris mati\u00e8res premi\u00e8res imbib\u00e9es)<\/li>    <li>Fibre grossi\u00e8re et sous-produits : coquilles d\u2019arachides, t\u00eates de canne \u00e0 sucre, tiges d\u2019orange, tiges de coton, cochons de ma\u00efs, mat\u00e9riaux de culture de champignons, etc.<\/li>    <li>Autres mati\u00e8res\u00a0: herboriste chinois, certaines mati\u00e8res premi\u00e8res chimiques, etc.<\/li> <\/ul>    <h3 class=\"wp-block-heading\">Secteurs industriels et sc\u00e8nes applicables<\/h3>    <ul class=\"wp-block-list\"> <li>Toutes sortes d\u2019\u00e9levages d\u2019animaux et d\u2019\u00e9levage avicole : b\u0153ufs, moutons, chevaux, porcs, lapins, poulets, canards, oies, etc.<\/li>    <li>Installations de traitement des aliments, usines de transformation alimentaire, usines pharmaceutiques, usines chimiques, etc.<\/li>    <li>Convient aux petits et moyens agriculteurs et fermes familiales pour le traitement quotidien du fourrage.<\/li> <\/ul>    <figure class=\"wp-block-image aligncenter size-full wp-image-8095\"><img loading=\"lazy\" decoding=\"async\" width=\"720\" height=\"540\" src=\"https:\/\/www.agriculture-machine.com\/wp-content\/uploads\/2020\/11\/The-Applicable-breeding-range-of-Chaff-cutter-and-grinder-.jpg\" alt=\"Zone d\u2019\u00e9levage applicable du coupe-chault et moulin\" class=\"wp-image-8095\" srcset=\"https:\/\/www.agriculture-machine.com\/wp-content\/uploads\/2020\/11\/The-Applicable-breeding-range-of-Chaff-cutter-and-grinder-.jpg 720w, https:\/\/www.agriculture-machine.com\/wp-content\/uploads\/2020\/11\/The-Applicable-breeding-range-of-Chaff-cutter-and-grinder--360x270.jpg 360w, https:\/\/www.agriculture-machine.com\/wp-content\/uploads\/2020\/11\/The-Applicable-breeding-range-of-Chaff-cutter-and-grinder--240x180.jpg 240w\" sizes=\"auto, (max-width: 720px) 100vw, 720px\" \/><figcaption class=\"wp-element-caption\">Zone d\u2019\u00e9levage applicable du coupe-chault et moulin<\/figcaption><\/figure>    <h2 class=\"wp-block-heading\" id=\"h-the-structure-of-the-combined-chaff-cutter-and-grinder\">Structure du <a href=\"https:\/\/www.agriculture-machine.com\/fr\/chaff-cutter-and-grain-crusher\/\">c<strong>ombine coupe-chault et moulin<\/strong><\/a><\/h2>    <ol class=\"wp-block-list\"> <li>Les machines sont \u00e9quip\u00e9es de roulettes mobiles, qui peuvent \u00eatre d\u00e9plac\u00e9es arbitrairement, de sorte que le lieu de travail n\u2019est pas fix\u00e9.<\/li>    <li>Cette s\u00e9rie de machines est compos\u00e9e de la coquille sup\u00e9rieure, coquille inf\u00e9rieure, port de d\u00e9charge, tr\u00e9mie d\u2019alimentation, cadre en acier en angle, moulin \u00e0 marteaux, coupe, etc.<\/li>    <li>Lors du broyage des grains, l\u2019\u00e9paisseur du mat\u00e9riel \u00e9cras\u00e9 est contr\u00f4l\u00e9e par la taille des trous de la passoire, et diff\u00e9rents \u00e9crans peuvent \u00eatre remplac\u00e9s.<\/li>    <li>Lors de la coupe de l\u2019herbe seule, la grille peut \u00eatre tir\u00e9e.<\/li> <\/ol>    <p class=\"translation-block\">Maintenant, nous pr\u00e9senterons trois coupe-chauffe diff\u00e9rents et <a href=\"https:\/\/www.agriculture-machine.com\/fr\/electric-grain-hammer-mill-grain-mill-grinder-grain-grinding\/\">moulins \u00e0 grains<\/a> dans la s\u00e9rie.<\/p>    <h2 class=\"wp-block-heading\" id=\"h-type-one-9zf-500b\">Type Un : 9ZF-500B<\/h2>    <figure class=\"wp-block-image aligncenter size-full wp-image-8096\"><img loading=\"lazy\" decoding=\"async\" width=\"720\" height=\"540\" src=\"https:\/\/www.agriculture-machine.com\/wp-content\/uploads\/2020\/11\/Combine-Chaff-Cutter-and-Grinder-Machine.jpg\" alt=\"Combine Coupe-chau et moulin Machine\" class=\"wp-image-8096\" srcset=\"https:\/\/www.agriculture-machine.com\/wp-content\/uploads\/2020\/11\/Combine-Chaff-Cutter-and-Grinder-Machine.jpg 720w, https:\/\/www.agriculture-machine.com\/wp-content\/uploads\/2020\/11\/Combine-Chaff-Cutter-and-Grinder-Machine-360x270.jpg 360w, https:\/\/www.agriculture-machine.com\/wp-content\/uploads\/2020\/11\/Combine-Chaff-Cutter-and-Grinder-Machine-240x180.jpg 240w\" sizes=\"auto, (max-width: 720px) 100vw, 720px\" \/><figcaption class=\"wp-element-caption\">Combine Coupe-chau et moulin Machine<\/figcaption><\/figure>    <h3 class=\"wp-block-heading\" id=\"h-the-details-of-9zf-500b-chaff-cutter-and-grain-crushing-machine\">D\u00e9tails de la coupe-chault 9ZF-500B et moulin \u00e0 grains<\/h3>    <p>La machine est principalement compos\u00e9e d\u2019entr\u00e9e grain, entr\u00e9e paille, moteur \u00e0 noyau en cuivre, embout haut, embout du milieu bas, et roulettes mobiles. Lors de l\u2019utilisation d\u2019une des entr\u00e9es, bloquer l\u2019autre entr\u00e9e pour \u00e9viter les \u00e9claboussures. <\/p>    <p>Parmi eux, le mat\u00e9riau sortant de l\u2019orifice haut est sec, celui sortant de l\u2019orifice du milieu est humide, et celui sortant de l\u2019orifice bas est des grains \u00e9cras\u00e9s. Lors de l\u2019utilisation de l\u2019un des orifices, les deux autres peuvent \u00eatre bloqu\u00e9s.<\/p>    <figure class=\"wp-block-image aligncenter size-full wp-image-8097\"><img loading=\"lazy\" decoding=\"async\" width=\"720\" height=\"540\" src=\"https:\/\/www.agriculture-machine.com\/wp-content\/uploads\/2020\/11\/the-structure-of-aombine-chaff-cutter-and-grinder-.jpg\" alt=\"la structure du combine coupe-chault et moulin\" class=\"wp-image-8097\" srcset=\"https:\/\/www.agriculture-machine.com\/wp-content\/uploads\/2020\/11\/the-structure-of-aombine-chaff-cutter-and-grinder-.jpg 720w, https:\/\/www.agriculture-machine.com\/wp-content\/uploads\/2020\/11\/the-structure-of-aombine-chaff-cutter-and-grinder--360x270.jpg 360w, https:\/\/www.agriculture-machine.com\/wp-content\/uploads\/2020\/11\/the-structure-of-aombine-chaff-cutter-and-grinder--240x180.jpg 240w\" sizes=\"auto, (max-width: 720px) 100vw, 720px\" \/><figcaption class=\"wp-element-caption\">la structure d\u2019un coupe-chault et moulin combin\u00e9<\/figcaption><\/figure>    <h3 class=\"wp-block-heading\" id=\"h-internal-blade-structure\">structure interne de lame<\/h3>    <p>Lame en acier au mangan\u00e8se \u00e9paisse, robuste et durable.<\/p>    <figure class=\"wp-block-image aligncenter size-full wp-image-8098\"><img loading=\"lazy\" decoding=\"async\" width=\"720\" height=\"540\" src=\"https:\/\/www.agriculture-machine.com\/wp-content\/uploads\/2020\/11\/the-blade-of-chaff-cutter-and-grain-crusher-.jpg\" alt=\"la lame du coupe-chault et moulin \u00e0 grains\" class=\"wp-image-8098\" srcset=\"https:\/\/www.agriculture-machine.com\/wp-content\/uploads\/2020\/11\/the-blade-of-chaff-cutter-and-grain-crusher-.jpg 720w, https:\/\/www.agriculture-machine.com\/wp-content\/uploads\/2020\/11\/the-blade-of-chaff-cutter-and-grain-crusher--360x270.jpg 360w, https:\/\/www.agriculture-machine.com\/wp-content\/uploads\/2020\/11\/the-blade-of-chaff-cutter-and-grain-crusher--240x180.jpg 240w\" sizes=\"auto, (max-width: 720px) 100vw, 720px\" \/><figcaption class=\"wp-element-caption\">la lame du coupe-chault et moulin \u00e0 grains<\/figcaption><\/figure>    <h3 class=\"wp-block-heading\">Param\u00e8tres de l\u2019ensemble coupe-chault et moulin 9ZF-500B<\/h3>    <figure class=\"wp-block-table is-style-stripes\"><table><tbody><tr><td>9ZF-500B Chaff Cutter et Grain Crushing Machine<\/td><\/tr><tr><td>Grille assortie : 4 (2\/3\/10\/30)<\/td><td>Puissance : 3KW<\/td><\/tr><tr><td>Vitesse du moteur : 2800 rpm<\/td><td>Poids de la machine : 68KG<\/td><\/tr><tr><td>Tension nominale : 220V<\/td><td>Sortie de la machine : 1200KG\/H<\/td><\/tr><tr><td>Taille : 1220*1070*1190mm<\/td><\/tr><\/tbody><\/table><figcaption class=\"wp-element-caption\">Informations d\u00e9taill\u00e9es sur le coupe-chauffe et le moulin \u00e0 grains<\/figcaption><\/figure>    <h2 class=\"wp-block-heading\" id=\"h-type-two-9zf-1800\">Type Deux : 9ZF-1800<\/h2>    <figure class=\"wp-block-image aligncenter size-full wp-image-8099\"><img loading=\"lazy\" decoding=\"async\" width=\"720\" height=\"540\" src=\"https:\/\/www.agriculture-machine.com\/wp-content\/uploads\/2020\/11\/Straw-cutter-machine-and-grain-crusher.jpg\" alt=\"Machine coupe-straw et moulin \u00e0 grains\" class=\"wp-image-8099\" srcset=\"https:\/\/www.agriculture-machine.com\/wp-content\/uploads\/2020\/11\/Straw-cutter-machine-and-grain-crusher.jpg 720w, https:\/\/www.agriculture-machine.com\/wp-content\/uploads\/2020\/11\/Straw-cutter-machine-and-grain-crusher-360x270.jpg 360w, https:\/\/www.agriculture-machine.com\/wp-content\/uploads\/2020\/11\/Straw-cutter-machine-and-grain-crusher-240x180.jpg 240w\" sizes=\"auto, (max-width: 720px) 100vw, 720px\" \/><figcaption class=\"wp-element-caption\">Machine coupe-straw et moulin \u00e0 grains<\/figcaption><\/figure>    <h3 class=\"wp-block-heading\" id=\"h-the-details-of-9zf-1800-straw-cutter-machine-and-grain-crusher\">D\u00e9tails de la machine coupe-use straw 9ZF-1800 et moulin \u00e0 grains<\/h3>    <figure class=\"wp-block-image aligncenter size-full wp-image-8100\"><img loading=\"lazy\" decoding=\"async\" width=\"720\" height=\"540\" src=\"https:\/\/www.agriculture-machine.com\/wp-content\/uploads\/2020\/11\/Straw-cutter-machine-and-grain-crusher-1.jpg\" alt=\"Machine coupe-straw et moulin \u00e0 grains\" class=\"wp-image-8100\" srcset=\"https:\/\/www.agriculture-machine.com\/wp-content\/uploads\/2020\/11\/Straw-cutter-machine-and-grain-crusher-1.jpg 720w, https:\/\/www.agriculture-machine.com\/wp-content\/uploads\/2020\/11\/Straw-cutter-machine-and-grain-crusher-1-360x270.jpg 360w, https:\/\/www.agriculture-machine.com\/wp-content\/uploads\/2020\/11\/Straw-cutter-machine-and-grain-crusher-1-240x180.jpg 240w\" sizes=\"auto, (max-width: 720px) 100vw, 720px\" \/><figcaption class=\"wp-element-caption\">Machine coupe-straw et moulin \u00e0 grains<\/figcaption><\/figure>    <p>Cette machine coupe-chault et moulin \u00e0 grains poss\u00e8de une entr\u00e9e grain, une entr\u00e9e paille agrandie, moteur \u00e0 noyau en cuivre, embout haut, bac de broyage et embout bas. <\/p>    <p>Lors de l\u2019utilisation d\u2019une des entr\u00e9es, bloquer l\u2019autre entr\u00e9e pour \u00e9viter les \u00e9claboussures. Parmi elles, le mat\u00e9riel sortant de l\u2019embout haut est sec, et le mat\u00e9riel sortant de l\u2019orifice bas est des grains \u00e9cras\u00e9s ou des mat\u00e9riaux humides.<\/p>    <h3 class=\"wp-block-heading\" id=\"h-internal-blade-structure-of-9zf-1800-straw-cutter-machine-and-grain-crusher\">Structure interne de la lame du straw cutter 9ZF-1800 et moulin \u00e0 grains<\/h3>    <p>Lame en acier au mangan\u00e8se \u00e9paisse, solide et durable<\/p>    <figure class=\"wp-block-image aligncenter size-full wp-image-8101\"><img loading=\"lazy\" decoding=\"async\" width=\"720\" height=\"540\" src=\"https:\/\/www.agriculture-machine.com\/wp-content\/uploads\/2020\/11\/the-balde-of-straw-cutter-machine-and-grain-crusher.jpg\" alt=\"la lame de la machine coupe-chault et moulin \u00e0 grains\" class=\"wp-image-8101\" srcset=\"https:\/\/www.agriculture-machine.com\/wp-content\/uploads\/2020\/11\/the-balde-of-straw-cutter-machine-and-grain-crusher.jpg 720w, https:\/\/www.agriculture-machine.com\/wp-content\/uploads\/2020\/11\/the-balde-of-straw-cutter-machine-and-grain-crusher-360x270.jpg 360w, https:\/\/www.agriculture-machine.com\/wp-content\/uploads\/2020\/11\/the-balde-of-straw-cutter-machine-and-grain-crusher-240x180.jpg 240w\" sizes=\"auto, (max-width: 720px) 100vw, 720px\" \/><figcaption class=\"wp-element-caption\">Lame de la machine coupe-straw et moulin \u00e0 grains<\/figcaption><\/figure>    <h3 class=\"wp-block-heading\" id=\"h-machine-parameters-of-9zf-1800-straw-cutter-machine-and-grain-crusher\">Param\u00e8tres du coupe-straw et moulin \u00e0 grains 9ZF-1800<\/h3>    <figure class=\"wp-block-table is-style-stripes\"><table><tbody><tr><td>9ZF-1800 Coupe-straw et moulin \u00e0 grains<\/td><\/tr><tr><td>Mod\u00e8le de la machine : 9ZF-1800<\/td><td>Puissance : 3KW<\/td><\/tr><tr><td>Vitesse du moteur : 2800 rpm<\/td><td>Poids de la machine : 75KG<\/td><\/tr><tr><td>Tension nominale : 220V<\/td><td>Sortie de la machine : 1800KG\/H<\/td><\/tr><tr><td>Champ d\u2019application : vaches, moutons, porcs, poulets, canards, lapins et autres animaux d\u2019\u00e9levage<\/td><\/tr><\/tbody><\/table><figcaption class=\"wp-element-caption\">param\u00e8tres de la coupe de silage<\/figcaption><\/figure>    <h2 class=\"wp-block-heading\" id=\"h-type-three-9zf-1200\">Type Trois : 9ZF-1200<\/h2>    <figure class=\"wp-block-image aligncenter size-full wp-image-8102\"><img loading=\"lazy\" decoding=\"async\" width=\"720\" height=\"540\" src=\"https:\/\/www.agriculture-machine.com\/wp-content\/uploads\/2020\/11\/Chaff-cutter-and-Grain-Grinder.jpg\" alt=\"Coupe-chault et Moulin \u00e0 grains\" class=\"wp-image-8102\" srcset=\"https:\/\/www.agriculture-machine.com\/wp-content\/uploads\/2020\/11\/Chaff-cutter-and-Grain-Grinder.jpg 720w, https:\/\/www.agriculture-machine.com\/wp-content\/uploads\/2020\/11\/Chaff-cutter-and-Grain-Grinder-360x270.jpg 360w, https:\/\/www.agriculture-machine.com\/wp-content\/uploads\/2020\/11\/Chaff-cutter-and-Grain-Grinder-240x180.jpg 240w\" sizes=\"auto, (max-width: 720px) 100vw, 720px\" \/><figcaption class=\"wp-element-caption\">Coupe-chault et Moulin \u00e0 grains<\/figcaption><\/figure>    <h3 class=\"wp-block-heading\" id=\"h-the-detailed-structure-of-9zf-1200-chaff-cutter-and-grain-grinder\">Structure d\u00e9taill\u00e9e du coupe-chault et moulin 9ZF-1200<\/h3>    <figure class=\"wp-block-image aligncenter size-full wp-image-8103\"><img loading=\"lazy\" decoding=\"async\" width=\"720\" height=\"540\" src=\"https:\/\/www.agriculture-machine.com\/wp-content\/uploads\/2020\/11\/The-Structure-Chaff-cutter-and-Grain-Grinder.jpg\" alt=\"La Structure Coupe-chault et Moulin\" class=\"wp-image-8103\" srcset=\"https:\/\/www.agriculture-machine.com\/wp-content\/uploads\/2020\/11\/The-Structure-Chaff-cutter-and-Grain-Grinder.jpg 720w, https:\/\/www.agriculture-machine.com\/wp-content\/uploads\/2020\/11\/The-Structure-Chaff-cutter-and-Grain-Grinder-360x270.jpg 360w, https:\/\/www.agriculture-machine.com\/wp-content\/uploads\/2020\/11\/The-Structure-Chaff-cutter-and-Grain-Grinder-240x180.jpg 240w\" sizes=\"auto, (max-width: 720px) 100vw, 720px\" \/><figcaption class=\"wp-element-caption\">La Structure Coupe-chault et Moulin<\/figcaption><\/figure>    <p>Cette machine poss\u00e8de une entr\u00e9e grain, entr\u00e9e paille, moteur \u00e0 noyau en cuivre, embout haut, capot de protection, sortie et roulettes mobiles.<\/p>    <h3 class=\"wp-block-heading\" id=\"h-internal-blade-structure-of-9zf-1200-chaff-cutter-and-grain-grinder\">Structure interne de la lame du 9ZF-1200 coupe-chault et moulin \u00e0 grains<\/h3>    <figure class=\"wp-block-image aligncenter size-full wp-image-8104\"><img loading=\"lazy\" decoding=\"async\" width=\"720\" height=\"540\" src=\"https:\/\/www.agriculture-machine.com\/wp-content\/uploads\/2020\/11\/The-blade-of-Chaff-cutter-and-Grain-Grinder.jpg\" alt=\"Lame du coupe-chault et moulin \u00e0 grains\" class=\"wp-image-8104\" srcset=\"https:\/\/www.agriculture-machine.com\/wp-content\/uploads\/2020\/11\/The-blade-of-Chaff-cutter-and-Grain-Grinder.jpg 720w, https:\/\/www.agriculture-machine.com\/wp-content\/uploads\/2020\/11\/The-blade-of-Chaff-cutter-and-Grain-Grinder-360x270.jpg 360w, https:\/\/www.agriculture-machine.com\/wp-content\/uploads\/2020\/11\/The-blade-of-Chaff-cutter-and-Grain-Grinder-240x180.jpg 240w\" sizes=\"auto, (max-width: 720px) 100vw, 720px\" \/><figcaption class=\"wp-element-caption\">Lame du coupe-chault et moulin \u00e0 grains<\/figcaption><\/figure>    <h3 class=\"wp-block-heading\" id=\"h-machine-parameters-of-9zf-1200-chaff-cutter-and-grain-grinder\">Param\u00e8tres techniques du 9ZF-1200 coupe-chault et moulin \u00e0 grains<\/h3>    <figure class=\"wp-block-table is-style-stripes\"><table><tbody><tr><td>9ZR-1200 Coupe-chault et moulin \u00e0 grains<\/td><\/tr><tr><td>Puissance : 3KW<\/td><td>Vitesse du moteur : 2800 rpm<\/td><\/tr><tr><td>Poids de la machine : 55KG<\/td><td>Taille : 920*930*1250mm<\/td><\/tr><tr><td>Sortie de la machine : 1200KG\/H<\/td><td>Efficacit\u00e9 de broyage : 300-500KG\/H<\/td><\/tr><tr><td>Nombre de lames : 3<\/td><td>Lame \u00e0 masse : 24<\/td><\/tr><tr><td>Lame de frottement triangulaire : 18<\/td><td>Nombre d\u2019\u00e9crans : 4<\/td><\/tr><tr><td>M\u00e9thode d\u2019alimentation : alimentation manuelle<\/td><td>Effet de d\u00e9charge : Doux soyeux\/poudre<\/td><\/tr><\/tbody><\/table><figcaption class=\"wp-element-caption\">caract\u00e9ristiques techniques de la coupe-chault<\/figcaption><\/figure>    <h2 class=\"wp-block-heading\" id=\"h-the-chaff-cutter-and-grinder-price\">Contactez-nous \u00e0 tout moment<\/h2>    <p class=\"translation-block\">En r\u00e9sum\u00e9, nous avons pr\u00e9sent\u00e9 trois <a href=\"https:\/\/en.wikipedia.org\/wiki\/Silage\" target=\"_blank\" rel=\"noopener\">silage<\/a> coupe-chault et moulins \u00e0 grains dans la s\u00e9rie, avec des sorties, structures et prix diff\u00e9rents. Nous pouvons configurer la machine la plus adapt\u00e9e \u00e0 vos mati\u00e8res premi\u00e8res et \u00e0 l\u2019\u00e9chelle industrielle.<\/p>    <p>En utilisant des processus de production efficaces et une allocation optimis\u00e9e des mat\u00e9riaux, nous pouvons garantir une haute qualit\u00e9 tout en maintenant les co\u00fbts \u00e0 des niveaux raisonnables. Pour plus d\u2019informations, veuillez indiquer vos besoins sp\u00e9cifiques via le formulaire \u00e0 droite, et n\u2019h\u00e9sitez pas \u00e0 nous contacter.<\/p>","protected":false},"excerpt":{"rendered":"<p>Le coupe-chault et moulin \u00e0 grains int\u00e8grent la coupe, le p\u00e9trissage et le broyage en un seul appareil, adapt\u00e9 au silage, au p\u00e2turage, \u00e0 la paille et aux c\u00e9r\u00e9ales. Il est largement utilis\u00e9 dans l\u2019\u00e9levage, le fourrage, l\u2019alimentation, l\u2019industrie pharmaceutique et autres industries.<\/p>","protected":false},"author":1,"featured_media":8109,"parent":0,"comment_status":"closed","ping_status":"closed","template":"","tags":[780,591,761],"product-type":[911,246,2],"class_list":["post-8094","product","type-product","status-publish","has-post-thumbnail","hentry","tag-grass","tag-silage","tag-straw","product-type-combined-chaff-cutter-and-maize-crusher","product-type-hot-sale","product-type-products"],"_links":{"self":[{"href":"https:\/\/www.agriculture-machine.com\/fr\/wp-json\/wp\/v2\/product\/8094","targetHints":{"allow":["GET"]}}],"collection":[{"href":"https:\/\/www.agriculture-machine.com\/fr\/wp-json\/wp\/v2\/product"}],"about":[{"href":"https:\/\/www.agriculture-machine.com\/fr\/wp-json\/wp\/v2\/types\/product"}],"author":[{"embeddable":true,"href":"https:\/\/www.agriculture-machine.com\/fr\/wp-json\/wp\/v2\/users\/1"}],"replies":[{"embeddable":true,"href":"https:\/\/www.agriculture-machine.com\/fr\/wp-json\/wp\/v2\/comments?post=8094"}],"wp:featuredmedia":[{"embeddable":true,"href":"https:\/\/www.agriculture-machine.com\/fr\/wp-json\/wp\/v2\/media\/8109"}],"wp:attachment":[{"href":"https:\/\/www.agriculture-machine.com\/fr\/wp-json\/wp\/v2\/media?parent=8094"}],"wp:term":[{"taxonomy":"post_tag","embeddable":true,"href":"https:\/\/www.agriculture-machine.com\/fr\/wp-json\/wp\/v2\/tags?post=8094"},{"taxonomy":"product-type","embeddable":true,"href":"https:\/\/www.agriculture-machine.com\/fr\/wp-json\/wp\/v2\/product-type?post=8094"}],"curies":[{"name":"wp","href":"https:\/\/api.w.org\/{rel}","templated":true}]}}