{"id":8326,"date":"2020-12-11T16:16:18","date_gmt":"2020-12-11T08:16:18","guid":{"rendered":"https:\/\/www.agriculture-machine.com\/?p=8326"},"modified":"2025-12-22T17:36:20","modified_gmt":"2025-12-22T09:36:20","slug":"walking-tractor-simplicity-walking-tractor","status":"publish","type":"product","link":"https:\/\/www.agriculture-machine.com\/fr\/walking-tractor-simplicity-walking-tractor\/","title":{"rendered":"Petite et simple machine agricole \u00e0 marche"},"content":{"rendered":"<p>Le petit tracteur \u00e0 conducteur marchant, l\u00e9ger et flexible mais avec une puissance d\u00e9bordante, peut facilement r\u00e9aliser une vari\u00e9t\u00e9 d'op\u00e9rations agricoles telles que le labour, le semis, la r\u00e9colte, le transport, etc. avec une seule personne aux commandes.<\/p>    <p>Whether it&#8217;s a plain or a mountainous area, it can realize the whole process of operation with more than a hundred kinds of accessories such as quick-changeable plows, seeders, harvesters, fertilizer spreaders and so on.<\/p>    <p>La conception de la poign\u00e9e d'interaction homme-machine simple permet \u00e0 l'op\u00e9rateur de saisir intuitivement l'entr\u00e9e\/sortie, l'embrayage et le r\u00e9glage de la vitesse. Le groupe motopropulseur diesel compact assure un couple puissant tout en tenant compte de la faible consommation de carburant et de l'entretien facile.<\/p>    <figure class=\"wp-block-embed aligncenter is-type-video is-provider-youtube wp-block-embed-youtube wp-embed-aspect-16-9 wp-has-aspect-ratio\"><div class=\"wp-block-embed__wrapper\"> <iframe loading=\"lazy\" title=\"Que pouvez-vous faire avec un tracteur \u00e0 conducteur marchant ? #tracteur\u00e0conducteurmarchant, #machine\u00e0labour, #tracteurs\u00e0deuxroues\" width=\"500\" height=\"281\" src=\"https:\/\/www.youtube.com\/embed\/fxYFIychRc4?feature=oembed\" frameborder=\"0\" allow=\"accelerometer; autoplay; clipboard-write; encrypted-media; gyroscope; picture-in-picture; web-share\" referrerpolicy=\"strict-origin-when-cross-origin\" allowfullscreen><\/iframe> <\/div><figcaption class=\"wp-element-caption\">vid\u00e9o de travail du tracteur \u00e0 conducteur marchant<\/figcaption><\/figure>    <h2 class=\"wp-block-heading\">Tracteur \u00e0 conducteur marchant avec accessoires<\/h2>    <p>Le tracteur \u00e0 conducteur marchant peut \u00eatre associ\u00e9 \u00e0 une vari\u00e9t\u00e9 d'attaches, y compris une charrue \u00e0 double disque, une charrue simple, une charrue double, une roue \u00e0 boue, un rotovateur, un semoir \u00e0 bl\u00e9, un semoir \u00e0 ma\u00efs, une remorque, des buttes et des pompes \u00e0 eau, entre autres. <\/p>    <p>Tout ce que vous avez \u00e0 faire est de changer les outils agricoles pour s'attaquer \u00e0 diff\u00e9rentes t\u00e2ches agricoles !<\/p>    <figure class=\"wp-block-gallery has-nested-images columns-3 is-cropped wp-block-gallery-2 is-layout-flex wp-block-gallery-is-layout-flex\"> <figure class=\"wp-block-image size-large\"><img loading=\"lazy\" decoding=\"async\" width=\"720\" height=\"541\" data-id=\"12859\" src=\"https:\/\/www.agriculture-machine.com\/wp-content\/uploads\/2020\/12\/small-tractor-1-.jpg\" alt=\"petit tracteur\" class=\"wp-image-12859\" srcset=\"https:\/\/www.agriculture-machine.com\/wp-content\/uploads\/2020\/12\/small-tractor-1-.jpg 720w, https:\/\/www.agriculture-machine.com\/wp-content\/uploads\/2020\/12\/small-tractor-1--360x270.jpg 360w, https:\/\/www.agriculture-machine.com\/wp-content\/uploads\/2020\/12\/small-tractor-1--240x180.jpg 240w\" sizes=\"auto, (max-width: 720px) 100vw, 720px\" \/><figcaption class=\"wp-element-caption\">petit tracteur <\/figcaption><\/figure>    <figure class=\"wp-block-image size-large\"><img loading=\"lazy\" decoding=\"async\" width=\"720\" height=\"540\" data-id=\"12860\" src=\"https:\/\/www.agriculture-machine.com\/wp-content\/uploads\/2020\/12\/farm-walking-tractor1.jpg\" alt=\"accessoires pour tracteur \u00e0 conducteur marchant\" class=\"wp-image-12860\" srcset=\"https:\/\/www.agriculture-machine.com\/wp-content\/uploads\/2020\/12\/farm-walking-tractor1.jpg 720w, https:\/\/www.agriculture-machine.com\/wp-content\/uploads\/2020\/12\/farm-walking-tractor1-360x270.jpg 360w, https:\/\/www.agriculture-machine.com\/wp-content\/uploads\/2020\/12\/farm-walking-tractor1-240x180.jpg 240w\" sizes=\"auto, (max-width: 720px) 100vw, 720px\" \/><figcaption class=\"wp-element-caption\">accessoires pour tracteur \u00e0 conducteur marchant<\/figcaption><\/figure> <\/figure>    <h2 class=\"wp-block-heading\">Diff\u00e9rentes utilisations du tracteur \u00e0 conducteur marchant&nbsp;<\/h2>    <h3 class=\"wp-block-heading\">Labour<\/h3>    <p>Le tracteur \u00e0 conducteur marchant avec une charrue\u2014\u00e9galement connu sous le nom de charrue \u00e0 conducteur marchant. Cette machine est super efficace, conviviale et id\u00e9ale pour ameublir le sol.<\/p>    <figure class=\"wp-block-embed aligncenter is-type-video is-provider-youtube wp-block-embed-youtube wp-embed-aspect-4-3 wp-has-aspect-ratio\"><div class=\"wp-block-embed__wrapper\"> <iframe loading=\"lazy\" title=\"tracteur \u00e0 conducteur marchant \/ tracteur \u00e0 conducteur marchant avec labour \/ labourer le champ avec un tracteur \u00e0 conducteur marchant\" width=\"500\" height=\"375\" src=\"https:\/\/www.youtube.com\/embed\/JB7ozo20LVk?feature=oembed\" frameborder=\"0\" allow=\"accelerometer; autoplay; clipboard-write; encrypted-media; gyroscope; picture-in-picture; web-share\" referrerpolicy=\"strict-origin-when-cross-origin\" allowfullscreen><\/iframe> <\/div><figcaption class=\"wp-element-caption\">le tracteur fonctionne avec la charrue<\/figcaption><\/figure>    <h3 class=\"wp-block-heading\">Creusage<\/h3>    <p>Vous cherchez une solution agricole ? D\u00e9couvrez le tracteur \u00e0 conducteur marchant avec un accessoire de creusage ! Cette combinaison puissante peut r\u00e9pondre \u00e0 presque tous vos besoins de creusage sur votre ferme.<\/p>    <figure class=\"wp-block-embed aligncenter is-type-video is-provider-youtube wp-block-embed-youtube wp-embed-aspect-16-9 wp-has-aspect-ratio\"><div class=\"wp-block-embed__wrapper\"> <iframe loading=\"lazy\" title=\"tracteur \u00e0 conducteur marchant avec creusage \/ tracteur \u00e0 conducteur marchant\" width=\"500\" height=\"281\" src=\"https:\/\/www.youtube.com\/embed\/tmkBMoxVov0?feature=oembed\" frameborder=\"0\" allow=\"accelerometer; autoplay; clipboard-write; encrypted-media; gyroscope; picture-in-picture; web-share\" referrerpolicy=\"strict-origin-when-cross-origin\" allowfullscreen><\/iframe> <\/div><figcaption class=\"wp-element-caption\">tracteur \u00e0 conducteur marchant avec creusage<\/figcaption><\/figure>    <h3 class=\"wp-block-heading\">Buttage<\/h3>    <p>Un petit tracteur \u00e0 conducteur marchant con\u00e7u pour le buttage\u2014sp\u00e9cifiquement, un tracteur \u00e0 conducteur marchant \u00e0 buttage. <\/p>    <p>Ce type d'\u00e9quipement est parfait pour planter des cultures comme les patates douces, les tomates, les fraises, les pommes de terre, les arachides, les radis, et plus encore.<\/p>    <figure class=\"wp-block-embed aligncenter is-type-video is-provider-youtube wp-block-embed-youtube wp-embed-aspect-16-9 wp-has-aspect-ratio\"><div class=\"wp-block-embed__wrapper\"> <iframe loading=\"lazy\" title=\"tracteur \u00e0 conducteur marchant \/ tracteur \u00e0 conducteur marchant avec buttage \/ machine \u00e0 buttage\" width=\"500\" height=\"281\" src=\"https:\/\/www.youtube.com\/embed\/QUPr2rJ2jhw?feature=oembed\" frameborder=\"0\" allow=\"accelerometer; autoplay; clipboard-write; encrypted-media; gyroscope; picture-in-picture; web-share\" referrerpolicy=\"strict-origin-when-cross-origin\" allowfullscreen><\/iframe> <\/div><figcaption class=\"wp-element-caption\">tracteur \u00e0 conducteur marchant avec machine \u00e0 buttage<\/figcaption><\/figure>    <h3 class=\"wp-block-heading\">Labour rotatif<\/h3>    <p>Vous cherchez un outil puissant pour vos besoins agricoles ? D\u00e9couvrez le tracteur \u00e0 moteur diesel associ\u00e9 \u00e0 un cultivateur rotatif ! <\/p>    <p>This tiller, designed to work with a 15 Hp walking tractor, lets you dig anywhere from 6 to 10 inches deep. It&#8217;s similar to a rototiller, and its main job is to churn the soil, helping to aerate and break it up for better planting.<\/p>    <figure class=\"wp-block-embed aligncenter is-type-video is-provider-youtube wp-block-embed-youtube wp-embed-aspect-4-3 wp-has-aspect-ratio\"><div class=\"wp-block-embed__wrapper\"> <iframe loading=\"lazy\" title=\"Tracteur \u00e0 conducteur marchant \/ tracteur \u00e0 conducteur marchant avec labour rotatif.\" width=\"500\" height=\"375\" src=\"https:\/\/www.youtube.com\/embed\/IkBjgBirCS8?feature=oembed\" frameborder=\"0\" allow=\"accelerometer; autoplay; clipboard-write; encrypted-media; gyroscope; picture-in-picture; web-share\" referrerpolicy=\"strict-origin-when-cross-origin\" allowfullscreen><\/iframe> <\/div><figcaption class=\"wp-element-caption\">tracteur \u00e0 conducteur marchant avec labour rotatif<\/figcaption><\/figure>    <h2 class=\"wp-block-heading\">Tracteur \u00e0 conducteur marchant avec <a href=\"https:\/\/www.agriculture-machine.com\/fr\/corn-planter\/\">semoir \u00e0 ma\u00efs<\/a> et semis de bl\u00e9<\/h2>    <p>Si vous combinez un semoir \u00e0 ma\u00efs ou un semoir \u00e0 bl\u00e9 avec votre petit tracteur \u00e0 conducteur marchant, vous pouvez planter efficacement vos graines de c\u00e9r\u00e9ales directement dans le sol o\u00f9 elles peuvent prosp\u00e9rer. <\/p>    <p>Cette approche augmente consid\u00e9rablement le taux de survie des semences et am\u00e9liore la qualit\u00e9 des semis.<\/p>    <figure class=\"wp-block-gallery has-nested-images columns-default is-cropped wp-block-gallery-3 is-layout-flex wp-block-gallery-is-layout-flex\"> <figure class=\"wp-block-image size-large\"><img loading=\"lazy\" decoding=\"async\" width=\"720\" height=\"540\" data-id=\"12864\" src=\"https:\/\/www.agriculture-machine.com\/wp-content\/uploads\/2020\/12\/manual-walking-tractor-with-corn-planter-2.jpg\" alt=\"tracteur \u00e0 conducteur manuel avec semoir \u00e0 ma\u00efs\" class=\"wp-image-12864\" srcset=\"https:\/\/www.agriculture-machine.com\/wp-content\/uploads\/2020\/12\/manual-walking-tractor-with-corn-planter-2.jpg 720w, https:\/\/www.agriculture-machine.com\/wp-content\/uploads\/2020\/12\/manual-walking-tractor-with-corn-planter-2-360x270.jpg 360w, https:\/\/www.agriculture-machine.com\/wp-content\/uploads\/2020\/12\/manual-walking-tractor-with-corn-planter-2-240x180.jpg 240w\" sizes=\"auto, (max-width: 720px) 100vw, 720px\" \/><figcaption class=\"wp-element-caption\">tracteur \u00e0 conducteur manuel avec semoir \u00e0 ma\u00efs <\/figcaption><\/figure>    <figure class=\"wp-block-image size-large\"><img loading=\"lazy\" decoding=\"async\" width=\"720\" height=\"540\" data-id=\"12863\" src=\"https:\/\/www.agriculture-machine.com\/wp-content\/uploads\/2020\/12\/walking-tractor-with-wheat-seeder-2.jpg\" alt=\"tracteur \u00e0 conducteur marchant avec semoir \u00e0 bl\u00e9\" class=\"wp-image-12863\" srcset=\"https:\/\/www.agriculture-machine.com\/wp-content\/uploads\/2020\/12\/walking-tractor-with-wheat-seeder-2.jpg 720w, https:\/\/www.agriculture-machine.com\/wp-content\/uploads\/2020\/12\/walking-tractor-with-wheat-seeder-2-360x270.jpg 360w, https:\/\/www.agriculture-machine.com\/wp-content\/uploads\/2020\/12\/walking-tractor-with-wheat-seeder-2-240x180.jpg 240w\" sizes=\"auto, (max-width: 720px) 100vw, 720px\" \/><figcaption class=\"wp-element-caption\">tracteur \u00e0 conducteur marchant avec semoir \u00e0 bl\u00e9<\/figcaption><\/figure> <\/figure>    <h2 class=\"wp-block-heading\">tracteur \u00e0 conducteur Simplicit\u00e9 avec remorque<\/h2>    <p>Lorsque vous associez une remorque \u00e0 un tracteur \u00e0 conducteur manuel, cela ouvre un monde de possibilit\u00e9s de transport tout terrain. <\/p>    <p>De plus, cela \u00e9largit vraiment la gamme de t\u00e2ches que les tracteurs \u00e0 conducteur marchant peuvent g\u00e9rer sur votre ferme diversifi\u00e9e. Par exemple, ils peuvent transporter efficacement des cultures des champs, des presses \u00e0 balles, des vergers ou des p\u00e2turages.<\/p>    <figure class=\"wp-block-image aligncenter size-full\"><img loading=\"lazy\" decoding=\"async\" width=\"720\" height=\"540\" src=\"https:\/\/www.agriculture-machine.com\/wp-content\/uploads\/2020\/12\/walking-tractor-with-trailer1.jpg\" alt=\"tracteur \u00e0 conducteur marchant avec remorque\" class=\"wp-image-12867\" srcset=\"https:\/\/www.agriculture-machine.com\/wp-content\/uploads\/2020\/12\/walking-tractor-with-trailer1.jpg 720w, https:\/\/www.agriculture-machine.com\/wp-content\/uploads\/2020\/12\/walking-tractor-with-trailer1-360x270.jpg 360w, https:\/\/www.agriculture-machine.com\/wp-content\/uploads\/2020\/12\/walking-tractor-with-trailer1-240x180.jpg 240w\" sizes=\"auto, (max-width: 720px) 100vw, 720px\" \/><figcaption class=\"wp-element-caption\">tracteur \u00e0 conducteur marchant avec remorque<\/figcaption><\/figure>    <h2 class=\"wp-block-heading\"><a href=\"https:\/\/www.agriculture-machine.com\/fr\/how-much-is-the-price-of-a-farm-walking-tractor\/\">Prix du petit tracteur \u00e0 conducteur marchant<\/a><\/h2>    <p>Nos tracteurs \u00e0 conducteur marchant sont disponibles en diff\u00e9rentes puissances, et ils peuvent \u00eatre associ\u00e9s \u00e0 une gamme d'outils agricoles pour s'attaquer \u00e0 toutes sortes de t\u00e2ches agricoles. <\/p>    <p>Whether you&#8217;re plowing, rotary tilling, ridging, or sowing, our machines have got you covered. If you&#8217;re interested in learning more about our walking tractors, feel free to reach out to us!<\/p>    <figure class=\"wp-block-table is-style-stripes\"><table><tbody><tr><td> <p>Mod\u00e8le<\/p> <\/td><td colspan=\"2\"> <p>&nbsp;tracteur \u00e0 conducteur marchant de 15 ch<\/p> <\/td><\/tr><tr><td> <p>Param\u00e8tre du moteur<\/p> <\/td><td> <p>Mod\u00e8le de moteur<\/p> <\/td><td> <p>ZS1100<\/p> <\/td><\/tr><tr><td>&nbsp;<\/td><td><p>Type de moteur<\/p><\/td><td> <p>Monocylindre, horizontal, refroidi par eau, quatre temps<\/p> <\/td><\/tr><tr><td>&nbsp;<\/td><td> <p>M\u00e9thode de d\u00e9marrage<\/p> <\/td><td> <p>d\u00e9marrage manuel\/d\u00e9marrage \u00e9lectrique<\/p> <\/td><\/tr><tr><td>&nbsp;<\/td><td><p>Syst\u00e8me de combustion<\/p><\/td><td> <p>injection directe<\/p> <\/td><\/tr><tr><td>&nbsp;<\/td><td> <p>M\u00e9thode de refroidissement<\/p> <\/td><td> <p>\u00c9vaporation\/condensation<\/p> <\/td><\/tr><tr><td>&nbsp;<\/td><td> <p>Puissance<\/p> <\/td><td> <p>1 heure : 12.13 kW\/16 ch<\/p> <\/td><\/tr><tr><td>&nbsp;<\/td><td>&nbsp;<\/td><td> <p>12 heures : 11.03 kW\/15 ch<\/p> <\/td><\/tr><tr><td> <p>Dimensions (LxWxH)<\/p> <\/td><td colspan=\"2\"> <p>2680\u00d7960\u00d71250 mm<\/p> <\/td><\/tr><tr><td><p>Distance minimale du sol<\/p><\/td><td colspan=\"2\"> <p>185 mm<\/p> <\/td><\/tr><tr><td> <p>Empattement<\/p> <\/td><td colspan=\"2\"> <p>580-600 mm<\/p> <\/td><\/tr><tr><td> <p>Poids<\/p> <\/td><td colspan=\"2\"> <p>350 kg<\/p> <\/td><\/tr><tr><td><p>Mod\u00e8le de pneu<\/p><\/td><td colspan=\"2\"> <p>6.00-12<\/p> <\/td><\/tr><tr><td><p>Pression des pneus<\/p><\/td><td><p>Travail de terrain<\/p><\/td><td> <p>80~200(0.8~2.0kgf\/cm<sup>2<\/sup>)<\/p> <\/td><\/tr><tr><td>&nbsp;<\/td><td><p>Travail de transport<\/p><\/td><td> <p>140-200(1.4~2.0kgf\/cm2 )<\/p> <\/td><\/tr><\/tbody><\/table><figcaption class=\"wp-element-caption\">param\u00e8tres du tracteur \u00e0 conducteur marchant<\/figcaption><\/figure>    <h2 class=\"wp-block-heading\" id=\"h-maintenance-of-the-two-wheel-walking-tractor\">Entretien du tracteur \u00e0 deux roues<\/h2>    <p>If a walk-behind tractor sits idle for an extended period, it can run into some issues. To prevent any problems when you decide to use it again, it&#8217;s important to take some maintenance steps.<\/p>    <ul class=\"wp-block-list\"> <li>Tout d'abord, r\u00e9fl\u00e9chissez \u00e0 l'endroit o\u00f9 le garer. Id\u00e9alement, vous devriez le stocker dans un entrep\u00f4t, mais assurez-vous qu'il n'est pas \u00e0 c\u00f4t\u00e9 d'engrais chimiques ou de pesticides pour \u00e9viter toute corrosion des pi\u00e8ces.<\/li>    <li>Si vous devez le laisser \u00e0 l'ext\u00e9rieur, choisissez un endroit \u00e9lev\u00e9, sec et bien ventil\u00e9, et couvrez-le avec une b\u00e2che en plastique pour le prot\u00e9ger des dommages m\u00e9caniques et de la rouille.<\/li>    <li>Utilisez des blocs de bois ou de la ma\u00e7onnerie pour soutenir le tracteur et soulager une partie de la pression sur les pneus. Si vous ne pouvez pas fournir ce soutien, assurez-vous de gonfler les pneus de 10 % \u00e0 20 % et de les v\u00e9rifier r\u00e9guli\u00e8rement pour les maintenir correctement gonfl\u00e9s.<\/li>    <li>Make sure to scrub off any dirt and oil from the tractor&#8217;s exterior, and give it a thorough inspection. Adjust and tighten all parts and screws to prevent any loosening or falling off.<\/li>    <li>En ce qui concerne les fluides, apr\u00e8s que le tracteur a \u00e9t\u00e9 hors service, vidangez l'eau de refroidissement, le diesel et l'huile moteur. Ensuite, lorsque vous \u00eates pr\u00eat \u00e0 l'utiliser \u00e0 nouveau, remplissez-le avec de l'huile et de l'eau propres.<\/li>    <li>Versez une quantit\u00e9 appropri\u00e9e d'huile moteur d\u00e9shydrat\u00e9e dans le tuyau d'admission et faites tourner le vilebrequin pour vous assurer que l'huile recouvre le piston, la tige de piston, le chemise de cylindre et la soupape.<\/li>    <li>Pour l'injecteur, retirez-le, nettoyez-le et placez-le dans du diesel propre. Desserrer la vis de r\u00e9glage et boucher le trou de l'injecteur avec un bouchon en bois.<\/li>    <li>Enfin, remplissez le bo\u00eetier de l'essieu avec de l'huile. Versez 1 kg d'huile moteur d\u00e9shydrat\u00e9e dans le carter, puis faites pivoter le vilebrequin quelques fois pour vous assurer que le syst\u00e8me de lubrification est rempli d'huile.<\/li> <\/ul>    <p>&nbsp;<\/p>    <p>Si vous \u00eates int\u00e9ress\u00e9 par nos tracteurs agricoles \u00e0 pied, n'h\u00e9sitez pas \u00e0 nous contacter, nous construisons la machine la plus adapt\u00e9e pour vous.<\/p>","protected":false},"excerpt":{"rendered":"<p>Le tracteur \u00e0 conducteur marchant est g\u00e9n\u00e9ralement \u00e0 deux roues. Il peut \u00eatre contr\u00f4l\u00e9 par une personne. Il peut travailler avec diff\u00e9rents mat\u00e9riels agricoles tels que des cultivateurs, des remorques, des herses, des semoirs, des moissonneuses, etc.<\/p>","protected":false},"author":1,"featured_media":12797,"parent":0,"comment_status":"closed","ping_status":"closed","template":"","tags":[698],"product-type":[878],"class_list":["post-8326","product","type-product","status-publish","has-post-thumbnail","hentry","tag-tractor","product-type-manual-tractor"],"_links":{"self":[{"href":"https:\/\/www.agriculture-machine.com\/fr\/wp-json\/wp\/v2\/product\/8326","targetHints":{"allow":["GET"]}}],"collection":[{"href":"https:\/\/www.agriculture-machine.com\/fr\/wp-json\/wp\/v2\/product"}],"about":[{"href":"https:\/\/www.agriculture-machine.com\/fr\/wp-json\/wp\/v2\/types\/product"}],"author":[{"embeddable":true,"href":"https:\/\/www.agriculture-machine.com\/fr\/wp-json\/wp\/v2\/users\/1"}],"replies":[{"embeddable":true,"href":"https:\/\/www.agriculture-machine.com\/fr\/wp-json\/wp\/v2\/comments?post=8326"}],"wp:featuredmedia":[{"embeddable":true,"href":"https:\/\/www.agriculture-machine.com\/fr\/wp-json\/wp\/v2\/media\/12797"}],"wp:attachment":[{"href":"https:\/\/www.agriculture-machine.com\/fr\/wp-json\/wp\/v2\/media?parent=8326"}],"wp:term":[{"taxonomy":"post_tag","embeddable":true,"href":"https:\/\/www.agriculture-machine.com\/fr\/wp-json\/wp\/v2\/tags?post=8326"},{"taxonomy":"product-type","embeddable":true,"href":"https:\/\/www.agriculture-machine.com\/fr\/wp-json\/wp\/v2\/product-type?post=8326"}],"curies":[{"name":"wp","href":"https:\/\/api.w.org\/{rel}","templated":true}]}}