{"id":90,"date":"2018-07-12T03:02:30","date_gmt":"2018-07-11T19:02:30","guid":{"rendered":"https:\/\/www.agriculture-machine.com\/?p=90"},"modified":"2024-10-24T14:11:29","modified_gmt":"2024-10-24T06:11:29","slug":"maize-peeler-and-thresher","status":"publish","type":"product","link":"https:\/\/www.agriculture-machine.com\/fr\/maize-peeler-and-thresher\/","title":{"rendered":"Machine \u00e0 d\u00e9cortiquer le ma\u00efs | D\u00e9cortiqueuse de ma\u00efs | \u00c9plucheuse et d\u00e9cortiqueuse de ma\u00efs"},"content":{"rendered":"<div class=\"img\"> <h2>Br\u00e8ve introduction de la d\u00e9cortiqueuse de ma\u00efs<\/h2> <p class=\"translation-block\"><a href=\"https:\/\/www.agriculture-machine.com\/fr\/maize-sheller\/\">La d\u00e9cortiqueuse de ma\u00efs<\/a> d\u00e9signe un appareil m\u00e9canique pour d\u00e9cortiquer le ma\u00efs. La d\u00e9cortiqueuse de ma\u00efs poss\u00e8de des caract\u00e9ristiques d'automatisation \u00e9lev\u00e9e, de s\u00e9curit\u00e9 renforc\u00e9e, d'op\u00e9ration simple et de faible consommation d'\u00e9nergie.<\/p> <p class=\"translation-block\">La partie int\u00e9rieure de la <a href=\"https:\/\/www.agriculture-machine.com\/fr\/corn-thresher-a-good-helper-for-farmers\/\"><strong>d\u00e9cortiqueuse de ma\u00efs<\/strong><\/a> est une structure mont\u00e9e-descendue, et la tige de ma\u00efs est d'abord \u00e9pluch\u00e9e puis d\u00e9cortiqu\u00e9e. Le marteau cylindrique est une pi\u00e8ce importante pour que la tige et le grain restent intacts. Avec une conception raisonnable et une grande capacit\u00e9, cette d\u00e9cortiqueuse de ma\u00efs est vraiment un outil utile pour les agriculteurs, adapt\u00e9e \u00e0 un usage domestique ou industriel, augmentant consid\u00e9rablement l'efficacit\u00e9 du travail.<\/p> <\/div>    <figure class=\"wp-block-image alignnone size-full wp-image-8656\"><img loading=\"lazy\" decoding=\"async\" width=\"720\" height=\"540\" src=\"https:\/\/www.agriculture-machine.com\/wp-content\/uploads\/2018\/07\/Cylindroid-hammer-of-corn-sheller.jpg\" alt=\"Marteau cylindrique de la d\u00e9cortiqueuse de ma\u00efs\" class=\"wp-image-8656\" srcset=\"https:\/\/www.agriculture-machine.com\/wp-content\/uploads\/2018\/07\/Cylindroid-hammer-of-corn-sheller.jpg 720w, https:\/\/www.agriculture-machine.com\/wp-content\/uploads\/2018\/07\/Cylindroid-hammer-of-corn-sheller-360x270.jpg 360w, https:\/\/www.agriculture-machine.com\/wp-content\/uploads\/2018\/07\/Cylindroid-hammer-of-corn-sheller-240x180.jpg 240w\" sizes=\"auto, (max-width: 720px) 100vw, 720px\" \/><figcaption class=\"wp-element-caption\">Marteau cylindrique de la d\u00e9cortiqueuse de ma\u00efs<\/figcaption><\/figure>    <h2 class=\"wp-block-heading\">Vid\u00e9o de fonctionnement de la machine \u00e0 d\u00e9cortiquer le ma\u00efs<\/h2>   <p><iframe loading=\"lazy\" title=\"D\u00e9cortiqueuse de ma\u00efs 1,5 t\/h pour la vente \/ d\u00e9cortiqueuse de ma\u00efs \/ prix d&#039;usine de la d\u00e9cortiqueuse de ma\u00efs\" width=\"500\" height=\"281\" src=\"https:\/\/www.youtube.com\/embed\/1I_5hDldvw4?feature=oembed\" frameborder=\"0\" allow=\"accelerometer; autoplay; clipboard-write; encrypted-media; gyroscope; picture-in-picture; web-share\" referrerpolicy=\"strict-origin-when-cross-origin\" allowfullscreen><\/iframe><\/p>    <figure class=\"wp-block-image aligncenter\"><img loading=\"lazy\" decoding=\"async\" width=\"500\" height=\"600\" src=\"https:\/\/www.agriculture-machine.com\/wp-content\/uploads\/2018\/07\/corn-shelling-machine-8.jpg\" alt=\"\" class=\"wp-image-2891\" srcset=\"https:\/\/www.agriculture-machine.com\/wp-content\/uploads\/2018\/07\/corn-shelling-machine-8.jpg 500w, https:\/\/www.agriculture-machine.com\/wp-content\/uploads\/2018\/07\/corn-shelling-machine-8-225x270.jpg 225w, https:\/\/www.agriculture-machine.com\/wp-content\/uploads\/2018\/07\/corn-shelling-machine-8-450x540.jpg 450w\" sizes=\"auto, (max-width: 500px) 100vw, 500px\" \/><\/figure>    <h2 class=\"wp-block-heading\">Puissance adapt\u00e9e de la d\u00e9cortiqueuse de ma\u00efs<\/h2>    <p>To meet customer&#8217;s different requirements, our maize thresher can be driven by a 2.2KW motor, 170F gasoline engine, or 8 HP diesel engine.<\/p>    <figure class=\"wp-block-image aligncenter\"><img loading=\"lazy\" decoding=\"async\" width=\"500\" height=\"600\" src=\"https:\/\/www.agriculture-machine.com\/wp-content\/uploads\/2018\/07\/corn-shelling-machine-9.jpg\" alt=\"\" class=\"wp-image-2892\" srcset=\"https:\/\/www.agriculture-machine.com\/wp-content\/uploads\/2018\/07\/corn-shelling-machine-9.jpg 500w, https:\/\/www.agriculture-machine.com\/wp-content\/uploads\/2018\/07\/corn-shelling-machine-9-225x270.jpg 225w, https:\/\/www.agriculture-machine.com\/wp-content\/uploads\/2018\/07\/corn-shelling-machine-9-450x540.jpg 450w\" sizes=\"auto, (max-width: 500px) 100vw, 500px\" \/><\/figure>    <h2 class=\"wp-block-heading\">Avantages de la d\u00e9cortiqueuse de ma\u00efs<\/h2>    <ol class=\"wp-block-list\"> <li>Le ventilateur d'aspiration peut absorber les impuret\u00e9s des \u00e9pis, telles que la soie de ma\u00efs, la peau de ma\u00efs, la poussi\u00e8re, etc.<\/li>    <li>Gr\u00e2ce \u00e0 ses quatre roues, la machine \u00e0 d\u00e9cortiquer le ma\u00efs est facile \u00e0 installer et \u00e0 d\u00e9placer pendant le fonctionnement, et le lieu de travail de la d\u00e9cortiqueuse n'est pas limit\u00e9.<\/li>    <li>La machine \u00e0 d\u00e9cortiquer le ma\u00efs a deux fonctions, l'une consiste \u00e0 enlever l'\u00e9pluchure de ma\u00efs, et l'autre \u00e0 d\u00e9cortiquer le ma\u00efs, ce qui permet de gagner beaucoup de temps et d'argent par rapport \u00e0 une machine \u00e0 fonction unique.<\/li>    <li>La haute efficacit\u00e9 est la caract\u00e9ristique la plus remarquable, elle peut obtenir 1-1,5 t de grains de ma\u00efs par heure. Parce que la fonction d'\u00e9pluchage et la fonction de d\u00e9corticage peuvent \u00eatre effectu\u00e9es simultan\u00e9ment. Le plus important est que le taux de d\u00e9corticage atteint 97 %, ce qui signifie que presque tous les grains restent intacts.<\/li>    <li>Taux de cassure faible. Il est inf\u00e9rieur \u00e0 3 %.<\/li> <\/ol>    <figure class=\"wp-block-image aligncenter size-full wp-image-9072\"><img loading=\"lazy\" decoding=\"async\" width=\"500\" height=\"600\" src=\"https:\/\/www.agriculture-machine.com\/wp-content\/uploads\/2018\/07\/corn-thresher-machine.jpg\" alt=\"Machine \u00e0 d\u00e9cortiquer le ma\u00efs\" class=\"wp-image-9072\" srcset=\"https:\/\/www.agriculture-machine.com\/wp-content\/uploads\/2018\/07\/corn-thresher-machine.jpg 500w, https:\/\/www.agriculture-machine.com\/wp-content\/uploads\/2018\/07\/corn-thresher-machine-225x270.jpg 225w, https:\/\/www.agriculture-machine.com\/wp-content\/uploads\/2018\/07\/corn-thresher-machine-450x540.jpg 450w\" sizes=\"auto, (max-width: 500px) 100vw, 500px\" \/><figcaption class=\"wp-element-caption\">Machine \u00e0 d\u00e9cortiquer le ma\u00efs<\/figcaption><\/figure>    <h2 class=\"wp-block-heading\">Param\u00e8tre technique de la d\u00e9cortiqueuse de ma\u00efs<\/h2>    <figure class=\"wp-block-table is-style-stripes\"><table><tbody><tr><td>Mod\u00e8le<\/td><td>SL-AB2<\/td><\/tr><tr><td>Puissance<\/td><td>2.2kw<\/td><\/tr><tr><td>Capacit\u00e9<\/td><td>1-1,5 t\/h<\/td><\/tr><tr><td>Poids<\/td><td>110 kg<\/td><\/tr><tr><td>Taille<\/td><td>1050*500*1300mm<\/td><\/tr><\/tbody><\/table><figcaption class=\"wp-element-caption\">Donn\u00e9es techniques d\u00e9taill\u00e9es de la d\u00e9cortiqueuse de ma\u00efs<\/figcaption><\/figure>    <h2 class=\"wp-block-heading\">Un cas de succ\u00e8s de la d\u00e9cortiqueuse de ma\u00efs<\/h2>    <p class=\"translation-block\">Nous avons vendu de nombreux conteneurs de <strong>machines \u00e0 d\u00e9cortiquer le ma\u00efs<\/strong> \u00e0 l'\u00e9tranger, comme des machines pour le Pakistan <a href=\"https:\/\/www.agriculture-machine.com\/fr\/maize-sheller-price-in-kenya\/\">en particulier le march\u00e9 africain<\/a>, (Nigeria, Ghana, Kenya, Maroc, etc). <\/p>    <p>Cette d\u00e9cortiqueuse de ma\u00efs est tr\u00e8s appr\u00e9ci\u00e9e par tous nos clients, c'est pourquoi elle est la vente la plus populaire dans notre usine. <\/p>    <p>R\u00e9cemment, nous avons livr\u00e9 1500 ensembles de d\u00e9cortiqueuses de ma\u00efs au Zimbabwe dans le cadre d'une commande gouvernementale. Il nous a fallu un mois pour terminer cette commande et l'emballer soigneusement pour assurer une livraison s\u00fbre.<\/p>    <figure class=\"wp-block-image aligncenter\"><img loading=\"lazy\" decoding=\"async\" width=\"500\" height=\"600\" src=\"https:\/\/www.agriculture-machine.com\/wp-content\/uploads\/2018\/07\/corn-shelling-machine-5.jpg\" alt=\"\" class=\"wp-image-2888\" srcset=\"https:\/\/www.agriculture-machine.com\/wp-content\/uploads\/2018\/07\/corn-shelling-machine-5.jpg 500w, https:\/\/www.agriculture-machine.com\/wp-content\/uploads\/2018\/07\/corn-shelling-machine-5-225x270.jpg 225w, https:\/\/www.agriculture-machine.com\/wp-content\/uploads\/2018\/07\/corn-shelling-machine-5-450x540.jpg 450w\" sizes=\"auto, (max-width: 500px) 100vw, 500px\" \/><\/figure>    <figure class=\"wp-block-image aligncenter\"><img loading=\"lazy\" decoding=\"async\" width=\"500\" height=\"600\" src=\"https:\/\/www.agriculture-machine.com\/wp-content\/uploads\/2018\/07\/corn-shelling-machine-1.jpg\" alt=\"\" class=\"wp-image-2885\" srcset=\"https:\/\/www.agriculture-machine.com\/wp-content\/uploads\/2018\/07\/corn-shelling-machine-1.jpg 500w, https:\/\/www.agriculture-machine.com\/wp-content\/uploads\/2018\/07\/corn-shelling-machine-1-225x270.jpg 225w, https:\/\/www.agriculture-machine.com\/wp-content\/uploads\/2018\/07\/corn-shelling-machine-1-450x540.jpg 450w\" sizes=\"auto, (max-width: 500px) 100vw, 500px\" \/><\/figure>    <h2 class=\"wp-block-heading\">FAQ de la d\u00e9cortiqueuse de ma\u00efs<\/h2>   <div id=\"rank-math-faq\" class=\"rank-math-block\"> <div class=\"rank-math-list\"> <div id=\"faq-question-1715244983299\" class=\"rank-math-list-item\"> <h3 class=\"rank-math-question\">Quelle est la structure interne de la<strong> Machine \u00e0 d\u00e9cortiquer le ma\u00efs ?<\/strong><\/h3> <div class=\"rank-math-answer\">  <p>Il s'agit d'une d\u00e9cortiqueuse \u00e0 structure mont\u00e9e-descendue, ce qui signifie que la machine \u00e9pluche d'abord sa peau puis d\u00e9cortique le ma\u00efs.<\/p>  <\/div> <\/div> <div id=\"faq-question-1715244989064\" class=\"rank-math-list-item\"> <h3 class=\"rank-math-question\">Quelle est la capacit\u00e9 de cette d\u00e9cortiqueuse de ma\u00efs ?<\/h3> <div class=\"rank-math-answer\">  <p>Sa capacit\u00e9 est de 1-1,5 t\/h<\/p>  <\/div> <\/div> <div id=\"faq-question-1715245004624\" class=\"rank-math-list-item\"> <h3 class=\"rank-math-question\">Quelles sont les pi\u00e8ces de rechange vuln\u00e9rables ? Dois-je les acheter lors de la commande d'une machine chez vous ?<\/h3> <div class=\"rank-math-answer\">  <p>Les deux rouleaux \u00e0 l'int\u00e9rieur de la machine \u00e0 d\u00e9cortiquer le ma\u00efs sont vuln\u00e9rables et doivent \u00eatre chang\u00e9s chaque ann\u00e9e. Il est pr\u00e9f\u00e9rable d'en acheter un suppl\u00e9mentaire.<\/p>  <\/div> <\/div> <div id=\"faq-question-1715245024080\" class=\"rank-math-list-item\"> <h3 class=\"rank-math-question\">La peau du ma\u00efs peut-elle \u00eatre enti\u00e8rement enlev\u00e9e ?<\/h3> <div class=\"rank-math-answer\">  <p>Oui, elle peut \u00eatre enti\u00e8rement enlev\u00e9e et souffl\u00e9e par un ventilateur d'aspiration.<\/p>  <\/div> <\/div> <div id=\"faq-question-1715245037520\" class=\"rank-math-list-item\"> <h3 class=\"rank-math-question\">Quel est le taux de d\u00e9corticage ?<\/h3> <div class=\"rank-math-answer\">  <p>Le taux de d\u00e9corticage peut atteindre 98 % et les grains de ma\u00efs sont tr\u00e8s propres apr\u00e8s d\u00e9corticage.<\/p>  <\/div> <\/div> <div id=\"faq-question-1715245045096\" class=\"rank-math-list-item\"> <h3 class=\"rank-math-question\">Y a-t-il des grains de ma\u00efs cass\u00e9s apr\u00e8s d\u00e9corticage ?<\/h3> <div class=\"rank-math-answer\">  <p>Deux rouleaux en mat\u00e9riau sp\u00e9cial jouent un r\u00f4le important dans le d\u00e9corticage, et sa structure cylindrique peut minimiser le taux de cassure. Ainsi, le taux de cassure est inf\u00e9rieur \u00e0 3 %.<\/p>  <\/div> <\/div> <div id=\"faq-question-1715245052392\" class=\"rank-math-list-item\"> <h3 class=\"rank-math-question\">Cette machine \u00e0 d\u00e9cortiquer le ma\u00efs est-elle uniquement adapt\u00e9e au ma\u00efs ?<\/h3> <div class=\"rank-math-answer\">  <p>Oui, c'est une machine qui ne peut \u00eatre utilis\u00e9e que pour le ma\u00efs ou le bl\u00e9, mais nous avons aussi d'autres d\u00e9cortiqueuses multifonctionnelles pour d\u00e9cortiquer diff\u00e9rentes cultures. N'h\u00e9sitez pas \u00e0 nous contacter pour en savoir plus.<\/p>  <\/div> <\/div> <\/div> <\/div>   <h2 class=\"wp-block-heading\">Pourquoi acheter une d\u00e9cortiqueuse de ma\u00efs chez nous<\/h2>    <div>Nous sommes un fabricant sp\u00e9cialis\u00e9 dans la machinerie agricole. En plus de <a href=\"https:\/\/www.agriculture-machine.com\/fr\/multifunctional-thresher-for-maize-beans-sorghum-millet\/\">D\u00e9cortiqueuses de ma\u00efs<\/a>, we also have corn planters, seedling machines, transplanters, peanut shelling machines, grain grinders, grass cutters, etc. At present, much African government&#8217;s poverty alleviation projects have cooperated with us and purchased a large number of agricultural machinery from us.<\/div>    <div> <\/div>    <figure class=\"wp-block-image aligncenter size-full wp-image-8658\"><img loading=\"lazy\" decoding=\"async\" width=\"720\" height=\"540\" src=\"https:\/\/www.agriculture-machine.com\/wp-content\/uploads\/2018\/07\/African-government-poverty-alleviation-project-to-purchase-agricultural-machinery.jpg\" alt=\"Projet de lutte contre la pauvret\u00e9 par le gouvernement africain pour l&#039;achat de machines agricoles\" class=\"wp-image-8658\" srcset=\"https:\/\/www.agriculture-machine.com\/wp-content\/uploads\/2018\/07\/African-government-poverty-alleviation-project-to-purchase-agricultural-machinery.jpg 720w, https:\/\/www.agriculture-machine.com\/wp-content\/uploads\/2018\/07\/African-government-poverty-alleviation-project-to-purchase-agricultural-machinery-360x270.jpg 360w, https:\/\/www.agriculture-machine.com\/wp-content\/uploads\/2018\/07\/African-government-poverty-alleviation-project-to-purchase-agricultural-machinery-240x180.jpg 240w\" sizes=\"auto, (max-width: 720px) 100vw, 720px\" \/><figcaption class=\"wp-element-caption\">Projet de lutte contre la pauvret\u00e9 par le gouvernement africain pour l'achat de machines agricoles<\/figcaption><\/figure>    <h2 class=\"wp-block-heading\">Contactez-nous \u00e0 tout moment<\/h2>    <p>Si vous \u00eates int\u00e9ress\u00e9 par nos machines \u00e0 d\u00e9cortiquer le ma\u00efs ou si vous avez des questions, n'h\u00e9sitez pas \u00e0 nous contacter. Nous vous accueillons chaleureusement \u00e0 visiter notre usine, \u00e0 en apprendre davantage sur nos produits, et \u00e0 d\u00e9couvrir la gamme compl\u00e8te de services que nous proposons. Au plaisir de collaborer avec vous !<\/p>","protected":false},"excerpt":{"rendered":"<p>Il s'agit d'une machine \u00e0 d\u00e9cortiquer le ma\u00efs, qui enl\u00e8ve d'abord la cosse, puis d\u00e9cortique le ma\u00efs. Elle est aussi appel\u00e9e machine \u00e0 \u00e9plucher et d\u00e9cortiquer le ma\u00efs. Avec un taux de d\u00e9corticage \u00e9lev\u00e9, les grains finaux sont tr\u00e8s propres.<\/p>","protected":false},"author":1,"featured_media":0,"parent":0,"comment_status":"closed","ping_status":"closed","template":"","tags":[491,2614],"product-type":[893,872],"class_list":["post-90","product","type-product","status-publish","hentry","tag-corn","tag-thresher","product-type-corn-thresher","product-type-thresher-sheller"],"_links":{"self":[{"href":"https:\/\/www.agriculture-machine.com\/fr\/wp-json\/wp\/v2\/product\/90","targetHints":{"allow":["GET"]}}],"collection":[{"href":"https:\/\/www.agriculture-machine.com\/fr\/wp-json\/wp\/v2\/product"}],"about":[{"href":"https:\/\/www.agriculture-machine.com\/fr\/wp-json\/wp\/v2\/types\/product"}],"author":[{"embeddable":true,"href":"https:\/\/www.agriculture-machine.com\/fr\/wp-json\/wp\/v2\/users\/1"}],"replies":[{"embeddable":true,"href":"https:\/\/www.agriculture-machine.com\/fr\/wp-json\/wp\/v2\/comments?post=90"}],"wp:attachment":[{"href":"https:\/\/www.agriculture-machine.com\/fr\/wp-json\/wp\/v2\/media?parent=90"}],"wp:term":[{"taxonomy":"post_tag","embeddable":true,"href":"https:\/\/www.agriculture-machine.com\/fr\/wp-json\/wp\/v2\/tags?post=90"},{"taxonomy":"product-type","embeddable":true,"href":"https:\/\/www.agriculture-machine.com\/fr\/wp-json\/wp\/v2\/product-type?post=90"}],"curies":[{"name":"wp","href":"https:\/\/api.w.org\/{rel}","templated":true}]}}