{"id":9470,"date":"2021-03-23T15:39:55","date_gmt":"2021-03-23T07:39:55","guid":{"rendered":"https:\/\/www.agriculture-machine.com\/?p=9470"},"modified":"2024-09-18T16:13:14","modified_gmt":"2024-09-18T08:13:14","slug":"sorghum-thresher-for-threshing-millet-sorghum-rape-pearl-millet","status":"publish","type":"product","link":"https:\/\/www.agriculture-machine.com\/fr\/sorghum-thresher-for-threshing-millet-sorghum-rape-pearl-millet\/","title":{"rendered":"Moissonneuse de sorgho | Moissonneuse de millet | Moissonneuse de millet perl\u00e9"},"content":{"rendered":"<p class=\"translation-block\">De nombreux pays comme le Pakistan, le Kazakhstan, le Tadjikistan, le Kenya, la Namibie, la Zambie, et d'autres cultivent du millet, du sorgho et du colza. Pour ces trois cultures, nous avons sp\u00e9cialement con\u00e7u et produit un d\u00e9cortiqueur pour d\u00e9cortiquer le sorgho, le millet et le colza. De nombreux fabricants sur le march\u00e9 pr\u00e9tendent que leurs <a href=\"https:\/\/www.agriculture-machine.com\/fr\/multifunctional-thresher-machine\/\">machines \u00e0 d\u00e9cortiquer multifonctionnelles<\/a> peuvent d\u00e9cortiquer le sorgho, le millet et le colza, mais leur efficacit\u00e9 de d\u00e9corticage n'est pas bonne. Leur taux de dommages est \u00e9lev\u00e9, et le taux d'impuret\u00e9s aussi. Notre d\u00e9cortiqueur de sorgho \u00e9vite ces probl\u00e8mes.<\/p> <figure id=\"attachment_9735\" aria-describedby=\"caption-attachment-9735\" style=\"width: 720px\" class=\"wp-caption alignnone\"><img loading=\"lazy\" decoding=\"async\" class=\"size-full wp-image-9735\" src=\"https:\/\/www.agriculture-machine.com\/wp-content\/uploads\/2021\/03\/sorghum-1.jpg\" alt=\"sorgho\" width=\"720\" height=\"540\" srcset=\"https:\/\/www.agriculture-machine.com\/wp-content\/uploads\/2021\/03\/sorghum-1.jpg 720w, https:\/\/www.agriculture-machine.com\/wp-content\/uploads\/2021\/03\/sorghum-1-360x270.jpg 360w, https:\/\/www.agriculture-machine.com\/wp-content\/uploads\/2021\/03\/sorghum-1-240x180.jpg 240w\" sizes=\"auto, (max-width: 720px) 100vw, 720px\" \/><figcaption id=\"caption-attachment-9735\" class=\"wp-caption-text\">sorgho<\/figcaption><\/figure> <h2><strong><b>Applications de la machine \u00e0 d\u00e9cortiquer le millet<\/b><\/strong><\/h2> <p>Les machines \u00e0 d\u00e9cortiquer le millet sont un nouveau produit d\u00e9velopp\u00e9 par notre entreprise, sp\u00e9cialement utilis\u00e9 pour le millet, le sorgho et le colza. Certaines personnes diraient que votre machine ne peut d\u00e9cortiquer que ces trois cultures ? Oui, car cette machine est sp\u00e9cialement con\u00e7ue et produite en fonction de la taille et des caract\u00e9ristiques du sorgho et du millet.<\/p> <div id='gallery-1' class='gallery galleryid-9470 gallery-columns-3 gallery-size-large'><figure class='gallery-item'> \t\t\t<div class='gallery-icon landscape'> \t\t\t\t<a href='https:\/\/www.agriculture-machine.com\/wp-content\/uploads\/2021\/03\/millet.jpg'><img loading=\"lazy\" decoding=\"async\" width=\"720\" height=\"540\" src=\"https:\/\/www.agriculture-machine.com\/wp-content\/uploads\/2021\/03\/millet.jpg\" class=\"attachment-large size-large\" alt=\"millet\" aria-describedby=\"gallery-1-9472\" srcset=\"https:\/\/www.agriculture-machine.com\/wp-content\/uploads\/2021\/03\/millet.jpg 720w, https:\/\/www.agriculture-machine.com\/wp-content\/uploads\/2021\/03\/millet-360x270.jpg 360w, https:\/\/www.agriculture-machine.com\/wp-content\/uploads\/2021\/03\/millet-240x180.jpg 240w\" sizes=\"auto, (max-width: 720px) 100vw, 720px\" \/><\/a> \t\t\t<\/div> \t\t\t\t<figcaption class='wp-caption-text gallery-caption' id='gallery-1-9472'> \t\t\t\tmillet \t\t\t\t<\/figcaption><\/figure><figure class='gallery-item'> \t\t\t<div class='gallery-icon landscape'> \t\t\t\t<a href='https:\/\/www.agriculture-machine.com\/wp-content\/uploads\/2021\/03\/rape.jpg'><img loading=\"lazy\" decoding=\"async\" width=\"720\" height=\"540\" src=\"https:\/\/www.agriculture-machine.com\/wp-content\/uploads\/2021\/03\/rape.jpg\" class=\"attachment-large size-large\" alt=\"colza\" aria-describedby=\"gallery-1-9473\" srcset=\"https:\/\/www.agriculture-machine.com\/wp-content\/uploads\/2021\/03\/rape.jpg 720w, https:\/\/www.agriculture-machine.com\/wp-content\/uploads\/2021\/03\/rape-360x270.jpg 360w, https:\/\/www.agriculture-machine.com\/wp-content\/uploads\/2021\/03\/rape-240x180.jpg 240w\" sizes=\"auto, (max-width: 720px) 100vw, 720px\" \/><\/a> \t\t\t<\/div> \t\t\t\t<figcaption class='wp-caption-text gallery-caption' id='gallery-1-9473'> \t\t\t\tcolza \t\t\t\t<\/figcaption><\/figure><figure class='gallery-item'> \t\t\t<div class='gallery-icon landscape'> \t\t\t\t<a href='https:\/\/www.agriculture-machine.com\/wp-content\/uploads\/2021\/03\/Sorghum-2.jpg'><img loading=\"lazy\" decoding=\"async\" width=\"720\" height=\"540\" src=\"https:\/\/www.agriculture-machine.com\/wp-content\/uploads\/2021\/03\/Sorghum-2.jpg\" class=\"attachment-large size-large\" alt=\"Sorgho-2\" aria-describedby=\"gallery-1-9474\" srcset=\"https:\/\/www.agriculture-machine.com\/wp-content\/uploads\/2021\/03\/Sorghum-2.jpg 720w, https:\/\/www.agriculture-machine.com\/wp-content\/uploads\/2021\/03\/Sorghum-2-360x270.jpg 360w, https:\/\/www.agriculture-machine.com\/wp-content\/uploads\/2021\/03\/Sorghum-2-240x180.jpg 240w\" sizes=\"auto, (max-width: 720px) 100vw, 720px\" \/><\/a> \t\t\t<\/div> \t\t\t\t<figcaption class='wp-caption-text gallery-caption' id='gallery-1-9474'> \t\t\t\tSorgho-2 \t\t\t\t<\/figcaption><\/figure><figure class='gallery-item'> \t\t\t<div class='gallery-icon landscape'> \t\t\t\t<a href='https:\/\/www.agriculture-machine.com\/wp-content\/uploads\/2021\/03\/pearl-millet.jpg'><img loading=\"lazy\" decoding=\"async\" width=\"720\" height=\"540\" src=\"https:\/\/www.agriculture-machine.com\/wp-content\/uploads\/2021\/03\/pearl-millet.jpg\" class=\"attachment-large size-large\" alt=\"pearl-millet\" aria-describedby=\"gallery-1-9476\" srcset=\"https:\/\/www.agriculture-machine.com\/wp-content\/uploads\/2021\/03\/pearl-millet.jpg 720w, https:\/\/www.agriculture-machine.com\/wp-content\/uploads\/2021\/03\/pearl-millet-360x270.jpg 360w, https:\/\/www.agriculture-machine.com\/wp-content\/uploads\/2021\/03\/pearl-millet-240x180.jpg 240w\" sizes=\"auto, (max-width: 720px) 100vw, 720px\" \/><\/a> \t\t\t<\/div> \t\t\t\t<figcaption class='wp-caption-text gallery-caption' id='gallery-1-9476'> \t\t\t\tpearl-millet \t\t\t\t<\/figcaption><\/figure><figure class='gallery-item'> \t\t\t<div class='gallery-icon landscape'> \t\t\t\t<a href='https:\/\/www.agriculture-machine.com\/wp-content\/uploads\/2021\/03\/Rapeseed.jpg'><img loading=\"lazy\" decoding=\"async\" width=\"720\" height=\"540\" src=\"https:\/\/www.agriculture-machine.com\/wp-content\/uploads\/2021\/03\/Rapeseed.jpg\" class=\"attachment-large size-large\" alt=\"Colza\" aria-describedby=\"gallery-1-9477\" srcset=\"https:\/\/www.agriculture-machine.com\/wp-content\/uploads\/2021\/03\/Rapeseed.jpg 720w, https:\/\/www.agriculture-machine.com\/wp-content\/uploads\/2021\/03\/Rapeseed-360x270.jpg 360w, https:\/\/www.agriculture-machine.com\/wp-content\/uploads\/2021\/03\/Rapeseed-240x180.jpg 240w\" sizes=\"auto, (max-width: 720px) 100vw, 720px\" \/><\/a> \t\t\t<\/div> \t\t\t\t<figcaption class='wp-caption-text gallery-caption' id='gallery-1-9477'> \t\t\t\tColza \t\t\t\t<\/figcaption><\/figure><figure class='gallery-item'> \t\t\t<div class='gallery-icon landscape'> \t\t\t\t<a href='https:\/\/www.agriculture-machine.com\/wp-content\/uploads\/2021\/03\/sorghum-seed.jpg'><img loading=\"lazy\" decoding=\"async\" width=\"720\" height=\"540\" src=\"https:\/\/www.agriculture-machine.com\/wp-content\/uploads\/2021\/03\/sorghum-seed.jpg\" class=\"attachment-large size-large\" alt=\"semence-de-sorgho\" aria-describedby=\"gallery-1-9475\" srcset=\"https:\/\/www.agriculture-machine.com\/wp-content\/uploads\/2021\/03\/sorghum-seed.jpg 720w, https:\/\/www.agriculture-machine.com\/wp-content\/uploads\/2021\/03\/sorghum-seed-360x270.jpg 360w, https:\/\/www.agriculture-machine.com\/wp-content\/uploads\/2021\/03\/sorghum-seed-240x180.jpg 240w\" sizes=\"auto, (max-width: 720px) 100vw, 720px\" \/><\/a> \t\t\t<\/div> \t\t\t\t<figcaption class='wp-caption-text gallery-caption' id='gallery-1-9475'> \t\t\t\tsemence-de-sorgho \t\t\t\t<\/figcaption><\/figure> \t\t<\/div>  <h2>Caract\u00e9ristiques de la machine \u00e0 d\u00e9cortiquer le sorgho<\/h2> <p>\u2666Structure raisonnable et performance stable : les utilisateurs peuvent d\u00e9cortiquer directement le riz, le millet et le colza r\u00e9colt\u00e9s sans les s\u00e9cher.<\/p> <p>\u2666Op\u00e9ration simple : seul un chargement manuel est requis, et la machine d\u00e9cortique et trie le sorgho toute seule.<\/p> <p>\u2666La machine poss\u00e8de de grandes roues pour un d\u00e9placement facile, sans restriction sur le lieu de travail.<\/p> <p>\u2666Le d\u00e9cortiqueur de millet peut \u00eatre utilis\u00e9 comme une machine autonome ou combin\u00e9 avec un tracteur pour am\u00e9liorer l'efficacit\u00e9 du travail.<\/p> <p>\u2666Ce mod\u00e8le est un d\u00e9cortiqueur \u00e0 grains de grande capacit\u00e9 avec une haute efficacit\u00e9. Si vous avez besoin d'une taille plus petite, veuillez nous contacter pour nous faire part de vos besoins.<\/p> <p>\u2666Puissance \u00e9quip\u00e9e du d\u00e9cortiqueur de sorgho : moteur \u00e9lectrique de 7,5 \u00e0 11 kW, moteur diesel de 15-20 chevaux pour les endroits o\u00f9 il manque d'\u00e9lectricit\u00e9.<\/p> <div id='gallery-2' class='gallery galleryid-9470 gallery-columns-2 gallery-size-large'><figure class='gallery-item'> \t\t\t<div class='gallery-icon landscape'> \t\t\t\t<a href='https:\/\/www.agriculture-machine.com\/wp-content\/uploads\/2021\/03\/pearl-millet-thresher-1-2.jpg'><img loading=\"lazy\" decoding=\"async\" width=\"720\" height=\"540\" src=\"https:\/\/www.agriculture-machine.com\/wp-content\/uploads\/2021\/03\/pearl-millet-thresher-1-2.jpg\" class=\"attachment-large size-large\" alt=\"d\u00e9cortiqueur-de-millet-de-perle\" aria-describedby=\"gallery-2-9745\" srcset=\"https:\/\/www.agriculture-machine.com\/wp-content\/uploads\/2021\/03\/pearl-millet-thresher-1-2.jpg 720w, https:\/\/www.agriculture-machine.com\/wp-content\/uploads\/2021\/03\/pearl-millet-thresher-1-2-360x270.jpg 360w, https:\/\/www.agriculture-machine.com\/wp-content\/uploads\/2021\/03\/pearl-millet-thresher-1-2-240x180.jpg 240w\" sizes=\"auto, (max-width: 720px) 100vw, 720px\" \/><\/a> \t\t\t<\/div> \t\t\t\t<figcaption class='wp-caption-text gallery-caption' id='gallery-2-9745'> \t\t\t\td\u00e9cortiqueur-de-millet-de-perle \t\t\t\t<\/figcaption><\/figure><figure class='gallery-item'> \t\t\t<div class='gallery-icon landscape'> \t\t\t\t<a href='https:\/\/www.agriculture-machine.com\/wp-content\/uploads\/2021\/03\/millet-thresher-machne-2.jpg'><img loading=\"lazy\" decoding=\"async\" width=\"720\" height=\"540\" src=\"https:\/\/www.agriculture-machine.com\/wp-content\/uploads\/2021\/03\/millet-thresher-machne-2.jpg\" class=\"attachment-large size-large\" alt=\"machine-de-d\u00e9cortication-de-millet\" aria-describedby=\"gallery-2-9744\" srcset=\"https:\/\/www.agriculture-machine.com\/wp-content\/uploads\/2021\/03\/millet-thresher-machne-2.jpg 720w, https:\/\/www.agriculture-machine.com\/wp-content\/uploads\/2021\/03\/millet-thresher-machne-2-360x270.jpg 360w, https:\/\/www.agriculture-machine.com\/wp-content\/uploads\/2021\/03\/millet-thresher-machne-2-240x180.jpg 240w\" sizes=\"auto, (max-width: 720px) 100vw, 720px\" \/><\/a> \t\t\t<\/div> \t\t\t\t<figcaption class='wp-caption-text gallery-caption' id='gallery-2-9744'> \t\t\t\tmachine-de-d\u00e9cortication-de-millet \t\t\t\t<\/figcaption><\/figure><figure class='gallery-item'> \t\t\t<div class='gallery-icon landscape'> \t\t\t\t<a href='https:\/\/www.agriculture-machine.com\/wp-content\/uploads\/2021\/03\/sorghum-thresher-combined-with-a-tractor-1-2.jpg'><img loading=\"lazy\" decoding=\"async\" width=\"720\" height=\"540\" src=\"https:\/\/www.agriculture-machine.com\/wp-content\/uploads\/2021\/03\/sorghum-thresher-combined-with-a-tractor-1-2.jpg\" class=\"attachment-large size-large\" alt=\"sorgho-d\u00e9cortiqueur-combin\u00e9-avec-un-tracteur--\" aria-describedby=\"gallery-2-9747\" srcset=\"https:\/\/www.agriculture-machine.com\/wp-content\/uploads\/2021\/03\/sorghum-thresher-combined-with-a-tractor-1-2.jpg 720w, https:\/\/www.agriculture-machine.com\/wp-content\/uploads\/2021\/03\/sorghum-thresher-combined-with-a-tractor-1-2-360x270.jpg 360w, https:\/\/www.agriculture-machine.com\/wp-content\/uploads\/2021\/03\/sorghum-thresher-combined-with-a-tractor-1-2-240x180.jpg 240w\" sizes=\"auto, (max-width: 720px) 100vw, 720px\" \/><\/a> \t\t\t<\/div> \t\t\t\t<figcaption class='wp-caption-text gallery-caption' id='gallery-2-9747'> \t\t\t\tsorghum-thresher-combined-with-a-tractor&#8211; \t\t\t\t<\/figcaption><\/figure><figure class='gallery-item'> \t\t\t<div class='gallery-icon landscape'> \t\t\t\t<a href='https:\/\/www.agriculture-machine.com\/wp-content\/uploads\/2021\/03\/sorghum-thresher-combined-with-a-tractor-2.jpg'><img loading=\"lazy\" decoding=\"async\" width=\"720\" height=\"540\" src=\"https:\/\/www.agriculture-machine.com\/wp-content\/uploads\/2021\/03\/sorghum-thresher-combined-with-a-tractor-2.jpg\" class=\"attachment-large size-large\" alt=\"sorgho-d\u00e9cortiqueur-combin\u00e9-avec-un-tracteur\" aria-describedby=\"gallery-2-9746\" srcset=\"https:\/\/www.agriculture-machine.com\/wp-content\/uploads\/2021\/03\/sorghum-thresher-combined-with-a-tractor-2.jpg 720w, https:\/\/www.agriculture-machine.com\/wp-content\/uploads\/2021\/03\/sorghum-thresher-combined-with-a-tractor-2-360x270.jpg 360w, https:\/\/www.agriculture-machine.com\/wp-content\/uploads\/2021\/03\/sorghum-thresher-combined-with-a-tractor-2-240x180.jpg 240w\" sizes=\"auto, (max-width: 720px) 100vw, 720px\" \/><\/a> \t\t\t<\/div> \t\t\t\t<figcaption class='wp-caption-text gallery-caption' id='gallery-2-9746'> \t\t\t\tsorgho-d\u00e9cortiqueur-combin\u00e9-avec-un-tracteur \t\t\t\t<\/figcaption><\/figure> \t\t<\/div>  <h2>Quelles conditions sont optimales pour d\u00e9cortiquer le millet, le sorgho et le colza ?<\/h2> <p>Lorsque vous utilisez une machine \u00e0 d\u00e9cortiquer le sorgho, veuillez respecter la condition que l'humidit\u00e9 du grain est de 15-20 %<\/p> <p>Taux de d\u00e9corticage : \u226599%<\/p> <p>Taux de dommages : \u22642,5%<\/p> <p>Taux d'impuret\u00e9s : \u22641,5%<\/p> <p>production : 800-1000kg\/h<\/p> <h2>La vid\u00e9o de fonctionnement du d\u00e9cortiqueur de millet \u00e0 \u00e9pi de pearl<\/h2> <p><iframe loading=\"lazy\" title=\"d\u00e9cortiqueur-de-sorgho\/machine-\u00e0-d\u00e9cortiquer-le-millet\/d\u00e9cortiqueur-de-sorgho\/machine-\u00e0-d\u00e9cortiquer-le-colza\" width=\"500\" height=\"281\" src=\"https:\/\/www.youtube.com\/embed\/64tL5kKASjQ?feature=oembed\" frameborder=\"0\" allow=\"accelerometer; autoplay; clipboard-write; encrypted-media; gyroscope; picture-in-picture; web-share\" referrerpolicy=\"strict-origin-when-cross-origin\" allowfullscreen><\/iframe><\/p> <h2>Cas client<\/h2> <p>Nous avons vendu 3 ensembles de machines \u00e0 d\u00e9cortiquer le millet \u00e0 la Namibie. Le client cultive principalement du sorgho et du millet. \u00c9tant donn\u00e9 qu'il s'agit d'une grande surface de plantation, il a achet\u00e9 ces d\u00e9cortiqueurs de millet.<\/p> <figure id=\"attachment_9741\" aria-describedby=\"caption-attachment-9741\" style=\"width: 720px\" class=\"wp-caption alignnone\"><img loading=\"lazy\" decoding=\"async\" class=\"size-full wp-image-9741\" src=\"https:\/\/www.agriculture-machine.com\/wp-content\/uploads\/2021\/03\/3-sets-of-sorghum-thresher-sold-to-Namibia-2.jpg\" alt=\"3 ensembles de d\u00e9cortiqueurs de sorgho vendus \u00e0 la Namibie\" width=\"720\" height=\"540\" srcset=\"https:\/\/www.agriculture-machine.com\/wp-content\/uploads\/2021\/03\/3-sets-of-sorghum-thresher-sold-to-Namibia-2.jpg 720w, https:\/\/www.agriculture-machine.com\/wp-content\/uploads\/2021\/03\/3-sets-of-sorghum-thresher-sold-to-Namibia-2-360x270.jpg 360w, https:\/\/www.agriculture-machine.com\/wp-content\/uploads\/2021\/03\/3-sets-of-sorghum-thresher-sold-to-Namibia-2-240x180.jpg 240w\" sizes=\"auto, (max-width: 720px) 100vw, 720px\" \/><figcaption id=\"caption-attachment-9741\" class=\"wp-caption-text\">3 ensembles de d\u00e9cortiqueurs de sorgho vendus \u00e0 la Namibie<\/figcaption><\/figure> <h2>Param\u00e8tres techniques<\/h2> <table> <tbody> <tr> <td width=\"225\"><strong><b>Mod\u00e8le <\/b><\/strong><\/td> <td width=\"343\"><strong><b>5TGQ-100A<\/b><\/strong><\/td> <\/tr> <tr> <td width=\"225\"><strong><b>Puissance <\/b><\/strong><\/td> <td width=\"343\"><strong><b>7,5-11kw ou 12-15hp <\/b><\/strong><\/td> <\/tr> <tr> <td width=\"225\"><strong><b>Taux de d\u00e9corticage<\/b><\/strong><\/td> <td width=\"343\"><strong><b>99%<\/b><\/strong><\/td> <\/tr> <tr> <td width=\"225\"><strong><b>Capacit\u00e9<\/b><\/strong><\/td> <td width=\"343\"><strong><b>1000kg\/h <\/b><\/strong><\/td> <\/tr> <tr> <td width=\"225\"><strong><b>Poids <\/b><\/strong><\/td> <td width=\"343\"><strong><b>200kg<\/b><\/strong><\/td> <\/tr> <tr> <td width=\"225\"><strong><b>Taille<\/b><\/strong><\/td> <td width=\"343\"><strong><b>1900*880*2380mm<\/b><\/strong><\/td> <\/tr> <\/tbody> <\/table>","protected":false},"excerpt":{"rendered":"<p>Many countries such as Pakistan, Kazakhstan, Tajikistan, Kenya, Namibia, Zambia, and other countries will grow millet, sorghum, and rape. For these three crops, we have specially researched and produced a thresher for threshing sorghum, millet, and rape. Many manufacturers on the market boast that their multifunctional thresher machines can thresh sorghum, millet, and rape, but [&hellip;]<\/p>\n","protected":false},"author":1,"featured_media":9479,"parent":0,"comment_status":"closed","ping_status":"closed","template":"","tags":[2614],"product-type":[246,2,896],"class_list":["post-9470","product","type-product","status-publish","has-post-thumbnail","hentry","tag-thresher","product-type-hot-sale","product-type-products","product-type-sorghum-millet-rapeseed-thresher"],"_links":{"self":[{"href":"https:\/\/www.agriculture-machine.com\/fr\/wp-json\/wp\/v2\/product\/9470","targetHints":{"allow":["GET"]}}],"collection":[{"href":"https:\/\/www.agriculture-machine.com\/fr\/wp-json\/wp\/v2\/product"}],"about":[{"href":"https:\/\/www.agriculture-machine.com\/fr\/wp-json\/wp\/v2\/types\/product"}],"author":[{"embeddable":true,"href":"https:\/\/www.agriculture-machine.com\/fr\/wp-json\/wp\/v2\/users\/1"}],"replies":[{"embeddable":true,"href":"https:\/\/www.agriculture-machine.com\/fr\/wp-json\/wp\/v2\/comments?post=9470"}],"wp:featuredmedia":[{"embeddable":true,"href":"https:\/\/www.agriculture-machine.com\/fr\/wp-json\/wp\/v2\/media\/9479"}],"wp:attachment":[{"href":"https:\/\/www.agriculture-machine.com\/fr\/wp-json\/wp\/v2\/media?parent=9470"}],"wp:term":[{"taxonomy":"post_tag","embeddable":true,"href":"https:\/\/www.agriculture-machine.com\/fr\/wp-json\/wp\/v2\/tags?post=9470"},{"taxonomy":"product-type","embeddable":true,"href":"https:\/\/www.agriculture-machine.com\/fr\/wp-json\/wp\/v2\/product-type?post=9470"}],"curies":[{"name":"wp","href":"https:\/\/api.w.org\/{rel}","templated":true}]}}