{"id":9825,"date":"2021-04-09T14:37:03","date_gmt":"2021-04-09T06:37:03","guid":{"rendered":"https:\/\/www.agriculture-machine.com\/?p=9825"},"modified":"2025-08-29T14:33:29","modified_gmt":"2025-08-29T06:33:29","slug":"corn-flour-machine-maize-flour-milling-machine","status":"publish","type":"product","link":"https:\/\/www.agriculture-machine.com\/fr\/corn-flour-machine-maize-flour-milling-machine\/","title":{"rendered":"Moulin \u00e0 farine de ma\u00efs"},"content":{"rendered":"<p>La machine \u00e0 farine de ma\u00efs est un \u00e9quipement de broyage polyvalent adapt\u00e9 au ma\u00efs, au bl\u00e9, au riz, aux grains, aux l\u00e9gumineuses, et \u00e0 certains pellets industriels, chimiques et pharmaceutiques, avec une capacit\u00e9 de production quotidienne de 350-500 kg\/h. Elle peut moudre le ma\u00efs en poudre fine d\u00e9passant 100 mesh, produisant une finition lisse, uniforme, sans taches sombres tout en maximisant la conservation des nutriments et de la saveur du grain.<\/p>    <p>\u00c9quip\u00e9e d'un souffleur \u00e0 haute pression et de mini-silos \u00e0 double tr\u00e9mie, elle permet une alimentation pneumatique enti\u00e8rement automatis\u00e9e. L'alimentation, le broyage et le tamisage sont r\u00e9alis\u00e9s sans intervention manuelle, ce qui augmente consid\u00e9rablement l'efficacit\u00e9 de la production et r\u00e9duit les besoins en main-d'\u0153uvre.<\/p>    <figure class=\"wp-block-image aligncenter size-full wp-image-9827\"><img loading=\"lazy\" decoding=\"async\" width=\"720\" height=\"540\" src=\"https:\/\/www.agriculture-machine.com\/wp-content\/uploads\/2021\/04\/maize-flour-grinding-machine.jpg\" alt=\"Machine \u00e0 moudre le ma\u00efs\" class=\"wp-image-9827\" srcset=\"https:\/\/www.agriculture-machine.com\/wp-content\/uploads\/2021\/04\/maize-flour-grinding-machine.jpg 720w, https:\/\/www.agriculture-machine.com\/wp-content\/uploads\/2021\/04\/maize-flour-grinding-machine-360x270.jpg 360w, https:\/\/www.agriculture-machine.com\/wp-content\/uploads\/2021\/04\/maize-flour-grinding-machine-240x180.jpg 240w\" sizes=\"auto, (max-width: 720px) 100vw, 720px\" \/><figcaption class=\"wp-element-caption\">Machine \u00e0 moudre le ma\u00efs<\/figcaption><\/figure>    <h2 class=\"wp-block-heading\">Avantages de la machine \u00e0 moudre le ma\u00efs<\/h2>    <ul class=\"wp-block-list\"> <li>Haute efficacit\u00e9 &amp; \u00e9conomies d'\u00e9nergie : faible consommation d'\u00e9nergie, haute efficacit\u00e9 de production, et production quotidienne stable.<\/li>    <li>Empreinte compacte : l'empreinte totale ne d\u00e9passe pas 3 m\u00e8tres carr\u00e9s, id\u00e9ale pour les petits ateliers et les op\u00e9rations \u00e0 domicile.<\/li>    <li>Fonctionnement enti\u00e8rement automatique : automatise l'alimentation, le broyage, le tamisage et le tri avec un seul op\u00e9rateur.<\/li>    <li>Application polyvalente : moud du ma\u00efs de diff\u00e9rentes tailles avec d'autres grains et l\u00e9gumineuses.<\/li>    <li>S\u00e9curit\u00e9 hygi\u00e9nique : toutes les surfaces en contact sont en acier inoxydable pour un nettoyage facile et conforme aux normes de s\u00e9curit\u00e9 alimentaire.<\/li>    <li>Haute production &amp; durabilit\u00e9 : atteint une production 5 % sup\u00e9rieure \u00e0 celle des \u00e9quipements comparables avec une dur\u00e9e de vie de plus de 5 ans.<\/li> <\/ul>    <figure class=\"wp-block-image aligncenter size-full wp-image-9843\"><img loading=\"lazy\" decoding=\"async\" width=\"720\" height=\"540\" src=\"https:\/\/www.agriculture-machine.com\/wp-content\/uploads\/2021\/04\/corn-flour-maize-flour-sorghum-flour-1.jpg\" alt=\"Farine de ma\u00efs, farine de bl\u00e9, farine de sorgho\" class=\"wp-image-9843\" srcset=\"https:\/\/www.agriculture-machine.com\/wp-content\/uploads\/2021\/04\/corn-flour-maize-flour-sorghum-flour-1.jpg 720w, https:\/\/www.agriculture-machine.com\/wp-content\/uploads\/2021\/04\/corn-flour-maize-flour-sorghum-flour-1-360x270.jpg 360w, https:\/\/www.agriculture-machine.com\/wp-content\/uploads\/2021\/04\/corn-flour-maize-flour-sorghum-flour-1-240x180.jpg 240w\" sizes=\"auto, (max-width: 720px) 100vw, 720px\" \/><figcaption class=\"wp-element-caption\">Farine de ma\u00efs, farine de bl\u00e9, farine de sorgho<\/figcaption><\/figure>    <h2 class=\"wp-block-heading\">Structure de la machine \u00e0 mouture de bl\u00e9 et de ma\u00efs<\/h2>    <p>La structure de la machine \u00e0 farine de ma\u00efs est compos\u00e9e d'un \u00e9quipement de broyage, d'un \u00e9quipement de tamisage et de freins. La figure suivante pr\u00e9sente en d\u00e9tail la structure et les caract\u00e9ristiques de la petite machine \u00e0 moudre le ma\u00efs pour usage domestique.<\/p>    <p>Cette machine \u00e0 moudre les grains est compos\u00e9e d'un rouleau de broyage, d'une t\u00eate de broyage, d'un dragon de frein, d'un ventilateur, d'une chambre \u00e0 air, d'un \u00e9cran rond, d'un dispositif de d\u00e9chargement, d'une bo\u00eete de distribution \u00e9lectrique, et d'autres composants principaux. Parmi eux, la bo\u00eete de distribution \u00e9lectrique est unique \u00e0 notre usine. La conception est \u00e9galement la raison pour laquelle de nombreux clients choisissent notre machine \u00e0 farine.<\/p>    <figure class=\"wp-block-image aligncenter size-full wp-image-9828\"><img loading=\"lazy\" decoding=\"async\" width=\"720\" height=\"540\" src=\"https:\/\/www.agriculture-machine.com\/wp-content\/uploads\/2021\/04\/the-structure-of-corn-flour-machine.jpg\" alt=\"structure de la machine \u00e0 farine de ma\u00efs\" class=\"wp-image-9828\" srcset=\"https:\/\/www.agriculture-machine.com\/wp-content\/uploads\/2021\/04\/the-structure-of-corn-flour-machine.jpg 720w, https:\/\/www.agriculture-machine.com\/wp-content\/uploads\/2021\/04\/the-structure-of-corn-flour-machine-360x270.jpg 360w, https:\/\/www.agriculture-machine.com\/wp-content\/uploads\/2021\/04\/the-structure-of-corn-flour-machine-240x180.jpg 240w\" sizes=\"auto, (max-width: 720px) 100vw, 720px\" \/><figcaption class=\"wp-element-caption\">structure de la machine \u00e0 farine de ma\u00efs<\/figcaption><\/figure>    <h2 class=\"wp-block-heading\">Diff\u00e9rence entre la machine \u00e0 granul\u00e9s de ma\u00efs et la machine \u00e0 farine de ma\u00efs<\/h2>    <ul class=\"wp-block-list\"> <li><strong>D\u00e9corticage du ma\u00efs et <a href=\"https:\/\/www.agriculture-machine.com\/fr\/corn-grits-making-machine\/\">machine \u00e0 fabriquer des granul\u00e9s<\/a><\/strong> sont aussi appel\u00e9es machines \u00e0 granul\u00e9s de ma\u00efs. Cette machine utilise des grains de ma\u00efs comme mati\u00e8res premi\u00e8res pour effectuer le nettoyage, le d\u00e9corticage, l'\u00e9limination du germe, l'\u00e9limination des racines, l'\u00e9limination du nombril noir, le concassage, la fabrication de granul\u00e9s, le tri, le polissage, etc. <\/li>    <li>Le processus est r\u00e9alis\u00e9 en une seule \u00e9tape, et il peut produire diff\u00e9rentes tailles de granul\u00e9s de ma\u00efs et de farine de ma\u00efs. Ces granul\u00e9s de ma\u00efs peuvent \u00eatre directement introduits dans les supermarch\u00e9s et les march\u00e9s de gros de grains et d'huiles.<\/li> <\/ul>    <figure class=\"wp-block-image aligncenter size-full\"><img loading=\"lazy\" decoding=\"async\" width=\"720\" height=\"540\" src=\"https:\/\/www.agriculture-machine.com\/wp-content\/uploads\/2021\/04\/corn-grit-making-machine.jpg\" alt=\"machine \u00e0 fabriquer des granul\u00e9s de ma\u00efs\" class=\"wp-image-9830\" srcset=\"https:\/\/www.agriculture-machine.com\/wp-content\/uploads\/2021\/04\/corn-grit-making-machine.jpg 720w, https:\/\/www.agriculture-machine.com\/wp-content\/uploads\/2021\/04\/corn-grit-making-machine-360x270.jpg 360w, https:\/\/www.agriculture-machine.com\/wp-content\/uploads\/2021\/04\/corn-grit-making-machine-240x180.jpg 240w\" sizes=\"auto, (max-width: 720px) 100vw, 720px\" \/><figcaption class=\"wp-element-caption\">machine \u00e0 fabriquer des granul\u00e9s de ma\u00efs<\/figcaption><\/figure>    <ul class=\"wp-block-list\"> <li>Le <strong>machine \u00e0 farine de ma\u00efs<\/strong> Il s'agit d'une collection de tamisage, de broyage et de mouture de farine. La structure est simple, compacte et l\u00e9g\u00e8re. La machine sert \u00e0 transformer le ma\u00efs en farine de ma\u00efs, le sorgho en farine de sorgho, et le bl\u00e9 en farine de bl\u00e9. <\/li>    <li>Tr\u00e8s pratique et flexible \u00e0 utiliser. Une seule machine a plusieurs fonctions, et elle convient aux op\u00e9rations rurales et aux petites transformations de grains et d'aliments.<br><\/li> <\/ul>    <figure class=\"wp-block-image aligncenter size-full\"><img loading=\"lazy\" decoding=\"async\" width=\"720\" height=\"540\" src=\"https:\/\/www.agriculture-machine.com\/wp-content\/uploads\/2021\/04\/maize-flour-grinding-machine-1.jpg\" alt=\"Machine \u00e0 moudre le ma\u00efs\" class=\"wp-image-9831\" srcset=\"https:\/\/www.agriculture-machine.com\/wp-content\/uploads\/2021\/04\/maize-flour-grinding-machine-1.jpg 720w, https:\/\/www.agriculture-machine.com\/wp-content\/uploads\/2021\/04\/maize-flour-grinding-machine-1-360x270.jpg 360w, https:\/\/www.agriculture-machine.com\/wp-content\/uploads\/2021\/04\/maize-flour-grinding-machine-1-240x180.jpg 240w\" sizes=\"auto, (max-width: 720px) 100vw, 720px\" \/><figcaption class=\"wp-element-caption\">Machine \u00e0 moudre le ma\u00efs<\/figcaption><\/figure>    <p>Taizy Machinery Manufacturing Company produit des moulins \u00e0 farine, de petites machines \u00e0 farine de ma\u00efs, des moulins \u00e0 farine, des moulins \u00e0 farine de pierre, des machines \u00e0 farine, et d'autres \u00e9quipements. Si vous souhaitez conna\u00eetre le prix des moulins \u00e0 farine, n'h\u00e9sitez pas \u00e0 consulter.<\/p>    <h2 class=\"wp-block-heading\">Cas r\u00e9ussis<\/h2>    <p>Nos \u00e9quipements ont \u00e9t\u00e9 export\u00e9s vers plus de 50 pays, tels que le Zimbabwe, la Colombie, le Ghana, le Pakistan, le Sri Lanka et le Y\u00e9men, couvrant toute l'industrie de traitement des grains. <\/p>    <p>Pour \u00e9viter la collision de la machine lors du transport, nous utilisons des racks en fer pour fixer la machine, puis la conditionnons dans des caisses en bois. Par cons\u00e9quent, chaque machine \u00e0 farine de ma\u00efs que nous exportons n'a subi aucun dommage.<\/p>    <figure class=\"wp-block-gallery has-nested-images columns-3 is-cropped wp-block-gallery-2 is-layout-flex wp-block-gallery-is-layout-flex\"> <figure class=\"wp-block-image size-large\"><a href=\"https:\/\/www.agriculture-machine.com\/wp-content\/uploads\/2021\/04\/packing-maize-flour1.jpg\"><img loading=\"lazy\" decoding=\"async\" width=\"720\" height=\"540\" data-id=\"9832\" src=\"https:\/\/www.agriculture-machine.com\/wp-content\/uploads\/2021\/04\/packing-maize-flour1.jpg\" alt=\"emballage de la mouture de ma\u00efs\" class=\"wp-image-9832\" srcset=\"https:\/\/www.agriculture-machine.com\/wp-content\/uploads\/2021\/04\/packing-maize-flour1.jpg 720w, https:\/\/www.agriculture-machine.com\/wp-content\/uploads\/2021\/04\/packing-maize-flour1-360x270.jpg 360w, https:\/\/www.agriculture-machine.com\/wp-content\/uploads\/2021\/04\/packing-maize-flour1-240x180.jpg 240w\" sizes=\"auto, (max-width: 720px) 100vw, 720px\" \/><\/a><figcaption class=\"wp-element-caption\">emballage de la mouture de ma\u00efs<\/figcaption><\/figure>    <figure class=\"wp-block-image size-large\"><a href=\"https:\/\/www.agriculture-machine.com\/wp-content\/uploads\/2021\/04\/packing-maize-flour2.jpg\"><img loading=\"lazy\" decoding=\"async\" width=\"720\" height=\"540\" data-id=\"9833\" src=\"https:\/\/www.agriculture-machine.com\/wp-content\/uploads\/2021\/04\/packing-maize-flour2.jpg\" alt=\"machine \u00e0 farine de ma\u00efs \u00e0 vendre\" class=\"wp-image-9833\" srcset=\"https:\/\/www.agriculture-machine.com\/wp-content\/uploads\/2021\/04\/packing-maize-flour2.jpg 720w, https:\/\/www.agriculture-machine.com\/wp-content\/uploads\/2021\/04\/packing-maize-flour2-360x270.jpg 360w, https:\/\/www.agriculture-machine.com\/wp-content\/uploads\/2021\/04\/packing-maize-flour2-240x180.jpg 240w\" sizes=\"auto, (max-width: 720px) 100vw, 720px\" \/><\/a><figcaption class=\"wp-element-caption\">machine \u00e0 farine de ma\u00efs \u00e0 vendre<\/figcaption><\/figure>    <figure class=\"wp-block-image size-large\"><a href=\"https:\/\/www.agriculture-machine.com\/wp-content\/uploads\/2021\/04\/packing-maize-flour3.jpg\"><img loading=\"lazy\" decoding=\"async\" width=\"720\" height=\"540\" data-id=\"9834\" src=\"https:\/\/www.agriculture-machine.com\/wp-content\/uploads\/2021\/04\/packing-maize-flour3.jpg\" alt=\"emballage de la machine \u00e0 fabriquer la farine de ma\u00efs\" class=\"wp-image-9834\" srcset=\"https:\/\/www.agriculture-machine.com\/wp-content\/uploads\/2021\/04\/packing-maize-flour3.jpg 720w, https:\/\/www.agriculture-machine.com\/wp-content\/uploads\/2021\/04\/packing-maize-flour3-360x270.jpg 360w, https:\/\/www.agriculture-machine.com\/wp-content\/uploads\/2021\/04\/packing-maize-flour3-240x180.jpg 240w\" sizes=\"auto, (max-width: 720px) 100vw, 720px\" \/><\/a><figcaption class=\"wp-element-caption\">emballage de la machine \u00e0 fabriquer la farine de ma\u00efs<\/figcaption><\/figure> <\/figure>    <h2 class=\"wp-block-heading\">La mouture du ma\u00efs est-elle rentable au Kenya ?<\/h2>    <p>Bien s\u00fbr, cela rapporte de l'argent. Les cultures les plus courantes cultiv\u00e9es par les agriculteurs kenyans sont le ma\u00efs, le riz et le bl\u00e9. Il se trouve que notre machine peut moudre le ma\u00efs, le bl\u00e9, le sorgho, etc. Les gens comptent sur la nourriture, et de nombreux agriculteurs consommeront de la farine de ma\u00efs et de bl\u00e9, ce qui peut \u00eatre tr\u00e8s rentable pour vous si vous investissez dans une machine \u00e0 moudre la farine de bl\u00e9 et de ma\u00efs.<\/p>    <h2 class=\"wp-block-heading\">Combien co\u00fbte un moulin \u00e0 farine ?<\/h2>    <p class=\"translation-block\">Nous sommes un fabricant d'\u00e9quipements agricoles professionnels. En plus de la production d'une machine \u00e0 farine de ma\u00efs de 500 kg, nous disposons \u00e9galement de machines \u00e0 moudre le ma\u00efs de 600 kg, 800 kg et 1000 kg. Par cons\u00e9quent, le prix de chaque machine est diff\u00e9rent. Contactez-moi si vous souhaitez conna\u00eetre les <a href=\"https:\/\/www.agriculture-machine.com\/fr\/what-is-maize-flour-making-machine-price\/\">prix des machines \u00e0 moudre le ma\u00efs<\/a>.<\/p>    <h2 class=\"wp-block-heading\">Param\u00e8tres de la machine \u00e0 farine de ma\u00efs<\/h2>    <figure class=\"wp-block-table is-style-stripes\"><table><tbody><tr><td>Mod\u00e8le<\/td><td>Capacit\u00e9<\/td><td>Puissance<\/td><td>Poids<\/td><td>Taille<\/td><\/tr><tr><td>6F35<\/td><td>0,3t\/h<\/td><td>9,7kw<\/td><td>800 kg<\/td><td>2450*1000*3500mm<\/td><\/tr><tr><td>6F40<\/td><td>0,35t\/h<\/td><td>13,2kw<\/td><td>1000 kg<\/td><td>2450*1000*3500mm<\/td><\/tr><tr><td>6F60<\/td><td>0,5t\/h<\/td><td>17,2kw<\/td><td>1500kg<\/td><td>2550*1000*3500mm<\/td><\/tr><\/tbody><\/table><figcaption class=\"wp-element-caption\">Donn\u00e9es techniques de la machine \u00e0 farine de ma\u00efs<\/figcaption><\/figure>    <h2 class=\"wp-block-heading\">Contactez-nous \u00e0 tout moment<\/h2>    <p class=\"translation-block\">Nous sommes sp\u00e9cialis\u00e9s dans la fabrication d'\u00e9quipements de traitement du ma\u00efs et des grains depuis plus de trente ans, et les \u00e9quipements associ\u00e9s couvrent toute l'industrie du <a href=\"https:\/\/en.wikipedia.org\/wiki\/Grain\" target=\"_blank\" rel=\"noopener\">ma\u00efs<\/a>.<\/p>    <p class=\"translation-block\">En Chine, nos \u00e9quipements ont un niveau technique de premier plan. Tels que <a href=\"https:\/\/www.agriculture-machine.com\/fr\/corn-cleaner-machine\/\">machines de nettoyage des grains<\/a>, <a href=\"https:\/\/www.agriculture-machine.com\/fr\/maize-skin-peeling-machine-corn-skin-peeler-maize-peeling-machine\/\">machines \u00e0 d\u00e9cortiquer les grains de ma\u00efs<\/a>, machines \u00e0 moudre le ma\u00efs, etc. Si vous \u00eates int\u00e9ress\u00e9 par nos \u00e9quipements, veuillez nous contacter et nous vous offrirons le meilleur prix.<\/p>","protected":false},"excerpt":{"rendered":"<p>La machine \u00e0 farine de ma\u00efs moud diff\u00e9rents grains en farine fine et uniforme, \u00e9conomisant du travail et n\u00e9cessitant un espace minimal. Elle convient aux petits ateliers et \u00e0 l'industrie de transformation alimentaire.<\/p>","protected":false},"author":1,"featured_media":9847,"parent":0,"comment_status":"closed","ping_status":"closed","template":"","tags":[491,924,135,158],"product-type":[900],"class_list":["post-9825","product","type-product","status-publish","has-post-thumbnail","hentry","tag-corn","tag-flour","tag-sorghum","tag-wheat","product-type-maize-flour-machine"],"_links":{"self":[{"href":"https:\/\/www.agriculture-machine.com\/fr\/wp-json\/wp\/v2\/product\/9825","targetHints":{"allow":["GET"]}}],"collection":[{"href":"https:\/\/www.agriculture-machine.com\/fr\/wp-json\/wp\/v2\/product"}],"about":[{"href":"https:\/\/www.agriculture-machine.com\/fr\/wp-json\/wp\/v2\/types\/product"}],"author":[{"embeddable":true,"href":"https:\/\/www.agriculture-machine.com\/fr\/wp-json\/wp\/v2\/users\/1"}],"replies":[{"embeddable":true,"href":"https:\/\/www.agriculture-machine.com\/fr\/wp-json\/wp\/v2\/comments?post=9825"}],"wp:featuredmedia":[{"embeddable":true,"href":"https:\/\/www.agriculture-machine.com\/fr\/wp-json\/wp\/v2\/media\/9847"}],"wp:attachment":[{"href":"https:\/\/www.agriculture-machine.com\/fr\/wp-json\/wp\/v2\/media?parent=9825"}],"wp:term":[{"taxonomy":"post_tag","embeddable":true,"href":"https:\/\/www.agriculture-machine.com\/fr\/wp-json\/wp\/v2\/tags?post=9825"},{"taxonomy":"product-type","embeddable":true,"href":"https:\/\/www.agriculture-machine.com\/fr\/wp-json\/wp\/v2\/product-type?post=9825"}],"curies":[{"name":"wp","href":"https:\/\/api.w.org\/{rel}","templated":true}]}}