{"id":9922,"date":"2021-04-14T18:34:07","date_gmt":"2021-04-14T10:34:07","guid":{"rendered":"https:\/\/www.agriculture-machine.com\/?p=9922"},"modified":"2024-09-18T15:53:40","modified_gmt":"2024-09-18T07:53:40","slug":"maize-skin-peeling-machine-corn-skin-peeler-maize-peeling-machine","status":"publish","type":"product","link":"https:\/\/www.agriculture-machine.com\/fr\/maize-skin-peeling-machine-corn-skin-peeler-maize-peeling-machine\/","title":{"rendered":"Machine d'\u00e9pluchage de grains de ma\u00efs, enleveur de peau de ma\u00efs"},"content":{"rendered":"<p>La machine de d\u00e9corticage de grains de ma\u00efs est utilis\u00e9e pour enlever la peau ext\u00e9rieure du ma\u00efs, le germe, et pour briser le ma\u00efs en petits grains. Cette machine de d\u00e9corticage de peau de ma\u00efs adopte un rouleau en \u00e9meri et des tamis en mat\u00e9riaux sp\u00e9ciaux. Le ma\u00efs est l\u00e9g\u00e8rement \u00e9cras\u00e9 en ajustant l'\u00e9cart et la pression. Le produit fini trait\u00e9 a une texture uniforme, lisse, sans germe noir, sans son.<\/p>    <p>Il atteint g\u00e9n\u00e9ralement un taux de d\u00e9corticage de 85 % \u00e0 95 %, ce qui peut varier selon le mod\u00e8le de la machine, la vari\u00e9t\u00e9 de ma\u00efs, et l'humidit\u00e9 ou la s\u00e9cheresse du ma\u00efs. Le ma\u00efs apr\u00e8s d\u00e9corticage a un bon go\u00fbt et est facile \u00e0 transformer en farine de ma\u00efs, en snacks vari\u00e9s, etc. Le ma\u00efs sans enveloppe produit par cette machine peut \u00e9galement \u00eatre utilis\u00e9 pour fabriquer des aliments pour animaux de meilleure qualit\u00e9. Cette machine convient aussi au bl\u00e9.<\/p>    <figure class=\"wp-block-embed aligncenter is-type-video is-provider-youtube wp-block-embed-youtube wp-embed-aspect-16-9 wp-has-aspect-ratio\"><div class=\"wp-block-embed__wrapper\"> <iframe loading=\"lazy\" title=\"Machine de d\u00e9corticage de grains de ma\u00efs rapide !#ma\u00efs #grainsdema\u00efs #d\u00e9cortiqueur\" width=\"500\" height=\"281\" src=\"https:\/\/www.youtube.com\/embed\/UVmJFJyhZLk?feature=oembed\" frameborder=\"0\" allow=\"accelerometer; autoplay; clipboard-write; encrypted-media; gyroscope; picture-in-picture; web-share\" referrerpolicy=\"strict-origin-when-cross-origin\" allowfullscreen><\/iframe> <\/div><figcaption class=\"wp-element-caption\">Vid\u00e9o de fonctionnement de la machine de d\u00e9corticage de grains de ma\u00efs<\/figcaption><\/figure>    <p class=\"translation-block\">En plus de cette machine de d\u00e9corticage de grains de ma\u00efs, nous disposons \u00e9galement d'une <a href=\"https:\/\/www.agriculture-machine.com\/fr\/corn-grits-making-machine\/\"><strong><em>machine de fabrication de gruaux de ma\u00efs<\/em><\/strong><\/a>, qui d\u00e9cortique le ma\u00efs et le broie en gruaux de ma\u00efs et en semoule. Avant d'utiliser la machine de d\u00e9corticage ou de fabrication de gruaux, vous pouvez \u00e9galement utiliser le <a href=\"https:\/\/www.agriculture-machine.com\/fr\/maize-peeler-and-thresher\/\"><strong><em>machine de battage de ma\u00efs<\/em><\/strong><\/a> pour gagner du temps et de l'\u00e9nergie.<\/p>    <figure class=\"wp-block-gallery has-nested-images columns-2 is-cropped wp-block-gallery-2 is-layout-flex wp-block-gallery-is-layout-flex\"> <figure class=\"wp-block-image size-large\"><img loading=\"lazy\" decoding=\"async\" width=\"720\" height=\"540\" data-id=\"12988\" src=\"https:\/\/www.agriculture-machine.com\/wp-content\/uploads\/2022\/04\/maize-peeler0.jpg\" alt=\"d\u00e9cortiqueur de ma\u00efs\" class=\"wp-image-12988\" title=\"d\u00e9cortiqueur de ma\u00efs\" srcset=\"https:\/\/www.agriculture-machine.com\/wp-content\/uploads\/2022\/04\/maize-peeler0.jpg 720w, https:\/\/www.agriculture-machine.com\/wp-content\/uploads\/2022\/04\/maize-peeler0-360x270.jpg 360w, https:\/\/www.agriculture-machine.com\/wp-content\/uploads\/2022\/04\/maize-peeler0-240x180.jpg 240w\" sizes=\"auto, (max-width: 720px) 100vw, 720px\" \/><figcaption class=\"wp-element-caption\">d\u00e9cortiqueur de ma\u00efs<\/figcaption><\/figure>    <figure class=\"wp-block-image size-large\"><img loading=\"lazy\" decoding=\"async\" width=\"720\" height=\"540\" data-id=\"12989\" src=\"https:\/\/www.agriculture-machine.com\/wp-content\/uploads\/2022\/04\/corn-skin-peeler0.jpg\" alt=\"d\u00e9cortiqueur de peau de ma\u00efs\" class=\"wp-image-12989\" title=\"d\u00e9cortiqueur de peau de ma\u00efs\" srcset=\"https:\/\/www.agriculture-machine.com\/wp-content\/uploads\/2022\/04\/corn-skin-peeler0.jpg 720w, https:\/\/www.agriculture-machine.com\/wp-content\/uploads\/2022\/04\/corn-skin-peeler0-360x270.jpg 360w, https:\/\/www.agriculture-machine.com\/wp-content\/uploads\/2022\/04\/corn-skin-peeler0-240x180.jpg 240w\" sizes=\"auto, (max-width: 720px) 100vw, 720px\" \/><figcaption class=\"wp-element-caption\">d\u00e9cortiqueur de peau de ma\u00efs<\/figcaption><\/figure>    <figure class=\"wp-block-image size-large\"><img loading=\"lazy\" decoding=\"async\" width=\"720\" height=\"540\" data-id=\"12990\" src=\"https:\/\/www.agriculture-machine.com\/wp-content\/uploads\/2022\/04\/Corn-kernel-peeling-machine0.jpg\" alt=\"Machine de d\u00e9corticage de grains de ma\u00efs\" class=\"wp-image-12990\" title=\"Machine de d\u00e9corticage de grains de ma\u00efs\" srcset=\"https:\/\/www.agriculture-machine.com\/wp-content\/uploads\/2022\/04\/Corn-kernel-peeling-machine0.jpg 720w, https:\/\/www.agriculture-machine.com\/wp-content\/uploads\/2022\/04\/Corn-kernel-peeling-machine0-360x270.jpg 360w, https:\/\/www.agriculture-machine.com\/wp-content\/uploads\/2022\/04\/Corn-kernel-peeling-machine0-240x180.jpg 240w\" sizes=\"auto, (max-width: 720px) 100vw, 720px\" \/><figcaption class=\"wp-element-caption\">machine de d\u00e9corticage de grains de ma\u00efs<\/figcaption><\/figure>    <figure class=\"wp-block-image size-large\"><img loading=\"lazy\" decoding=\"async\" width=\"720\" height=\"540\" data-id=\"12991\" src=\"https:\/\/www.agriculture-machine.com\/wp-content\/uploads\/2022\/04\/Maize-skin-peeling-machine-.jpg\" alt=\"Machine de d\u00e9corticage de peau de ma\u00efs\" class=\"wp-image-12991\" title=\"d\u00e9cortiqueur de peau de ma\u00efs\" srcset=\"https:\/\/www.agriculture-machine.com\/wp-content\/uploads\/2022\/04\/Maize-skin-peeling-machine-.jpg 720w, https:\/\/www.agriculture-machine.com\/wp-content\/uploads\/2022\/04\/Maize-skin-peeling-machine--360x270.jpg 360w, https:\/\/www.agriculture-machine.com\/wp-content\/uploads\/2022\/04\/Maize-skin-peeling-machine--240x180.jpg 240w\" sizes=\"auto, (max-width: 720px) 100vw, 720px\" \/><figcaption class=\"wp-element-caption\">d\u00e9cortiqueur de peau de ma\u00efs<\/figcaption><\/figure> <\/figure>    <h2 class=\"wp-block-heading\" id=\"h-structure-of-maize-skin-peeling-machine\">Structure de la machine de d\u00e9corticage de peau de ma\u00efs<\/h2>    <p>This corn skin peeler machine is relatively small and easy to operate. The corn removal white skin machine can be equipped with two different power modes, a diesel engine, and an electric motor. So, the power can meet many customers&#8217; needs.<\/p>    <p>Comme le montre l'image ci-dessous, la machine de d\u00e9corticage de grains de ma\u00efs comprend principalement un alimentateur, une vis de contr\u00f4le de la vitesse d'alimentation, une sortie pour petits grains, une lame de d\u00e9corticage, une sortie pour la peau d\u00e9coll\u00e9e, une sortie pour le produit fini, etc.<\/p>    <figure class=\"wp-block-image aligncenter size-full\"><img loading=\"lazy\" decoding=\"async\" width=\"720\" height=\"540\" src=\"https:\/\/www.agriculture-machine.com\/wp-content\/uploads\/2022\/04\/corn-skin-removers-structure-0.jpg\" alt=\"structure du d\u00e9cortiqueur de peau de ma\u00efs \" class=\"wp-image-12984\" title=\"structure du d\u00e9cortiqueur de peau de ma\u00efs \" srcset=\"https:\/\/www.agriculture-machine.com\/wp-content\/uploads\/2022\/04\/corn-skin-removers-structure-0.jpg 720w, https:\/\/www.agriculture-machine.com\/wp-content\/uploads\/2022\/04\/corn-skin-removers-structure-0-360x270.jpg 360w, https:\/\/www.agriculture-machine.com\/wp-content\/uploads\/2022\/04\/corn-skin-removers-structure-0-240x180.jpg 240w\" sizes=\"auto, (max-width: 720px) 100vw, 720px\" \/><figcaption class=\"wp-element-caption\">corn skin remover&#8217;s structure <\/figcaption><\/figure>    <h2 class=\"wp-block-heading\" id=\"h-applications-of-maize-peeling-machine\">Applications de la machine de d\u00e9corticage de grains de ma\u00efs<\/h2>    <h3 class=\"wp-block-heading\" id=\"h-it-is-suitable-for-peeling-corn-in-small-grain-processing-plants-mills\">Convient pour d\u00e9cortiquer le ma\u00efs dans de petites usines de traitement de grains (moulins)<\/h3>    <p>Le ma\u00efs d\u00e9cortiqu\u00e9 facilite la fabrication de gruaux de ma\u00efs et de farine de ma\u00efs, et la qualit\u00e9 est meilleure. C'est aussi un d\u00e9cortiqueur de ma\u00efs de type domestique.<\/p>    <figure class=\"wp-block-image aligncenter size-full wp-image-9946\"><img loading=\"lazy\" decoding=\"async\" width=\"720\" height=\"540\" src=\"https:\/\/www.agriculture-machine.com\/wp-content\/uploads\/2021\/04\/corn-grits-and-cornflour.jpg\" alt=\"gruaux de ma\u00efs et farine de ma\u00efs\" class=\"wp-image-9946\" srcset=\"https:\/\/www.agriculture-machine.com\/wp-content\/uploads\/2021\/04\/corn-grits-and-cornflour.jpg 720w, https:\/\/www.agriculture-machine.com\/wp-content\/uploads\/2021\/04\/corn-grits-and-cornflour-360x270.jpg 360w, https:\/\/www.agriculture-machine.com\/wp-content\/uploads\/2021\/04\/corn-grits-and-cornflour-240x180.jpg 240w\" sizes=\"auto, (max-width: 720px) 100vw, 720px\" \/><figcaption class=\"wp-element-caption\">gruaux de ma\u00efs et farine de ma\u00efs<\/figcaption><\/figure>    <h3 class=\"wp-block-heading\" id=\"h-maize-peeling-machine-used-in-chicken-feed-processing-industry\">Utilis\u00e9 dans l'industrie de transformation de l'alimentation pour volailles<\/h3>    <p>Dans le processus traditionnel de fabrication d'aliments pour volailles \u00e0 base de ma\u00efs, la majorit\u00e9 des pellets de ma\u00efs sont principalement utilis\u00e9s. Le pelletiseur traditionnel d\u00e9termine la taille des particules en ajustant les engrenages. <\/p>    <p>Parce que les produits finis d'aliments trait\u00e9s par le pelletiseur contiennent souvent trop de poudre de peau et de germe noir, et que les particules ne sont pas lisses. Le march\u00e9 de l'alimentation pour volailles ne peut souvent pas s'ouvrir \u00e0 cause de ces d\u00e9fauts. Donc, de plus en plus d'aliments pour volailles et de volailles utilisent la machine de d\u00e9corticage de grains de ma\u00efs.<\/p>    <figure class=\"wp-block-image aligncenter size-full wp-image-9947\"><img loading=\"lazy\" decoding=\"async\" width=\"720\" height=\"540\" src=\"https:\/\/www.agriculture-machine.com\/wp-content\/uploads\/2021\/04\/peel-corn-white-skin.jpg\" alt=\"\u00e9plucher la peau blanche du ma\u00efs\" class=\"wp-image-9947\" srcset=\"https:\/\/www.agriculture-machine.com\/wp-content\/uploads\/2021\/04\/peel-corn-white-skin.jpg 720w, https:\/\/www.agriculture-machine.com\/wp-content\/uploads\/2021\/04\/peel-corn-white-skin-360x270.jpg 360w, https:\/\/www.agriculture-machine.com\/wp-content\/uploads\/2021\/04\/peel-corn-white-skin-240x180.jpg 240w\" sizes=\"auto, (max-width: 720px) 100vw, 720px\" \/><figcaption class=\"wp-element-caption\">\u00e9plucher la peau blanche du ma\u00efs<\/figcaption><\/figure>    <h2 class=\"wp-block-heading\">Param\u00e8tres techniques du d\u00e9cortiqueur de peau de ma\u00efs<\/h2>    <figure class=\"wp-block-table is-style-stripes\"><table><tbody><tr><td>Nom<\/td><td>D\u00e9cortiqueur de ma\u00efs<\/td><\/tr><tr><td>Puissance<\/td><td>Moteur \u00e9lectrique de 5,5 kW ou moteur diesel de 12 ch<\/td><\/tr><tr><td>Capacit\u00e9<\/td><td>300-500kg\/h<\/td><\/tr><tr><td>Poids<\/td><td>100kg<\/td><\/tr><tr><td>Taille<\/td><td>660*450*1020mm<\/td><\/tr><\/tbody><\/table><figcaption class=\"wp-element-caption\">corn skin peeler&#8217;s parameter <\/figcaption><\/figure>    <h2 class=\"wp-block-heading\" id=\"h-what-is-the-corn-peeling-machine-price\">Quel est le prix de la machine de d\u00e9corticage de ma\u00efs ?<\/h2>    <p class=\"translation-block\">Tout d'abord, vous devez pr\u00e9ciser quel type de machine de d\u00e9corticage de grains de ma\u00efs vous souhaitez. Nous avons cette petite machine de d\u00e9corticage de peau de ma\u00efs, ainsi qu'une machine sp\u00e9ciale de fabrication de gruaux de ma\u00efs (<strong><em><a href=\"https:\/\/www.agriculture-machine.com\/fr\/what-is-maize-flour-making-machine-price\/\">Quel est le prix de la machine \u00e0 farine de ma\u00efs<\/a><\/em><\/strong>), cette machine peut aussi d\u00e9coller la peau blanche du ma\u00efs. Mais les prix de ces deux machines sont tr\u00e8s diff\u00e9rents.<\/p>    <p>De plus, nos machines de d\u00e9corticage de grains de ma\u00efs peuvent \u00eatre \u00e9quip\u00e9es de moteurs \u00e9lectriques et de moteurs diesel, donc le prix n'est pas fixe. Si vous souhaitez conna\u00eetre le prix de la machine de d\u00e9corticage de ma\u00efs, veuillez nous indiquer l'effet que vous souhaitez obtenir lors du traitement du ma\u00efs.<\/p>    <figure class=\"wp-block-embed aligncenter is-type-video is-provider-youtube wp-block-embed-youtube wp-embed-aspect-16-9 wp-has-aspect-ratio\"><div class=\"wp-block-embed__wrapper\"> <iframe loading=\"lazy\" title=\"Machine de d\u00e9corticage de grains haute performance : Parfaite pour le bl\u00e9, le ma\u00efs et l&#039;orge !#grain #d\u00e9corticage\" width=\"500\" height=\"281\" src=\"https:\/\/www.youtube.com\/embed\/0wQ4TkY_6SY?feature=oembed\" frameborder=\"0\" allow=\"accelerometer; autoplay; clipboard-write; encrypted-media; gyroscope; picture-in-picture; web-share\" referrerpolicy=\"strict-origin-when-cross-origin\" allowfullscreen><\/iframe> <\/div><figcaption class=\"wp-element-caption\">vid\u00e9o de fonctionnement de la machine de d\u00e9corticage de grains<\/figcaption><\/figure>    <h2 class=\"wp-block-heading\">Avantages du d\u00e9corticage de la peau de ma\u00efs<\/h2>    <p>Les husks de ma\u00efs, sous-produit du traitement du ma\u00efs, sont principalement compos\u00e9s de fibres, amidon, et prot\u00e9ines, et ne sont pas aussi nutritifs que le reste. De plus, le go\u00fbt du husk de ma\u00efs est tr\u00e8s pauvre. <\/p>    <p>Lors du traitement de la farine de ma\u00efs, des gruaux de ma\u00efs, et des aliments \u00e0 base de ma\u00efs, le fabricant d\u00e9cape la peau du ma\u00efs avant le traitement ult\u00e9rieur.<\/p>    <ul class=\"wp-block-list\"> <li>En d\u00e9capant le ma\u00efs, la quantit\u00e9 de husk produite par l'\u00e9quipement de traitement du ma\u00efs est r\u00e9duite, ce qui peut am\u00e9liorer la qualit\u00e9 du produit.<\/li>    <li>L'embryon et le endosperme du ma\u00efs sont envelopp\u00e9s par la peau. Apr\u00e8s d\u00e9capage, il est facile \u00e0 s\u00e9parer, ce qui peut am\u00e9liorer l'efficacit\u00e9 de la d\u00e9termination.<\/li>    <li>Apr\u00e8s d\u00e9capage, cela peut am\u00e9liorer la qualit\u00e9 alimentaire des divers produits fabriqu\u00e9s \u00e0 partir de ma\u00efs.<\/li>    <li>La couche ext\u00e9rieure du ma\u00efs peut contenir des substances nocives, qui peuvent \u00eatre \u00e9limin\u00e9es par d\u00e9pelliculage, am\u00e9liorant la puret\u00e9 du produit.<\/li> <\/ul>    <figure class=\"wp-block-gallery has-nested-images columns-default is-cropped wp-block-gallery-3 is-layout-flex wp-block-gallery-is-layout-flex\"> <figure class=\"wp-block-image size-large\"><img loading=\"lazy\" decoding=\"async\" width=\"720\" height=\"540\" data-id=\"16361\" src=\"https:\/\/www.agriculture-machine.com\/wp-content\/uploads\/2021\/04\/maize-kernel-peeler.webp\" alt=\"d\u00e9cortiqueur de grains de ma\u00efs\" class=\"wp-image-16361\" srcset=\"https:\/\/www.agriculture-machine.com\/wp-content\/uploads\/2021\/04\/maize-kernel-peeler.webp 720w, https:\/\/www.agriculture-machine.com\/wp-content\/uploads\/2021\/04\/maize-kernel-peeler-360x270.webp 360w, https:\/\/www.agriculture-machine.com\/wp-content\/uploads\/2021\/04\/maize-kernel-peeler-240x180.webp 240w, https:\/\/www.agriculture-machine.com\/wp-content\/uploads\/2021\/04\/maize-kernel-peeler-16x12.webp 16w\" sizes=\"auto, (max-width: 720px) 100vw, 720px\" \/><figcaption class=\"wp-element-caption\">d\u00e9cortiqueur de grains de ma\u00efs<\/figcaption><\/figure>    <figure class=\"wp-block-image size-large\"><img loading=\"lazy\" decoding=\"async\" width=\"720\" height=\"540\" data-id=\"16362\" src=\"https:\/\/www.agriculture-machine.com\/wp-content\/uploads\/2021\/04\/corn-kernel-peel-remover.webp\" alt=\"d\u00e9cortiqueur de grains de ma\u00efs\" class=\"wp-image-16362\" srcset=\"https:\/\/www.agriculture-machine.com\/wp-content\/uploads\/2021\/04\/corn-kernel-peel-remover.webp 720w, https:\/\/www.agriculture-machine.com\/wp-content\/uploads\/2021\/04\/corn-kernel-peel-remover-360x270.webp 360w, https:\/\/www.agriculture-machine.com\/wp-content\/uploads\/2021\/04\/corn-kernel-peel-remover-240x180.webp 240w, https:\/\/www.agriculture-machine.com\/wp-content\/uploads\/2021\/04\/corn-kernel-peel-remover-16x12.webp 16w\" sizes=\"auto, (max-width: 720px) 100vw, 720px\" \/><figcaption class=\"wp-element-caption\">d\u00e9cortiqueur de grains de ma\u00efs<\/figcaption><\/figure> <\/figure>    <h2 class=\"wp-block-heading\" id=\"h-which-countries-have-we-exported\">Dans quels pays nos machines ont-elles \u00e9t\u00e9 export\u00e9es ?<\/h2>    <p>Nous emballons soigneusement les machines de d\u00e9corticage de grains de ma\u00efs export\u00e9es pour \u00e9viter les collisions lors du transport. Actuellement, nous exportons vers l'Ukraine, le Nigeria, le Ghana, le Maroc, le Bangladesh, les Philippines, la Malaisie, etc. Ci-dessous, des photos de l'emballage et de l'exp\u00e9dition de nos mini d\u00e9cortiqueurs de ma\u00efs \u00e0 nos clients du Maroc.<\/p>    <p>Le client poss\u00e8de une boutique qui vend une vari\u00e9t\u00e9 de petits \u00e9quipements agricoles. En s'informant, il a d\u00e9couvert qu'il y avait une demande locale pour le d\u00e9corticage du ma\u00efs. Il souhaite donc acheter plusieurs machines de d\u00e9corticage de ma\u00efs. Finalement, il a pass\u00e9 une commande de 20 ensembles de d\u00e9pelliculeurs de peau de ma\u00efs.<\/p>    <figure class=\"wp-block-gallery has-nested-images columns-2 is-cropped wp-block-gallery-4 is-layout-flex wp-block-gallery-is-layout-flex\"> <figure class=\"wp-block-image size-large\"><a href=\"https:\/\/www.agriculture-machine.com\/wp-content\/uploads\/2022\/04\/wooden-case-packing-of-corn-skin-remover-.jpg\"><img loading=\"lazy\" decoding=\"async\" width=\"720\" height=\"540\" data-id=\"13004\" src=\"https:\/\/www.agriculture-machine.com\/wp-content\/uploads\/2022\/04\/wooden-case-packing-of-corn-skin-remover-.jpg\" alt=\"emballage en caisse en bois du d\u00e9cortiqueur de peau de ma\u00efs \" class=\"wp-image-13004\" title=\"emballage en caisse en bois du d\u00e9cortiqueur de peau de ma\u00efs \" srcset=\"https:\/\/www.agriculture-machine.com\/wp-content\/uploads\/2022\/04\/wooden-case-packing-of-corn-skin-remover-.jpg 720w, https:\/\/www.agriculture-machine.com\/wp-content\/uploads\/2022\/04\/wooden-case-packing-of-corn-skin-remover--360x270.jpg 360w, https:\/\/www.agriculture-machine.com\/wp-content\/uploads\/2022\/04\/wooden-case-packing-of-corn-skin-remover--240x180.jpg 240w\" sizes=\"auto, (max-width: 720px) 100vw, 720px\" \/><\/a><figcaption class=\"wp-element-caption\">emballage en caisse en bois du d\u00e9cortiqueur de peau de ma\u00efs<\/figcaption><\/figure>    <figure class=\"wp-block-image size-large\"><a href=\"https:\/\/www.agriculture-machine.com\/wp-content\/uploads\/2022\/04\/laoding-and-shipping-of-corn-kernel-peeler-.jpg\"><img loading=\"lazy\" decoding=\"async\" width=\"720\" height=\"540\" data-id=\"13007\" src=\"https:\/\/www.agriculture-machine.com\/wp-content\/uploads\/2022\/04\/laoding-and-shipping-of-corn-kernel-peeler-.jpg\" alt=\"chargement et exp\u00e9dition du d\u00e9cortiqueur de grains de ma\u00efs\" class=\"wp-image-13007\" title=\"chargement et exp\u00e9dition du d\u00e9cortiqueur de grains de ma\u00efs\" srcset=\"https:\/\/www.agriculture-machine.com\/wp-content\/uploads\/2022\/04\/laoding-and-shipping-of-corn-kernel-peeler-.jpg 720w, https:\/\/www.agriculture-machine.com\/wp-content\/uploads\/2022\/04\/laoding-and-shipping-of-corn-kernel-peeler--360x270.jpg 360w, https:\/\/www.agriculture-machine.com\/wp-content\/uploads\/2022\/04\/laoding-and-shipping-of-corn-kernel-peeler--240x180.jpg 240w\" sizes=\"auto, (max-width: 720px) 100vw, 720px\" \/><\/a><figcaption class=\"wp-element-caption\">chargement et exp\u00e9dition du d\u00e9cortiqueur de grains de ma\u00efs<\/figcaption><\/figure> <\/figure>    <h2 class=\"wp-block-heading\" id=\"h-client-feedback-on-maize-skin-peeler\">Retour client sur le d\u00e9cortiqueur de peau de ma\u00efs<\/h2>    <p>Nos clients louent beaucoup nos machines export\u00e9es. Parce que nous emballons la machine en toute s\u00e9curit\u00e9 avant l'exportation pour \u00e9viter les collisions lors du transport. Apr\u00e8s r\u00e9ception, nous guidons soigneusement nos clients sur comment installer et utiliser la machine. Par cons\u00e9quent, leur retour est tr\u00e8s positif.<\/p>    <figure class=\"wp-block-image aligncenter size-full wp-image-9945\"><img loading=\"lazy\" decoding=\"async\" width=\"720\" height=\"540\" src=\"https:\/\/www.agriculture-machine.com\/wp-content\/uploads\/2021\/04\/Client-Feedback-of-Corn-Skin-Peeler.jpg\" alt=\"Retour client - d\u00e9cortiqueur de peau de ma\u00efs\" class=\"wp-image-9945\" srcset=\"https:\/\/www.agriculture-machine.com\/wp-content\/uploads\/2021\/04\/Client-Feedback-of-Corn-Skin-Peeler.jpg 720w, https:\/\/www.agriculture-machine.com\/wp-content\/uploads\/2021\/04\/Client-Feedback-of-Corn-Skin-Peeler-360x270.jpg 360w, https:\/\/www.agriculture-machine.com\/wp-content\/uploads\/2021\/04\/Client-Feedback-of-Corn-Skin-Peeler-240x180.jpg 240w\" sizes=\"auto, (max-width: 720px) 100vw, 720px\" \/><figcaption class=\"wp-element-caption\">Retour client - d\u00e9cortiqueur de peau de ma\u00efs<\/figcaption><\/figure>    <p>Si vous \u00eates int\u00e9ress\u00e9 par nos machines ou souhaitez obtenir des informations plus d\u00e9taill\u00e9es. Vous pouvez remplir directement vos besoins sp\u00e9cifiques via le formulaire \u00e0 droite. Nous vous r\u00e9pondrons rapidement !<\/p>","protected":false},"excerpt":{"rendered":"<p>La machine de d\u00e9corticage de grains de ma\u00efs enl\u00e8ve la peau blanche \u00e0 l'ext\u00e9rieur du ma\u00efs. Le ma\u00efs d\u00e9cortiqu\u00e9 peut \u00eatre utilis\u00e9 pour fabriquer des gruaux de ma\u00efs, etc.<\/p>","protected":false},"author":1,"featured_media":12983,"parent":0,"comment_status":"closed","ping_status":"closed","template":"","tags":[491,2613],"product-type":[874],"class_list":["post-9922","product","type-product","status-publish","has-post-thumbnail","hentry","tag-corn","tag-peeling","product-type-grains-peeling-machine"],"_links":{"self":[{"href":"https:\/\/www.agriculture-machine.com\/fr\/wp-json\/wp\/v2\/product\/9922","targetHints":{"allow":["GET"]}}],"collection":[{"href":"https:\/\/www.agriculture-machine.com\/fr\/wp-json\/wp\/v2\/product"}],"about":[{"href":"https:\/\/www.agriculture-machine.com\/fr\/wp-json\/wp\/v2\/types\/product"}],"author":[{"embeddable":true,"href":"https:\/\/www.agriculture-machine.com\/fr\/wp-json\/wp\/v2\/users\/1"}],"replies":[{"embeddable":true,"href":"https:\/\/www.agriculture-machine.com\/fr\/wp-json\/wp\/v2\/comments?post=9922"}],"wp:featuredmedia":[{"embeddable":true,"href":"https:\/\/www.agriculture-machine.com\/fr\/wp-json\/wp\/v2\/media\/12983"}],"wp:attachment":[{"href":"https:\/\/www.agriculture-machine.com\/fr\/wp-json\/wp\/v2\/media?parent=9922"}],"wp:term":[{"taxonomy":"post_tag","embeddable":true,"href":"https:\/\/www.agriculture-machine.com\/fr\/wp-json\/wp\/v2\/tags?post=9922"},{"taxonomy":"product-type","embeddable":true,"href":"https:\/\/www.agriculture-machine.com\/fr\/wp-json\/wp\/v2\/product-type?post=9922"}],"curies":[{"name":"wp","href":"https:\/\/api.w.org\/{rel}","templated":true}]}}