{"id":9960,"date":"2021-04-16T10:56:11","date_gmt":"2021-04-16T02:56:11","guid":{"rendered":"https:\/\/www.agriculture-machine.com\/?p=9960"},"modified":"2024-09-23T11:21:59","modified_gmt":"2024-09-23T03:21:59","slug":"garlic-planting-machine-garlic-planter-for-sale-method-of-planting-garlic","status":"publish","type":"product","link":"https:\/\/www.agriculture-machine.com\/fr\/garlic-planting-machine-garlic-planter-for-sale-method-of-planting-garlic\/","title":{"rendered":"Planteuse d\u2019ail | Machine \u00e0 semer l\u2019ail \u00e0 vendre"},"content":{"rendered":"<h2 class=\"wp-block-heading\">Br\u00e8ve introduction de la machine de plantation d\u2019ail<\/h2>    <p class=\"translation-block\">Le <strong>tracteur de plantation d\u2019ail<\/strong> est un type de planteur agricole adapt\u00e9 \u00e0 la plantation d\u2019ail \u00e0 grande \u00e9chelle et m\u00e9canis\u00e9e. Diff\u00e9rents types de planteurs d\u2019ail sont \u00e9quip\u00e9s de diff\u00e9rentes puissances.<\/p>    <p>Cette machine de plantation d\u2019ail est \u00e9quip\u00e9e d\u2019un syst\u00e8me de positionnement pr\u00e9cis pour garantir que chaque graine d\u2019ail est positionn\u00e9e et plant\u00e9e avec pr\u00e9cision, maximisant ainsi le succ\u00e8s du semis.<\/p>    <figure class=\"wp-block-embed is-type-video is-provider-youtube wp-block-embed-youtube wp-embed-aspect-16-9 wp-has-aspect-ratio\"><div class=\"wp-block-embed__wrapper\"> <iframe loading=\"lazy\" title=\"Planteur d\u2019ail, Machine de plantation d\u2019ail, Plantation automatique d\u2019ail, M\u00e9thode de semis d\u2019ail\" width=\"500\" height=\"281\" src=\"https:\/\/www.youtube.com\/embed\/aze8r_tBbwc?feature=oembed\" frameborder=\"0\" allow=\"accelerometer; autoplay; clipboard-write; encrypted-media; gyroscope; picture-in-picture; web-share\" referrerpolicy=\"strict-origin-when-cross-origin\" allowfullscreen><\/iframe> <\/div><figcaption class=\"wp-element-caption\">Site de travail efficace pour la machine de plantation d\u2019ail<\/figcaption><\/figure>    <p class=\"translation-block\">Il peut \u00eatre \u00e9quip\u00e9 d\u2019un moteur \u00e0 essence pour une utilisation ind\u00e9pendante, ou utilis\u00e9 conjointement avec de petits et moyens <a href=\"https:\/\/www.agriculture-machine.com\/fr\/walking-tractor-simplicity-walking-tractor\/\">tracteurs agricoles<\/a> couramment utilis\u00e9s par les agriculteurs. La plantation manuelle d\u2019ail a une faible efficacit\u00e9 et un co\u00fbt en temps \u00e9lev\u00e9. L\u2019utilisation d\u2019un planteur m\u00e9canique d\u2019ail peut r\u00e9duire les co\u00fbts de main-d\u2019\u0153uvre et apporter de plus grands b\u00e9n\u00e9fices \u00e9conomiques.<\/p>    <figure class=\"wp-block-image aligncenter size-full wp-image-9977\"><img loading=\"lazy\" decoding=\"async\" width=\"720\" height=\"540\" src=\"https:\/\/www.agriculture-machine.com\/wp-content\/uploads\/2021\/04\/plant-garlic.jpg\" alt=\"planter de l\u2019ail\" class=\"wp-image-9977\" srcset=\"https:\/\/www.agriculture-machine.com\/wp-content\/uploads\/2021\/04\/plant-garlic.jpg 720w, https:\/\/www.agriculture-machine.com\/wp-content\/uploads\/2021\/04\/plant-garlic-360x270.jpg 360w, https:\/\/www.agriculture-machine.com\/wp-content\/uploads\/2021\/04\/plant-garlic-240x180.jpg 240w\" sizes=\"auto, (max-width: 720px) 100vw, 720px\" \/><figcaption class=\"wp-element-caption\">planter de l\u2019ail<\/figcaption><\/figure>    <h2 class=\"wp-block-heading\">Structure de la machine de semis d\u2019ail<\/h2>    <p>Le planteur d\u2019ail est compos\u00e9 de bo\u00eetes pour l\u2019ail, convoyeur, roue avant, roue arri\u00e8re, r\u00e9ducteur, disque coulissant, cha\u00eene de transmission, engrenage, contr\u00f4le de la distance entre les plants, r\u00e9glage de la profondeur, etc.<\/p>    <p>Les roues avant et arri\u00e8re peuvent niveler le sol. Le disque coulissant est responsable de creuser des tranch\u00e9es pour enterrer les graines. La profondeur de la tranch\u00e9e et la distance entre les plants peuvent \u00eatre ajust\u00e9es selon vos pr\u00e9f\u00e9rences. La cha\u00eene et le dispositif de convoyage sont responsables du transport des graines. Le processus automatique facilite la plantation d\u2019ail.<\/p>    <figure class=\"wp-block-image aligncenter size-full wp-image-9976\"><img loading=\"lazy\" decoding=\"async\" width=\"720\" height=\"540\" src=\"https:\/\/www.agriculture-machine.com\/wp-content\/uploads\/2021\/04\/structure-of-garlic-planter.jpg\" alt=\"Structure de la machine de plantation d\u2019ail\" class=\"wp-image-9976\" srcset=\"https:\/\/www.agriculture-machine.com\/wp-content\/uploads\/2021\/04\/structure-of-garlic-planter.jpg 720w, https:\/\/www.agriculture-machine.com\/wp-content\/uploads\/2021\/04\/structure-of-garlic-planter-360x270.jpg 360w, https:\/\/www.agriculture-machine.com\/wp-content\/uploads\/2021\/04\/structure-of-garlic-planter-240x180.jpg 240w\" sizes=\"auto, (max-width: 720px) 100vw, 720px\" \/><figcaption class=\"wp-element-caption\">Structure de la machine de plantation d\u2019ail<\/figcaption><\/figure>    <h2 class=\"wp-block-heading\">Avantages de l\u2019utilisation du planteur d\u2019ail<\/h2>    <p>1. La configuration efficace et raisonnable de la machine garantit un processus d\u2019exploitation stable, fiable et efficace.<br>2. Ajustez rapidement la direction des graines d\u2019ail pour qu\u2019elles soient orient\u00e9es vers le haut afin d\u2019assurer le taux de survie du semis.<br>3. La plantation automatique d\u2019ail peut r\u00e9duire les co\u00fbts de main-d\u2019\u0153uvre. La zone de semis est grande, et l\u2019utilisation de la main-d\u2019\u0153uvre est co\u00fbteuse. L\u2019utilisation de machines peut r\u00e9duire les co\u00fbts et am\u00e9liorer l\u2019efficacit\u00e9 \u00e9conomique.<br>4. La densit\u00e9 de plantation est raisonnable et le semis est uniforme. Am\u00e9liorez le taux de survie du semis et le rendement de la plantation d\u2019ail.<\/p>    <figure class=\"wp-block-image aligncenter size-full wp-image-9978\"><img loading=\"lazy\" decoding=\"async\" width=\"720\" height=\"540\" src=\"https:\/\/www.agriculture-machine.com\/wp-content\/uploads\/2021\/04\/garlic-harvesting.jpg\" alt=\"R\u00e9colte d\u2019ail\" class=\"wp-image-9978\" srcset=\"https:\/\/www.agriculture-machine.com\/wp-content\/uploads\/2021\/04\/garlic-harvesting.jpg 720w, https:\/\/www.agriculture-machine.com\/wp-content\/uploads\/2021\/04\/garlic-harvesting-360x270.jpg 360w, https:\/\/www.agriculture-machine.com\/wp-content\/uploads\/2021\/04\/garlic-harvesting-240x180.jpg 240w\" sizes=\"auto, (max-width: 720px) 100vw, 720px\" \/><figcaption class=\"wp-element-caption\">R\u00e9colte d\u2019ail<\/figcaption><\/figure>    <h2 class=\"wp-block-heading\">Principe de fonctionnement du planteur d\u2019ail<\/h2>    <p>Les graines d\u2019ail sont plac\u00e9es dans les bo\u00eetes \u00e0 graines. Le dispositif de puissance entra\u00eene le d\u00e9placement du planteur d\u2019ail. La roue de mise \u00e0 la terre entra\u00eene la rotation du engrenage. La roue et l\u2019engrenage tournent synchroniquement sous l\u2019action de la cha\u00eene de transmission. La roue entra\u00eene le convoyeur pour transporter les graines d\u2019ail. <\/p>    <p>La machine de plantation d\u2019ail m\u00e9canique a une structure simple. Elle est pratique \u00e0 utiliser. Et elle peut am\u00e9liorer l\u2019efficacit\u00e9 du travail et la qualit\u00e9 de la plantation. <\/p>    <p>Il existe diff\u00e9rents types de machines. Des petites machines telles qu\u2019un planteur d\u2019ail \u00e0 4 rangs et un planteur d\u2019ail \u00e0 5 rangs sont \u00e9quip\u00e9es d\u2019un moteur diesel. <\/p>    <p>De grandes machines telles qu\u2019un planteur d\u2019ail \u00e0 10 rangs peuvent \u00eatre aliment\u00e9es par des tracteurs. Il existe diff\u00e9rents types de machines, et nous recommanderons les machines appropri\u00e9es pour vous.<\/p>    <h2 class=\"wp-block-heading\">Param\u00e8tres du planteur d\u2019ail<\/h2>    <figure class=\"wp-block-table is-style-stripes\"><table><tbody><tr><td>Mod\u00e8le<\/td><td>GP-6<\/td><\/tr><tr><td>Rangs<\/td><td>Personnalisable<\/td><\/tr><tr><td>Espacement des plants<\/td><td>R\u00e9glable<\/td><\/tr><tr><td>Espacement entre les rang\u00e9es<\/td><td>R\u00e9glable<\/td><\/tr><tr><td>Tracteur<\/td><td>&gt;30cv<\/td><\/tr><\/tbody><\/table><figcaption class=\"wp-element-caption\">Donn\u00e9es techniques de la machine de plantation d\u2019ail<\/figcaption><\/figure>    <h2 class=\"wp-block-heading\">Cas r\u00e9ussis<\/h2>    <p class=\"translation-block\">Ces derni\u00e8res ann\u00e9es, nous avons export\u00e9 de nombreuses machines dans plus de 100 pays. Nous exportons diverses machines agricoles telles que <a href=\"https:\/\/www.agriculture-machine.com\/fr\/vegetable-seed-planters-vegetable-sowing-machine\/\">machines de semis de l\u00e9gumes<\/a>, machines \u00e0 fabriquer des cordes, etc. Nos clients sont tr\u00e8s satisfaits de nos produits. <\/p>    <p>Les planteurs d\u2019ail ont aid\u00e9 de nombreuses personnes dans la plantation d\u2019ail et ont consid\u00e9rablement am\u00e9lior\u00e9 leur efficacit\u00e9 de plantation. Nous sommes sp\u00e9cialis\u00e9s dans l\u2019exportation de machines. N\u2019h\u00e9sitez pas \u00e0 nous contacter si vous avez des questions.<\/p>    <figure class=\"wp-block-image aligncenter size-full wp-image-9982\"><img loading=\"lazy\" decoding=\"async\" width=\"720\" height=\"540\" src=\"https:\/\/www.agriculture-machine.com\/wp-content\/uploads\/2021\/04\/export-machines-1.jpg\" alt=\"machines d\u2019exportation\" class=\"wp-image-9982\" srcset=\"https:\/\/www.agriculture-machine.com\/wp-content\/uploads\/2021\/04\/export-machines-1.jpg 720w, https:\/\/www.agriculture-machine.com\/wp-content\/uploads\/2021\/04\/export-machines-1-360x270.jpg 360w, https:\/\/www.agriculture-machine.com\/wp-content\/uploads\/2021\/04\/export-machines-1-240x180.jpg 240w\" sizes=\"auto, (max-width: 720px) 100vw, 720px\" \/><figcaption class=\"wp-element-caption\">machines d\u2019exportation<\/figcaption><\/figure>    <h2 class=\"wp-block-heading\">Contactez-nous \u00e0 tout moment<\/h2>    <p>N\u2019h\u00e9sitez pas \u00e0 nous contacter \u00e0 tout moment pour plus de d\u00e9tails sur le Semoir d\u2019ail. Nous nous engageons \u00e0 fournir des solutions de machinerie agricole efficaces et fiables. De plus, nous vous invitons chaleureusement \u00e0 visiter notre usine et \u00e0 d\u00e9couvrir par vous-m\u00eame la performance exceptionnelle du Semoir d\u2019ail. Merci de choisir nos produits et nous esp\u00e9rons vous offrir un service et un support excellents.<\/p>","protected":false},"excerpt":{"rendered":"<p>La machine de plantation d\u2019ail combine une profondeur de semis r\u00e9glable, une plantation de haute pr\u00e9cision \u00e0 grande vitesse et une op\u00e9ration \u00e0 un bouton con\u00e7ue pour augmenter l\u2019efficacit\u00e9 et la productivit\u00e9 de la plantation d\u2019ail.<\/p>","protected":false},"author":1,"featured_media":9974,"parent":0,"comment_status":"closed","ping_status":"closed","template":"","tags":[2635,492],"product-type":[870,885],"class_list":["post-9960","product","type-product","status-publish","has-post-thumbnail","hentry","tag-garlic","tag-planter","product-type-planter","product-type-vegetable-planter"],"_links":{"self":[{"href":"https:\/\/www.agriculture-machine.com\/fr\/wp-json\/wp\/v2\/product\/9960","targetHints":{"allow":["GET"]}}],"collection":[{"href":"https:\/\/www.agriculture-machine.com\/fr\/wp-json\/wp\/v2\/product"}],"about":[{"href":"https:\/\/www.agriculture-machine.com\/fr\/wp-json\/wp\/v2\/types\/product"}],"author":[{"embeddable":true,"href":"https:\/\/www.agriculture-machine.com\/fr\/wp-json\/wp\/v2\/users\/1"}],"replies":[{"embeddable":true,"href":"https:\/\/www.agriculture-machine.com\/fr\/wp-json\/wp\/v2\/comments?post=9960"}],"wp:featuredmedia":[{"embeddable":true,"href":"https:\/\/www.agriculture-machine.com\/fr\/wp-json\/wp\/v2\/media\/9974"}],"wp:attachment":[{"href":"https:\/\/www.agriculture-machine.com\/fr\/wp-json\/wp\/v2\/media?parent=9960"}],"wp:term":[{"taxonomy":"post_tag","embeddable":true,"href":"https:\/\/www.agriculture-machine.com\/fr\/wp-json\/wp\/v2\/tags?post=9960"},{"taxonomy":"product-type","embeddable":true,"href":"https:\/\/www.agriculture-machine.com\/fr\/wp-json\/wp\/v2\/product-type?post=9960"}],"curies":[{"name":"wp","href":"https:\/\/api.w.org\/{rel}","templated":true}]}}