{"id":9993,"date":"2021-04-16T16:38:00","date_gmt":"2021-04-16T08:38:00","guid":{"rendered":"https:\/\/www.agriculture-machine.com\/?p=9993"},"modified":"2024-09-18T16:17:30","modified_gmt":"2024-09-18T08:17:30","slug":"walk-behind-rice-transplanter-rice-planting-machine","status":"publish","type":"product","link":"https:\/\/www.agriculture-machine.com\/fr\/walk-behind-rice-transplanter-rice-planting-machine\/","title":{"rendered":"Transplanter le riz \u00e0 marche arri\u00e8re | Machine de plantation de riz"},"content":{"rendered":"<p class=\"translation-block\">Le transplanter de riz \u00e0 marche arri\u00e8re est une machine agricole qui implante les plants de riz dans les champs de riz. De nos jours, le riz est largement cultiv\u00e9 dans de nombreuses r\u00e9gions du monde. Cependant, la plantation manuelle de plants de riz est chronophage et laborieuse. L\u2019utilisation d\u2019un transplanter de riz est devenue le choix de nombreux riziculteurs. <\/p>    <p>Le transplanter de riz \u00e0 marche arri\u00e8re est facile \u00e0 utiliser et am\u00e9liore consid\u00e9rablement l\u2019efficacit\u00e9 et la qualit\u00e9 de la transplantation du riz. Par cons\u00e9quent, il contribue \u00e9galement \u00e0 augmenter le taux de survie des plants de riz. <\/p>    <figure class=\"wp-block-embed is-type-video is-provider-youtube wp-block-embed-youtube wp-embed-aspect-16-9 wp-has-aspect-ratio\"><div class=\"wp-block-embed__wrapper\"> <iframe loading=\"lazy\" title=\"Trois types de machines \u00e0 transplanter le riz pour votre choix. Semoir\/ machine \u00e0 planter le riz\" width=\"500\" height=\"281\" src=\"https:\/\/www.youtube.com\/embed\/_KvEf-3Jk44?start=120&#038;feature=oembed\" frameborder=\"0\" allow=\"accelerometer; autoplay; clipboard-write; encrypted-media; gyroscope; picture-in-picture; web-share\" referrerpolicy=\"strict-origin-when-cross-origin\" allowfullscreen><\/iframe> <\/div><figcaption class=\"wp-element-caption\">Machine \u00e0 transplanter le riz \u00e0 6 et 8 rangs<\/figcaption><\/figure>    <p class=\"translation-block\">Nous produisons actuellement des transplanters de riz \u00e0 4 et 6 rangs portables. En plus de la transplantation de plants de riz, nous disposons \u00e9galement de machines pour transplanter divers <a href=\"https:\/\/www.agriculture-machine.com\/fr\/peony-transplant-cucumber-transplant-factory-direct\/\">l\u00e9gumes<\/a>, capables de planter de nombreux jeunes plants de l\u00e9gumes. Les gens peuvent aussi opter pour une <a href=\"https:\/\/www.agriculture-machine.com\/fr\/rice-nursery-seedling-machine\/\">machine \u00e0 p\u00e9pini\u00e8re<\/a> pour remplacer la culture manuelle des plants. Utiliser ces machines pour commencer le travail peut grandement am\u00e9liorer l\u2019efficacit\u00e9 et la qualit\u00e9 des semis. <\/p>    <h2 class=\"wp-block-heading\">Introduction du transplanter de riz \u00e0 marche arri\u00e8re<\/h2>    <p>Le transplanter de riz \u00e0 marche arri\u00e8re est aussi un type de transplanter de riz. La diff\u00e9rence avec le transplanter de riz pr\u00e9c\u00e9dent est que ce transplanter permet aux personnes de marcher derri\u00e8re et de le contr\u00f4ler via la poign\u00e9e. Nous avons un mod\u00e8le \u00e0 4 rangs et un \u00e0 6 rangs. <\/p>    <p>About the power, our rice transplanter is equipped with a gasoline engine. And the planting depth of the machine can be adjusted. So, it can meet different customers&#8217; needs for depth. Our machines have professional large-diameter wheels that can move flexibly in the field. <\/p>    <figure class=\"wp-block-image aligncenter size-full\"><img loading=\"lazy\" decoding=\"async\" width=\"720\" height=\"540\" src=\"https:\/\/www.agriculture-machine.com\/wp-content\/uploads\/2022\/05\/paddy-transplanter.jpg\" alt=\"Transplanter le riz\" class=\"wp-image-13526\" title=\"Transplanter le riz\" srcset=\"https:\/\/www.agriculture-machine.com\/wp-content\/uploads\/2022\/05\/paddy-transplanter.jpg 720w, https:\/\/www.agriculture-machine.com\/wp-content\/uploads\/2022\/05\/paddy-transplanter-360x270.jpg 360w, https:\/\/www.agriculture-machine.com\/wp-content\/uploads\/2022\/05\/paddy-transplanter-240x180.jpg 240w\" sizes=\"auto, (max-width: 720px) 100vw, 720px\" \/><figcaption class=\"wp-element-caption\">Transplanter le riz<\/figcaption><\/figure>    <h2 class=\"wp-block-heading\" id=\"h-what-are-the-dvantages-of-rice-planting-machine\">Quels sont les avantages des machines \u00e0 planter le riz<\/h2>    <ol class=\"wp-block-list\"> <li>Cette machine \u00e0 transplanter le riz \u00e0 marche arri\u00e8re peut \u00eatre aliment\u00e9e par un moteur \u00e0 essence qui donne plus de puissance \u00e0 la machine.<\/li>    <li>La distance de transplantation peut \u00eatre ajust\u00e9e en quatre niveaux en r\u00e9glant la vitesse et la poign\u00e9e de r\u00e9glage de la distance. Elle peut r\u00e9aliser 12-14 ou 16-21 cm par une op\u00e9ration simple et rapide.<\/li>    <li>Haute applicabilit\u00e9. La machine \u00e0 transplanter le riz peut marcher facilement m\u00eame dans des champs pourris o\u00f9 la profondeur de la boue est de 15-35 cm. Elle n\u2019est pas limit\u00e9e par la taille du champ.<\/li>    <li>La machine est l\u00e9g\u00e8re, ce qui permet d\u2019\u00e9conomiser beaucoup de main-d\u2019\u0153uvre.<\/li>    <li>L\u2019utilisateur doit placer les plants de mani\u00e8re r\u00e9guli\u00e8re et fiable pour \u00e9viter de manquer la transplantation efficacement.<\/li>    <li>Une forme esth\u00e9tique et une transmission de puissance par entra\u00eenement par travers rendent la machine plus robuste et mieux \u00e9quilibr\u00e9e.<\/li> <\/ol>    <figure class=\"wp-block-gallery has-nested-images columns-2 is-cropped wp-block-gallery-2 is-layout-flex wp-block-gallery-is-layout-flex\"> <figure class=\"wp-block-image size-full\"><a href=\"https:\/\/www.agriculture-machine.com\/wp-content\/uploads\/2021\/04\/machine-details-of-walk-behind-rice-transplanter.jpg\"><img loading=\"lazy\" decoding=\"async\" width=\"720\" height=\"540\" data-id=\"9995\" src=\"https:\/\/www.agriculture-machine.com\/wp-content\/uploads\/2021\/04\/machine-details-of-walk-behind-rice-transplanter.jpg\" alt=\"d\u00e9tails-de-la-machine-de-transplantation-de-riz-\u00e0-marche-arri\u00e8re\" class=\"wp-image-9995\" title=\"d\u00e9tails-de-la-machine-de-transplantation-de-riz-\u00e0-marche-arri\u00e8re\" srcset=\"https:\/\/www.agriculture-machine.com\/wp-content\/uploads\/2021\/04\/machine-details-of-walk-behind-rice-transplanter.jpg 720w, https:\/\/www.agriculture-machine.com\/wp-content\/uploads\/2021\/04\/machine-details-of-walk-behind-rice-transplanter-360x270.jpg 360w, https:\/\/www.agriculture-machine.com\/wp-content\/uploads\/2021\/04\/machine-details-of-walk-behind-rice-transplanter-240x180.jpg 240w\" sizes=\"auto, (max-width: 720px) 100vw, 720px\" \/><\/a><figcaption class=\"wp-element-caption\">d\u00e9tails-de-la-machine-de-transplantation-de-riz-\u00e0-marche-arri\u00e8re<\/figcaption><\/figure>    <figure class=\"wp-block-image size-full\"><a href=\"https:\/\/www.agriculture-machine.com\/wp-content\/uploads\/2021\/04\/Walk-behind-rice-transplanter-prats.jpg\"><img loading=\"lazy\" decoding=\"async\" width=\"720\" height=\"540\" data-id=\"9996\" src=\"https:\/\/www.agriculture-machine.com\/wp-content\/uploads\/2021\/04\/Walk-behind-rice-transplanter-prats.jpg\" alt=\"transplanter-riz-\u00e0-marche-arri\u00e8re-prats\" class=\"wp-image-9996\" title=\"transplanter-riz-\u00e0-marche-arri\u00e8re-prats\" srcset=\"https:\/\/www.agriculture-machine.com\/wp-content\/uploads\/2021\/04\/Walk-behind-rice-transplanter-prats.jpg 720w, https:\/\/www.agriculture-machine.com\/wp-content\/uploads\/2021\/04\/Walk-behind-rice-transplanter-prats-360x270.jpg 360w, https:\/\/www.agriculture-machine.com\/wp-content\/uploads\/2021\/04\/Walk-behind-rice-transplanter-prats-240x180.jpg 240w\" sizes=\"auto, (max-width: 720px) 100vw, 720px\" \/><\/a><figcaption class=\"wp-element-caption\">transplanter-riz-\u00e0-marche-arri\u00e8re-prats<\/figcaption><\/figure> <\/figure>    <h2 class=\"wp-block-heading\" id=\"h-structure-details-of-the-4-rows-manual-rice-transplanter\">D\u00e9tails de la structure du transplanter de riz manuel \u00e0 4 rangs<\/h2>    <p>Le transplanter de riz manuel \u00e0 marche arri\u00e8re a une structure compacte, est l\u00e9ger, facile \u00e0 utiliser, et poss\u00e8de une fonction puissante, ce qui en fait un bon assistant pour les agriculteurs lors de la transplantation du riz.<\/p>    <figure class=\"wp-block-gallery has-nested-images columns-2 is-cropped wp-block-gallery-3 is-layout-flex wp-block-gallery-is-layout-flex\"> <figure class=\"wp-block-image size-large\"><a href=\"https:\/\/www.agriculture-machine.com\/wp-content\/uploads\/2021\/04\/structure-of-4-row-rice-transplanter-machine.jpg\"><img loading=\"lazy\" decoding=\"async\" width=\"720\" height=\"540\" data-id=\"10008\" src=\"https:\/\/www.agriculture-machine.com\/wp-content\/uploads\/2021\/04\/structure-of-4-row-rice-transplanter-machine.jpg\" alt=\"structure-du-transplanter-de-riz-\u00e0-4-rangs\" class=\"wp-image-10008\" title=\"structure-du-transplanter-de-riz-\u00e0-4-rangs\" srcset=\"https:\/\/www.agriculture-machine.com\/wp-content\/uploads\/2021\/04\/structure-of-4-row-rice-transplanter-machine.jpg 720w, https:\/\/www.agriculture-machine.com\/wp-content\/uploads\/2021\/04\/structure-of-4-row-rice-transplanter-machine-360x270.jpg 360w, https:\/\/www.agriculture-machine.com\/wp-content\/uploads\/2021\/04\/structure-of-4-row-rice-transplanter-machine-240x180.jpg 240w\" sizes=\"auto, (max-width: 720px) 100vw, 720px\" \/><\/a><figcaption class=\"wp-element-caption\">structure-du-transplanter-de-riz-\u00e0-4-rangs<\/figcaption><\/figure>    <figure class=\"wp-block-image size-large\"><a href=\"https:\/\/www.agriculture-machine.com\/wp-content\/uploads\/2021\/04\/4-row-walk-behind-rice-transplanter.jpg\"><img loading=\"lazy\" decoding=\"async\" width=\"720\" height=\"540\" data-id=\"10009\" src=\"https:\/\/www.agriculture-machine.com\/wp-content\/uploads\/2021\/04\/4-row-walk-behind-rice-transplanter.jpg\" alt=\"transplanter-riz-\u00e0 4 rangs \u00e0 marche arri\u00e8re\" class=\"wp-image-10009\" title=\"transplanter-riz-\u00e0 4 rangs \u00e0 marche arri\u00e8re\" srcset=\"https:\/\/www.agriculture-machine.com\/wp-content\/uploads\/2021\/04\/4-row-walk-behind-rice-transplanter.jpg 720w, https:\/\/www.agriculture-machine.com\/wp-content\/uploads\/2021\/04\/4-row-walk-behind-rice-transplanter-360x270.jpg 360w, https:\/\/www.agriculture-machine.com\/wp-content\/uploads\/2021\/04\/4-row-walk-behind-rice-transplanter-240x180.jpg 240w\" sizes=\"auto, (max-width: 720px) 100vw, 720px\" \/><\/a><figcaption class=\"wp-element-caption\">transplanter-riz-\u00e0 4 rangs \u00e0 marche arri\u00e8re<\/figcaption><\/figure> <\/figure>    <h2 class=\"wp-block-heading\" id=\"h-how-to-transplant-rice-seedlings\">Comment transplanter les plants de riz ?<\/h2>    <p>Il existe deux m\u00e9thodes pour transplanter le riz. Quelles sont les deux m\u00e9thodes de plantation du riz ? L\u2019une est la transplantation traditionnelle de semis, qui est manuelle, et l\u2019autre est la transplantation m\u00e9canique de semis. Le temps c\u2019est de l\u2019or, plantez-vous encore le riz traditionnellement ? Pour am\u00e9liorer l\u2019efficacit\u00e9 du travail, bien s\u00fbr, vous choisissez la plantation m\u00e9canis\u00e9e. Avec cette machine \u00e0 transplanter le riz \u00e0 main, l\u2019espacement des plants peut \u00eatre ajust\u00e9 \u00e0 tout moment.<\/p>    <figure class=\"wp-block-embed is-type-video is-provider-youtube wp-block-embed-youtube wp-embed-aspect-16-9 wp-has-aspect-ratio\"><div class=\"wp-block-embed__wrapper\"> <iframe loading=\"lazy\" title=\"Comment transplanter le riz ou le paddy ? Choisissez-vous un transplanter \u00e0 marche arri\u00e8re ou un type tracteur ?\" width=\"500\" height=\"281\" src=\"https:\/\/www.youtube.com\/embed\/PW-tT4ietAc?feature=oembed\" frameborder=\"0\" allow=\"accelerometer; autoplay; clipboard-write; encrypted-media; gyroscope; picture-in-picture; web-share\" referrerpolicy=\"strict-origin-when-cross-origin\" allowfullscreen><\/iframe> <\/div><figcaption class=\"wp-element-caption\">sc\u00e8ne de travail du transplanter de riz \u00e0 marche arri\u00e8re<\/figcaption><\/figure>    <h2 class=\"wp-block-heading\" id=\"h-what-are-the-benefits-of-using-machine-transplant-rice\">Avantages de l\u2019utilisation d\u2019un transplanter de riz m\u00e9canique<\/h2>    <p>Quelle est la diff\u00e9rence entre une machine \u00e0 transplanter le riz et la transplantation manuelle de riz ? Du point de vue de l\u2019efficacit\u00e9, le transplanter de riz \u00e0 6 rangs doit \u00eatre meilleur. Apr\u00e8s tout, les machines sont meilleures que les manuels. En transplantant le m\u00eame nombre de plants de riz, la transplantation manuelle peut \u00eatre termin\u00e9e en un jour, et le transplanter peut le faire en une heure.<\/p>    <p>En plus de la haute vitesse, la machine \u00e0 transplanter le riz \u00e0 marche arri\u00e8re a un autre avantage, \u00e0 savoir que l\u2019espacement des plants est constant. Il y aura toujours des erreurs dans la plantation manuelle, soit trop proche, soit trop \u00e9loign\u00e9. La distance de plantation peut \u00eatre contr\u00f4l\u00e9e par une machine \u00e0 planter le riz, ce qui n\u2019est pas r\u00e9alisable manuellement. <\/p>    <p>The yield is said to be higher if the seedlings are transplanted by machine. The above two points are undoubtedly the biggest advantages of rice planting machines, and they are also the disadvantages of manual transplanting. What can&#8217;t be done manually is done by the machine.<\/p>    <figure class=\"wp-block-gallery has-nested-images columns-2 is-cropped wp-block-gallery-4 is-layout-flex wp-block-gallery-is-layout-flex\"> <figure class=\"wp-block-image size-large\"><a href=\"https:\/\/www.agriculture-machine.com\/wp-content\/uploads\/2021\/04\/Manual-transplanting.jpg\"><img loading=\"lazy\" decoding=\"async\" width=\"640\" height=\"427\" data-id=\"10007\" src=\"https:\/\/www.agriculture-machine.com\/wp-content\/uploads\/2021\/04\/Manual-transplanting.jpg\" alt=\"Transplantation manuelle\" class=\"wp-image-10007\" title=\"Transplantation manuelle\" srcset=\"https:\/\/www.agriculture-machine.com\/wp-content\/uploads\/2021\/04\/Manual-transplanting.jpg 640w, https:\/\/www.agriculture-machine.com\/wp-content\/uploads\/2021\/04\/Manual-transplanting-360x240.jpg 360w\" sizes=\"auto, (max-width: 640px) 100vw, 640px\" \/><\/a><figcaption class=\"wp-element-caption\">Transplantation manuelle<\/figcaption><\/figure>    <figure class=\"wp-block-image size-large\"><a href=\"https:\/\/www.agriculture-machine.com\/wp-content\/uploads\/2021\/04\/transplanting-rice.jpg\"><img loading=\"lazy\" decoding=\"async\" width=\"720\" height=\"540\" data-id=\"10005\" src=\"https:\/\/www.agriculture-machine.com\/wp-content\/uploads\/2021\/04\/transplanting-rice.jpg\" alt=\"transplanter-riz\" class=\"wp-image-10005\" title=\"transplanter-riz\" srcset=\"https:\/\/www.agriculture-machine.com\/wp-content\/uploads\/2021\/04\/transplanting-rice.jpg 720w, https:\/\/www.agriculture-machine.com\/wp-content\/uploads\/2021\/04\/transplanting-rice-360x270.jpg 360w, https:\/\/www.agriculture-machine.com\/wp-content\/uploads\/2021\/04\/transplanting-rice-240x180.jpg 240w\" sizes=\"auto, (max-width: 720px) 100vw, 720px\" \/><\/a><figcaption class=\"wp-element-caption\">transplanting&#8211;rice<\/figcaption><\/figure> <\/figure>    <h2 class=\"wp-block-heading\" id=\"h-technical-parameters-of-the-high-efficiency-rice-transplanter\">Param\u00e8tres techniques du transplanter de riz \u00e0 marche arri\u00e8re<\/h2>    <figure class=\"wp-block-table is-style-stripes\"><table><tbody><tr><td>Mod\u00e8le<\/td><td>Sp\u00e9cifications techniques<\/td><\/tr><tr><td><\/td><td>Unit\u00e9<\/td><td>Sp\u00e9cification<\/td><\/tr><tr><td>2ZS-4<\/td><td>Type<\/td><td><\/td><td>Deux types de roues avec trois plaques flottantes<\/td><\/tr><tr><td>Dimension (Longueur x largeur x Hauteur)<\/td><td>(mm)<\/td><td>2140\u00d71630\u00d7910<\/td><\/tr><tr><td>Poids<\/td><td>(kg)<\/td><td>165<\/td><\/tr><tr><td>Nom du moteur<\/td><td><\/td><td>YAMAHA \/ MZ175-B-1<\/td><\/tr><tr><td>Puissance du moteur<\/td><td>(kw\/rpm)<\/td><td>2.6\/3000<\/td><\/tr><tr><td>Type<\/td><td><\/td><td>Moteur \u00e0 refroidissement par air, quatre temps, OHV<\/td><\/tr><tr><td>Lignes de travail<\/td><td><\/td><td>4 lignes<\/td><\/tr><tr><td>Vitesse de travail<\/td><td>\uff08m\/s\uff09<\/td><td>0.34-0.77<\/td><\/tr><tr><td>Distance entre lignes<\/td><td>(mm)<\/td><td>300<\/td><\/tr><tr><td>Distance de semis<\/td><td>(mm)<\/td><td>210;180;160;140;120<\/td><\/tr><tr><td>Profondeur de semis<\/td><td>(mm)<\/td><td>15-35<\/td><\/tr><tr><td>Capacit\u00e9 de travail<\/td><td>arce\/heure<\/td><td>0.10-0.2<\/td><\/tr><tr><td>roue de paddy<\/td><td>structure<\/td><td><\/td><td>roue en caoutchouc<\/td><\/tr><tr><td>diam\u00e8tre<\/td><td>(mm)<\/td><td>660<\/td><\/tr><tr><td>style de conduite<\/td><td><\/td><td>&nbsp;Transmission par arbre d\u2019entra\u00eenement<\/td><\/tr><tr><td>Structure de transplantation<\/td><td><\/td><td>Structure \u00e0 levier de manivelle<\/td><\/tr><\/tbody><\/table><figcaption class=\"wp-element-caption\">Donn\u00e9es techniques du transplanter de riz \u00e0 marche arri\u00e8re<\/figcaption><\/figure>    <h2 class=\"wp-block-heading\">Principe de fonctionnement du transplanter automatique de riz<\/h2>    <p>Les plants sont soigneusement plac\u00e9s dans la bo\u00eete \u00e0 semis en groupe. Ensuite, la bo\u00eete se d\u00e9place lat\u00e9ralement pour que le ramasse-semis puisse prendre un certain nombre de plants un par un. <\/p>    <p>Ensuite, ins\u00e9rer les plants dans le sol selon les exigences agronomiques sous l\u2019action du m\u00e9canisme de contr\u00f4le de la piste de plantation de riz. Enfin, le s\u00e9lecteur de plants revient dans la bo\u00eete pour ramasser les plants selon une certaine piste.<\/p>    <figure class=\"wp-block-gallery has-nested-images columns-default is-cropped wp-block-gallery-5 is-layout-flex wp-block-gallery-is-layout-flex\"> <figure class=\"wp-block-image aligncenter size-large\"><img loading=\"lazy\" decoding=\"async\" width=\"720\" height=\"540\" data-id=\"13528\" src=\"https:\/\/www.agriculture-machine.com\/wp-content\/uploads\/2022\/05\/4.jpg\" alt=\"usine\" class=\"wp-image-13528\" title=\"usine\" srcset=\"https:\/\/www.agriculture-machine.com\/wp-content\/uploads\/2022\/05\/4.jpg 720w, https:\/\/www.agriculture-machine.com\/wp-content\/uploads\/2022\/05\/4-360x270.jpg 360w, https:\/\/www.agriculture-machine.com\/wp-content\/uploads\/2022\/05\/4-240x180.jpg 240w\" sizes=\"auto, (max-width: 720px) 100vw, 720px\" \/><figcaption class=\"wp-element-caption\">usine<\/figcaption><\/figure> <\/figure>    <h2 class=\"wp-block-heading\">Un transplanter de riz \u00e0 6 rangs vendu au Nigeria<\/h2>    <p>Le client poss\u00e8de une grande rizi\u00e8re dans la r\u00e9gion, et chaque fois qu\u2019il plante du riz, c\u2019est sa p\u00e9riode la plus charg\u00e9e. Pour gagner du temps et am\u00e9liorer l\u2019efficacit\u00e9, il lui fallait un transplanter de riz. Nous avons contact\u00e9 le client lorsque nous avons vu ses besoins. <\/p>    <p>Apr\u00e8s une p\u00e9riode de communication, nous avons sugg\u00e9r\u00e9 au client un transplanter de riz \u00e0 6 rangs. Finalement, le client a d\u00e9cid\u00e9 d\u2019acheter un transplanter de riz \u00e0 marche arri\u00e8re. Voici la photo d\u2019emballage et d\u2019exp\u00e9dition de la machine.<\/p>    <figure class=\"wp-block-gallery has-nested-images columns-default is-cropped wp-block-gallery-6 is-layout-flex wp-block-gallery-is-layout-flex\"> <figure class=\"wp-block-image size-large\"><img loading=\"lazy\" decoding=\"async\" width=\"720\" height=\"540\" data-id=\"13518\" src=\"https:\/\/www.agriculture-machine.com\/wp-content\/uploads\/2022\/05\/wooden-case-packing-of-rice-transplanter-.jpg\" alt=\"emballage en caisse en bois du transplanter de riz \" class=\"wp-image-13518\" title=\"emballage en caisse en bois du transplanter de riz \" srcset=\"https:\/\/www.agriculture-machine.com\/wp-content\/uploads\/2022\/05\/wooden-case-packing-of-rice-transplanter-.jpg 720w, https:\/\/www.agriculture-machine.com\/wp-content\/uploads\/2022\/05\/wooden-case-packing-of-rice-transplanter--360x270.jpg 360w, https:\/\/www.agriculture-machine.com\/wp-content\/uploads\/2022\/05\/wooden-case-packing-of-rice-transplanter--240x180.jpg 240w\" sizes=\"auto, (max-width: 720px) 100vw, 720px\" \/><figcaption class=\"wp-element-caption\">emballage en caisse en bois du transplanter de riz<\/figcaption><\/figure>    <figure class=\"wp-block-image size-large\"><img loading=\"lazy\" decoding=\"async\" width=\"720\" height=\"540\" data-id=\"13519\" src=\"https:\/\/www.agriculture-machine.com\/wp-content\/uploads\/2022\/05\/shipping-of-the-paddy-transplanter0.jpg\" alt=\"exp\u00e9dition du transplanter de paddy\" class=\"wp-image-13519\" title=\"exp\u00e9dition du transplanter de paddy\" srcset=\"https:\/\/www.agriculture-machine.com\/wp-content\/uploads\/2022\/05\/shipping-of-the-paddy-transplanter0.jpg 720w, https:\/\/www.agriculture-machine.com\/wp-content\/uploads\/2022\/05\/shipping-of-the-paddy-transplanter0-360x270.jpg 360w, https:\/\/www.agriculture-machine.com\/wp-content\/uploads\/2022\/05\/shipping-of-the-paddy-transplanter0-240x180.jpg 240w\" sizes=\"auto, (max-width: 720px) 100vw, 720px\" \/><figcaption class=\"wp-element-caption\">exp\u00e9dition du transplanter de paddy<\/figcaption><\/figure> <\/figure>    <h2 class=\"wp-block-heading\">Contactez-nous \u00e0 tout moment<\/h2>    <p>Merci d\u2019avoir examin\u00e9 en d\u00e9tail notre \u00e9quipement de transplantation de riz. Si vous avez des questions ou si vous souhaitez plus d\u2019informations, n\u2019h\u00e9sitez pas \u00e0 contacter notre \u00e9quipe professionnelle. Nous vous invitons \u00e9galement \u00e0 visiter notre usine. Nous esp\u00e9rons collaborer avec vous pour fournir d\u2019excellentes solutions pour votre production agricole.<\/p>","protected":false},"excerpt":{"rendered":"<p>Ce transplanter de riz \u00e0 marche arri\u00e8re est contr\u00f4l\u00e9 \u00e0 la main. La profondeur de plantation et la vitesse de marche peuvent \u00eatre ajust\u00e9es \u00e0 tout moment. Et les plants de riz sont transplant\u00e9s avec pr\u00e9cision et efficacit\u00e9 dans les champs de paddy.<\/p>","protected":false},"author":1,"featured_media":13524,"parent":0,"comment_status":"closed","ping_status":"closed","template":"","tags":[796,151],"product-type":[1,914],"class_list":["post-9993","product","type-product","status-publish","has-post-thumbnail","hentry","tag-rice","tag-transplanter","product-type-other","product-type-rice-transplanter"],"_links":{"self":[{"href":"https:\/\/www.agriculture-machine.com\/fr\/wp-json\/wp\/v2\/product\/9993","targetHints":{"allow":["GET"]}}],"collection":[{"href":"https:\/\/www.agriculture-machine.com\/fr\/wp-json\/wp\/v2\/product"}],"about":[{"href":"https:\/\/www.agriculture-machine.com\/fr\/wp-json\/wp\/v2\/types\/product"}],"author":[{"embeddable":true,"href":"https:\/\/www.agriculture-machine.com\/fr\/wp-json\/wp\/v2\/users\/1"}],"replies":[{"embeddable":true,"href":"https:\/\/www.agriculture-machine.com\/fr\/wp-json\/wp\/v2\/comments?post=9993"}],"wp:featuredmedia":[{"embeddable":true,"href":"https:\/\/www.agriculture-machine.com\/fr\/wp-json\/wp\/v2\/media\/13524"}],"wp:attachment":[{"href":"https:\/\/www.agriculture-machine.com\/fr\/wp-json\/wp\/v2\/media?parent=9993"}],"wp:term":[{"taxonomy":"post_tag","embeddable":true,"href":"https:\/\/www.agriculture-machine.com\/fr\/wp-json\/wp\/v2\/tags?post=9993"},{"taxonomy":"product-type","embeddable":true,"href":"https:\/\/www.agriculture-machine.com\/fr\/wp-json\/wp\/v2\/product-type?post=9993"}],"curies":[{"name":"wp","href":"https:\/\/api.w.org\/{rel}","templated":true}]}}