{"id":14370,"date":"2023-02-07T18:18:28","date_gmt":"2023-02-07T10:18:28","guid":{"rendered":"https:\/\/www.agriculture-machine.com\/?page_id=14370"},"modified":"2023-02-08T11:48:07","modified_gmt":"2023-02-08T03:48:07","slug":"about-us","status":"publish","type":"page","link":"https:\/\/www.agriculture-machine.com\/pt\/about-us\/","title":{"rendered":"Sobre n\u00f3s"},"content":{"rendered":"<div class=\"wp-block-media-text alignwide is-stacked-on-mobile\" style=\"grid-template-columns:42% auto\"><figure class=\"wp-block-media-text__media\"><img loading=\"lazy\" decoding=\"async\" width=\"720\" height=\"540\" src=\"https:\/\/www.agriculture-machine.com\/wp-content\/uploads\/2023\/02\/Taizy-factory-.webp\" alt=\"\" class=\"wp-image-14374 size-full\"\/><\/figure><div class=\"wp-block-media-text__content\"> <div class=\"wp-block-columns is-layout-flex wp-container-core-columns-is-layout-9d6595d7 wp-block-columns-is-layout-flex\"> <div class=\"wp-block-column is-layout-flow wp-block-column-is-layout-flow\" style=\"flex-basis:100%\"> <p class=\"translation-block\"><strong>A Taizy<\/strong> \u00e9 uma fabricante de maquinaria com foco em maquinaria agr\u00edcola. Para poder inovar e desenvolver constantemente, prestamos muita aten\u00e7\u00e3o \u00e0 renova\u00e7\u00e3o e inova\u00e7\u00e3o tecnol\u00f3gica. Isso resultou em produtos que atendem constantemente \u00e0s novas necessidades dos clientes e tornam o seu dia a dia mais conveniente. Temos uma f\u00e1brica com mais de 30.000 metros quadrados. Dentro da f\u00e1brica, temos departamentos especializados de P&amp;D, supervis\u00e3o, fabrica\u00e7\u00e3o e embalagem. Os materiais utilizados na fabrica\u00e7\u00e3o dos nossos produtos s\u00e3o de alta qualidade e padr\u00e3o. Cada etapa do processo \u00e9 rigorosamente monitorada e verificada. Como resultado, o equipamento produzido \u00e9 de boa qualidade, resistente e duradouro.<\/p> <\/div> <\/div> <\/div><\/div>    <h2 class=\"wp-block-heading\">Neg\u00f3cio de exporta\u00e7\u00e3o da Taizy<\/h2>    <div class=\"wp-block-media-text alignwide has-media-on-the-right is-stacked-on-mobile\"><div class=\"wp-block-media-text__content\"> <p class=\"translation-block\">Com desenvolvimento cont\u00ednuo, lan\u00e7\u00e1mos um neg\u00f3cio de com\u00e9rcio exterior. At\u00e9 agora, temos mais de 15 anos de experi\u00eancia em exporta\u00e7\u00e3o. Podemos recomendar a m\u00e1quina certa, oferecer v\u00e1rias formas de pagamento, ter um sistema log\u00edstico perfeito e um servi\u00e7o p\u00f3s-venda maduro. A nossa maquinaria agr\u00edcola j\u00e1 foi exportada para muitos pa\u00edses, como <strong>\u00c1frica, Sudeste Asi\u00e1tico e Am\u00e9rica do Sul,<\/strong> como Nig\u00e9ria, Gana, Peru, Indon\u00e9sia, Z\u00e2mbia, Canad\u00e1, Senegal, Guatemala, Zimbabu\u00e9, Marrocos, Botsuana, Zimbabu\u00e9, Uganda, Arg\u00e9lia e Estados Unidos, Botsuana, Zimbabu\u00e9, Uganda, Arg\u00e9lia, Camar\u00f5es, etc.<\/p> <\/div><figure class=\"wp-block-media-text__media\"><img loading=\"lazy\" decoding=\"async\" width=\"720\" height=\"540\" src=\"https:\/\/www.agriculture-machine.com\/wp-content\/uploads\/2023\/02\/Taizy-customers-1.webp\" alt=\"\" class=\"wp-image-14386 size-full\"\/><\/figure><\/div>    <h2 class=\"wp-block-heading\">Produtos da Taizy<\/h2>    <p class=\"translation-block\">A gama de produtos da Taizy inclui <strong>moinhos de gr\u00e3os<\/strong>, <strong>ceifas<\/strong>, <strong>mudas<\/strong>, <strong>colheitadeiras<\/strong>, <strong>encartadeiras<\/strong>, <strong>semeadoras<\/strong>, <strong>moinhos de arroz<\/strong>, <strong>descascadores de gr\u00e3os<\/strong>, <strong>secadores<\/strong>, etc. Nos \u00faltimos anos, os nossos produtos tornaram-se muito populares. Nos \u00faltimos anos, estes produtos t\u00eam sido muito apreciados pelos nossos clientes em \u00c1frica e Sudeste Asi\u00e1tico, especialmente<br><strong>Nig\u00e9ria, Qu\u00e9nia, \u00c1frica do Sul, Gana, Congo, Eti\u00f3pia, Nam\u00edbia, Marrocos, Botsuana, Zimbabu\u00e9, Uganda, Arg\u00e9lia e Camar\u00f5es.<\/strong><\/p>    <figure class=\"wp-block-image size-full\"><img loading=\"lazy\" decoding=\"async\" width=\"720\" height=\"540\" src=\"https:\/\/www.agriculture-machine.com\/wp-content\/uploads\/2023\/02\/Taizys-products-.webp\" alt=\"Produtos da Taizy\" class=\"wp-image-14376\" title=\"Produtos da Taizy\"\/><figcaption class=\"wp-element-caption\">Produtos da Taizy<\/figcaption><\/figure>    <h2 class=\"wp-block-heading\">Servi\u00e7o da Taizy<\/h2>    <p>Desde o in\u00edcio das nossas exporta\u00e7\u00f5es, temos recebido elogios dos nossos clientes pelo nosso servi\u00e7o. Dizem que se sentem confort\u00e1veis ao comprar de n\u00f3s. A seguir, os principais elementos do nosso servi\u00e7o.<\/p>    <ol class=\"wp-block-list\"> <li><strong>Pr\u00e9-venda.<\/strong> Forneceremos aos nossos clientes imagens, par\u00e2metros e v\u00eddeos dos nossos produtos. Permitir que os clientes compreendam totalmente as nossas m\u00e1quinas. Ao mesmo tempo, responderemos a quaisquer perguntas dos nossos clientes de forma r\u00e1pida.<\/li>    <li><strong>P\u00f3s-venda.<\/strong> Recomendaremos a solu\u00e7\u00e3o de m\u00e1quina adequada de acordo com a situa\u00e7\u00e3o espec\u00edfica do cliente. Esclarecemos quaisquer d\u00favidas sobre a m\u00e1quina, por exemplo, a voltagem, o tempo necess\u00e1rio para fabricar a m\u00e1quina, o m\u00e9todo de uso, a instala\u00e7\u00e3o e a comissionamento, etc. <strong>Relativamente aos m\u00e9todos de pagamento,<\/strong> apoiamos Trade Assurance, T\/T, Western Union, Money Gram, L\/C, Pay Pal, Dinheiro, etc. Tamb\u00e9m podemos fornecer links de pagamento direto para o Alibaba, onde os clientes podem pagar diretamente. Esta \u00e9 uma forma segura e r\u00e1pida de pagamento.<\/li> <\/ol>    <ol class=\"wp-block-list\" start=\"3\"> <li><strong>Servi\u00e7o p\u00f3s-venda.<\/strong> Forneceremos m\u00e9todos de envio de acordo com as necessidades do cliente. O cliente tamb\u00e9m pode verificar o estado do transporte da m\u00e1quina em tempo real.<br>Tamb\u00e9m oferecemos uma <strong>servi\u00e7o p\u00f3s-venda de um ano:<\/strong> Ap\u00f3s fazer o pedido, forneceremos servi\u00e7os de orienta\u00e7\u00e3o online vital\u00edcios. Outras avarias causadas por erros de opera\u00e7\u00e3o, problemas humanos, etc., ser\u00e3o de responsabilidade dos clientes. Outras avarias causadas por erros de opera\u00e7\u00e3o, problemas humanos, etc., ser\u00e3o de responsabilidade do pr\u00f3prio cliente.<\/li> <\/ol>    <figure class=\"wp-block-image size-full\"><img loading=\"lazy\" decoding=\"async\" width=\"720\" height=\"540\" src=\"https:\/\/www.agriculture-machine.com\/wp-content\/uploads\/2023\/02\/Taizys-service-.webp\" alt=\"Servi\u00e7o da Taizy\" class=\"wp-image-14377\" title=\"Servi\u00e7o da Taizy\"\/><figcaption class=\"wp-element-caption\">Servi\u00e7o da Taizy<\/figcaption><\/figure>    <h2 class=\"wp-block-heading\">Certificados e honrarias da Taizy<\/h2>    <p>Gra\u00e7as \u00e0 boa qualidade das nossas m\u00e1quinas e ao apoio de muitos clientes, recebemos muitos pr\u00e9mios e certificados. No futuro, continuaremos a inovar e a desenvolver tendo os nossos clientes em mente, e estamos comprometidos em produzir produtos ainda melhores. Convidamos os nossos clientes a consultar os nossos produtos a qualquer hora e em qualquer lugar!<\/p>    <figure class=\"wp-block-image size-full\"><img loading=\"lazy\" decoding=\"async\" width=\"720\" height=\"540\" src=\"https:\/\/www.agriculture-machine.com\/wp-content\/uploads\/2023\/02\/Taizys-certificates-and-honors-.webp\" alt=\"Certificados e honrarias da Taizy\" class=\"wp-image-14378\" title=\"Certificados e honrarias da Taizy\"\/><figcaption class=\"wp-element-caption\">Certificados e honrarias da Taizy<\/figcaption><\/figure>","protected":false},"excerpt":{"rendered":"<p>Taizy&#8217;s export business With continuous development, we have launched a foreign trade business. By now we have over 15 years of export experience. We can recommend the right machine, offer a variety of payment methods, have a perfect logistics system, and mature after-sales service. Our agricultural machinery has now been exported to many countries such [&hellip;]<\/p>\n","protected":false},"author":1,"featured_media":0,"parent":0,"menu_order":0,"comment_status":"closed","ping_status":"closed","template":"","meta":{"footnotes":""},"class_list":["post-14370","page","type-page","status-publish","hentry"],"_links":{"self":[{"href":"https:\/\/www.agriculture-machine.com\/pt\/wp-json\/wp\/v2\/pages\/14370","targetHints":{"allow":["GET"]}}],"collection":[{"href":"https:\/\/www.agriculture-machine.com\/pt\/wp-json\/wp\/v2\/pages"}],"about":[{"href":"https:\/\/www.agriculture-machine.com\/pt\/wp-json\/wp\/v2\/types\/page"}],"author":[{"embeddable":true,"href":"https:\/\/www.agriculture-machine.com\/pt\/wp-json\/wp\/v2\/users\/1"}],"replies":[{"embeddable":true,"href":"https:\/\/www.agriculture-machine.com\/pt\/wp-json\/wp\/v2\/comments?post=14370"}],"version-history":[{"count":0,"href":"https:\/\/www.agriculture-machine.com\/pt\/wp-json\/wp\/v2\/pages\/14370\/revisions"}],"wp:attachment":[{"href":"https:\/\/www.agriculture-machine.com\/pt\/wp-json\/wp\/v2\/media?parent=14370"}],"curies":[{"name":"wp","href":"https:\/\/api.w.org\/{rel}","templated":true}]}}