{"id":10078,"date":"2021-04-22T15:14:47","date_gmt":"2021-04-22T07:14:47","guid":{"rendered":"https:\/\/www.agriculture-machine.com\/?p=10078"},"modified":"2024-09-18T16:16:09","modified_gmt":"2024-09-18T08:16:09","slug":"thresher-machine-5td-50-for-rice-wheat-bean-corn-sorghum-millet","status":"publish","type":"product","link":"https:\/\/www.agriculture-machine.com\/pt\/thresher-machine-5td-50-for-rice-wheat-bean-corn-sorghum-millet\/","title":{"rendered":"M\u00e1quina de debulhar 5TD-50 para arroz, trigo, feij\u00e3o, milho, sorgo, millet"},"content":{"rendered":"<p>A m\u00e1quina da s\u00e9rie TD \u00e9 a nossa mais recente debulhadora. Atualmente, temos 5TD-50, 5TD-70, 5TD-90, 5TD-125, 5TD-1000. Este artigo partilha principalmente a m\u00e1quina de debulhar 5TD-50.<\/p> <h2>Que culturas podem ser processadas por esta debulhadora?<\/h2> <p>Esta m\u00e1quina de debulhar pode ser usada para debulhar soja, milho, arroz, trigo, quinoa, nabo, sorgo, millet, etc. N\u00e3o \u00e9 necess\u00e1rio trocar a tela, apenas ajustar o espa\u00e7amento do rolo ao debulhar diferentes culturas.<\/p> <figure id=\"attachment_10082\" aria-describedby=\"caption-attachment-10082\" style=\"width: 720px\" class=\"wp-caption alignnone\"><img loading=\"lazy\" decoding=\"async\" class=\"size-full wp-image-10082\" src=\"https:\/\/www.agriculture-machine.com\/wp-content\/uploads\/2021\/04\/5-TD-thresher-for-rice-wheat-corn-beans-rape-sorghum.jpg\" alt=\"Debulhadora 5-TD para arroz, trigo, milho, feij\u00e3o, nabo, sorgo\" width=\"720\" height=\"540\" srcset=\"https:\/\/www.agriculture-machine.com\/wp-content\/uploads\/2021\/04\/5-TD-thresher-for-rice-wheat-corn-beans-rape-sorghum.jpg 720w, https:\/\/www.agriculture-machine.com\/wp-content\/uploads\/2021\/04\/5-TD-thresher-for-rice-wheat-corn-beans-rape-sorghum-360x270.jpg 360w, https:\/\/www.agriculture-machine.com\/wp-content\/uploads\/2021\/04\/5-TD-thresher-for-rice-wheat-corn-beans-rape-sorghum-240x180.jpg 240w\" sizes=\"auto, (max-width: 720px) 100vw, 720px\" \/><figcaption id=\"caption-attachment-10082\" class=\"wp-caption-text\">Debulhadora 5-TD para arroz, trigo, milho, feij\u00e3o, nabo, sorgo<\/figcaption><\/figure> <h2>Quais as vantagens da m\u00e1quina de debulhar de trigo?<\/h2> <p>A m\u00e1quina de debulhar trigo tem alta efici\u00eancia de produ\u00e7\u00e3o, debulha limpa, sem danos e com baixo teor de impurezas. \u00c9 fabricada com tecnologia avan\u00e7ada e possui excelente qualidade. A nova m\u00e1quina de debulhar j\u00e1 est\u00e1 no mercado e recebeu muitos pedidos nacionais e internacionais, especialmente da Nig\u00e9ria, Gana e Qu\u00e9nia. Este produto integra as fun\u00e7\u00f5es de debulhar, separar e limpar.<\/p> <h2>Detalhes da estrutura da m\u00e1quina de debulhar feij\u00e3o<\/h2> <p>Esta m\u00e1quina de debulhar 5TD-50 \u00e9 composta principalmente por porta de alimenta\u00e7\u00e3o, sa\u00edda de impurezas, sa\u00edda de gr\u00e3os limpos, ventilador, estrutura de energia, dente interno de dial, rolo, etc. A m\u00e1quina possui apenas um ventilador, mas consegue realizar a remo\u00e7\u00e3o secund\u00e1ria de impurezas. Assim, o gr\u00e3o fica muito limpo ap\u00f3s a debulha.<\/p> <div id='gallery-1' class='gallery galleryid-10078 gallery-columns-2 gallery-size-full'><figure class='gallery-item'> \t\t\t<div class='gallery-icon landscape'> \t\t\t\t<a href='https:\/\/www.agriculture-machine.com\/wp-content\/uploads\/2021\/04\/structure-details-of-5TD-50-thresher-machine.jpg'><img loading=\"lazy\" decoding=\"async\" width=\"720\" height=\"540\" src=\"https:\/\/www.agriculture-machine.com\/wp-content\/uploads\/2021\/04\/structure-details-of-5TD-50-thresher-machine.jpg\" class=\"attachment-full size-full\" alt=\"Detalhes da estrutura da m\u00e1quina de debulhar 5TD-50\" aria-describedby=\"gallery-1-10083\" srcset=\"https:\/\/www.agriculture-machine.com\/wp-content\/uploads\/2021\/04\/structure-details-of-5TD-50-thresher-machine.jpg 720w, https:\/\/www.agriculture-machine.com\/wp-content\/uploads\/2021\/04\/structure-details-of-5TD-50-thresher-machine-360x270.jpg 360w, https:\/\/www.agriculture-machine.com\/wp-content\/uploads\/2021\/04\/structure-details-of-5TD-50-thresher-machine-240x180.jpg 240w\" sizes=\"auto, (max-width: 720px) 100vw, 720px\" \/><\/a> \t\t\t<\/div> \t\t\t\t<figcaption class='wp-caption-text gallery-caption' id='gallery-1-10083'> \t\t\t\tDetalhes da estrutura da m\u00e1quina de debulhar 5TD-50 \t\t\t\t<\/figcaption><\/figure><figure class='gallery-item'> \t\t\t<div class='gallery-icon landscape'> \t\t\t\t<a href='https:\/\/www.agriculture-machine.com\/wp-content\/uploads\/2021\/04\/structure-of-5TD-50-thresher-machine.jpg'><img loading=\"lazy\" decoding=\"async\" width=\"720\" height=\"540\" src=\"https:\/\/www.agriculture-machine.com\/wp-content\/uploads\/2021\/04\/structure-of-5TD-50-thresher-machine.jpg\" class=\"attachment-full size-full\" alt=\"estrutura da m\u00e1quina de debulhar 5TD-50\" aria-describedby=\"gallery-1-10084\" srcset=\"https:\/\/www.agriculture-machine.com\/wp-content\/uploads\/2021\/04\/structure-of-5TD-50-thresher-machine.jpg 720w, https:\/\/www.agriculture-machine.com\/wp-content\/uploads\/2021\/04\/structure-of-5TD-50-thresher-machine-360x270.jpg 360w, https:\/\/www.agriculture-machine.com\/wp-content\/uploads\/2021\/04\/structure-of-5TD-50-thresher-machine-240x180.jpg 240w\" sizes=\"auto, (max-width: 720px) 100vw, 720px\" \/><\/a> \t\t\t<\/div> \t\t\t\t<figcaption class='wp-caption-text gallery-caption' id='gallery-1-10084'> \t\t\t\testrutura da m\u00e1quina de debulhar 5TD-50 \t\t\t\t<\/figcaption><\/figure> \t\t<\/div>  <h2>Que tipo de energia pode ser equipada?<\/h2> <p>A debulhadora 5TD-50 pode ser equipada com motor, motor a diesel, motor a gasolina. Motor de 6-8 cavalos de pot\u00eancia (diesel) ou motor a gasolina de 2,2-3kw.<\/p> <div id='gallery-2' class='gallery galleryid-10078 gallery-columns-2 gallery-size-full'><figure class='gallery-item'> \t\t\t<div class='gallery-icon landscape'> \t\t\t\t<a href='https:\/\/www.agriculture-machine.com\/wp-content\/uploads\/2021\/04\/5.jpg'><img loading=\"lazy\" decoding=\"async\" width=\"720\" height=\"540\" src=\"https:\/\/www.agriculture-machine.com\/wp-content\/uploads\/2021\/04\/5.jpg\" class=\"attachment-full size-full\" alt=\"Debulhadora com motor a gasolina\" aria-describedby=\"gallery-2-10086\" srcset=\"https:\/\/www.agriculture-machine.com\/wp-content\/uploads\/2021\/04\/5.jpg 720w, https:\/\/www.agriculture-machine.com\/wp-content\/uploads\/2021\/04\/5-360x270.jpg 360w, https:\/\/www.agriculture-machine.com\/wp-content\/uploads\/2021\/04\/5-240x180.jpg 240w\" sizes=\"auto, (max-width: 720px) 100vw, 720px\" \/><\/a> \t\t\t<\/div> \t\t\t\t<figcaption class='wp-caption-text gallery-caption' id='gallery-2-10086'> \t\t\t\tDebulhadora com motor a gasolina \t\t\t\t<\/figcaption><\/figure><figure class='gallery-item'> \t\t\t<div class='gallery-icon landscape'> \t\t\t\t<a href='https:\/\/www.agriculture-machine.com\/wp-content\/uploads\/2021\/04\/4.jpg'><img loading=\"lazy\" decoding=\"async\" width=\"720\" height=\"540\" src=\"https:\/\/www.agriculture-machine.com\/wp-content\/uploads\/2021\/04\/4.jpg\" class=\"attachment-full size-full\" alt=\"Debulhadora com motor\" aria-describedby=\"gallery-2-10085\" srcset=\"https:\/\/www.agriculture-machine.com\/wp-content\/uploads\/2021\/04\/4.jpg 720w, https:\/\/www.agriculture-machine.com\/wp-content\/uploads\/2021\/04\/4-360x270.jpg 360w, https:\/\/www.agriculture-machine.com\/wp-content\/uploads\/2021\/04\/4-240x180.jpg 240w\" sizes=\"auto, (max-width: 720px) 100vw, 720px\" \/><\/a> \t\t\t<\/div> \t\t\t\t<figcaption class='wp-caption-text gallery-caption' id='gallery-2-10085'> \t\t\t\tDebulhadora com motor \t\t\t\t<\/figcaption><\/figure> \t\t<\/div>  <h2>Quais s\u00e3o os destaques desta m\u00e1quina de debulhar?<\/h2> <p class=\"translation-block\">Is this machine different from the previous rice and wheat thresher?<br \/> Yes, of course.<br \/> Difference 1: This thresher does not need to change the screen when you threshing different grains, so the operation is very simple. The <a href=\"https:\/\/www.agriculture-machine.com\/pt\/wheat-thresher-for-sale-sorghum-rice-thresher-beans-millet-threshing-machine\/\">other rice and wheat thresher<\/a> needs to change the screen when threshing different grains.<br \/> Difference 2: This 5TD-50 thresher is more customizable. It can equip PTO, big tires, traction frame, etc. It can be customized according to your requirements.<br \/> Difference 3: The output of the 5TD-50 thresher is higher. The output of this TD-50 thresher is 500-800kg per hour, while the output of the previous rice and wheat thresher is 400-500Kg.<br \/> Difference 4: In addition to threshing other grains, this newest thresher can also thresh corn. But <a href=\"https:\/\/www.agriculture-machine.com\/pt\/wheat-thresher-for-sale-sorghum-rice-thresher-beans-millet-threshing-machine\/\">the old thresher can thresh rice and wheat better<\/a>. You can choose the machine according to the grain you want to thresh.<\/p> <div id='gallery-3' class='gallery galleryid-10078 gallery-columns-2 gallery-size-full'><figure class='gallery-item'> \t\t\t<div class='gallery-icon landscape'> \t\t\t\t<a href='https:\/\/www.agriculture-machine.com\/wp-content\/uploads\/2021\/04\/6.jpg'><img loading=\"lazy\" decoding=\"async\" width=\"720\" height=\"540\" src=\"https:\/\/www.agriculture-machine.com\/wp-content\/uploads\/2021\/04\/6.jpg\" class=\"attachment-full size-full\" alt=\"M\u00e1quina de debulhar 5TD-50\" aria-describedby=\"gallery-3-10087\" srcset=\"https:\/\/www.agriculture-machine.com\/wp-content\/uploads\/2021\/04\/6.jpg 720w, https:\/\/www.agriculture-machine.com\/wp-content\/uploads\/2021\/04\/6-360x270.jpg 360w, https:\/\/www.agriculture-machine.com\/wp-content\/uploads\/2021\/04\/6-240x180.jpg 240w\" sizes=\"auto, (max-width: 720px) 100vw, 720px\" \/><\/a> \t\t\t<\/div> \t\t\t\t<figcaption class='wp-caption-text gallery-caption' id='gallery-3-10087'> \t\t\t\tM\u00e1quina de debulhar 5TD-50 \t\t\t\t<\/figcaption><\/figure><figure class='gallery-item'> \t\t\t<div class='gallery-icon landscape'> \t\t\t\t<a href='https:\/\/www.agriculture-machine.com\/wp-content\/uploads\/2021\/04\/wheat-thresher-13.jpg'><img loading=\"lazy\" decoding=\"async\" width=\"600\" height=\"500\" src=\"https:\/\/www.agriculture-machine.com\/wp-content\/uploads\/2021\/04\/wheat-thresher-13.jpg\" class=\"attachment-full size-full\" alt=\"debulhadora de trigo\" aria-describedby=\"gallery-3-10088\" srcset=\"https:\/\/www.agriculture-machine.com\/wp-content\/uploads\/2021\/04\/wheat-thresher-13.jpg 600w, https:\/\/www.agriculture-machine.com\/wp-content\/uploads\/2021\/04\/wheat-thresher-13-324x270.jpg 324w\" sizes=\"auto, (max-width: 600px) 100vw, 600px\" \/><\/a> \t\t\t<\/div> \t\t\t\t<figcaption class='wp-caption-text gallery-caption' id='gallery-3-10088'> \t\t\t\tdebulhadora de trigo \t\t\t\t<\/figcaption><\/figure> \t\t<\/div>  <h2>Caso de cliente<\/h2> <p>A \u00faltima remessa de m\u00e1quina de debulhar multifuncional 5TD-50 foi vendida \u00e0 Nig\u00e9ria, sendo utilizada para debulhar arroz e milho. Este cliente encomendou um total de 5 conjuntos de debulhadoras. Como \u00e9 uma m\u00e1quina rec\u00e9m-lan\u00e7ada, temos bastante stock, e enviaremos para o cliente dentro de alguns dias.<\/p> <div id='gallery-4' class='gallery galleryid-10078 gallery-columns-2 gallery-size-full'><figure class='gallery-item'> \t\t\t<div class='gallery-icon landscape'> \t\t\t\t<a href='https:\/\/www.agriculture-machine.com\/wp-content\/uploads\/2021\/04\/5TD-50-thresher-machine-in-stock.jpg'><img loading=\"lazy\" decoding=\"async\" width=\"720\" height=\"540\" src=\"https:\/\/www.agriculture-machine.com\/wp-content\/uploads\/2021\/04\/5TD-50-thresher-machine-in-stock.jpg\" class=\"attachment-full size-full\" alt=\"Debulhadora 5TD-50 em stock\" aria-describedby=\"gallery-4-10090\" srcset=\"https:\/\/www.agriculture-machine.com\/wp-content\/uploads\/2021\/04\/5TD-50-thresher-machine-in-stock.jpg 720w, https:\/\/www.agriculture-machine.com\/wp-content\/uploads\/2021\/04\/5TD-50-thresher-machine-in-stock-360x270.jpg 360w, https:\/\/www.agriculture-machine.com\/wp-content\/uploads\/2021\/04\/5TD-50-thresher-machine-in-stock-240x180.jpg 240w\" sizes=\"auto, (max-width: 720px) 100vw, 720px\" \/><\/a> \t\t\t<\/div> \t\t\t\t<figcaption class='wp-caption-text gallery-caption' id='gallery-4-10090'> \t\t\t\tDebulhadora 5TD-50 em stock \t\t\t\t<\/figcaption><\/figure><figure class='gallery-item'> \t\t\t<div class='gallery-icon landscape'> \t\t\t\t<a href='https:\/\/www.agriculture-machine.com\/wp-content\/uploads\/2021\/04\/5TD-50-thresher-in-stock.jpg'><img loading=\"lazy\" decoding=\"async\" width=\"720\" height=\"540\" src=\"https:\/\/www.agriculture-machine.com\/wp-content\/uploads\/2021\/04\/5TD-50-thresher-in-stock.jpg\" class=\"attachment-full size-full\" alt=\"Debulhadora 5TD-50 em stock\" aria-describedby=\"gallery-4-10089\" srcset=\"https:\/\/www.agriculture-machine.com\/wp-content\/uploads\/2021\/04\/5TD-50-thresher-in-stock.jpg 720w, https:\/\/www.agriculture-machine.com\/wp-content\/uploads\/2021\/04\/5TD-50-thresher-in-stock-360x270.jpg 360w, https:\/\/www.agriculture-machine.com\/wp-content\/uploads\/2021\/04\/5TD-50-thresher-in-stock-240x180.jpg 240w\" sizes=\"auto, (max-width: 720px) 100vw, 720px\" \/><\/a> \t\t\t<\/div> \t\t\t\t<figcaption class='wp-caption-text gallery-caption' id='gallery-4-10089'> \t\t\t\tDebulhadora 5TD-50 em stock \t\t\t\t<\/figcaption><\/figure><figure class='gallery-item'> \t\t\t<div class='gallery-icon landscape'> \t\t\t\t<a href='https:\/\/www.agriculture-machine.com\/wp-content\/uploads\/2021\/04\/7.jpg'><img loading=\"lazy\" decoding=\"async\" width=\"720\" height=\"540\" src=\"https:\/\/www.agriculture-machine.com\/wp-content\/uploads\/2021\/04\/7.jpg\" class=\"attachment-full size-full\" alt=\"M\u00e1quina de debulhar \u00e0 venda\" aria-describedby=\"gallery-4-10092\" srcset=\"https:\/\/www.agriculture-machine.com\/wp-content\/uploads\/2021\/04\/7.jpg 720w, https:\/\/www.agriculture-machine.com\/wp-content\/uploads\/2021\/04\/7-360x270.jpg 360w, https:\/\/www.agriculture-machine.com\/wp-content\/uploads\/2021\/04\/7-240x180.jpg 240w\" sizes=\"auto, (max-width: 720px) 100vw, 720px\" \/><\/a> \t\t\t<\/div> \t\t\t\t<figcaption class='wp-caption-text gallery-caption' id='gallery-4-10092'> \t\t\t\tM\u00e1quina de debulhar \u00e0 venda \t\t\t\t<\/figcaption><\/figure><figure class='gallery-item'> \t\t\t<div class='gallery-icon landscape'> \t\t\t\t<a href='https:\/\/www.agriculture-machine.com\/wp-content\/uploads\/2021\/04\/packing-and-shipping-of-5TD-50-thresher-machine.jpg'><img loading=\"lazy\" decoding=\"async\" width=\"720\" height=\"540\" src=\"https:\/\/www.agriculture-machine.com\/wp-content\/uploads\/2021\/04\/packing-and-shipping-of-5TD-50-thresher-machine.jpg\" class=\"attachment-full size-full\" alt=\"embalagem e envio da m\u00e1quina de debulhar 5TD-50\" aria-describedby=\"gallery-4-10091\" srcset=\"https:\/\/www.agriculture-machine.com\/wp-content\/uploads\/2021\/04\/packing-and-shipping-of-5TD-50-thresher-machine.jpg 720w, https:\/\/www.agriculture-machine.com\/wp-content\/uploads\/2021\/04\/packing-and-shipping-of-5TD-50-thresher-machine-360x270.jpg 360w, https:\/\/www.agriculture-machine.com\/wp-content\/uploads\/2021\/04\/packing-and-shipping-of-5TD-50-thresher-machine-240x180.jpg 240w\" sizes=\"auto, (max-width: 720px) 100vw, 720px\" \/><\/a> \t\t\t<\/div> \t\t\t\t<figcaption class='wp-caption-text gallery-caption' id='gallery-4-10091'> \t\t\t\tembalagem e envio da m\u00e1quina de debulhar 5TD-50 \t\t\t\t<\/figcaption><\/figure> \t\t<\/div>","protected":false},"excerpt":{"rendered":"<p>The TD series machine is our latest thresher. At present, we have 5TD-50, 5TD-70, 5TD-90, 5TD-125, 5TD-1000. This article mainly shares with you the thresher machine 5TD-50 . What crops can this thresher process? This thresher machine\u00a0can be used for threshing soybean, corn, rice, wheat, quinoa, rape, sorghum, millet, etc. You do not need to [&hellip;]<\/p>\n","protected":false},"author":1,"featured_media":10093,"parent":0,"comment_status":"closed","ping_status":"closed","template":"","tags":[489,491,796,135,2614,158],"product-type":[872],"class_list":["post-10078","product","type-product","status-publish","has-post-thumbnail","hentry","tag-bean","tag-corn","tag-rice","tag-sorghum","tag-thresher","tag-wheat","product-type-thresher-sheller"],"_links":{"self":[{"href":"https:\/\/www.agriculture-machine.com\/pt\/wp-json\/wp\/v2\/product\/10078","targetHints":{"allow":["GET"]}}],"collection":[{"href":"https:\/\/www.agriculture-machine.com\/pt\/wp-json\/wp\/v2\/product"}],"about":[{"href":"https:\/\/www.agriculture-machine.com\/pt\/wp-json\/wp\/v2\/types\/product"}],"author":[{"embeddable":true,"href":"https:\/\/www.agriculture-machine.com\/pt\/wp-json\/wp\/v2\/users\/1"}],"replies":[{"embeddable":true,"href":"https:\/\/www.agriculture-machine.com\/pt\/wp-json\/wp\/v2\/comments?post=10078"}],"wp:featuredmedia":[{"embeddable":true,"href":"https:\/\/www.agriculture-machine.com\/pt\/wp-json\/wp\/v2\/media\/10093"}],"wp:attachment":[{"href":"https:\/\/www.agriculture-machine.com\/pt\/wp-json\/wp\/v2\/media?parent=10078"}],"wp:term":[{"taxonomy":"post_tag","embeddable":true,"href":"https:\/\/www.agriculture-machine.com\/pt\/wp-json\/wp\/v2\/tags?post=10078"},{"taxonomy":"product-type","embeddable":true,"href":"https:\/\/www.agriculture-machine.com\/pt\/wp-json\/wp\/v2\/product-type?post=10078"}],"curies":[{"name":"wp","href":"https:\/\/api.w.org\/{rel}","templated":true}]}}