{"id":10112,"date":"2021-04-23T11:38:08","date_gmt":"2021-04-23T03:38:08","guid":{"rendered":"https:\/\/www.agriculture-machine.com\/?p=10112"},"modified":"2024-09-18T16:16:29","modified_gmt":"2024-09-18T08:16:29","slug":"thresher-machine-5td-90-for-rice-wheat-beans-millet-sorghum","status":"publish","type":"product","link":"https:\/\/www.agriculture-machine.com\/pt\/thresher-machine-5td-90-for-rice-wheat-beans-millet-sorghum\/","title":{"rendered":"M\u00e1quina de debulhar 5TD-90 para arroz, trigo, feij\u00e3o, millet, sorgo"},"content":{"rendered":"<p class=\"translation-block\">A m\u00e1quina de debulhar 5TD-90 \u00e9 uma vers\u00e3o atualizada de <a href=\"https:\/\/www.agriculture-machine.com\/pt\/thresher-machine-5td-50-for-rice-wheat-bean-corn-sorghum-millet\/\">m\u00e1quina de debulhar 5TD-50<\/a> e <a href=\"https:\/\/www.agriculture-machine.com\/pt\/thresher-5td-70-for-rice-wheat-bean-sorghum-millet-pearl-millet\/\">m\u00e1quina de debulhar 5TD-70<\/a>. A sua capacidade \u00e9 maior. \u00c9 tamb\u00e9m uma m\u00e1quina de debulhar multifuncional, que pode debulhar uma variedade de gr\u00e3os. Utiliza um motor el\u00e9trico monof\u00e1sico de 7,5kw ou um motor diesel de 12 hp como pot\u00eancia.<\/p> <h2>Quais culturas podem ser processadas pelo debulhador de trigo 5TD-90?<\/h2> <p>A m\u00e1quina de debulhar trigo 5TD-90 \u00e9 usada para debulhar arroz, trigo, feij\u00e3o, millet, sorgo, millet de cauda de raposa, soja, gr\u00e3o-de-bico, feij\u00e3o largo, etc. Basta trocar a tela ao debulhar diferentes culturas. \u00c9 f\u00e1cil de operar e liberta os agricultores do trabalho manual pesado.<\/p> <figure id=\"attachment_10114\" aria-describedby=\"caption-attachment-10114\" style=\"width: 720px\" class=\"wp-caption alignnone\"><img loading=\"lazy\" decoding=\"async\" class=\"size-full wp-image-10114\" src=\"https:\/\/www.agriculture-machine.com\/wp-content\/uploads\/2021\/04\/thresher-machine-5TD-90-for-rice-corn-wheat-bean.jpg\" alt=\"M\u00e1quina de debulhar 5TD-90 para arroz \" width=\"720\" height=\"540\" srcset=\"https:\/\/www.agriculture-machine.com\/wp-content\/uploads\/2021\/04\/thresher-machine-5TD-90-for-rice-corn-wheat-bean.jpg 720w, https:\/\/www.agriculture-machine.com\/wp-content\/uploads\/2021\/04\/thresher-machine-5TD-90-for-rice-corn-wheat-bean-360x270.jpg 360w, https:\/\/www.agriculture-machine.com\/wp-content\/uploads\/2021\/04\/thresher-machine-5TD-90-for-rice-corn-wheat-bean-240x180.jpg 240w\" sizes=\"auto, (max-width: 720px) 100vw, 720px\" \/><figcaption id=\"caption-attachment-10114\" class=\"wp-caption-text\">M\u00e1quina de debulhar 5TD-90 para arroz<\/figcaption><\/figure> <h2>Quais as vantagens da m\u00e1quina de debulhar arroz 5TD-90?<\/h2> <p>Esta m\u00e1quina de debulhar arroz possui dois ventiladores, por isso o gr\u00e3o fica muito limpo ap\u00f3s a debulha. A m\u00e1quina de debulhar arroz tamb\u00e9m pode ser equipada com uma roda grande e uma estrutura que pode ser facilmente conectada ao trator. Assim, \u00e9 f\u00e1cil de mover e pode andar em qualquer tipo de terreno. A taxa de arroz ou trigo partido \u00e9 de apenas 0,1%. Pouco arroz que sai do 5TD-90 est\u00e1 partido.<\/p> <div id='gallery-1' class='gallery galleryid-10112 gallery-columns-2 gallery-size-full'><figure class='gallery-item'> \t\t\t<div class='gallery-icon landscape'> \t\t\t\t<a href='https:\/\/www.agriculture-machine.com\/wp-content\/uploads\/2021\/04\/thresher-machine-1.jpg'><img loading=\"lazy\" decoding=\"async\" width=\"720\" height=\"540\" src=\"https:\/\/www.agriculture-machine.com\/wp-content\/uploads\/2021\/04\/thresher-machine-1.jpg\" class=\"attachment-full size-full\" alt=\"M\u00e1quina de debulhar\" aria-describedby=\"gallery-1-10118\" srcset=\"https:\/\/www.agriculture-machine.com\/wp-content\/uploads\/2021\/04\/thresher-machine-1.jpg 720w, https:\/\/www.agriculture-machine.com\/wp-content\/uploads\/2021\/04\/thresher-machine-1-360x270.jpg 360w, https:\/\/www.agriculture-machine.com\/wp-content\/uploads\/2021\/04\/thresher-machine-1-240x180.jpg 240w\" sizes=\"auto, (max-width: 720px) 100vw, 720px\" \/><\/a> \t\t\t<\/div> \t\t\t\t<figcaption class='wp-caption-text gallery-caption' id='gallery-1-10118'> \t\t\t\tM\u00e1quina de debulhar \t\t\t\t<\/figcaption><\/figure><figure class='gallery-item'> \t\t\t<div class='gallery-icon landscape'> \t\t\t\t<a href='https:\/\/www.agriculture-machine.com\/wp-content\/uploads\/2021\/04\/grain-thresher-machine.jpg'><img loading=\"lazy\" decoding=\"async\" width=\"720\" height=\"540\" src=\"https:\/\/www.agriculture-machine.com\/wp-content\/uploads\/2021\/04\/grain-thresher-machine.jpg\" class=\"attachment-full size-full\" alt=\"M\u00e1quina de debulhar gr\u00e3os\" aria-describedby=\"gallery-1-10115\" srcset=\"https:\/\/www.agriculture-machine.com\/wp-content\/uploads\/2021\/04\/grain-thresher-machine.jpg 720w, https:\/\/www.agriculture-machine.com\/wp-content\/uploads\/2021\/04\/grain-thresher-machine-360x270.jpg 360w, https:\/\/www.agriculture-machine.com\/wp-content\/uploads\/2021\/04\/grain-thresher-machine-240x180.jpg 240w\" sizes=\"auto, (max-width: 720px) 100vw, 720px\" \/><\/a> \t\t\t<\/div> \t\t\t\t<figcaption class='wp-caption-text gallery-caption' id='gallery-1-10115'> \t\t\t\tM\u00e1quina de debulhar gr\u00e3os \t\t\t\t<\/figcaption><\/figure><figure class='gallery-item'> \t\t\t<div class='gallery-icon landscape'> \t\t\t\t<a href='https:\/\/www.agriculture-machine.com\/wp-content\/uploads\/2021\/04\/in-stock.jpg'><img loading=\"lazy\" decoding=\"async\" width=\"720\" height=\"422\" src=\"https:\/\/www.agriculture-machine.com\/wp-content\/uploads\/2021\/04\/in-stock.jpg\" class=\"attachment-full size-full\" alt=\"Em stock\" aria-describedby=\"gallery-1-10116\" srcset=\"https:\/\/www.agriculture-machine.com\/wp-content\/uploads\/2021\/04\/in-stock.jpg 720w, https:\/\/www.agriculture-machine.com\/wp-content\/uploads\/2021\/04\/in-stock-360x211.jpg 360w\" sizes=\"auto, (max-width: 720px) 100vw, 720px\" \/><\/a> \t\t\t<\/div> \t\t\t\t<figcaption class='wp-caption-text gallery-caption' id='gallery-1-10116'> \t\t\t\tEm stock \t\t\t\t<\/figcaption><\/figure><figure class='gallery-item'> \t\t\t<div class='gallery-icon landscape'> \t\t\t\t<a href='https:\/\/www.agriculture-machine.com\/wp-content\/uploads\/2021\/04\/thresher-machine-in-stock.jpg'><img loading=\"lazy\" decoding=\"async\" width=\"720\" height=\"422\" src=\"https:\/\/www.agriculture-machine.com\/wp-content\/uploads\/2021\/04\/thresher-machine-in-stock.jpg\" class=\"attachment-full size-full\" alt=\"M\u00e1quina de debulhar em stock\" aria-describedby=\"gallery-1-10117\" srcset=\"https:\/\/www.agriculture-machine.com\/wp-content\/uploads\/2021\/04\/thresher-machine-in-stock.jpg 720w, https:\/\/www.agriculture-machine.com\/wp-content\/uploads\/2021\/04\/thresher-machine-in-stock-360x211.jpg 360w\" sizes=\"auto, (max-width: 720px) 100vw, 720px\" \/><\/a> \t\t\t<\/div> \t\t\t\t<figcaption class='wp-caption-text gallery-caption' id='gallery-1-10117'> \t\t\t\tM\u00e1quina de debulhar em stock \t\t\t\t<\/figcaption><\/figure> \t\t<\/div>  <h2>Estrutura da m\u00e1quina de debulhar gr\u00e3os<\/h2> <p>A estrutura desta m\u00e1quina de debulhar gr\u00e3os \u00e9 simples, o que facilita a opera\u00e7\u00e3o e manuten\u00e7\u00e3o. A tampa da m\u00e1quina de debulhar gr\u00e3os pode ser facilmente aberta, permitindo verificar e limpar convenientemente. Esta m\u00e1quina de debulhar gr\u00e3os pode trabalhar normalmente sob condi\u00e7\u00e3o de carga total, apresentando alta efici\u00eancia de produ\u00e7\u00e3o e baixo consumo de energia.<\/p> <div id='gallery-2' class='gallery galleryid-10112 gallery-columns-2 gallery-size-full'><figure class='gallery-item'> \t\t\t<div class='gallery-icon landscape'> \t\t\t\t<a href='https:\/\/www.agriculture-machine.com\/wp-content\/uploads\/2021\/04\/structure-details-of-thresher-machine-5TD-90.jpg'><img loading=\"lazy\" decoding=\"async\" width=\"720\" height=\"540\" src=\"https:\/\/www.agriculture-machine.com\/wp-content\/uploads\/2021\/04\/structure-details-of-thresher-machine-5TD-90.jpg\" class=\"attachment-full size-full\" alt=\"Detalhes da estrutura da m\u00e1quina de debulhar 5TD-90\" aria-describedby=\"gallery-2-10119\" srcset=\"https:\/\/www.agriculture-machine.com\/wp-content\/uploads\/2021\/04\/structure-details-of-thresher-machine-5TD-90.jpg 720w, https:\/\/www.agriculture-machine.com\/wp-content\/uploads\/2021\/04\/structure-details-of-thresher-machine-5TD-90-360x270.jpg 360w, https:\/\/www.agriculture-machine.com\/wp-content\/uploads\/2021\/04\/structure-details-of-thresher-machine-5TD-90-240x180.jpg 240w\" sizes=\"auto, (max-width: 720px) 100vw, 720px\" \/><\/a> \t\t\t<\/div> \t\t\t\t<figcaption class='wp-caption-text gallery-caption' id='gallery-2-10119'> \t\t\t\tDetalhes da estrutura da m\u00e1quina de debulhar 5TD-90 \t\t\t\t<\/figcaption><\/figure><figure class='gallery-item'> \t\t\t<div class='gallery-icon landscape'> \t\t\t\t<a href='https:\/\/www.agriculture-machine.com\/wp-content\/uploads\/2021\/04\/structure-of-thresher-machine.jpg'><img loading=\"lazy\" decoding=\"async\" width=\"720\" height=\"540\" src=\"https:\/\/www.agriculture-machine.com\/wp-content\/uploads\/2021\/04\/structure-of-thresher-machine.jpg\" class=\"attachment-full size-full\" alt=\"Estrutura da m\u00e1quina de debulhar\" aria-describedby=\"gallery-2-10120\" srcset=\"https:\/\/www.agriculture-machine.com\/wp-content\/uploads\/2021\/04\/structure-of-thresher-machine.jpg 720w, https:\/\/www.agriculture-machine.com\/wp-content\/uploads\/2021\/04\/structure-of-thresher-machine-360x270.jpg 360w, https:\/\/www.agriculture-machine.com\/wp-content\/uploads\/2021\/04\/structure-of-thresher-machine-240x180.jpg 240w\" sizes=\"auto, (max-width: 720px) 100vw, 720px\" \/><\/a> \t\t\t<\/div> \t\t\t\t<figcaption class='wp-caption-text gallery-caption' id='gallery-2-10120'> \t\t\t\tEstrutura da m\u00e1quina de debulhar \t\t\t\t<\/figcaption><\/figure> \t\t<\/div>  <h2>Par\u00e2metros t\u00e9cnicos<\/h2> <table> <tbody> <tr> <td>Velocidade de rota\u00e7\u00e3o do rolo de debulhar<\/td> <td>900-1040 r\/min<\/td> <\/tr> <tr> <td>\u00a0\u00a0\u00a0\u00a0\u00a0Pot\u00eancia<\/td> <td>Motor de 7,5kw ou motor diesel de 12-15HP<\/td> <\/tr> <tr> <td>M\u00e9todo de limpeza<\/td> <td>Tela vibrat\u00f3ria, grande ventilador<\/td> <\/tr> <tr> <td>Frequ\u00eancia de vibra\u00e7\u00e3o<\/td> <td>340<\/td> <\/tr> <tr> <td>Velocidade de rota\u00e7\u00e3o do ventilador<\/td> <td>1040-1100 r\/min<\/td> <\/tr> <tr> <td>Di\u00e2metro do ventilador<\/td> <td>D=480mm<\/td> <\/tr> <tr> <td>\u00b7<\/p> <p>Di\u00e2metro do tambor x comprimento<\/p> <p>\u00b7<\/td> <td>D=520mm; L=900mm<\/td> <\/tr> <tr> <td>Capacidade<\/td> <td>800-1200 Kg\/h<\/td> <\/tr> <tr> <td>\u00a0\u00a0\u00a0\u00a0\u00a0\u00a0Peso<\/td> <td>260 Kg<\/td> <\/tr> <tr> <td>Taxa de quebra (\uff05)<\/td> <td>\u22640,5<\/td> <\/tr> <tr> <td>Taxa de debulha (\uff05)<\/td> <td>\u226599<\/td> <\/tr> <tr> <td>Taxa de perda (\uff05)<\/td> <td>\u22641.0<\/td> <\/tr> <tr> <td>tamanho<\/td> <td>310*170*140cm<\/td> <\/tr> <\/tbody> <\/table>","protected":false},"excerpt":{"rendered":"<p>Thresher machine 5TD-90 is an upgraded version of 5TD-50 thresher machine and 5TD-70 thresher machine. Its output is higher. It is also a multi-functional thresher machine, which can thresher a variety of grains. It use 7.5kw single phase electric motor or 12 hp diesel engine as power. What crops do the 5TD-90 wheat thresher can [&hellip;]<\/p>\n","protected":false},"author":1,"featured_media":10113,"parent":0,"comment_status":"closed","ping_status":"closed","template":"","tags":[36,94,796,135,2614,158],"product-type":[872],"class_list":["post-10112","product","type-product","status-publish","has-post-thumbnail","hentry","tag-beans","tag-millet","tag-rice","tag-sorghum","tag-thresher","tag-wheat","product-type-thresher-sheller"],"_links":{"self":[{"href":"https:\/\/www.agriculture-machine.com\/pt\/wp-json\/wp\/v2\/product\/10112","targetHints":{"allow":["GET"]}}],"collection":[{"href":"https:\/\/www.agriculture-machine.com\/pt\/wp-json\/wp\/v2\/product"}],"about":[{"href":"https:\/\/www.agriculture-machine.com\/pt\/wp-json\/wp\/v2\/types\/product"}],"author":[{"embeddable":true,"href":"https:\/\/www.agriculture-machine.com\/pt\/wp-json\/wp\/v2\/users\/1"}],"replies":[{"embeddable":true,"href":"https:\/\/www.agriculture-machine.com\/pt\/wp-json\/wp\/v2\/comments?post=10112"}],"wp:featuredmedia":[{"embeddable":true,"href":"https:\/\/www.agriculture-machine.com\/pt\/wp-json\/wp\/v2\/media\/10113"}],"wp:attachment":[{"href":"https:\/\/www.agriculture-machine.com\/pt\/wp-json\/wp\/v2\/media?parent=10112"}],"wp:term":[{"taxonomy":"post_tag","embeddable":true,"href":"https:\/\/www.agriculture-machine.com\/pt\/wp-json\/wp\/v2\/tags?post=10112"},{"taxonomy":"product-type","embeddable":true,"href":"https:\/\/www.agriculture-machine.com\/pt\/wp-json\/wp\/v2\/product-type?post=10112"}],"curies":[{"name":"wp","href":"https:\/\/api.w.org\/{rel}","templated":true}]}}