{"id":10136,"date":"2021-04-26T16:16:15","date_gmt":"2021-04-26T08:16:15","guid":{"rendered":"https:\/\/www.agriculture-machine.com\/?p=10136"},"modified":"2024-09-18T16:15:45","modified_gmt":"2024-09-18T08:15:45","slug":"thresher-machine-5td-125-for-beans-rice-wheat-corn-sorghum","status":"publish","type":"product","link":"https:\/\/www.agriculture-machine.com\/pt\/thresher-machine-5td-125-for-beans-rice-wheat-corn-sorghum\/","title":{"rendered":"M\u00e1quina de debulhar 5TD-125 para feij\u00e3o, arroz, trigo, milho, sorgo"},"content":{"rendered":"<h2>Que culturas pode processar a m\u00e1quina de debulhar 5TD-125?<\/h2> <p>Este modelo de m\u00e1quina de debulhar \u00e9 principalmente usado para debulhar trigo, milho, soja, cevada, arroz, sorgo, millet, millet-p\u00e9rola e outras culturas. \u00c9 simples na estrutura e f\u00e1cil de operar. Tem alta efici\u00eancia.<\/p> <figure id=\"attachment_10138\" aria-describedby=\"caption-attachment-10138\" style=\"width: 720px\" class=\"wp-caption alignnone\"><img loading=\"lazy\" decoding=\"async\" class=\"size-full wp-image-10138\" src=\"https:\/\/www.agriculture-machine.com\/wp-content\/uploads\/2021\/04\/5TD-125-thresher-machine-for-wheat-rice-sorghum-bean-millet.jpg\" alt=\"M\u00e1quina de debulhar 5TD-125 para trigo, arroz, sorgo, feij\u00e3o, millet\" width=\"720\" height=\"540\" srcset=\"https:\/\/www.agriculture-machine.com\/wp-content\/uploads\/2021\/04\/5TD-125-thresher-machine-for-wheat-rice-sorghum-bean-millet.jpg 720w, https:\/\/www.agriculture-machine.com\/wp-content\/uploads\/2021\/04\/5TD-125-thresher-machine-for-wheat-rice-sorghum-bean-millet-360x270.jpg 360w, https:\/\/www.agriculture-machine.com\/wp-content\/uploads\/2021\/04\/5TD-125-thresher-machine-for-wheat-rice-sorghum-bean-millet-240x180.jpg 240w\" sizes=\"auto, (max-width: 720px) 100vw, 720px\" \/><figcaption id=\"caption-attachment-10138\" class=\"wp-caption-text\">M\u00e1quina de debulhar 5TD-125 para trigo, arroz, sorgo, feij\u00e3o, millet<\/figcaption><\/figure> <h2>Quais s\u00e3o os requisitos para as culturas ao debulhar?<\/h2> <p>Como mencionado acima, esta m\u00e1quina de debulhar pode ser utilizada para v\u00e1rias culturas. Aqui tomamos arroz, trigo e sorgo como exemplos para ilustrar a demanda por culturas ao usar a m\u00e1quina.<br \/> Trigo<br \/> O conte\u00fado de humidade do trigo \u00e9 de 15-20%.<br \/> Conte\u00fado de humidade do talo: 10-25%.<br \/> Propor\u00e7\u00e3o de grama para talo: 0,8-1,2<br \/> Arroz<br \/> O conte\u00fado de humidade do arroz na espiga \u00e9 de 15-28%.<br \/> Propor\u00e7\u00e3o de grama para talo \u00e9 de 1,0-2,4<\/p> <div id='gallery-1' class='gallery galleryid-10136 gallery-columns-3 gallery-size-full'><figure class='gallery-item'> \t\t\t<div class='gallery-icon landscape'> \t\t\t\t<a href='https:\/\/www.agriculture-machine.com\/wp-content\/uploads\/2021\/04\/5TD-125-thresher-machine-for-wheat.jpg'><img loading=\"lazy\" decoding=\"async\" width=\"720\" height=\"540\" src=\"https:\/\/www.agriculture-machine.com\/wp-content\/uploads\/2021\/04\/5TD-125-thresher-machine-for-wheat.jpg\" class=\"attachment-full size-full\" alt=\"M\u00e1quina de debulhar 5TD-125 para trigo\" aria-describedby=\"gallery-1-10141\" srcset=\"https:\/\/www.agriculture-machine.com\/wp-content\/uploads\/2021\/04\/5TD-125-thresher-machine-for-wheat.jpg 720w, https:\/\/www.agriculture-machine.com\/wp-content\/uploads\/2021\/04\/5TD-125-thresher-machine-for-wheat-360x270.jpg 360w, https:\/\/www.agriculture-machine.com\/wp-content\/uploads\/2021\/04\/5TD-125-thresher-machine-for-wheat-240x180.jpg 240w\" sizes=\"auto, (max-width: 720px) 100vw, 720px\" \/><\/a> \t\t\t<\/div> \t\t\t\t<figcaption class='wp-caption-text gallery-caption' id='gallery-1-10141'> \t\t\t\tM\u00e1quina de debulhar 5TD-125 para trigo \t\t\t\t<\/figcaption><\/figure><figure class='gallery-item'> \t\t\t<div class='gallery-icon landscape'> \t\t\t\t<a href='https:\/\/www.agriculture-machine.com\/wp-content\/uploads\/2021\/04\/5TD-125-thresher-machine-for-sorghum.jpg'><img loading=\"lazy\" decoding=\"async\" width=\"720\" height=\"540\" src=\"https:\/\/www.agriculture-machine.com\/wp-content\/uploads\/2021\/04\/5TD-125-thresher-machine-for-sorghum.jpg\" class=\"attachment-full size-full\" alt=\"M\u00e1quina de debulhar 5TD-125 para sorgo\" aria-describedby=\"gallery-1-10140\" srcset=\"https:\/\/www.agriculture-machine.com\/wp-content\/uploads\/2021\/04\/5TD-125-thresher-machine-for-sorghum.jpg 720w, https:\/\/www.agriculture-machine.com\/wp-content\/uploads\/2021\/04\/5TD-125-thresher-machine-for-sorghum-360x270.jpg 360w, https:\/\/www.agriculture-machine.com\/wp-content\/uploads\/2021\/04\/5TD-125-thresher-machine-for-sorghum-240x180.jpg 240w\" sizes=\"auto, (max-width: 720px) 100vw, 720px\" \/><\/a> \t\t\t<\/div> \t\t\t\t<figcaption class='wp-caption-text gallery-caption' id='gallery-1-10140'> \t\t\t\tM\u00e1quina de debulhar 5TD-125 para sorgo \t\t\t\t<\/figcaption><\/figure><figure class='gallery-item'> \t\t\t<div class='gallery-icon landscape'> \t\t\t\t<a href='https:\/\/www.agriculture-machine.com\/wp-content\/uploads\/2021\/04\/5TD-125-thresher-machine-for-rice.jpg'><img loading=\"lazy\" decoding=\"async\" width=\"720\" height=\"540\" src=\"https:\/\/www.agriculture-machine.com\/wp-content\/uploads\/2021\/04\/5TD-125-thresher-machine-for-rice.jpg\" class=\"attachment-full size-full\" alt=\"M\u00e1quina de debulhar 5TD-125 para arroz\" aria-describedby=\"gallery-1-10139\" srcset=\"https:\/\/www.agriculture-machine.com\/wp-content\/uploads\/2021\/04\/5TD-125-thresher-machine-for-rice.jpg 720w, https:\/\/www.agriculture-machine.com\/wp-content\/uploads\/2021\/04\/5TD-125-thresher-machine-for-rice-360x270.jpg 360w, https:\/\/www.agriculture-machine.com\/wp-content\/uploads\/2021\/04\/5TD-125-thresher-machine-for-rice-240x180.jpg 240w\" sizes=\"auto, (max-width: 720px) 100vw, 720px\" \/><\/a> \t\t\t<\/div> \t\t\t\t<figcaption class='wp-caption-text gallery-caption' id='gallery-1-10139'> \t\t\t\tM\u00e1quina de debulhar 5TD-125 para arroz \t\t\t\t<\/figcaption><\/figure> \t\t<\/div>  <h2>Qual \u00e9 o princ\u00edpio de funcionamento da m\u00e1quina de debulhar?<\/h2> <p>As culturas s\u00e3o alimentadas de forma cont\u00ednua e uniforme durante o funcionamento. As culturas sofrem fric\u00e7\u00e3o, compress\u00e3o, colis\u00e3o e agita\u00e7\u00e3o entre o suporte no tambor e o conjunto de telas, de modo que os gr\u00e3os se separam dos talos, e depois saem pelas telas. O talo \u00e9 expelido por a\u00e7\u00e3o centr\u00edfuga para completar todo o processo de debulhar.<\/p> <h2>Detalhes da estrutura da m\u00e1quina de debulhar 5TD-125<\/h2> <p>Este tipo de m\u00e1quina de debulhar possui principalmente entrada de alimenta\u00e7\u00e3o, parte de debulhar, ventiladores, tela, sa\u00edda de descarga, sa\u00edda de impurezas, pto, suporte, roda, etc.<\/p> <div id='gallery-2' class='gallery galleryid-10136 gallery-columns-2 gallery-size-full'><figure class='gallery-item'> \t\t\t<div class='gallery-icon landscape'> \t\t\t\t<a href='https:\/\/www.agriculture-machine.com\/wp-content\/uploads\/2021\/04\/structure-details1.jpg'><img loading=\"lazy\" decoding=\"async\" width=\"720\" height=\"540\" src=\"https:\/\/www.agriculture-machine.com\/wp-content\/uploads\/2021\/04\/structure-details1.jpg\" class=\"attachment-full size-full\" alt=\"detalhes da estrutura1\" aria-describedby=\"gallery-2-10142\" srcset=\"https:\/\/www.agriculture-machine.com\/wp-content\/uploads\/2021\/04\/structure-details1.jpg 720w, https:\/\/www.agriculture-machine.com\/wp-content\/uploads\/2021\/04\/structure-details1-360x270.jpg 360w, https:\/\/www.agriculture-machine.com\/wp-content\/uploads\/2021\/04\/structure-details1-240x180.jpg 240w\" sizes=\"auto, (max-width: 720px) 100vw, 720px\" \/><\/a> \t\t\t<\/div> \t\t\t\t<figcaption class='wp-caption-text gallery-caption' id='gallery-2-10142'> \t\t\t\tdetalhes da estrutura1 \t\t\t\t<\/figcaption><\/figure><figure class='gallery-item'> \t\t\t<div class='gallery-icon landscape'> \t\t\t\t<a href='https:\/\/www.agriculture-machine.com\/wp-content\/uploads\/2021\/04\/structure-details2.jpg'><img loading=\"lazy\" decoding=\"async\" width=\"720\" height=\"540\" src=\"https:\/\/www.agriculture-machine.com\/wp-content\/uploads\/2021\/04\/structure-details2.jpg\" class=\"attachment-full size-full\" alt=\"detalhes da estrutura2\" aria-describedby=\"gallery-2-10143\" srcset=\"https:\/\/www.agriculture-machine.com\/wp-content\/uploads\/2021\/04\/structure-details2.jpg 720w, https:\/\/www.agriculture-machine.com\/wp-content\/uploads\/2021\/04\/structure-details2-360x270.jpg 360w, https:\/\/www.agriculture-machine.com\/wp-content\/uploads\/2021\/04\/structure-details2-240x180.jpg 240w\" sizes=\"auto, (max-width: 720px) 100vw, 720px\" \/><\/a> \t\t\t<\/div> \t\t\t\t<figcaption class='wp-caption-text gallery-caption' id='gallery-2-10143'> \t\t\t\tdetalhes da estrutura2 \t\t\t\t<\/figcaption><\/figure> \t\t<\/div>  <h2>Feedback dos clientes sobre a m\u00e1quina de debulhar<\/h2> <p>Da imagem, podemos ver que a m\u00e1quina \u00e9 muito eficiente e as pessoas n\u00e3o precisam trabalhar tanto. Normalmente, uma ou duas pessoas podem completar o debulhar.<br \/> Um dos cen\u00e1rios de uso \u00e9 um cliente na Nig\u00e9ria debulhando arroz, e outro \u00e9 um cliente no Canad\u00e1 debulhando trigo. Podemos ver que o efeito de debulhar \u00e9 muito bom, e a efici\u00eancia de trabalho tamb\u00e9m \u00e9 bastante elevada.<\/p> <div id='gallery-3' class='gallery galleryid-10136 gallery-columns-2 gallery-size-full'><figure class='gallery-item'> \t\t\t<div class='gallery-icon landscape'> \t\t\t\t<a href='https:\/\/www.agriculture-machine.com\/wp-content\/uploads\/2021\/04\/thresher-machine-for-rice-in-Nigeria.jpg'><img loading=\"lazy\" decoding=\"async\" width=\"720\" height=\"540\" src=\"https:\/\/www.agriculture-machine.com\/wp-content\/uploads\/2021\/04\/thresher-machine-for-rice-in-Nigeria.jpg\" class=\"attachment-full size-full\" alt=\"M\u00e1quina de debulhar para arroz na Nig\u00e9ria\" aria-describedby=\"gallery-3-10144\" srcset=\"https:\/\/www.agriculture-machine.com\/wp-content\/uploads\/2021\/04\/thresher-machine-for-rice-in-Nigeria.jpg 720w, https:\/\/www.agriculture-machine.com\/wp-content\/uploads\/2021\/04\/thresher-machine-for-rice-in-Nigeria-360x270.jpg 360w, https:\/\/www.agriculture-machine.com\/wp-content\/uploads\/2021\/04\/thresher-machine-for-rice-in-Nigeria-240x180.jpg 240w\" sizes=\"auto, (max-width: 720px) 100vw, 720px\" \/><\/a> \t\t\t<\/div> \t\t\t\t<figcaption class='wp-caption-text gallery-caption' id='gallery-3-10144'> \t\t\t\tM\u00e1quina de debulhar para arroz na Nig\u00e9ria \t\t\t\t<\/figcaption><\/figure><figure class='gallery-item'> \t\t\t<div class='gallery-icon landscape'> \t\t\t\t<a href='https:\/\/www.agriculture-machine.com\/wp-content\/uploads\/2021\/04\/thresher-machine-for-wheat-in-Canada.jpg'><img loading=\"lazy\" decoding=\"async\" width=\"720\" height=\"540\" src=\"https:\/\/www.agriculture-machine.com\/wp-content\/uploads\/2021\/04\/thresher-machine-for-wheat-in-Canada.jpg\" class=\"attachment-full size-full\" alt=\"M\u00e1quina de debulhar para trigo no Canad\u00e1\" aria-describedby=\"gallery-3-10145\" srcset=\"https:\/\/www.agriculture-machine.com\/wp-content\/uploads\/2021\/04\/thresher-machine-for-wheat-in-Canada.jpg 720w, https:\/\/www.agriculture-machine.com\/wp-content\/uploads\/2021\/04\/thresher-machine-for-wheat-in-Canada-360x270.jpg 360w, https:\/\/www.agriculture-machine.com\/wp-content\/uploads\/2021\/04\/thresher-machine-for-wheat-in-Canada-240x180.jpg 240w\" sizes=\"auto, (max-width: 720px) 100vw, 720px\" \/><\/a> \t\t\t<\/div> \t\t\t\t<figcaption class='wp-caption-text gallery-caption' id='gallery-3-10145'> \t\t\t\tM\u00e1quina de debulhar para trigo no Canad\u00e1 \t\t\t\t<\/figcaption><\/figure> \t\t<\/div>  <h2>Embalagem e envio<\/h2> <p>Este \u00e9 o cen\u00e1rio onde clientes na Nig\u00e9ria e no Canad\u00e1 encomendaram nossas m\u00e1quinas, e as embalamos e enviamos. Clientes que encomendarem m\u00e1quinas conosco, por favor, fiquem tranquilos, embalaremos cuidadosamente cada m\u00e1quina para que recebam uma m\u00e1quina completa. Podem contactar-nos se precisarem de qualquer maquinaria agr\u00edcola.<\/p> <div id='gallery-4' class='gallery galleryid-10136 gallery-columns-2 gallery-size-full'><figure class='gallery-item'> \t\t\t<div class='gallery-icon landscape'> \t\t\t\t<a href='https:\/\/www.agriculture-machine.com\/wp-content\/uploads\/2021\/04\/shipping-1.jpg'><img loading=\"lazy\" decoding=\"async\" width=\"720\" height=\"540\" src=\"https:\/\/www.agriculture-machine.com\/wp-content\/uploads\/2021\/04\/shipping-1.jpg\" class=\"attachment-full size-full\" alt=\"envio\" aria-describedby=\"gallery-4-10148\" srcset=\"https:\/\/www.agriculture-machine.com\/wp-content\/uploads\/2021\/04\/shipping-1.jpg 720w, https:\/\/www.agriculture-machine.com\/wp-content\/uploads\/2021\/04\/shipping-1-360x270.jpg 360w, https:\/\/www.agriculture-machine.com\/wp-content\/uploads\/2021\/04\/shipping-1-240x180.jpg 240w\" sizes=\"auto, (max-width: 720px) 100vw, 720px\" \/><\/a> \t\t\t<\/div> \t\t\t\t<figcaption class='wp-caption-text gallery-caption' id='gallery-4-10148'> \t\t\t\tenvio \t\t\t\t<\/figcaption><\/figure><figure class='gallery-item'> \t\t\t<div class='gallery-icon landscape'> \t\t\t\t<a href='https:\/\/www.agriculture-machine.com\/wp-content\/uploads\/2021\/04\/packing1.jpg'><img loading=\"lazy\" decoding=\"async\" width=\"720\" height=\"540\" src=\"https:\/\/www.agriculture-machine.com\/wp-content\/uploads\/2021\/04\/packing1.jpg\" class=\"attachment-full size-full\" alt=\"embalagem1\" aria-describedby=\"gallery-4-10146\" srcset=\"https:\/\/www.agriculture-machine.com\/wp-content\/uploads\/2021\/04\/packing1.jpg 720w, https:\/\/www.agriculture-machine.com\/wp-content\/uploads\/2021\/04\/packing1-360x270.jpg 360w, https:\/\/www.agriculture-machine.com\/wp-content\/uploads\/2021\/04\/packing1-240x180.jpg 240w\" sizes=\"auto, (max-width: 720px) 100vw, 720px\" \/><\/a> \t\t\t<\/div> \t\t\t\t<figcaption class='wp-caption-text gallery-caption' id='gallery-4-10146'> \t\t\t\tembalagem1 \t\t\t\t<\/figcaption><\/figure><figure class='gallery-item'> \t\t\t<div class='gallery-icon landscape'> \t\t\t\t<a href='https:\/\/www.agriculture-machine.com\/wp-content\/uploads\/2021\/04\/packing2.jpg'><img loading=\"lazy\" decoding=\"async\" width=\"720\" height=\"352\" src=\"https:\/\/www.agriculture-machine.com\/wp-content\/uploads\/2021\/04\/packing2.jpg\" class=\"attachment-full size-full\" alt=\"embalagem2\" aria-describedby=\"gallery-4-10147\" srcset=\"https:\/\/www.agriculture-machine.com\/wp-content\/uploads\/2021\/04\/packing2.jpg 720w, https:\/\/www.agriculture-machine.com\/wp-content\/uploads\/2021\/04\/packing2-360x176.jpg 360w\" sizes=\"auto, (max-width: 720px) 100vw, 720px\" \/><\/a> \t\t\t<\/div> \t\t\t\t<figcaption class='wp-caption-text gallery-caption' id='gallery-4-10147'> \t\t\t\tembalagem2 \t\t\t\t<\/figcaption><\/figure><figure class='gallery-item'> \t\t\t<div class='gallery-icon landscape'> \t\t\t\t<a href='https:\/\/www.agriculture-machine.com\/wp-content\/uploads\/2021\/04\/shipping2.jpg'><img loading=\"lazy\" decoding=\"async\" width=\"720\" height=\"391\" src=\"https:\/\/www.agriculture-machine.com\/wp-content\/uploads\/2021\/04\/shipping2.jpg\" class=\"attachment-full size-full\" alt=\"\" aria-describedby=\"gallery-4-10149\" srcset=\"https:\/\/www.agriculture-machine.com\/wp-content\/uploads\/2021\/04\/shipping2.jpg 720w, https:\/\/www.agriculture-machine.com\/wp-content\/uploads\/2021\/04\/shipping2-360x196.jpg 360w\" sizes=\"auto, (max-width: 720px) 100vw, 720px\" \/><\/a> \t\t\t<\/div> \t\t\t\t<figcaption class='wp-caption-text gallery-caption' id='gallery-4-10149'> \t\t\t\tenvio2 \t\t\t\t<\/figcaption><\/figure> \t\t<\/div>  <h2>Par\u00e2metros t\u00e9cnicos<\/h2> <table style=\"border-collapse: collapse; width: 381.02pt;\" border=\"0\" width=\"762\" cellspacing=\"0\" cellpadding=\"0\"> <tbody> <tr style=\"height: 14.00pt;\"> <td style=\"height: 14.00pt; width: 100.50pt;\" width=\"201\" height=\"28\">Modelo<\/td> <td style=\"width: 280.50pt;\" width=\"561\">5TD-125<\/td> <\/tr> <tr style=\"height: 14.00pt;\"> <td style=\"height: 14.00pt;\" height=\"28\">Produtividade<\/td> <td>1000-1500kg\/h(wheat and rice),600&#8211;800kg\/h(beans)<\/td> <\/tr> <tr style=\"height: 14.00pt;\"> <td style=\"height: 14.00pt;\" height=\"28\">Pot\u00eancia compat\u00edvel<\/td> <td>Motor a diesel de 22 cavalos ou motor de 11-13kw<\/td> <\/tr> <tr style=\"height: 14.00pt;\"> <td style=\"height: 14.00pt;\" height=\"28\">Peso da m\u00e1quina<\/td> <td>420kg<\/td> <\/tr> <tr style=\"height: 14.00pt;\"> <td style=\"height: 14.00pt;\" height=\"28\">Velocidade do eixo<\/td> <td>1050 r\/min, 550 r\/min (debulhar feij\u00e3o)<\/td> <\/tr> <tr style=\"height: 14.00pt;\"> <td style=\"height: 14.00pt;\" height=\"28\">Velocidade dupla do ventilador<\/td> <td>2500 r\/min<\/td> <\/tr> <tr style=\"height: 14.00pt;\"> <td style=\"height: 14.00pt;\" height=\"28\">Tamanho da m\u00e1quina<\/td> <td>2500*1770*1550mm<\/td> <\/tr> <tr style=\"height: 14.00pt;\"> <td style=\"height: 14.00pt;\" height=\"28\">Tamanho da embalagem<\/td> <td>1600*1200*1500mm<\/td> <\/tr> <\/tbody> <\/table>","protected":false},"excerpt":{"rendered":"<p>What crops do the 5TD-125 thresher machine can process? This model thresher machine is mainly used for the threshing of wheat, corn, soybeans, barley, rice, sorghum, millet, pearl millet and other crops. It is simple in structure, and it is convenient to operate. It has high efficiency. What are the requirements for crops when threshing? [&hellip;]<\/p>\n","protected":false},"author":1,"featured_media":10137,"parent":0,"comment_status":"closed","ping_status":"closed","template":"","tags":[491,796,135,2614,158],"product-type":[872],"class_list":["post-10136","product","type-product","status-publish","has-post-thumbnail","hentry","tag-corn","tag-rice","tag-sorghum","tag-thresher","tag-wheat","product-type-thresher-sheller"],"_links":{"self":[{"href":"https:\/\/www.agriculture-machine.com\/pt\/wp-json\/wp\/v2\/product\/10136","targetHints":{"allow":["GET"]}}],"collection":[{"href":"https:\/\/www.agriculture-machine.com\/pt\/wp-json\/wp\/v2\/product"}],"about":[{"href":"https:\/\/www.agriculture-machine.com\/pt\/wp-json\/wp\/v2\/types\/product"}],"author":[{"embeddable":true,"href":"https:\/\/www.agriculture-machine.com\/pt\/wp-json\/wp\/v2\/users\/1"}],"replies":[{"embeddable":true,"href":"https:\/\/www.agriculture-machine.com\/pt\/wp-json\/wp\/v2\/comments?post=10136"}],"wp:featuredmedia":[{"embeddable":true,"href":"https:\/\/www.agriculture-machine.com\/pt\/wp-json\/wp\/v2\/media\/10137"}],"wp:attachment":[{"href":"https:\/\/www.agriculture-machine.com\/pt\/wp-json\/wp\/v2\/media?parent=10136"}],"wp:term":[{"taxonomy":"post_tag","embeddable":true,"href":"https:\/\/www.agriculture-machine.com\/pt\/wp-json\/wp\/v2\/tags?post=10136"},{"taxonomy":"product-type","embeddable":true,"href":"https:\/\/www.agriculture-machine.com\/pt\/wp-json\/wp\/v2\/product-type?post=10136"}],"curies":[{"name":"wp","href":"https:\/\/api.w.org\/{rel}","templated":true}]}}