{"id":10256,"date":"2021-05-07T15:02:07","date_gmt":"2021-05-07T07:02:07","guid":{"rendered":"https:\/\/www.agriculture-machine.com\/?p=10256"},"modified":"2024-09-18T16:07:18","modified_gmt":"2024-09-18T08:07:18","slug":"multifunctional-thresher-5t-1000-for-rice-corn-wheat-sorghum","status":"publish","type":"product","link":"https:\/\/www.agriculture-machine.com\/pt\/multifunctional-thresher-5t-1000-for-rice-corn-wheat-sorghum\/","title":{"rendered":"Debulhadora multifuncional 5T-1000 para arroz, milho, trigo e sorgo"},"content":{"rendered":"<h2>Quais culturas o destosador multifuncional 5T-1000 pode processar?<\/h2> <p>A m\u00e1quina destosadeira 5T-1000 \u00e9 multifuncional. Pode debulhar fava, soja, sorgo, milho, arroz, trigo, millet, pearl millet, gr\u00e3o-de-bico, etc. Ao debulhar culturas diferentes, \u00e9 necess\u00e1rio substituir as peneiras por diferentes tamanhos. Com peneiras diferentes para culturas diferentes, o efeito de debulhar \u00e9 melhor.<\/p> <figure id=\"attachment_10262\" aria-describedby=\"caption-attachment-10262\" style=\"width: 720px\" class=\"wp-caption alignnone\"><img loading=\"lazy\" decoding=\"async\" class=\"size-full wp-image-10262\" src=\"https:\/\/www.agriculture-machine.com\/wp-content\/uploads\/2021\/05\/multifunctional-thresher-for-rice-wheat-corn-sorghum-millet.jpg\" alt=\"destosadeira multifuncional para arroz, trigo, milho, sorgo, millet\" width=\"720\" height=\"540\" srcset=\"https:\/\/www.agriculture-machine.com\/wp-content\/uploads\/2021\/05\/multifunctional-thresher-for-rice-wheat-corn-sorghum-millet.jpg 720w, https:\/\/www.agriculture-machine.com\/wp-content\/uploads\/2021\/05\/multifunctional-thresher-for-rice-wheat-corn-sorghum-millet-360x270.jpg 360w, https:\/\/www.agriculture-machine.com\/wp-content\/uploads\/2021\/05\/multifunctional-thresher-for-rice-wheat-corn-sorghum-millet-240x180.jpg 240w\" sizes=\"auto, (max-width: 720px) 100vw, 720px\" \/><figcaption id=\"caption-attachment-10262\" class=\"wp-caption-text\">destosadeira multifuncional para arroz-arroz- milho sorgo millet<\/figcaption><\/figure> <h2>Estrutura da m\u00e1quina destosadeira 5T-1000 multifuncional<\/h2> <p>Este tipo de destosadeira principalmente possui uma entrada, parte de debulhamento, parte de reten\u00e7\u00e3o, grande roda, duplo ventilador, tomada de for\u00e7a (PTO), sa\u00edda.<br \/> Tomando o arroz como exemplo, alimenta\u00e7\u00e3o artificial, colocar o arroz no alimentador, o debulhamento \u00e9 conclu\u00eddo na parte de debulhar, e em seguida as impurezas e o p\u00f3 ou cascas de arroz s\u00e3o soprados pelo duplo ventilador. Em seguida, o arroz debulhado sai pela boca de descarga. Como a m\u00e1quina tem dois ventiladores, o arroz ap\u00f3s o debulhar fica muito limpo.<\/p> <figure id=\"attachment_10268\" aria-describedby=\"caption-attachment-10268\" style=\"width: 720px\" class=\"wp-caption alignnone\"><img loading=\"lazy\" decoding=\"async\" class=\"size-full wp-image-10268\" src=\"https:\/\/www.agriculture-machine.com\/wp-content\/uploads\/2021\/05\/multifunctional-thresher-structure.jpg\" alt=\"Estrutura da destosadeira multifuncional\" width=\"720\" height=\"540\" srcset=\"https:\/\/www.agriculture-machine.com\/wp-content\/uploads\/2021\/05\/multifunctional-thresher-structure.jpg 720w, https:\/\/www.agriculture-machine.com\/wp-content\/uploads\/2021\/05\/multifunctional-thresher-structure-360x270.jpg 360w, https:\/\/www.agriculture-machine.com\/wp-content\/uploads\/2021\/05\/multifunctional-thresher-structure-240x180.jpg 240w\" sizes=\"auto, (max-width: 720px) 100vw, 720px\" \/><figcaption id=\"caption-attachment-10268\" class=\"wp-caption-text\">Estrutura da destosadeira multifuncional<\/figcaption><\/figure> <h2>Exibi\u00e7\u00e3o da m\u00e1quina<\/h2> <p>A m\u00e1quina destosadeira de grande capacidade tem 3 tipos: tipo b\u00e1sico, tipo com grandes rodas e tipo acionado por PTO. \u00c9 mais f\u00e1cil para os clientes moverem e operarem na quinta. Al\u00e9m disso, possui tr\u00eas modos de energia: motor a diesel, tractor e motor el\u00e9trico. A altura da m\u00e1quina sem rodas \u00e9 de 1900 cm, a largura \u00e9 de 150 cm, e a maior including the support is 340 cm. O modelo a diesel \u00e9 soldado com uma estrutura a diesel para tornar a m\u00e1quina mais est\u00e1vel no processo de trabalho. Soldamos uma estrutura de reboque para o trator, o que faz a m\u00e1quina percorrer mais facilmente sem ficar limitada pelo terreno. Al\u00e9m disso, cada m\u00e1quina possui um suporte.<\/p> <div id='gallery-1' class='gallery galleryid-10256 gallery-columns-2 gallery-size-full'><figure class='gallery-item'> \t\t\t<div class='gallery-icon landscape'> \t\t\t\t<a href='https:\/\/www.agriculture-machine.com\/wp-content\/uploads\/2021\/05\/thresher-machine.jpg'><img loading=\"lazy\" decoding=\"async\" width=\"720\" height=\"540\" src=\"https:\/\/www.agriculture-machine.com\/wp-content\/uploads\/2021\/05\/thresher-machine.jpg\" class=\"attachment-full size-full\" alt=\"destosadeira multifuncional\" aria-describedby=\"gallery-1-10267\" srcset=\"https:\/\/www.agriculture-machine.com\/wp-content\/uploads\/2021\/05\/thresher-machine.jpg 720w, https:\/\/www.agriculture-machine.com\/wp-content\/uploads\/2021\/05\/thresher-machine-360x270.jpg 360w, https:\/\/www.agriculture-machine.com\/wp-content\/uploads\/2021\/05\/thresher-machine-240x180.jpg 240w\" sizes=\"auto, (max-width: 720px) 100vw, 720px\" \/><\/a> \t\t\t<\/div> \t\t\t\t<figcaption class='wp-caption-text gallery-caption' id='gallery-1-10267'> \t\t\t\tm\u00e1quina destosadeira para trigo, milho, soja, cevada, arroz, sorgo, millet, milho-pear e outras culturas \t\t\t\t<\/figcaption><\/figure><figure class='gallery-item'> \t\t\t<div class='gallery-icon landscape'> \t\t\t\t<a href='https:\/\/www.agriculture-machine.com\/wp-content\/uploads\/2021\/05\/2.jpg'><img loading=\"lazy\" decoding=\"async\" width=\"720\" height=\"441\" src=\"https:\/\/www.agriculture-machine.com\/wp-content\/uploads\/2021\/05\/2.jpg\" class=\"attachment-full size-full\" alt=\"destosadeira multifuncional\" aria-describedby=\"gallery-1-10264\" srcset=\"https:\/\/www.agriculture-machine.com\/wp-content\/uploads\/2021\/05\/2.jpg 720w, https:\/\/www.agriculture-machine.com\/wp-content\/uploads\/2021\/05\/2-360x221.jpg 360w\" sizes=\"auto, (max-width: 720px) 100vw, 720px\" \/><\/a> \t\t\t<\/div> \t\t\t\t<figcaption class='wp-caption-text gallery-caption' id='gallery-1-10264'> \t\t\t\tm\u00e1quina destosadeira para trigo, milho, soja, cevada, arroz, sorgo, millet, milho-pear e outras culturas \t\t\t\t<\/figcaption><\/figure><figure class='gallery-item'> \t\t\t<div class='gallery-icon landscape'> \t\t\t\t<a href='https:\/\/www.agriculture-machine.com\/wp-content\/uploads\/2021\/05\/3.jpg'><img loading=\"lazy\" decoding=\"async\" width=\"720\" height=\"495\" src=\"https:\/\/www.agriculture-machine.com\/wp-content\/uploads\/2021\/05\/3.jpg\" class=\"attachment-full size-full\" alt=\"destosadeira multifuncional\" aria-describedby=\"gallery-1-10265\" srcset=\"https:\/\/www.agriculture-machine.com\/wp-content\/uploads\/2021\/05\/3.jpg 720w, https:\/\/www.agriculture-machine.com\/wp-content\/uploads\/2021\/05\/3-360x248.jpg 360w\" sizes=\"auto, (max-width: 720px) 100vw, 720px\" \/><\/a> \t\t\t<\/div> \t\t\t\t<figcaption class='wp-caption-text gallery-caption' id='gallery-1-10265'> \t\t\t\tm\u00e1quina destosadeira para trigo, milho, soja, cevada, arroz, sorgo, millet, milho-pear e outras culturas \t\t\t\t<\/figcaption><\/figure><figure class='gallery-item'> \t\t\t<div class='gallery-icon landscape'> \t\t\t\t<a href='https:\/\/www.agriculture-machine.com\/wp-content\/uploads\/2021\/05\/4.jpg'><img loading=\"lazy\" decoding=\"async\" width=\"720\" height=\"494\" src=\"https:\/\/www.agriculture-machine.com\/wp-content\/uploads\/2021\/05\/4.jpg\" class=\"attachment-full size-full\" alt=\"destosadeira multifuncional\" aria-describedby=\"gallery-1-10266\" srcset=\"https:\/\/www.agriculture-machine.com\/wp-content\/uploads\/2021\/05\/4.jpg 720w, https:\/\/www.agriculture-machine.com\/wp-content\/uploads\/2021\/05\/4-360x247.jpg 360w\" sizes=\"auto, (max-width: 720px) 100vw, 720px\" \/><\/a> \t\t\t<\/div> \t\t\t\t<figcaption class='wp-caption-text gallery-caption' id='gallery-1-10266'> \t\t\t\tm\u00e1quina destosadeira multifuncional  \t\t\t\t<\/figcaption><\/figure> \t\t<\/div>  <h2>Embalagem e envio<\/h2> <p>Atualmente, a nossa m\u00e1quina destosadeira \u00e9 vendida para a Nig\u00e9ria, Botsuana, Uganda, os Estados Unidos, Bangladesh, etc. Iremos embalar a m\u00e1quina antes do envio, algumas est\u00e3o numa arma\u00e7\u00e3o de ferro ou numa caixa de madeira.<\/p> <div id='gallery-2' class='gallery galleryid-10256 gallery-columns-3 gallery-size-full'><figure class='gallery-item'> \t\t\t<div class='gallery-icon landscape'> \t\t\t\t<a href='https:\/\/www.agriculture-machine.com\/wp-content\/uploads\/2021\/05\/packing.jpg'><img loading=\"lazy\" decoding=\"async\" width=\"720\" height=\"498\" src=\"https:\/\/www.agriculture-machine.com\/wp-content\/uploads\/2021\/05\/packing.jpg\" class=\"attachment-full size-full\" alt=\"\" aria-describedby=\"gallery-2-10271\" srcset=\"https:\/\/www.agriculture-machine.com\/wp-content\/uploads\/2021\/05\/packing.jpg 720w, https:\/\/www.agriculture-machine.com\/wp-content\/uploads\/2021\/05\/packing-360x249.jpg 360w\" sizes=\"auto, (max-width: 720px) 100vw, 720px\" \/><\/a> \t\t\t<\/div> \t\t\t\t<figcaption class='wp-caption-text gallery-caption' id='gallery-2-10271'> \t\t\t\tembalagem \t\t\t\t<\/figcaption><\/figure><figure class='gallery-item'> \t\t\t<div class='gallery-icon landscape'> \t\t\t\t<a href='https:\/\/www.agriculture-machine.com\/wp-content\/uploads\/2021\/05\/multifunctional-thresher-packing.jpg'><img loading=\"lazy\" decoding=\"async\" width=\"720\" height=\"404\" src=\"https:\/\/www.agriculture-machine.com\/wp-content\/uploads\/2021\/05\/multifunctional-thresher-packing.jpg\" class=\"attachment-full size-full\" alt=\"empacotamento de destrosadeira multifuncional\" aria-describedby=\"gallery-2-10270\" srcset=\"https:\/\/www.agriculture-machine.com\/wp-content\/uploads\/2021\/05\/multifunctional-thresher-packing.jpg 720w, https:\/\/www.agriculture-machine.com\/wp-content\/uploads\/2021\/05\/multifunctional-thresher-packing-360x202.jpg 360w\" sizes=\"auto, (max-width: 720px) 100vw, 720px\" \/><\/a> \t\t\t<\/div> \t\t\t\t<figcaption class='wp-caption-text gallery-caption' id='gallery-2-10270'> \t\t\t\tempacotamento de destrosadeira multifuncional \t\t\t\t<\/figcaption><\/figure><figure class='gallery-item'> \t\t\t<div class='gallery-icon landscape'> \t\t\t\t<a href='https:\/\/www.agriculture-machine.com\/wp-content\/uploads\/2021\/05\/multifunctional-shipping.jpg'><img loading=\"lazy\" decoding=\"async\" width=\"720\" height=\"540\" src=\"https:\/\/www.agriculture-machine.com\/wp-content\/uploads\/2021\/05\/multifunctional-shipping.jpg\" class=\"attachment-full size-full\" alt=\"envio da destosadeira multifuncional\" aria-describedby=\"gallery-2-10269\" srcset=\"https:\/\/www.agriculture-machine.com\/wp-content\/uploads\/2021\/05\/multifunctional-shipping.jpg 720w, https:\/\/www.agriculture-machine.com\/wp-content\/uploads\/2021\/05\/multifunctional-shipping-360x270.jpg 360w, https:\/\/www.agriculture-machine.com\/wp-content\/uploads\/2021\/05\/multifunctional-shipping-240x180.jpg 240w\" sizes=\"auto, (max-width: 720px) 100vw, 720px\" \/><\/a> \t\t\t<\/div> \t\t\t\t<figcaption class='wp-caption-text gallery-caption' id='gallery-2-10269'> \t\t\t\tenvio da destosadeira multifuncional \t\t\t\t<\/figcaption><\/figure> \t\t<\/div>  <h2>Par\u00e2metros t\u00e9cnicos<\/h2> <table> <tbody> <tr> <td width=\"284\">Modelo<\/td> <td width=\"284\">5T-1000<\/td> <\/tr> <tr> <td width=\"284\">Capacidade<\/td> <td width=\"284\">2000-4000kg\/h para milho, 1000-2000kg\/h para millet<\/td> <\/tr> <tr> <td width=\"284\">Taxa de descascamento<\/td> <td width=\"284\">99%<\/td> <\/tr> <tr> <td width=\"284\">Pot\u00eancia<\/td> <td width=\"284\">motor el\u00e9trico de 7,5 kW ou motor a diesel de 12 hp<\/td> <\/tr> <tr> <td width=\"284\">Tamanho<\/td> <td width=\"284\">3400*2100*1980mm<\/td> <\/tr> <tr> <td width=\"284\">Peso<\/td> <td width=\"284\">700kg<\/td> <\/tr> <\/tbody> <\/table> <p>&nbsp;<\/p>","protected":false},"excerpt":{"rendered":"<p>What crops do the 5T-1000 multifunctional thresher can process? The 5T-1000 thresher machine is multifunctional. It can thresh broad bean, soybean, sorghum, corn, rice, wheat, millet, pearl millet, chickpea, etc. When threshing different crops, it is necessary to replace screens of different sizes. With different screens for different crops, the threshing effect is better. 5T-1000 [&hellip;]<\/p>\n","protected":false},"author":1,"featured_media":10261,"parent":0,"comment_status":"closed","ping_status":"closed","template":"","tags":[2614],"product-type":[872],"class_list":["post-10256","product","type-product","status-publish","has-post-thumbnail","hentry","tag-thresher","product-type-thresher-sheller"],"_links":{"self":[{"href":"https:\/\/www.agriculture-machine.com\/pt\/wp-json\/wp\/v2\/product\/10256","targetHints":{"allow":["GET"]}}],"collection":[{"href":"https:\/\/www.agriculture-machine.com\/pt\/wp-json\/wp\/v2\/product"}],"about":[{"href":"https:\/\/www.agriculture-machine.com\/pt\/wp-json\/wp\/v2\/types\/product"}],"author":[{"embeddable":true,"href":"https:\/\/www.agriculture-machine.com\/pt\/wp-json\/wp\/v2\/users\/1"}],"replies":[{"embeddable":true,"href":"https:\/\/www.agriculture-machine.com\/pt\/wp-json\/wp\/v2\/comments?post=10256"}],"wp:featuredmedia":[{"embeddable":true,"href":"https:\/\/www.agriculture-machine.com\/pt\/wp-json\/wp\/v2\/media\/10261"}],"wp:attachment":[{"href":"https:\/\/www.agriculture-machine.com\/pt\/wp-json\/wp\/v2\/media?parent=10256"}],"wp:term":[{"taxonomy":"post_tag","embeddable":true,"href":"https:\/\/www.agriculture-machine.com\/pt\/wp-json\/wp\/v2\/tags?post=10256"},{"taxonomy":"product-type","embeddable":true,"href":"https:\/\/www.agriculture-machine.com\/pt\/wp-json\/wp\/v2\/product-type?post=10256"}],"curies":[{"name":"wp","href":"https:\/\/api.w.org\/{rel}","templated":true}]}}