{"id":10273,"date":"2021-05-07T18:46:54","date_gmt":"2021-05-07T10:46:54","guid":{"rendered":"https:\/\/www.agriculture-machine.com\/?p=10273"},"modified":"2024-09-23T11:37:01","modified_gmt":"2024-09-23T03:37:01","slug":"corn-thresher-maize-thresher-corn-sheller-5tym-650","status":"publish","type":"product","link":"https:\/\/www.agriculture-machine.com\/pt\/corn-thresher-maize-thresher-corn-sheller-5tym-650\/","title":{"rendered":"Debulhadora de milho | M\u00e1quina de debulhar milho | Descascador de milho 5TYM-650"},"content":{"rendered":"<p>Este \u00e9 um novo tipo de debulhador de milho. A estrutura interna adota dentes de debulhar, que proporcionam um efeito de debulhar melhor. O novo tipo de debulhador de milho \u00e9 uma m\u00e1quina profissional para debulhar milho. A m\u00e1quina pode ser equipada com rodas grandes, que podem debulhar milho com alta efici\u00eancia, alta taxa de limpeza, e \u00e9 conveniente de usar.<\/p> <figure id=\"attachment_10281\" aria-describedby=\"caption-attachment-10281\" style=\"width: 720px\" class=\"wp-caption alignnone\"><img loading=\"lazy\" decoding=\"async\" class=\"size-full wp-image-10281\" src=\"https:\/\/www.agriculture-machine.com\/wp-content\/uploads\/2021\/05\/The-internal-structure-of-the-corn-thresher.jpg\" alt=\"A-estrutura-interna-do-debulhador-de-milho\" width=\"720\" height=\"540\" srcset=\"https:\/\/www.agriculture-machine.com\/wp-content\/uploads\/2021\/05\/The-internal-structure-of-the-corn-thresher.jpg 720w, https:\/\/www.agriculture-machine.com\/wp-content\/uploads\/2021\/05\/The-internal-structure-of-the-corn-thresher-360x270.jpg 360w, https:\/\/www.agriculture-machine.com\/wp-content\/uploads\/2021\/05\/The-internal-structure-of-the-corn-thresher-240x180.jpg 240w\" sizes=\"auto, (max-width: 720px) 100vw, 720px\" \/><figcaption id=\"caption-attachment-10281\" class=\"wp-caption-text\">A-estrutura-interna-do-debulhador-de-milho<\/figcaption><\/figure> <h2>Que tipo de energia a m\u00e1quina pode usar<\/h2> <p>Nosso debulhador de milho pode ser equipado com motor el\u00e9trico, motor a diesel, motor a gasolina como fonte de energia. Al\u00e9m disso, podemos personalizar pneus grandes, suportes, estruturas de tra\u00e7\u00e3o. Se o seu terreno for plano, pode escolher um debulhador de milho equipado com pneus pequenos. Se o seu terreno for acidentado, pode optar por um debulhador de milho equipado com pneus grandes ou com suportes, assim, independentemente do terreno, a m\u00e1quina pode caminhar suavemente.<br \/> Al\u00e9m disso, se for conveniente para voc\u00ea usar eletricidade, pode escolher um debulhador de milho com motor. Se a eletricidade n\u00e3o for conveniente, pode optar por um debulhador de milho com motor a gasolina ou a diesel. O importante \u00e9 que este debulhador de milho tamb\u00e9m pode ser conectado a um tractor de trac\u00e7\u00e3o e trabalhar diretamente no campo. Se voc\u00ea planta milho, ent\u00e3o pode escolher este debulhador.<\/p> <div id='gallery-1' class='gallery galleryid-10273 gallery-columns-3 gallery-size-full'><figure class='gallery-item'> \t\t\t<div class='gallery-icon landscape'> \t\t\t\t<a href='https:\/\/www.agriculture-machine.com\/wp-content\/uploads\/2021\/05\/maize-threshing-.jpg'><img loading=\"lazy\" decoding=\"async\" width=\"720\" height=\"526\" src=\"https:\/\/www.agriculture-machine.com\/wp-content\/uploads\/2021\/05\/maize-threshing-.jpg\" class=\"attachment-full size-full\" alt=\"debulhar milho\" aria-describedby=\"gallery-1-10278\" srcset=\"https:\/\/www.agriculture-machine.com\/wp-content\/uploads\/2021\/05\/maize-threshing-.jpg 720w, https:\/\/www.agriculture-machine.com\/wp-content\/uploads\/2021\/05\/maize-threshing--360x263.jpg 360w\" sizes=\"auto, (max-width: 720px) 100vw, 720px\" \/><\/a> \t\t\t<\/div> \t\t\t\t<figcaption class='wp-caption-text gallery-caption' id='gallery-1-10278'> \t\t\t\tdebulhar milho \t\t\t\t<\/figcaption><\/figure><figure class='gallery-item'> \t\t\t<div class='gallery-icon landscape'> \t\t\t\t<a href='https:\/\/www.agriculture-machine.com\/wp-content\/uploads\/2021\/05\/maize-thresher.jpg'><img loading=\"lazy\" decoding=\"async\" width=\"720\" height=\"540\" src=\"https:\/\/www.agriculture-machine.com\/wp-content\/uploads\/2021\/05\/maize-thresher.jpg\" class=\"attachment-full size-full\" alt=\"debulhador de milho\" aria-describedby=\"gallery-1-10277\" srcset=\"https:\/\/www.agriculture-machine.com\/wp-content\/uploads\/2021\/05\/maize-thresher.jpg 720w, https:\/\/www.agriculture-machine.com\/wp-content\/uploads\/2021\/05\/maize-thresher-360x270.jpg 360w, https:\/\/www.agriculture-machine.com\/wp-content\/uploads\/2021\/05\/maize-thresher-240x180.jpg 240w\" sizes=\"auto, (max-width: 720px) 100vw, 720px\" \/><\/a> \t\t\t<\/div> \t\t\t\t<figcaption class='wp-caption-text gallery-caption' id='gallery-1-10277'> \t\t\t\tdebulhador de milho \t\t\t\t<\/figcaption><\/figure><figure class='gallery-item'> \t\t\t<div class='gallery-icon landscape'> \t\t\t\t<a href='https:\/\/www.agriculture-machine.com\/wp-content\/uploads\/2021\/05\/Diesel-engine-model.jpg'><img loading=\"lazy\" decoding=\"async\" width=\"720\" height=\"528\" src=\"https:\/\/www.agriculture-machine.com\/wp-content\/uploads\/2021\/05\/Diesel-engine-model.jpg\" class=\"attachment-full size-full\" alt=\"Modelo de motor a diesel\" aria-describedby=\"gallery-1-10276\" srcset=\"https:\/\/www.agriculture-machine.com\/wp-content\/uploads\/2021\/05\/Diesel-engine-model.jpg 720w, https:\/\/www.agriculture-machine.com\/wp-content\/uploads\/2021\/05\/Diesel-engine-model-360x264.jpg 360w\" sizes=\"auto, (max-width: 720px) 100vw, 720px\" \/><\/a> \t\t\t<\/div> \t\t\t\t<figcaption class='wp-caption-text gallery-caption' id='gallery-1-10276'> \t\t\t\tModelo de motor a diesel \t\t\t\t<\/figcaption><\/figure> \t\t<\/div>  <h2>Vantagens da m\u00e1quina de debulhar milho<\/h2> <ul> <li>A taxa de retirada atingiu 98%.<\/li> <li>A produ\u00e7\u00e3o por hora pode atingir 2 toneladas.<\/li> <li>Personaliza\u00e7\u00e3o forte.<\/li> <li>M\u00faltiplas op\u00e7\u00f5es de modos de energia.<\/li> <li>Estrutura interna \u00fanica (disparo de dentes).<\/li> <li>O sabugo de milho (espiga de milho) ap\u00f3s a debulha est\u00e1 completo e n\u00e3o afeta o uso posterior.<\/li> <\/ul> <figure id=\"attachment_10279\" aria-describedby=\"caption-attachment-10279\" style=\"width: 720px\" class=\"wp-caption alignnone\"><img loading=\"lazy\" decoding=\"async\" class=\"size-full wp-image-10279\" src=\"https:\/\/www.agriculture-machine.com\/wp-content\/uploads\/2021\/05\/corn-maize.jpg\" alt=\"milho-milho\" width=\"720\" height=\"540\" srcset=\"https:\/\/www.agriculture-machine.com\/wp-content\/uploads\/2021\/05\/corn-maize.jpg 720w, https:\/\/www.agriculture-machine.com\/wp-content\/uploads\/2021\/05\/corn-maize-360x270.jpg 360w, https:\/\/www.agriculture-machine.com\/wp-content\/uploads\/2021\/05\/corn-maize-240x180.jpg 240w\" sizes=\"auto, (max-width: 720px) 100vw, 720px\" \/><figcaption id=\"caption-attachment-10279\" class=\"wp-caption-text\">milho-milho<\/figcaption><\/figure> <h2>Estrutura do debulhador de milho 5TYM-650<\/h2> <p>Esta m\u00e1quina de debulhar milho possui entrada de alimenta\u00e7\u00e3o, pneu grande, suporte, sa\u00edda, energia, estrutura de tra\u00e7\u00e3o.<\/p> <figure id=\"attachment_10282\" aria-describedby=\"caption-attachment-10282\" style=\"width: 720px\" class=\"wp-caption alignnone\"><img loading=\"lazy\" decoding=\"async\" class=\"size-full wp-image-10282\" src=\"https:\/\/www.agriculture-machine.com\/wp-content\/uploads\/2021\/05\/the-structure-of-5TYM-650-maize-thresher.jpg\" alt=\"a estrutura do debulhador de milho 5TYM-650\" width=\"720\" height=\"540\" srcset=\"https:\/\/www.agriculture-machine.com\/wp-content\/uploads\/2021\/05\/the-structure-of-5TYM-650-maize-thresher.jpg 720w, https:\/\/www.agriculture-machine.com\/wp-content\/uploads\/2021\/05\/the-structure-of-5TYM-650-maize-thresher-360x270.jpg 360w, https:\/\/www.agriculture-machine.com\/wp-content\/uploads\/2021\/05\/the-structure-of-5TYM-650-maize-thresher-240x180.jpg 240w\" sizes=\"auto, (max-width: 720px) 100vw, 720px\" \/><figcaption id=\"caption-attachment-10282\" class=\"wp-caption-text\">a estrutura do debulhador de milho 5TYM-650<\/figcaption><\/figure> <h2>Par\u00e2metros t\u00e9cnicos<\/h2> <table> <tbody> <tr> <td width=\"284\">Modelo<\/td> <td width=\"284\">5TYM-650<\/td> <\/tr> <tr> <td width=\"284\">Peso<\/td> <td width=\"284\">50kg<\/td> <\/tr> <tr> <td width=\"284\">Pot\u00eancia compat\u00edvel<\/td> <td width=\"284\">2.2-3kw ou 5-8hp<\/td> <\/tr> <tr> <td width=\"284\">Tamanho<\/td> <td width=\"284\">900*600*920<\/td> <\/tr> <tr> <td width=\"284\">Produtividade<\/td> <td width=\"284\">1-2t\/h<\/td> <\/tr> <tr> <td width=\"284\">Taxa de limpeza<\/td> <td width=\"284\">99%<\/td> <\/tr> <\/tbody> <\/table>","protected":false},"excerpt":{"rendered":"<p>This is a new type of maize thresher. The internal structure adopts threshing teeth, which has a better threshing effect. The new type of corn thresher is a professional machine for threshing maize. The machine can be equipped with large wheels, which can thresh corn with high efficiency, high cleaning rate, and it is convenient [&hellip;]<\/p>\n","protected":false},"author":1,"featured_media":10275,"parent":0,"comment_status":"closed","ping_status":"closed","template":"","tags":[2614],"product-type":[872],"class_list":["post-10273","product","type-product","status-publish","has-post-thumbnail","hentry","tag-thresher","product-type-thresher-sheller"],"_links":{"self":[{"href":"https:\/\/www.agriculture-machine.com\/pt\/wp-json\/wp\/v2\/product\/10273","targetHints":{"allow":["GET"]}}],"collection":[{"href":"https:\/\/www.agriculture-machine.com\/pt\/wp-json\/wp\/v2\/product"}],"about":[{"href":"https:\/\/www.agriculture-machine.com\/pt\/wp-json\/wp\/v2\/types\/product"}],"author":[{"embeddable":true,"href":"https:\/\/www.agriculture-machine.com\/pt\/wp-json\/wp\/v2\/users\/1"}],"replies":[{"embeddable":true,"href":"https:\/\/www.agriculture-machine.com\/pt\/wp-json\/wp\/v2\/comments?post=10273"}],"wp:featuredmedia":[{"embeddable":true,"href":"https:\/\/www.agriculture-machine.com\/pt\/wp-json\/wp\/v2\/media\/10275"}],"wp:attachment":[{"href":"https:\/\/www.agriculture-machine.com\/pt\/wp-json\/wp\/v2\/media?parent=10273"}],"wp:term":[{"taxonomy":"post_tag","embeddable":true,"href":"https:\/\/www.agriculture-machine.com\/pt\/wp-json\/wp\/v2\/tags?post=10273"},{"taxonomy":"product-type","embeddable":true,"href":"https:\/\/www.agriculture-machine.com\/pt\/wp-json\/wp\/v2\/product-type?post=10273"}],"curies":[{"name":"wp","href":"https:\/\/api.w.org\/{rel}","templated":true}]}}