{"id":10313,"date":"2021-05-10T14:15:10","date_gmt":"2021-05-10T06:15:10","guid":{"rendered":"https:\/\/www.agriculture-machine.com\/?p=10313"},"modified":"2024-09-18T16:06:34","modified_gmt":"2024-09-18T08:06:34","slug":"maize-thresher-machine-wheel-corn-thresher-corn-sheller-5tym-850","status":"publish","type":"product","link":"https:\/\/www.agriculture-machine.com\/pt\/maize-thresher-machine-wheel-corn-thresher-corn-sheller-5tym-850\/","title":{"rendered":"M\u00e1quina de debulhar milho com rodas | M\u00e1quina de descasque de milho 5TYM-850"},"content":{"rendered":"<p>A m\u00e1quina de debulhar milho com rodas 5TYM-850 \u00e9 amplamente utilizada na cria\u00e7\u00e3o de animais, fazendas e resid\u00eancias.<\/p> <h2>Fun\u00e7\u00e3o e aplica\u00e7\u00e3o<\/h2> <p>O debulhador de milho 5TYM-850 \u00e9 usado principalmente para descasque e debulhar milho. Este debulhador pode separar rapidamente os gr\u00e3os de milho das espigas e possui caracter\u00edsticas de alta efici\u00eancia de trabalho e baixa taxa de esmagamento. O debulhador pode ser equipado com um motor a diesel, motor el\u00e9trico ou tra\u00e7\u00e3o de trator para condu\u00e7\u00e3o. Voc\u00ea pode escolher de acordo com suas necessidades. Ao mesmo tempo, pode ser equipado com pneus e uma estrutura de suporte para facilitar o transporte.<\/p> <figure id=\"attachment_10319\" aria-describedby=\"caption-attachment-10319\" style=\"width: 720px\" class=\"wp-caption alignnone\"><img loading=\"lazy\" decoding=\"async\" class=\"size-full wp-image-10319\" src=\"https:\/\/www.agriculture-machine.com\/wp-content\/uploads\/2021\/05\/corn-thresher-1.jpg\" alt=\"debulhador-de-milho\" width=\"720\" height=\"540\" srcset=\"https:\/\/www.agriculture-machine.com\/wp-content\/uploads\/2021\/05\/corn-thresher-1.jpg 720w, https:\/\/www.agriculture-machine.com\/wp-content\/uploads\/2021\/05\/corn-thresher-1-360x270.jpg 360w, https:\/\/www.agriculture-machine.com\/wp-content\/uploads\/2021\/05\/corn-thresher-1-240x180.jpg 240w\" sizes=\"auto, (max-width: 720px) 100vw, 720px\" \/><figcaption id=\"caption-attachment-10319\" class=\"wp-caption-text\">debulhador-de-milho<\/figcaption><\/figure> <h2>Estrutura da m\u00e1quina debulhadora 5TYM-850<\/h2> <p>A m\u00e1quina de debulhar milho consiste numa entrada, um ventilador e duas sa\u00eddas para espigas de milho e milho, chassis, pneus grandes, suportes e estruturas de tra\u00e7\u00e3o de trator.<\/p> <p>&nbsp;<\/p> <p>&nbsp;<\/p> <figure id=\"attachment_10320\" aria-describedby=\"caption-attachment-10320\" style=\"width: 720px\" class=\"wp-caption alignnone\"><img loading=\"lazy\" decoding=\"async\" class=\"size-full wp-image-10320\" src=\"https:\/\/www.agriculture-machine.com\/wp-content\/uploads\/2021\/05\/structure-maize-thresher-850.jpg\" alt=\"estrutura-de-debulhador-de-milho-850\" width=\"720\" height=\"540\" srcset=\"https:\/\/www.agriculture-machine.com\/wp-content\/uploads\/2021\/05\/structure-maize-thresher-850.jpg 720w, https:\/\/www.agriculture-machine.com\/wp-content\/uploads\/2021\/05\/structure-maize-thresher-850-360x270.jpg 360w, https:\/\/www.agriculture-machine.com\/wp-content\/uploads\/2021\/05\/structure-maize-thresher-850-240x180.jpg 240w\" sizes=\"auto, (max-width: 720px) 100vw, 720px\" \/><figcaption id=\"caption-attachment-10320\" class=\"wp-caption-text\">estrutura-de-debulhador-de-milho-850<\/figcaption><\/figure> <p>Exibi\u00e7\u00e3o da estrutura detalhada<\/p> <p>PTO, estrutura de tra\u00e7\u00e3o de trator, tela, engrenagem de lan\u00e7amento, correia.<\/p> <div id='gallery-1' class='gallery galleryid-10313 gallery-columns-2 gallery-size-full'><figure class='gallery-item'> \t\t\t<div class='gallery-icon landscape'> \t\t\t\t<a href='https:\/\/www.agriculture-machine.com\/wp-content\/uploads\/2021\/05\/structure-details.jpg'><img loading=\"lazy\" decoding=\"async\" width=\"720\" height=\"540\" src=\"https:\/\/www.agriculture-machine.com\/wp-content\/uploads\/2021\/05\/structure-details.jpg\" class=\"attachment-full size-full\" alt=\"\" aria-describedby=\"gallery-1-10322\" srcset=\"https:\/\/www.agriculture-machine.com\/wp-content\/uploads\/2021\/05\/structure-details.jpg 720w, https:\/\/www.agriculture-machine.com\/wp-content\/uploads\/2021\/05\/structure-details-360x270.jpg 360w, https:\/\/www.agriculture-machine.com\/wp-content\/uploads\/2021\/05\/structure-details-240x180.jpg 240w\" sizes=\"auto, (max-width: 720px) 100vw, 720px\" \/><\/a> \t\t\t<\/div> \t\t\t\t<figcaption class='wp-caption-text gallery-caption' id='gallery-1-10322'> \t\t\t\tdetalhes-da-estrutura \t\t\t\t<\/figcaption><\/figure><figure class='gallery-item'> \t\t\t<div class='gallery-icon landscape'> \t\t\t\t<a href='https:\/\/www.agriculture-machine.com\/wp-content\/uploads\/2021\/05\/structure-detail.jpg'><img loading=\"lazy\" decoding=\"async\" width=\"720\" height=\"540\" src=\"https:\/\/www.agriculture-machine.com\/wp-content\/uploads\/2021\/05\/structure-detail.jpg\" class=\"attachment-full size-full\" alt=\"detalhes-da-estrutura\" aria-describedby=\"gallery-1-10321\" srcset=\"https:\/\/www.agriculture-machine.com\/wp-content\/uploads\/2021\/05\/structure-detail.jpg 720w, https:\/\/www.agriculture-machine.com\/wp-content\/uploads\/2021\/05\/structure-detail-360x270.jpg 360w, https:\/\/www.agriculture-machine.com\/wp-content\/uploads\/2021\/05\/structure-detail-240x180.jpg 240w\" sizes=\"auto, (max-width: 720px) 100vw, 720px\" \/><\/a> \t\t\t<\/div> \t\t\t\t<figcaption class='wp-caption-text gallery-caption' id='gallery-1-10321'> \t\t\t\tdetalhes-da-estrutura \t\t\t\t<\/figcaption><\/figure> \t\t<\/div>  <h2>A diferen\u00e7a entre o debulhador 850 e o debulhador 650<\/h2> <ol> <li>A produ\u00e7\u00e3o do debulhador de milho 850 \u00e9 maior do que a do <a href=\"https:\/\/www.agriculture-machine.com\/pt\/corn-thresher-maize-thresher-corn-sheller-5tym-650\/\">Debulhador de milho 650<\/a>. A produ\u00e7\u00e3o hor\u00e1ria dos debulhadores 850 \u00e9 de 4-6t, e a produ\u00e7\u00e3o hor\u00e1ria dos debulhadores 650 \u00e9 de 1-2t.<\/li> <li>O debulhador de milho 850 tem um ventilador a mais do que o debulhador de milho 650, por isso o milho ap\u00f3s a debulha fica mais limpo.<\/li> <li>O debulhador de milho 850 \u00e9 maior em tamanho do que o debulhador de milho 650.<br \/> Voc\u00ea pode escolher entre o debulhador de milho 850 ou o de 650 de acordo com suas necessidades.<\/li> <\/ol> <h2>Como funciona o debulhador de milho?<\/h2> <p><iframe loading=\"lazy\" title=\"m\u00e1quina de debulhar milho\" width=\"500\" height=\"281\" src=\"https:\/\/www.youtube.com\/embed\/spbXao261AY?feature=oembed\" frameborder=\"0\" allow=\"accelerometer; autoplay; clipboard-write; encrypted-media; gyroscope; picture-in-picture; web-share\" referrerpolicy=\"strict-origin-when-cross-origin\" allowfullscreen><\/iframe><\/p> <h2>Qual \u00e9 o pre\u00e7o da debulhadora?<\/h2> <p>Os clientes que se inscrevem em nosso site sabem que nosso debulhador de milho est\u00e1 em constante atualiza\u00e7\u00e3o. Temos diferentes tipos de m\u00e1quinas de debulhar milho, incluindo de alta produ\u00e7\u00e3o, de baixa produ\u00e7\u00e3o, vers\u00e1teis e com pneus grandes, aplica\u00e7\u00f5es especiais para \u00c1frica. Se desejar obter um pre\u00e7o mais detalhado, pode contactar-nos e informar qual modelo de m\u00e1quina de debulhar milho deseja.<\/p> <h2>Par\u00e2metros t\u00e9cnicos<\/h2> <table> <tbody> <tr> <td width=\"284\">Modelo<\/td> <td width=\"284\">5TYM-850<\/td> <\/tr> <tr> <td width=\"284\">Capacidade<\/td> <td width=\"284\">4-6t\/h<\/td> <\/tr> <tr> <td width=\"284\">Taxa de descascamento<\/td> <td width=\"284\">99%<\/td> <\/tr> <tr> <td width=\"284\">Pot\u00eancia<\/td> <td width=\"284\">5,5-7,5 kw ou 12-18HP ou PTO<\/td> <\/tr> <tr> <td width=\"284\">Tamanho<\/td> <td width=\"284\">1270x720x1000mm<\/td> <\/tr> <tr> <td width=\"284\">Peso<\/td> <td width=\"284\">120 kg<\/td> <\/tr> <\/tbody> <\/table>","protected":false},"excerpt":{"rendered":"<p>5TYM-850 wheel maize thresher machine is widely used in animal husbandry, farms, and households. Function and application The 5TYM-850 corn thresher is mainly used for corn peeling and threshing. This thresher can quickly separate the corn kernels from the corn cobs and has the characteristics of high work efficiency and low crushing rate. The thresher [&hellip;]<\/p>\n","protected":false},"author":1,"featured_media":10318,"parent":0,"comment_status":"closed","ping_status":"closed","template":"","tags":[491,2619],"product-type":[872],"class_list":["post-10313","product","type-product","status-publish","has-post-thumbnail","hentry","tag-corn","tag-sheller","product-type-thresher-sheller"],"_links":{"self":[{"href":"https:\/\/www.agriculture-machine.com\/pt\/wp-json\/wp\/v2\/product\/10313","targetHints":{"allow":["GET"]}}],"collection":[{"href":"https:\/\/www.agriculture-machine.com\/pt\/wp-json\/wp\/v2\/product"}],"about":[{"href":"https:\/\/www.agriculture-machine.com\/pt\/wp-json\/wp\/v2\/types\/product"}],"author":[{"embeddable":true,"href":"https:\/\/www.agriculture-machine.com\/pt\/wp-json\/wp\/v2\/users\/1"}],"replies":[{"embeddable":true,"href":"https:\/\/www.agriculture-machine.com\/pt\/wp-json\/wp\/v2\/comments?post=10313"}],"wp:featuredmedia":[{"embeddable":true,"href":"https:\/\/www.agriculture-machine.com\/pt\/wp-json\/wp\/v2\/media\/10318"}],"wp:attachment":[{"href":"https:\/\/www.agriculture-machine.com\/pt\/wp-json\/wp\/v2\/media?parent=10313"}],"wp:term":[{"taxonomy":"post_tag","embeddable":true,"href":"https:\/\/www.agriculture-machine.com\/pt\/wp-json\/wp\/v2\/tags?post=10313"},{"taxonomy":"product-type","embeddable":true,"href":"https:\/\/www.agriculture-machine.com\/pt\/wp-json\/wp\/v2\/product-type?post=10313"}],"curies":[{"name":"wp","href":"https:\/\/api.w.org\/{rel}","templated":true}]}}