{"id":1032,"date":"2018-10-17T10:25:36","date_gmt":"2018-10-17T02:25:36","guid":{"rendered":"https:\/\/www.agriculture-machine.com\/?p=1032"},"modified":"2026-03-10T11:23:51","modified_gmt":"2026-03-10T03:23:51","slug":"baling-and-wrapping-machine","status":"publish","type":"product","link":"https:\/\/www.agriculture-machine.com\/pt\/baling-and-wrapping-machine\/","title":{"rendered":"55-52 M\u00e1quina de Fena\u00e7\u00e3o e Envolvimento para Ensiladeira"},"content":{"rendered":"<p>A m\u00e1quina de ensilar e embrulhar silagem \u00e9 um tipo de equipamento agr\u00edcola e de pecu\u00e1ria, amplamente utilizado na recolha e preserva\u00e7\u00e3o de forragens, palha e outros alimentos.<\/p>    <p>O equipamento ensila e embrulha o alimento atrav\u00e9s de filme pl\u00e1stico, corda de rede ou corda, e realiza a fermenta\u00e7\u00e3o da silagem em ambiente anaer\u00f3bico. Isto efetivamente bloqueia os nutrientes do alimento, prolonga o tempo de preserva\u00e7\u00e3o e atende \u00e0s necessidades de alimenta\u00e7\u00e3o durante todo o ano de gado ruminante como vacas, ovelhas, cavalos, veados e burros.<\/p>    <figure class=\"wp-block-embed is-type-video is-provider-youtube wp-block-embed-youtube wp-embed-aspect-16-9 wp-has-aspect-ratio\"><div class=\"wp-block-embed__wrapper\"> <iframe loading=\"lazy\" title=\"M\u00e1quina eficiente de ensilar e embrulhar silagem - Aumentando a efici\u00eancia do embalamento agr\u00edcola!\" width=\"500\" height=\"281\" src=\"https:\/\/www.youtube.com\/embed\/McQj2v6Lsx8?feature=oembed\" frameborder=\"0\" allow=\"accelerometer; autoplay; clipboard-write; encrypted-media; gyroscope; picture-in-picture; web-share\" referrerpolicy=\"strict-origin-when-cross-origin\" allowfullscreen><\/iframe> <\/div><figcaption class=\"wp-element-caption\">V\u00eddeo de funcionamento da m\u00e1quina de ensilar e embrulhar silagem<\/figcaption><\/figure>    <p>Especialmente, a m\u00e1quina de ensilar e embrulhar TZ-55-52 tem uma estrutura compacta, desempenho est\u00e1vel e opera\u00e7\u00e3o f\u00e1cil. Est\u00e1 equipada com um motor de 5,5kw, com dimens\u00f5es de 1600x1450x1060mm, podendo ensilar de 30 a 50 fardos de relva por hora, com cada fardo pesando entre 30-90kg.<\/p>    <p>O n\u00famero de camadas de cobertura \u00e9 de 2-4, e o peso ap\u00f3s a cobertura \u00e9 de 135kg, sendo a escolha ideal para agricultores e explora\u00e7\u00f5es de pequeno e m\u00e9dio porte melhorarem a efici\u00eancia do processamento de ra\u00e7\u00e3o.<\/p>    <figure class=\"wp-block-gallery has-nested-images columns-default is-cropped wp-block-gallery-2 is-layout-flex wp-block-gallery-is-layout-flex\"> <figure class=\"wp-block-image size-large\"><img loading=\"lazy\" decoding=\"async\" width=\"720\" height=\"540\" data-id=\"13674\" src=\"https:\/\/www.agriculture-machine.com\/wp-content\/uploads\/2022\/05\/round-silage-baler0-1.jpg\" alt=\"Ensiladeira redonda\" class=\"wp-image-13674\" title=\"Ensiladeira redonda\" srcset=\"https:\/\/www.agriculture-machine.com\/wp-content\/uploads\/2022\/05\/round-silage-baler0-1.jpg 720w, https:\/\/www.agriculture-machine.com\/wp-content\/uploads\/2022\/05\/round-silage-baler0-1-240x180.jpg 240w, https:\/\/www.agriculture-machine.com\/wp-content\/uploads\/2022\/05\/round-silage-baler0-1-360x270.jpg 360w\" sizes=\"auto, (max-width: 720px) 100vw, 720px\" \/><figcaption class=\"wp-element-caption\">Ensiladeira redonda<\/figcaption><\/figure>    <figure class=\"wp-block-image size-large\"><img loading=\"lazy\" decoding=\"async\" width=\"720\" height=\"540\" data-id=\"13675\" src=\"https:\/\/www.agriculture-machine.com\/wp-content\/uploads\/2022\/05\/silage-packing-machine0-1.jpg\" alt=\"M\u00e1quina de embalar silagem\" class=\"wp-image-13675\" title=\"M\u00e1quina de embalar silagem\" srcset=\"https:\/\/www.agriculture-machine.com\/wp-content\/uploads\/2022\/05\/silage-packing-machine0-1.jpg 720w, https:\/\/www.agriculture-machine.com\/wp-content\/uploads\/2022\/05\/silage-packing-machine0-1-240x180.jpg 240w, https:\/\/www.agriculture-machine.com\/wp-content\/uploads\/2022\/05\/silage-packing-machine0-1-360x270.jpg 360w\" sizes=\"auto, (max-width: 720px) 100vw, 720px\" \/><figcaption class=\"wp-element-caption\">M\u00e1quina de embalar silagem<\/figcaption><\/figure> <\/figure>    <h2 class=\"wp-block-heading\" id=\"h-brief-introduction-to-baling-and-wrapping-machine\">\u00c2mbito de aplica\u00e7\u00e3o da m\u00e1quina de ensilar<\/h2>    <ul class=\"wp-block-list\"> <li>Mat\u00e9rias-primas amplamente aplic\u00e1veis: pode ser usada para pastagens ensiladas, palha fresca e palha seca, como palha de trigo, palha de arroz, palha de soja, talos de milho, etc.<\/li>    <li>Adequado para muitos tipos de alimenta\u00e7\u00e3o de gado: silagem ensilada pode ser alimentada a gado, ovelhas, cavalos, veados, burros, porcos, camelos, coelhos e outros tipos de gado e ruminantes.<\/li>    <li>Adapt\u00e1vel a diferentes regi\u00f5es e escalas de agricultura: pode ser usada eficientemente em explora\u00e7\u00f5es familiares, cooperativas e explora\u00e7\u00f5es de pequeno e m\u00e9dio porte, sendo conveniente para armazenamento e transporte a longo prazo.<\/li> <\/ul>    <figure class=\"wp-block-gallery has-nested-images columns-default is-cropped wp-block-gallery-3 is-layout-flex wp-block-gallery-is-layout-flex\"> <figure class=\"wp-block-image size-large\"><img loading=\"lazy\" decoding=\"async\" width=\"720\" height=\"540\" data-id=\"13676\" src=\"https:\/\/www.agriculture-machine.com\/wp-content\/uploads\/2022\/05\/application-scope_-1.jpg\" alt=\"\u00c2mbito de aplica\u00e7\u00e3o\" class=\"wp-image-13676\" title=\"\u00c2mbito de aplica\u00e7\u00e3o\" srcset=\"https:\/\/www.agriculture-machine.com\/wp-content\/uploads\/2022\/05\/application-scope_-1.jpg 720w, https:\/\/www.agriculture-machine.com\/wp-content\/uploads\/2022\/05\/application-scope_-1-240x180.jpg 240w, https:\/\/www.agriculture-machine.com\/wp-content\/uploads\/2022\/05\/application-scope_-1-360x270.jpg 360w\" sizes=\"auto, (max-width: 720px) 100vw, 720px\" \/><figcaption class=\"wp-element-caption\">\u00c2mbito de aplica\u00e7\u00e3o<\/figcaption><\/figure>    <figure class=\"wp-block-image size-large\"><img loading=\"lazy\" decoding=\"async\" width=\"720\" height=\"540\" data-id=\"13677\" src=\"https:\/\/www.agriculture-machine.com\/wp-content\/uploads\/2022\/05\/application.jpg\" alt=\"Aplica\u00e7\u00e3o da m\u00e1quina de ensilar e embrulhar\" class=\"wp-image-13677\" title=\"M\u00e1quina de ensilar e embrulhar\" srcset=\"https:\/\/www.agriculture-machine.com\/wp-content\/uploads\/2022\/05\/application.jpg 720w, https:\/\/www.agriculture-machine.com\/wp-content\/uploads\/2022\/05\/application-240x180.jpg 240w, https:\/\/www.agriculture-machine.com\/wp-content\/uploads\/2022\/05\/application-360x270.jpg 360w\" sizes=\"auto, (max-width: 720px) 100vw, 720px\" \/><figcaption class=\"wp-element-caption\">Aplica\u00e7\u00e3o da m\u00e1quina de ensilar e embrulhar<\/figcaption><\/figure> <\/figure>    <h2 class=\"wp-block-heading\">Embrulhadora de ensiladeira de grande roda personalizada<\/h2>    <p>A nossa mais recente ensiladeira m\u00f3vel personalizada 55-52 com embrulhadora foi aprimorada a partir do modelo original, agora apresentando pneus maiores que facilitam o reboque f\u00e1cil e o movimento r\u00e1pido por v\u00e1rios terrenos, aumentando significativamente a flexibilidade operacional. <\/p>    <figure class=\"wp-block-gallery has-nested-images columns-default is-cropped wp-block-gallery-4 is-layout-flex wp-block-gallery-is-layout-flex\"> <figure class=\"wp-block-image size-large\"><img loading=\"lazy\" decoding=\"async\" width=\"720\" height=\"540\" data-id=\"16875\" src=\"https:\/\/www.agriculture-machine.com\/wp-content\/uploads\/2018\/10\/hay-baling-wrapping-machine.webp\" alt=\"M\u00e1quina de ensilar e embrulhar feno\" class=\"wp-image-16875\" srcset=\"https:\/\/www.agriculture-machine.com\/wp-content\/uploads\/2018\/10\/hay-baling-wrapping-machine.webp 720w, https:\/\/www.agriculture-machine.com\/wp-content\/uploads\/2018\/10\/hay-baling-wrapping-machine-360x270.webp 360w, https:\/\/www.agriculture-machine.com\/wp-content\/uploads\/2018\/10\/hay-baling-wrapping-machine-240x180.webp 240w, https:\/\/www.agriculture-machine.com\/wp-content\/uploads\/2018\/10\/hay-baling-wrapping-machine-16x12.webp 16w\" sizes=\"auto, (max-width: 720px) 100vw, 720px\" \/><figcaption class=\"wp-element-caption\">M\u00e1quina de ensilar e embrulhar feno<\/figcaption><\/figure>    <figure class=\"wp-block-image size-large\"><img loading=\"lazy\" decoding=\"async\" width=\"720\" height=\"540\" data-id=\"16876\" src=\"https:\/\/www.agriculture-machine.com\/wp-content\/uploads\/2018\/10\/mobile-type-forage-baler-machine.webp\" alt=\"M\u00e1quina de ensilar de tipo m\u00f3vel\" class=\"wp-image-16876\" srcset=\"https:\/\/www.agriculture-machine.com\/wp-content\/uploads\/2018\/10\/mobile-type-forage-baler-machine.webp 720w, https:\/\/www.agriculture-machine.com\/wp-content\/uploads\/2018\/10\/mobile-type-forage-baler-machine-360x270.webp 360w, https:\/\/www.agriculture-machine.com\/wp-content\/uploads\/2018\/10\/mobile-type-forage-baler-machine-240x180.webp 240w, https:\/\/www.agriculture-machine.com\/wp-content\/uploads\/2018\/10\/mobile-type-forage-baler-machine-16x12.webp 16w\" sizes=\"auto, (max-width: 720px) 100vw, 720px\" \/><figcaption class=\"wp-element-caption\">M\u00e1quina de ensilar de tipo m\u00f3vel<\/figcaption><\/figure> <\/figure>    <p>Esta atualiza\u00e7\u00e3o \u00e9 particularmente ben\u00e9fica para \u00c1frica e outras \u00e1reas com terreno desafiador e explora\u00e7\u00f5es dispersas, tornando o processo de ensilar e armazenar silagem mais eficiente e f\u00e1cil de usar. Seja para uma grande fazenda ou uma pequena explora\u00e7\u00e3o, este modelo destaca-se como uma excelente op\u00e7\u00e3o para aumentar a produtividade agr\u00edcola.<\/p>    <figure class=\"wp-block-embed aligncenter is-type-video is-provider-youtube wp-block-embed-youtube wp-embed-aspect-16-9 wp-has-aspect-ratio\"><div class=\"wp-block-embed__wrapper\"> <iframe loading=\"lazy\" title=\"Embrulhadora de fardo redondo com grande roda tracionada personalizada - Solu\u00e7\u00e3o eficiente de embrulho de fardos#silagem\" width=\"500\" height=\"281\" src=\"https:\/\/www.youtube.com\/embed\/b_8wTFsUBp4?feature=oembed\" frameborder=\"0\" allow=\"accelerometer; autoplay; clipboard-write; encrypted-media; gyroscope; picture-in-picture; web-share\" referrerpolicy=\"strict-origin-when-cross-origin\" allowfullscreen><\/iframe> <\/div><figcaption class=\"wp-element-caption\">V\u00eddeo de funcionamento da m\u00e1quina de ensilar e embrulhar silagem<\/figcaption><\/figure>    <h2 class=\"wp-block-heading\">Estrutura principal da m\u00e1quina de ensilar<\/h2>    <ul class=\"wp-block-list\"> <li><strong>Parte de esmagamento<\/strong><br>Silage or forage is prepared by shredding, crushing, and extruding to break down the tough stem segments on the straw&#8217;s surface, making it easier for livestock to consume the parts of the straw that are not directly edible.<\/li>    <li><strong>Parte de ensilar<\/strong><br>A forragem \u00e9 alimentada r\u00e1pida e uniformemente na c\u00e2mara de trabalho do fardo para compress\u00e3o. Quando cada fardo pesa aproximadamente 80kg, a roda de sinal gira a uma velocidade constante, acionando a alavanca de embraiagem de enrolar para embrulhar o fardo com corda. Ap\u00f3s cortar a corda, o utilizador opera a alavanca de abertura para libertar o fardo.<\/li>    <li><strong>Parte de embrulho<\/strong><br>Os fardos s\u00e3o posicionados nas duas correias paralelas da m\u00e1quina de embrulhar. Quando o interruptor de embrulho \u00e9 ativado, ele gira a estrutura para mover os fardos. Os fardos ent\u00e3o esticam a pel\u00edcula pl\u00e1stica para se envolverem automaticamente. Os utilizadores tamb\u00e9m podem ajustar o n\u00famero de camadas de revestimento, escolhendo entre 2 a 4 camadas.<\/li> <\/ul>    <figure class=\"wp-block-image aligncenter size-full\"><img loading=\"lazy\" decoding=\"async\" width=\"720\" height=\"540\" src=\"https:\/\/www.agriculture-machine.com\/wp-content\/uploads\/2022\/05\/structure-of-silage-baler-1-1.jpg\" alt=\" Estrutura da ensiladeira\" class=\"wp-image-13678\" title=\" Estrutura da ensiladeira\" srcset=\"https:\/\/www.agriculture-machine.com\/wp-content\/uploads\/2022\/05\/structure-of-silage-baler-1-1.jpg 720w, https:\/\/www.agriculture-machine.com\/wp-content\/uploads\/2022\/05\/structure-of-silage-baler-1-1-240x180.jpg 240w, https:\/\/www.agriculture-machine.com\/wp-content\/uploads\/2022\/05\/structure-of-silage-baler-1-1-360x270.jpg 360w\" sizes=\"auto, (max-width: 720px) 100vw, 720px\" \/><figcaption class=\"wp-element-caption\"> Estrutura da ensiladeira<\/figcaption><\/figure>    <h2 class=\"wp-block-heading\"><a href=\"https:\/\/www.agriculture-machine.com\/pt\/silage-baler-and-wrapping-machines-working-principle\/\">Princ\u00edpio de funcionamento da m\u00e1quina de ensilar<\/a><\/h2>    <ul class=\"wp-block-list\"> <li>O operador usa a p\u00e1 para colocar a palha na entrada.<\/li>    <li>Ap\u00f3s alguns minutos, os feixes ficar\u00e3o conclu\u00eddos sob a for\u00e7a das cordas.<\/li>    <li>O utilizador empurra os feixes para frente e depois pressiona um bot\u00e3o, e os feixes ser\u00e3o ensilados automaticamente.<\/li> <\/ul>    <figure class=\"wp-block-embed aligncenter is-type-video is-provider-youtube wp-block-embed-youtube wp-embed-aspect-16-9 wp-has-aspect-ratio\"><div class=\"wp-block-embed__wrapper\"> <iframe loading=\"lazy\" title=\"Demonstra\u00e7\u00e3o em tempo real de uma m\u00e1quina autom\u00e1tica eficiente de ensilar e embrulhar!#silagem #ensiladeira\" width=\"500\" height=\"281\" src=\"https:\/\/www.youtube.com\/embed\/K28IRyNOT1A?feature=oembed\" frameborder=\"0\" allow=\"accelerometer; autoplay; clipboard-write; encrypted-media; gyroscope; picture-in-picture; web-share\" referrerpolicy=\"strict-origin-when-cross-origin\" allowfullscreen><\/iframe> <\/div><figcaption class=\"wp-element-caption\">Local de trabalho da m\u00e1quina autom\u00e1tica de embrulhar silagem<\/figcaption><\/figure>    <h2 class=\"wp-block-heading\" id=\"h-how-to-install-a-corn-silage-baler-machine\">Como instalar uma m\u00e1quina de ensilar milho?<\/h2>   <div id=\"rank-math-howto\" class=\"rank-math-block\" > <div class=\"rank-math-howto-description\">  <\/div>  <div class=\"rank-math-steps\"> <div id=\"howto-step-1716370344060\" class=\"rank-math-step\"> <div class=\"rank-math-step-content\"><p>A chip vermelho do filme de silagem est\u00e1 voltado para cima e depois fixado na estrutura de transporte do filme. Depois, deve-se usar um fixador para ajustar o seu \u00e2ngulo. A dist\u00e2ncia entre os filmes de silagem deve ser adequada. Se a dist\u00e2ncia for demasiado ampla, pode ser ajustada por dois parafusos sob o transportador.<\/p> <\/div> <\/div> <div id=\"howto-step-1716370378589\" class=\"rank-math-step\"> <div class=\"rank-math-step-content\"><p>Em segundo lugar, coloque a corda para passar pelo orif\u00edcio na m\u00e1quina de ensilar e na m\u00e1quina de embrulhar.<\/p> <\/div> <\/div> <div id=\"howto-step-1716370385500\" class=\"rank-math-step\"> <h3 class=\"rank-math-step-title\"> <\/h3> <div class=\"rank-math-step-content\"><p>Terceiro, conecte os fios. Deve conectar os fios el\u00e9tricos trif\u00e1sicos ao interior da caixa de controlo. Existem dois ajustadores de tempo, incluindo a correia de transporte e a de ensilar, que podem ser ajustados.<\/p> <\/div> <\/div> <div id=\"howto-step-1716370393227\" class=\"rank-math-step\"> <div class=\"rank-math-step-content\"><p>Quarto, instala\u00e7\u00e3o da bomba de ar. Conecte o motor da bomba de ar \u00e0 fonte de alimenta\u00e7\u00e3o. Conecte o tubo de ar \u00e0 m\u00e1quina e abra o interruptor de ventila\u00e7\u00e3o. A press\u00e3o de ar durante a opera\u00e7\u00e3o deve ser mantida entre 0,6 e 0,8Pa.<\/p> <\/div> <\/div> <div id=\"howto-step-1716370411875\" class=\"rank-math-step\"> <div class=\"rank-math-step-content\"><p>Verifique cuidadosamente todas as partes da m\u00e1quina de ensilar e embrulhar antes de usar e confirme que a m\u00e1quina est\u00e1 a funcionar na dire\u00e7\u00e3o correta.<\/p> <\/div> <\/div> <\/div> <\/div>       <figure class=\"wp-block-embed is-type-video is-provider-youtube wp-block-embed-youtube wp-embed-aspect-16-9 wp-has-aspect-ratio\"><div class=\"wp-block-embed__wrapper\"> <iframe loading=\"lazy\" title=\"M\u00e1quina de ensilar milho com combina\u00e7\u00e3o de ensiladeira e embrulhadora | Processamento eficiente de forragens#silagem #ensiladeira\" width=\"500\" height=\"281\" src=\"https:\/\/www.youtube.com\/embed\/stBWAHxhA-c?feature=oembed\" frameborder=\"0\" allow=\"accelerometer; autoplay; clipboard-write; encrypted-media; gyroscope; picture-in-picture; web-share\" referrerpolicy=\"strict-origin-when-cross-origin\" allowfullscreen><\/iframe> <\/div><figcaption class=\"wp-element-caption\">Processo de instala\u00e7\u00e3o da m\u00e1quina de ensilar<\/figcaption><\/figure>    <h2 class=\"wp-block-heading\" id=\"h-technical-parameter-of-the-baling-and-wrapping-machine\">Par\u00e2metros da m\u00e1quina de ensilar e embrulhar<\/h2>    <figure class=\"wp-block-table is-style-stripes\"><table class=\"has-fixed-layout\"><tbody><tr><td><strong><strong>Modelo<\/strong><\/strong><\/td><td>TZ-55-52<\/td><\/tr><tr><td><strong><strong>Motor<\/strong><\/strong><\/td><td>5,5KW<\/td><\/tr><tr><td><strong><strong>Dimens\u00e3o<\/strong><\/strong><\/td><td>1600x1450x1060mm<\/td><\/tr><tr><td><strong><strong>Peso<\/strong><\/strong><\/td><td>380kg<\/td><\/tr><tr><td><strong>Velocidade de opera\u00e7\u00e3o<\/strong><\/td><td>30-50feixes\/h<\/td><\/tr><tr><td><strong>Peso do fardo<\/strong><\/td><td>30-90kg<\/td><\/tr><tr><td><strong>Camada de revestimento<\/strong><\/td><td>2-4 camadas<\/td><\/tr><tr><td><strong>Efici\u00eancia de revestimento<\/strong><\/td><td>12 segundos\/fardo 2 camadas\u2026<\/td><\/tr><tr><td><strong>Peso da m\u00e1quina revestida<\/strong><\/td><td>135kg<\/td><\/tr><tr><td><strong>Tipo de ensilagem<\/strong><\/td><td>Forma redonda com filme para armazenamento prolongado<\/td><\/tr><tr><td><strong>Mat\u00e9ria-prima<\/strong><\/td><td>Adequado para quase todos os tipos de silagem, palha de trigo, arroz, soja, milho, etc., fresca ou seca<\/td><\/tr><\/tbody><\/table><\/figure>    <h2 class=\"wp-block-heading\">M\u00e1quina de ensilar silagem vendida ao Bangladesh<\/h2>    <p class=\"translation-block\">Os nossos clientes s\u00e3o principalmente de <a href=\"https:\/\/en.wikipedia.org\/wiki\/Bangladesh\" target=\"_blank\" rel=\"noopener\">Bangladesh<\/a>, e entram em contacto connosco atrav\u00e9s do nosso canal no YouTube. O cliente pretende adquirir uma m\u00e1quina de ensilar e uma m\u00e1quina de embrulhar para uso pessoal.<\/p>    <p>During discussions, our sales managers gather information about the client&#8217;s budget. As a result, the sales manager suggested the small silage packing baler machine TZ-55-52.<\/p>    <p>Customers believe this machine fits their requirements well. Additionally, the client expressed a desire to pack the forage using nets and ropes. This machine is versatile enough to accommodate both options, catering to the customer&#8217;s needs.<\/p>    <figure class=\"wp-block-gallery has-nested-images columns-default is-cropped wp-block-gallery-5 is-layout-flex wp-block-gallery-is-layout-flex\"> <figure class=\"wp-block-image size-large\"><img loading=\"lazy\" decoding=\"async\" width=\"720\" height=\"540\" data-id=\"13679\" src=\"https:\/\/www.agriculture-machine.com\/wp-content\/uploads\/2022\/05\/1.-film-packing-1-1.jpg\" alt=\"embalagem em filme\" class=\"wp-image-13679\" title=\"embalagem em filme\" srcset=\"https:\/\/www.agriculture-machine.com\/wp-content\/uploads\/2022\/05\/1.-film-packing-1-1.jpg 720w, https:\/\/www.agriculture-machine.com\/wp-content\/uploads\/2022\/05\/1.-film-packing-1-1-240x180.jpg 240w, https:\/\/www.agriculture-machine.com\/wp-content\/uploads\/2022\/05\/1.-film-packing-1-1-360x270.jpg 360w\" sizes=\"auto, (max-width: 720px) 100vw, 720px\" \/><figcaption class=\"wp-element-caption\">embalagem em filme<\/figcaption><\/figure>    <figure class=\"wp-block-image size-large\"><img loading=\"lazy\" decoding=\"async\" width=\"720\" height=\"540\" data-id=\"13680\" src=\"https:\/\/www.agriculture-machine.com\/wp-content\/uploads\/2022\/05\/wooden-package-1-1.jpg\" alt=\"embalagem em caixa de madeira da m\u00e1quina de ensilar\" class=\"wp-image-13680\" title=\"embalagem em caixa de madeira da m\u00e1quina de ensilar\" srcset=\"https:\/\/www.agriculture-machine.com\/wp-content\/uploads\/2022\/05\/wooden-package-1-1.jpg 720w, https:\/\/www.agriculture-machine.com\/wp-content\/uploads\/2022\/05\/wooden-package-1-1-240x180.jpg 240w, https:\/\/www.agriculture-machine.com\/wp-content\/uploads\/2022\/05\/wooden-package-1-1-360x270.jpg 360w\" sizes=\"auto, (max-width: 720px) 100vw, 720px\" \/><figcaption class=\"wp-element-caption\">embalagem em caixa de madeira da m\u00e1quina de ensilar<\/figcaption><\/figure> <\/figure>    <p class=\"translation-block\">Normalmente, antes de usar a m\u00e1quina de ensilar e a m\u00e1quina de embrulhar, podemos triturar a forragem com um <a href=\"https:\/\/www.agriculture-machine.com\/pt\/4-15t-h-grass-cutting-machine-cutting-wet-grass-grass-cutter\/\">cortador de palha<\/a>. Isto porque a forragem tratada \u00e9 mais f\u00e1cil de ensilar. <\/p>    <figure class=\"wp-block-embed aligncenter is-type-video is-provider-youtube wp-block-embed-youtube wp-embed-aspect-16-9 wp-has-aspect-ratio\"><div class=\"wp-block-embed__wrapper\"> <iframe loading=\"lazy\" title=\"Picadora de silagem com combina\u00e7\u00e3o de ensiladeira e embrulhadora | Processamento de forragens de alta efici\u00eancia#silagem #ensiladeira\" width=\"500\" height=\"281\" src=\"https:\/\/www.youtube.com\/embed\/WnhgAncaJ2s?feature=oembed\" frameborder=\"0\" allow=\"accelerometer; autoplay; clipboard-write; encrypted-media; gyroscope; picture-in-picture; web-share\" referrerpolicy=\"strict-origin-when-cross-origin\" allowfullscreen><\/iframe> <\/div><figcaption class=\"wp-element-caption\">M\u00e1quina de ensilar e embrulhar silagem a trabalhar com uma picadora de forragem<\/figcaption><\/figure>    <p class=\"translation-block\">Se desejar saber mais detalhes sobre a nossa m\u00e1quina de ensilar e m\u00e1quinas de embrulhar, por favor clique em  M\u00e1quina de ensilar , M\u00e1quina de ensilar autom\u00e1tica completa . Sinta-se \u00e0 vontade para nos contactar a qualquer momento.<\/p>    <h2 class=\"wp-block-heading\">Perguntas Frequentes<\/h2>   <div id=\"rank-math-faq\" class=\"rank-math-block\"> <div class=\"rank-math-list\"> <div id=\"faq-question-1716370592680\" class=\"rank-math-list-item\"> <h3 class=\"rank-math-question\">Qual \u00e9 a pot\u00eancia da m\u00e1quina?<\/h3> <div class=\"rank-math-answer\">  <p>A pot\u00eancia pode ser um motor a diesel, motor a gasolina ou motor el\u00e9trico. Diferentes modelos de m\u00e1quinas t\u00eam diferentes requisitos de pot\u00eancia.<\/p>  <\/div> <\/div> <div id=\"faq-question-1716370601077\" class=\"rank-math-list-item\"> <h3 class=\"rank-math-question\">Qual \u00e9 o objetivo da m\u00e1quina de embrulhar a ensilagem?<\/h3> <div class=\"rank-math-answer\">  <p>Silagem seca ou h\u00famida, ervas daninhas, palha.<\/p>  <\/div> <\/div> <div id=\"faq-question-1716370606396\" class=\"rank-math-list-item\"> <h3 class=\"rank-math-question\">Por quanto tempo pode ser armazenada a ra\u00e7\u00e3o embalada?<\/h3> <div class=\"rank-math-answer\">  <p>2-3 anos.<\/p>  <\/div> <\/div> <div id=\"faq-question-1716370614540\" class=\"rank-math-list-item\"> <h3 class=\"rank-math-question\">A m\u00e1quina usa um compressor de ar?<\/h3> <div class=\"rank-math-answer\">  <p>Necessita de modo totalmente autom\u00e1tico, semi-autom\u00e1tico n\u00e3o necessita de compressor de ar.<\/p>  <\/div> <\/div> <\/div> <\/div>","protected":false},"excerpt":{"rendered":"<p>A m\u00e1quina de ensilar e a m\u00e1quina de embrulhar s\u00e3o adequadas para a preserva\u00e7\u00e3o de silagem de v\u00e1rios tipos de palha e forragens, atendendo amplamente a todos os tipos de explora\u00e7\u00f5es de ruminantes.<\/p>","protected":false},"author":1,"featured_media":17512,"parent":0,"comment_status":"closed","ping_status":"closed","template":"","tags":[591],"product-type":[876,908],"class_list":["post-1032","product","type-product","status-publish","has-post-thumbnail","hentry","tag-silage","product-type-silage-machine","product-type-sliage-baler"],"_links":{"self":[{"href":"https:\/\/www.agriculture-machine.com\/pt\/wp-json\/wp\/v2\/product\/1032","targetHints":{"allow":["GET"]}}],"collection":[{"href":"https:\/\/www.agriculture-machine.com\/pt\/wp-json\/wp\/v2\/product"}],"about":[{"href":"https:\/\/www.agriculture-machine.com\/pt\/wp-json\/wp\/v2\/types\/product"}],"author":[{"embeddable":true,"href":"https:\/\/www.agriculture-machine.com\/pt\/wp-json\/wp\/v2\/users\/1"}],"replies":[{"embeddable":true,"href":"https:\/\/www.agriculture-machine.com\/pt\/wp-json\/wp\/v2\/comments?post=1032"}],"wp:featuredmedia":[{"embeddable":true,"href":"https:\/\/www.agriculture-machine.com\/pt\/wp-json\/wp\/v2\/media\/17512"}],"wp:attachment":[{"href":"https:\/\/www.agriculture-machine.com\/pt\/wp-json\/wp\/v2\/media?parent=1032"}],"wp:term":[{"taxonomy":"post_tag","embeddable":true,"href":"https:\/\/www.agriculture-machine.com\/pt\/wp-json\/wp\/v2\/tags?post=1032"},{"taxonomy":"product-type","embeddable":true,"href":"https:\/\/www.agriculture-machine.com\/pt\/wp-json\/wp\/v2\/product-type?post=1032"}],"curies":[{"name":"wp","href":"https:\/\/api.w.org\/{rel}","templated":true}]}}