{"id":10328,"date":"2021-05-10T16:41:47","date_gmt":"2021-05-10T08:41:47","guid":{"rendered":"https:\/\/www.agriculture-machine.com\/?p=10328"},"modified":"2024-09-18T16:07:43","modified_gmt":"2024-09-18T08:07:43","slug":"multifunctional-thresher-mt-860-for-corn-wheat-sorghum-rice","status":"publish","type":"product","link":"https:\/\/www.agriculture-machine.com\/pt\/multifunctional-thresher-mt-860-for-corn-wheat-sorghum-rice\/","title":{"rendered":"Debulhadora multifuncional MT-860 para milho, trigo, sorgo e arroz"},"content":{"rendered":"<p class=\"translation-block\">Esta debulhadora multifuncional \u00e9<a href=\"https:\/\/www.agriculture-machine.com\/pt\/multifunctional-thresher-for-maize-beans-sorghum-millet\/\"> uma debulhadora dom\u00e9stica pequena<\/a>. A caracter\u00edstica \u00fanica \u00e9 que h\u00e1 duas entradas de ar, ent\u00e3o, independentemente do gr\u00e3o que for debulhado, fica muito limpo.<\/p> <h2>Aplica\u00e7\u00e3o<\/h2> <p>Esta debulhadora multifuncional pode debulhar milho, trigo, sorgo, feij\u00e3o, millet, arroz, millet de p\u00e9rola, etc.<\/p> <figure id=\"attachment_10331\" aria-describedby=\"caption-attachment-10331\" style=\"width: 720px\" class=\"wp-caption alignnone\"><img loading=\"lazy\" decoding=\"async\" class=\"size-full wp-image-10331\" src=\"https:\/\/www.agriculture-machine.com\/wp-content\/uploads\/2021\/05\/application-of-Multifunctional-thresher-MT-860.jpg\" alt=\"Aplica\u00e7\u00e3o da debulhadora multifuncional MT-860\" width=\"720\" height=\"540\" srcset=\"https:\/\/www.agriculture-machine.com\/wp-content\/uploads\/2021\/05\/application-of-Multifunctional-thresher-MT-860.jpg 720w, https:\/\/www.agriculture-machine.com\/wp-content\/uploads\/2021\/05\/application-of-Multifunctional-thresher-MT-860-360x270.jpg 360w, https:\/\/www.agriculture-machine.com\/wp-content\/uploads\/2021\/05\/application-of-Multifunctional-thresher-MT-860-240x180.jpg 240w\" sizes=\"auto, (max-width: 720px) 100vw, 720px\" \/><figcaption id=\"caption-attachment-10331\" class=\"wp-caption-text\">Aplica\u00e7\u00e3o da debulhadora multifuncional MT-860<\/figcaption><\/figure> <h2>Vantagens da debulhadora multifuncional<\/h2> <ol> <li>A fun\u00e7\u00e3o de entrada de ar e triagem projetada pela m\u00e1quina remover\u00e1 diretamente as impurezas do gr\u00e3o debulhado.<\/li> <li>Amplamente utilizada, a m\u00e1quina de debulhar pode debulhar uma variedade de culturas<\/li> <li>Abertura de alimenta\u00e7\u00e3o ampliada e inclina\u00e7\u00e3o elevada tornam a alimenta\u00e7\u00e3o mais r\u00e1pida e suave.<\/li> <li>Corpo da m\u00e1quina mais longo, martelo de lan\u00e7amento de alta densidade de quatro eixos, maior taxa de debulha.<\/li> <li>A exporta\u00e7\u00e3o de palha \u00e9 filtrada novamente. Se sair gr\u00e3o, cair\u00e1 diretamente.<\/li> <li>Ap\u00f3s a debulha, o gr\u00e3o \u00e9 filtrado diretamente, e o gr\u00e3o \u00e9 descarregado limpo. Economiza trabalho.<\/li> <li>Fun\u00e7\u00e3o de ajuste de energia e\u00f3lica, diferentes culturas t\u00eam propor\u00e7\u00f5es diferentes, e a altura do bocal pode ser ajustada de acordo com as necessidades reais para ajustar a pot\u00eancia do vento.<\/li> <\/ol> <h2>Estrutura da debulhadora multifuncional<\/h2> <figure id=\"attachment_10332\" aria-describedby=\"caption-attachment-10332\" style=\"width: 720px\" class=\"wp-caption alignnone\"><img loading=\"lazy\" decoding=\"async\" class=\"size-full wp-image-10332\" src=\"https:\/\/www.agriculture-machine.com\/wp-content\/uploads\/2021\/05\/structure-Multifunctional-thresher-MT-860.jpg\" alt=\"estrutura da debulhadora multifuncional MT-860\" width=\"720\" height=\"540\" srcset=\"https:\/\/www.agriculture-machine.com\/wp-content\/uploads\/2021\/05\/structure-Multifunctional-thresher-MT-860.jpg 720w, https:\/\/www.agriculture-machine.com\/wp-content\/uploads\/2021\/05\/structure-Multifunctional-thresher-MT-860-360x270.jpg 360w, https:\/\/www.agriculture-machine.com\/wp-content\/uploads\/2021\/05\/structure-Multifunctional-thresher-MT-860-240x180.jpg 240w\" sizes=\"auto, (max-width: 720px) 100vw, 720px\" \/><figcaption id=\"caption-attachment-10332\" class=\"wp-caption-text\">estrutura da debulhadora multifuncional MT-860<\/figcaption><\/figure> <h2>Diferen\u00e7a entre dois tipos de debulhadora multifuncional<\/h2> <p>T\u00ednhamos uma debulhadora multifuncional antes, que tinha apenas uma entrada de ar, mas a debulhadora multifuncional mostrada hoje tem duas entradas de ar, portanto, em compara\u00e7\u00e3o, a debulha posterior \u00e9 mais limpa.<br \/> Al\u00e9m disso, esta m\u00e1quina de debulhar tamb\u00e9m pode ser equipada com pneus grandes, suportes grandes, quadros de tra\u00e7\u00e3o de tratores, etc. Debulhar diferentes culturas requer troca constante de telas.<\/p> <h3>Como escolher entre os dois tipos de m\u00e1quina de debulhar<\/h3> <p>Voc\u00ea pode comparar essas duas debulhadoras multifuncionais e escolher uma de acordo com a fun\u00e7\u00e3o, produ\u00e7\u00e3o, estrutura e or\u00e7amento.<\/p> <div id='gallery-1' class='gallery galleryid-10328 gallery-columns-2 gallery-size-full'><figure class='gallery-item'> \t\t\t<div class='gallery-icon landscape'> \t\t\t\t<a href='https:\/\/www.agriculture-machine.com\/wp-content\/uploads\/2021\/05\/Multifunctional-thresher-machine.jpg'><img loading=\"lazy\" decoding=\"async\" width=\"720\" height=\"540\" src=\"https:\/\/www.agriculture-machine.com\/wp-content\/uploads\/2021\/05\/Multifunctional-thresher-machine.jpg\" class=\"attachment-full size-full\" alt=\"M\u00e1quina de debulhar multifuncional\" aria-describedby=\"gallery-1-10333\" srcset=\"https:\/\/www.agriculture-machine.com\/wp-content\/uploads\/2021\/05\/Multifunctional-thresher-machine.jpg 720w, https:\/\/www.agriculture-machine.com\/wp-content\/uploads\/2021\/05\/Multifunctional-thresher-machine-360x270.jpg 360w, https:\/\/www.agriculture-machine.com\/wp-content\/uploads\/2021\/05\/Multifunctional-thresher-machine-240x180.jpg 240w\" sizes=\"auto, (max-width: 720px) 100vw, 720px\" \/><\/a> \t\t\t<\/div> \t\t\t\t<figcaption class='wp-caption-text gallery-caption' id='gallery-1-10333'> \t\t\t\tM\u00e1quina de debulhar multifuncional \t\t\t\t<\/figcaption><\/figure><figure class='gallery-item'> \t\t\t<div class='gallery-icon landscape'> \t\t\t\t<a href='https:\/\/www.agriculture-machine.com\/wp-content\/uploads\/2021\/05\/Multifunctional-thresher-MT-860-1.jpg'><img loading=\"lazy\" decoding=\"async\" width=\"720\" height=\"540\" src=\"https:\/\/www.agriculture-machine.com\/wp-content\/uploads\/2021\/05\/Multifunctional-thresher-MT-860-1.jpg\" class=\"attachment-full size-full\" alt=\"\" aria-describedby=\"gallery-1-10334\" srcset=\"https:\/\/www.agriculture-machine.com\/wp-content\/uploads\/2021\/05\/Multifunctional-thresher-MT-860-1.jpg 720w, https:\/\/www.agriculture-machine.com\/wp-content\/uploads\/2021\/05\/Multifunctional-thresher-MT-860-1-360x270.jpg 360w, https:\/\/www.agriculture-machine.com\/wp-content\/uploads\/2021\/05\/Multifunctional-thresher-MT-860-1-240x180.jpg 240w\" sizes=\"auto, (max-width: 720px) 100vw, 720px\" \/><\/a> \t\t\t<\/div> \t\t\t\t<figcaption class='wp-caption-text gallery-caption' id='gallery-1-10334'> \t\t\t\tDebulhadora multifuncional MT-860 \t\t\t\t<\/figcaption><\/figure> \t\t<\/div>  <h2>Qual \u00e9 o pre\u00e7o da debulhadora?<\/h2> <p>Como mencionado anteriormente no artigo, j\u00e1 tivemos uma debulhadora multifuncional antes, por isso o pre\u00e7o desses dois tipos de debulhadoras multifuncionais \u00e9 definitivamente diferente. Se desejar uma cota\u00e7\u00e3o precisa, por favor, informe-nos qual debulhadora multifuncional voc\u00ea precisa.<\/p> <h2>V\u00eddeo de trabalho da debulhadora multifuncional<\/h2> <p><iframe loading=\"lazy\" title=\"Voc\u00ea nunca se arrepender\u00e1 de comprar - m\u00e1quina de debulhar milho, millet, sorgo, feij\u00e3o, debulhador de milho\" width=\"500\" height=\"281\" src=\"https:\/\/www.youtube.com\/embed\/GR28h0y-wcc?feature=oembed\" frameborder=\"0\" allow=\"accelerometer; autoplay; clipboard-write; encrypted-media; gyroscope; picture-in-picture; web-share\" referrerpolicy=\"strict-origin-when-cross-origin\" allowfullscreen><\/iframe><\/p> <h2>Par\u00e2metros t\u00e9cnicos<\/h2> <table width=\"388\"> <tbody> <tr> <td width=\"178\">Modelo<\/td> <td width=\"210\">MT-860<\/td> <\/tr> <tr> <td width=\"178\">Capacidade<\/td> <td>1-1,5T\/h<\/td> <\/tr> <tr> <td width=\"178\">Motor<\/td> <td>motor a gasolina<\/td> <\/tr> <tr> <td>Peso<\/td> <td>112kg<\/td> <\/tr> <tr> <td>Tamanho<\/td> <td>1150*860*1160mm<\/td> <\/tr> <\/tbody> <\/table>","protected":false},"excerpt":{"rendered":"<p>This multifunctional thresher is a small household thresher. The unique feature is that there are two air ducts, so no matter what grain is threshed, it is very clean. Application This multifunctional thresher can thresh corn, wheat, sorghum, beans, millet, rice, pearl millet, etc. Advantages of the multifunctional thresher The air duct and screening function [&hellip;]<\/p>\n","protected":false},"author":1,"featured_media":10330,"parent":0,"comment_status":"closed","ping_status":"closed","template":"","tags":[2614],"product-type":[872],"class_list":["post-10328","product","type-product","status-publish","has-post-thumbnail","hentry","tag-thresher","product-type-thresher-sheller"],"_links":{"self":[{"href":"https:\/\/www.agriculture-machine.com\/pt\/wp-json\/wp\/v2\/product\/10328","targetHints":{"allow":["GET"]}}],"collection":[{"href":"https:\/\/www.agriculture-machine.com\/pt\/wp-json\/wp\/v2\/product"}],"about":[{"href":"https:\/\/www.agriculture-machine.com\/pt\/wp-json\/wp\/v2\/types\/product"}],"author":[{"embeddable":true,"href":"https:\/\/www.agriculture-machine.com\/pt\/wp-json\/wp\/v2\/users\/1"}],"replies":[{"embeddable":true,"href":"https:\/\/www.agriculture-machine.com\/pt\/wp-json\/wp\/v2\/comments?post=10328"}],"wp:featuredmedia":[{"embeddable":true,"href":"https:\/\/www.agriculture-machine.com\/pt\/wp-json\/wp\/v2\/media\/10330"}],"wp:attachment":[{"href":"https:\/\/www.agriculture-machine.com\/pt\/wp-json\/wp\/v2\/media?parent=10328"}],"wp:term":[{"taxonomy":"post_tag","embeddable":true,"href":"https:\/\/www.agriculture-machine.com\/pt\/wp-json\/wp\/v2\/tags?post=10328"},{"taxonomy":"product-type","embeddable":true,"href":"https:\/\/www.agriculture-machine.com\/pt\/wp-json\/wp\/v2\/product-type?post=10328"}],"curies":[{"name":"wp","href":"https:\/\/api.w.org\/{rel}","templated":true}]}}