{"id":1044,"date":"2018-10-17T10:35:57","date_gmt":"2018-10-17T02:35:57","guid":{"rendered":"https:\/\/www.agriculture-machine.com\/?p=1044"},"modified":"2024-09-26T09:28:46","modified_gmt":"2024-09-26T01:28:46","slug":"reaper-binder","status":"publish","type":"product","link":"https:\/\/www.agriculture-machine.com\/pt\/reaper-binder\/","title":{"rendered":"M\u00e1quina de corte, secagem e amarra\u00e7\u00e3o de arroz e trigo"},"content":{"rendered":"<p>A m\u00e1quina de ceifar, secar e enfardar arroz e trigo combina os processos tradicionais de colheita e enfardamento em uma s\u00f3, com velocidade e precis\u00e3o surpreendentes nas opera\u00e7\u00f5es de campo, at\u00e9 3 acres por hora de efici\u00eancia de colheita.<\/p>    <p>It accurately recognizes crop boundaries and automatically adjusts cutting width and bale tightness to ensure that every bale is optimized, reducing losses by up to 20% or more. Whether it&#8217;s a vast wheat field or an intricate crop field, this machine is suitable for both.<\/p>    <figure class=\"wp-block-embed aligncenter is-type-video is-provider-youtube wp-block-embed-youtube wp-embed-aspect-16-9 wp-has-aspect-ratio\"><div class=\"wp-block-embed__wrapper\"> <iframe loading=\"lazy\" title=\"M\u00e1quina de ceifar, colher, enfardar e amarrar arroz e trigo\" width=\"500\" height=\"281\" src=\"https:\/\/www.youtube.com\/embed\/JbwK5OtIwqE?feature=oembed\" frameborder=\"0\" allow=\"accelerometer; autoplay; clipboard-write; encrypted-media; gyroscope; picture-in-picture; web-share\" referrerpolicy=\"strict-origin-when-cross-origin\" allowfullscreen><\/iframe> <\/div><figcaption class=\"wp-element-caption\">V\u00eddeo de funcionamento da m\u00e1quina de ceifar, secar e enfardar arroz e trigo<\/figcaption><\/figure>    <h2 class=\"wp-block-heading\"><strong><b>Tipo um<\/b><\/strong><\/h2>    <p>Esta m\u00e1quina de colheita de arroz \u00e9 apreciada pela maioria de nossos clientes, com capacidade de 1300-2000\u33a1\/h, combinada com um motor diesel de refrigera\u00e7\u00e3o a \u00e1gua de 8hp. A largura de corte \u00e9 de 900mm, e a altura de corte \u00e9 ajust\u00e1vel, mas a altura m\u00ednima de corte \u00e9 de 50mm.<\/p>    <figure class=\"wp-block-image aligncenter size-large\"><img loading=\"lazy\" decoding=\"async\" width=\"720\" height=\"540\" src=\"https:\/\/www.agriculture-machine.com\/wp-content\/uploads\/2018\/10\/harvesting-rice10-720x540.jpg\" alt=\"M\u00e1quina de ceifar, secar e enfardar arroz e trigo\" class=\"wp-image-2744\" srcset=\"https:\/\/www.agriculture-machine.com\/wp-content\/uploads\/2018\/10\/harvesting-rice10-720x540.jpg 720w, https:\/\/www.agriculture-machine.com\/wp-content\/uploads\/2018\/10\/harvesting-rice10-360x270.jpg 360w, https:\/\/www.agriculture-machine.com\/wp-content\/uploads\/2018\/10\/harvesting-rice10-240x180.jpg 240w, https:\/\/www.agriculture-machine.com\/wp-content\/uploads\/2018\/10\/harvesting-rice10-768x576.jpg 768w, https:\/\/www.agriculture-machine.com\/wp-content\/uploads\/2018\/10\/harvesting-rice10.jpg 1000w\" sizes=\"auto, (max-width: 720px) 100vw, 720px\" \/><figcaption class=\"wp-element-caption\">M\u00e1quina de ceifar, secar e enfardar arroz e trigo<\/figcaption><\/figure>    <h2 class=\"wp-block-heading\">Par\u00e2metros da m\u00e1quina de ceifar, secar e enfardar arroz e trigo<\/h2>    <figure class=\"wp-block-table is-style-stripes\"><table><tbody><tr><td>Modelo<\/td><td>Enfardadeira de ceifar e enfardar 4GK90<\/td><\/tr><tr><td>Largura de corte (mm)<\/td><td>900<\/td><\/tr><tr><td>Altura de corte m\u00ednima (mm)<\/td><td>\u226550<\/td><\/tr><tr><td>Tipo de coloca\u00e7\u00e3o<\/td><td>Dire\u00e7\u00e3o lateral &amp; coloca\u00e7\u00e3o em banda<\/td><\/tr><tr><td>Produtividade (m2\/h)<\/td><td>1300-2000<\/td><\/tr><tr><td>Pot\u00eancia compat\u00edvel<\/td><td>Motor diesel de refrigera\u00e7\u00e3o a \u00e1gua de 8hp<\/td><\/tr><tr><td>Peso l\u00edquido (kg)<\/td><td>262<\/td><\/tr><tr><td>Peso bruto (kg)<\/td><td>302<\/td><\/tr><tr><td>Tamanho da embalagem (L*W*H)(m)<\/td><td>1.4*1.4*0.8<\/td><\/tr><tr><td>20 GP<\/td><td>16 conjuntos<\/td><\/tr><tr><td>40GP<\/td><td>34 conjuntos<\/td><\/tr><\/tbody><\/table><figcaption class=\"wp-element-caption\">Dados t\u00e9cnicos da m\u00e1quina de ceifar, secar e enfardar arroz e trigo 4GK90<\/figcaption><\/figure>    <h2 class=\"wp-block-heading\">Estrutura da m\u00e1quina de colheita de arroz<\/h2>    <p>A m\u00e1quina de colheita de trigo consiste principalmente em motores, dispositivos de transporte de talos, sistemas de transmiss\u00e3o de energia, dispositivos de caminhada, unidades de corte e unidades de enfardamento.<\/p>    <h2 class=\"wp-block-heading\">Como funciona a m\u00e1quina de enfardar e ceifar?<\/h2>    <p>Quando a ceifadora de trigo funciona, primeiro os talos s\u00e3o separados por um divisor e cortados por um cortador. Depois, com a ajuda de uma corrente de transporte e guia de mola, os talos cortados s\u00e3o transportados para o dispositivo de enfardamento. Ap\u00f3s enfardados em feixes, os feixes ser\u00e3o liberados e lan\u00e7ados \u00e0 direita da dire\u00e7\u00e3o de movimento, assim a m\u00e1quina conclui o processo de ceifa e enfardamento.<\/p>    <figure class=\"wp-block-embed aligncenter is-type-video is-provider-youtube wp-block-embed-youtube wp-embed-aspect-16-9 wp-has-aspect-ratio\"><div class=\"wp-block-embed__wrapper\"> <iframe loading=\"lazy\" title=\"Mulher opera m\u00e1quina de ceifar trigo \/ colheitadeira de arroz a baixo pre\u00e7o\" width=\"500\" height=\"281\" src=\"https:\/\/www.youtube.com\/embed\/bPWeR1oB120?feature=oembed\" frameborder=\"0\" allow=\"accelerometer; autoplay; clipboard-write; encrypted-media; gyroscope; picture-in-picture; web-share\" referrerpolicy=\"strict-origin-when-cross-origin\" allowfullscreen><\/iframe> <\/div><figcaption class=\"wp-element-caption\">Local de trabalho da m\u00e1quina de ceifar e enfardar arroz e trigo<\/figcaption><\/figure>    <h2 class=\"wp-block-heading\">Vantagens da m\u00e1quina de ceifar e enfardar arroz<\/h2>    <ul class=\"wp-block-list\"> <li>O corte e o enfardamento s\u00e3o conclu\u00eddos ao mesmo tempo, reduzindo o trabalho manual e o tempo de trabalho.<\/li>    <li>Man\u00edpulo ajust\u00e1vel: para cima e para baixo 90\u00b0, em torno de 360\u00b0. Flex\u00edvel para diferentes ambientes.<\/li>    <li>A altura do restolho e o tamanho do agrupamento podem ser ajustados.<\/li>    <li>A enfardadeira de ceifar trigo est\u00e1 equipada com um sistema de viragem diferencial, flex\u00edvel para operar.<\/li>    <li>A altura baixa do restolho facilita a gest\u00e3o futura dos campos.<\/li>    <li>Estrutura compacta, leve e desempenho confi\u00e1vel facilitam o controle da colheita de trigo.<\/li>    <li>Esta m\u00e1quina de ceifar e arroz de m\u00e3o e autopropelida \u00e9 conveniente de mover.<\/li>    <li>O sistema de acionamento por eixo garante trabalho est\u00e1vel e seguro.<\/li> <\/ul>    <figure class=\"wp-block-image aligncenter size-large\"><img loading=\"lazy\" decoding=\"async\" width=\"561\" height=\"540\" src=\"https:\/\/www.agriculture-machine.com\/wp-content\/uploads\/2018\/10\/harvesting-rice12-561x540.jpg\" alt=\"Estrutura de ceifador e enfardadeira\" class=\"wp-image-2746\" srcset=\"https:\/\/www.agriculture-machine.com\/wp-content\/uploads\/2018\/10\/harvesting-rice12-561x540.jpg 561w, https:\/\/www.agriculture-machine.com\/wp-content\/uploads\/2018\/10\/harvesting-rice12-280x270.jpg 280w, https:\/\/www.agriculture-machine.com\/wp-content\/uploads\/2018\/10\/harvesting-rice12.jpg 750w\" sizes=\"auto, (max-width: 561px) 100vw, 561px\" \/><figcaption class=\"wp-element-caption\">Estrutura de ceifador e enfardadeira<\/figcaption><\/figure>    <h2 class=\"wp-block-heading\">Manuten\u00e7\u00e3o da m\u00e1quina de colheita de arroz<\/h2>    <ul class=\"wp-block-list\"> <li>O usu\u00e1rio deve limpar as ervas daninhas residuais.<\/li>    <li>Verifique se as pe\u00e7as de fixa\u00e7\u00e3o e conex\u00e3o est\u00e3o soltas.<\/li>    <li>Adicione lubrificante oportunamente no motor e no dispositivo de enfardamento.<\/li>    <li>Verifique se as pe\u00e7as de fixa\u00e7\u00e3o e conex\u00e3o est\u00e3o soltas.<\/li> <\/ul>    <h2 class=\"wp-block-heading\">Casos de sucesso<\/h2>    <p>Este ano vendemos 100 conjuntos de m\u00e1quinas de ceifar, secar e enfardar arroz e trigo para o Paquist\u00e3o, e esta \u00e9 apenas a primeira coopera\u00e7\u00e3o entre nossos clientes e n\u00f3s. Por que ele confia em n\u00f3s? Acredito que habilidades profissionais em rela\u00e7\u00e3o aos produtos, uma atitude sincera e um servi\u00e7o p\u00f3s-venda perfeito s\u00e3o fatores importantes.<\/p>    <figure class=\"wp-block-gallery has-nested-images columns-2 is-cropped wp-block-gallery-2 is-layout-flex wp-block-gallery-is-layout-flex\"> <figure class=\"wp-block-image size-large\"><img loading=\"lazy\" decoding=\"async\" width=\"720\" height=\"540\" data-id=\"2742\" src=\"https:\/\/www.agriculture-machine.com\/wp-content\/uploads\/2018\/10\/harvesting-rice08-720x540.jpg\" alt=\"Enfardadeira de campo\" class=\"wp-image-2742\" srcset=\"https:\/\/www.agriculture-machine.com\/wp-content\/uploads\/2018\/10\/harvesting-rice08-720x540.jpg 720w, https:\/\/www.agriculture-machine.com\/wp-content\/uploads\/2018\/10\/harvesting-rice08-360x270.jpg 360w, https:\/\/www.agriculture-machine.com\/wp-content\/uploads\/2018\/10\/harvesting-rice08-240x180.jpg 240w, https:\/\/www.agriculture-machine.com\/wp-content\/uploads\/2018\/10\/harvesting-rice08-768x576.jpg 768w, https:\/\/www.agriculture-machine.com\/wp-content\/uploads\/2018\/10\/harvesting-rice08.jpg 1000w\" sizes=\"auto, (max-width: 720px) 100vw, 720px\" \/><figcaption class=\"wp-element-caption\">Enfardadeira de campo<\/figcaption><\/figure>    <figure class=\"wp-block-image size-large\"><img loading=\"lazy\" decoding=\"async\" width=\"720\" height=\"540\" data-id=\"2741\" src=\"https:\/\/www.agriculture-machine.com\/wp-content\/uploads\/2018\/10\/harvesting-rice07-720x540.jpg\" alt=\"Enfardadeira de gr\u00e3os\" class=\"wp-image-2741\" srcset=\"https:\/\/www.agriculture-machine.com\/wp-content\/uploads\/2018\/10\/harvesting-rice07-720x540.jpg 720w, https:\/\/www.agriculture-machine.com\/wp-content\/uploads\/2018\/10\/harvesting-rice07-360x270.jpg 360w, https:\/\/www.agriculture-machine.com\/wp-content\/uploads\/2018\/10\/harvesting-rice07-240x180.jpg 240w, https:\/\/www.agriculture-machine.com\/wp-content\/uploads\/2018\/10\/harvesting-rice07-768x576.jpg 768w, https:\/\/www.agriculture-machine.com\/wp-content\/uploads\/2018\/10\/harvesting-rice07.jpg 1000w\" sizes=\"auto, (max-width: 720px) 100vw, 720px\" \/><figcaption class=\"wp-element-caption\">Enfardadeira de gr\u00e3os<\/figcaption><\/figure> <\/figure>    <figure class=\"wp-block-gallery has-nested-images columns-2 is-cropped wp-block-gallery-3 is-layout-flex wp-block-gallery-is-layout-flex\"> <figure class=\"wp-block-image size-large\"><img loading=\"lazy\" decoding=\"async\" width=\"405\" height=\"540\" data-id=\"2736\" src=\"https:\/\/www.agriculture-machine.com\/wp-content\/uploads\/2018\/10\/harvesting-rice02-405x540.jpg\" alt=\"m\u00e1quinas agr\u00edcolas\" class=\"wp-image-2736\" srcset=\"https:\/\/www.agriculture-machine.com\/wp-content\/uploads\/2018\/10\/harvesting-rice02-405x540.jpg 405w, https:\/\/www.agriculture-machine.com\/wp-content\/uploads\/2018\/10\/harvesting-rice02-203x270.jpg 203w, https:\/\/www.agriculture-machine.com\/wp-content\/uploads\/2018\/10\/harvesting-rice02-768x1024.jpg 768w, https:\/\/www.agriculture-machine.com\/wp-content\/uploads\/2018\/10\/harvesting-rice02.jpg 1000w\" sizes=\"auto, (max-width: 405px) 100vw, 405px\" \/><figcaption class=\"wp-element-caption\">m\u00e1quinas agr\u00edcolas<\/figcaption><\/figure>    <figure class=\"wp-block-image size-large\"><img loading=\"lazy\" decoding=\"async\" width=\"405\" height=\"540\" data-id=\"2739\" src=\"https:\/\/www.agriculture-machine.com\/wp-content\/uploads\/2018\/10\/harvesting-rice05-405x540.jpg\" alt=\"Enfardadeira de trigo\" class=\"wp-image-2739\" srcset=\"https:\/\/www.agriculture-machine.com\/wp-content\/uploads\/2018\/10\/harvesting-rice05-405x540.jpg 405w, https:\/\/www.agriculture-machine.com\/wp-content\/uploads\/2018\/10\/harvesting-rice05-203x270.jpg 203w, https:\/\/www.agriculture-machine.com\/wp-content\/uploads\/2018\/10\/harvesting-rice05-768x1024.jpg 768w, https:\/\/www.agriculture-machine.com\/wp-content\/uploads\/2018\/10\/harvesting-rice05.jpg 1000w\" sizes=\"auto, (max-width: 405px) 100vw, 405px\" \/><figcaption class=\"wp-element-caption\">Enfardadeira de trigo<\/figcaption><\/figure> <\/figure>    <h2 class=\"wp-block-heading\">Tipo dois<\/h2>    <p>Esta m\u00e1quina de ceifar, secar e enfardar arroz e trigo \u00e9 composta por um acelerador, rodas, correia transportadora, l\u00e2minas, motor, correia e recipiente para trigo, e combina com um motor a gasolina. Tem uma capacidade de 0,32-0,41 acres\/h, possuindo as mesmas fun\u00e7\u00f5es do primeiro tipo, mas \u00e9 mais leve.<\/p>    <figure class=\"wp-block-image\"><img decoding=\"async\" src=\"https:\/\/www.agriculture-machine.com\/wp-content\/uploads\/2018\/10\/IMG_20190314_164752.jpg\" alt=\"Equipamento de colheita de arroz\" class=\"wp-image-3196\"\/><figcaption class=\"wp-element-caption\">Equipamento de colheita de arroz<\/figcaption><\/figure>    <p>Importante, o elevador de gr\u00e3os suporta as culturas, o que permite que as culturas colhidas fiquem organizadas. A correia transportadora e as rodas estrela transportam as culturas para um lado ap\u00f3s o corte. Quando a m\u00e1quina est\u00e1 em funcionamento, primeiro voc\u00ea deve abrir o amortecedor, depois abrir a v\u00e1lvula de partida.<\/p>    <figure class=\"wp-block-image aligncenter\"><img loading=\"lazy\" decoding=\"async\" width=\"750\" height=\"750\" src=\"https:\/\/www.agriculture-machine.com\/wp-content\/uploads\/2018\/10\/03.jpg\" alt=\"Estrutura de ceifador agr\u00edcola\" class=\"wp-image-3192\" srcset=\"https:\/\/www.agriculture-machine.com\/wp-content\/uploads\/2018\/10\/03.jpg 750w, https:\/\/www.agriculture-machine.com\/wp-content\/uploads\/2018\/10\/03-270x270.jpg 270w, https:\/\/www.agriculture-machine.com\/wp-content\/uploads\/2018\/10\/03-540x540.jpg 540w\" sizes=\"auto, (max-width: 750px) 100vw, 750px\" \/><figcaption class=\"wp-element-caption\">Estrutura de ceifador agr\u00edcola<\/figcaption><\/figure>    <figure class=\"wp-block-image aligncenter\"><img decoding=\"async\" src=\"https:\/\/www.agriculture-machine.com\/wp-content\/uploads\/2018\/10\/IMG_20190314_165837.jpg\" alt=\"Enfardadeira de colheita de culturas\" class=\"wp-image-3199\"\/><figcaption class=\"wp-element-caption\">Enfardadeira de colheita de culturas<\/figcaption><\/figure>    <h2 class=\"wp-block-heading\">Par\u00e2metros t\u00e9cnicos da m\u00e1quina de colheita de trigo<\/h2>    <figure class=\"wp-block-table is-style-stripes\"><table><tbody><tr><td>Modelo<\/td><td>TZY-90<\/td><\/tr><tr><td>Capacidade<\/td><td>0,32-0,41 acres\/h<\/td><\/tr><tr><td>Pot\u00eancia<\/td><td>Motor a gasolina<\/td><\/tr><tr><td>Altura de corte<\/td><td>50-100mm<\/td><\/tr><tr><td>Largura de corte<\/td><td>900mm<\/td><\/tr><tr><td>Tamanho (L*W*H)<\/td><td>1800*1000*1100mm<\/td><\/tr><tr><td>Peso<\/td><td>75kg<\/td><\/tr><tr><td>20GP<\/td><td>55 conjuntos<\/td><\/tr><\/tbody><\/table><figcaption class=\"wp-element-caption\">Dados t\u00e9cnicos da m\u00e1quina de ceifar, secar e enfardar arroz e trigo TZY-90<\/figcaption><\/figure>    <h2 class=\"wp-block-heading\">Vantagens da m\u00e1quina de enfardar de arroz<\/h2>    <ul class=\"wp-block-list\"> <li>Alta adaptabilidade. A m\u00e1quina de ceifar, secar e enfardar arroz e trigo \u00e9 aplicada a diferentes campos, como colinas e plan\u00edcies.<\/li>    <li>Uma pessoa pode concluir todos os processos.<\/li>    <li>A grande roda permite que ela caminhe mesmo em campo lamacento.<\/li>    <li>Um recipiente amarelo para arroz que parece uma estrela pode colocar trigo ao lado do ceifador de arroz.<\/li>    <li>A m\u00e1quina de ceifar arroz e trigo pode ser usada em arroz, millet, trigo, soja, palha, e assim por diante, com v\u00e1rias fun\u00e7\u00f5es. <\/li>    <li>A m\u00e1quina de ceifar, secar e enfardar arroz e trigo possui tr\u00eas marchas de trabalho: avan\u00e7o, r\u00e9 e parada, e \u00e9 f\u00e1cil de operar.<\/li>    <li>A manopla esquerda possui um interruptor de controle de velocidade que pode ajustar a velocidade de trabalho da m\u00e1quina.<\/li>    <li>Pode ser amplamente aplicada a campos grandes, m\u00e9dios e pequenos, especialmente em terrenos lamacentos.<\/li> <\/ul>    <figure class=\"wp-block-gallery has-nested-images columns-default is-cropped wp-block-gallery-4 is-layout-flex wp-block-gallery-is-layout-flex\"> <figure class=\"wp-block-image size-large\"><img loading=\"lazy\" decoding=\"async\" width=\"540\" height=\"540\" data-id=\"3191\" src=\"https:\/\/www.agriculture-machine.com\/wp-content\/uploads\/2018\/10\/02-540x540.jpg\" alt=\"colheitadeira de arroz\" class=\"wp-image-3191\" srcset=\"https:\/\/www.agriculture-machine.com\/wp-content\/uploads\/2018\/10\/02-540x540.jpg 540w, https:\/\/www.agriculture-machine.com\/wp-content\/uploads\/2018\/10\/02-270x270.jpg 270w, https:\/\/www.agriculture-machine.com\/wp-content\/uploads\/2018\/10\/02.jpg 750w\" sizes=\"auto, (max-width: 540px) 100vw, 540px\" \/><figcaption class=\"wp-element-caption\">colheitadeira de arroz<\/figcaption><\/figure>    <figure class=\"wp-block-image size-large\"><img loading=\"lazy\" decoding=\"async\" width=\"592\" height=\"540\" data-id=\"3194\" src=\"https:\/\/www.agriculture-machine.com\/wp-content\/uploads\/2018\/10\/CMRZI60KOBGCONEIG9W-592x540.jpg\" alt=\"Detalhes da m\u00e1quina\" class=\"wp-image-3194\" srcset=\"https:\/\/www.agriculture-machine.com\/wp-content\/uploads\/2018\/10\/CMRZI60KOBGCONEIG9W-592x540.jpg 592w, https:\/\/www.agriculture-machine.com\/wp-content\/uploads\/2018\/10\/CMRZI60KOBGCONEIG9W-296x270.jpg 296w, https:\/\/www.agriculture-machine.com\/wp-content\/uploads\/2018\/10\/CMRZI60KOBGCONEIG9W.jpg 750w\" sizes=\"auto, (max-width: 592px) 100vw, 592px\" \/><figcaption class=\"wp-element-caption\">Detalhes da m\u00e1quina<\/figcaption><\/figure> <\/figure>    <h2 class=\"wp-block-heading\">Entrega em massa de enfardadeiras de tratores<\/h2>    <p>O cliente da Ar\u00e1bia Saudita visitou nossa f\u00e1brica sob a orienta\u00e7\u00e3o do nosso gerente. Ap\u00f3s experimentar as m\u00e1quinas e discutir com os t\u00e9cnicos, ele finalmente decidiu comprar 16 conjuntos. Abaixo, a foto do vendedor no escrit\u00f3rio, empenhados em oferecer o melhor servi\u00e7o.<\/p>    <figure class=\"wp-block-image aligncenter\"><img decoding=\"async\" src=\"https:\/\/www.agriculture-machine.com\/wp-content\/uploads\/2018\/10\/IMG_20190314_170210.jpg\" alt=\"Enfardadeira de ceifar cevada mec\u00e2nica\" class=\"wp-image-3200\"\/><figcaption class=\"wp-element-caption\">Enfardadeira de ceifar cevada mec\u00e2nica<\/figcaption><\/figure>    <figure class=\"wp-block-image aligncenter\"><img decoding=\"async\" src=\"https:\/\/www.agriculture-machine.com\/wp-content\/uploads\/2018\/10\/IMG_20190314_184617.jpg\" alt=\"Visita de cliente\" class=\"wp-image-3202\"\/><figcaption class=\"wp-element-caption\">Visita de cliente<\/figcaption><\/figure>    <p class=\"translation-block\">Al\u00e9m disso, se desejar fazer a colheita de milho, pode usar nossa <a href=\"https:\/\/www.agriculture-machine.com\/pt\/corn-maize-harvester-machine\/\"><strong><em>colheitadeira de milho<\/em><\/strong><\/a>. Pode usar nossa <a href=\"https:\/\/www.agriculture-machine.com\/pt\/multifunctional-thresher-for-maize-beans-sorghum-millet\/\"><strong><em>moega de milho e trigo<\/em><\/strong><\/a>, que \u00e9 mais conveniente para os agricultores obterem gr\u00e3os de trigo e milho.<\/p>    <h2 class=\"wp-block-heading\">Perguntas frequentes sobre m\u00e1quinas de colheita de arroz<\/h2>    <h3 class=\"wp-block-heading\"><strong>Tipo um<\/strong><\/h3>   <div id=\"rank-math-faq\" class=\"rank-math-block\"> <div class=\"rank-math-list\"> <div id=\"faq-question-1724815881356\" class=\"rank-math-list-item\"> <h3 class=\"rank-math-question\">Para qual pa\u00eds voc\u00ea j\u00e1 exportou antes?<\/h3> <div class=\"rank-math-answer\">  <p>\u00cdndia, Filipinas, Austr\u00e1lia, Reino Unido, Paquist\u00e3o, Canad\u00e1, Estados Unidos.<\/p>  <\/div> <\/div> <div id=\"faq-question-1724815885099\" class=\"rank-math-list-item\"> <h3 class=\"rank-math-question\">Quantos conjuntos podem ser carregados em 20 GP e 40 GP?<\/h3> <div class=\"rank-math-answer\">  <p>16 conjuntos e 34 conjuntos, respectivamente.<\/p>  <\/div> <\/div> <div id=\"faq-question-1724815893530\" class=\"rank-math-list-item\"> <h3 class=\"rank-math-question\">Qual cultura pode ser colhida?<\/h3> <div class=\"rank-math-answer\">  <p>Arroz, trigo e colza.<\/p>  <\/div> <\/div> <div id=\"faq-question-1724815901853\" class=\"rank-math-list-item\"> <h3 class=\"rank-math-question\">Os agricultores podem ajustar o di\u00e2metro da enfardadeira de arroz?<\/h3> <div class=\"rank-math-answer\">  <p>N\u00e3o, o di\u00e2metro do enfardador \u00e9 fixo.<\/p>  <\/div> <\/div> <div id=\"faq-question-1724815908603\" class=\"rank-math-list-item\"> <h3 class=\"rank-math-question\">Por que uma m\u00e1quina consegue agrupar o arroz e trigo durante a opera\u00e7\u00e3o?<\/h3> <div class=\"rank-math-answer\"> <img loading=\"lazy\" decoding=\"async\" width=\"240\" height=\"180\" src=\"https:\/\/www.agriculture-machine.com\/wp-content\/uploads\/2018\/10\/harvesting-rice09-240x180.jpg\" class=\"alignright\" alt=\"colheita de arroz 09\" \/> <p>H\u00e1 uma corda ao lado da m\u00e1quina que ir\u00e1 agrupar o arroz colhido em um enfardador, como a seguir.<\/p>  <\/div> <\/div> <div id=\"faq-question-1724815949162\" class=\"rank-math-list-item\"> <h3 class=\"rank-math-question\">A altura de corte e a largura de corte s\u00e3o ajust\u00e1veis?<\/h3> <div class=\"rank-math-answer\">  <p>A altura de corte \u00e9 ajust\u00e1vel e n\u00e3o pode ser inferior a 50mm, mas a largura de corte deve ser de 900mm.<\/p>  <\/div> <\/div> <\/div> <\/div>   <h3 class=\"wp-block-heading\"><strong>Tipo dois<\/strong><\/h3>   <div id=\"rank-math-faq\" class=\"rank-math-block\"> <div class=\"rank-math-list\"> <div id=\"faq-question-1724816049983\" class=\"rank-math-list-item\"> <h3 class=\"rank-math-question\">A altura de corte e a largura de corte s\u00e3o ajust\u00e1veis?<\/h3> <div class=\"rank-math-answer\">  <p>N\u00e3o, nenhuma delas \u00e9 ajust\u00e1vel. No entanto, devido aos diferentes campos com diferentes alturas, a altura de corte varia entre 50-100mm.<\/p>  <\/div> <\/div> <div id=\"faq-question-1724816053020\" class=\"rank-math-list-item\"> <h3 class=\"rank-math-question\">Uma m\u00e1quina pode cortar o arroz ou trigo que caiu no ch\u00e3o?<\/h3> <div class=\"rank-math-answer\">  <p>Sim, esta m\u00e1quina de ceifar pode efetivamente colh\u00ea-los.<\/p>  <\/div> <\/div> <div id=\"faq-question-1724816066346\" class=\"rank-math-list-item\"> <h3 class=\"rank-math-question\">Quantas marchas a m\u00e1quina possui?<\/h3> <div class=\"rank-math-answer\">  <p>Possui 3 marchas: interruptor, marcha de trabalho e marcha neutra.<\/p>  <\/div> <\/div> <div id=\"faq-question-1724816074930\" class=\"rank-math-list-item\"> <h3 class=\"rank-math-question\">A altura do restolho \u00e9 ajust\u00e1vel?<\/h3> <div class=\"rank-math-answer\">  <p>N\u00e3o, n\u00e3o pode ser ajustado.<\/p>  <\/div> <\/div> <div id=\"faq-question-1724816083266\" class=\"rank-math-list-item\"> <h3 class=\"rank-math-question\">Ambas as m\u00e1quinas s\u00e3o iguais?<\/h3> <div class=\"rank-math-answer\">  <p>Em rela\u00e7\u00e3o \u00e0 fun\u00e7\u00e3o, s\u00e3o iguais (ceifar trigo e agrup\u00e1-lo), mas sua estrutura \u00e9 um pouco diferente.<\/p>  <\/div> <\/div> <\/div> <\/div>","protected":false},"excerpt":{"rendered":"<p>Nosso novo modelo de m\u00e1quina de ceifar, secar e enfardar arroz e trigo tem uma capacidade de 1300-200m2\/h, economizando tempo e energia, podendo colher uma variedade de culturas.<\/p>","protected":false},"author":1,"featured_media":3208,"parent":0,"comment_status":"closed","ping_status":"closed","template":"","tags":[2609],"product-type":[888],"class_list":["post-1044","product","type-product","status-publish","has-post-thumbnail","hentry","tag-cutter","product-type-rice-reaper"],"_links":{"self":[{"href":"https:\/\/www.agriculture-machine.com\/pt\/wp-json\/wp\/v2\/product\/1044","targetHints":{"allow":["GET"]}}],"collection":[{"href":"https:\/\/www.agriculture-machine.com\/pt\/wp-json\/wp\/v2\/product"}],"about":[{"href":"https:\/\/www.agriculture-machine.com\/pt\/wp-json\/wp\/v2\/types\/product"}],"author":[{"embeddable":true,"href":"https:\/\/www.agriculture-machine.com\/pt\/wp-json\/wp\/v2\/users\/1"}],"replies":[{"embeddable":true,"href":"https:\/\/www.agriculture-machine.com\/pt\/wp-json\/wp\/v2\/comments?post=1044"}],"wp:featuredmedia":[{"embeddable":true,"href":"https:\/\/www.agriculture-machine.com\/pt\/wp-json\/wp\/v2\/media\/3208"}],"wp:attachment":[{"href":"https:\/\/www.agriculture-machine.com\/pt\/wp-json\/wp\/v2\/media?parent=1044"}],"wp:term":[{"taxonomy":"post_tag","embeddable":true,"href":"https:\/\/www.agriculture-machine.com\/pt\/wp-json\/wp\/v2\/tags?post=1044"},{"taxonomy":"product-type","embeddable":true,"href":"https:\/\/www.agriculture-machine.com\/pt\/wp-json\/wp\/v2\/product-type?post=1044"}],"curies":[{"name":"wp","href":"https:\/\/api.w.org\/{rel}","templated":true}]}}