{"id":1054,"date":"2018-10-17T10:51:19","date_gmt":"2018-10-17T02:51:19","guid":{"rendered":"https:\/\/www.agriculture-machine.com\/?p=1054"},"modified":"2024-09-18T16:25:26","modified_gmt":"2024-09-18T08:25:26","slug":"rice-destoner-machine","status":"publish","type":"product","link":"https:\/\/www.agriculture-machine.com\/pt\/rice-destoner-machine\/","title":{"rendered":"M\u00e1quina de destonagem de trigo e arroz | m\u00e1quina de remo\u00e7\u00e3o de impurezas de pedras"},"content":{"rendered":"<p class=\"translation-block\"><strong>Destonadora de arroz <\/strong>\u00e9 principalmente usada na f\u00e1brica de processamento de cereais, separando as pedras e outras impurezas de culturas como trigo e arroz. A sua capacidade \u00e9 de 1 t\/h e a m\u00e1quina \u00e9 compat\u00edvel com motor de 2,2 kW. Na maioria dos casos, o trigo e o arroz cont\u00eam algumas pedras que n\u00e3o s\u00e3o f\u00e1ceis de remover, por isso esta m\u00e1quina destonadora de arroz resolve este problema com alta efici\u00eancia.<\/p> <p><img loading=\"lazy\" decoding=\"async\" class=\"alignnone wp-image-2715\" title=\"m\u00e1quina de remo\u00e7\u00e3o de pedras de arroz\" src=\"https:\/\/www.agriculture-machine.com\/wp-content\/uploads\/2019\/03\/rice-destoner-machine-4-2.jpg\" alt=\"m\u00e1quina de remo\u00e7\u00e3o de pedras de arroz\" width=\"611\" height=\"619\" srcset=\"https:\/\/www.agriculture-machine.com\/wp-content\/uploads\/2019\/03\/rice-destoner-machine-4-2.jpg 750w, https:\/\/www.agriculture-machine.com\/wp-content\/uploads\/2019\/03\/rice-destoner-machine-4-2-266x270.jpg 266w, https:\/\/www.agriculture-machine.com\/wp-content\/uploads\/2019\/03\/rice-destoner-machine-4-2-533x540.jpg 533w\" sizes=\"auto, (max-width: 611px) 100vw, 611px\" \/><\/p> <h2>Par\u00e2metros t\u00e9cnicos do SQ50<\/h2> <table style=\"height: 173px;\" width=\"399\"> <tbody> <tr> <td width=\"346\"><strong><b>Modelo<\/b><\/strong><\/td> <td width=\"293\">SQ50<\/td> <\/tr> <tr> <td width=\"346\">Produtividade<\/td> <td width=\"293\">1t\/h<\/td> <\/tr> <tr> <td width=\"346\">Pot\u00eancia<\/td> <td width=\"293\">Motor de 2,2kw<\/td> <\/tr> <tr> <td width=\"346\">Dimens\u00e3o<\/td> <td width=\"293\">900*610*320mm<\/td> <\/tr> <tr> <td width=\"346\">N\uff0ePeso<\/td> <td width=\"293\">86kg<\/td> <\/tr> <\/tbody> <\/table> <h2>A estrutura da destonadora de arroz<\/h2> <p>A nossa m\u00e1quina de remo\u00e7\u00e3o de pedras do trigo \u00e9 composta principalmente por uma grande sa\u00edda de pedras, uma sa\u00edda de impurezas, uma sa\u00edda de arroz limpo, uma pequena sa\u00edda de pedras e um funil de alimenta\u00e7\u00e3o de arroz.<\/p> <p><img loading=\"lazy\" decoding=\"async\" class=\"alignnone wp-image-2711\" title=\"detalhes do produto\" src=\"https:\/\/www.agriculture-machine.com\/wp-content\/uploads\/2019\/03\/rice-destoner-machine-5-1.jpg\" alt=\"detalhes do produto\" width=\"607\" height=\"617\" srcset=\"https:\/\/www.agriculture-machine.com\/wp-content\/uploads\/2019\/03\/rice-destoner-machine-5-1.jpg 750w, https:\/\/www.agriculture-machine.com\/wp-content\/uploads\/2019\/03\/rice-destoner-machine-5-1-266x270.jpg 266w, https:\/\/www.agriculture-machine.com\/wp-content\/uploads\/2019\/03\/rice-destoner-machine-5-1-531x540.jpg 531w\" sizes=\"auto, (max-width: 607px) 100vw, 607px\" \/><\/p> <h2>O princ\u00edpio de funcionamento da m\u00e1quina destonadora de arroz<\/h2> <ol> <li>O operador deita o arroz ou o trigo no funil de alimenta\u00e7\u00e3o quando a destonadora de arroz come\u00e7a a funcionar na Nig\u00e9ria<\/li> <li>motor de 2,2 kW alimenta a m\u00e1quina, pelo que a tela el\u00e9trica vibra constantemente.<\/li> <li>A pedra move-se para cima, enquanto o arroz ou o trigo correm na dire\u00e7\u00e3o oposta.<\/li> <li>Ap\u00f3s alguns minutos, arroz limpo, peda\u00e7os de pedra pequenas, grandes pedras e outras impurezas saem por sa\u00eddas diferentes.<\/li> <\/ol> <h2>A vantagem da m\u00e1quina destonadora de arroz<\/h2> <ol> <li>Alto \u00edndice de limpeza. O arroz final fica muito limpo, sem impurezas<\/li> <li>A m\u00e1quina \u00e9 est\u00e1vel durante a opera\u00e7\u00e3o.<\/li> <li>Alta capacidade. A sua capacidade \u00e9 de 1 t\/h.<\/li> <li>A m\u00e1quina \u00e9 f\u00e1cil de usar, economizando tempo e energia.<img loading=\"lazy\" decoding=\"async\" class=\"alignnone wp-image-2708\" title=\"arroz\" src=\"https:\/\/www.agriculture-machine.com\/wp-content\/uploads\/2019\/03\/rice-destoner-machine-2-1.jpg\" alt=\"arroz\" width=\"645\" height=\"430\" srcset=\"https:\/\/www.agriculture-machine.com\/wp-content\/uploads\/2019\/03\/rice-destoner-machine-2-1.jpg 750w, https:\/\/www.agriculture-machine.com\/wp-content\/uploads\/2019\/03\/rice-destoner-machine-2-1-360x240.jpg 360w, https:\/\/www.agriculture-machine.com\/wp-content\/uploads\/2019\/03\/rice-destoner-machine-2-1-720x480.jpg 720w\" sizes=\"auto, (max-width: 645px) 100vw, 645px\" \/> <img loading=\"lazy\" decoding=\"async\" class=\"alignnone wp-image-2709\" title=\"arroz\" src=\"https:\/\/www.agriculture-machine.com\/wp-content\/uploads\/2019\/03\/rice-destoner-machine-3-1.jpg\" alt=\"arroz\" width=\"645\" height=\"430\" srcset=\"https:\/\/www.agriculture-machine.com\/wp-content\/uploads\/2019\/03\/rice-destoner-machine-3-1.jpg 750w, https:\/\/www.agriculture-machine.com\/wp-content\/uploads\/2019\/03\/rice-destoner-machine-3-1-360x240.jpg 360w, https:\/\/www.agriculture-machine.com\/wp-content\/uploads\/2019\/03\/rice-destoner-machine-3-1-720x480.jpg 720w\" sizes=\"auto, (max-width: 645px) 100vw, 645px\" \/><\/li> <\/ol> <h2>A pr\u00e9-ocupa\u00e7\u00e3o da nossa m\u00e1quina<\/h2> <ol> <li>Antes de ligar a m\u00e1quina, o utilizador deve verificar a superf\u00edcie da tela e o ventilador com cuidado, se os fixadores est\u00e3o soltos ou n\u00e3o, girando a polia \u00e0 m\u00e3o. Pode ser ligada se n\u00e3o houver ru\u00eddos anormais.<\/li> <li>A inclina\u00e7\u00e3o da tela deve ficar entre 10 \u00b0 e 13 \u00b0, e inclina\u00e7\u00f5es excessivas impedir\u00e3o que as pedras se movimentem para cima. Nesta situa\u00e7\u00e3o, a velocidade de entrada na c\u00e2mara de sele\u00e7\u00e3o diminuir\u00e1, dificultando a expuls\u00e3o das pedras.<\/li> <li>Al\u00e9m disso, o arroz se desloca a uma velocidade mais alta que desencadeia o arroz final n\u00e3o limpo. Assim, a inclina\u00e7\u00e3o de funcionamento deve ser mantida dentro da faixa apropriada e ajustada de acordo com a quantidade de pedras no arroz final. Quando o arroz contiver muitas pedras, o \u00e2ngulo de inclina\u00e7\u00e3o pode ser reduzido de forma conveniente.<\/li> <li>Deve haver arroz apropriado na entrada para evitar que o arroz atinja diretamente a superf\u00edcie da tela, afetando o estado de suspens\u00e3o e a taxa de remo\u00e7\u00e3o de pedras.<\/li> <li>A varia\u00e7\u00e3o do caudal de ar da destonadora de trigo baseia-se no estado de movimento do arroz na tela e na qualidade do arroz final. Se o arroz vibra fortemente, significa que o caudal de ar \u00e9 demasiado grande; se o arroz n\u00e3o est\u00e1 solto e flutuante, significa que o caudal de ar \u00e9 demasiado baixo. Como resultado, ainda h\u00e1 pedras no arroz final, e o damper deve ser ajustado a tempo.<\/li> <li>A placa de peneira, a placa de distribui\u00e7\u00e3o de ar e a porta de entrada de ar devem manter o fluxo de ar desobstru\u00eddo. Se o orif\u00edcio da tela ficar bloqueado, pode ser limpo com uma escova de arame.<\/li> <li>O operador deve sempre verificar o n\u00famero de pedras no arroz final.<\/li> <li>A m\u00e1quina de remo\u00e7\u00e3o de pedras do arroz deve ser inspecionada regularmente, e os rolamentos devem ser limpos e reabastecidos com regularidade. O teste de inatividade deve ser realizado ap\u00f3s a inspe\u00e7\u00e3o.<\/li> <\/ol> <h2>Um caso de sucesso de m\u00e1quina destonadora de arroz<\/h2> <p>O nosso cliente da \u00c1frica do Sul encomendou 500 unidades de destonadora de arroz deste ano. Temos cooperado com ele v\u00e1rias vezes e ele trabalha para o governo local. Por isso, enfatizamos a grande import\u00e2ncia desta destonadora de trigo para o satisfazer<\/p> <p>Conclu\u00edmos todas as m\u00e1quinas em um m\u00eas e as embalamos cuidadosamente para evitar acidentes durante a entrega. At\u00e9 agora, ele recebeu as m\u00e1quinas e nos deu um bom feedback.<\/p> <p><img loading=\"lazy\" decoding=\"async\" class=\"alignnone wp-image-2717\" title=\"foto de envio 12\" src=\"https:\/\/www.agriculture-machine.com\/wp-content\/uploads\/2018\/10\/rice-destoner-machine-6.jpg\" alt=\"foto de envio 12\" width=\"645\" height=\"484\" \/><\/p> <p>Perguntas Frequentes<\/p> <ol> <li>Qual \u00e9 a mat\u00e9ria-prima da m\u00e1quina de destonagem?<\/li> <\/ol> <p>A mat\u00e9ria-prima \u00e9 arroz e trigo.<\/p> <ol start=\"2\"> <li>Qual \u00e9 o \u00edndice de limpeza<\/li> <\/ol> <p>A taxa de limpeza \u00e9 de 98%, o que significa que os gr\u00e3os finais est\u00e3o muito limpos.<\/p> <ol start=\"3\"> <li>Por que o arroz final cont\u00e9m poucas pedras?<\/li> <\/ol> <p>O volume de vento \u00e9 pequeno e deve ser ajustado a tempo.<\/p> <p><center><\/center><center><\/center><\/p>","protected":false},"excerpt":{"rendered":"<p>Rice destoner machine\u00a0is mainly used in the grain processing plant, separating the stone and other impurities from crops such as wheat, rice. Its capacity is 1t\/h and machine matches with 2.2kw motor. In most case, wheat and rice contain some stones that are not easy to remove, so this rice destoning machine solves this problem [&hellip;]<\/p>\n","protected":false},"author":1,"featured_media":1059,"parent":0,"comment_status":"closed","ping_status":"closed","template":"","tags":[2621],"product-type":[907],"class_list":["post-1054","product","type-product","status-publish","has-post-thumbnail","hentry","tag-destoner","product-type-paddy-rice-destoner"],"_links":{"self":[{"href":"https:\/\/www.agriculture-machine.com\/pt\/wp-json\/wp\/v2\/product\/1054","targetHints":{"allow":["GET"]}}],"collection":[{"href":"https:\/\/www.agriculture-machine.com\/pt\/wp-json\/wp\/v2\/product"}],"about":[{"href":"https:\/\/www.agriculture-machine.com\/pt\/wp-json\/wp\/v2\/types\/product"}],"author":[{"embeddable":true,"href":"https:\/\/www.agriculture-machine.com\/pt\/wp-json\/wp\/v2\/users\/1"}],"replies":[{"embeddable":true,"href":"https:\/\/www.agriculture-machine.com\/pt\/wp-json\/wp\/v2\/comments?post=1054"}],"wp:featuredmedia":[{"embeddable":true,"href":"https:\/\/www.agriculture-machine.com\/pt\/wp-json\/wp\/v2\/media\/1059"}],"wp:attachment":[{"href":"https:\/\/www.agriculture-machine.com\/pt\/wp-json\/wp\/v2\/media?parent=1054"}],"wp:term":[{"taxonomy":"post_tag","embeddable":true,"href":"https:\/\/www.agriculture-machine.com\/pt\/wp-json\/wp\/v2\/tags?post=1054"},{"taxonomy":"product-type","embeddable":true,"href":"https:\/\/www.agriculture-machine.com\/pt\/wp-json\/wp\/v2\/product-type?post=1054"}],"curies":[{"name":"wp","href":"https:\/\/api.w.org\/{rel}","templated":true}]}}