{"id":10553,"date":"2021-05-26T17:18:38","date_gmt":"2021-05-26T09:18:38","guid":{"rendered":"https:\/\/www.agriculture-machine.com\/?p=10553"},"modified":"2024-09-18T15:49:13","modified_gmt":"2024-09-18T07:49:13","slug":"brick-making-machine-for-sale-block-making-machine","status":"publish","type":"product","link":"https:\/\/www.agriculture-machine.com\/pt\/brick-making-machine-for-sale-block-making-machine\/","title":{"rendered":"M\u00e1quina de fazer tijolos \u00e0 venda | m\u00e1quina de fazer blocos"},"content":{"rendered":"<h2 class=\"wp-block-heading\">O que \u00e9 a m\u00e1quina de fazer tijolos?<\/h2>    <p>Como o nome indica, a m\u00e1quina de tijolos \u00e9 o equipamento mec\u00e2nico para a produ\u00e7\u00e3o de tijolos. Geralmente usa p\u00f3 de pedra, cinzas volantes, esc\u00f3ria, cascalho, areia, \u00e1gua, etc. como mat\u00e9rias-primas para produzir novos materiais de parede, como tijolos de cinza de cinzas volantes autoclavados, tijolos de areia de cinza autoclavados e produtos de concreto aerado.<\/p>    <p>A summary is as follows: the scientific ratio of raw materials&#8212;-add water and stir&#8212;- high-pressure vibration molding&#8212;-short time drying&#8212;&#8211;the finished brick<\/p>    <figure class=\"wp-block-image aligncenter size-full wp-image-10566\"><img loading=\"lazy\" decoding=\"async\" width=\"720\" height=\"540\" src=\"https:\/\/www.agriculture-machine.com\/wp-content\/uploads\/2021\/05\/bloack-making-machine.jpg\" alt=\"m\u00e1quina de fazer blocos\" class=\"wp-image-10566\" srcset=\"https:\/\/www.agriculture-machine.com\/wp-content\/uploads\/2021\/05\/bloack-making-machine.jpg 720w, https:\/\/www.agriculture-machine.com\/wp-content\/uploads\/2021\/05\/bloack-making-machine-360x270.jpg 360w, https:\/\/www.agriculture-machine.com\/wp-content\/uploads\/2021\/05\/bloack-making-machine-240x180.jpg 240w\" sizes=\"auto, (max-width: 720px) 100vw, 720px\" \/><figcaption class=\"wp-element-caption\">m\u00e1quina de fazer blocos<\/figcaption><\/figure>    <h2 class=\"wp-block-heading\">Tipos de tijolos feitos por m\u00e1quina de blocos<\/h2>    <h3 class=\"wp-block-heading\">tijolo de cimento<\/h3>    <p>composi\u00e7\u00e3o dos tijolos de cimento<\/p>    <p>Tijolo de cimento \u00e9 um termo amplo, incluindo tijolos padr\u00e3o de cimento, tijolos ocos de cimento, tijolos porosos de cimento, tijolos de bloco de cimento e tijolos de cor de cimento, etc. No entanto, o processo de produ\u00e7\u00e3o e fluxo desses tijolos s\u00e3o os mesmos. Claro, h\u00e1 diferen\u00e7as. Existem muitas mat\u00e9rias-primas para a produ\u00e7\u00e3o de tijolos de cimento. A maioria das mat\u00e9rias-primas usadas pelas f\u00e1bricas de tijolos de cimento s\u00e3o pedras, areia, cinzas volantes, esc\u00f3ria, res\u00edduos de constru\u00e7\u00e3o, cer\u00e2micas, etc. Ali\u00e1s, h\u00e1 cimento, e o cimento \u00e9 o ingrediente importante dos tijolos de cimento. Porque a moldagem dos tijolos de cimento depende principalmente do cimento como adesivo.<\/p>    <figure class=\"wp-block-gallery has-nested-images columns-2 is-cropped wp-block-gallery-2 is-layout-flex wp-block-gallery-is-layout-flex\"> <figure class=\"wp-block-image size-large\"><a href=\"https:\/\/www.agriculture-machine.com\/wp-content\/uploads\/2021\/05\/cement-bricks.jpg\"><img loading=\"lazy\" decoding=\"async\" width=\"720\" height=\"540\" data-id=\"10556\" src=\"https:\/\/www.agriculture-machine.com\/wp-content\/uploads\/2021\/05\/cement-bricks.jpg\" alt=\"tijolos de cimento\" class=\"wp-image-10556\" srcset=\"https:\/\/www.agriculture-machine.com\/wp-content\/uploads\/2021\/05\/cement-bricks.jpg 720w, https:\/\/www.agriculture-machine.com\/wp-content\/uploads\/2021\/05\/cement-bricks-360x270.jpg 360w, https:\/\/www.agriculture-machine.com\/wp-content\/uploads\/2021\/05\/cement-bricks-240x180.jpg 240w\" sizes=\"auto, (max-width: 720px) 100vw, 720px\" \/><\/a><figcaption class=\"wp-element-caption\">tijolos de cimento<\/figcaption><\/figure>    <figure class=\"wp-block-image size-large\"><a href=\"https:\/\/www.agriculture-machine.com\/wp-content\/uploads\/2021\/05\/cement-brick.jpg\"><img loading=\"lazy\" decoding=\"async\" width=\"720\" height=\"540\" data-id=\"10555\" src=\"https:\/\/www.agriculture-machine.com\/wp-content\/uploads\/2021\/05\/cement-brick.jpg\" alt=\"Tijolo de cimento\" class=\"wp-image-10555\" srcset=\"https:\/\/www.agriculture-machine.com\/wp-content\/uploads\/2021\/05\/cement-brick.jpg 720w, https:\/\/www.agriculture-machine.com\/wp-content\/uploads\/2021\/05\/cement-brick-360x270.jpg 360w, https:\/\/www.agriculture-machine.com\/wp-content\/uploads\/2021\/05\/cement-brick-240x180.jpg 240w\" sizes=\"auto, (max-width: 720px) 100vw, 720px\" \/><\/a><figcaption class=\"wp-element-caption\">Tijolo de cimento<\/figcaption><\/figure> <\/figure>    <h3 class=\"wp-block-heading\">Tijolo de argila<\/h3>    <p>Composi\u00e7\u00e3o dos tijolos de argila<\/p>    <p>Tijolos de argila s\u00e3o feitos de argila como mat\u00e9ria-prima principal, que \u00e9 misturada at\u00e9 ficar pl\u00e1stica e formada por extrus\u00e3o mec\u00e2nica. Os blocos de solo extrudados s\u00e3o chamados de tijolos verdes, que s\u00e3o enviados ao forno ap\u00f3s secagem ao ar, onde s\u00e3o calcinados a uma temperatura elevada de 900-1000\u00b0C para se tornarem tijolos. Divide-se em tijolos de argila comuns, tijolos de argila multi-cimento, tijolos de argila de mat\u00e9ria-prima e tijolos de argila de alta s\u00edlica. Possui caracter\u00edsticas de bom desempenho em altas temperaturas e boa resist\u00eancia ao calor e choque t\u00e9rmico.<\/p>    <figure class=\"wp-block-gallery has-nested-images columns-2 is-cropped wp-block-gallery-3 is-layout-flex wp-block-gallery-is-layout-flex\"> <figure class=\"wp-block-image size-large\"><a href=\"https:\/\/www.agriculture-machine.com\/wp-content\/uploads\/2021\/05\/clay-brick.jpg\"><img loading=\"lazy\" decoding=\"async\" width=\"720\" height=\"540\" data-id=\"10557\" src=\"https:\/\/www.agriculture-machine.com\/wp-content\/uploads\/2021\/05\/clay-brick.jpg\" alt=\"tijolo de argila\" class=\"wp-image-10557\" srcset=\"https:\/\/www.agriculture-machine.com\/wp-content\/uploads\/2021\/05\/clay-brick.jpg 720w, https:\/\/www.agriculture-machine.com\/wp-content\/uploads\/2021\/05\/clay-brick-360x270.jpg 360w, https:\/\/www.agriculture-machine.com\/wp-content\/uploads\/2021\/05\/clay-brick-240x180.jpg 240w\" sizes=\"auto, (max-width: 720px) 100vw, 720px\" \/><\/a><figcaption class=\"wp-element-caption\">tijolo de argila<\/figcaption><\/figure>    <figure class=\"wp-block-image size-large\"><a href=\"https:\/\/www.agriculture-machine.com\/wp-content\/uploads\/2021\/05\/clay-bricks.jpg\"><img loading=\"lazy\" decoding=\"async\" width=\"720\" height=\"540\" data-id=\"10558\" src=\"https:\/\/www.agriculture-machine.com\/wp-content\/uploads\/2021\/05\/clay-bricks.jpg\" alt=\"tijolos de argila\" class=\"wp-image-10558\" srcset=\"https:\/\/www.agriculture-machine.com\/wp-content\/uploads\/2021\/05\/clay-bricks.jpg 720w, https:\/\/www.agriculture-machine.com\/wp-content\/uploads\/2021\/05\/clay-bricks-360x270.jpg 360w, https:\/\/www.agriculture-machine.com\/wp-content\/uploads\/2021\/05\/clay-bricks-240x180.jpg 240w\" sizes=\"auto, (max-width: 720px) 100vw, 720px\" \/><\/a><figcaption class=\"wp-element-caption\">tijolos de argila<\/figcaption><\/figure> <\/figure>    <h2 class=\"wp-block-heading\">A pot\u00eancia da m\u00e1quina de fazer tijolos<\/h2>    <p>Nossa m\u00e1quina de moldar tijolos est\u00e1 dispon\u00edvel em modelos el\u00e9tricos e a diesel. Voc\u00ea pode escolher o modo de energia da m\u00e1quina de fazer tijolos de acordo com sua eletricidade. A m\u00e1quina autom\u00e1tica de fazer tijolos est\u00e1 equipada com um motor de 7,5w. A pot\u00eancia m\u00e1xima da nossa m\u00e1quina manual de fazer tijolos \u00e9 de at\u00e9 7w, podendo tamb\u00e9m ser equipada com um motor a diesel de 8 cavalos.<\/p>    <figure class=\"wp-block-gallery has-nested-images columns-2 is-cropped wp-block-gallery-4 is-layout-flex wp-block-gallery-is-layout-flex\"> <figure class=\"wp-block-image size-large\"><a href=\"https:\/\/www.agriculture-machine.com\/wp-content\/uploads\/2021\/05\/Diesel-engine-brick-machine.jpg\"><img loading=\"lazy\" decoding=\"async\" width=\"720\" height=\"540\" data-id=\"10559\" src=\"https:\/\/www.agriculture-machine.com\/wp-content\/uploads\/2021\/05\/Diesel-engine-brick-machine.jpg\" alt=\"M\u00e1quina de tijolos a diesel\" class=\"wp-image-10559\" srcset=\"https:\/\/www.agriculture-machine.com\/wp-content\/uploads\/2021\/05\/Diesel-engine-brick-machine.jpg 720w, https:\/\/www.agriculture-machine.com\/wp-content\/uploads\/2021\/05\/Diesel-engine-brick-machine-360x270.jpg 360w, https:\/\/www.agriculture-machine.com\/wp-content\/uploads\/2021\/05\/Diesel-engine-brick-machine-240x180.jpg 240w\" sizes=\"auto, (max-width: 720px) 100vw, 720px\" \/><\/a><figcaption class=\"wp-element-caption\">M\u00e1quina de tijolos a diesel<\/figcaption><\/figure>    <figure class=\"wp-block-image size-large\"><a href=\"https:\/\/www.agriculture-machine.com\/wp-content\/uploads\/2021\/05\/Motor-type-brick-machine.jpg\"><img loading=\"lazy\" decoding=\"async\" width=\"720\" height=\"540\" data-id=\"10560\" src=\"https:\/\/www.agriculture-machine.com\/wp-content\/uploads\/2021\/05\/Motor-type-brick-machine.jpg\" alt=\"M\u00e1quina de tijolos de motor\" class=\"wp-image-10560\" srcset=\"https:\/\/www.agriculture-machine.com\/wp-content\/uploads\/2021\/05\/Motor-type-brick-machine.jpg 720w, https:\/\/www.agriculture-machine.com\/wp-content\/uploads\/2021\/05\/Motor-type-brick-machine-360x270.jpg 360w, https:\/\/www.agriculture-machine.com\/wp-content\/uploads\/2021\/05\/Motor-type-brick-machine-240x180.jpg 240w\" sizes=\"auto, (max-width: 720px) 100vw, 720px\" \/><\/a><figcaption class=\"wp-element-caption\">M\u00e1quina de tijolos de motor<\/figcaption><\/figure> <\/figure>    <h2 class=\"wp-block-heading\">Tipos de nossas m\u00e1quinas de blocos<\/h2>    <p>Temos m\u00e1quinas autom\u00e1ticas e manuais de fazer blocos. Entre elas, a m\u00e1quina manual de fazer blocos possui muitos modelos para voc\u00ea escolher. Ambos os tipos de m\u00e1quinas de tijolos podem produzir tijolos de cimento e tijolos de argila.<\/p>    <figure class=\"wp-block-gallery has-nested-images columns-2 is-cropped wp-block-gallery-5 is-layout-flex wp-block-gallery-is-layout-flex\"> <figure class=\"wp-block-image size-large\"><a href=\"https:\/\/www.agriculture-machine.com\/wp-content\/uploads\/2021\/05\/DF2-45-small-brick-making-machine.jpg\"><img loading=\"lazy\" decoding=\"async\" width=\"600\" height=\"540\" data-id=\"10586\" src=\"https:\/\/www.agriculture-machine.com\/wp-content\/uploads\/2021\/05\/DF2-45-small-brick-making-machine-600x540.jpg\" alt=\"M\u00e1quina de fazer tijolos pequena DF2-45\" class=\"wp-image-10586\" srcset=\"https:\/\/www.agriculture-machine.com\/wp-content\/uploads\/2021\/05\/DF2-45-small-brick-making-machine-600x540.jpg 600w, https:\/\/www.agriculture-machine.com\/wp-content\/uploads\/2021\/05\/DF2-45-small-brick-making-machine-300x270.jpg 300w, https:\/\/www.agriculture-machine.com\/wp-content\/uploads\/2021\/05\/DF2-45-small-brick-making-machine.jpg 692w\" sizes=\"auto, (max-width: 600px) 100vw, 600px\" \/><\/a><figcaption class=\"wp-element-caption\">M\u00e1quina de fazer tijolos pequena DF2-45<\/figcaption><\/figure>    <figure class=\"wp-block-image size-large\"><a href=\"https:\/\/www.agriculture-machine.com\/wp-content\/uploads\/2021\/05\/DF3-45small-brick-making-machine.jpg\"><img loading=\"lazy\" decoding=\"async\" width=\"600\" height=\"540\" data-id=\"10587\" src=\"https:\/\/www.agriculture-machine.com\/wp-content\/uploads\/2021\/05\/DF3-45small-brick-making-machine-600x540.jpg\" alt=\"M\u00e1quina de fazer tijolos pequena DF3-45\" class=\"wp-image-10587\" srcset=\"https:\/\/www.agriculture-machine.com\/wp-content\/uploads\/2021\/05\/DF3-45small-brick-making-machine-600x540.jpg 600w, https:\/\/www.agriculture-machine.com\/wp-content\/uploads\/2021\/05\/DF3-45small-brick-making-machine-300x270.jpg 300w, https:\/\/www.agriculture-machine.com\/wp-content\/uploads\/2021\/05\/DF3-45small-brick-making-machine.jpg 692w\" sizes=\"auto, (max-width: 600px) 100vw, 600px\" \/><\/a><figcaption class=\"wp-element-caption\">M\u00e1quina de fazer tijolos pequena DF3-45<\/figcaption><\/figure>    <figure class=\"wp-block-image size-large\"><a href=\"https:\/\/www.agriculture-machine.com\/wp-content\/uploads\/2021\/05\/DF-diesel-block-making-machine.jpg\"><img loading=\"lazy\" decoding=\"async\" width=\"600\" height=\"540\" data-id=\"10589\" src=\"https:\/\/www.agriculture-machine.com\/wp-content\/uploads\/2021\/05\/DF-diesel-block-making-machine-600x540.jpg\" alt=\"M\u00e1quina de fazer blocos a diesel DF\" class=\"wp-image-10589\" srcset=\"https:\/\/www.agriculture-machine.com\/wp-content\/uploads\/2021\/05\/DF-diesel-block-making-machine-600x540.jpg 600w, https:\/\/www.agriculture-machine.com\/wp-content\/uploads\/2021\/05\/DF-diesel-block-making-machine-300x270.jpg 300w, https:\/\/www.agriculture-machine.com\/wp-content\/uploads\/2021\/05\/DF-diesel-block-making-machine.jpg 692w\" sizes=\"auto, (max-width: 600px) 100vw, 600px\" \/><\/a><figcaption class=\"wp-element-caption\">M\u00e1quina de fazer blocos a diesel DF<\/figcaption><\/figure>    <figure class=\"wp-block-image size-large\"><a href=\"https:\/\/www.agriculture-machine.com\/wp-content\/uploads\/2021\/05\/DF4-35A-block-molding-machine.jpg\"><img loading=\"lazy\" decoding=\"async\" width=\"600\" height=\"540\" data-id=\"10588\" src=\"https:\/\/www.agriculture-machine.com\/wp-content\/uploads\/2021\/05\/DF4-35A-block-molding-machine-600x540.jpg\" alt=\"M\u00e1quina de moldar blocos DF4-35A\" class=\"wp-image-10588\" srcset=\"https:\/\/www.agriculture-machine.com\/wp-content\/uploads\/2021\/05\/DF4-35A-block-molding-machine-600x540.jpg 600w, https:\/\/www.agriculture-machine.com\/wp-content\/uploads\/2021\/05\/DF4-35A-block-molding-machine-300x270.jpg 300w, https:\/\/www.agriculture-machine.com\/wp-content\/uploads\/2021\/05\/DF4-35A-block-molding-machine.jpg 692w\" sizes=\"auto, (max-width: 600px) 100vw, 600px\" \/><\/a><figcaption class=\"wp-element-caption\">M\u00e1quina de moldar blocos DF4-35A<\/figcaption><\/figure> <\/figure>    <h2 class=\"wp-block-heading\">Qual \u00e9 o processo de fabrica\u00e7\u00e3o de tijolos?<\/h2>    <p>Todos os materiais - mistura - moldagem - secagem (queima no forno) - produto acabado<\/p>    <h3 class=\"wp-block-heading\">Selecionar mat\u00e9rias-primas<\/h3>    <p>Talvez voc\u00ea tenha todas as mat\u00e9rias-primas mencionadas acima. Nesse momento, ser\u00e1 mais abundante e barato. Escolher mat\u00e9rias-primas ricas e pre\u00e7os baixos economizar\u00e1 uma grande parte do custo.<\/p>    <h3 class=\"wp-block-heading\">Misturar os materiais<\/h3>    <p>Ap\u00f3s selecionar as mat\u00e9rias-primas, adicione uma certa quantidade de cimento e \u00e1gua, e depois misture os materiais. Um tempo de mistura prolongado pode misturar de forma mais uniforme. A resist\u00eancia da mistura seca em 20 minutos \u00e9 15-23% maior do que em 10 minutos. O tempo de mistura \u00famida \u00e9 bom quando o material n\u00e3o aglomera. O tempo de armazenamento do material misturado \u00e9 cerca de 2 horas. Se o tempo for muito longo ou muito curto, a resist\u00eancia \u00e0 compress\u00e3o do tijolo ser\u00e1 reduzida.<\/p>    <h3 class=\"wp-block-heading\">Moldagem<\/h3>    <p>A press\u00e3o ao moldar o tijolo de cimento de argila deve ser preferencialmente de 500 kg por cent\u00edmetro quadrado. Sob essa press\u00e3o, seus produtos ter\u00e3o alta resist\u00eancia \u00e0 compress\u00e3o e boa resist\u00eancia \u00e0 \u00e1gua. A press\u00e3o muito baixa dificulta a compacta\u00e7\u00e3o.<\/p>    <h3 class=\"wp-block-heading\">condi\u00e7\u00f5es de cura<\/h3>    <p>Os tijolos de cimento de argila s\u00e3o geralmente protegidos por energia solar. A intensidade da cura natural durante 7 dias \u00e9 equivalente a 67 a 90% da intensidade de 28 dias. Portanto, se o local de cura for pequeno, os tijolos de cimento de argila podem sair da f\u00e1brica ap\u00f3s 7 dias de cura natural.<\/p>    <h2 class=\"wp-block-heading\">Quais s\u00e3o os tipos de tijolos?<\/h2>    <p>Os tipos atuais de tijolos incluem blocos pequenos de concreto de agregado leve, tijolos comuns sinterizados, tijolos porosos sinterizados, tijolos de areia-cal de autoclave, tijolos de cinzas volantes, blocos de concreto pequenos, tijolos ocos e blocos de concreto celular autoclavado. Todos os tipos de tijolos acima podem ser feitos por nossa m\u00e1quina de fazer tijolos.<\/p>    <figure class=\"wp-block-image aligncenter size-full wp-image-10564\"><img loading=\"lazy\" decoding=\"async\" width=\"720\" height=\"540\" src=\"https:\/\/www.agriculture-machine.com\/wp-content\/uploads\/2021\/05\/types-of-brick.jpg\" alt=\"tipos de tijolos\" class=\"wp-image-10564\" srcset=\"https:\/\/www.agriculture-machine.com\/wp-content\/uploads\/2021\/05\/types-of-brick.jpg 720w, https:\/\/www.agriculture-machine.com\/wp-content\/uploads\/2021\/05\/types-of-brick-360x270.jpg 360w, https:\/\/www.agriculture-machine.com\/wp-content\/uploads\/2021\/05\/types-of-brick-240x180.jpg 240w\" sizes=\"auto, (max-width: 720px) 100vw, 720px\" \/><figcaption class=\"wp-element-caption\">tipos de tijolos<\/figcaption><\/figure>    <h2 class=\"wp-block-heading\">Equipamentos compat\u00edveis com a m\u00e1quina de tijolos<\/h2>    <h3 class=\"wp-block-heading\">Misturador pequeno<\/h3>    <p>Compre nossa m\u00e1quina de fazer tijolos, voc\u00ea tamb\u00e9m pode equipar um misturador pequeno. Porque os tijolos sempre requerem muitas mat\u00e9rias-primas para serem misturadas. O efeito de mistura da m\u00e1quina \u00e9 mais uniforme do que a mistura manual, garantindo que os tijolos produzidos tenham cor uniforme e alta qualidade. Ser\u00e1 vendido a um bom pre\u00e7o.<\/p>    <h2 class=\"wp-block-heading\">Qual \u00e9 o pre\u00e7o da m\u00e1quina de fazer tijolos?<\/h2>    <p>Como mencionado acima, temos muitos tipos de m\u00e1quinas de tijolos. O mais popular \u00e9 a m\u00e1quina de blocos manual. \u00c9 simples de operar e altamente eficiente, podendo produzir de 8000 a 10000 tijolos por hora. Voc\u00ea pode nos contactar se precisar de uma m\u00e1quina de tijolos. Vamos apresentar uma m\u00e1quina de tijolos precisa para voc\u00ea.<\/p>    <figure class=\"wp-block-image aligncenter size-full wp-image-10561\"><img loading=\"lazy\" decoding=\"async\" width=\"720\" height=\"540\" src=\"https:\/\/www.agriculture-machine.com\/wp-content\/uploads\/2021\/05\/block-making-machine.jpg\" alt=\"m\u00e1quina de fazer blocos\" class=\"wp-image-10561\" srcset=\"https:\/\/www.agriculture-machine.com\/wp-content\/uploads\/2021\/05\/block-making-machine.jpg 720w, https:\/\/www.agriculture-machine.com\/wp-content\/uploads\/2021\/05\/block-making-machine-360x270.jpg 360w, https:\/\/www.agriculture-machine.com\/wp-content\/uploads\/2021\/05\/block-making-machine-240x180.jpg 240w\" sizes=\"auto, (max-width: 720px) 100vw, 720px\" \/><figcaption class=\"wp-element-caption\">m\u00e1quina de fazer blocos<\/figcaption><\/figure>    <h2 class=\"wp-block-heading\">Par\u00e2metros t\u00e9cnicos<\/h2>    <figure class=\"wp-block-table\"><table><tbody><tr><td>Modelo<\/td><td>DF2-45<\/td><td>DF3-45<\/td><td>DF-diesel<\/td><td>DF4-35A<\/td><\/tr><tr><td>Equipado com pot\u00eancia<\/td><td>1,1kw<\/td><td>1,1kw<\/td><td>8P<\/td><td>4,8kw<\/td><\/tr><tr><td>Tempo de moldagem<\/td><td>45s<\/td><td>45s<\/td><td>45s<\/td><td>35s<\/td><\/tr><tr><td rowspan=\"2\">Velocidade de fabrica\u00e7\u00e3o de tijolos<\/td><td>3600pcs\u00a0 240*53*110mm (Tijolo padr\u00e3o)<\/td><td>8000pcs\u00a0 240*53*115mm (Tijolo padr\u00e3o)<\/td><td>3600pcs\u00a0 240*53*110mm (Tijolo padr\u00e3o)<\/td><td>15000pcs\u00a0 240*53*110mm (Tijolo padr\u00e3o)<\/td><\/tr><tr><td>600pcs\u00a0 390*190*190mm (Tijolo oco)<\/td><td>1000pcs\u00a0 390*190*190mm (Tijolo oco)<\/td><td>600pcs\u00a0 390*190*190mm (Tijolo oco)<\/td><td>2400pcs\u00a0 390*190*190mm (Tijolo oco)<\/td><\/tr><tr><td>Tamanho da m\u00e1quina<\/td><td>900*700*1100mm<\/td><td>1100*1050*1300mm<\/td><td>1900*1000*1550mm<\/td><td>1250*1350*1550mm<\/td><\/tr><tr><td>Peso da m\u00e1quina<\/td><td>200kg<\/td><td>300kg<\/td><td>250kg<\/td><td>750kg<\/td><\/tr><tr><td>N\u00famero de operadores<\/td><td>1-2<\/td><td>1-2<\/td><td>1-2<\/td><td>1-2<\/td><\/tr><\/tbody><\/table><figcaption class=\"wp-element-caption\">Dados t\u00e9cnicos da m\u00e1quina de moldar tijolos<\/figcaption><\/figure>    <p>Se estiver interessado em nossas m\u00e1quinas, sinta-se \u00e0 vontade para nos contactar a qualquer momento, fornecemos informa\u00e7\u00f5es mais detalhadas e or\u00e7amentos, aguardamos colaborar com voc\u00ea.<\/p>","protected":false},"excerpt":{"rendered":"<p>Mostrou muitos tipos de m\u00e1quinas de fazer tijolos. Tamb\u00e9m mostrou os tipos de tijolos, o processo de fabrica\u00e7\u00e3o. Obtenha mais detalhes sobre a m\u00e1quina de tijolos.<\/p>","protected":false},"author":1,"featured_media":10567,"parent":0,"comment_status":"closed","ping_status":"closed","template":"","tags":[2608],"product-type":[1],"class_list":["post-10553","product","type-product","status-publish","has-post-thumbnail","hentry","tag-brick","product-type-other"],"_links":{"self":[{"href":"https:\/\/www.agriculture-machine.com\/pt\/wp-json\/wp\/v2\/product\/10553","targetHints":{"allow":["GET"]}}],"collection":[{"href":"https:\/\/www.agriculture-machine.com\/pt\/wp-json\/wp\/v2\/product"}],"about":[{"href":"https:\/\/www.agriculture-machine.com\/pt\/wp-json\/wp\/v2\/types\/product"}],"author":[{"embeddable":true,"href":"https:\/\/www.agriculture-machine.com\/pt\/wp-json\/wp\/v2\/users\/1"}],"replies":[{"embeddable":true,"href":"https:\/\/www.agriculture-machine.com\/pt\/wp-json\/wp\/v2\/comments?post=10553"}],"wp:featuredmedia":[{"embeddable":true,"href":"https:\/\/www.agriculture-machine.com\/pt\/wp-json\/wp\/v2\/media\/10567"}],"wp:attachment":[{"href":"https:\/\/www.agriculture-machine.com\/pt\/wp-json\/wp\/v2\/media?parent=10553"}],"wp:term":[{"taxonomy":"post_tag","embeddable":true,"href":"https:\/\/www.agriculture-machine.com\/pt\/wp-json\/wp\/v2\/tags?post=10553"},{"taxonomy":"product-type","embeddable":true,"href":"https:\/\/www.agriculture-machine.com\/pt\/wp-json\/wp\/v2\/product-type?post=10553"}],"curies":[{"name":"wp","href":"https:\/\/api.w.org\/{rel}","templated":true}]}}