{"id":10611,"date":"2021-06-04T15:46:59","date_gmt":"2021-06-04T07:46:59","guid":{"rendered":"https:\/\/www.agriculture-machine.com\/?p=10611"},"modified":"2024-10-24T14:11:33","modified_gmt":"2024-10-24T06:11:33","slug":"small-rice-destoner-blowing-gravity-destoner-machine","status":"publish","type":"product","link":"https:\/\/www.agriculture-machine.com\/pt\/small-rice-destoner-blowing-gravity-destoner-machine\/","title":{"rendered":"Pequena destonadora de arroz | m\u00e1quina de destonagem por gravidade com sopro"},"content":{"rendered":"<p class=\"translation-block\">Esta \u00e9 uma m\u00e1quina de destonagem de arroz pequena. Seu princ\u00edpio de funcionamento \u00e9 usar diferentes gravidades e, em seguida, soprar as impurezas com um ventilador, por isso esta m\u00e1quina tamb\u00e9m \u00e9 chamada de m\u00e1quina de destonagem de arroz por sopro e gravidade. Ao contr\u00e1rio de <a href=\"https:\/\/www.agriculture-machine.com\/pt\/rice-destoner-machine\/\">outras m\u00e1quinas de remo\u00e7\u00e3o de pedra<\/a>, esta m\u00e1quina tem uma estrutura pequena e \u00e9 muito conveniente de usar.<\/p>    <h2 class=\"wp-block-heading\">Teste de m\u00e1quina de destonagem de arroz mini e barato<\/h2>    <figure class=\"wp-block-embed aligncenter is-type-video is-provider-youtube wp-block-embed-youtube wp-embed-aspect-16-9 wp-has-aspect-ratio\"><div class=\"wp-block-embed__wrapper\"> <iframe loading=\"lazy\" title=\"m\u00e1quina de destonagem de arroz mais recente | M\u00e1quina de despelar mini com capacidade de 400-2000kg\/h\" width=\"500\" height=\"281\" src=\"https:\/\/www.youtube.com\/embed\/dK00e-AiYC8?feature=oembed\" frameborder=\"0\" allow=\"accelerometer; autoplay; clipboard-write; encrypted-media; gyroscope; picture-in-picture; web-share\" referrerpolicy=\"strict-origin-when-cross-origin\" allowfullscreen><\/iframe> <\/div><figcaption class=\"wp-element-caption\">v\u00eddeo de funcionamento do pequeno destonador de arroz<\/figcaption><\/figure>    <h2 class=\"wp-block-heading\">Fun\u00e7\u00f5es da m\u00e1quina de destonagem<\/h2>    <p>A fun\u00e7\u00e3o da m\u00e1quina de destonagem \u00e9 limpar as impurezas, poeira, pedras e outras impurezas no gr\u00e3o. Continuamos a atualizar os modelos de m\u00e1quinas de destonagem, e atualmente temos quatro diferentes m\u00e1quinas de remo\u00e7\u00e3o de pedra de arroz. <\/p>    <p>A capacidade varia de 400-2000kg\/h, e as fun\u00e7\u00f5es tamb\u00e9m est\u00e3o constantemente atualizadas. Ela pode processar arroz e tamb\u00e9m todos os tipos de gr\u00e3os para remover impurezas, como millet, trigo, arroz, soja, feij\u00e3o mungo, etc.<\/p>    <figure class=\"wp-block-image aligncenter size-full wp-image-10613\"><img loading=\"lazy\" decoding=\"async\" width=\"720\" height=\"420\" src=\"https:\/\/www.agriculture-machine.com\/wp-content\/uploads\/2021\/06\/remove-impurities-in-millet-wheat-rice-soybeans-mung-beans.jpg\" alt=\"remover impurezas em millet, trigo, arroz, soja, feij\u00e3o mungo,\" class=\"wp-image-10613\" srcset=\"https:\/\/www.agriculture-machine.com\/wp-content\/uploads\/2021\/06\/remove-impurities-in-millet-wheat-rice-soybeans-mung-beans.jpg 720w, https:\/\/www.agriculture-machine.com\/wp-content\/uploads\/2021\/06\/remove-impurities-in-millet-wheat-rice-soybeans-mung-beans-360x210.jpg 360w\" sizes=\"auto, (max-width: 720px) 100vw, 720px\" \/><figcaption class=\"wp-element-caption\">remover impurezas em millet, trigo, arroz, soja, feij\u00e3o mungo, etc.<\/figcaption><\/figure>    <h2 class=\"wp-block-heading\">Exibi\u00e7\u00e3o da estrutura<\/h2>    <p>Esta m\u00e1quina de destonagem de arroz pequena \u00e9 alimentada por um motor. Consiste numa entrada de alimenta\u00e7\u00e3o, uma sa\u00edda de impurezas, um ventilador, um interruptor, entre outros.<\/p>    <figure class=\"wp-block-gallery has-nested-images columns-2 is-cropped wp-block-gallery-2 is-layout-flex wp-block-gallery-is-layout-flex\"> <figure class=\"wp-block-image size-large\"><a href=\"https:\/\/www.agriculture-machine.com\/wp-content\/uploads\/2021\/06\/Small-rice-destoner-structure-2.jpg\"><img loading=\"lazy\" decoding=\"async\" width=\"720\" height=\"540\" data-id=\"10615\" src=\"https:\/\/www.agriculture-machine.com\/wp-content\/uploads\/2021\/06\/Small-rice-destoner-structure-2.jpg\" alt=\"Estrutura do pequeno destonador de arroz 2\" class=\"wp-image-10615\" srcset=\"https:\/\/www.agriculture-machine.com\/wp-content\/uploads\/2021\/06\/Small-rice-destoner-structure-2.jpg 720w, https:\/\/www.agriculture-machine.com\/wp-content\/uploads\/2021\/06\/Small-rice-destoner-structure-2-360x270.jpg 360w, https:\/\/www.agriculture-machine.com\/wp-content\/uploads\/2021\/06\/Small-rice-destoner-structure-2-240x180.jpg 240w\" sizes=\"auto, (max-width: 720px) 100vw, 720px\" \/><\/a><\/figure>    <figure class=\"wp-block-image size-large\"><a href=\"https:\/\/www.agriculture-machine.com\/wp-content\/uploads\/2021\/06\/Small-rice-destoner-structure-1.jpg\"><img loading=\"lazy\" decoding=\"async\" width=\"720\" height=\"540\" data-id=\"10614\" src=\"https:\/\/www.agriculture-machine.com\/wp-content\/uploads\/2021\/06\/Small-rice-destoner-structure-1.jpg\" alt=\"Estrutura do pequeno destonador de arroz 1\" class=\"wp-image-10614\" srcset=\"https:\/\/www.agriculture-machine.com\/wp-content\/uploads\/2021\/06\/Small-rice-destoner-structure-1.jpg 720w, https:\/\/www.agriculture-machine.com\/wp-content\/uploads\/2021\/06\/Small-rice-destoner-structure-1-360x270.jpg 360w, https:\/\/www.agriculture-machine.com\/wp-content\/uploads\/2021\/06\/Small-rice-destoner-structure-1-240x180.jpg 240w\" sizes=\"auto, (max-width: 720px) 100vw, 720px\" \/><\/a><\/figure> <\/figure>    <h2 class=\"wp-block-heading\">Detalhes do destonador de arroz mini<\/h2>    <figure class=\"wp-block-gallery has-nested-images columns-2 is-cropped wp-block-gallery-3 is-layout-flex wp-block-gallery-is-layout-flex\"> <figure class=\"wp-block-image size-large\"><a href=\"https:\/\/www.agriculture-machine.com\/wp-content\/uploads\/2021\/06\/stainless-steel.jpg\"><img loading=\"lazy\" decoding=\"async\" width=\"450\" height=\"278\" data-id=\"10619\" src=\"https:\/\/www.agriculture-machine.com\/wp-content\/uploads\/2021\/06\/stainless-steel.jpg\" alt=\"entrada de a\u00e7o inoxid\u00e1vel\" class=\"wp-image-10619\" srcset=\"https:\/\/www.agriculture-machine.com\/wp-content\/uploads\/2021\/06\/stainless-steel.jpg 450w, https:\/\/www.agriculture-machine.com\/wp-content\/uploads\/2021\/06\/stainless-steel-360x222.jpg 360w\" sizes=\"auto, (max-width: 450px) 100vw, 450px\" \/><\/a><\/figure>    <figure class=\"wp-block-image size-large\"><a href=\"https:\/\/www.agriculture-machine.com\/wp-content\/uploads\/2021\/06\/inlet.jpg\"><img loading=\"lazy\" decoding=\"async\" width=\"450\" height=\"278\" data-id=\"10617\" src=\"https:\/\/www.agriculture-machine.com\/wp-content\/uploads\/2021\/06\/inlet.jpg\" alt=\"entrada\" class=\"wp-image-10617\" srcset=\"https:\/\/www.agriculture-machine.com\/wp-content\/uploads\/2021\/06\/inlet.jpg 450w, https:\/\/www.agriculture-machine.com\/wp-content\/uploads\/2021\/06\/inlet-360x222.jpg 360w\" sizes=\"auto, (max-width: 450px) 100vw, 450px\" \/><\/a><\/figure>    <figure class=\"wp-block-image size-large\"><a href=\"https:\/\/www.agriculture-machine.com\/wp-content\/uploads\/2021\/06\/stainless-steel-discharge-hopper.jpg\"><img loading=\"lazy\" decoding=\"async\" width=\"450\" height=\"278\" data-id=\"10618\" src=\"https:\/\/www.agriculture-machine.com\/wp-content\/uploads\/2021\/06\/stainless-steel-discharge-hopper.jpg\" alt=\"cuba de descarga de a\u00e7o inoxid\u00e1vel\" class=\"wp-image-10618\" srcset=\"https:\/\/www.agriculture-machine.com\/wp-content\/uploads\/2021\/06\/stainless-steel-discharge-hopper.jpg 450w, https:\/\/www.agriculture-machine.com\/wp-content\/uploads\/2021\/06\/stainless-steel-discharge-hopper-360x222.jpg 360w\" sizes=\"auto, (max-width: 450px) 100vw, 450px\" \/><\/a><\/figure>    <figure class=\"wp-block-image size-large\"><a href=\"https:\/\/www.agriculture-machine.com\/wp-content\/uploads\/2021\/06\/High-precision-sieve.jpg\"><img loading=\"lazy\" decoding=\"async\" width=\"450\" height=\"278\" data-id=\"10616\" src=\"https:\/\/www.agriculture-machine.com\/wp-content\/uploads\/2021\/06\/High-precision-sieve.jpg\" alt=\"Tela de alta precis\u00e3o\" class=\"wp-image-10616\" srcset=\"https:\/\/www.agriculture-machine.com\/wp-content\/uploads\/2021\/06\/High-precision-sieve.jpg 450w, https:\/\/www.agriculture-machine.com\/wp-content\/uploads\/2021\/06\/High-precision-sieve-360x222.jpg 360w\" sizes=\"auto, (max-width: 450px) 100vw, 450px\" \/><\/a><\/figure> <\/figure>    <ol class=\"wp-block-list\"> <li>A entrada do pequeno destonador de arroz \u00e9 feita de a\u00e7o inoxid\u00e1vel, o que torna o gr\u00e3o mais seguro sem tocar na pintura.<\/li>    <li>Aprofunde a entrada de alimenta\u00e7\u00e3o, que pode colocar 40 kg de gr\u00e3os de uma s\u00f3 vez.<\/li>    <li>A cuba de descarga de a\u00e7o inoxid\u00e1vel espesso e o local de descarga tamb\u00e9m s\u00e3o feitos de a\u00e7o inoxid\u00e1vel, atendendo aos padr\u00f5es de inspe\u00e7\u00e3o sanit\u00e1ria.<\/li>    <li>Filtragem de peneira de alta precis\u00e3o, o local de descarga pode filtrar arroz quebrado, res\u00edduos, p\u00f3 de pedra e outras part\u00edculas relativamente pequenas atrav\u00e9s da peneira.<\/li> <\/ol>    <h2 class=\"wp-block-heading\">Vantagens do destonador de arroz barato e pequeno<\/h2>    <ul class=\"wp-block-list\"> <li>Economia de energia e prote\u00e7\u00e3o ambiental, fabrica\u00e7\u00e3o de precis\u00e3o, motor de cobre puro.<\/li>    <li>Estrutura simples, tamanho pequeno e baixo consumo de energia.<\/li>    <li>Ampla gama de aplica\u00e7\u00f5es: arroz, millet, trigo, soja, feij\u00e3o mungo, etc.<\/li>    <li>Usando a\u00e7o laminado a frio de alta qualidade padr\u00e3o nacional.<\/li> <\/ul>    <figure class=\"wp-block-gallery has-nested-images columns-2 is-cropped wp-block-gallery-4 is-layout-flex wp-block-gallery-is-layout-flex\"> <figure class=\"wp-block-image size-large\"><a href=\"https:\/\/www.agriculture-machine.com\/wp-content\/uploads\/2021\/06\/Small-white-rice-destoner.jpg\"><img loading=\"lazy\" decoding=\"async\" width=\"720\" height=\"540\" data-id=\"10622\" src=\"https:\/\/www.agriculture-machine.com\/wp-content\/uploads\/2021\/06\/Small-white-rice-destoner.jpg\" alt=\"Pequeno destonador de arroz branco\" class=\"wp-image-10622\" srcset=\"https:\/\/www.agriculture-machine.com\/wp-content\/uploads\/2021\/06\/Small-white-rice-destoner.jpg 720w, https:\/\/www.agriculture-machine.com\/wp-content\/uploads\/2021\/06\/Small-white-rice-destoner-360x270.jpg 360w, https:\/\/www.agriculture-machine.com\/wp-content\/uploads\/2021\/06\/Small-white-rice-destoner-240x180.jpg 240w\" sizes=\"auto, (max-width: 720px) 100vw, 720px\" \/><\/a><\/figure>    <figure class=\"wp-block-image size-large\"><a href=\"https:\/\/www.agriculture-machine.com\/wp-content\/uploads\/2021\/06\/blowing-gravity-destoner-machine.jpg\"><img loading=\"lazy\" decoding=\"async\" width=\"720\" height=\"540\" data-id=\"10621\" src=\"https:\/\/www.agriculture-machine.com\/wp-content\/uploads\/2021\/06\/blowing-gravity-destoner-machine.jpg\" alt=\"m\u00e1quina de destonagem por sopro e gravidade\" class=\"wp-image-10621\" srcset=\"https:\/\/www.agriculture-machine.com\/wp-content\/uploads\/2021\/06\/blowing-gravity-destoner-machine.jpg 720w, https:\/\/www.agriculture-machine.com\/wp-content\/uploads\/2021\/06\/blowing-gravity-destoner-machine-360x270.jpg 360w, https:\/\/www.agriculture-machine.com\/wp-content\/uploads\/2021\/06\/blowing-gravity-destoner-machine-240x180.jpg 240w\" sizes=\"auto, (max-width: 720px) 100vw, 720px\" \/><\/a><\/figure> <\/figure>    <h2 class=\"wp-block-heading\">Caso de cliente com m\u00e1quina de remo\u00e7\u00e3o de poeira de arroz<\/h2>    <p>Exportamos m\u00e1quinas de destonagem de arroz branco para Togo. O cliente trabalha com arroz branco e deseja filtrar areia fina e impurezas no arroz branco. <\/p>    <p>Este pequeno e barato destonador de arroz branco \u00e9 muito popular na \u00c1frica, e toda fam\u00edlia deve ter um para comer arroz. <\/p>    <p>Por isso, exportamos este tipo de m\u00e1quina de destonagem de arroz pequeno todos os meses com um b\u00f4nus de 1000 unidades. Nossa f\u00e1brica fabrica 2000 conjuntos de m\u00e1quinas de destonagem de arroz por sopro e gravidade todos os meses.<\/p>    <figure class=\"wp-block-gallery has-nested-images columns-2 is-cropped wp-block-gallery-5 is-layout-flex wp-block-gallery-is-layout-flex\"> <figure class=\"wp-block-image size-large\"><a href=\"https:\/\/www.agriculture-machine.com\/wp-content\/uploads\/2021\/06\/pack.jpg\"><img loading=\"lazy\" decoding=\"async\" width=\"720\" height=\"540\" data-id=\"10624\" src=\"https:\/\/www.agriculture-machine.com\/wp-content\/uploads\/2021\/06\/pack.jpg\" alt=\"embalagem\" class=\"wp-image-10624\" srcset=\"https:\/\/www.agriculture-machine.com\/wp-content\/uploads\/2021\/06\/pack.jpg 720w, https:\/\/www.agriculture-machine.com\/wp-content\/uploads\/2021\/06\/pack-360x270.jpg 360w, https:\/\/www.agriculture-machine.com\/wp-content\/uploads\/2021\/06\/pack-240x180.jpg 240w\" sizes=\"auto, (max-width: 720px) 100vw, 720px\" \/><\/a><\/figure>    <figure class=\"wp-block-image size-large\"><a href=\"https:\/\/www.agriculture-machine.com\/wp-content\/uploads\/2021\/06\/packaging.jpg\"><img loading=\"lazy\" decoding=\"async\" width=\"720\" height=\"540\" data-id=\"10625\" src=\"https:\/\/www.agriculture-machine.com\/wp-content\/uploads\/2021\/06\/packaging.jpg\" alt=\"\" class=\"wp-image-10625\" srcset=\"https:\/\/www.agriculture-machine.com\/wp-content\/uploads\/2021\/06\/packaging.jpg 720w, https:\/\/www.agriculture-machine.com\/wp-content\/uploads\/2021\/06\/packaging-360x270.jpg 360w, https:\/\/www.agriculture-machine.com\/wp-content\/uploads\/2021\/06\/packaging-240x180.jpg 240w\" sizes=\"auto, (max-width: 720px) 100vw, 720px\" \/><\/a><\/figure> <\/figure>    <h2 class=\"wp-block-heading\"><\/h2>    <h2 class=\"wp-block-heading\">Par\u00e2metros t\u00e9cnicos<\/h2>    <figure class=\"wp-block-table is-style-stripes\"><table><tbody><tr><td>Modelo<\/td><td>I<\/td><td>II<\/td><td>III<\/td><td>IV<\/td><\/tr><tr><td>Pot\u00eancia<\/td><td>250w,220v<\/td><td>370w,220v<\/td><td>&nbsp;550w,380v<\/td><td>750w,380v<\/td><\/tr><tr><td>Tamanho da m\u00e1quina<\/td><td>67*48*63cm<\/td><td>68*50*69.5cm<\/td><td>83*59*76cm<\/td><td>95*72*82cm<\/td><\/tr><tr><td>Capacidade<\/td><td>400kg\/h<\/td><td>400kg\/h<\/td><td>1000kg\/h<\/td><td>2000kg\/h<\/td><\/tr><\/tbody><\/table><figcaption class=\"wp-element-caption\">Dados t\u00e9cnicos do destonador de arroz<\/figcaption><\/figure>    <h2 class=\"wp-block-heading\">Como manter a m\u00e1quina?<\/h2>    <ol class=\"wp-block-list\"> <li><strong>Limpeza regular<\/strong>: limpar os res\u00edduos dentro da m\u00e1quina de destonagem ap\u00f3s o uso di\u00e1rio para evitar entupimentos e contamina\u00e7\u00f5es.<\/li>    <li><strong>Manuten\u00e7\u00e3o de lubrifica\u00e7\u00e3o<\/strong>: verificar e adicionar lubrificante regularmente para garantir o funcionamento suave das pe\u00e7as mec\u00e2nicas e prolongar a vida \u00fatil.<\/li>    <li><strong>Verifique a tela<\/strong>: verificar regularmente o desgaste da tela, se estiver quebrada ou entupida, substitu\u00ed-la ou limp\u00e1-la a tempo.<\/li>    <li><strong>Inspe\u00e7\u00e3o el\u00e9trica:<\/strong> verifique regularmente o motor, a fia\u00e7\u00e3o e o sistema de controle para garantir que as pe\u00e7as el\u00e9tricas sejam seguras e confi\u00e1veis.<\/li>    <li><strong>Pe\u00e7as de fixa\u00e7\u00e3o:<\/strong> Verifique e aperte regularmente todos os parafusos, porcas e outros fixadores para evitar afrouxamento que cause falhas mec\u00e2nicas.<\/li>    <li><strong>Tratamento anti-ferrugem<\/strong>: Para m\u00e1quinas que n\u00e3o s\u00e3o usadas por um longo per\u00edodo, deve-se aplicar tratamento anti-ferrugem e armazenar em ambiente seco e ventilado.<\/li> <\/ol>    <p>Our company offers many types of small rice destoner machines to meet different customers&#8217; needs. Whether you need a small home machine or a large industrial machine, we can provide you with the right solution. Feel free to contact us for more machine information and quotation, we are looking forward to cooperating with you to improve your production efficiency and rice product quality.<\/p>","protected":false},"excerpt":{"rendered":"<p>Esta \u00e9 uma m\u00e1quina de destonagem de arroz pequena. A de capacidade reduzida \u00e9 muito adequada para uso dom\u00e9stico, e a de grande capacidade pode ser usada por moinhos.<\/p>","protected":false},"author":1,"featured_media":10623,"parent":0,"comment_status":"closed","ping_status":"closed","template":"","tags":[2621],"product-type":[907,875],"class_list":["post-10611","product","type-product","status-publish","has-post-thumbnail","hentry","tag-destoner","product-type-paddy-rice-destoner","product-type-rice-mill-category"],"_links":{"self":[{"href":"https:\/\/www.agriculture-machine.com\/pt\/wp-json\/wp\/v2\/product\/10611","targetHints":{"allow":["GET"]}}],"collection":[{"href":"https:\/\/www.agriculture-machine.com\/pt\/wp-json\/wp\/v2\/product"}],"about":[{"href":"https:\/\/www.agriculture-machine.com\/pt\/wp-json\/wp\/v2\/types\/product"}],"author":[{"embeddable":true,"href":"https:\/\/www.agriculture-machine.com\/pt\/wp-json\/wp\/v2\/users\/1"}],"replies":[{"embeddable":true,"href":"https:\/\/www.agriculture-machine.com\/pt\/wp-json\/wp\/v2\/comments?post=10611"}],"wp:featuredmedia":[{"embeddable":true,"href":"https:\/\/www.agriculture-machine.com\/pt\/wp-json\/wp\/v2\/media\/10623"}],"wp:attachment":[{"href":"https:\/\/www.agriculture-machine.com\/pt\/wp-json\/wp\/v2\/media?parent=10611"}],"wp:term":[{"taxonomy":"post_tag","embeddable":true,"href":"https:\/\/www.agriculture-machine.com\/pt\/wp-json\/wp\/v2\/tags?post=10611"},{"taxonomy":"product-type","embeddable":true,"href":"https:\/\/www.agriculture-machine.com\/pt\/wp-json\/wp\/v2\/product-type?post=10611"}],"curies":[{"name":"wp","href":"https:\/\/api.w.org\/{rel}","templated":true}]}}