{"id":10672,"date":"2021-06-11T10:04:44","date_gmt":"2021-06-11T02:04:44","guid":{"rendered":"https:\/\/www.agriculture-machine.com\/?p=10672"},"modified":"2024-09-18T15:51:29","modified_gmt":"2024-09-18T07:51:29","slug":"chicken-cow-pig-horse-dung-dehydrator-manure-dehydrator","status":"publish","type":"product","link":"https:\/\/www.agriculture-machine.com\/pt\/chicken-cow-pig-horse-dung-dehydrator-manure-dehydrator\/","title":{"rendered":"Desidratador de esterco de galinha, vaca, porco, cavalo | desidratador de esterco"},"content":{"rendered":"<p>Desidratador de esterco de gado tamb\u00e9m chamado de desidratador de esterco de aves. \u00c9 usado para desidratar esterco de porco, vaca, coelho, galinha, e em fazendas de grande e m\u00e9dio porte para tratar esterco animal. Tamb\u00e9m chamado de separador s\u00f3lido-l\u00edquido por algumas pessoas, que pode separar esc\u00f3ria de alta concentra\u00e7\u00e3o e l\u00edquido em gr\u00e3os de destilaria, res\u00edduos de medicamentos, restos de comida, res\u00edduos, matadouros e engenharia de esgoto. \u00c9 um equipamento de desidrata\u00e7\u00e3o ideal.<\/p>    <div class=\"wp-block-image\"><figure class=\"aligncenter size-large\"><img loading=\"lazy\" decoding=\"async\" width=\"720\" height=\"540\" src=\"https:\/\/www.agriculture-machine.com\/wp-content\/uploads\/2021\/06\/poultry-dung-dehydrator.jpg\" alt=\"desidratador de esterco de aves\" class=\"wp-image-10676\" srcset=\"https:\/\/www.agriculture-machine.com\/wp-content\/uploads\/2021\/06\/poultry-dung-dehydrator.jpg 720w, https:\/\/www.agriculture-machine.com\/wp-content\/uploads\/2021\/06\/poultry-dung-dehydrator-360x270.jpg 360w, https:\/\/www.agriculture-machine.com\/wp-content\/uploads\/2021\/06\/poultry-dung-dehydrator-240x180.jpg 240w\" sizes=\"auto, (max-width: 720px) 100vw, 720px\" \/><figcaption>desidratador de esterco de aves<\/figcaption><\/figure><\/div>    <h2 class=\"wp-block-heading\" id=\"h-structure-composition-of-screw-extrusion-dung-dehydrator\">Composi\u00e7\u00e3o estrutural do desidratador de esterco por extrus\u00e3o de parafuso<\/h2>    <p>O separador s\u00f3lido-l\u00edquido de extrus\u00e3o de parafuso \u00e9 composto principalmente por uma unidade principal, uma bomba n\u00e3o entupidora, um arm\u00e1rio de controle, tubula\u00e7\u00f5es e outros equipamentos. O corpo principal, tela de malha, parafuso de extrus\u00e3o, motor com engrenagem, contrapeso e dispositivo de descarregamento s\u00e3o componentes.<\/p>    <div class=\"wp-block-image\"><figure class=\"aligncenter size-large\"><img loading=\"lazy\" decoding=\"async\" width=\"720\" height=\"540\" src=\"https:\/\/www.agriculture-machine.com\/wp-content\/uploads\/2021\/06\/Structure-composition-of-screw-extrusion-dehydrator.jpg\" alt=\"Composi\u00e7\u00e3o estrutural do desidratador por extrus\u00e3o de parafuso\" class=\"wp-image-10674\" srcset=\"https:\/\/www.agriculture-machine.com\/wp-content\/uploads\/2021\/06\/Structure-composition-of-screw-extrusion-dehydrator.jpg 720w, https:\/\/www.agriculture-machine.com\/wp-content\/uploads\/2021\/06\/Structure-composition-of-screw-extrusion-dehydrator-360x270.jpg 360w, https:\/\/www.agriculture-machine.com\/wp-content\/uploads\/2021\/06\/Structure-composition-of-screw-extrusion-dehydrator-240x180.jpg 240w\" sizes=\"auto, (max-width: 720px) 100vw, 720px\" \/><figcaption>Composi\u00e7\u00e3o estrutural do desidratador por extrus\u00e3o de parafuso<\/figcaption><\/figure><\/div>    <h2 class=\"wp-block-heading\" id=\"h-working-principle-of-the-manure-dehydrator\">Princ\u00edpio de funcionamento do desidratador de esterco<\/h2>    <p>A bomba de lama \u00e9 usada para enviar o esterco cru para a m\u00e1quina. A mat\u00e9ria s\u00f3lida \u00e9 separada por meio de compress\u00e3o do eixo de rosca disposto na tela. As fezes s\u00e3o filtradas e desidratadas por uma tela, e depois descarregadas pela porta de descarga. As fezes desidratadas podem ser vendidas diretamente ou transformadas em fertilizante. O l\u00edquido sai pela sa\u00edda de l\u00edquido atrav\u00e9s da tela e \u00e9 transportado para o reservat\u00f3rio, transformando res\u00edduos em riqueza.<\/p>    <p>A parte superior do equipamento \u00e9 projetada com uma porta de transbordo, e a porta de descarga pode ajustar a umidade seca do material descarregado.<\/p>    <div class=\"wp-block-image\"><figure class=\"aligncenter size-large\"><img loading=\"lazy\" decoding=\"async\" width=\"720\" height=\"518\" src=\"https:\/\/www.agriculture-machine.com\/wp-content\/uploads\/2021\/06\/working-principle-of-the-fecal-dehydrator-720x518.jpg\" alt=\"princ\u00edpio de funcionamento do desidratador de fezes\" class=\"wp-image-10677\" srcset=\"https:\/\/www.agriculture-machine.com\/wp-content\/uploads\/2021\/06\/working-principle-of-the-fecal-dehydrator-720x518.jpg 720w, https:\/\/www.agriculture-machine.com\/wp-content\/uploads\/2021\/06\/working-principle-of-the-fecal-dehydrator-360x259.jpg 360w, https:\/\/www.agriculture-machine.com\/wp-content\/uploads\/2021\/06\/working-principle-of-the-fecal-dehydrator.jpg 750w\" sizes=\"auto, (max-width: 720px) 100vw, 720px\" \/><figcaption>princ\u00edpio de funcionamento do desidratador de fezes<\/figcaption><\/figure><\/div>    <h2 class=\"wp-block-heading\" id=\"h-advantages-of-manure-dehydrator-machine\">Vantagens da m\u00e1quina de desidrata\u00e7\u00e3o de esterco<\/h2>    <ul class=\"wp-block-list\"><li>1. Parafuso de a\u00e7o inoxid\u00e1vel, todo o corpo do equipamento n\u00e3o enferruja.<\/li><li>2. Nova tampa superior de a\u00e7o inoxid\u00e1vel, f\u00e1cil de desmontar.<\/li><li>3. Engrossar o filtro, f\u00e1cil de limpar e n\u00e3o f\u00e1cil de danificar.<\/li><li>4. Motor de n\u00facleo de cobre de alta qualidade, possui baixo ru\u00eddo e alta pot\u00eancia.<\/li><li>5. Bomba de corte de esgoto, res\u00edduos podem ser bombeados sem entupir.<\/li><\/ul>    <div class=\"wp-block-image\"><figure class=\"aligncenter size-large\"><img loading=\"lazy\" decoding=\"async\" width=\"720\" height=\"540\" src=\"https:\/\/www.agriculture-machine.com\/wp-content\/uploads\/2021\/06\/solid-liquid-separator.jpg\" alt=\"separador s\u00f3lido-l\u00edquido\" class=\"wp-image-10675\" srcset=\"https:\/\/www.agriculture-machine.com\/wp-content\/uploads\/2021\/06\/solid-liquid-separator.jpg 720w, https:\/\/www.agriculture-machine.com\/wp-content\/uploads\/2021\/06\/solid-liquid-separator-360x270.jpg 360w, https:\/\/www.agriculture-machine.com\/wp-content\/uploads\/2021\/06\/solid-liquid-separator-240x180.jpg 240w\" sizes=\"auto, (max-width: 720px) 100vw, 720px\" \/><figcaption>separador s\u00f3lido-l\u00edquido<\/figcaption><\/figure><\/div>    <h2 class=\"wp-block-heading\" id=\"h-why-should-dung-be-dehydrated\">Por que o esterco deve ser desidratado?<\/h2>    <p>Ap\u00f3s usar o desidratador de fezes, o esterco de porco, pato, vaca, galinha, e outros de aves s\u00e3o separados em fertilizante l\u00edquido e s\u00f3lido. O fertilizante l\u00edquido pode ser usado diretamente na cultura e absorvido. O fertilizante s\u00f3lido pode ser transportado para \u00e1reas sem fertilizante para uso. Al\u00e9m disso, ajuda a proteger a estrutura do solo. Ao mesmo tempo, pode ser transformado em fertilizante composto ap\u00f3s fermenta\u00e7\u00e3o.<\/p>    <div class=\"wp-block-image\"><figure class=\"aligncenter size-large\"><img loading=\"lazy\" decoding=\"async\" width=\"720\" height=\"540\" src=\"https:\/\/www.agriculture-machine.com\/wp-content\/uploads\/2021\/06\/Manure-Organic-Fertilizer.jpg\" alt=\"Fertilizante Org\u00e2nico de Esterco\" class=\"wp-image-10678\" srcset=\"https:\/\/www.agriculture-machine.com\/wp-content\/uploads\/2021\/06\/Manure-Organic-Fertilizer.jpg 720w, https:\/\/www.agriculture-machine.com\/wp-content\/uploads\/2021\/06\/Manure-Organic-Fertilizer-360x270.jpg 360w, https:\/\/www.agriculture-machine.com\/wp-content\/uploads\/2021\/06\/Manure-Organic-Fertilizer-240x180.jpg 240w\" sizes=\"auto, (max-width: 720px) 100vw, 720px\" \/><figcaption>Fertilizante Org\u00e2nico de Esterco<\/figcaption><\/figure><\/div>    <h2 class=\"wp-block-heading\" id=\"h-who-can-buy-a-fecal-dehydrator\">Quem pode comprar um desidratador de fezes<\/h2>    <p>1. Tratamento de esterco de porco em fazendas de su\u00ednos. As fazendas podem comprar tal desidratador de esterco de porco. Pode usar esterco de porco desidratado para fazer produtos em pellet e com teor de umidade inferior a 12%. N\u00e3o cont\u00e9m componentes qu\u00edmicos. \u00c9 um fertilizante org\u00e2nico ideal para terras agr\u00edcolas.<\/p>    <div class=\"wp-block-image\"><figure class=\"aligncenter size-large\"><img loading=\"lazy\" decoding=\"async\" width=\"720\" height=\"540\" src=\"https:\/\/www.agriculture-machine.com\/wp-content\/uploads\/2021\/06\/pellet-organic-fertilizer.jpg\" alt=\"fertilizante-org\u00e2nico-em-pellet\" class=\"wp-image-10679\" srcset=\"https:\/\/www.agriculture-machine.com\/wp-content\/uploads\/2021\/06\/pellet-organic-fertilizer.jpg 720w, https:\/\/www.agriculture-machine.com\/wp-content\/uploads\/2021\/06\/pellet-organic-fertilizer-360x270.jpg 360w, https:\/\/www.agriculture-machine.com\/wp-content\/uploads\/2021\/06\/pellet-organic-fertilizer-240x180.jpg 240w\" sizes=\"auto, (max-width: 720px) 100vw, 720px\" \/><figcaption>fertilizante-org\u00e2nico-em-pellet<\/figcaption><\/figure><\/div>    <p class=\"translation-block\">2. Os excrementos separados podem misturar-se com <a href=\"https:\/\/www.agriculture-machine.com\/pt\/combined-chaff-cutter-and-grinder-straw-cutter-and-grain-grinder\/\">palha<\/a> e fermentarem completamente, depois, podem ser transformados em fertilizante org\u00e2nico composto. Al\u00e9m disso, podem melhorar a qualidade do solo e aumentar a produtividade diretamente. Tamb\u00e9m podem ser usados para criar minhocas, cultivar cogumelos, alimentar peixes, etc., tudo isso pode acrescentar uma renda adicional consider\u00e1vel \u00e0 sua fazenda. Portanto, o desidratador de esterco \u00e9 uma ferramenta \u00fatil para a agricultura.<\/p>    <div class=\"wp-block-image\"><figure class=\"aligncenter size-large\"><img loading=\"lazy\" decoding=\"async\" width=\"720\" height=\"540\" src=\"https:\/\/www.agriculture-machine.com\/wp-content\/uploads\/2021\/06\/separated-feces-can-mix-with-straw-chaff.jpg\" alt=\"fezes-separadas-podem-misturar-com-pala\" class=\"wp-image-10680\" srcset=\"https:\/\/www.agriculture-machine.com\/wp-content\/uploads\/2021\/06\/separated-feces-can-mix-with-straw-chaff.jpg 720w, https:\/\/www.agriculture-machine.com\/wp-content\/uploads\/2021\/06\/separated-feces-can-mix-with-straw-chaff-360x270.jpg 360w, https:\/\/www.agriculture-machine.com\/wp-content\/uploads\/2021\/06\/separated-feces-can-mix-with-straw-chaff-240x180.jpg 240w\" sizes=\"auto, (max-width: 720px) 100vw, 720px\" \/><figcaption>fezes-separadas-podem-misturar-com-pala<\/figcaption><\/figure><\/div>    <p>3. Tratamento de esterco de vaca em fazendas de gado. O esterco de vaca separado por um separador s\u00f3lido-l\u00edquido pode ser usado como material de cama para vacas. Al\u00e9m disso, pode produzir combust\u00edvel de esterco de vaca para economizar custos. O esterco l\u00edquido separado pode ser descarregado diretamente no digestor de biog\u00e1s, aumentando a efici\u00eancia da produ\u00e7\u00e3o de biog\u00e1s. O digestor de biog\u00e1s n\u00e3o ficar\u00e1 entupido, o que prolonga sua vida \u00fatil. O esterco s\u00f3lido \u00e9 f\u00e1cil de transportar e pode ser vendido a um pre\u00e7o elevado.<\/p>    <p>4. Usu\u00e1rios de digestores de biog\u00e1s. Antes que a \u00e1gua do esterco entre no digestor de biog\u00e1s, as medidas de separa\u00e7\u00e3o s\u00f3lido-l\u00edquido podem resolver o problema de precipita\u00e7\u00e3o do esterco de porco no digestor. E aumenta muito a capacidade de tratamento do digestor de biog\u00e1s. Ao mesmo tempo, a \u00e1rea de constru\u00e7\u00e3o de tanques de biog\u00e1s e tanques bioqu\u00edmicos foi significativamente reduzida. Economiza investimento em constru\u00e7\u00e3o e uso de terra para tratamento ambiental.<\/p>    <h2 class=\"wp-block-heading\" id=\"h-why-choose-us\">Por que escolher-nos?<\/h2>    <p>Somos um fabricante profissional de maquinaria agr\u00edcola. Atualmente, nosso desidratador de esterco foi exportado para Paquist\u00e3o, \u00cdndia, Mal\u00e1sia, Filipinas, etc. O cliente que exportou o desidratador de esterco para o Paquist\u00e3o o usa para desidratar esterco de vaca, pois cria muitas vacas. Al\u00e9m disso, n\u00e3o quer desperdi\u00e7ar nenhum esterco, por isso comprou um desidratador de fezes conosco com uma capacidade de 7 metros c\u00fabicos por hora.<\/p>    <div class=\"wp-block-image\"><figure class=\"aligncenter size-large\"><img loading=\"lazy\" decoding=\"async\" width=\"720\" height=\"339\" src=\"https:\/\/www.agriculture-machine.com\/wp-content\/uploads\/2021\/06\/manure-dehydrator.jpg\" alt=\"desidratador de esterco\" class=\"wp-image-10687\" srcset=\"https:\/\/www.agriculture-machine.com\/wp-content\/uploads\/2021\/06\/manure-dehydrator.jpg 720w, https:\/\/www.agriculture-machine.com\/wp-content\/uploads\/2021\/06\/manure-dehydrator-360x170.jpg 360w\" sizes=\"auto, (max-width: 720px) 100vw, 720px\" \/><figcaption>desidratador de esterco<\/figcaption><\/figure><\/div>    <h2 class=\"wp-block-heading\" id=\"h-what-does-a-fecal-dehydrator-include\">O que inclui um desidratador de fezes?<\/h2>    <p>O desidratador de esterco inclui uma unidade principal, uma bomba de 4 kW, um arm\u00e1rio de controle, um par de contrapesos, um conjunto de tubos de suc\u00e7\u00e3o, um conjunto de tubos de drenagem, um conjunto de instru\u00e7\u00f5es de uso e um cart\u00e3o de garantia.<\/p>    <h2 class=\"wp-block-heading\" id=\"h-technical-parameters\">Par\u00e2metros t\u00e9cnicos<\/h2>    <figure class=\"wp-block-table\"><table><tbody><tr><td>Modelo<\/td><td>180<\/td><td>200<\/td><td>300<\/td><\/tr><tr><td>Pot\u00eancia<\/td><td>220\/380V<\/td><td>380V<\/td><td>380V<\/td><\/tr><tr><td>Pot\u00eancia da m\u00e1quina<\/td><td>4kw<\/td><td>5.5kw<\/td><td>7.5kw<\/td><\/tr><tr><td>pot\u00eancia da bomba<\/td><td>3kw<\/td><td>3kw<\/td><td>3kw<\/td><\/tr><tr><td>Entrada<\/td><td>76mm<\/td><td>76mm<\/td><td>76mm<\/td><\/tr><tr><td>Drenar<\/td><td>102mm<\/td><td>102mm<\/td><td>102mm<\/td><\/tr><tr><td>Material<\/td><td>304 a\u00e7o inoxid\u00e1vel<\/td><td>304 a\u00e7o inoxid\u00e1vel<\/td><td>304 a\u00e7o inoxid\u00e1vel<\/td><\/tr><tr><td>extrator de esterco<\/td><td>20M3\/h<\/td><td>20M3\/h<\/td><td>25M3\/h<\/td><\/tr><tr><td>esterco seco<\/td><td>5M3\/h<\/td><td>7M3\/h<\/td><td>15M3\/h<\/td><\/tr><tr><td>Comprimento da rede do cilindro<\/td><td>180*600mm<\/td><td>200*600mm<\/td><td>300*600mm<\/td><\/tr><\/tbody><\/table><\/figure>","protected":false},"excerpt":{"rendered":"<p>Livestock dung dehydrator is also called poultry manure dehydrator. It is used for dehydrating&nbsp;pig dung, cattle dung, rabbits dung, chickens dung, and large and medium-sized livestock farms to treat animal manure.&nbsp;It is also called a solid-liquid separator by some people, which can be used to separate high-concentration slag and liquid in distiller grains, medicine residue, [&hellip;]<\/p>\n","protected":false},"author":1,"featured_media":10682,"parent":0,"comment_status":"closed","ping_status":"closed","template":"","tags":[2611],"product-type":[1],"class_list":["post-10672","product","type-product","status-publish","has-post-thumbnail","hentry","tag-dehydrator","product-type-other"],"_links":{"self":[{"href":"https:\/\/www.agriculture-machine.com\/pt\/wp-json\/wp\/v2\/product\/10672","targetHints":{"allow":["GET"]}}],"collection":[{"href":"https:\/\/www.agriculture-machine.com\/pt\/wp-json\/wp\/v2\/product"}],"about":[{"href":"https:\/\/www.agriculture-machine.com\/pt\/wp-json\/wp\/v2\/types\/product"}],"author":[{"embeddable":true,"href":"https:\/\/www.agriculture-machine.com\/pt\/wp-json\/wp\/v2\/users\/1"}],"replies":[{"embeddable":true,"href":"https:\/\/www.agriculture-machine.com\/pt\/wp-json\/wp\/v2\/comments?post=10672"}],"wp:featuredmedia":[{"embeddable":true,"href":"https:\/\/www.agriculture-machine.com\/pt\/wp-json\/wp\/v2\/media\/10682"}],"wp:attachment":[{"href":"https:\/\/www.agriculture-machine.com\/pt\/wp-json\/wp\/v2\/media?parent=10672"}],"wp:term":[{"taxonomy":"post_tag","embeddable":true,"href":"https:\/\/www.agriculture-machine.com\/pt\/wp-json\/wp\/v2\/tags?post=10672"},{"taxonomy":"product-type","embeddable":true,"href":"https:\/\/www.agriculture-machine.com\/pt\/wp-json\/wp\/v2\/product-type?post=10672"}],"curies":[{"name":"wp","href":"https:\/\/api.w.org\/{rel}","templated":true}]}}