{"id":10692,"date":"2021-06-17T09:08:09","date_gmt":"2021-06-17T01:08:09","guid":{"rendered":"https:\/\/www.agriculture-machine.com\/?p=10692"},"modified":"2024-08-20T17:43:39","modified_gmt":"2024-08-20T09:43:39","slug":"portable-milking-machine-for-cows-goats","status":"publish","type":"product","link":"https:\/\/www.agriculture-machine.com\/pt\/portable-milking-machine-for-cows-goats\/","title":{"rendered":"M\u00e1quina de ordenhar de vaca | M\u00e1quina de ordenhar de cabra | Ordenhador de cabra"},"content":{"rendered":"<p>A m\u00e1quina de ordenhar de vaca pode ser usada para ordenhar vacas, ovelhas e cabras. Nossas m\u00e1quinas de ordenhar para cabras e vacas est\u00e3o divididas em m\u00e1quinas de ordenhar de pist\u00e3o e m\u00e1quinas de ordenhar de bomba de v\u00e1cuo. A velocidade de ordenha da m\u00e1quina de v\u00e1cuo \u00e9 muito r\u00e1pida, e o leite expresso \u00e9 relativamente limpo e higi\u00e9nico.<\/p>    <figure class=\"wp-block-image aligncenter size-large\"><img loading=\"lazy\" decoding=\"async\" width=\"720\" height=\"381\" src=\"https:\/\/www.agriculture-machine.com\/wp-content\/uploads\/2021\/06\/milking-machine-for-cow-cattle.jpg\" alt=\"M\u00e1quina de ordenhar para gado bovino\" class=\"wp-image-10707\" srcset=\"https:\/\/www.agriculture-machine.com\/wp-content\/uploads\/2021\/06\/milking-machine-for-cow-cattle.jpg 720w, https:\/\/www.agriculture-machine.com\/wp-content\/uploads\/2021\/06\/milking-machine-for-cow-cattle-360x191.jpg 360w\" sizes=\"auto, (max-width: 720px) 100vw, 720px\" \/><figcaption class=\"wp-element-caption\">M\u00e1quina de ordenhar para gado bovino<\/figcaption><\/figure>    <h2 class=\"wp-block-heading\" id=\"h-types-of-cow-milking-machine\">Tipos de m\u00e1quina de ordenhar de vaca<\/h2>    <p>Nosso equipamento de ordenha de vaca possui uma m\u00e1quina de ordenha de barril \u00fanico e uma ex\u00edmia m\u00e1quina de ordenha de cabra de barril duplo. O volume do barril de leite tem um barril de 25 litros de a\u00e7o inoxid\u00e1vel e um barril de 32 litros transparente. A pot\u00eancia pode ser equipada com motores el\u00e9tricos e motores a gasolina, e a voltagem dos motores el\u00e9tricos pode ser personalizada.<\/p>    <figure class=\"wp-block-gallery has-nested-images columns-2 is-cropped wp-block-gallery-2 is-layout-flex wp-block-gallery-is-layout-flex\"> <figure class=\"wp-block-image size-large\"><a href=\"https:\/\/www.agriculture-machine.com\/wp-content\/uploads\/2021\/06\/Gasoline-double-barrel-milking-machine.jpg\"><img loading=\"lazy\" decoding=\"async\" width=\"720\" height=\"540\" data-id=\"10696\" src=\"https:\/\/www.agriculture-machine.com\/wp-content\/uploads\/2021\/06\/Gasoline-double-barrel-milking-machine.jpg\" alt=\"M\u00e1quina de ordenhar de duplo barril a gasolina\" class=\"wp-image-10696\" srcset=\"https:\/\/www.agriculture-machine.com\/wp-content\/uploads\/2021\/06\/Gasoline-double-barrel-milking-machine.jpg 720w, https:\/\/www.agriculture-machine.com\/wp-content\/uploads\/2021\/06\/Gasoline-double-barrel-milking-machine-360x270.jpg 360w, https:\/\/www.agriculture-machine.com\/wp-content\/uploads\/2021\/06\/Gasoline-double-barrel-milking-machine-240x180.jpg 240w\" sizes=\"auto, (max-width: 720px) 100vw, 720px\" \/><\/a><figcaption class=\"wp-element-caption\">M\u00e1quina de ordenhar dupla a gasolina<\/figcaption><\/figure>    <figure class=\"wp-block-image size-large\"><a href=\"https:\/\/www.agriculture-machine.com\/wp-content\/uploads\/2021\/06\/Piston-single-barrel-milking-machine.jpg\"><img loading=\"lazy\" decoding=\"async\" width=\"720\" height=\"540\" data-id=\"10697\" src=\"https:\/\/www.agriculture-machine.com\/wp-content\/uploads\/2021\/06\/Piston-single-barrel-milking-machine.jpg\" alt=\"M\u00e1quina de ordenha de barril \u00fanico de pist\u00e3o\" class=\"wp-image-10697\" srcset=\"https:\/\/www.agriculture-machine.com\/wp-content\/uploads\/2021\/06\/Piston-single-barrel-milking-machine.jpg 720w, https:\/\/www.agriculture-machine.com\/wp-content\/uploads\/2021\/06\/Piston-single-barrel-milking-machine-360x270.jpg 360w, https:\/\/www.agriculture-machine.com\/wp-content\/uploads\/2021\/06\/Piston-single-barrel-milking-machine-240x180.jpg 240w\" sizes=\"auto, (max-width: 720px) 100vw, 720px\" \/><\/a><figcaption class=\"wp-element-caption\">M\u00e1quina de ordenha de barril \u00fanico de pist\u00e3o<\/figcaption><\/figure>    <figure class=\"wp-block-image size-large\"><a href=\"https:\/\/www.agriculture-machine.com\/wp-content\/uploads\/2021\/06\/Vacuum-double-barrel-milking-machine.jpg\"><img loading=\"lazy\" decoding=\"async\" width=\"720\" height=\"540\" data-id=\"10698\" src=\"https:\/\/www.agriculture-machine.com\/wp-content\/uploads\/2021\/06\/Vacuum-double-barrel-milking-machine.jpg\" alt=\"M\u00e1quina de ordenha de duplo barril de v\u00e1cuo\" class=\"wp-image-10698\" srcset=\"https:\/\/www.agriculture-machine.com\/wp-content\/uploads\/2021\/06\/Vacuum-double-barrel-milking-machine.jpg 720w, https:\/\/www.agriculture-machine.com\/wp-content\/uploads\/2021\/06\/Vacuum-double-barrel-milking-machine-360x270.jpg 360w, https:\/\/www.agriculture-machine.com\/wp-content\/uploads\/2021\/06\/Vacuum-double-barrel-milking-machine-240x180.jpg 240w\" sizes=\"auto, (max-width: 720px) 100vw, 720px\" \/><\/a><figcaption class=\"wp-element-caption\">M\u00e1quina de ordenha de duplo barril de v\u00e1cuo<\/figcaption><\/figure>    <figure class=\"wp-block-image size-large\"><a href=\"https:\/\/www.agriculture-machine.com\/wp-content\/uploads\/2021\/06\/Vacuum-single-barrel-milking-machine.jpg\"><img loading=\"lazy\" decoding=\"async\" width=\"720\" height=\"540\" data-id=\"10699\" src=\"https:\/\/www.agriculture-machine.com\/wp-content\/uploads\/2021\/06\/Vacuum-single-barrel-milking-machine.jpg\" alt=\"M\u00e1quina de ordenha de barril \u00fanico de v\u00e1cuo\" class=\"wp-image-10699\" srcset=\"https:\/\/www.agriculture-machine.com\/wp-content\/uploads\/2021\/06\/Vacuum-single-barrel-milking-machine.jpg 720w, https:\/\/www.agriculture-machine.com\/wp-content\/uploads\/2021\/06\/Vacuum-single-barrel-milking-machine-360x270.jpg 360w, https:\/\/www.agriculture-machine.com\/wp-content\/uploads\/2021\/06\/Vacuum-single-barrel-milking-machine-240x180.jpg 240w\" sizes=\"auto, (max-width: 720px) 100vw, 720px\" \/><\/a><figcaption class=\"wp-element-caption\">M\u00e1quina de ordenha de barril \u00fanico de v\u00e1cuo<\/figcaption><\/figure> <\/figure>    <h2 class=\"wp-block-heading\" id=\"h-piston-pump-type-milking-machine-structure\">Estrutura de m\u00e1quina de ordenhar de pist\u00e3o<\/h2>    <p>Nosso m\u00e1quina port\u00e1til de leite para vacas \u00e9 composta principalmente por uma estrutura de suporte, balde de leite, grupo de ta\u00e7as de leite, v\u00e1lvula reguladora, coletor de leite, tubula\u00e7\u00e3o, man\u00f3metro de v\u00e1cuo, bomba de pist\u00e3o, dispositivo de transmiss\u00e3o, motor e l\u00e2mpada de trabalho.<\/p>    <figure class=\"wp-block-image aligncenter size-large\"><img loading=\"lazy\" decoding=\"async\" width=\"720\" height=\"540\" src=\"https:\/\/www.agriculture-machine.com\/wp-content\/uploads\/2021\/06\/Piston-pump-type-milking-machine-structure.jpg\" alt=\"Equipamento de ordenha\" class=\"wp-image-10694\" srcset=\"https:\/\/www.agriculture-machine.com\/wp-content\/uploads\/2021\/06\/Piston-pump-type-milking-machine-structure.jpg 720w, https:\/\/www.agriculture-machine.com\/wp-content\/uploads\/2021\/06\/Piston-pump-type-milking-machine-structure-360x270.jpg 360w, https:\/\/www.agriculture-machine.com\/wp-content\/uploads\/2021\/06\/Piston-pump-type-milking-machine-structure-240x180.jpg 240w\" sizes=\"auto, (max-width: 720px) 100vw, 720px\" \/><figcaption class=\"wp-element-caption\">Equipamento de ordenha<\/figcaption><\/figure>    <h3 class=\"wp-block-heading\" id=\"h-technical-parameters\">Par\u00e2metros t\u00e9cnicos da m\u00e1quina de ordenhar vaca<\/h3>    <figure class=\"wp-block-table is-style-stripes\"><table><tbody><tr><td>Modelo<\/td><td>HL-JN01<\/td><td>HL-JN02<\/td><\/tr><tr><td>V\u00e1cuo<\/td><td>50 kPa<\/td><td>50 kPa<\/td><\/tr><tr><td>Bomba de v\u00e1cuo<\/td><td>250L\/MIN<\/td><td>250L\/MIN<\/td><\/tr><tr><td>Tens\u00e3o<\/td><td>220v\/50HZ (Motor pode ser personalizado)<\/td><td>220\/50Hz (Motor pode ser personalizado)<\/td><\/tr><tr><td>Pot\u00eancia<\/td><td>0,75KW<\/td><td>1,1kw<\/td><\/tr><tr><td>Balde de ordenha de a\u00e7o inoxid\u00e1vel<\/td><td>25L (balde de leite transparente)<\/td><td>25L (balde de leite transparente)<\/td><\/tr><tr><td>Capacidade<\/td><td>10-12 vacas\/hora<\/td><td>20-24 vacas\/hora<\/td><\/tr><tr><td>Tempo de ordenha<\/td><td>5-6 minutos\/vaca<\/td><td>5-6 minutos\/vaca<\/td><\/tr><tr><td>Frequ\u00eancia de pulsa\u00e7\u00e3o<\/td><td>60:40<\/td><td>60:40<\/td><\/tr><tr><td>Adequado<\/td><td>Vacas, cabras (pode substituir a ta\u00e7a de ordenha)<\/td><td>Vacas, cabras (pode substituir a ta\u00e7a de ordenha)<\/td><\/tr><tr><td>Peso da m\u00e1quina<\/td><td>90kg<\/td><td>100kg<\/td><\/tr><tr><td>Tamanho da embalagem (LxWxH)<\/td><td>800*650*980mm<\/td><td>800x720x980mm<\/td><\/tr><\/tbody><\/table><figcaption class=\"wp-element-caption\">Dados t\u00e9cnicos da m\u00e1quina de ordenhar de vaca<\/figcaption><\/figure>    <h2 class=\"wp-block-heading\" id=\"h-composition-of-vacuum-cow-milking-machine\">Composi\u00e7\u00e3o da m\u00e1quina de ordenhar de vaca a v\u00e1cuo<\/h2>    <p>A bomba de v\u00e1cuo para a estrutura de suporte da vaca de ordenha possui uma v\u00e1lvula reguladora de press\u00e3o, barril de ordenha, silenciador, pulsador, coletor de leite, man\u00f3metro de v\u00e1cuo, tubo de ar, forro de leite, tubo de leite e bomba de v\u00e1cuo.<\/p>    <figure class=\"wp-block-image aligncenter size-large\"><img loading=\"lazy\" decoding=\"async\" width=\"720\" height=\"540\" src=\"https:\/\/www.agriculture-machine.com\/wp-content\/uploads\/2021\/06\/vacuum-milking-machine.jpg\" alt=\"ordenhador de v\u00e1cuo\" class=\"wp-image-10695\" srcset=\"https:\/\/www.agriculture-machine.com\/wp-content\/uploads\/2021\/06\/vacuum-milking-machine.jpg 720w, https:\/\/www.agriculture-machine.com\/wp-content\/uploads\/2021\/06\/vacuum-milking-machine-360x270.jpg 360w, https:\/\/www.agriculture-machine.com\/wp-content\/uploads\/2021\/06\/vacuum-milking-machine-240x180.jpg 240w\" sizes=\"auto, (max-width: 720px) 100vw, 720px\" \/><figcaption class=\"wp-element-caption\">ordenhador de v\u00e1cuo <\/figcaption><\/figure>    <p>Esta bomba de v\u00e1cuo para equipamento de ordenha de cabra adota uma bomba de v\u00e1cuo de palhetas rotativas, transmiss\u00e3o direta, estrutura compacta e razo\u00e1vel, com um dispositivo de lubrifica\u00e7\u00e3o autom\u00e1tica para garantir opera\u00e7\u00e3o sem problemas.<\/p>    <h3 class=\"wp-block-heading\" id=\"h-technical-parameters-1\">Par\u00e2metros t\u00e9cnicos<\/h3>    <figure class=\"wp-block-table is-style-stripes\"><table><tbody><tr><td>Modelo<\/td><td>HL-JN04<\/td><td>HL-JN05<\/td><\/tr><tr><td>Nome<\/td><td>M\u00e1quina de ordenhar de pist\u00e3o de barril \u00fanico<\/td><td>M\u00e1quina de ordenhar de pist\u00e3o de duplo barril<\/td><\/tr><tr><td>V\u00e1cuo<\/td><td>50 kPa<\/td><td>50 kPa<\/td><\/tr><tr><td>Bomba de v\u00e1cuo<\/td><td>250L\/MIN<\/td><td>250L\/MIN<\/td><\/tr><tr><td>Tens\u00e3o<\/td><td>220v\/50HZ (Motor pode ser personalizado)<\/td><td>220\/50Hz (Motor pode ser personalizado)<\/td><\/tr><tr><td>Pot\u00eancia<\/td><td>0.55KW<\/td><td>0,75KW<\/td><\/tr><tr><td>Balde de ordenha de a\u00e7o inoxid\u00e1vel<\/td><td>25L (balde de leite transparente)<\/td><td>25L (balde de leite transparente)<\/td><\/tr><tr><td>Capacidade<\/td><td>10-12 vacas\/hora<\/td><td>20-24 vacas\/hora<\/td><\/tr><tr><td>Tempo de ordenha<\/td><td>5-6 minutos\/vaca<\/td><td>5-6 minutos\/vaca<\/td><\/tr><tr><td>Frequ\u00eancia de pulsa\u00e7\u00e3o<\/td><td>60:40<\/td><td>60:40<\/td><\/tr><tr><td>Adequado<\/td><td>Vacas, cabras (pode substituir a ta\u00e7a de ordenha)<\/td><td>Vacas, cabras (pode substituir a ta\u00e7a de ordenha)<\/td><\/tr><tr><td>Peso da m\u00e1quina<\/td><td>68kg<\/td><td>98kg<\/td><\/tr><tr><td>Tamanho da embalagem (LxWxH)<\/td><td>800x620x1000mm<\/td><td>800x650x1000mm<\/td><\/tr><\/tbody><\/table><figcaption class=\"wp-element-caption\">Informa\u00e7\u00f5es detalhadas sobre a m\u00e1quina de ordenhar de vaca<\/figcaption><\/figure>    <p>Utiliza-se um tanque de v\u00e1cuo de a\u00e7o inoxid\u00e1vel, e o leite de cabra \u00e9 bombeado para o tanque de v\u00e1cuo atrav\u00e9s de um tubo de borracha. O tanque de v\u00e1cuo \u00e9 equipado com regulador de v\u00e1cuo e pulsador. O balde de leite \u00e9 feito de a\u00e7o inoxid\u00e1vel e equipado com uma anel de veda\u00e7\u00e3o de borracha para formar um recipiente vedado durante o funcionamento. <\/p>    <p>A ta\u00e7a de ordenha \u00e9 montada com uma chave autom\u00e1tica, que \u00e9 uma medida importante para proteger o peito, e est\u00e1 equipada com uma v\u00e1lvula de parada de suc\u00e7\u00e3o. Utiliza um pulsador importado, cuja forma de pulsa\u00e7\u00e3o \u00e9 extremamente est\u00e1vel e confi\u00e1vel.<\/p>    <h2 class=\"wp-block-heading\" id=\"h-working-of-cow-milking-machine\">Trabalho na m\u00e1quina de ordenhar de vaca<\/h2>    <p>Verifique a press\u00e3o de ordenha e execute por 2-3 minutos ap\u00f3s ligar a m\u00e1quina. N\u00e3o deve haver ader\u00eancia ou som anormal em todas as partes m\u00f3veis. Depois, vire o grupo de ta\u00e7as de ordenha de cabe\u00e7a para baixo (ou seja, as portas de conex\u00e3o do coletor de leite ficam voltadas para cima e a boca da ta\u00e7a de leite para baixo), e o ponteiro do man\u00f3metro de v\u00e1cuo deve atingir 0,04-0,045 MPa. <\/p>    <p>Quando o v\u00e1cuo estiver demasiado alto ou baixo, ajuste a v\u00e1lvula reguladora (no sentido hor\u00e1rio). O grau de v\u00e1cuo aumenta ao girar no sentido hor\u00e1rio, e diminui ao girar no sentido anti-hor\u00e1rio) para atingir a press\u00e3o de ordenha requerida antes de iniciar a ordenha. Isto \u00e9 muito importante quando os componentes de ordenha est\u00e3o operando.<\/p>    <h3 class=\"wp-block-heading\" id=\"h-installation-of-milk-cup\">Instala\u00e7\u00e3o da ta\u00e7a de leite<\/h3>    <p>O ordenhador deve ficar ao lado da vaca com o conjunto de ta\u00e7as de ordenha de cabe\u00e7a para baixo na m\u00e3o esquerda (os tubos de conex\u00e3o do coletor de leite est\u00e3o voltados para cima, e as ta\u00e7as de tetas para baixo), e coloc\u00e1-los sob os mamilos. Dobrar os tubos curtos uma a uma de modo que o ar n\u00e3o possa entrar), coloc\u00e1-los rapidamente no mamilo, esticar os tubos curtos, e o v\u00e1cuo come\u00e7ar\u00e1 a sugar o mamilo<\/p>    <h3 class=\"wp-block-heading\" id=\"h-milk-flow-control\">Controlo do fluxo de leite<\/h3>    <p>A ordenha deve ser realizada sob um v\u00e1cuo de trabalho normal (geralmente n\u00e3o mais que 0,05 MPa). Quando o fluxo de leite estiver baixo, pode-se massagear o peito manualmente. Assim que o fluxo de leite parar, o coletor de leite deve ser pressionado manualmente por 5-10 segundos para continuar a ordenha. <\/p>    <p>Depois, segure o coletor de peito com uma m\u00e3o, e pressione a abertura da ta\u00e7a de tetas no peito com a outra m\u00e3o para permitir a entrada de ar e mover rapidamente as ta\u00e7as de tetas uma a uma de diferentes dire\u00e7\u00f5es.<\/p>    <h3 class=\"wp-block-heading\" id=\"h-other-conditions\">Outras condi\u00e7\u00f5es<\/h3>    <p>Vacas e ovelhas que nunca usaram uma m\u00e1quina de ordenhar podem ter uma produ\u00e7\u00e3o de leite menor nos primeiros dias, ou at\u00e9 mesmo deixar a ta\u00e7a de leite. Nunca use ordenha manual neste momento, caso contr\u00e1rio, ser\u00e1 dif\u00edcil para vacas e ovelhas aceitarem a ordenha mec\u00e2nica. <\/p>    <p>Coloque a m\u00e1quina de ordenhar na estrebaria alguns dias antes do primeiro uso, e deixe-os habituar-se ao ru\u00eddo da m\u00e1quina e \u00e0s coisas na m\u00e1quina de ordenhar, por cerca de 2-4 dias. A vaca ir\u00e1 gradualmente habituar-se \u00e0 m\u00e1quina de ordenhar e a produ\u00e7\u00e3o de leite voltar\u00e1 ao normal.<\/p>    <h2 class=\"wp-block-heading\" id=\"h-advantages-of-vacuum-pump-milking-machine\">Vantagens da m\u00e1quina de ordenhar de bomba de v\u00e1cuo<\/h2>    <ul class=\"wp-block-list\"> <li>Baixo ru\u00eddo, estrutura simples, opera\u00e7\u00e3o flex\u00edvel e conveniente, trabalho est\u00e1vel, alta efici\u00eancia de ordenha, ordenha alternada.<\/li>    <li>Equipado com um pulsador, a ordenha \u00e9 suave, n\u00e3o danifica os mamilos, e ajuda a aumentar a produ\u00e7\u00e3o de leite das ovelhas leiteiras.<\/li>    <li>O equipamento m\u00f3vel de ordenha de ovelhas a v\u00e1cuo tem as vantagens de desempenho est\u00e1vel, grande capacidade de armazenamento dos tanques de v\u00e1cuo, baixo ru\u00eddo e opera\u00e7\u00e3o simples.<\/li>    <li>A m\u00e1quina de ordenhar funciona em estado horizontal e \u00e9 empurrada para o lado da cabra de leite para ordenhar. Tamb\u00e9m pode ser conectada como fonte de v\u00e1cuo para ordenha por tubo.<\/li> <\/ul>    <h2 class=\"wp-block-heading\" id=\"h-packing-and-shipping\">Embalagem e envio<\/h2>    <p>Ap\u00f3s os clientes fazerem um pedido conosco, enviaremos imediatamente, pois nossos v\u00e1rios tipos de m\u00e1quinas de ordenhar vaca est\u00e3o em stock. Utilizamos embalagem em caixa de madeira, por isso muitas m\u00e1quinas exportadas receberam elogios un\u00e2nimes dos clientes. Porque o cliente recebeu a m\u00e1quina em boas condi\u00e7\u00f5es.<\/p>    <figure class=\"wp-block-gallery has-nested-images columns-2 is-cropped wp-block-gallery-3 is-layout-flex wp-block-gallery-is-layout-flex\"> <figure class=\"wp-block-image size-large\"><a href=\"https:\/\/www.agriculture-machine.com\/wp-content\/uploads\/2021\/06\/milking-machine-in-stock-.jpg\"><img loading=\"lazy\" decoding=\"async\" width=\"720\" height=\"540\" data-id=\"10708\" src=\"https:\/\/www.agriculture-machine.com\/wp-content\/uploads\/2021\/06\/milking-machine-in-stock-.jpg\" alt=\"m\u00e1quina de ordenhar em stock\" class=\"wp-image-10708\" srcset=\"https:\/\/www.agriculture-machine.com\/wp-content\/uploads\/2021\/06\/milking-machine-in-stock-.jpg 720w, https:\/\/www.agriculture-machine.com\/wp-content\/uploads\/2021\/06\/milking-machine-in-stock--360x270.jpg 360w, https:\/\/www.agriculture-machine.com\/wp-content\/uploads\/2021\/06\/milking-machine-in-stock--240x180.jpg 240w\" sizes=\"auto, (max-width: 720px) 100vw, 720px\" \/><\/a><figcaption class=\"wp-element-caption\">m\u00e1quina de ordenhar em stock<\/figcaption><\/figure>    <figure class=\"wp-block-image size-large\"><a href=\"https:\/\/www.agriculture-machine.com\/wp-content\/uploads\/2021\/06\/Milking-machine-in-stock.jpg\"><img loading=\"lazy\" decoding=\"async\" width=\"720\" height=\"540\" data-id=\"10709\" src=\"https:\/\/www.agriculture-machine.com\/wp-content\/uploads\/2021\/06\/Milking-machine-in-stock.jpg\" alt=\"M\u00e1quina de ordenhar em stock\" class=\"wp-image-10709\" srcset=\"https:\/\/www.agriculture-machine.com\/wp-content\/uploads\/2021\/06\/Milking-machine-in-stock.jpg 720w, https:\/\/www.agriculture-machine.com\/wp-content\/uploads\/2021\/06\/Milking-machine-in-stock-360x270.jpg 360w, https:\/\/www.agriculture-machine.com\/wp-content\/uploads\/2021\/06\/Milking-machine-in-stock-240x180.jpg 240w\" sizes=\"auto, (max-width: 720px) 100vw, 720px\" \/><\/a><figcaption class=\"wp-element-caption\">M\u00e1quina de ordenhar em stock<\/figcaption><\/figure>    <figure class=\"wp-block-image size-large\"><a href=\"https:\/\/www.agriculture-machine.com\/wp-content\/uploads\/2021\/06\/packing-of-cow-milking-machine.jpg\"><img loading=\"lazy\" decoding=\"async\" width=\"720\" height=\"540\" data-id=\"10710\" src=\"https:\/\/www.agriculture-machine.com\/wp-content\/uploads\/2021\/06\/packing-of-cow-milking-machine.jpg\" alt=\"Embalagem da m\u00e1quina de ordenhar de vaca\" class=\"wp-image-10710\" srcset=\"https:\/\/www.agriculture-machine.com\/wp-content\/uploads\/2021\/06\/packing-of-cow-milking-machine.jpg 720w, https:\/\/www.agriculture-machine.com\/wp-content\/uploads\/2021\/06\/packing-of-cow-milking-machine-360x270.jpg 360w, https:\/\/www.agriculture-machine.com\/wp-content\/uploads\/2021\/06\/packing-of-cow-milking-machine-240x180.jpg 240w\" sizes=\"auto, (max-width: 720px) 100vw, 720px\" \/><\/a><figcaption class=\"wp-element-caption\">Embalagem da m\u00e1quina de ordenhar de vaca<\/figcaption><\/figure>    <figure class=\"wp-block-image size-large\"><a href=\"https:\/\/www.agriculture-machine.com\/wp-content\/uploads\/2021\/06\/shipping-of-goat-milking-machine.jpg\"><img loading=\"lazy\" decoding=\"async\" width=\"720\" height=\"540\" data-id=\"10711\" src=\"https:\/\/www.agriculture-machine.com\/wp-content\/uploads\/2021\/06\/shipping-of-goat-milking-machine.jpg\" alt=\"Envio de m\u00e1quina de ordenhar de cabra\" class=\"wp-image-10711\" srcset=\"https:\/\/www.agriculture-machine.com\/wp-content\/uploads\/2021\/06\/shipping-of-goat-milking-machine.jpg 720w, https:\/\/www.agriculture-machine.com\/wp-content\/uploads\/2021\/06\/shipping-of-goat-milking-machine-360x270.jpg 360w, https:\/\/www.agriculture-machine.com\/wp-content\/uploads\/2021\/06\/shipping-of-goat-milking-machine-240x180.jpg 240w\" sizes=\"auto, (max-width: 720px) 100vw, 720px\" \/><\/a><figcaption class=\"wp-element-caption\">Envio de m\u00e1quina de ordenhar de cabra<\/figcaption><\/figure> <\/figure>","protected":false},"excerpt":{"rendered":"<p>Este artigo mostra o tipo de m\u00e1quina de ordenhar de vaca. Temos m\u00e1quinas de ordenhar de pist\u00e3o, m\u00e1quinas de ordenhar de v\u00e1cuo. \u00c9 adequado para cabras, vacas, etc.<\/p>","protected":false},"author":1,"featured_media":10704,"parent":0,"comment_status":"closed","ping_status":"closed","template":"","tags":[947,946],"product-type":[1],"class_list":["post-10692","product","type-product","status-publish","has-post-thumbnail","hentry","tag-cow","tag-goat","product-type-other"],"_links":{"self":[{"href":"https:\/\/www.agriculture-machine.com\/pt\/wp-json\/wp\/v2\/product\/10692","targetHints":{"allow":["GET"]}}],"collection":[{"href":"https:\/\/www.agriculture-machine.com\/pt\/wp-json\/wp\/v2\/product"}],"about":[{"href":"https:\/\/www.agriculture-machine.com\/pt\/wp-json\/wp\/v2\/types\/product"}],"author":[{"embeddable":true,"href":"https:\/\/www.agriculture-machine.com\/pt\/wp-json\/wp\/v2\/users\/1"}],"replies":[{"embeddable":true,"href":"https:\/\/www.agriculture-machine.com\/pt\/wp-json\/wp\/v2\/comments?post=10692"}],"wp:featuredmedia":[{"embeddable":true,"href":"https:\/\/www.agriculture-machine.com\/pt\/wp-json\/wp\/v2\/media\/10704"}],"wp:attachment":[{"href":"https:\/\/www.agriculture-machine.com\/pt\/wp-json\/wp\/v2\/media?parent=10692"}],"wp:term":[{"taxonomy":"post_tag","embeddable":true,"href":"https:\/\/www.agriculture-machine.com\/pt\/wp-json\/wp\/v2\/tags?post=10692"},{"taxonomy":"product-type","embeddable":true,"href":"https:\/\/www.agriculture-machine.com\/pt\/wp-json\/wp\/v2\/product-type?post=10692"}],"curies":[{"name":"wp","href":"https:\/\/api.w.org\/{rel}","templated":true}]}}