{"id":10716,"date":"2021-06-17T18:25:19","date_gmt":"2021-06-17T10:25:19","guid":{"rendered":"https:\/\/www.agriculture-machine.com\/?p=10716"},"modified":"2024-10-24T14:11:26","modified_gmt":"2024-10-24T06:11:26","slug":"small-sweet-corn-sheller-for-fresh-maize","status":"publish","type":"product","link":"https:\/\/www.agriculture-machine.com\/pt\/small-sweet-corn-sheller-for-fresh-maize\/","title":{"rendered":"Debulhadora de milho fresca | M\u00e1quina de debulhar milho doce | Descascador de milho doce"},"content":{"rendered":"<p class=\"translation-block\">A <strong>debulhadora de milho fresco<\/strong> pode debulhar todos os tipos de milho fresco, milho doce, milho ceroso, milho cozido e milho ap\u00f3s descongelamento. Pode lidar com at\u00e9 600 kg de gr\u00e3os de milho fresco por hora, aumentando a efici\u00eancia em mais de 30 vezes em compara\u00e7\u00e3o com a debulha manual tradicional, resolvendo completamente o problema da escassez de m\u00e3o de obra e baixa efici\u00eancia durante as temporadas de colheita.<\/p>    <p>O design exclusivo anti-dano da debulhadora de milho doce garante que cada gr\u00e3o de milho esteja cheio e n\u00e3o danificado, e a taxa de debulha \u00e9 de at\u00e9 98%. \u00c9 adequado para f\u00e1bricas e empresas como cozinhas centrais, gr\u00e3os de milho enlatados, xarope de milho congelado, f\u00e1bricas de gr\u00e3os de milho, processamento de alimentos secos, processamento de produtos agr\u00edcolas e de linha, etc.<\/p>    <figure class=\"wp-block-embed aligncenter is-type-video is-provider-youtube wp-block-embed-youtube wp-embed-aspect-16-9 wp-has-aspect-ratio\"><div class=\"wp-block-embed__wrapper\"> <iframe loading=\"lazy\" title=\"M\u00e1quina de descascar milho fresco em a\u00e7o inoxid\u00e1vel! debulhadora de milho doce limpa \u00e0 venda\" width=\"500\" height=\"281\" src=\"https:\/\/www.youtube.com\/embed\/f_IO5_pMlug?feature=oembed\" frameborder=\"0\" allow=\"accelerometer; autoplay; clipboard-write; encrypted-media; gyroscope; picture-in-picture; web-share\" referrerpolicy=\"strict-origin-when-cross-origin\" allowfullscreen><\/iframe> <\/div><figcaption class=\"wp-element-caption\">como funciona a m\u00e1quina debulhadora de milho doce<\/figcaption><\/figure>    <p>M\u00faltiplas m\u00e1quinas debulhadoras de milho doce podem trabalhar com grandes linhas de montagem, por exemplo, linhas de produ\u00e7\u00e3o de debulha e lavagem de milho. Uma \u00fanica m\u00e1quina pode ser usada para processamento de alimentos, como produ\u00e7\u00e3o de milho enlatado e oficinas de processamento, etc.<\/p>    <figure class=\"wp-block-image aligncenter size-large\"><img loading=\"lazy\" decoding=\"async\" width=\"720\" height=\"540\" src=\"https:\/\/www.agriculture-machine.com\/wp-content\/uploads\/2021\/06\/Sweet-corn-sheller.jpg\" alt=\"Debulhador de milho doce\" class=\"wp-image-10718\" srcset=\"https:\/\/www.agriculture-machine.com\/wp-content\/uploads\/2021\/06\/Sweet-corn-sheller.jpg 720w, https:\/\/www.agriculture-machine.com\/wp-content\/uploads\/2021\/06\/Sweet-corn-sheller-360x270.jpg 360w, https:\/\/www.agriculture-machine.com\/wp-content\/uploads\/2021\/06\/Sweet-corn-sheller-240x180.jpg 240w\" sizes=\"auto, (max-width: 720px) 100vw, 720px\" \/><figcaption class=\"wp-element-caption\">Debulhador de milho doce<\/figcaption><\/figure>    <h2 class=\"wp-block-heading\" id=\"h-structure-of-the-fresh-corn-threshing-machine\">Estrutura e caracter\u00edsticas da m\u00e1quina de debulhar milho fresco<\/h2>    <p>Toda a m\u00e1quina debulhadora de milho fresco \u00e9 feita de a\u00e7o inoxid\u00e1vel, que pode se adaptar totalmente ao ambiente \u00famido do centro de processamento. Seus principais componentes est\u00e3o mostrados na figura abaixo.<\/p>    <ul class=\"wp-block-list\"> <li><strong>Design razo\u00e1vel:<\/strong> a m\u00e1quina inteira \u00e9 feita de a\u00e7o inoxid\u00e1vel, e \u00e9 f\u00e1cil de mover com rod\u00edzios. O inversor controla a velocidade e a opera\u00e7\u00e3o \u00e9 simples.<\/li>    <li><strong>Alimenta\u00e7\u00e3o conveniente: <\/strong>a porta de alimenta\u00e7\u00e3o \u00e9 equipada com um dispositivo de alimenta\u00e7\u00e3o por corrente, que melhora efetivamente a efici\u00eancia do trabalho.<\/li>    <li><strong>Porto de descarga: <\/strong>\u00e9 equipada com um soprador para deixar os gr\u00e3os de milho limpos e bonitos ap\u00f3s serem removidos.<\/li>    <li><strong>Forte adaptabilidade: <\/strong>n\u00e3o \u00e9 apenas adequado para produ\u00e7\u00e3o em larga escala em f\u00e1bricas e linhas de montagem, mas tamb\u00e9m adequado para processamento em oficinas familiares.<\/li>    <li><strong>Alta taxa de debulha: <\/strong>\u00e9 adequada para a debulha de espigas de milho de v\u00e1rios tamanhos, e a profundidade da debulha \u00e9 ajust\u00e1vel.<\/li>    <li><strong>Ferramentas de corte com longa vida \u00fatil: <\/strong>s\u00e3o feitos de material especial em a\u00e7o inoxid\u00e1vel, passam por tratamento de processo especial, n\u00e3o requerem afia\u00e7\u00e3o a longo prazo e s\u00e3o dur\u00e1veis.<\/li> <\/ul>    <figure class=\"wp-block-image aligncenter size-large is-resized\"><img loading=\"lazy\" decoding=\"async\" width=\"720\" height=\"540\" src=\"https:\/\/www.agriculture-machine.com\/wp-content\/uploads\/2021\/06\/Sweet-corn-thresher-structure.jpg\" alt=\"Estrutura da debulhadora de milho doce\" class=\"wp-image-10719\" style=\"width:720px;height:auto\" srcset=\"https:\/\/www.agriculture-machine.com\/wp-content\/uploads\/2021\/06\/Sweet-corn-thresher-structure.jpg 720w, https:\/\/www.agriculture-machine.com\/wp-content\/uploads\/2021\/06\/Sweet-corn-thresher-structure-360x270.jpg 360w, https:\/\/www.agriculture-machine.com\/wp-content\/uploads\/2021\/06\/Sweet-corn-thresher-structure-240x180.jpg 240w\" sizes=\"auto, (max-width: 720px) 100vw, 720px\" \/><figcaption class=\"wp-element-caption\">Estrutura da debulhadora de milho doce<\/figcaption><\/figure>    <h2 class=\"wp-block-heading\" id=\"h-introduction-of-threshing-sweet-corn\">Princ\u00edpio de funcionamento da debulha do milho doce<\/h2>    <h3 class=\"wp-block-heading\" id=\"h-place-peeled-fresh-corn-on-the-conveyor-chain\">Coloque o milho fresco descascado na corrente do transportador<\/h3>    <ul class=\"wp-block-list\"> <li>O milho \u00e9 alimentado na m\u00e1quina de milho um a um pela corrente do transportador.<\/li>    <li>O sistema de transporte usa uma corrente de a\u00e7o inoxid\u00e1vel para transporte em velocidade uniforme. V=15 m\/min.<\/li>    <li>Alimentando o milho.<\/li>    <li>O rolo de borracha gira na dire\u00e7\u00e3o da seta, prendendo e transportando a espiga de milho para o cortador.<\/li>    <li>O rolo de borracha \u00e9 feito de um material n\u00e3o t\u00f3xico especial com uma textura macia e el\u00e1stica. Garante que o milho de pele ultra-fina n\u00e3o quebre ou estoure.<\/li> <\/ul>    <figure class=\"wp-block-image aligncenter size-large is-resized\"><img loading=\"lazy\" decoding=\"async\" width=\"720\" height=\"540\" src=\"https:\/\/www.agriculture-machine.com\/wp-content\/uploads\/2021\/06\/corn.jpg\" alt=\"estrutura interna\" class=\"wp-image-10720\" style=\"width:540px;height:405px\" srcset=\"https:\/\/www.agriculture-machine.com\/wp-content\/uploads\/2021\/06\/corn.jpg 720w, https:\/\/www.agriculture-machine.com\/wp-content\/uploads\/2021\/06\/corn-360x270.jpg 360w, https:\/\/www.agriculture-machine.com\/wp-content\/uploads\/2021\/06\/corn-240x180.jpg 240w\" sizes=\"auto, (max-width: 720px) 100vw, 720px\" \/><figcaption class=\"wp-element-caption\">estrutura interna<\/figcaption><\/figure>    <h3 class=\"wp-block-heading\" id=\"h-core-structure-separation-of-kernel-and-stem\">Estrutura central-separa\u00e7\u00e3o do gr\u00e3o e do caule<\/h3>    <ul class=\"wp-block-list\"> <li>Facas e cabe\u00e7otes de corte exclusivos podem facilmente cortar espigas de milho de diferentes di\u00e2metros. <\/li>    <li>Uma faca de cinco pe\u00e7as gira em alta velocidade, pr\u00f3xima \u00e0 espiga de milho. <\/li>    <li>O cortador gira no sentido anti-hor\u00e1rio para cortar as espigas de milho. <\/li>    <li>A ferramenta de corte \u00e9 feita de materiais de alta dureza, alta tenacidade e alta resist\u00eancia ao desgaste. Atualmente, passou por v\u00e1rias etapas de desenvolvimento, o que prolonga muito o ciclo de afia\u00e7\u00e3o e melhora significativamente a efici\u00eancia da produ\u00e7\u00e3o.<\/li> <\/ul>    <figure class=\"wp-block-image aligncenter size-large is-resized\"><img loading=\"lazy\" decoding=\"async\" width=\"720\" height=\"540\" src=\"https:\/\/www.agriculture-machine.com\/wp-content\/uploads\/2021\/06\/maize.jpg\" alt=\"detalhes internos\" class=\"wp-image-10721\" style=\"width:540px;height:405px\" srcset=\"https:\/\/www.agriculture-machine.com\/wp-content\/uploads\/2021\/06\/maize.jpg 720w, https:\/\/www.agriculture-machine.com\/wp-content\/uploads\/2021\/06\/maize-360x270.jpg 360w, https:\/\/www.agriculture-machine.com\/wp-content\/uploads\/2021\/06\/maize-240x180.jpg 240w\" sizes=\"auto, (max-width: 720px) 100vw, 720px\" \/><figcaption class=\"wp-element-caption\">detalhes internos<\/figcaption><\/figure>    <h3 class=\"wp-block-heading\" id=\"h-radial-cutting-of-corn-cob\">Corte radial do sabugo de milho<\/h3>    <ul class=\"wp-block-list\"> <li>O corte \u00e9 limpo, suave e seco, sem danificar o conte\u00fado do gr\u00e3o.<\/li>    <li>A profundidade de corte \u00e9 ajust\u00e1vel e pode atender \u00e0s necessidades de usu\u00e1rios de todos os n\u00edveis.<\/li> <\/ul>    <figure class=\"wp-block-image aligncenter size-large is-resized\"><img loading=\"lazy\" decoding=\"async\" width=\"720\" height=\"540\" src=\"https:\/\/www.agriculture-machine.com\/wp-content\/uploads\/2021\/06\/Radial-cutting.jpg\" alt=\"Corte radial\" class=\"wp-image-10722\" style=\"width:540px;height:405px\" srcset=\"https:\/\/www.agriculture-machine.com\/wp-content\/uploads\/2021\/06\/Radial-cutting.jpg 720w, https:\/\/www.agriculture-machine.com\/wp-content\/uploads\/2021\/06\/Radial-cutting-360x270.jpg 360w, https:\/\/www.agriculture-machine.com\/wp-content\/uploads\/2021\/06\/Radial-cutting-240x180.jpg 240w\" sizes=\"auto, (max-width: 720px) 100vw, 720px\" \/><figcaption class=\"wp-element-caption\">Corte radial<\/figcaption><\/figure>    <h3 class=\"wp-block-heading\" id=\"h-axial-cutting-of-corn-cob\">Corte axial do sabugo de milho<\/h3>    <ul class=\"wp-block-list\"> <li>O corte c\u00f4nico axial pode ser alcan\u00e7ado, o que melhora muito o rendimento dos gr\u00e3os de milho.<\/li>    <li>Corte suavemente milho de formato especial e milho curvado.<\/li>    <li>O comprimento m\u00ednimo da espiga de milho para corte \u00e9 de 80mm.<\/li> <\/ul>    <figure class=\"wp-block-image aligncenter size-large is-resized\"><img loading=\"lazy\" decoding=\"async\" width=\"720\" height=\"540\" src=\"https:\/\/www.agriculture-machine.com\/wp-content\/uploads\/2021\/06\/Axial-cutting.jpg\" alt=\"Corte axial\" class=\"wp-image-10723\" style=\"width:540px;height:405px\" srcset=\"https:\/\/www.agriculture-machine.com\/wp-content\/uploads\/2021\/06\/Axial-cutting.jpg 720w, https:\/\/www.agriculture-machine.com\/wp-content\/uploads\/2021\/06\/Axial-cutting-360x270.jpg 360w, https:\/\/www.agriculture-machine.com\/wp-content\/uploads\/2021\/06\/Axial-cutting-240x180.jpg 240w\" sizes=\"auto, (max-width: 720px) 100vw, 720px\" \/><figcaption class=\"wp-element-caption\">Corte axial<\/figcaption><\/figure>    <h3 class=\"wp-block-heading\" id=\"h-corn-cob-discharge\">Descarga de espiga de milho<\/h3>    <ul class=\"wp-block-list\"> <li>H\u00e1 um cortador de disco dentado no meio do rolo de pl\u00e1stico.<\/li>    <li>A espiga de milho pode ser presa, transportada e descarregada.<\/li>    <li>A espiga de milho \u00e9 conduzida coaxialmente por dois conjuntos de quatro rodas de descarga, o que aumenta a estabilidade da descarga e evita entupimentos.<\/li> <\/ul>    <figure class=\"wp-block-image aligncenter size-large is-resized\"><img loading=\"lazy\" decoding=\"async\" width=\"506\" height=\"540\" src=\"https:\/\/www.agriculture-machine.com\/wp-content\/uploads\/2021\/06\/Corn-cob-discharge.jpg\" alt=\"Descarga de espiga de milho\" class=\"wp-image-10724\" style=\"width:380px;height:405px\" srcset=\"https:\/\/www.agriculture-machine.com\/wp-content\/uploads\/2021\/06\/Corn-cob-discharge.jpg 506w, https:\/\/www.agriculture-machine.com\/wp-content\/uploads\/2021\/06\/Corn-cob-discharge-253x270.jpg 253w\" sizes=\"auto, (max-width: 506px) 100vw, 506px\" \/><figcaption class=\"wp-element-caption\">Descarga de espiga de milho<\/figcaption><\/figure>    <h3 class=\"wp-block-heading\" id=\"h-electrical-control\">Controle el\u00e9trico<\/h3>    <p>Todo o processo de opera\u00e7\u00e3o da debulhadora de milho fresco \u00e9 controlado por um motor. A m\u00e1quina \u00e9 equipada com bot\u00f5es de opera\u00e7\u00e3o e h\u00e1 um inversor na estrutura interna.<\/p>    <figure class=\"wp-block-image aligncenter size-large is-resized\"><img loading=\"lazy\" decoding=\"async\" width=\"720\" height=\"540\" src=\"https:\/\/www.agriculture-machine.com\/wp-content\/uploads\/2021\/06\/Electrical-control.jpg\" alt=\"Controle el\u00e9trico\" class=\"wp-image-10725\" style=\"width:540px;height:405px\" srcset=\"https:\/\/www.agriculture-machine.com\/wp-content\/uploads\/2021\/06\/Electrical-control.jpg 720w, https:\/\/www.agriculture-machine.com\/wp-content\/uploads\/2021\/06\/Electrical-control-360x270.jpg 360w, https:\/\/www.agriculture-machine.com\/wp-content\/uploads\/2021\/06\/Electrical-control-240x180.jpg 240w\" sizes=\"auto, (max-width: 720px) 100vw, 720px\" \/><figcaption class=\"wp-element-caption\">Controle el\u00e9trico<\/figcaption><\/figure>    <h2 class=\"wp-block-heading\" id=\"h-application-of-fresh-corn-thresher-in-the-production-line\">Aplica\u00e7\u00e3o da debulhadora de milho fresco em linhas de produ\u00e7\u00e3o<\/h2>    <p>Na planta de processamento de alimentos enlatados de milho, voc\u00ea pode usar v\u00e1rias m\u00e1quinas debulhadoras de milho fresco se quiser uma grande capacidade ao mesmo tempo. Voc\u00ea pode lavar, embalar, congelar e vender ap\u00f3s a debulha.<\/p>    <figure class=\"wp-block-image aligncenter size-large\"><img loading=\"lazy\" decoding=\"async\" width=\"720\" height=\"540\" src=\"https:\/\/www.agriculture-machine.com\/wp-content\/uploads\/2021\/06\/Sweet-corn-thresher-in-production-line.jpg\" alt=\"Debulhador de milho doce em linha de produ\u00e7\u00e3o\" class=\"wp-image-10727\" srcset=\"https:\/\/www.agriculture-machine.com\/wp-content\/uploads\/2021\/06\/Sweet-corn-thresher-in-production-line.jpg 720w, https:\/\/www.agriculture-machine.com\/wp-content\/uploads\/2021\/06\/Sweet-corn-thresher-in-production-line-360x270.jpg 360w, https:\/\/www.agriculture-machine.com\/wp-content\/uploads\/2021\/06\/Sweet-corn-thresher-in-production-line-240x180.jpg 240w\" sizes=\"auto, (max-width: 720px) 100vw, 720px\" \/><figcaption class=\"wp-element-caption\">Debulhador de milho doce na linha de produ\u00e7\u00e3o<\/figcaption><\/figure>    <h2 class=\"wp-block-heading\">Vantagens da m\u00e1quina de descascar milho doce<\/h2>    <p>Hoje em dia, produtos enlatados, v\u00e1rios acompanhamentos de milho e as pessoas usam milho em suas vidas di\u00e1rias. Portanto, as pessoas t\u00eam uma alta demanda por milho fresco. E a produ\u00e7\u00e3o de milho fresco em grandes quantidades se tornou um fen\u00f4meno comum. O material da m\u00e1quina \u00e9 a\u00e7o inoxid\u00e1vel seguro para alimentos, produzindo gr\u00e3os de milho limpos e higi\u00eanicos.<\/p>    <ul class=\"wp-block-list\"> <li><strong>Aumento da efici\u00eancia:<\/strong> as debulhadoras de milho doce podem processar grandes quantidades de milho em um curto per\u00edodo, o que pode ajudar a reduzir os custos de m\u00e3o de obra e aumentar a produtividade para grandes f\u00e1bricas de processamento de milho.<\/li>    <li><strong>Consist\u00eancia:<\/strong> as debulhadoras de milho fresco podem descascar o milho de forma consistente e com praticamente nenhuma quebra, ajudando a melhorar a qualidade geral do milho e reduzir o desperd\u00edcio.<\/li>    <li><strong>Seguran\u00e7a alimentar melhorada:<\/strong> as debulhadoras de milho doce s\u00e3o projetadas para descascar gr\u00e3os de milho sem contamina\u00e7\u00e3o, o que \u00e9 especialmente importante para empresas que vendem milho doce como produto alimentar.<\/li>    <li><strong>Adapt\u00e1vel:<\/strong> a se\u00e7\u00e3o de debulha de nossas debulhadoras de milho doce ajusta automaticamente ao tamanho espec\u00edfico do milho, permitindo que lidem com milho de todos os tamanhos de di\u00e2metro.<\/li> <\/ul>    <figure class=\"wp-block-image aligncenter size-full\"><img loading=\"lazy\" decoding=\"async\" width=\"720\" height=\"540\" src=\"https:\/\/www.agriculture-machine.com\/wp-content\/uploads\/2023\/04\/sweet-corn-shelling-machine-.webp\" alt=\"m\u00e1quina de debulhar milho doce\" class=\"wp-image-14539\" title=\"m\u00e1quina de debulhar milho doce\"\/><figcaption class=\"wp-element-caption\">m\u00e1quina de debulhar milho doce<\/figcaption><\/figure>    <p>Geralmente, grandes f\u00e1bricas de processamento de milho fresco usar\u00e3o mais de uma m\u00e1quina de debulha de milho fresco para come\u00e7ar a trabalhar ao mesmo tempo.<\/p>    <figure class=\"wp-block-image aligncenter size-full\"><img loading=\"lazy\" decoding=\"async\" width=\"720\" height=\"540\" src=\"https:\/\/www.agriculture-machine.com\/wp-content\/uploads\/2023\/04\/fresh-corn-thresher-.webp\" alt=\"m\u00e1quina de debulhar milho fresco\" class=\"wp-image-14542\" title=\"debuhador de milho fresco\"\/><figcaption class=\"wp-element-caption\">m\u00e1quina de debulhar milho fresco<\/figcaption><\/figure>    <h2 class=\"wp-block-heading\">Informa\u00e7\u00f5es t\u00e9cnicas da debulhadora de milho doce<\/h2>    <figure class=\"wp-block-table is-style-stripes\"><table><tbody><tr><td>Modelo<\/td><td>HYMZ-268<\/td><td>HYMZ-368<\/td><\/tr><tr><td>Tens\u00e3o<\/td><td>220V 1 fase<\/td><td>220V 1 fase<\/td><\/tr><tr><td>Motor<\/td><td>1HP 1\/2HP 1\/4HP<\/td><td>1HP 1\/2HP 1\/4HP<\/td><\/tr><tr><td>Produ\u00e7\u00e3o<\/td><td>400-500kg\/h (apenas sementes)<\/td><td>600kg\/h (apenas sementes)<\/td><\/tr><tr><td>tamanho do transportador de entrada<\/td><td>Sem<\/td><td>690*260*380mm<\/td><\/tr><tr><td>Tamanho da m\u00e1quina<\/td><td>630*620*1250mm<\/td><td>1320*620*1250mm<\/td><\/tr><tr><td>Peso da m\u00e1quina<\/td><td>100kg<\/td><td>100kg<\/td><\/tr><\/tbody><\/table><figcaption class=\"wp-element-caption\">par\u00e2metro da debulhadora de milho doce<\/figcaption><\/figure>    <h2 class=\"wp-block-heading\">M\u00e1quina de debulhar milho fresco vendida para a Am\u00e9rica<\/h2>    <p>Um cliente dos Estados Unidos comprou uma debulhadora de milho fresco para seu uso. Durante a comunica\u00e7\u00e3o com o cliente, forneceremos qualquer informa\u00e7\u00e3o sobre a m\u00e1quina. Por exemplo, fotos, v\u00eddeos, par\u00e2metros, estrutura, etc. da debulhadora de milho fresco.<\/p>    <p>Estaremos prontos para responder a quaisquer perguntas que o cliente possa ter sobre a m\u00e1quina. Al\u00e9m da debulhadora de milho fresco, o cliente tamb\u00e9m comprou um conjunto de l\u00e2minas. <\/p>    <p>Ap\u00f3s a compra da debulhadora de milho fresco, forneceremos o manual e o guia de instru\u00e7\u00f5es. Portanto, os clientes n\u00e3o precisam se preocupar com a falta de conhecimento sobre como operar a m\u00e1quina.<\/p>    <figure class=\"wp-block-gallery has-nested-images columns-default is-cropped wp-block-gallery-2 is-layout-flex wp-block-gallery-is-layout-flex\"> <figure class=\"wp-block-image size-large\"><img loading=\"lazy\" decoding=\"async\" width=\"720\" height=\"540\" data-id=\"14544\" src=\"https:\/\/www.agriculture-machine.com\/wp-content\/uploads\/2023\/04\/wooden-case-packing-of-the-fresh-corn-thresher-.webp\" alt=\"embalagem em caixa de madeira da debulhadora de milho fresco\" class=\"wp-image-14544\" title=\"embalagem em caixa de madeira da debulhadora de milho fresco\"\/><figcaption class=\"wp-element-caption\">embalagem em caixa de madeira da debulhadora de milho fresco<\/figcaption><\/figure>    <figure class=\"wp-block-image size-large\"><img loading=\"lazy\" decoding=\"async\" width=\"720\" height=\"540\" data-id=\"14545\" src=\"https:\/\/www.agriculture-machine.com\/wp-content\/uploads\/2023\/04\/packed-sweet-corn-sheller-.webp\" alt=\"debuhador de milho doce embalado\" class=\"wp-image-14545\" title=\"debuhador de milho doce embalado \"\/><figcaption class=\"wp-element-caption\">debuhador de milho doce embalado<\/figcaption><\/figure>    <figure class=\"wp-block-image size-large\"><img loading=\"lazy\" decoding=\"async\" width=\"720\" height=\"540\" data-id=\"14546\" src=\"https:\/\/www.agriculture-machine.com\/wp-content\/uploads\/2023\/04\/spare-parts-.webp\" alt=\"pe\u00e7as de reposi\u00e7\u00e3o da m\u00e1quina\" class=\"wp-image-14546\" title=\"pe\u00e7as de reposi\u00e7\u00e3o\"\/><figcaption class=\"wp-element-caption\">pe\u00e7as de reposi\u00e7\u00e3o da m\u00e1quina<\/figcaption><\/figure> <\/figure>    <h2 class=\"wp-block-heading\">FAQ sobre a m\u00e1quina de debulha de milho doce<\/h2>   <div id=\"rank-math-faq\" class=\"rank-math-block\"> <div class=\"rank-math-list\"> <div id=\"faq-question-63172586910d0\" class=\"rank-math-list-item\"> <h3 class=\"rank-math-question\">Esta m\u00e1quina pode descascar milho?<\/h3> <div class=\"rank-math-answer\">  <p class=\"translation-block\">N\u00e3o, ao debulhar com uma debulhadora de milho doce, voc\u00ea deve remover a casca antes de coloc\u00e1-la na m\u00e1quina. Temos outros tipos de <a href=\"https:\/\/www.agriculture-machine.com\/pt\/maize-peeler-and-thresher\/\">descascadores e debulhadores de milho<\/a>.<\/p>  <\/div> <\/div> <div id=\"faq-question-63172586910d5\" class=\"rank-math-list-item\"> <h3 class=\"rank-math-question\">A velocidade da faca \u00e9 ajust\u00e1vel?<\/h3> <div class=\"rank-math-answer\">  <p>A velocidade de rota\u00e7\u00e3o da faca \u00e9 controlada pelo inversor, e a velocidade de alimenta\u00e7\u00e3o \u00e9 fixa.<\/p>  <\/div> <\/div> <div id=\"faq-question-63172586910d6\" class=\"rank-math-list-item\"> <h3 class=\"rank-math-question\">O milho pode ser retirado?<\/h3> <div class=\"rank-math-answer\">  <p>Sim, pode. A debulhadora de milho fresco \u00e9 equipada com um dispositivo de revers\u00e3o e retrocesso da roda de alimenta\u00e7\u00e3o. Se a espiga de milho estiver quebrada ou presa, pressione o bot\u00e3o de revers\u00e3o para que ela saia suavemente.<\/p>  <\/div> <\/div> <div id=\"faq-question-63172586910d7\" class=\"rank-math-list-item\"> <h3 class=\"rank-math-question\">Qual \u00e9 a produ\u00e7\u00e3o de uma debulhadora de milho doce fresca?<\/h3> <div class=\"rank-math-answer\">  <p>A m\u00e1quina pode debulhar 75 espigas de milho por minuto, e o rendimento \u00e9 de cerca de 300 kg\/h (gr\u00e3os de milho).<\/p>  <\/div> <\/div> <\/div> <\/div>   <figure class=\"wp-block-embed aligncenter is-type-video is-provider-youtube wp-block-embed-youtube wp-embed-aspect-4-3 wp-has-aspect-ratio\"><div class=\"wp-block-embed__wrapper\"> <iframe loading=\"lazy\" title=\"M\u00e1quina de descascar milho fresco \/ pre\u00e7o da m\u00e1quina de descascar milho doce \/ f\u00e1brica de m\u00e1quina de descascar milho em a\u00e7o inoxid\u00e1vel\" width=\"500\" height=\"375\" src=\"https:\/\/www.youtube.com\/embed\/bH8ETVh9jv8?start=11&#038;feature=oembed\" frameborder=\"0\" allow=\"accelerometer; autoplay; clipboard-write; encrypted-media; gyroscope; picture-in-picture; web-share\" referrerpolicy=\"strict-origin-when-cross-origin\" allowfullscreen><\/iframe> <\/div><figcaption class=\"wp-element-caption\">v\u00eddeo de trabalho da m\u00e1quina debulhadora de milho doce em a\u00e7o inoxid\u00e1vel<\/figcaption><\/figure>    <h2 class=\"wp-block-heading\">Contate-nos a qualquer momento<\/h2>    <p>Agricultores e empreendedores agr\u00edcolas s\u00e3o bem-vindos a consultar ativamente nossa debulhadora de milho fresco! Estamos comprometidos em fornecer solu\u00e7\u00f5es eficientes e confi\u00e1veis e oferecer uma gama completa de suporte de consulta pr\u00e9-venda e servi\u00e7o p\u00f3s-venda. Aguardamos ansiosamente trabalhar com voc\u00ea!<\/p>","protected":false},"excerpt":{"rendered":"<p>A m\u00e1quina debulhadora de milho fresco pode debulhar milho doce, milho fresco, milho ceroso, milho cozido e milho ap\u00f3s descongelamento. A capacidade \u00e9 de 600 kg\/h e a taxa de debulha \u00e9 de at\u00e9 98%.<\/p>","protected":false},"author":1,"featured_media":10729,"parent":0,"comment_status":"closed","ping_status":"closed","template":"","tags":[491,2614],"product-type":[893,872],"class_list":["post-10716","product","type-product","status-publish","has-post-thumbnail","hentry","tag-corn","tag-thresher","product-type-corn-thresher","product-type-thresher-sheller"],"_links":{"self":[{"href":"https:\/\/www.agriculture-machine.com\/pt\/wp-json\/wp\/v2\/product\/10716","targetHints":{"allow":["GET"]}}],"collection":[{"href":"https:\/\/www.agriculture-machine.com\/pt\/wp-json\/wp\/v2\/product"}],"about":[{"href":"https:\/\/www.agriculture-machine.com\/pt\/wp-json\/wp\/v2\/types\/product"}],"author":[{"embeddable":true,"href":"https:\/\/www.agriculture-machine.com\/pt\/wp-json\/wp\/v2\/users\/1"}],"replies":[{"embeddable":true,"href":"https:\/\/www.agriculture-machine.com\/pt\/wp-json\/wp\/v2\/comments?post=10716"}],"wp:featuredmedia":[{"embeddable":true,"href":"https:\/\/www.agriculture-machine.com\/pt\/wp-json\/wp\/v2\/media\/10729"}],"wp:attachment":[{"href":"https:\/\/www.agriculture-machine.com\/pt\/wp-json\/wp\/v2\/media?parent=10716"}],"wp:term":[{"taxonomy":"post_tag","embeddable":true,"href":"https:\/\/www.agriculture-machine.com\/pt\/wp-json\/wp\/v2\/tags?post=10716"},{"taxonomy":"product-type","embeddable":true,"href":"https:\/\/www.agriculture-machine.com\/pt\/wp-json\/wp\/v2\/product-type?post=10716"}],"curies":[{"name":"wp","href":"https:\/\/api.w.org\/{rel}","templated":true}]}}