{"id":10764,"date":"2021-06-21T16:13:31","date_gmt":"2021-06-21T08:13:31","guid":{"rendered":"https:\/\/www.agriculture-machine.com\/?p=10764"},"modified":"2024-09-18T16:12:33","modified_gmt":"2024-09-18T08:12:33","slug":"small-corn-peeler-thresher-for-sale","status":"publish","type":"product","link":"https:\/\/www.agriculture-machine.com\/pt\/small-corn-peeler-thresher-for-sale\/","title":{"rendered":"Mini descascador de milho | M\u00e1quina de debulhar milho mini"},"content":{"rendered":"<p class=\"translation-block\">A m\u00e1quina vertical pequena <strong>descascadora e debulhadora de milho<\/strong> tem duas fun\u00e7\u00f5es, uma \u00e9 descascar e a outra \u00e9 debulhar. Al\u00e9m disso, a mini m\u00e1quina de debulhar milho pode ser equipada com motores el\u00e9tricos ou motores a gasolina. <\/p>    <p>A produ\u00e7\u00e3o \u00e9 de 1500-2000 kg\/h (gr\u00e3os de milho), o que \u00e9 muito adequado para uso dom\u00e9stico. Se sua fam\u00edlia cultiva milho, voc\u00ea pode comprar uma pequena m\u00e1quina descascadora e debulhadora de milho como esta, que \u00e9 muito conveniente para processar milho.<\/p>    <figure class=\"wp-block-embed is-type-video is-provider-youtube wp-block-embed-youtube wp-embed-aspect-16-9 wp-has-aspect-ratio\"><div class=\"wp-block-embed__wrapper\"> <iframe loading=\"lazy\" title=\"Opera\u00e7\u00e3o da M\u00e1quina de Descascar e Debulhar Milho de Alta Efici\u00eancia | Pioneiro em M\u00e1quinas Agr\u00edcolas\" width=\"500\" height=\"281\" src=\"https:\/\/www.youtube.com\/embed\/Hfeg1nPOT2Y?feature=oembed\" frameborder=\"0\" allow=\"accelerometer; autoplay; clipboard-write; encrypted-media; gyroscope; picture-in-picture; web-share\" referrerpolicy=\"strict-origin-when-cross-origin\" allowfullscreen><\/iframe> <\/div><figcaption class=\"wp-element-caption\">v\u00eddeo de trabalho da m\u00e1quina descascadora e debulhadora de milho port\u00e1til<\/figcaption><\/figure>    <h2 class=\"wp-block-heading\">Breve introdu\u00e7\u00e3o \u00e0 pequena m\u00e1quina descascadora e debulhadora de milho<\/h2>    <p>Nossa m\u00e1quina de descascar e debulhar milho para uso dom\u00e9stico \u00e9 f\u00e1cil de usar e n\u00e3o requer que as pessoas manuseiem a debulha at\u00e9 que tenham descascado o milho. A m\u00e1quina \u00e9 pequena, mas funciona de forma eficiente para atender \u00e0s necessidades di\u00e1rias das fam\u00edlias. <\/p>    <p>Al\u00e9m disso, a m\u00e1quina descascadora e debulhadora de milho funciona bem, e a espiga de milho processada est\u00e1 completa e menos quebrada. Tamb\u00e9m \u00e9 limpa e n\u00e3o requer que as pessoas peneirem novamente a espiga de milho, economizando tempo e esfor\u00e7o. <\/p>    <p class=\"translation-block\">Al\u00e9m disso, tamb\u00e9m temos modelos maiores de m\u00e1quinas de debulhar milho, <a href=\"https:\/\/www.agriculture-machine.com\/pt\/multifunctional-thresher-for-maize-beans-sorghum-millet\/\"><strong>m\u00e1quinas de debulhar multifuncionais<\/strong><\/a>, m\u00e1quinas de debulhar arroz e trigo, e <a href=\"https:\/\/www.agriculture-machine.com\/pt\/small-sweet-corn-sheller-for-fresh-maize\/\"><strong>m\u00e1quinas de debulhar milho doce<\/strong><\/a>. Os clientes podem escolher a m\u00e1quina de acordo com suas necessidades.<\/p>    <figure class=\"wp-block-gallery has-nested-images columns-default is-cropped wp-block-gallery-2 is-layout-flex wp-block-gallery-is-layout-flex\"> <figure class=\"wp-block-image size-large\"><img loading=\"lazy\" decoding=\"async\" width=\"720\" height=\"540\" data-id=\"13409\" src=\"https:\/\/www.agriculture-machine.com\/wp-content\/uploads\/2022\/05\/small-maize-peeler-and-thresher.jpg\" alt=\"pequena descascadora e debulhadora de milho\" class=\"wp-image-13409\" title=\"pequena descascadora e debulhadora de milho\" srcset=\"https:\/\/www.agriculture-machine.com\/wp-content\/uploads\/2022\/05\/small-maize-peeler-and-thresher.jpg 720w, https:\/\/www.agriculture-machine.com\/wp-content\/uploads\/2022\/05\/small-maize-peeler-and-thresher-360x270.jpg 360w, https:\/\/www.agriculture-machine.com\/wp-content\/uploads\/2022\/05\/small-maize-peeler-and-thresher-240x180.jpg 240w\" sizes=\"auto, (max-width: 720px) 100vw, 720px\" \/><figcaption class=\"wp-element-caption\">pequena descascadora e debulhadora de milho<\/figcaption><\/figure>    <figure class=\"wp-block-image size-large\"><img loading=\"lazy\" decoding=\"async\" width=\"720\" height=\"540\" data-id=\"13410\" src=\"https:\/\/www.agriculture-machine.com\/wp-content\/uploads\/2022\/05\/corn-threshing-machine.jpg\" alt=\"M\u00e1quina de debulhar milho\" class=\"wp-image-13410\" title=\"M\u00e1quina de debulhar milho\" srcset=\"https:\/\/www.agriculture-machine.com\/wp-content\/uploads\/2022\/05\/corn-threshing-machine.jpg 720w, https:\/\/www.agriculture-machine.com\/wp-content\/uploads\/2022\/05\/corn-threshing-machine-360x270.jpg 360w, https:\/\/www.agriculture-machine.com\/wp-content\/uploads\/2022\/05\/corn-threshing-machine-240x180.jpg 240w\" sizes=\"auto, (max-width: 720px) 100vw, 720px\" \/><figcaption class=\"wp-element-caption\">M\u00e1quina de debulhar milho<\/figcaption><\/figure>    <figure class=\"wp-block-image size-large\"><img loading=\"lazy\" decoding=\"async\" width=\"720\" height=\"540\" data-id=\"13411\" src=\"https:\/\/www.agriculture-machine.com\/wp-content\/uploads\/2022\/05\/mini-corn-thresher.jpg\" alt=\"mini debulhador de milho\" class=\"wp-image-13411\" title=\"mini debulhador de milho\" srcset=\"https:\/\/www.agriculture-machine.com\/wp-content\/uploads\/2022\/05\/mini-corn-thresher.jpg 720w, https:\/\/www.agriculture-machine.com\/wp-content\/uploads\/2022\/05\/mini-corn-thresher-360x270.jpg 360w, https:\/\/www.agriculture-machine.com\/wp-content\/uploads\/2022\/05\/mini-corn-thresher-240x180.jpg 240w\" sizes=\"auto, (max-width: 720px) 100vw, 720px\" \/><figcaption class=\"wp-element-caption\">mini debulhador de milho<\/figcaption><\/figure> <\/figure>    <h2 class=\"wp-block-heading\">Estrutura da m\u00e1quina de debulhar milho em pequena escala<\/h2>    <p>Esta m\u00e1quina de debulhar milho em pequena escala \u00e9 composta principalmente pela entrada de material, estrutura, pot\u00eancia (motor el\u00e9trico ou motor a gasolina), sa\u00edda de gr\u00e3os de milho, sa\u00edda de casca e sa\u00edda de espiga, c\u00e2mara de descascar e debulhar, ventilador, etc. <\/p>    <figure class=\"wp-block-image aligncenter size-full\"><img loading=\"lazy\" decoding=\"async\" width=\"720\" height=\"540\" src=\"https:\/\/www.agriculture-machine.com\/wp-content\/uploads\/2022\/05\/small-scale-corn-threshing-machines-structure.jpg\" alt=\"estrutura da m\u00e1quina de debulhar milho em pequena escala\" class=\"wp-image-13406\" title=\"estrutura da m\u00e1quina de debulhar milho em pequena escala\" srcset=\"https:\/\/www.agriculture-machine.com\/wp-content\/uploads\/2022\/05\/small-scale-corn-threshing-machines-structure.jpg 720w, https:\/\/www.agriculture-machine.com\/wp-content\/uploads\/2022\/05\/small-scale-corn-threshing-machines-structure-360x270.jpg 360w, https:\/\/www.agriculture-machine.com\/wp-content\/uploads\/2022\/05\/small-scale-corn-threshing-machines-structure-240x180.jpg 240w\" sizes=\"auto, (max-width: 720px) 100vw, 720px\" \/><figcaption class=\"wp-element-caption\">small-scale corn threshing machine&#8217;s structure<\/figcaption><\/figure>    <h2 class=\"wp-block-heading\" id=\"h-5-reasons-to-use-the-mini-corn-thresher-machine\">5 raz\u00f5es para usar a mini m\u00e1quina debulhadora de milho<\/h2>    <ol class=\"wp-block-list\"> <li>The threshing effect is high. Its capacity is 2000 kg per hour. So, it can meet people&#8217;s threshing needs, when the corn is harvested.<\/li>    <li>High removal rate. It has a 99% removal rate. So we don&#8217;t need to worry about missing a lot of corn seeds.<\/li>    <li>A entrada de alimenta\u00e7\u00e3o \u00e9 grande, com 330mm de largura e 360mm de comprimento. Pode alimentar uma grande quantidade de milho de uma s\u00f3 vez. Assim, \u00e9 uma economia de tempo e energia quando usamos esta pequena m\u00e1quina de descascar e debulhar milho para uso dom\u00e9stico.<\/li>    <li>As sementes e as espigas s\u00e3o separadas automaticamente com menos tempo e esfor\u00e7o, e as espigas de milho e os gr\u00e3os de milho s\u00e3o separados automaticamente.<\/li>    <li>Com m\u00faltiplas fun\u00e7\u00f5es, pode terminar o descascamento e a debulha.<\/li> <\/ol>    <figure class=\"wp-block-image aligncenter size-full\"><img loading=\"lazy\" decoding=\"async\" width=\"720\" height=\"540\" src=\"https:\/\/www.agriculture-machine.com\/wp-content\/uploads\/2022\/05\/traditional-threshing-method.jpg\" alt=\"m\u00e9todo tradicional de debulha\" class=\"wp-image-13412\" title=\"m\u00e9todo tradicional de debulha\" srcset=\"https:\/\/www.agriculture-machine.com\/wp-content\/uploads\/2022\/05\/traditional-threshing-method.jpg 720w, https:\/\/www.agriculture-machine.com\/wp-content\/uploads\/2022\/05\/traditional-threshing-method-360x270.jpg 360w, https:\/\/www.agriculture-machine.com\/wp-content\/uploads\/2022\/05\/traditional-threshing-method-240x180.jpg 240w\" sizes=\"auto, (max-width: 720px) 100vw, 720px\" \/><figcaption class=\"wp-element-caption\">m\u00e9todo tradicional de debulha<\/figcaption><\/figure>    <h2 class=\"wp-block-heading\" id=\"h-advantages-of-small-maize-peeler-and-thresher-machine\">Vantagens da pequena m\u00e1quina descascadora e debulhadora de milho<\/h2>    <p>A mini m\u00e1quina descascadora e debulhadora de milho tem um quadro refor\u00e7ado e espesso. Portanto, tem uma vida \u00fatil mais longa. Ao mesmo tempo, um quadro robusto far\u00e1 com que a m\u00e1quina debulhadora funcione de forma mais est\u00e1vel e dur\u00e1vel. O debulhador de milho vertical tem um ventilador superpotente, os gr\u00e3os de milho ap\u00f3s a debulha ficam particularmente limpos. Assim, os gr\u00e3os de milho podem ser vendidos diretamente.<\/p>    <figure class=\"wp-block-image aligncenter size-full\"><img loading=\"lazy\" decoding=\"async\" width=\"720\" height=\"540\" src=\"https:\/\/www.agriculture-machine.com\/wp-content\/uploads\/2022\/05\/maize-peeler-and-thresher-machine.jpg\" alt=\"m\u00e1quina descascadora e debulhadora de milho\" class=\"wp-image-13413\" title=\"m\u00e1quina descascadora e debulhadora de milho\" srcset=\"https:\/\/www.agriculture-machine.com\/wp-content\/uploads\/2022\/05\/maize-peeler-and-thresher-machine.jpg 720w, https:\/\/www.agriculture-machine.com\/wp-content\/uploads\/2022\/05\/maize-peeler-and-thresher-machine-360x270.jpg 360w, https:\/\/www.agriculture-machine.com\/wp-content\/uploads\/2022\/05\/maize-peeler-and-thresher-machine-240x180.jpg 240w\" sizes=\"auto, (max-width: 720px) 100vw, 720px\" \/><figcaption class=\"wp-element-caption\">m\u00e1quina descascadora e debulhadora de milho<\/figcaption><\/figure>    <h2 class=\"wp-block-heading\" id=\"h-use-of-small-corn-peeler-thresher\">Uso de pequena m\u00e1quina descascadora e debulhadora de milho<\/h2>    <ol class=\"wp-block-list\"> <li>Primeiramente, ligue o descascador e debulhador de milho. E verifique se h\u00e1 problemas com a m\u00e1quina. <\/li>    <li>Se n\u00e3o houver problema com a m\u00e1quina, coloque o milho diretamente na entrada da m\u00e1quina. <\/li>    <li>Then the maize peeler and thresher&#8217;s threshing device will work. <\/li>    <li>Finalmente, a m\u00e1quina descarrega as espigas de milho, cascas e gr\u00e3os atrav\u00e9s de diferentes sa\u00eddas. <\/li>    <li>Basta colocar o milho na m\u00e1quina, e a m\u00e1quina pode terminar automaticamente o descascamento e a debulha.<\/li> <\/ol>    <figure class=\"wp-block-gallery has-nested-images columns-default is-cropped wp-block-gallery-3 is-layout-flex wp-block-gallery-is-layout-flex\"> <figure class=\"wp-block-image size-large\"><a href=\"https:\/\/www.agriculture-machine.com\/wp-content\/uploads\/2021\/06\/Use-of-small-corn-peeler-thresher.jpg\"><img loading=\"lazy\" decoding=\"async\" width=\"415\" height=\"540\" data-id=\"10778\" src=\"https:\/\/www.agriculture-machine.com\/wp-content\/uploads\/2021\/06\/Use-of-small-corn-peeler-thresher.jpg\" alt=\"\" class=\"wp-image-10778\" srcset=\"https:\/\/www.agriculture-machine.com\/wp-content\/uploads\/2021\/06\/Use-of-small-corn-peeler-thresher.jpg 415w, https:\/\/www.agriculture-machine.com\/wp-content\/uploads\/2021\/06\/Use-of-small-corn-peeler-thresher-208x270.jpg 208w\" sizes=\"auto, (max-width: 415px) 100vw, 415px\" \/><\/a><\/figure>    <figure class=\"wp-block-image size-large\"><a href=\"https:\/\/www.agriculture-machine.com\/wp-content\/uploads\/2021\/06\/Use-of-mini-corn-peeler-thresher.jpg\"><img loading=\"lazy\" decoding=\"async\" width=\"415\" height=\"540\" data-id=\"10777\" src=\"https:\/\/www.agriculture-machine.com\/wp-content\/uploads\/2021\/06\/Use-of-mini-corn-peeler-thresher.jpg\" alt=\"\" class=\"wp-image-10777\" srcset=\"https:\/\/www.agriculture-machine.com\/wp-content\/uploads\/2021\/06\/Use-of-mini-corn-peeler-thresher.jpg 415w, https:\/\/www.agriculture-machine.com\/wp-content\/uploads\/2021\/06\/Use-of-mini-corn-peeler-thresher-208x270.jpg 208w\" sizes=\"auto, (max-width: 415px) 100vw, 415px\" \/><\/a><\/figure> <\/figure>    <h2 class=\"wp-block-heading\" id=\"h-difference-between-the-two-types-of-corn-thresher\">Diferen\u00e7a entre os dois tipos de debulhador de milho<\/h2>    <p>Temos tamb\u00e9m outro descascador e debulhador de milho. Eles diferem nos seguintes aspectos.<\/p>    <ol class=\"wp-block-list\"> <li>Pot\u00eancias diferentes. O <a href=\"https:\/\/www.agriculture-machine.com\/pt\/maize-peeler-and-thresher\/\">tipo anterior de descascador e debulhador<\/a> pode usar motores el\u00e9tricos, motores a gasolina e motores a diesel. A pot\u00eancia deste pequeno descascador e debulhador de milho vertical n\u00e3o requer um motor a diesel, pode ser iniciado apenas com um motor e um motor a gasolina. <\/li>    <li>Eles diferem em tamanho. O debulhador de milho vertical \u00e9 menor.<\/li>    <li>Os outros tipos de descascadores e debulhadores de milho t\u00eam capacidades maiores.<\/li> <\/ol>    <h2 class=\"wp-block-heading\" id=\"h-reseller-customers\">Clientes revendedores<\/h2>    <p class=\"translation-block\">O tamanho desta m\u00e1quina \u00e9 muito pequeno. e \u00e9 muito adequada para uso dom\u00e9stico. Para os revendedores, esta m\u00e1quina \u00e9 muito adequada para compra. \u00c9 um projeto de investimento muito bom. Um cont\u00eainer 40 HQ pode conter cerca de 600 dessas m\u00e1quinas. Depois, vend\u00ea-las para os agricultores locais. Assim como nossos clientes no Zimb\u00e1bue compraram <a href=\"https:\/\/www.agriculture-machine.com\/pt\/40-hq-agriculture-machine-sold-to-zimbabwe\/\">muitos pequenos debulhadores multifuncionais<\/a>, e logo receberam pedidos, porque esta pequena m\u00e1quina \u00e9 muito adequada para uso dom\u00e9stico.<\/p>    <figure class=\"wp-block-gallery has-nested-images columns-default is-cropped wp-block-gallery-4 is-layout-flex wp-block-gallery-is-layout-flex\"> <figure class=\"wp-block-image size-large\"><a href=\"https:\/\/www.agriculture-machine.com\/wp-content\/uploads\/2022\/05\/mini-maize-procesor.jpg\"><img loading=\"lazy\" decoding=\"async\" width=\"720\" height=\"540\" data-id=\"13415\" src=\"https:\/\/www.agriculture-machine.com\/wp-content\/uploads\/2022\/05\/mini-maize-procesor.jpg\" alt=\"mini processador de milho\" class=\"wp-image-13415\" title=\"mini processador de milho\" srcset=\"https:\/\/www.agriculture-machine.com\/wp-content\/uploads\/2022\/05\/mini-maize-procesor.jpg 720w, https:\/\/www.agriculture-machine.com\/wp-content\/uploads\/2022\/05\/mini-maize-procesor-360x270.jpg 360w, https:\/\/www.agriculture-machine.com\/wp-content\/uploads\/2022\/05\/mini-maize-procesor-240x180.jpg 240w\" sizes=\"auto, (max-width: 720px) 100vw, 720px\" \/><\/a><figcaption class=\"wp-element-caption\">mini processador de milho<\/figcaption><\/figure>    <figure class=\"wp-block-image size-large\"><a href=\"https:\/\/www.agriculture-machine.com\/wp-content\/uploads\/2022\/05\/small-corn-thresher.jpg\"><img loading=\"lazy\" decoding=\"async\" width=\"720\" height=\"540\" data-id=\"13414\" src=\"https:\/\/www.agriculture-machine.com\/wp-content\/uploads\/2022\/05\/small-corn-thresher.jpg\" alt=\"pequeno debulhador de milho\" class=\"wp-image-13414\" title=\"pequeno debulhador de milho\" srcset=\"https:\/\/www.agriculture-machine.com\/wp-content\/uploads\/2022\/05\/small-corn-thresher.jpg 720w, https:\/\/www.agriculture-machine.com\/wp-content\/uploads\/2022\/05\/small-corn-thresher-360x270.jpg 360w, https:\/\/www.agriculture-machine.com\/wp-content\/uploads\/2022\/05\/small-corn-thresher-240x180.jpg 240w\" sizes=\"auto, (max-width: 720px) 100vw, 720px\" \/><\/a><figcaption class=\"wp-element-caption\">pequeno debulhador de milho<\/figcaption><\/figure> <\/figure>    <h2 class=\"wp-block-heading\" id=\"h-specification-of-the-home-use-corn-peeling-and-threshing-machine\">Especifica\u00e7\u00e3o da m\u00e1quina de descascar e debulhar milho para uso dom\u00e9stico<\/h2>    <figure class=\"wp-block-table is-style-stripes\"><table><tbody><tr><td>Modelo<\/td><td>Pequena descascadora e debulhadora de milho<\/td><\/tr><tr><td>Pot\u00eancia<\/td><td>motor a gasolina ou motor el\u00e9trico<\/td><\/tr><tr><td>Capacidade<\/td><td>1500-2000kg\/h<\/td><\/tr><tr><td>Peso da m\u00e1quina<\/td><td>65kg<\/td><\/tr><tr><td>Tamanho da m\u00e1quina<\/td><td>440*400*800mm<\/td><\/tr><\/tbody><\/table><figcaption class=\"wp-element-caption\">corn peeling and threshing machine&#8217;s parameter<\/figcaption><\/figure>    <h2 class=\"wp-block-heading\">Descascador e debulhador de milho combinado vendido para o M\u00e9xico<\/h2>    <p>Na semana passada, nosso cliente mexicano pediu 20 pequenas m\u00e1quinas descascadoras e debulhadoras de milho de n\u00f3s. Ele soube sobre a m\u00e1quina de descascar e debulhar milho em nosso site e deixou suas informa\u00e7\u00f5es de contato. <\/p>    <p>Our sales manager added the customer&#8217;s WhatsApp, and through thorough communication, we realized that our small corn threshers were perfect for the customer&#8217;s needs. <\/p>    <p>O cliente finalmente decidiu comprar nossa m\u00e1quina de descascar e debulhar milho para uso dom\u00e9stico. Aqui est\u00e1 a foto de embalagem e envio da m\u00e1quina.<\/p>    <figure class=\"wp-block-gallery has-nested-images columns-default is-cropped wp-block-gallery-5 is-layout-flex wp-block-gallery-is-layout-flex\"> <figure class=\"wp-block-image size-large\"><img loading=\"lazy\" decoding=\"async\" width=\"720\" height=\"540\" data-id=\"13416\" src=\"https:\/\/www.agriculture-machine.com\/wp-content\/uploads\/2022\/05\/wooden-case-package-of-corn-thresher.jpg\" alt=\"embalagem em caixa de madeira do debulhador de milho\" class=\"wp-image-13416\" title=\"embalagem em caixa de madeira do debulhador de milho\" srcset=\"https:\/\/www.agriculture-machine.com\/wp-content\/uploads\/2022\/05\/wooden-case-package-of-corn-thresher.jpg 720w, https:\/\/www.agriculture-machine.com\/wp-content\/uploads\/2022\/05\/wooden-case-package-of-corn-thresher-360x270.jpg 360w, https:\/\/www.agriculture-machine.com\/wp-content\/uploads\/2022\/05\/wooden-case-package-of-corn-thresher-240x180.jpg 240w\" sizes=\"auto, (max-width: 720px) 100vw, 720px\" \/><figcaption class=\"wp-element-caption\">embalagem em caixa de madeira do debulhador de milho<\/figcaption><\/figure>    <figure class=\"wp-block-image size-large\"><img loading=\"lazy\" decoding=\"async\" width=\"720\" height=\"540\" data-id=\"13417\" src=\"https:\/\/www.agriculture-machine.com\/wp-content\/uploads\/2022\/05\/loading-of-the-machine.jpg\" alt=\"carregamento da m\u00e1quina\" class=\"wp-image-13417\" title=\"carregamento da m\u00e1quina\" srcset=\"https:\/\/www.agriculture-machine.com\/wp-content\/uploads\/2022\/05\/loading-of-the-machine.jpg 720w, https:\/\/www.agriculture-machine.com\/wp-content\/uploads\/2022\/05\/loading-of-the-machine-360x270.jpg 360w, https:\/\/www.agriculture-machine.com\/wp-content\/uploads\/2022\/05\/loading-of-the-machine-240x180.jpg 240w\" sizes=\"auto, (max-width: 720px) 100vw, 720px\" \/><figcaption class=\"wp-element-caption\">carregamento da m\u00e1quina<\/figcaption><\/figure>    <figure class=\"wp-block-image size-large\"><img loading=\"lazy\" decoding=\"async\" width=\"720\" height=\"540\" data-id=\"13404\" src=\"https:\/\/www.agriculture-machine.com\/wp-content\/uploads\/2022\/05\/shipping-of-corn-peeler-and-thresher.jpg\" alt=\"envio de descascador e debulhador de milho\" class=\"wp-image-13404\" title=\"envio de descascador e debulhador de milho\" srcset=\"https:\/\/www.agriculture-machine.com\/wp-content\/uploads\/2022\/05\/shipping-of-corn-peeler-and-thresher.jpg 720w, https:\/\/www.agriculture-machine.com\/wp-content\/uploads\/2022\/05\/shipping-of-corn-peeler-and-thresher-360x270.jpg 360w, https:\/\/www.agriculture-machine.com\/wp-content\/uploads\/2022\/05\/shipping-of-corn-peeler-and-thresher-240x180.jpg 240w\" sizes=\"auto, (max-width: 720px) 100vw, 720px\" \/><figcaption class=\"wp-element-caption\">envio de descascador e debulhador de milho<\/figcaption><\/figure> <\/figure>    <h2 class=\"wp-block-heading\">Contate-nos a qualquer momento<\/h2>    <p>Se voc\u00ea estiver interessado em nossa m\u00e1quina de descascar e debulhar milho ou tiver alguma d\u00favida, estamos sempre prontos para fornecer informa\u00e7\u00f5es detalhadas e consultoria profissional. Por favor, n\u00e3o hesite em nos contatar imediatamente! Nossa equipe profissional ficar\u00e1 feliz em atend\u00ea-lo e responder \u00e0s suas preocupa\u00e7\u00f5es.<\/p>","protected":false},"excerpt":{"rendered":"<p>Esta \u00e9 uma pequena m\u00e1quina descascadora e debulhadora de milho. \u00c9 muito adequada para uso dom\u00e9stico. Sua capacidade \u00e9 de 1500-2000 kg\/h (gr\u00e3os de milho). <\/p>","protected":false},"author":1,"featured_media":13408,"parent":0,"comment_status":"closed","ping_status":"closed","template":"","tags":[2614],"product-type":[872],"class_list":["post-10764","product","type-product","status-publish","has-post-thumbnail","hentry","tag-thresher","product-type-thresher-sheller"],"_links":{"self":[{"href":"https:\/\/www.agriculture-machine.com\/pt\/wp-json\/wp\/v2\/product\/10764","targetHints":{"allow":["GET"]}}],"collection":[{"href":"https:\/\/www.agriculture-machine.com\/pt\/wp-json\/wp\/v2\/product"}],"about":[{"href":"https:\/\/www.agriculture-machine.com\/pt\/wp-json\/wp\/v2\/types\/product"}],"author":[{"embeddable":true,"href":"https:\/\/www.agriculture-machine.com\/pt\/wp-json\/wp\/v2\/users\/1"}],"replies":[{"embeddable":true,"href":"https:\/\/www.agriculture-machine.com\/pt\/wp-json\/wp\/v2\/comments?post=10764"}],"wp:featuredmedia":[{"embeddable":true,"href":"https:\/\/www.agriculture-machine.com\/pt\/wp-json\/wp\/v2\/media\/13408"}],"wp:attachment":[{"href":"https:\/\/www.agriculture-machine.com\/pt\/wp-json\/wp\/v2\/media?parent=10764"}],"wp:term":[{"taxonomy":"post_tag","embeddable":true,"href":"https:\/\/www.agriculture-machine.com\/pt\/wp-json\/wp\/v2\/tags?post=10764"},{"taxonomy":"product-type","embeddable":true,"href":"https:\/\/www.agriculture-machine.com\/pt\/wp-json\/wp\/v2\/product-type?post=10764"}],"curies":[{"name":"wp","href":"https:\/\/api.w.org\/{rel}","templated":true}]}}