{"id":10781,"date":"2021-06-22T16:21:32","date_gmt":"2021-06-22T08:21:32","guid":{"rendered":"https:\/\/www.agriculture-machine.com\/?p=10781"},"modified":"2024-09-23T11:27:07","modified_gmt":"2024-09-23T03:27:07","slug":"small-home-use-corn-thresher","status":"publish","type":"product","link":"https:\/\/www.agriculture-machine.com\/pt\/small-home-use-corn-thresher\/","title":{"rendered":"Debulhadora de milho para uso dom\u00e9stico | Pequena debulhadora de milho \u00e0 venda"},"content":{"rendered":"<p>Este \u00e9 um debulhador de milho de dupla rola. O efeito de debulhar \u00e9 mais r\u00e1pido e melhor. A m\u00e1quina pode ser equipada com dois modos de energia: motor el\u00e9trico e motor a gasolina. A estrutura da m\u00e1quina \u00e9 muito pequena, e tamb\u00e9m \u00e9 muito adequada para uso dom\u00e9stico.<\/p>    <figure class=\"wp-block-embed is-type-video is-provider-youtube wp-block-embed-youtube wp-embed-aspect-16-9 wp-has-aspect-ratio\"><div class=\"wp-block-embed__wrapper\"> <iframe loading=\"lazy\" title=\"Ferramenta favorita dos agricultores! M\u00e1quina de pelar milho \/ Debulhador de milho \/ Debulhar milho \/ Pelador de milho\" width=\"500\" height=\"281\" src=\"https:\/\/www.youtube.com\/embed\/DvmhM1jNc0A?feature=oembed\" frameborder=\"0\" allow=\"accelerometer; autoplay; clipboard-write; encrypted-media; gyroscope; picture-in-picture; web-share\" referrerpolicy=\"strict-origin-when-cross-origin\" allowfullscreen><\/iframe> <\/div><figcaption class=\"wp-element-caption\">V\u00eddeo de funcionamento do debulhador de milho para uso dom\u00e9stico<\/figcaption><\/figure>    <h2 class=\"wp-block-heading\" id=\"h-structure-of-small-corn-thresher\">Estrutura do debulhador de milho pequeno<\/h2>    <p id=\"h-this-type-of-household-corn-thresher-has-a-double-roller\">Este tipo de debulhador de milho dom\u00e9stico possui um rolo duplo.&nbsp;<\/p>    <figure class=\"wp-block-image aligncenter size-large\"><img loading=\"lazy\" decoding=\"async\" width=\"720\" height=\"540\" src=\"https:\/\/www.agriculture-machine.com\/wp-content\/uploads\/2021\/06\/double-roller-corn-thresher-1.jpg\" alt=\"Debulhador de milho de dupla rola\" class=\"wp-image-10794\" srcset=\"https:\/\/www.agriculture-machine.com\/wp-content\/uploads\/2021\/06\/double-roller-corn-thresher-1.jpg 720w, https:\/\/www.agriculture-machine.com\/wp-content\/uploads\/2021\/06\/double-roller-corn-thresher-1-360x270.jpg 360w, https:\/\/www.agriculture-machine.com\/wp-content\/uploads\/2021\/06\/double-roller-corn-thresher-1-240x180.jpg 240w\" sizes=\"auto, (max-width: 720px) 100vw, 720px\" \/><figcaption class=\"wp-element-caption\">Debulhador de milho de dupla rola<\/figcaption><\/figure>    <h2 class=\"wp-block-heading\" id=\"h-machine-details-display\">Exibi\u00e7\u00e3o de detalhes da m\u00e1quina<br><\/h2>    <div class=\"wp-block-columns is-layout-flex wp-container-core-columns-is-layout-9d6595d7 wp-block-columns-is-layout-flex\"> <div class=\"wp-block-column is-layout-flow wp-block-column-is-layout-flow\"> <figure class=\"wp-block-image size-large is-resized\"><img loading=\"lazy\" decoding=\"async\" width=\"360\" height=\"307\" src=\"https:\/\/www.agriculture-machine.com\/wp-content\/uploads\/2021\/06\/corn-inlet.jpg\" alt=\"Entrada de milho\" class=\"wp-image-10790\" style=\"width:180px;height:154px\" srcset=\"https:\/\/www.agriculture-machine.com\/wp-content\/uploads\/2021\/06\/corn-inlet.jpg 360w, https:\/\/www.agriculture-machine.com\/wp-content\/uploads\/2021\/06\/corn-inlet-317x270.jpg 317w\" sizes=\"auto, (max-width: 360px) 100vw, 360px\" \/><figcaption class=\"wp-element-caption\">Entrada de milho<\/figcaption><\/figure> <\/div>    <div class=\"wp-block-column is-layout-flow wp-block-column-is-layout-flow\"> <p>Quando a m\u00e1quina come\u00e7a, pode colocar muita milho ao mesmo tempo.<\/p> <\/div> <\/div>    <div class=\"wp-block-columns is-layout-flex wp-container-core-columns-is-layout-9d6595d7 wp-block-columns-is-layout-flex\"> <div class=\"wp-block-column is-layout-flow wp-block-column-is-layout-flow\"> <p>Existem 14 engrenagens.<\/p>    <p>Pode processar tanto milho grande quanto pequeno ajustando a engrenagem.<\/p> <\/div>    <div class=\"wp-block-column is-layout-flow wp-block-column-is-layout-flow\"> <figure class=\"wp-block-image size-large is-resized\"><img loading=\"lazy\" decoding=\"async\" width=\"360\" height=\"307\" src=\"https:\/\/www.agriculture-machine.com\/wp-content\/uploads\/2021\/06\/gear.jpg\" alt=\"Engrenagem\" class=\"wp-image-10791\" style=\"width:270px;height:230px\" srcset=\"https:\/\/www.agriculture-machine.com\/wp-content\/uploads\/2021\/06\/gear.jpg 360w, https:\/\/www.agriculture-machine.com\/wp-content\/uploads\/2021\/06\/gear-317x270.jpg 317w\" sizes=\"auto, (max-width: 360px) 100vw, 360px\" \/><figcaption class=\"wp-element-caption\">Engrenagem<\/figcaption><\/figure> <\/div> <\/div>    <div class=\"wp-block-columns is-layout-flex wp-container-core-columns-is-layout-9d6595d7 wp-block-columns-is-layout-flex\"> <div class=\"wp-block-column is-layout-flow wp-block-column-is-layout-flow\"> <figure class=\"wp-block-image size-large is-resized\"><img loading=\"lazy\" decoding=\"async\" width=\"360\" height=\"307\" src=\"https:\/\/www.agriculture-machine.com\/wp-content\/uploads\/2021\/06\/corn-cob-outlet.jpg\" alt=\"Sa\u00edda de espiga de milho\" class=\"wp-image-10792\" style=\"width:270px;height:230px\" srcset=\"https:\/\/www.agriculture-machine.com\/wp-content\/uploads\/2021\/06\/corn-cob-outlet.jpg 360w, https:\/\/www.agriculture-machine.com\/wp-content\/uploads\/2021\/06\/corn-cob-outlet-317x270.jpg 317w\" sizes=\"auto, (max-width: 360px) 100vw, 360px\" \/><figcaption class=\"wp-element-caption\">Sa\u00edda de espiga de milho<\/figcaption><\/figure> <\/div>    <div class=\"wp-block-column is-layout-flow wp-block-column-is-layout-flow\"> <p>Esta \u00e9 uma sa\u00edda de espiga de milho<\/p>    <p>Ap\u00f3s debulhar o milho, a espiga sai daqui.<\/p> <\/div> <\/div>    <div class=\"wp-block-columns is-layout-flex wp-container-core-columns-is-layout-9d6595d7 wp-block-columns-is-layout-flex\"> <div class=\"wp-block-column is-layout-flow wp-block-column-is-layout-flow\"> <p>Existem 4 rodas.<\/p>    <p>\u00c9 muito adequado para mover, assim a \u00e1rea de trabalho n\u00e3o \u00e9 limitada.<\/p> <\/div>    <div class=\"wp-block-column is-layout-flow wp-block-column-is-layout-flow\"> <figure class=\"wp-block-image size-large is-resized\"><img loading=\"lazy\" decoding=\"async\" width=\"360\" height=\"307\" src=\"https:\/\/www.agriculture-machine.com\/wp-content\/uploads\/2021\/06\/wheel.jpg\" alt=\"Roda do debulhador de milho para uso dom\u00e9stico\" class=\"wp-image-10793\" style=\"width:270px;height:230px\" srcset=\"https:\/\/www.agriculture-machine.com\/wp-content\/uploads\/2021\/06\/wheel.jpg 360w, https:\/\/www.agriculture-machine.com\/wp-content\/uploads\/2021\/06\/wheel-317x270.jpg 317w\" sizes=\"auto, (max-width: 360px) 100vw, 360px\" \/><figcaption class=\"wp-element-caption\">Roda do debulhador de milho dom\u00e9stico<\/figcaption><\/figure> <\/div> <\/div>    <h2 class=\"wp-block-heading\" id=\"h-use-of-small-corn-thresher\">Uso do debulhador de milho pequeno<\/h2>    <p>Este debulhador de milho para uso dom\u00e9stico vale a pena ter em cada casa. N\u00e3o importa quanto milho voc\u00ea cultive, pode comprar uma m\u00e1quina assim. Porque \u00e9 muito pequeno, n\u00e3o ocupa espa\u00e7o, e a produ\u00e7\u00e3o tamb\u00e9m \u00e9 adequada para uso dom\u00e9stico.<\/p>    <figure class=\"wp-block-gallery has-nested-images columns-default is-cropped wp-block-gallery-2 is-layout-flex wp-block-gallery-is-layout-flex\"> <figure class=\"wp-block-image size-large\"><a href=\"https:\/\/www.agriculture-machine.com\/wp-content\/uploads\/2021\/06\/Home-use-corn-thresher.jpg\"><img loading=\"lazy\" decoding=\"async\" width=\"720\" height=\"540\" data-id=\"10796\" src=\"https:\/\/www.agriculture-machine.com\/wp-content\/uploads\/2021\/06\/Home-use-corn-thresher.jpg\" alt=\"Debulhador de milho para uso dom\u00e9stico\" class=\"wp-image-10796\" srcset=\"https:\/\/www.agriculture-machine.com\/wp-content\/uploads\/2021\/06\/Home-use-corn-thresher.jpg 720w, https:\/\/www.agriculture-machine.com\/wp-content\/uploads\/2021\/06\/Home-use-corn-thresher-360x270.jpg 360w, https:\/\/www.agriculture-machine.com\/wp-content\/uploads\/2021\/06\/Home-use-corn-thresher-240x180.jpg 240w\" sizes=\"auto, (max-width: 720px) 100vw, 720px\" \/><\/a><figcaption class=\"wp-element-caption\">Debulhador de milho para uso dom\u00e9stico<\/figcaption><\/figure>    <figure class=\"wp-block-image size-large\"><a href=\"https:\/\/www.agriculture-machine.com\/wp-content\/uploads\/2021\/06\/use-of-Household-corn-thresher.jpg\"><img loading=\"lazy\" decoding=\"async\" width=\"720\" height=\"540\" data-id=\"10797\" src=\"https:\/\/www.agriculture-machine.com\/wp-content\/uploads\/2021\/06\/use-of-Household-corn-thresher.jpg\" alt=\"uso-do-debulhador-de-milho-dom\u00e9stico\" class=\"wp-image-10797\" srcset=\"https:\/\/www.agriculture-machine.com\/wp-content\/uploads\/2021\/06\/use-of-Household-corn-thresher.jpg 720w, https:\/\/www.agriculture-machine.com\/wp-content\/uploads\/2021\/06\/use-of-Household-corn-thresher-360x270.jpg 360w, https:\/\/www.agriculture-machine.com\/wp-content\/uploads\/2021\/06\/use-of-Household-corn-thresher-240x180.jpg 240w\" sizes=\"auto, (max-width: 720px) 100vw, 720px\" \/><\/a><figcaption class=\"wp-element-caption\">uso-do-debulhador-de-milho-dom\u00e9stico<\/figcaption><\/figure> <\/figure>    <h2 class=\"wp-block-heading\" id=\"h-ten-points-to-the-operation-of-small-corn-thresher\">Dez pontos para a opera\u00e7\u00e3o do debulhador de milho pequeno<\/h2>    <p>Se a opera\u00e7\u00e3o for descuidada, n\u00e3o s\u00f3 causar\u00e1 danos \u00e0 m\u00e1quina, mas tamb\u00e9m pode causar ferimentos pessoais graves e perdas econ\u00f3micas.<\/p>    <h3 class=\"wp-block-heading\" id=\"h-1-v-belt-of-household-corn-thresher\">(1) Correia V do debulhador de milho dom\u00e9stico<\/h3>    <p>Preste aten\u00e7\u00e3o \u00e0 tens\u00e3o da correia de transmiss\u00e3o triangular do debulhador de milho. Se estiver demasiado apertada, pode danificar a m\u00e1quina; se estiver demasiado solta, a correia escorregar\u00e1, e deve ser readaptada se estiver demasiado solta ou demasiado apertada.<\/p>    <h3 class=\"wp-block-heading\" id=\"h-2-pulley\">(2) Polia<\/h3>    <p>Verifique se o sistema de transmiss\u00e3o, como a polia da correia do debulhador de milho, est\u00e1 em estado normal. Se houver anormalidade, \u00e9 necess\u00e1rio ajust\u00e1-lo para um estado relativamente bom.<\/p>    <h3 class=\"wp-block-heading\" id=\"h-3-motor-steering\">(3) Dire\u00e7\u00e3o do motor<\/h3>    <p>Antes de come\u00e7ar a trabalhar, primeiro, confirme se a dire\u00e7\u00e3o de rota\u00e7\u00e3o do motor est\u00e1 correta, ou seja, inicie o debulhador de milho e observe por 5-10 segundos. Se n\u00e3o houver som ou vibra\u00e7\u00e3o anormal, a opera\u00e7\u00e3o de debulhar deve continuar.<\/p>    <h3 class=\"wp-block-heading\" id=\"h-4-corn-dry-humidity\">(4) Humidade do milho seco<\/h3>    <p>A secura e umidade do milho est\u00e3o diretamente relacionadas ao efeito de debulhar. Milho com menos umidade, bom efeito de debulhar, debulhamento limpo e r\u00e1pido.<\/p>    <h3 class=\"wp-block-heading\" id=\"h-5-feeding-at-a-uniform-speed-and-appropriate-amount\">(5) Alimenta\u00e7\u00e3o a uma velocidade uniforme e quantidade adequada<\/h3>    <p>A alimenta\u00e7\u00e3o de espigas de milho n\u00e3o deve ser interrompida durante o trabalho. Alimente de forma cont\u00ednua e uniforme. Caso contr\u00e1rio, a qualidade e efici\u00eancia do debulhamento de milho podem ser afetadas, e a m\u00e1quina pode ficar entupida ou danificada em casos graves.<\/p>    <h3 class=\"wp-block-heading\" id=\"h-6-bolt-screw-roller-inspection\">(6) Inspe\u00e7\u00e3o do parafuso de rolo de parafusos<\/h3>    <p>Para garantir que o debulhador possa operar normalmente sempre, \u00e9 necess\u00e1rio verificar os parafusos e porcas que fixam o tambor e o assento do rolamento a qualquer momento. Caso contr\u00e1rio, aperte-os a tempo.<\/p>    <h3 class=\"wp-block-heading\" id=\"h-7-exposed-part-inspection\">(7) Inspe\u00e7\u00e3o de partes expostas<\/h3>    <p>Deve ser fornecido dispositivos de prote\u00e7\u00e3o para todas as partes expostas. Antes de cada opera\u00e7\u00e3o, verifique os parafusos do tambor de debulhar, ventilador, haste oscilante, assento do rolamento e outras partes m\u00f3veis do debulhador de milho, e n\u00e3o deve haver folga.<\/p>    <h3 class=\"wp-block-heading\" id=\"h-8-machine-troubleshooting\">(8) Diagn\u00f3stico de problemas da m\u00e1quina<\/h3>    <p>Durante o funcionamento, n\u00e3o \u00e9 permitido fazer manuten\u00e7\u00e3o de qualquer tipo de debulhador de milho, e todas as a\u00e7\u00f5es devem ser realizadas ap\u00f3s a paragem.<\/p>    <h3 class=\"wp-block-heading\" id=\"h-9-parts-lubrication-maintenance-of-home-use-corn-thresher\">(9) Lubrifica\u00e7\u00e3o e manuten\u00e7\u00e3o de pe\u00e7as do debulhador de milho para uso dom\u00e9stico<\/h3>    <p>A opera\u00e7\u00e3o prolongada de debulhar milho pode causar desgaste natural, como perfura\u00e7\u00e3o de dentes, etc., o que afetar\u00e1 a qualidade do debulhamento. Para prolongar a vida \u00fatil da m\u00e1quina e obter melhores benef\u00edcios econ\u00f3micos, todas as pe\u00e7as desgastadas devem ser lubrificadas e mantidas de forma oportuna e precisa.<\/p>    <h3 class=\"wp-block-heading\" id=\"h-10-machine-storage-of-small-corn-thresher\">(10) Armazenamento da m\u00e1quina de debulhar milho pequeno<\/h3>    <p>O tempo de funcionamento do pequeno debulhador de milho para uso dom\u00e9stico n\u00e3o \u00e9 muito longo, geralmente concentrado na \u00e9poca da colheita do milho, e na maior parte do tempo restante fica parado, por isso preste aten\u00e7\u00e3o ao armazenamento da m\u00e1quina, mantenha-a limpa, \u00e0 prova de humidade, de fogo e de umidade para que possa ser usada no pr\u00f3ximo ano.<\/p>    <figure class=\"wp-block-gallery has-nested-images columns-default is-cropped wp-block-gallery-3 is-layout-flex wp-block-gallery-is-layout-flex\"> <figure class=\"wp-block-image size-large\"><img loading=\"lazy\" decoding=\"async\" width=\"720\" height=\"540\" data-id=\"10811\" src=\"https:\/\/www.agriculture-machine.com\/wp-content\/uploads\/2021\/06\/3.jpg\" alt=\"Debulhador de milho para uso dom\u00e9stico \" class=\"wp-image-10811\" srcset=\"https:\/\/www.agriculture-machine.com\/wp-content\/uploads\/2021\/06\/3.jpg 720w, https:\/\/www.agriculture-machine.com\/wp-content\/uploads\/2021\/06\/3-360x270.jpg 360w, https:\/\/www.agriculture-machine.com\/wp-content\/uploads\/2021\/06\/3-240x180.jpg 240w\" sizes=\"auto, (max-width: 720px) 100vw, 720px\" \/><figcaption class=\"wp-element-caption\">Debulhador de milho para uso dom\u00e9stico <\/figcaption><\/figure> <\/figure>    <h2 class=\"wp-block-heading\" id=\"h-machine-parameters\">Par\u00e2metros da m\u00e1quina de debulhar milho para uso dom\u00e9stico<\/h2>    <figure class=\"wp-block-table is-style-stripes\"><table><tbody><tr><td>M\u00e1quina de debulhar milho<br><\/td><td>\uff08Tipo de rolos duplos\uff09<\/td><\/tr><tr><td>Pot\u00eancia<\/td><td>motor a gasolina ou motor el\u00e9trico<\/td><\/tr><tr><td>Capacidade<\/td><td>1500-2000kg\/h<\/td><\/tr><tr><td>Peso<\/td><td>60kg<\/td><\/tr><tr><td>Tamanho<\/td><td>750*460*375mm<\/td><\/tr><\/tbody><\/table><figcaption class=\"wp-element-caption\">Dados t\u00e9cnicos do debulhador de milho para uso dom\u00e9stico<\/figcaption><\/figure>    <h2 class=\"wp-block-heading\">Contate-nos a qualquer momento<\/h2>    <p>Se estiver interessado no nosso debulhador de milho para uso dom\u00e9stico, n\u00e3o hesite em contactar-nos, e forneceremos informa\u00e7\u00f5es detalhadas do produto. Esperamos poder oferecer a melhor solu\u00e7\u00e3o para o processamento de milho em sua casa!<\/p>","protected":false},"excerpt":{"rendered":"<p>Este \u00e9 um debulhador de milho para uso dom\u00e9stico. Sua capacidade \u00e9 de 1500-2000 kg\/h. \u00c9 pequeno em tamanho e muito adequado para uso dom\u00e9stico.<\/p>","protected":false},"author":1,"featured_media":10810,"parent":0,"comment_status":"closed","ping_status":"closed","template":"","tags":[2614],"product-type":[872],"class_list":["post-10781","product","type-product","status-publish","has-post-thumbnail","hentry","tag-thresher","product-type-thresher-sheller"],"_links":{"self":[{"href":"https:\/\/www.agriculture-machine.com\/pt\/wp-json\/wp\/v2\/product\/10781","targetHints":{"allow":["GET"]}}],"collection":[{"href":"https:\/\/www.agriculture-machine.com\/pt\/wp-json\/wp\/v2\/product"}],"about":[{"href":"https:\/\/www.agriculture-machine.com\/pt\/wp-json\/wp\/v2\/types\/product"}],"author":[{"embeddable":true,"href":"https:\/\/www.agriculture-machine.com\/pt\/wp-json\/wp\/v2\/users\/1"}],"replies":[{"embeddable":true,"href":"https:\/\/www.agriculture-machine.com\/pt\/wp-json\/wp\/v2\/comments?post=10781"}],"wp:featuredmedia":[{"embeddable":true,"href":"https:\/\/www.agriculture-machine.com\/pt\/wp-json\/wp\/v2\/media\/10810"}],"wp:attachment":[{"href":"https:\/\/www.agriculture-machine.com\/pt\/wp-json\/wp\/v2\/media?parent=10781"}],"wp:term":[{"taxonomy":"post_tag","embeddable":true,"href":"https:\/\/www.agriculture-machine.com\/pt\/wp-json\/wp\/v2\/tags?post=10781"},{"taxonomy":"product-type","embeddable":true,"href":"https:\/\/www.agriculture-machine.com\/pt\/wp-json\/wp\/v2\/product-type?post=10781"}],"curies":[{"name":"wp","href":"https:\/\/api.w.org\/{rel}","templated":true}]}}