{"id":10851,"date":"2021-07-09T11:26:57","date_gmt":"2021-07-09T03:26:57","guid":{"rendered":"https:\/\/www.agriculture-machine.com\/?p=10851"},"modified":"2024-09-26T09:29:22","modified_gmt":"2024-09-26T01:29:22","slug":"disc-plough-disc-plow-for-sale","status":"publish","type":"product","link":"https:\/\/www.agriculture-machine.com\/pt\/disc-plough-disc-plow-for-sale\/","title":{"rendered":"Arado de disco | Equipamento agr\u00edcola de arado de disco \u00e0 venda"},"content":{"rendered":"<p>O arado de disco \u00e9 rebocado por um trator, usado principalmente para arar terras cultivadas em \u00e1reas de agricultura de secura. Apresenta um design de disco rotativo omni-direcional de 360\u00b0 feito de materiais de liga de alta resist\u00eancia, permitindo uma profundidade de opera\u00e7\u00e3o \u00fanica de at\u00e9 30 cm. Essa inova\u00e7\u00e3o aumenta a efici\u00eancia em at\u00e9 40% em compara\u00e7\u00e3o com arados convencionais. <\/p>    <p>Al\u00e9m disso, este arado de disco minimiza bastante o risco de compacta\u00e7\u00e3o do solo enquanto melhora a aera\u00e7\u00e3o do solo e a infiltra\u00e7\u00e3o de \u00e1gua atrav\u00e9s de um controle preciso da ara\u00e7\u00e3o, estabelecendo uma base s\u00f3lida para o crescimento das culturas.<\/p>    <figure class=\"wp-block-embed aligncenter is-type-video is-provider-youtube wp-block-embed-youtube wp-embed-aspect-4-3 wp-has-aspect-ratio\"><div class=\"wp-block-embed__wrapper\"> <iframe loading=\"lazy\" title=\"Arado de disco \/ Arado de disco \/ Alta efici\u00eancia \/ Alta qualidade \/ Pre\u00e7o baixo\" width=\"500\" height=\"375\" src=\"https:\/\/www.youtube.com\/embed\/OOuBYkUNlNE?feature=oembed\" frameborder=\"0\" allow=\"accelerometer; autoplay; clipboard-write; encrypted-media; gyroscope; picture-in-picture; web-share\" referrerpolicy=\"strict-origin-when-cross-origin\" allowfullscreen><\/iframe> <\/div><figcaption class=\"wp-element-caption\">v\u00eddeo de trabalho da m\u00e1quina de arado de disco<\/figcaption><\/figure>    <h2 class=\"wp-block-heading\">Diferentes tipos de arado de disco<\/h2>    <h3 class=\"wp-block-heading\" id=\"h-type-one-single-disc-plough\">Tipo 1: Arado de disco simples<\/h3>    <p>O arado de disco simples \u00e9 rebocado por um trator. Durante o trabalho, a unidade avan\u00e7a, o disco gira e corta o solo, e o solo sobe ao longo da superf\u00edcie c\u00f4ncava do disco. Ao mesmo tempo, com a coopera\u00e7\u00e3o do raspador, o solo \u00e9 virado e quebrado.<\/p>    <p class=\"translation-block\">Temos sete modelos diferentes deste arado de disco unidirecional. Os tr\u00eas primeiros tipos de larguras de ara\u00e7\u00e3o s\u00e3o diferentes, mas a profundidade de ara\u00e7\u00e3o \u00e9 de 200 mm, e os quatro modelos seguintes t\u00eam profundidade de 250 a 300 mm. Quando a pot\u00eancia correspondente \u00e9 de 18, usamos um <a href=\"https:\/\/www.agriculture-machine.com\/pt\/walking-tractor-simplicity-walking-tractor\/\">trato de caminhada pequeno<\/a>.<\/p>    <figure class=\"wp-block-gallery has-nested-images columns-default is-cropped wp-block-gallery-2 is-layout-flex wp-block-gallery-is-layout-flex\"> <figure class=\"wp-block-image size-large\"><img loading=\"lazy\" decoding=\"async\" width=\"720\" height=\"540\" data-id=\"10854\" src=\"https:\/\/www.agriculture-machine.com\/wp-content\/uploads\/2021\/07\/Disc-plough1.jpg\" alt=\"Arado de disco \u00fanico\" class=\"wp-image-10854\" srcset=\"https:\/\/www.agriculture-machine.com\/wp-content\/uploads\/2021\/07\/Disc-plough1.jpg 720w, https:\/\/www.agriculture-machine.com\/wp-content\/uploads\/2021\/07\/Disc-plough1-360x270.jpg 360w, https:\/\/www.agriculture-machine.com\/wp-content\/uploads\/2021\/07\/Disc-plough1-240x180.jpg 240w\" sizes=\"auto, (max-width: 720px) 100vw, 720px\" \/><figcaption class=\"wp-element-caption\">Arado de disco \u00fanico<\/figcaption><\/figure>    <figure class=\"wp-block-image size-large\"><img loading=\"lazy\" decoding=\"async\" width=\"720\" height=\"540\" data-id=\"10855\" src=\"https:\/\/www.agriculture-machine.com\/wp-content\/uploads\/2021\/07\/Disc-plough2.jpg\" alt=\"Arado de disco \u00fanico\" class=\"wp-image-10855\" srcset=\"https:\/\/www.agriculture-machine.com\/wp-content\/uploads\/2021\/07\/Disc-plough2.jpg 720w, https:\/\/www.agriculture-machine.com\/wp-content\/uploads\/2021\/07\/Disc-plough2-360x270.jpg 360w, https:\/\/www.agriculture-machine.com\/wp-content\/uploads\/2021\/07\/Disc-plough2-240x180.jpg 240w\" sizes=\"auto, (max-width: 720px) 100vw, 720px\" \/><figcaption class=\"wp-element-caption\">Arado de disco \u00fanico<\/figcaption><\/figure> <\/figure>    <h3 class=\"wp-block-heading\" id=\"h-the-structure-of-single-disc-plough\">Estrutura do arado de disco simples<\/h3>    <p>Olhe para a imagem, nosso arado de disco simples consiste nas seguintes partes: vertical, soldagem do quadro do arado, soldagem da barra de liga\u00e7\u00e3o, pino de suspens\u00e3o inferior, soldagem de canto, soldagem do poste frontal do arado, e disco do arado. Diferentes tipos de arados de disco simples devem ser acionados por diferentes tratores.<\/p>    <figure class=\"wp-block-image aligncenter size-large\"><img loading=\"lazy\" decoding=\"async\" width=\"720\" height=\"540\" src=\"https:\/\/www.agriculture-machine.com\/wp-content\/uploads\/2021\/07\/structure-1.jpg\" alt=\"estrutura\" class=\"wp-image-10928\" srcset=\"https:\/\/www.agriculture-machine.com\/wp-content\/uploads\/2021\/07\/structure-1.jpg 720w, https:\/\/www.agriculture-machine.com\/wp-content\/uploads\/2021\/07\/structure-1-360x270.jpg 360w, https:\/\/www.agriculture-machine.com\/wp-content\/uploads\/2021\/07\/structure-1-240x180.jpg 240w\" sizes=\"auto, (max-width: 720px) 100vw, 720px\" \/><figcaption class=\"wp-element-caption\">estrutura<\/figcaption><\/figure>    <h3 class=\"wp-block-heading\" id=\"h-technical-parameter-of-our-machine\">Par\u00e2metros t\u00e9cnicos<\/h3>    <figure class=\"wp-block-image aligncenter size-large\"><img loading=\"lazy\" decoding=\"async\" width=\"720\" height=\"142\" src=\"https:\/\/www.agriculture-machine.com\/wp-content\/uploads\/2021\/07\/Single-disc-plough-720x142.png?v=1625739321\" alt=\"Arado de disco simples\" class=\"wp-image-10868\" srcset=\"https:\/\/www.agriculture-machine.com\/wp-content\/uploads\/2021\/07\/Single-disc-plough-720x142.png 720w, https:\/\/www.agriculture-machine.com\/wp-content\/uploads\/2021\/07\/Single-disc-plough-360x71.png 360w, https:\/\/www.agriculture-machine.com\/wp-content\/uploads\/2021\/07\/Single-disc-plough.png 736w\" sizes=\"auto, (max-width: 720px) 100vw, 720px\" \/><\/figure>    <h3 class=\"wp-block-heading\" id=\"h-type-two-circular-tube-disc-plough\">Tipo 2: Arado de disco de tubo circular<\/h3>    <p>The circular tube disc plow is matched with the tractor&#8217;s full suspension link, and the plow blade rotates during operation to plow and turn the soil. We have four different models of circular tube disc plows. The tillage depth is 250 to 300 mm.<\/p>    <p>Possui caracter\u00edsticas de n\u00e3o embara\u00e7ar a grama, n\u00e3o restringir o solo, n\u00e3o bloquear, ser capaz de cortar caules de culturas e rizomas, e ter menor resist\u00eancia de trabalho.<\/p>    <figure class=\"wp-block-gallery has-nested-images columns-default is-cropped wp-block-gallery-3 is-layout-flex wp-block-gallery-is-layout-flex\"> <figure class=\"wp-block-image size-large\"><img loading=\"lazy\" decoding=\"async\" width=\"720\" height=\"540\" data-id=\"10856\" src=\"https:\/\/www.agriculture-machine.com\/wp-content\/uploads\/2021\/07\/Disc-plough3.jpg\" alt=\"arado de disco de tubo circular\" class=\"wp-image-10856\" srcset=\"https:\/\/www.agriculture-machine.com\/wp-content\/uploads\/2021\/07\/Disc-plough3.jpg 720w, https:\/\/www.agriculture-machine.com\/wp-content\/uploads\/2021\/07\/Disc-plough3-360x270.jpg 360w, https:\/\/www.agriculture-machine.com\/wp-content\/uploads\/2021\/07\/Disc-plough3-240x180.jpg 240w\" sizes=\"auto, (max-width: 720px) 100vw, 720px\" \/><figcaption class=\"wp-element-caption\">arado de disco de tubo circular<\/figcaption><\/figure>    <figure class=\"wp-block-image size-large\"><img loading=\"lazy\" decoding=\"async\" width=\"720\" height=\"540\" data-id=\"10857\" src=\"https:\/\/www.agriculture-machine.com\/wp-content\/uploads\/2021\/07\/Disc-plough4.jpg\" alt=\"arado de disco de tubo circular\" class=\"wp-image-10857\" srcset=\"https:\/\/www.agriculture-machine.com\/wp-content\/uploads\/2021\/07\/Disc-plough4.jpg 720w, https:\/\/www.agriculture-machine.com\/wp-content\/uploads\/2021\/07\/Disc-plough4-360x270.jpg 360w, https:\/\/www.agriculture-machine.com\/wp-content\/uploads\/2021\/07\/Disc-plough4-240x180.jpg 240w\" sizes=\"auto, (max-width: 720px) 100vw, 720px\" \/><figcaption class=\"wp-element-caption\">arado de disco de tubo circular<\/figcaption><\/figure> <\/figure>    <h3 class=\"wp-block-heading\" id=\"h-the-structure-of-circular-tube-plough\">Estrutura do arado de tubo circular<\/h3>    <p>O arado de disco de tubo circular \u00e9 composto principalmente por estas partes: roda de cauda, suspens\u00e3o pesada e l\u00e2mina do arado.<\/p>    <figure class=\"wp-block-image aligncenter size-large\"><img loading=\"lazy\" decoding=\"async\" width=\"720\" height=\"540\" src=\"https:\/\/www.agriculture-machine.com\/wp-content\/uploads\/2021\/07\/structure-of-circular-tube-disc-plough.jpg\" alt=\"estrutura do arado de disco de tubo circular\" class=\"wp-image-10938\" srcset=\"https:\/\/www.agriculture-machine.com\/wp-content\/uploads\/2021\/07\/structure-of-circular-tube-disc-plough.jpg 720w, https:\/\/www.agriculture-machine.com\/wp-content\/uploads\/2021\/07\/structure-of-circular-tube-disc-plough-360x270.jpg 360w, https:\/\/www.agriculture-machine.com\/wp-content\/uploads\/2021\/07\/structure-of-circular-tube-disc-plough-240x180.jpg 240w\" sizes=\"auto, (max-width: 720px) 100vw, 720px\" \/><figcaption class=\"wp-element-caption\">estrutura do arado de disco de tubo circular<\/figcaption><\/figure>    <h3 class=\"wp-block-heading\" id=\"h-technical-parameter-of-circular-tube-disc-plough\">Par\u00e2metros t\u00e9cnicos<\/h3>    <figure class=\"wp-block-image aligncenter size-large\"><img loading=\"lazy\" decoding=\"async\" width=\"520\" height=\"145\" src=\"https:\/\/www.agriculture-machine.com\/wp-content\/uploads\/2021\/07\/Circular-tube-disc-plough.png\" alt=\"Arado de disco de tubo circular\" class=\"wp-image-10869\" srcset=\"https:\/\/www.agriculture-machine.com\/wp-content\/uploads\/2021\/07\/Circular-tube-disc-plough.png 520w, https:\/\/www.agriculture-machine.com\/wp-content\/uploads\/2021\/07\/Circular-tube-disc-plough-360x100.png 360w\" sizes=\"auto, (max-width: 520px) 100vw, 520px\" \/><\/figure>    <h3 class=\"wp-block-heading\" id=\"h-type-three-1ly-disc-plough\">Tipo 3: Arado de disco 1LY<\/h3>    <p>O arado de disco 1LY refere-se \u00e0s caracter\u00edsticas de arados de disco estrangeiros e cria designs com base nelas. A s\u00e9rie de arados de disco 1LY \u00e9 principalmente usada para opera\u00e7\u00f5es de ara\u00e7\u00e3o em terras secas ou terras brutas. Possui resist\u00eancia baixa e opera\u00e7\u00e3o simples. <\/p>    <p>A s\u00e9rie de arados de disco 1LY inclui quatro modelos diferentes. As larguras de cultivo dos modelos adjacentes diferem em 300 mm, a profundidade de ara\u00e7\u00e3o \u00e9 a mesma, e s\u00e3o necess\u00e1rios tratores com diferentes pot\u00eancias para puxar.<\/p>    <figure class=\"wp-block-gallery has-nested-images columns-default is-cropped wp-block-gallery-4 is-layout-flex wp-block-gallery-is-layout-flex\"> <figure class=\"wp-block-image size-large\"><img loading=\"lazy\" decoding=\"async\" width=\"720\" height=\"540\" data-id=\"10858\" src=\"https:\/\/www.agriculture-machine.com\/wp-content\/uploads\/2021\/07\/Disc-plough5.jpg\" alt=\"Arado de disco 1LY\" class=\"wp-image-10858\" srcset=\"https:\/\/www.agriculture-machine.com\/wp-content\/uploads\/2021\/07\/Disc-plough5.jpg 720w, https:\/\/www.agriculture-machine.com\/wp-content\/uploads\/2021\/07\/Disc-plough5-360x270.jpg 360w, https:\/\/www.agriculture-machine.com\/wp-content\/uploads\/2021\/07\/Disc-plough5-240x180.jpg 240w\" sizes=\"auto, (max-width: 720px) 100vw, 720px\" \/><figcaption class=\"wp-element-caption\">Arado de disco 1LY<\/figcaption><\/figure>    <figure class=\"wp-block-image size-large\"><img loading=\"lazy\" decoding=\"async\" width=\"720\" height=\"540\" data-id=\"10859\" src=\"https:\/\/www.agriculture-machine.com\/wp-content\/uploads\/2021\/07\/Disc-plough6.jpg\" alt=\"Arado de disco 1LY\" class=\"wp-image-10859\" srcset=\"https:\/\/www.agriculture-machine.com\/wp-content\/uploads\/2021\/07\/Disc-plough6.jpg 720w, https:\/\/www.agriculture-machine.com\/wp-content\/uploads\/2021\/07\/Disc-plough6-360x270.jpg 360w, https:\/\/www.agriculture-machine.com\/wp-content\/uploads\/2021\/07\/Disc-plough6-240x180.jpg 240w\" sizes=\"auto, (max-width: 720px) 100vw, 720px\" \/><figcaption class=\"wp-element-caption\">Arado de disco 1LY<\/figcaption><\/figure> <\/figure>    <h3 class=\"wp-block-heading\" id=\"h-the-structure-of-1ly-disc-plough\">Estrutura do arado de disco 1LY<\/h3>    <p>O arado de disco 1LY \u00e9 composto por tr\u00eas partes principais: estrutura, ponto de liga\u00e7\u00e3o e disco do arado. Outras imagens s\u00e3o uma introdu\u00e7\u00e3o detalhada \u00e0s pe\u00e7as.<\/p>    <figure class=\"wp-block-gallery has-nested-images columns-default is-cropped wp-block-gallery-5 is-layout-flex wp-block-gallery-is-layout-flex\"> <figure class=\"wp-block-image size-large\"><img loading=\"lazy\" decoding=\"async\" width=\"720\" height=\"382\" data-id=\"10932\" src=\"https:\/\/www.agriculture-machine.com\/wp-content\/uploads\/2021\/07\/blade.jpg\" alt=\"l\u00e2mina\" class=\"wp-image-10932\" srcset=\"https:\/\/www.agriculture-machine.com\/wp-content\/uploads\/2021\/07\/blade.jpg 720w, https:\/\/www.agriculture-machine.com\/wp-content\/uploads\/2021\/07\/blade-360x191.jpg 360w\" sizes=\"auto, (max-width: 720px) 100vw, 720px\" \/><figcaption class=\"wp-element-caption\">l\u00e2mina<\/figcaption><\/figure>    <figure class=\"wp-block-image size-large\"><img loading=\"lazy\" decoding=\"async\" width=\"720\" height=\"267\" data-id=\"10931\" src=\"https:\/\/www.agriculture-machine.com\/wp-content\/uploads\/2021\/07\/plow-post.jpg\" alt=\"poste do arado\" class=\"wp-image-10931\" srcset=\"https:\/\/www.agriculture-machine.com\/wp-content\/uploads\/2021\/07\/plow-post.jpg 720w, https:\/\/www.agriculture-machine.com\/wp-content\/uploads\/2021\/07\/plow-post-360x134.jpg 360w\" sizes=\"auto, (max-width: 720px) 100vw, 720px\" \/><figcaption class=\"wp-element-caption\">poste do arado<\/figcaption><\/figure>    <figure class=\"wp-block-image size-large\"><img loading=\"lazy\" decoding=\"async\" width=\"720\" height=\"235\" data-id=\"10933\" src=\"https:\/\/www.agriculture-machine.com\/wp-content\/uploads\/2021\/07\/three-point-suspension.jpg\" alt=\"Suspens\u00e3o de tr\u00eas pontos\" class=\"wp-image-10933\" srcset=\"https:\/\/www.agriculture-machine.com\/wp-content\/uploads\/2021\/07\/three-point-suspension.jpg 720w, https:\/\/www.agriculture-machine.com\/wp-content\/uploads\/2021\/07\/three-point-suspension-360x118.jpg 360w\" sizes=\"auto, (max-width: 720px) 100vw, 720px\" \/><figcaption class=\"wp-element-caption\">Suspens\u00e3o de tr\u00eas pontos<\/figcaption><\/figure>    <figure class=\"wp-block-image aligncenter size-large\"><img loading=\"lazy\" decoding=\"async\" width=\"720\" height=\"498\" data-id=\"10930\" src=\"https:\/\/www.agriculture-machine.com\/wp-content\/uploads\/2021\/07\/structure-of-1LY.jpg\" alt=\"estrutura do 1LY\" class=\"wp-image-10930\" srcset=\"https:\/\/www.agriculture-machine.com\/wp-content\/uploads\/2021\/07\/structure-of-1LY.jpg 720w, https:\/\/www.agriculture-machine.com\/wp-content\/uploads\/2021\/07\/structure-of-1LY-360x249.jpg 360w\" sizes=\"auto, (max-width: 720px) 100vw, 720px\" \/><figcaption class=\"wp-element-caption\">estrutura do 1LY<\/figcaption><\/figure> <\/figure>    <h3 class=\"wp-block-heading\" id=\"h-technical-parameter-of-1ly-disc-plough\">Par\u00e2metros t\u00e9cnicos<\/h3>    <figure class=\"wp-block-image aligncenter size-large\"><img loading=\"lazy\" decoding=\"async\" width=\"520\" height=\"145\" src=\"https:\/\/www.agriculture-machine.com\/wp-content\/uploads\/2021\/07\/1LY-disc-plough.png\" alt=\"\" class=\"wp-image-10870\" srcset=\"https:\/\/www.agriculture-machine.com\/wp-content\/uploads\/2021\/07\/1LY-disc-plough.png 520w, https:\/\/www.agriculture-machine.com\/wp-content\/uploads\/2021\/07\/1LY-disc-plough-360x100.png 360w\" sizes=\"auto, (max-width: 520px) 100vw, 520px\" \/><\/figure>    <h2 class=\"wp-block-heading\">Aplica\u00e7\u00f5es de equipamentos de ara\u00e7\u00e3o agr\u00edcola<\/h2>    <p>Nossos arados de disco s\u00e3o adequados para terras secas e arrozais. Antes de plantar arroz, ara o solo para favorecer o crescimento do arroz. Ao araar no arrozal, consegue virar completamente o solo e nivel\u00e1-lo.<\/p>    <p>Pode cortar palha de trigo e arroz e enterr\u00e1-la no solo. Elas se decomp\u00f5em no solo e aumentam a mat\u00e9ria org\u00e2nica do solo. O arado de disco est\u00e1 conectado com a suspens\u00e3o completa do trator. <\/p>    <p>Durante a opera\u00e7\u00e3o, a l\u00e2mina do arado gira em dire\u00e7\u00e3o ao arado e vira o solo. \u00c9 particularmente adequado para infesta\u00e7\u00e3o de ervas daninhas, caules eretos, resist\u00eancia espec\u00edfica do solo elevada e solos com alvenaria complexa.<\/p>    <figure class=\"wp-block-image aligncenter size-large\"><img loading=\"lazy\" decoding=\"async\" width=\"720\" height=\"540\" src=\"https:\/\/www.agriculture-machine.com\/wp-content\/uploads\/2021\/07\/application-of-disc-plough.jpg\" alt=\"aplica\u00e7\u00e3o do arado de disco\" class=\"wp-image-10929\" srcset=\"https:\/\/www.agriculture-machine.com\/wp-content\/uploads\/2021\/07\/application-of-disc-plough.jpg 720w, https:\/\/www.agriculture-machine.com\/wp-content\/uploads\/2021\/07\/application-of-disc-plough-360x270.jpg 360w, https:\/\/www.agriculture-machine.com\/wp-content\/uploads\/2021\/07\/application-of-disc-plough-240x180.jpg 240w\" sizes=\"auto, (max-width: 720px) 100vw, 720px\" \/><figcaption class=\"wp-element-caption\">aplica\u00e7\u00e3o do arado de disco<\/figcaption><\/figure>    <h2 class=\"wp-block-heading\">Como manter o arado de disco?<\/h2>    <ul class=\"wp-block-list\"> <li>Verifique de forma abrangente a apar\u00eancia da m\u00e1quina, repinte e aplique \u00f3leo na foice e no eixo spline para evitar ferrugem.<\/li>    <li>Verifique se a caixa de transmiss\u00e3o, os dez bytes e os rolamentos est\u00e3o com falta de \u00f3leo, e reabaste\u00e7a imediatamente se necess\u00e1rio.<\/li>    <li>Verifique e aperte os parafusos de conex\u00e3o.<\/li>    <li>Verifique se as partes vulner\u00e1veis, como parafusos e pinos de divis\u00e3o, est\u00e3o danificadas, e substitua-as se necess\u00e1rio.<\/li>    <li>Remova completamente a lama, poeira e \u00f3leo do equipamento.<\/li>    <li>Substitua completamente o \u00f3leo lubrificante e a graxa.<\/li> <\/ul>    <h2 class=\"wp-block-heading\">Trator com arado de fazenda<\/h2>    <p>Como mencionado acima, temos muitos tipos de arados de disco, arado de 3 discos, 4 discos, 5 discos, 6 discos, etc. Cada arado de disco requer tratores com pot\u00eancias diferentes. Arados pequenos podem usar tratores de 18 cavalos de pot\u00eancia, e arados grandes podem usar tratores m\u00e9dios ou grandes.<\/p>    <figure class=\"wp-block-image aligncenter size-large\"><img loading=\"lazy\" decoding=\"async\" width=\"720\" height=\"540\" src=\"https:\/\/www.agriculture-machine.com\/wp-content\/uploads\/2021\/07\/Tractor-with-disc-plough.jpg\" alt=\"Trator com arado de disco\" class=\"wp-image-10864\" srcset=\"https:\/\/www.agriculture-machine.com\/wp-content\/uploads\/2021\/07\/Tractor-with-disc-plough.jpg 720w, https:\/\/www.agriculture-machine.com\/wp-content\/uploads\/2021\/07\/Tractor-with-disc-plough-360x270.jpg 360w, https:\/\/www.agriculture-machine.com\/wp-content\/uploads\/2021\/07\/Tractor-with-disc-plough-240x180.jpg 240w\" sizes=\"auto, (max-width: 720px) 100vw, 720px\" \/><figcaption class=\"wp-element-caption\">Trator com arado de disco<\/figcaption><\/figure>    <h2 class=\"wp-block-heading\">Por que usamos um arado?<\/h2>    <ul class=\"wp-block-list\"> <li>No passado, as pessoas usavam trabalho manual ou animais para arar a terra, mas isso \u00e9 um desperd\u00edcio de for\u00e7a de trabalho e ineficiente. O arado de disco vertical pode resolver esse problema de forma eficaz e tornar o solo mais f\u00e9rtil.<\/li>    <li>Terra f\u00e9rtil pode cultivar melhor as culturas e proporcionar colheitas mais altas. No solo araado, a lacuna do solo \u00e9 ampliada e a permeabilidade ao ar \u00e9 boa. <\/li>    <li>\u00c1gua e ar podem entrar bem no solo e serem bem retidos. A ara\u00e7\u00e3o pode tornar o solo macio e adequado para o crescimento das ra\u00edzes das culturas e absor\u00e7\u00e3o de nutrientes.\u00a0<\/li>    <li>A temperatura durante a ara\u00e7\u00e3o na primavera ainda \u00e9 relativamente baixa, e a ara\u00e7\u00e3o pode eliminar algumas pragas escondidas no solo para a hiberna\u00e7\u00e3o, o que pode reduzir os danos \u00e0s sementes pelas pragas. Portanto, o arado \u00e9 muito importante para os agricultores.<\/li> <\/ul>    <figure class=\"wp-block-gallery has-nested-images columns-default is-cropped wp-block-gallery-6 is-layout-flex wp-block-gallery-is-layout-flex\"> <figure class=\"wp-block-image size-large\"><img loading=\"lazy\" decoding=\"async\" width=\"720\" height=\"371\" data-id=\"10936\" src=\"https:\/\/www.agriculture-machine.com\/wp-content\/uploads\/2021\/07\/Primitive-farming-method-1.jpg\" alt=\"M\u00e9todo de agricultura primitiva \" class=\"wp-image-10936\" srcset=\"https:\/\/www.agriculture-machine.com\/wp-content\/uploads\/2021\/07\/Primitive-farming-method-1.jpg 720w, https:\/\/www.agriculture-machine.com\/wp-content\/uploads\/2021\/07\/Primitive-farming-method-1-360x186.jpg 360w\" sizes=\"auto, (max-width: 720px) 100vw, 720px\" \/><figcaption class=\"wp-element-caption\">M\u00e9todo de agricultura primitiva <\/figcaption><\/figure>    <figure class=\"wp-block-image size-large\"><img loading=\"lazy\" decoding=\"async\" width=\"720\" height=\"540\" data-id=\"10937\" src=\"https:\/\/www.agriculture-machine.com\/wp-content\/uploads\/2021\/07\/effect-of-disc-plow-1.jpg\" alt=\"efeito do arado de disco \" class=\"wp-image-10937\" srcset=\"https:\/\/www.agriculture-machine.com\/wp-content\/uploads\/2021\/07\/effect-of-disc-plow-1.jpg 720w, https:\/\/www.agriculture-machine.com\/wp-content\/uploads\/2021\/07\/effect-of-disc-plow-1-360x270.jpg 360w, https:\/\/www.agriculture-machine.com\/wp-content\/uploads\/2021\/07\/effect-of-disc-plow-1-240x180.jpg 240w\" sizes=\"auto, (max-width: 720px) 100vw, 720px\" \/><figcaption class=\"wp-element-caption\">efeito do arado de disco<\/figcaption><\/figure> <\/figure>    <h2 class=\"wp-block-heading\">Qual \u00e9 o pre\u00e7o do equipamento?<\/h2>    <p>De acordo com a tabela de par\u00e2metros acima, podemos ver que o n\u00famero de l\u00e2minas de arado de disco de diferentes modelos \u00e9 diferente, e a profundidade e a largura de ara\u00e7\u00e3o tamb\u00e9m variam. <\/p>    <p>Portanto, o pre\u00e7o de cada arado de disco n\u00e3o \u00e9 fixo, voc\u00ea pode escolher o arado adequado \u00e0s suas necessidades, e nosso gerente de neg\u00f3cios fornecer\u00e1 uma cota\u00e7\u00e3o precisa.<\/p>    <h2 class=\"wp-block-heading\">M\u00e1quina de ara\u00e7\u00e3o de disco nas Filipinas<\/h2>    <p>Este \u00e9 um v\u00eddeo de feedback de cliente das Filipinas, ele acredita que, com a tra\u00e7\u00e3o do trator correspondente, nosso arado de disco tem uma forte intensidade de trabalho e consegue virar o solo profundo. <\/p>    <p>O arado de disco \u00e9 puxado por um trator, o que torna a condu\u00e7\u00e3o extremamente est\u00e1vel e segura, sem turbul\u00eancia, e n\u00e3o causa tontura \u00e0s pessoas.<\/p>    <figure class=\"wp-block-embed aligncenter is-type-video is-provider-youtube wp-block-embed-youtube wp-embed-aspect-4-3 wp-has-aspect-ratio\"><div class=\"wp-block-embed__wrapper\"> <iframe loading=\"lazy\" title=\"Arado de disco de tubo circular\" width=\"500\" height=\"375\" src=\"https:\/\/www.youtube.com\/embed\/yvRkHE4Uqfo?feature=oembed\" frameborder=\"0\" allow=\"accelerometer; autoplay; clipboard-write; encrypted-media; gyroscope; picture-in-picture; web-share\" referrerpolicy=\"strict-origin-when-cross-origin\" allowfullscreen><\/iframe> <\/div><figcaption class=\"wp-element-caption\">local de trabalho do arado agr\u00edcola<\/figcaption><\/figure>    <h2 class=\"wp-block-heading\">Nossa f\u00e1brica e produtos<\/h2>    <p>Our company specializes in agricultural machinery products, established for many years. Our factory has strong strength and sufficient inventory, so please don&#8217;t worry about out-of-stock issues. Our products are made of upper-level materials, and the production process is checked several times, so the quality is guaranteed.<\/p>    <p>Se estiver interessado nos nossos produtos, deixe suas informa\u00e7\u00f5es de contato, e nossos colegas entrar\u00e3o em contato com voc\u00ea dentro de 24 horas. Prometemos oferecer o servi\u00e7o mais \u00edntimo, o pre\u00e7o mais favor\u00e1vel e a melhor qualidade de produto. Entre em contato conosco.<\/p>","protected":false},"excerpt":{"rendered":"<p>Temos muitos tipos de arado, como arado de disco simples, arado de disco de tubo circular, arado de disco 1LY. A profundidade de corte \u00e9 de 200-300mm.<\/p>","protected":false},"author":1,"featured_media":10871,"parent":0,"comment_status":"closed","ping_status":"closed","template":"","tags":[698],"product-type":[878],"class_list":["post-10851","product","type-product","status-publish","has-post-thumbnail","hentry","tag-tractor","product-type-manual-tractor"],"_links":{"self":[{"href":"https:\/\/www.agriculture-machine.com\/pt\/wp-json\/wp\/v2\/product\/10851","targetHints":{"allow":["GET"]}}],"collection":[{"href":"https:\/\/www.agriculture-machine.com\/pt\/wp-json\/wp\/v2\/product"}],"about":[{"href":"https:\/\/www.agriculture-machine.com\/pt\/wp-json\/wp\/v2\/types\/product"}],"author":[{"embeddable":true,"href":"https:\/\/www.agriculture-machine.com\/pt\/wp-json\/wp\/v2\/users\/1"}],"replies":[{"embeddable":true,"href":"https:\/\/www.agriculture-machine.com\/pt\/wp-json\/wp\/v2\/comments?post=10851"}],"wp:featuredmedia":[{"embeddable":true,"href":"https:\/\/www.agriculture-machine.com\/pt\/wp-json\/wp\/v2\/media\/10871"}],"wp:attachment":[{"href":"https:\/\/www.agriculture-machine.com\/pt\/wp-json\/wp\/v2\/media?parent=10851"}],"wp:term":[{"taxonomy":"post_tag","embeddable":true,"href":"https:\/\/www.agriculture-machine.com\/pt\/wp-json\/wp\/v2\/tags?post=10851"},{"taxonomy":"product-type","embeddable":true,"href":"https:\/\/www.agriculture-machine.com\/pt\/wp-json\/wp\/v2\/product-type?post=10851"}],"curies":[{"name":"wp","href":"https:\/\/api.w.org\/{rel}","templated":true}]}}