{"id":10893,"date":"2021-07-12T17:20:09","date_gmt":"2021-07-12T09:20:09","guid":{"rendered":"https:\/\/www.agriculture-machine.com\/?p=10893"},"modified":"2024-05-30T11:25:41","modified_gmt":"2024-05-30T03:25:41","slug":"peanut-groundmut-sheller-removing-machine","status":"publish","type":"product","link":"https:\/\/www.agriculture-machine.com\/pt\/peanut-groundmut-sheller-removing-machine\/","title":{"rendered":"M\u00e1quina de remo\u00e7\u00e3o de casca de amendoim para colheita de amendoim"},"content":{"rendered":"<p>Esta m\u00e1quina de remo\u00e7\u00e3o de casca de amendoim foi projetada para lidar eficientemente com grandes quantidades de amendoins e \u00e9 adequada para todos os tipos de fazendas e f\u00e1bricas de processamento de alimentos. A m\u00e1quina pode rapidamente descascar cascas de amendoim e garantir que os gr\u00e3os de amendoim estejam inteiros, com uma produ\u00e7\u00e3o de at\u00e9 800-1100kg\/h.<\/p>    <figure class=\"wp-block-embed aligncenter is-type-video is-provider-youtube wp-block-embed-youtube wp-embed-aspect-16-9 wp-has-aspect-ratio\"><div class=\"wp-block-embed__wrapper\"> <iframe loading=\"lazy\" title=\"M\u00e1quina de descasque de amendoim de alta efici\u00eancia, m\u00e1quina de remo\u00e7\u00e3o de casca de amendoim para amendoim\" width=\"500\" height=\"281\" src=\"https:\/\/www.youtube.com\/embed\/xr2Nq49hSSs?feature=oembed\" frameborder=\"0\" allow=\"accelerometer; autoplay; clipboard-write; encrypted-media; gyroscope; picture-in-picture; web-share\" referrerpolicy=\"strict-origin-when-cross-origin\" allowfullscreen><\/iframe> <\/div><figcaption class=\"wp-element-caption\">v\u00eddeo de trabalho da m\u00e1quina de descasque de amendoim<\/figcaption><\/figure>    <h2 class=\"wp-block-heading\" id=\"h-brief-introduction-of-peanut-sheller-removing-machine\"><span class=\"has-inline-color has-black-color\">Breve introdu\u00e7\u00e3o da m\u00e1quina de remo\u00e7\u00e3o de casca de amendoim<\/span><\/h2>    <p>As a common crop, peanuts often appear in people&#8217;s daily lives. The shell of peanuts is inedible, and artificial threshing is difficult, so more and more users are buying peanut sheller removing machines. <\/p>    <p>Nossa m\u00e1quina de remo\u00e7\u00e3o de casca de amendoim possui muitas melhorias em rela\u00e7\u00e3o \u00e0 m\u00e1quina de descasque de amendoim original e pode usar gasolina, diesel e eletricidade para obter energia. Comparado ao debulhar manual, remover cascas de amendoim com descascadores pode reduzir significativamente o trabalho dos agricultores, economizar muita m\u00e3o de obra e melhorar muito a efici\u00eancia do trabalho.<\/p>    <figure class=\"wp-block-image aligncenter size-large\"><img loading=\"lazy\" decoding=\"async\" width=\"720\" height=\"540\" src=\"https:\/\/www.agriculture-machine.com\/wp-content\/uploads\/2021\/07\/Peanut-sheller-removing-machine.jpg\" alt=\"M\u00e1quina de remo\u00e7\u00e3o de casca de amendoim\" class=\"wp-image-10913\" srcset=\"https:\/\/www.agriculture-machine.com\/wp-content\/uploads\/2021\/07\/Peanut-sheller-removing-machine.jpg 720w, https:\/\/www.agriculture-machine.com\/wp-content\/uploads\/2021\/07\/Peanut-sheller-removing-machine-360x270.jpg 360w, https:\/\/www.agriculture-machine.com\/wp-content\/uploads\/2021\/07\/Peanut-sheller-removing-machine-240x180.jpg 240w\" sizes=\"auto, (max-width: 720px) 100vw, 720px\" \/><figcaption class=\"wp-element-caption\">M\u00e1quina de remo\u00e7\u00e3o de casca de amendoim<\/figcaption><\/figure>    <h2 class=\"wp-block-heading\" id=\"h-structure-of-groundnut-thresher\"><span class=\"has-inline-color has-black-color\">Estrutura do debulhador de amendoim<\/span> m\u00e1quina<\/h2>    <p>Nossa m\u00e1quina de remo\u00e7\u00e3o de casca de amendoim \u00e9 composta por cinco partes principais: entrada, motor a diesel, sa\u00edda, grandes pneus e estrutura de tra\u00e7\u00e3o. Nosso debulhador de amendoim possui um motor a diesel, que pode ser alimentado por diesel e atende \u00e0s necessidades de clientes acostumados a usar diesel. Os grandes pneus e a estrutura de tra\u00e7\u00e3o cooperam, tornando o movimento do debulhador de amendoim mais conveniente e economizando m\u00e3o de obra.<\/p>    <figure class=\"wp-block-image aligncenter size-large\"><img loading=\"lazy\" decoding=\"async\" width=\"720\" height=\"540\" src=\"https:\/\/www.agriculture-machine.com\/wp-content\/uploads\/2021\/07\/Structure.jpg\" alt=\"M\u00e1quina de descasque de amendoim\" class=\"wp-image-10895\" srcset=\"https:\/\/www.agriculture-machine.com\/wp-content\/uploads\/2021\/07\/Structure.jpg 720w, https:\/\/www.agriculture-machine.com\/wp-content\/uploads\/2021\/07\/Structure-360x270.jpg 360w, https:\/\/www.agriculture-machine.com\/wp-content\/uploads\/2021\/07\/Structure-240x180.jpg 240w\" sizes=\"auto, (max-width: 720px) 100vw, 720px\" \/><figcaption class=\"wp-element-caption\">M\u00e1quina de descasque de amendoim<\/figcaption><\/figure>    <h2 class=\"wp-block-heading\" id=\"h-advantages-of-our-groundnut-sheller\"><span class=\"has-inline-color has-black-color\">Vantagens do nosso descascador de amendoim<\/span><\/h2>    <p class=\"translation-block\">Nossa m\u00e1quina autom\u00e1tica de descasque de amendoim tem as vantagens de uma estrutura compacta, opera\u00e7\u00e3o f\u00e1cil, desempenho est\u00e1vel e confi\u00e1vel. Possui alta efici\u00eancia de descasque, baixa taxa de esmagamento, boa classifica\u00e7\u00e3o e baixa taxa de perda. Nossa m\u00e1quina de remo\u00e7\u00e3o de casca de amendoim pode descascar pelo menos 800 quilos por hora, a taxa de descasque \u00e9 maior ou igual a 98%, e nossa taxa de quebra n\u00e3o excede 4%.<\/p>    <p>A m\u00e1quina de descasque de amendoim \u00e9 alimentada por eletricidade, gasolina e diesel, assim voc\u00ea tem muitas op\u00e7\u00f5es. Para atender \u00e0s necessidades dos clientes africanos, adicionamos um suporte e uma estrutura de tra\u00e7\u00e3o sob a m\u00e1quina de remo\u00e7\u00e3o de casca de amendoim. Se precisar, entre em contato conosco e podemos personaliz\u00e1-la para voc\u00ea.<\/p>    <figure class=\"wp-block-table is-style-stripes\"><table><tbody><tr><td>Modelo<\/td><td>6BHD-800B(Duplo tambor)<\/td><\/tr><tr><td>produtividade(kg\/h)<\/td><td>\u2265800&#8211;1100<\/td><\/tr><tr><td>taxa de dano(%)<\/td><td>\u22644,0<\/td><\/tr><tr><td>taxa de dano(%)<\/td><td>\u22643,5<\/td><\/tr><tr><td>taxa de descasque(%)<\/td><td>\u226598<\/td><\/tr><tr><td>taxa de impurezas(%)<\/td><td>\u22643,0<\/td><\/tr><tr><td>taxa de perda(%)<\/td><td>\u22640,5<\/td><\/tr><tr><td>Ru\u00eddo de carga dB(A)<\/td><td>\u226490<\/td><\/tr><\/tbody><\/table><figcaption class=\"wp-element-caption\">Dados t\u00e9cnicos da m\u00e1quina de remo\u00e7\u00e3o de casca de amendoim<\/figcaption><\/figure>    <h2 class=\"wp-block-heading\" id=\"h-working-process-of-peanut-thresher\"><span class=\"has-inline-color has-black-color\">Processo de trabalho do debulhador de amendoim<\/span><\/h2>   <div id=\"rank-math-howto\" class=\"rank-math-block\" > <div class=\"rank-math-howto-description\">  <\/div>  <div class=\"rank-math-steps\"> <div id=\"howto-step-1717037437398\" class=\"rank-math-step\"> <div class=\"rank-math-step-content\"><p>Os amendoins entram no tambor frontal pelo alimentador, e ent\u00e3o o amendoim \u00e9 descascado pela rota\u00e7\u00e3o da manga de suspens\u00e3o e pela for\u00e7a de fric\u00e7\u00e3o da placa c\u00f4ncava para realizar a separa\u00e7\u00e3o de gr\u00e3os e cascas. Os gr\u00e3os de amendoim e as cascas separados caem pelo tambor frontal e passam pela placa deslizante frontal.<\/p> <\/div> <\/div> <div id=\"howto-step-1717037451816\" class=\"rank-math-step\"> <div class=\"rank-math-step-content\"><p>No duto de ar, as cascas de amendoim s\u00e3o sopradas para fora da m\u00e1quina de remo\u00e7\u00e3o de casca de amendoim pelo vento para alcan\u00e7ar a sele\u00e7\u00e3o preliminar do vento; os gr\u00e3os de amendoim e os amendoins que n\u00e3o foram descascados caem na peneira de separa\u00e7\u00e3o de densidade espec\u00edfica para sele\u00e7\u00e3o, e os amendoins selecionados passam pelos gr\u00e3os ao longo da superf\u00edcie da peneira e entram no saco.<\/p> <\/div> <\/div> <div id=\"howto-step-1717037488983\" class=\"rank-math-step\"> <div class=\"rank-math-step-content\"><p>Os amendoins que n\u00e3o foram descascados descem pela superf\u00edcie da peneira e entram no transportador de ar atrav\u00e9s do tubo de descarga, e o transportador de ar os envia para o tambor traseiro para uma segunda descasca.<\/p> <\/div> <\/div> <div id=\"howto-step-1717037590696\" class=\"rank-math-step\"> <div class=\"rank-math-step-content\"><p>Por fim, os gr\u00e3os descascados e as cascas passam por placas c\u00f4ncavas, caem, e depois passam pela sele\u00e7\u00e3o preliminar do vento, onde a densidade espec\u00edfica \u00e9 separada e selecionada. Ent\u00e3o, todas as cascas podem ser realizadas.<\/p> <\/div> <\/div> <\/div> <\/div>       <figure class=\"wp-block-image aligncenter size-large\"><img loading=\"lazy\" decoding=\"async\" width=\"720\" height=\"540\" src=\"https:\/\/www.agriculture-machine.com\/wp-content\/uploads\/2021\/07\/start-end.jpg\" alt=\"m\u00e1quina descascadora de amendoim\" class=\"wp-image-10899\" srcset=\"https:\/\/www.agriculture-machine.com\/wp-content\/uploads\/2021\/07\/start-end.jpg 720w, https:\/\/www.agriculture-machine.com\/wp-content\/uploads\/2021\/07\/start-end-360x270.jpg 360w, https:\/\/www.agriculture-machine.com\/wp-content\/uploads\/2021\/07\/start-end-240x180.jpg 240w\" sizes=\"auto, (max-width: 720px) 100vw, 720px\" \/><figcaption class=\"wp-element-caption\">debulhador de amendoim<\/figcaption><\/figure>    <h2 class=\"wp-block-heading\" id=\"h-maintenance-of-peanut-thresher\"><span class=\"has-inline-color has-black-color\">Manuten\u00e7\u00e3o da m\u00e1quina de descasque de amendoim<\/span><\/h2>    <ol class=\"wp-block-list\"> <li>A m\u00e1quina de remo\u00e7\u00e3o de casca de amendoim usa uma correia triangular. Ap\u00f3s usar a nova correia por algum tempo, ela se alonga gradualmente e fica folgada, portanto, \u00e9 necess\u00e1rio verificar a tens\u00e3o de cada correia de transmiss\u00e3o regularmente, se o espa\u00e7o entre as partes de acoplamento \u00e9 adequado, e ajust\u00e1-la a tempo.<\/li>    <li>During operation, you should always pay attention to whether the machine&#8217;s speed, sound, and temperature are normal.<\/li>    <li>You should check the screen body&#8217;s suspension shaft and all the movable joints&#8217; bearings in time for lack of oil and wear, and if they appear, they should be replaced in time.<\/li>    <li>Ap\u00f3s cada opera\u00e7\u00e3o, limpe regularmente as aberturas e costuras da tela do m\u00e1quina de fric\u00e7\u00e3o de frutos com uma escova de arame.<\/li>    <li>Ap\u00f3s a temporada de processamento, realize uma inspe\u00e7\u00e3o geral na m\u00e1quina de remo\u00e7\u00e3o de casca de amendoim. Ap\u00f3s a inspe\u00e7\u00e3o, repare as partes danificadas, remova sujeira e amendoins residuais da m\u00e1quina.<\/li>    <li>Ap\u00f3s usar o debulhador de amendoim, remova a correia e armazene a m\u00e1quina em um dep\u00f3sito seco. Ap\u00f3s remover a correia, pendure-a em uma parede interna que n\u00e3o seja exposta ao sol.<\/li> <\/ol>    <h2 class=\"wp-block-heading\" id=\"h-something-about-stock-and-shipping\"><span class=\"has-inline-color has-black-color\">Sobre estoque e envio<\/span><\/h2>    <p>Como mostrado na imagem abaixo, nossa f\u00e1brica tem forte capacidade, portanto, temos estoque suficiente, sinta-se \u00e0 vontade para comprar nossos produtos com confian\u00e7a. A primeira imagem mostra a m\u00e1quina de remo\u00e7\u00e3o de casca de amendoim sem pintura, e a segunda mostra o produto acabado. <\/p>    <p>Nosso debulhador de amendoim parece requintado, e voc\u00ea \u00e9 bem-vindo para compr\u00e1-lo. Quanto \u00e0 entrega, usamos caixas de madeira para embalagem e tomamos medidas de prote\u00e7\u00e3o de seguran\u00e7a adequadas. Portanto, n\u00e3o se preocupe com danos \u00e0 maquinaria durante o transporte.<\/p>    <figure class=\"wp-block-gallery aligncenter has-nested-images columns-default is-cropped wp-block-gallery-2 is-layout-flex wp-block-gallery-is-layout-flex\"> <figure class=\"wp-block-image size-large\"><img loading=\"lazy\" decoding=\"async\" width=\"720\" height=\"540\" data-id=\"10900\" src=\"https:\/\/www.agriculture-machine.com\/wp-content\/uploads\/2021\/07\/groundnut-sheller-machine.jpg\" alt=\"m\u00e1quina descascadora de amendoim\" class=\"wp-image-10900\" srcset=\"https:\/\/www.agriculture-machine.com\/wp-content\/uploads\/2021\/07\/groundnut-sheller-machine.jpg 720w, https:\/\/www.agriculture-machine.com\/wp-content\/uploads\/2021\/07\/groundnut-sheller-machine-360x270.jpg 360w, https:\/\/www.agriculture-machine.com\/wp-content\/uploads\/2021\/07\/groundnut-sheller-machine-240x180.jpg 240w\" sizes=\"auto, (max-width: 720px) 100vw, 720px\" \/><figcaption class=\"wp-element-caption\">m\u00e1quina descascadora de amendoim<\/figcaption><\/figure>    <figure class=\"wp-block-image size-large\"><img loading=\"lazy\" decoding=\"async\" width=\"720\" height=\"540\" data-id=\"10901\" src=\"https:\/\/www.agriculture-machine.com\/wp-content\/uploads\/2021\/07\/stock.jpg\" alt=\"stock\" class=\"wp-image-10901\" srcset=\"https:\/\/www.agriculture-machine.com\/wp-content\/uploads\/2021\/07\/stock.jpg 720w, https:\/\/www.agriculture-machine.com\/wp-content\/uploads\/2021\/07\/stock-360x270.jpg 360w, https:\/\/www.agriculture-machine.com\/wp-content\/uploads\/2021\/07\/stock-240x180.jpg 240w\" sizes=\"auto, (max-width: 720px) 100vw, 720px\" \/><figcaption class=\"wp-element-caption\">stock<\/figcaption><\/figure>    <figure class=\"wp-block-image size-large\"><img loading=\"lazy\" decoding=\"async\" width=\"720\" height=\"540\" data-id=\"10902\" src=\"https:\/\/www.agriculture-machine.com\/wp-content\/uploads\/2021\/07\/factory.jpg\" alt=\"M\u00e1quina de descascar amendoim\" class=\"wp-image-10902\" srcset=\"https:\/\/www.agriculture-machine.com\/wp-content\/uploads\/2021\/07\/factory.jpg 720w, https:\/\/www.agriculture-machine.com\/wp-content\/uploads\/2021\/07\/factory-360x270.jpg 360w, https:\/\/www.agriculture-machine.com\/wp-content\/uploads\/2021\/07\/factory-240x180.jpg 240w\" sizes=\"auto, (max-width: 720px) 100vw, 720px\" \/><figcaption class=\"wp-element-caption\">M\u00e1quina de descascar amendoim<\/figcaption><\/figure>    <figure class=\"wp-block-image aligncenter size-large\"><img loading=\"lazy\" decoding=\"async\" width=\"720\" height=\"540\" data-id=\"10903\" src=\"https:\/\/www.agriculture-machine.com\/wp-content\/uploads\/2021\/07\/packaging.jpg\" alt=\"embalagem\" class=\"wp-image-10903\" srcset=\"https:\/\/www.agriculture-machine.com\/wp-content\/uploads\/2021\/07\/packaging.jpg 720w, https:\/\/www.agriculture-machine.com\/wp-content\/uploads\/2021\/07\/packaging-360x270.jpg 360w, https:\/\/www.agriculture-machine.com\/wp-content\/uploads\/2021\/07\/packaging-240x180.jpg 240w\" sizes=\"auto, (max-width: 720px) 100vw, 720px\" \/><figcaption class=\"wp-element-caption\">embalagem<\/figcaption><\/figure> <\/figure>    <h2 class=\"wp-block-heading\" id=\"h-the-price-of-peanut-thresher\"><span class=\"has-inline-color has-black-color\">Pre\u00e7o do debulhador de amendoim<\/span><\/h2>    <p>Devido aos diferentes componentes, n\u00e3o podemos fornecer um pre\u00e7o claro, mas prometemos que ofereceremos o servi\u00e7o mais atencioso e o pre\u00e7o mais favor\u00e1vel. Voc\u00ea pode deixar suas informa\u00e7\u00f5es de contato e nossa equipe entrar\u00e1 em contato dentro de 24 horas para entender suas necessidades, sinta-se \u00e0 vontade para consultar.<\/p>    <h2 class=\"wp-block-heading\" id=\"h-technical-parameter\">Par\u00e2metro t\u00e9cnico<\/h2>    <figure class=\"wp-block-image aligncenter size-large\"><img loading=\"lazy\" decoding=\"async\" width=\"720\" height=\"360\" src=\"https:\/\/www.agriculture-machine.com\/wp-content\/uploads\/2021\/07\/Technical-parameter-of-peanut-sheller-removing-machine-720x360.jpg\" alt=\"Par\u00e2metro t\u00e9cnico da m\u00e1quina de descasque de amendoim\" class=\"wp-image-10918\" srcset=\"https:\/\/www.agriculture-machine.com\/wp-content\/uploads\/2021\/07\/Technical-parameter-of-peanut-sheller-removing-machine-720x360.jpg 720w, https:\/\/www.agriculture-machine.com\/wp-content\/uploads\/2021\/07\/Technical-parameter-of-peanut-sheller-removing-machine-360x180.jpg 360w, https:\/\/www.agriculture-machine.com\/wp-content\/uploads\/2021\/07\/Technical-parameter-of-peanut-sheller-removing-machine-768x384.jpg 768w, https:\/\/www.agriculture-machine.com\/wp-content\/uploads\/2021\/07\/Technical-parameter-of-peanut-sheller-removing-machine.jpg 900w\" sizes=\"auto, (max-width: 720px) 100vw, 720px\" \/><figcaption class=\"wp-element-caption\">Par\u00e2metro t\u00e9cnico da m\u00e1quina de descasque de amendoim<\/figcaption><\/figure>    <p class=\"translation-block\">Acima est\u00e1 a lista detalhada de par\u00e2metros desta m\u00e1quina, que pode ser usada como refer\u00eancia. Se desejar saber mais tipos e detalhes de <a href=\"https:\/\/en.wikipedia.org\/wiki\/Peanut\" target=\"_blank\" rel=\"noopener\">m\u00e1quinas de descasque de amendoim<\/a>, sinta-se \u00e0 vontade para contactar-nos.<\/p>","protected":false},"excerpt":{"rendered":"<p>Nossa m\u00e1quina de remo\u00e7\u00e3o de casca de amendoim \u00e9 f\u00e1cil de operar e pode ser alimentada por eletricidade, gasolina, diesel, h\u00e1 muitas op\u00e7\u00f5es para voc\u00ea.<\/p>","protected":false},"author":1,"featured_media":10896,"parent":0,"comment_status":"closed","ping_status":"closed","template":"","tags":[798,797,648,866],"product-type":[895,872],"class_list":["post-10893","product","type-product","status-publish","has-post-thumbnail","hentry","tag-groundnut","tag-peanut","tag-removing-groundnut-shell","tag-removing-peanut-shell","product-type-peanut-sheller","product-type-thresher-sheller"],"_links":{"self":[{"href":"https:\/\/www.agriculture-machine.com\/pt\/wp-json\/wp\/v2\/product\/10893","targetHints":{"allow":["GET"]}}],"collection":[{"href":"https:\/\/www.agriculture-machine.com\/pt\/wp-json\/wp\/v2\/product"}],"about":[{"href":"https:\/\/www.agriculture-machine.com\/pt\/wp-json\/wp\/v2\/types\/product"}],"author":[{"embeddable":true,"href":"https:\/\/www.agriculture-machine.com\/pt\/wp-json\/wp\/v2\/users\/1"}],"replies":[{"embeddable":true,"href":"https:\/\/www.agriculture-machine.com\/pt\/wp-json\/wp\/v2\/comments?post=10893"}],"wp:featuredmedia":[{"embeddable":true,"href":"https:\/\/www.agriculture-machine.com\/pt\/wp-json\/wp\/v2\/media\/10896"}],"wp:attachment":[{"href":"https:\/\/www.agriculture-machine.com\/pt\/wp-json\/wp\/v2\/media?parent=10893"}],"wp:term":[{"taxonomy":"post_tag","embeddable":true,"href":"https:\/\/www.agriculture-machine.com\/pt\/wp-json\/wp\/v2\/tags?post=10893"},{"taxonomy":"product-type","embeddable":true,"href":"https:\/\/www.agriculture-machine.com\/pt\/wp-json\/wp\/v2\/product-type?post=10893"}],"curies":[{"name":"wp","href":"https:\/\/api.w.org\/{rel}","templated":true}]}}