{"id":10993,"date":"2021-08-16T17:44:40","date_gmt":"2021-08-16T09:44:40","guid":{"rendered":"https:\/\/www.agriculture-machine.com\/?p=10993"},"modified":"2024-08-20T17:43:17","modified_gmt":"2024-08-20T09:43:17","slug":"potato-harvester-two-models-of-potato-harvester","status":"publish","type":"product","link":"https:\/\/www.agriculture-machine.com\/pt\/potato-harvester-two-models-of-potato-harvester\/","title":{"rendered":"Dois modelos de m\u00e1quina de colheita de batatas \u00e0 venda"},"content":{"rendered":"<p class=\"translation-block\">A <strong>colheitadeira de batatas<\/strong> \u00e9 usada principalmente para completar a colheita de batatas subterr\u00e2neas, incluindo batatas, batatas-doces, cenouras, etc. \u00c9 adequada para v\u00e1rios tipos de solo: solo arenoso, solo argiloso e solo de coes\u00e3o m\u00e9dia. <\/p>    <p>A m\u00e1quina pode virar o fruto para fora do solo e formar uma pilha, reduzindo o consumo de m\u00e3o de obra e facilitando a coleta. Devido \u00e0 grande profundidade de escava\u00e7\u00e3o, n\u00e3o causar\u00e1 danos \u00e0s batatas.<\/p>    <figure class=\"wp-block-embed aligncenter is-type-video is-provider-youtube wp-block-embed-youtube wp-embed-aspect-16-9 wp-has-aspect-ratio\"><div class=\"wp-block-embed__wrapper\"> <iframe loading=\"lazy\" title=\"Maximize a efici\u00eancia da colheita de batatas com a nossa avan\u00e7ada m\u00e1quina combinada de colheita de batatas#colheita\" width=\"500\" height=\"281\" src=\"https:\/\/www.youtube.com\/embed\/4WllxEhKSvg?feature=oembed\" frameborder=\"0\" allow=\"accelerometer; autoplay; clipboard-write; encrypted-media; gyroscope; picture-in-picture; web-share\" referrerpolicy=\"strict-origin-when-cross-origin\" allowfullscreen><\/iframe> <\/div><figcaption class=\"wp-element-caption\">V\u00eddeo de trabalho da m\u00e1quina de escava\u00e7\u00e3o de batatas<\/figcaption><\/figure>    <p class=\"translation-block\">Esta m\u00e1quina \u00e9 popular em muitos pa\u00edses, incluindo Pa\u00edses Baixos, Estados Unidos, Canad\u00e1, Alemanha, Fran\u00e7a, R\u00fassia, etc. (<strong><em><a href=\"https:\/\/www.agriculture-machine.com\/pt\/automatic-potato-harvesting-machine\/\">Por que as M\u00e1quinas Autom\u00e1ticas de Colheita de Batatas S\u00e3o Populares em Pa\u00edses Canadenses<\/a><\/em><\/strong>). Aqui est\u00e3o v\u00e1rios cen\u00e1rios de trabalho.<\/p>    <figure class=\"wp-block-image aligncenter size-full\"><img loading=\"lazy\" decoding=\"async\" width=\"720\" height=\"540\" src=\"https:\/\/www.agriculture-machine.com\/wp-content\/uploads\/2021\/07\/working-scene.jpg\" alt=\"cena de trabalho\" class=\"wp-image-10998\" srcset=\"https:\/\/www.agriculture-machine.com\/wp-content\/uploads\/2021\/07\/working-scene.jpg 720w, https:\/\/www.agriculture-machine.com\/wp-content\/uploads\/2021\/07\/working-scene-360x270.jpg 360w, https:\/\/www.agriculture-machine.com\/wp-content\/uploads\/2021\/07\/working-scene-240x180.jpg 240w\" sizes=\"auto, (max-width: 720px) 100vw, 720px\" \/><figcaption class=\"wp-element-caption\">Cena de trabalho da m\u00e1quina de escava\u00e7\u00e3o de batatas<\/figcaption><\/figure>    <h2 class=\"wp-block-heading\" id=\"h-introduction-about-our-potato-harvester\">Introdu\u00e7\u00e3o ao nosso colheitador de batatas<\/h2>    <p>The harvester machine can help people harvest the crop efficiently. Our potato harvester equipment is specially designed according to our country&#8217;s characteristics of potato planting. The yield that the machine can harvest is more than a dozen people can harvest.<\/p>    <p>Todo o processo de opera\u00e7\u00e3o \u00e9 suave. A m\u00e1quina \u00e9 f\u00e1cil de conectar e operar. \u00c9 flex\u00edvel, pr\u00e1tica, com alta efici\u00eancia de colheita, baixa enterramento de batatas, e n\u00e3o causa danos \u00e0s batatas. <\/p>    <figure class=\"wp-block-image aligncenter size-large\"><img loading=\"lazy\" decoding=\"async\" width=\"720\" height=\"539\" src=\"https:\/\/www.agriculture-machine.com\/wp-content\/uploads\/2021\/07\/potato-harvester-2.jpg\" alt=\"colheitadeira de batatas\" class=\"wp-image-11003\" srcset=\"https:\/\/www.agriculture-machine.com\/wp-content\/uploads\/2021\/07\/potato-harvester-2.jpg 720w, https:\/\/www.agriculture-machine.com\/wp-content\/uploads\/2021\/07\/potato-harvester-2-360x270.jpg 360w, https:\/\/www.agriculture-machine.com\/wp-content\/uploads\/2021\/07\/potato-harvester-2-240x180.jpg 240w\" sizes=\"auto, (max-width: 720px) 100vw, 720px\" \/><figcaption class=\"wp-element-caption\">Escavador de batatas<\/figcaption><\/figure>    <p>The machine can turn over the soil. The remaining agricultural film is turned directly on the ground, which is more convenient to clean up. It is also conducive to the growth of the next season&#8217;s crops. So our potato reaping machine is favored by users everywhere.<\/p>    <figure class=\"wp-block-image aligncenter size-large\"><img loading=\"lazy\" decoding=\"async\" width=\"720\" height=\"530\" src=\"https:\/\/www.agriculture-machine.com\/wp-content\/uploads\/2021\/07\/potato-harvester-2-1.jpg\" alt=\"\" class=\"wp-image-11004\" srcset=\"https:\/\/www.agriculture-machine.com\/wp-content\/uploads\/2021\/07\/potato-harvester-2-1.jpg 720w, https:\/\/www.agriculture-machine.com\/wp-content\/uploads\/2021\/07\/potato-harvester-2-1-360x265.jpg 360w\" sizes=\"auto, (max-width: 720px) 100vw, 720px\" \/><figcaption class=\"wp-element-caption\">M\u00e1quina de colheita de batatas \u00e0 venda<\/figcaption><\/figure>    <h2 class=\"wp-block-heading\">Princ\u00edpio de funcionamento do escavador de batatas<\/h2>    <ol class=\"wp-block-list\"> <li>Antes de trabalhar, conectar a m\u00e1quina ao trator. Diferentes colheitadeiras de batatas precisam ser compat\u00edveis com tratores de diferentes pot\u00eancias.<\/li>    <li>Quando o trator come\u00e7a a avan\u00e7ar, a m\u00e1quina de colheita de batatas deve come\u00e7ar a trabalhar junto.<\/li>    <li>O princ\u00edpio de funcionamento \u00e9 que, sob o acionamento do PTO do trator, o solo e os tub\u00e9rculos s\u00e3o separados pela vibra\u00e7\u00e3o da tela vibrat\u00f3ria. O solo cai na abertura da tela vibrat\u00f3ria, e as batatas permanecem na tela.<\/li> <\/ol>    <h2 class=\"wp-block-heading\">Potato harvesting machine&#8217;s main structure <\/h2>    <p>A colheitadeira de batatas inclui v\u00e1rias partes: roda, suporte do eixo de cauda, tela vibrat\u00f3ria, cobertura protetora, estrutura de tra\u00e7\u00e3o, PTO e pino de suspens\u00e3o. Voc\u00ea pode encontrar mais detalhes na imagem abaixo.<\/p>    <figure class=\"wp-block-image aligncenter size-full\"><img loading=\"lazy\" decoding=\"async\" width=\"720\" height=\"528\" src=\"https:\/\/www.agriculture-machine.com\/wp-content\/uploads\/2021\/07\/structure-2.jpg\" alt=\"estrutura\" class=\"wp-image-11002\" srcset=\"https:\/\/www.agriculture-machine.com\/wp-content\/uploads\/2021\/07\/structure-2.jpg 720w, https:\/\/www.agriculture-machine.com\/wp-content\/uploads\/2021\/07\/structure-2-360x264.jpg 360w\" sizes=\"auto, (max-width: 720px) 100vw, 720px\" \/><figcaption class=\"wp-element-caption\">Estrutura da m\u00e1quina de colheita<\/figcaption><\/figure>    <h2 class=\"wp-block-heading\">Par\u00e2metros t\u00e9cnicos<\/h2>    <p>Temos dois modelos de colheitadeira de batatas: m\u00e1quinas de colheita de uma linha e de duas linhas. Voc\u00ea pode obter informa\u00e7\u00f5es detalhadas na folha. Para mais detalhes, consulte nossa equipe.<\/p>    <figure class=\"wp-block-gallery has-nested-images columns-default is-cropped wp-block-gallery-2 is-layout-flex wp-block-gallery-is-layout-flex\"> <figure class=\"wp-block-image size-large\"><img loading=\"lazy\" decoding=\"async\" width=\"720\" height=\"540\" data-id=\"11005\" src=\"https:\/\/www.agriculture-machine.com\/wp-content\/uploads\/2021\/07\/single-row.jpg\" alt=\"uma linha\" class=\"wp-image-11005\" srcset=\"https:\/\/www.agriculture-machine.com\/wp-content\/uploads\/2021\/07\/single-row.jpg 720w, https:\/\/www.agriculture-machine.com\/wp-content\/uploads\/2021\/07\/single-row-360x270.jpg 360w, https:\/\/www.agriculture-machine.com\/wp-content\/uploads\/2021\/07\/single-row-240x180.jpg 240w\" sizes=\"auto, (max-width: 720px) 100vw, 720px\" \/><figcaption class=\"wp-element-caption\">uma linha<\/figcaption><\/figure>    <figure class=\"wp-block-image size-large\"><img loading=\"lazy\" decoding=\"async\" width=\"720\" height=\"540\" data-id=\"11006\" src=\"https:\/\/www.agriculture-machine.com\/wp-content\/uploads\/2021\/07\/two-rows.jpg\" alt=\"duas linhas\" class=\"wp-image-11006\" srcset=\"https:\/\/www.agriculture-machine.com\/wp-content\/uploads\/2021\/07\/two-rows.jpg 720w, https:\/\/www.agriculture-machine.com\/wp-content\/uploads\/2021\/07\/two-rows-360x270.jpg 360w, https:\/\/www.agriculture-machine.com\/wp-content\/uploads\/2021\/07\/two-rows-240x180.jpg 240w\" sizes=\"auto, (max-width: 720px) 100vw, 720px\" \/><figcaption class=\"wp-element-caption\">duas linhas<\/figcaption><\/figure> <\/figure>    <figure class=\"wp-block-table is-style-stripes\"><table><tbody><tr><td>Modelo<\/td><td>4U-1<\/td><td>4U-2<\/td><\/tr><tr><td>Fileiras de colheita<\/td><td>1<\/td><td>2<\/td><\/tr><tr><td>Largura de corte (mm)<\/td><td>600<\/td><td>900\/1300\/1600\/1800<\/td><\/tr><tr><td>Profundidade de corte (mm)<\/td><td>100-250<\/td><td>100-250<\/td><\/tr><tr><td>Velocidade de rota\u00e7\u00e3o do PTO (r\/min)<\/td><td>540-720<\/td><td>540-720<\/td><\/tr><tr><td>Peso (kg)<\/td><td>160<\/td><td>260\/335\/390\/440<\/td><\/tr><tr><td>Pot\u00eancia do trator (hp)<\/td><td>20-30<\/td><td>40\/50\/70\/80<\/td><\/tr><tr><td>Gato montado<\/td><td>Suspens\u00e3o de tr\u00eas pontos Cat \u2161<\/td><td>Suspens\u00e3o de tr\u00eas pontos Cat \u2161<\/td><\/tr><\/tbody><\/table><figcaption class=\"wp-element-caption\">Informa\u00e7\u00f5es param\u00e9tricas para ambos os modelos de colheitadeiras<\/figcaption><\/figure>    <h2 class=\"wp-block-heading\">Prepara\u00e7\u00e3o antes do trabalho<\/h2>    <ol class=\"wp-block-list\"> <li>Desmontar e limpar as v\u00e1rias partes da m\u00e1quina de batatas com anteced\u00eancia, e aplicar graxa nas partes de rolamento durante o processo de limpeza para garantir o funcionamento normal do rolamento.<\/li>    <li>Ao trabalhar no solo, \u00e9 necess\u00e1rio garantir que n\u00e3o haja pedras grandes, pedras \u00f3bvias, etc. O objetivo \u00e9 garantir que a escavadora de batatas n\u00e3o cause danos \u00e0s engrenagens e l\u00e2minas devido \u00e0s pedras.<\/li> <\/ol>    <h2 class=\"wp-block-heading\">Vantagens da colheitadeira<\/h2>    <ol class=\"wp-block-list\"> <li>Altamente eficiente, esta m\u00e1quina pode colher aproximadamente 0,27 hectares por hora e tem uma capacidade de alimenta\u00e7\u00e3o de cerca de 180 kg\/s.<\/li>    <li>A colheitadeira de batatas perde solo rapidamente, e n\u00e3o causa danos \u00e0 epiderme da batata. O armazenamento auxiliar \u00e9 organizado, e a taxa de colheita de batatas \u00e9 alta.<\/li>    <li>A pel\u00edcula residual \u00e9 recuperada de forma limpa, e a m\u00e1quina pode completar a escava\u00e7\u00e3o de batatas de forma eficiente e r\u00e1pida de uma s\u00f3 vez.<\/li>    <li>A corrente do transportador adota um design especial e \u00e9 dur\u00e1vel.<\/li>    <li>Possui uma estrutura de quadro, tornando a colheitadeira de batatas leve, dur\u00e1vel e mais f\u00e1cil de instalar.<\/li>    <li>O design geral segue o princ\u00edpio da mec\u00e2nica ap\u00f3s longos experimentos repetidos. Tem ampla adaptabilidade, alta efici\u00eancia de trabalho, baixa demanda de pot\u00eancia, recupera\u00e7\u00e3o r\u00e1pida e adapta-se a v\u00e1rios tipos de solo.<\/li> <\/ol>    <figure class=\"wp-block-gallery has-nested-images columns-default is-cropped wp-block-gallery-3 is-layout-flex wp-block-gallery-is-layout-flex\"> <figure class=\"wp-block-image size-large\"><img loading=\"lazy\" decoding=\"async\" width=\"720\" height=\"540\" data-id=\"15509\" src=\"https:\/\/www.agriculture-machine.com\/wp-content\/uploads\/2021\/08\/potato-digging-machine.webp\" alt=\"M\u00e1quina de escava\u00e7\u00e3o de batatas\" class=\"wp-image-15509\" srcset=\"https:\/\/www.agriculture-machine.com\/wp-content\/uploads\/2021\/08\/potato-digging-machine.webp 720w, https:\/\/www.agriculture-machine.com\/wp-content\/uploads\/2021\/08\/potato-digging-machine-360x270.webp 360w, https:\/\/www.agriculture-machine.com\/wp-content\/uploads\/2021\/08\/potato-digging-machine-240x180.webp 240w\" sizes=\"auto, (max-width: 720px) 100vw, 720px\" \/><figcaption class=\"wp-element-caption\">M\u00e1quina de escava\u00e7\u00e3o de batatas<\/figcaption><\/figure>    <figure class=\"wp-block-image size-large\"><img loading=\"lazy\" decoding=\"async\" width=\"720\" height=\"540\" data-id=\"15510\" src=\"https:\/\/www.agriculture-machine.com\/wp-content\/uploads\/2021\/08\/potato-harvesting-machine-for-sale.webp\" alt=\"M\u00e1quina de colheita de batatas \u00e0 venda\" class=\"wp-image-15510\" srcset=\"https:\/\/www.agriculture-machine.com\/wp-content\/uploads\/2021\/08\/potato-harvesting-machine-for-sale.webp 720w, https:\/\/www.agriculture-machine.com\/wp-content\/uploads\/2021\/08\/potato-harvesting-machine-for-sale-360x270.webp 360w, https:\/\/www.agriculture-machine.com\/wp-content\/uploads\/2021\/08\/potato-harvesting-machine-for-sale-240x180.webp 240w\" sizes=\"auto, (max-width: 720px) 100vw, 720px\" \/><figcaption class=\"wp-element-caption\">M\u00e1quina de colheita de batatas \u00e0 venda<\/figcaption><\/figure> <\/figure>    <h2 class=\"wp-block-heading\">Manuten\u00e7\u00e3o t\u00e9cnica e armazenamento<\/h2>    <ol class=\"wp-block-list\"> <li>Ap\u00f3s o t\u00e9rmino de cada turno, o solo em cada parte da m\u00e1quina deve ser removido.<\/li>    <li>Verifique os fixadores de v\u00e1rias partes e aperte-os a tempo se estiverem soltos.<\/li>    <li>Verifique se as partes rotativas est\u00e3o flex\u00edveis. Se n\u00e3o estiverem normais, ajuste e elimine-as a tempo.<\/li>    <li>Quando a m\u00e1quina n\u00e3o for usada por um longo per\u00edodo, deve-se tomar cuidado para evitar chuva e contato com subst\u00e2ncias \u00e1cidas para evitar corros\u00e3o. As l\u00e2minas devem ser tratadas com \u00f3leo.<\/li> <\/ol>    <p>Se estiver interessado na nossa avan\u00e7ada colheitadeira de batatas, n\u00e3o hesite em contactar nossa equipe profissional para mais detalhes e op\u00e7\u00f5es de personaliza\u00e7\u00e3o. Aguardamos seu contato e estamos prontos para oferecer a solu\u00e7\u00e3o mais adequada.<\/p>","protected":false},"excerpt":{"rendered":"<p>A colheitadeira de batatas \u00e9 amplamente utilizada em grandes campos de batatas ou batatas-doces, etc. Existem op\u00e7\u00f5es de uma linha e de duas linhas, o que pode melhorar a produtividade do trabalho de colheita de batatas.<\/p>","protected":false},"author":1,"featured_media":11000,"parent":0,"comment_status":"closed","ping_status":"closed","template":"","tags":[843,842],"product-type":[871],"class_list":["post-10993","product","type-product","status-publish","has-post-thumbnail","hentry","tag-potatoes","tag-sweet-potatoes","product-type-harvester"],"_links":{"self":[{"href":"https:\/\/www.agriculture-machine.com\/pt\/wp-json\/wp\/v2\/product\/10993","targetHints":{"allow":["GET"]}}],"collection":[{"href":"https:\/\/www.agriculture-machine.com\/pt\/wp-json\/wp\/v2\/product"}],"about":[{"href":"https:\/\/www.agriculture-machine.com\/pt\/wp-json\/wp\/v2\/types\/product"}],"author":[{"embeddable":true,"href":"https:\/\/www.agriculture-machine.com\/pt\/wp-json\/wp\/v2\/users\/1"}],"replies":[{"embeddable":true,"href":"https:\/\/www.agriculture-machine.com\/pt\/wp-json\/wp\/v2\/comments?post=10993"}],"wp:featuredmedia":[{"embeddable":true,"href":"https:\/\/www.agriculture-machine.com\/pt\/wp-json\/wp\/v2\/media\/11000"}],"wp:attachment":[{"href":"https:\/\/www.agriculture-machine.com\/pt\/wp-json\/wp\/v2\/media?parent=10993"}],"wp:term":[{"taxonomy":"post_tag","embeddable":true,"href":"https:\/\/www.agriculture-machine.com\/pt\/wp-json\/wp\/v2\/tags?post=10993"},{"taxonomy":"product-type","embeddable":true,"href":"https:\/\/www.agriculture-machine.com\/pt\/wp-json\/wp\/v2\/product-type?post=10993"}],"curies":[{"name":"wp","href":"https:\/\/api.w.org\/{rel}","templated":true}]}}