{"id":11043,"date":"2021-08-07T16:29:49","date_gmt":"2021-08-07T08:29:49","guid":{"rendered":"https:\/\/www.agriculture-machine.com\/?p=11043"},"modified":"2024-09-26T09:28:27","modified_gmt":"2024-09-26T01:28:27","slug":"heavy-disc-harrow-hydraulic-trailed-heavy-duty-harrow","status":"publish","type":"product","link":"https:\/\/www.agriculture-machine.com\/pt\/heavy-disc-harrow-hydraulic-trailed-heavy-duty-harrow\/","title":{"rendered":"Arado pesado de disco | Arado hidr\u00e1ulico de tra\u00e7\u00e3o pesada"},"content":{"rendered":"<p>O arado de discos pesado de trac\u00e7\u00e3o \u00e9 uma ferramenta de lavoura. Possui um grupo de dentes composto por v\u00e1rios discos c\u00f4ncavos. Estes discos est\u00e3o fixados num eixo horizontal como parte de trabalho. Tem uma forte adaptabilidade a solos pesados, terrenos baldios e parcelas de ervas daninhas.<\/p>    <p>\u00c9 principalmente usado para arar terras n\u00e3o cultivadas, tamb\u00e9m para remo\u00e7\u00e3o de restos de cultura antes do arado, ara\u00e7\u00e3o ap\u00f3s o arado, soltar o solo, etc. Quando o arado de discos pesado funciona, pode misturar fertilizantes superficiais e pesticidas com o solo superficial para alcan\u00e7ar o efeito de nivelamento e conserva\u00e7\u00e3o de humidade.<\/p>    <figure class=\"wp-block-embed aligncenter is-type-video is-provider-youtube wp-block-embed-youtube wp-embed-aspect-16-9 wp-has-aspect-ratio\"><div class=\"wp-block-embed__wrapper\"> <iframe loading=\"lazy\" title=\"v\u00eddeo de trabalho do arado de tra\u00e7\u00e3o hidr\u00e1ulica pesada|v\u00eddeo de feedback do arado de discos pesado\" width=\"500\" height=\"281\" src=\"https:\/\/www.youtube.com\/embed\/VSU8fbMLO7A?feature=oembed\" frameborder=\"0\" allow=\"accelerometer; autoplay; clipboard-write; encrypted-media; gyroscope; picture-in-picture; web-share\" referrerpolicy=\"strict-origin-when-cross-origin\" allowfullscreen><\/iframe> <\/div><figcaption class=\"wp-element-caption\">v\u00eddeo de trabalho do arado de discos pesado agr\u00edcola<\/figcaption><\/figure>    <h2 class=\"wp-block-heading\">Estrutura do arado de discos pesado<\/h2>    <p>O arado de discos \u00e9 geralmente composto por um grupo de dentes, quadro do arado, mecanismo de ajuste de deflex\u00e3o e dispositivo de acoplamento.<\/p>    <h3 class=\"wp-block-heading\" id=\"h-rake-group\">Grupo de dentes<\/h3>    <p>O grupo de dentes \u00e9 composto por l\u00e2minas, tubos interm\u00e9dios, eixos quadrados, rolamentos e raspadores. As l\u00e2minas do arado s\u00e3o geralmente discos esf\u00e9ricos. Existem dois tipos de discos, de l\u00e2mina completa e de l\u00e2mina recortada. O primeiro \u00e9 simples de fabricar e f\u00e1cil de afiar. O segundo tem uma forte capacidade de penetrar no solo. Isto ajuda a cortar a terra e as ervas daninhas.<\/p>    <p>E o centro da l\u00e2mina \u00e9 um orif\u00edcio quadrado atrav\u00e9s do eixo quadrado. Quando em funcionamento, as l\u00e2minas do arado giram juntamente com o eixo quadrado. Este est\u00e1 conectado ao quadro do arado atrav\u00e9s de um rolamento, e as l\u00e2minas do arado no mesmo eixo est\u00e3o separadas por um tubo interm\u00e9dio.<\/p>    <figure class=\"wp-block-gallery has-nested-images columns-2 is-cropped wp-block-gallery-2 is-layout-flex wp-block-gallery-is-layout-flex\"> <figure class=\"wp-block-image size-large\"><a href=\"https:\/\/www.agriculture-machine.com\/wp-content\/uploads\/2021\/08\/\u5168\u5203.jpg\"><img loading=\"lazy\" decoding=\"async\" width=\"720\" height=\"540\" data-id=\"11053\" src=\"https:\/\/www.agriculture-machine.com\/wp-content\/uploads\/2021\/08\/\u5168\u5203.jpg\" alt=\"Disco de l\u00e2mina completa\" class=\"wp-image-11053\" srcset=\"https:\/\/www.agriculture-machine.com\/wp-content\/uploads\/2021\/08\/\u5168\u5203.jpg 720w, https:\/\/www.agriculture-machine.com\/wp-content\/uploads\/2021\/08\/\u5168\u5203-360x270.jpg 360w, https:\/\/www.agriculture-machine.com\/wp-content\/uploads\/2021\/08\/\u5168\u5203-240x180.jpg 240w\" sizes=\"auto, (max-width: 720px) 100vw, 720px\" \/><\/a><figcaption class=\"wp-element-caption\">Disco de l\u00e2mina completa<\/figcaption><\/figure>    <figure class=\"wp-block-image size-large\"><a href=\"https:\/\/www.agriculture-machine.com\/wp-content\/uploads\/2021\/08\/\u7f3a\u53e3\u5203.jpg\"><img loading=\"lazy\" decoding=\"async\" width=\"720\" height=\"540\" data-id=\"11054\" src=\"https:\/\/www.agriculture-machine.com\/wp-content\/uploads\/2021\/08\/\u7f3a\u53e3\u5203.jpg\" alt=\"Disco de l\u00e2mina recortada\" class=\"wp-image-11054\" srcset=\"https:\/\/www.agriculture-machine.com\/wp-content\/uploads\/2021\/08\/\u7f3a\u53e3\u5203.jpg 720w, https:\/\/www.agriculture-machine.com\/wp-content\/uploads\/2021\/08\/\u7f3a\u53e3\u5203-360x270.jpg 360w, https:\/\/www.agriculture-machine.com\/wp-content\/uploads\/2021\/08\/\u7f3a\u53e3\u5203-240x180.jpg 240w\" sizes=\"auto, (max-width: 720px) 100vw, 720px\" \/><\/a><figcaption class=\"wp-element-caption\">Disco de l\u00e2mina recortada<\/figcaption><\/figure> <\/figure>    <h3 class=\"wp-block-heading\" id=\"h-rake-frame\"> Quadro do raking<\/h3>    <p>O quadro do raking \u00e9 usado para instalar o grupo de dentes, mecanismo de ajuste, dispositivo de acoplamento e outros componentes. <\/p>    <p>Alguns quadros de dentes tamb\u00e9m est\u00e3o equipados com uma caixa de carga para que pesos adicionais possam ser adicionados quando necess\u00e1rio para aumentar e manter a profundidade do dente. <\/p>    <p>O mecanismo de ajuste do \u00e2ngulo de deflex\u00e3o \u00e9 usado para ajustar o \u00e2ngulo de deflex\u00e3o do arado de discos pesado para atender aos requisitos de diferentes profundidades de raking.<\/p>    <figure class=\"wp-block-gallery has-nested-images columns-default is-cropped wp-block-gallery-3 is-layout-flex wp-block-gallery-is-layout-flex\"> <figure class=\"wp-block-image size-large\"><a href=\"https:\/\/www.agriculture-machine.com\/wp-content\/uploads\/2021\/08\/4.jpg\"><img loading=\"lazy\" decoding=\"async\" width=\"720\" height=\"540\" data-id=\"11052\" src=\"https:\/\/www.agriculture-machine.com\/wp-content\/uploads\/2021\/08\/4.jpg\" alt=\"Arado de discos pesado de trac\u00e7\u00e3o hidr\u00e1ulica\" class=\"wp-image-11052\" srcset=\"https:\/\/www.agriculture-machine.com\/wp-content\/uploads\/2021\/08\/4.jpg 720w, https:\/\/www.agriculture-machine.com\/wp-content\/uploads\/2021\/08\/4-360x270.jpg 360w, https:\/\/www.agriculture-machine.com\/wp-content\/uploads\/2021\/08\/4-240x180.jpg 240w\" sizes=\"auto, (max-width: 720px) 100vw, 720px\" \/><\/a><figcaption class=\"wp-element-caption\">Arado de discos pesado de trac\u00e7\u00e3o hidr\u00e1ulica<\/figcaption><\/figure>    <figure class=\"wp-block-image size-large\"><a href=\"https:\/\/www.agriculture-machine.com\/wp-content\/uploads\/2021\/08\/3.jpg\"><img loading=\"lazy\" decoding=\"async\" width=\"720\" height=\"540\" data-id=\"11051\" src=\"https:\/\/www.agriculture-machine.com\/wp-content\/uploads\/2021\/08\/3.jpg\" alt=\"Arado de discos pesado de trac\u00e7\u00e3o hidr\u00e1ulica\" class=\"wp-image-11051\" srcset=\"https:\/\/www.agriculture-machine.com\/wp-content\/uploads\/2021\/08\/3.jpg 720w, https:\/\/www.agriculture-machine.com\/wp-content\/uploads\/2021\/08\/3-360x270.jpg 360w, https:\/\/www.agriculture-machine.com\/wp-content\/uploads\/2021\/08\/3-240x180.jpg 240w\" sizes=\"auto, (max-width: 720px) 100vw, 720px\" \/><\/a><figcaption class=\"wp-element-caption\">Arado de discos pesado de trac\u00e7\u00e3o hidr\u00e1ulica<\/figcaption><\/figure> <\/figure>    <h3 class=\"wp-block-heading\" id=\"h-deflection-adjustment-mechanism\"> Mecanismo de ajuste de deflex\u00e3o <\/h3>    <p>Os ajustadores de \u00e2ngulo incluem tipo de parafuso de avan\u00e7o, tipo de placa de dentes, tipo hidr\u00e1ulico, tipo de parafuso, tipo de placa de press\u00e3o e tipo de alavanca manual.<\/p>    <p>O suporte \u00e9 fixo na viga principal de trac\u00e7\u00e3o, as placas deslizantes superior e inferior est\u00e3o fixas ao quadro de trac\u00e7\u00e3o, podendo mover-se ao longo da viga principal, e o alcance de movimento \u00e9 limitado pelo suporte na extremidade da placa de dentes.<\/p>    <h3 class=\"wp-block-heading\" id=\"h-hooking-device\">Dispositivo de acoplamento<\/h3>    <p>O engate \u00e9 um arado de discos pesado conectado ao trator atrav\u00e9s de um dispositivo de trac\u00e7\u00e3o ou um dispositivo de suspens\u00e3o.<\/p>    <h2 class=\"wp-block-heading\">Princ\u00edpio de funcionamento do arado agr\u00edcola<\/h2>    <ul class=\"wp-block-list\"> <li>Grupos de discos c\u00f4ncavos usados como partes de trabalho.<\/li>    <li>A superf\u00edcie da borda da l\u00e2mina \u00e9 perpendicular ao solo e possui um \u00e2ngulo de deflex\u00e3o ajust\u00e1vel com a dire\u00e7\u00e3o forward da unidade.<\/li>    <li>As l\u00e2minas do arado cortam o solo para cortar ra\u00edzes e res\u00edduos de culturas, e o solo \u00e9 levantado at\u00e9 uma certa altura ao longo da superf\u00edcie c\u00f4ncava das l\u00e2minas do arado e depois virado para baixo.<\/li> <\/ul>    <figure class=\"wp-block-embed is-type-video is-provider-youtube wp-block-embed-youtube wp-embed-aspect-16-9 wp-has-aspect-ratio\"><div class=\"wp-block-embed__wrapper\"> <iframe loading=\"lazy\" title=\"v\u00eddeo de trabalho do arado de tra\u00e7\u00e3o hidr\u00e1ulica pesada|v\u00eddeo de feedback do arado de discos pesado\" width=\"500\" height=\"281\" src=\"https:\/\/www.youtube.com\/embed\/H3_jjq-Vs5w?feature=oembed\" frameborder=\"0\" allow=\"accelerometer; autoplay; clipboard-write; encrypted-media; gyroscope; picture-in-picture; web-share\" referrerpolicy=\"strict-origin-when-cross-origin\" allowfullscreen><\/iframe> <\/div><figcaption class=\"wp-element-caption\">local de trabalho do arado de discos pesado agr\u00edcola<\/figcaption><\/figure>    <h2 class=\"wp-block-heading\">Vantagens do arado de tra\u00e7\u00e3o hidr\u00e1ulica pesada<\/h2>    <ul class=\"wp-block-list\"> <li>Estrutura robusta, de fases, e suportes de rolamento dur\u00e1veis prolongam a vida \u00fatil.<\/li>    <li>Grupos de l\u00e2minas de l\u00e2mina independente se adaptam fluentemente com uma perna.<\/li>    <li>A for\u00e7a de downforce pesada faz com que cada l\u00e2mina escave mais profundamente.<\/li>    <li>L\u00e2minas recortadas cortam na terra.<\/li>    <li>L\u00e2minas lisas deixam um acabamento fino.<\/li>    <li>Raspadores de lama que ajudam a evitar entupimentos.<\/li> <\/ul>    <figure class=\"wp-block-image aligncenter size-full\"><img loading=\"lazy\" decoding=\"async\" width=\"720\" height=\"540\" src=\"https:\/\/www.agriculture-machine.com\/wp-content\/uploads\/2021\/08\/9.jpg\" alt=\"Tipos diferentes de l\u00e2minas\" class=\"wp-image-11060\" srcset=\"https:\/\/www.agriculture-machine.com\/wp-content\/uploads\/2021\/08\/9.jpg 720w, https:\/\/www.agriculture-machine.com\/wp-content\/uploads\/2021\/08\/9-360x270.jpg 360w, https:\/\/www.agriculture-machine.com\/wp-content\/uploads\/2021\/08\/9-240x180.jpg 240w\" sizes=\"auto, (max-width: 720px) 100vw, 720px\" \/><figcaption class=\"wp-element-caption\">Tipos diferentes de l\u00e2minas<\/figcaption><\/figure>    <h2 class=\"wp-block-heading\">Formul\u00e1rio de configura\u00e7\u00e3o do arado de discos do trator<\/h2>    <p>De acordo com a configura\u00e7\u00e3o do grupo de dentes, podemos dividi-lo em tr\u00eas tipos: tipo de fila \u00fanica oposta, tipo de fila dupla oposta e tipo offset do arado de discos pesado.<\/p>    <ol class=\"wp-block-list\"> <li><strong>Tipo de fila \u00fanica oposta<\/strong>. Os componentes do arado s\u00e3o dispostos em uma \u00fanica fila nos lados esquerdo e direito. Cada fila consiste em um ou mais grupos de dentes com superf\u00edcies c\u00f4ncavas opostas. \u00c9 utilizado em terras planas de irriga\u00e7\u00e3o, restos de colheita e ara\u00e7\u00e3o superficial de terras em pousio.<\/li>    <li><strong>Tipo de fila dupla oposta. <\/strong>Cada coluna \u00e9 arranjada de forma sim\u00e9trica por duas filas de grupos de dentes \u00e0 esquerda e \u00e0 direita. As superf\u00edcies c\u00f4ncavas dos discos das duas primeiras filas de grupos de dentes est\u00e3o opostas entre si.<\/li>    <li><strong>Tipo offset<\/strong>. Consiste em duas filas de grupos de dentes com superf\u00edcies c\u00f4ncavas opostas dos discos na frente e atr\u00e1s. A linha central de largura do dente pode desviar-se bastante do eixo longitudinal do trator durante a opera\u00e7\u00e3o. O raking offset largo pode atingir mais de 3 metros. Quando usado em uma quinta, pode estender o raking offset para trabalhar sob o dossel onde o trator n\u00e3o consegue entrar. Como o raking offset n\u00e3o tem zona de cultivo ausente, tamb\u00e9m \u00e9 amplamente utilizado em opera\u00e7\u00f5es de campo.<\/li> <\/ol>    <figure class=\"wp-block-gallery has-nested-images columns-default is-cropped wp-block-gallery-4 is-layout-flex wp-block-gallery-is-layout-flex\"> <figure class=\"wp-block-image size-large\"><img loading=\"lazy\" decoding=\"async\" width=\"720\" height=\"540\" data-id=\"11055\" src=\"https:\/\/www.agriculture-machine.com\/wp-content\/uploads\/2021\/08\/5.jpg\" alt=\"Disco de l\u00e2mina completa do arado pesado\" class=\"wp-image-11055\" srcset=\"https:\/\/www.agriculture-machine.com\/wp-content\/uploads\/2021\/08\/5.jpg 720w, https:\/\/www.agriculture-machine.com\/wp-content\/uploads\/2021\/08\/5-360x270.jpg 360w, https:\/\/www.agriculture-machine.com\/wp-content\/uploads\/2021\/08\/5-240x180.jpg 240w\" sizes=\"auto, (max-width: 720px) 100vw, 720px\" \/><figcaption class=\"wp-element-caption\">Disco de l\u00e2mina completa do arado pesado<\/figcaption><\/figure>    <figure class=\"wp-block-image size-large\"><img loading=\"lazy\" decoding=\"async\" width=\"720\" height=\"540\" data-id=\"11056\" src=\"https:\/\/www.agriculture-machine.com\/wp-content\/uploads\/2021\/08\/6.jpg\" alt=\"Disco de l\u00e2mina recortada\" class=\"wp-image-11056\" srcset=\"https:\/\/www.agriculture-machine.com\/wp-content\/uploads\/2021\/08\/6.jpg 720w, https:\/\/www.agriculture-machine.com\/wp-content\/uploads\/2021\/08\/6-360x270.jpg 360w, https:\/\/www.agriculture-machine.com\/wp-content\/uploads\/2021\/08\/6-240x180.jpg 240w\" sizes=\"auto, (max-width: 720px) 100vw, 720px\" \/><figcaption class=\"wp-element-caption\">Disco de l\u00e2mina recortada<\/figcaption><\/figure> <\/figure>    <h2 class=\"wp-block-heading\" id=\"h-how-to-choose-a-disc-heavy-harrow\">Como escolher o seu equipamento de lavoura?<\/h2>    <ul class=\"wp-block-list\"> <li>O arado hidr\u00e1ulico pesado da s\u00e9rie 1BZ tem alta efici\u00eancia de trabalho e forte capacidade de penetra\u00e7\u00e3o no solo.<\/li>    <li>Este tipo de raking adapta-se bem a solos pegajosos, terrenos baldios e parcelas de ervas daninhas.<\/li>    <li>O raking tamb\u00e9m est\u00e1 equipado com rodas de borracha elevat\u00f3rias hidr\u00e1ulicas.<\/li>    <li>Assim, pode melhorar significativamente a efici\u00eancia de produ\u00e7\u00e3o e a durabilidade do raking.<\/li> <\/ul>    <figure class=\"wp-block-gallery has-nested-images columns-default is-cropped wp-block-gallery-5 is-layout-flex wp-block-gallery-is-layout-flex\"> <figure class=\"wp-block-image size-large\"><img loading=\"lazy\" decoding=\"async\" width=\"720\" height=\"540\" data-id=\"11057\" src=\"https:\/\/www.agriculture-machine.com\/wp-content\/uploads\/2021\/08\/7.jpg\" alt=\"Ala de raking de tra\u00e7\u00e3o hidr\u00e1ulica com asa de dobragem\" class=\"wp-image-11057\" srcset=\"https:\/\/www.agriculture-machine.com\/wp-content\/uploads\/2021\/08\/7.jpg 720w, https:\/\/www.agriculture-machine.com\/wp-content\/uploads\/2021\/08\/7-360x270.jpg 360w, https:\/\/www.agriculture-machine.com\/wp-content\/uploads\/2021\/08\/7-240x180.jpg 240w\" sizes=\"auto, (max-width: 720px) 100vw, 720px\" \/><figcaption class=\"wp-element-caption\">Ala de raking de tra\u00e7\u00e3o hidr\u00e1ulica com asa de dobragem<\/figcaption><\/figure>    <figure class=\"wp-block-image size-large\"><img loading=\"lazy\" decoding=\"async\" width=\"720\" height=\"540\" data-id=\"11058\" src=\"https:\/\/www.agriculture-machine.com\/wp-content\/uploads\/2021\/08\/8.jpg\" alt=\"Arado de discos pesado de trac\u00e7\u00e3o hidr\u00e1ulica\" class=\"wp-image-11058\" srcset=\"https:\/\/www.agriculture-machine.com\/wp-content\/uploads\/2021\/08\/8.jpg 720w, https:\/\/www.agriculture-machine.com\/wp-content\/uploads\/2021\/08\/8-360x270.jpg 360w, https:\/\/www.agriculture-machine.com\/wp-content\/uploads\/2021\/08\/8-240x180.jpg 240w\" sizes=\"auto, (max-width: 720px) 100vw, 720px\" \/><figcaption class=\"wp-element-caption\">Arado de discos pesado de trac\u00e7\u00e3o hidr\u00e1ulica<\/figcaption><\/figure> <\/figure>    <h2 class=\"wp-block-heading\">Par\u00e2metros do arado de discos pesado<\/h2>    <figure class=\"wp-block-table is-style-stripes\"><table><tbody><tr><td>Modelo<\/td><td>Largura de trabalho (mm)<\/td><td>Profundidade de trabalho (mm)<\/td><td>Di\u00e2metro do disco (mm)<\/td><td>N\u00ba de discos (pcs)<\/td><td>Peso (kg)<\/td><td>Pot\u00eancia compat\u00edvel (hp)<\/td><td>Liga\u00e7\u00e3o<\/td><\/tr><tr><td>1BZ-1.8<\/td><td>1800<\/td><td>200<\/td><td>660<\/td><td>16<\/td><td>1160<\/td><td>70<\/td><td>Tra\u00e7\u00e3o hidr\u00e1ulica com trator<\/td><\/tr><tr><td>1BZ-2.2<\/td><td>2200<\/td><td>200<\/td><td>660<\/td><td>20<\/td><td>1250<\/td><td>80<\/td><td>Tra\u00e7\u00e3o hidr\u00e1ulica com trator<\/td><\/tr><tr><td>1BZ-2.5<\/td><td>2500<\/td><td>200<\/td><td>660<\/td><td>24<\/td><td>1350<\/td><td>90<\/td><td>Tra\u00e7\u00e3o hidr\u00e1ulica com trator<\/td><\/tr><tr><td>1BZ-3.0<\/td><td>3000<\/td><td>200<\/td><td>660<\/td><td>28<\/td><td>1430<\/td><td>100<\/td><td>Tra\u00e7\u00e3o hidr\u00e1ulica com trator<\/td><\/tr><tr><td>1BZ-3.4<\/td><td>3400<\/td><td>200<\/td><td>660<\/td><td>32<\/td><td>1550<\/td><td>120<\/td><td>Tra\u00e7\u00e3o hidr\u00e1ulica com trator<\/td><\/tr><tr><td>1BZ-4.0<\/td><td>4000<\/td><td>200<\/td><td>660<\/td><td>36<\/td><td>1900<\/td><td>150<\/td><td>Tra\u00e7\u00e3o hidr\u00e1ulica com trator<\/td><\/tr><tr><td>1BZ-5.3 <\/td><td>5300<\/td><td>200<\/td><td>660<\/td><td>48<\/td><td>2500<\/td><td>180<\/td><td>Tra\u00e7\u00e3o hidr\u00e1ulica com trator<\/td><\/tr><\/tbody><\/table><figcaption class=\"wp-element-caption\">Par\u00e2metros do arado de discos pesado de trac\u00e7\u00e3o hidr\u00e1ulica<\/figcaption><\/figure>    <figure class=\"wp-block-table is-style-stripes\"><table><tbody><tr><td>Modelo<\/td><td>1BZD-2.6<\/td><td>1BZD-3.0<\/td><td> 1BZD-3.3<\/td><td>1BZD-4.0<\/td><td>1BZD-4.3<\/td><td>1BZD-4.8<\/td><td> 1BZDF-4.5 <\/td><\/tr><tr><td>Largura de trabalho (mm)<\/td><td>2600<\/td><td>3000<\/td><td>3300<\/td><td>4000<\/td><td>4400<\/td><td>4800<\/td><td>4500<\/td><\/tr><tr><td>Profundidade de trabalho (mm)<\/td><td>200-250<\/td><td>200-250<\/td><td> 200-250 <\/td><td> 200-250 <\/td><td> 200-250 <\/td><td>200-250 <\/td><td>250<\/td><\/tr><tr><td>Di\u00e2metro do disco (mm)<\/td><td>660<\/td><td>660<\/td><td>660<\/td><td>660<\/td><td>660<\/td><td>660<\/td><td>660<\/td><\/tr><tr><td>Espessura do disco (mm)<\/td><td>5<\/td><td>5<\/td><td>5<\/td><td>5<\/td><td>5<\/td><td>5<\/td><td>6<\/td><\/tr><tr><td>N\u00ba de discos (pcs)<\/td><td>16<\/td><td>18<\/td><td>20<\/td><td>24<\/td><td>28<\/td><td>32<\/td><td>40<\/td><\/tr><tr><td>Peso (kg)<\/td><td>1150<\/td><td>1250<\/td><td>1350<\/td><td>1500<\/td><td>1600<\/td><td>1800<\/td><td>3200<\/td><\/tr><tr><td>Pot\u00eancia compat\u00edvel (hp)<\/td><td>60-70<\/td><td>70-80<\/td><td>80-90<\/td><td><br>90-100<br><\/td><td>100-110<\/td><td>110-120<\/td><td>150-160<\/td><\/tr><tr><td>Liga\u00e7\u00e3o<\/td><td>Tra\u00e7\u00e3o hidr\u00e1ulica com trator<\/td><td>Tra\u00e7\u00e3o hidr\u00e1ulica com trator<\/td><td>Tra\u00e7\u00e3o hidr\u00e1ulica com trator<\/td><td>Tra\u00e7\u00e3o hidr\u00e1ulica com trator<\/td><td>Tra\u00e7\u00e3o hidr\u00e1ulica com trator<\/td><td>Tra\u00e7\u00e3o hidr\u00e1ulica com trator<\/td><td>dobr\u00e1vel de trac\u00e7\u00e3o hidr\u00e1ulica<\/td><\/tr><\/tbody><\/table><figcaption class=\"wp-element-caption\">Par\u00e2metros do arado de tra\u00e7\u00e3o hidr\u00e1ulica oposta pesada<\/figcaption><\/figure>    <h2 class=\"wp-block-heading\">Uso correto e manuten\u00e7\u00e3o do arado de cultivo de campo<\/h2>    <ul class=\"wp-block-list\"> <li>Durante o uso, verifique frequentemente as condi\u00e7\u00f5es t\u00e9cnicas da l\u00e2mina do dente, raspador, eixo quadrado, rolamento, ajustador de \u00e2ngulo e v\u00e1rias partes de liga\u00e7\u00e3o.<\/li>    <li>Especialmente as porcas finais do arado de discos pesado e os parafusos de fixa\u00e7\u00e3o de cada rolamento.<\/li>    <li>Ap\u00f3s a opera\u00e7\u00e3o, limpar e revisar o grupo de dentes do arado de discos pesado.<\/li>    <li>Se n\u00e3o usar a roda de transporte, ir\u00e1 danificar prematuramente o grupo de arados de discos.<\/li>    <li>Ao transportar no campo ou perto de estradas de terra, ajuste o \u00e2ngulo de inclina\u00e7\u00e3o para zero.<\/li> <\/ul>    <p>Se tiver alguma d\u00favida ou precisar de mais informa\u00e7\u00f5es sobre este produto, sinta-se \u00e0 vontade para preencher o formul\u00e1rio \u00e0 direita para consulta, aguardamos trabalhar consigo.<\/p>","protected":false},"excerpt":{"rendered":"<p>The traction heavy disc harrow is a tillage tool. It has a rake group composed of a plurality of concave discs. These discs are fixed on a horizontal shaft as a working part. It has strong adaptability to heavy soil, wasteland, and weedy plots. It is mainly used for plowing uncultivated land, also for stubble [&hellip;]<\/p>\n","protected":false},"author":1,"featured_media":11062,"parent":0,"comment_status":"closed","ping_status":"closed","template":"","tags":[698],"product-type":[950,955,2],"class_list":["post-11043","product","type-product","status-publish","has-post-thumbnail","hentry","tag-tractor","product-type-arable-plows","product-type-arable-plows-products","product-type-products"],"_links":{"self":[{"href":"https:\/\/www.agriculture-machine.com\/pt\/wp-json\/wp\/v2\/product\/11043","targetHints":{"allow":["GET"]}}],"collection":[{"href":"https:\/\/www.agriculture-machine.com\/pt\/wp-json\/wp\/v2\/product"}],"about":[{"href":"https:\/\/www.agriculture-machine.com\/pt\/wp-json\/wp\/v2\/types\/product"}],"author":[{"embeddable":true,"href":"https:\/\/www.agriculture-machine.com\/pt\/wp-json\/wp\/v2\/users\/1"}],"replies":[{"embeddable":true,"href":"https:\/\/www.agriculture-machine.com\/pt\/wp-json\/wp\/v2\/comments?post=11043"}],"wp:featuredmedia":[{"embeddable":true,"href":"https:\/\/www.agriculture-machine.com\/pt\/wp-json\/wp\/v2\/media\/11062"}],"wp:attachment":[{"href":"https:\/\/www.agriculture-machine.com\/pt\/wp-json\/wp\/v2\/media?parent=11043"}],"wp:term":[{"taxonomy":"post_tag","embeddable":true,"href":"https:\/\/www.agriculture-machine.com\/pt\/wp-json\/wp\/v2\/tags?post=11043"},{"taxonomy":"product-type","embeddable":true,"href":"https:\/\/www.agriculture-machine.com\/pt\/wp-json\/wp\/v2\/product-type?post=11043"}],"curies":[{"name":"wp","href":"https:\/\/api.w.org\/{rel}","templated":true}]}}