{"id":1105,"date":"2018-10-19T08:51:53","date_gmt":"2018-10-19T00:51:53","guid":{"rendered":"https:\/\/www.agriculture-machine.com\/?p=1105"},"modified":"2024-09-18T16:07:36","modified_gmt":"2024-09-18T08:07:36","slug":"multifunctional-thresher-machine","status":"publish","type":"product","link":"https:\/\/www.agriculture-machine.com\/pt\/multifunctional-thresher-machine\/","title":{"rendered":"M\u00e1quina de debulhar multifuncional"},"content":{"rendered":"<h2 class=\"wp-block-heading\">Breve introdu\u00e7\u00e3o da m\u00e1quina de debulhar trigo<\/h2>    <p>A m\u00e1quina de debulhar multifuncional consiste numa cuba de alimenta\u00e7\u00e3o, um tambor, uma tela e uma prateleira. Integra debulhar, separar, triturar palha como um todo e pode ser usada para trigo, cevada, arroz, sorgo, milho, feij\u00e3o e colza. O design especial para uma entrada maior facilita a coloca\u00e7\u00e3o de mat\u00e9rias-primas. Al\u00e9m disso, \u00e9 melhor escolher culturas com 80% de humidade, o que pode reduzir a taxa de quebra.<\/p>    <figure class=\"wp-block-embed is-type-rich is-provider-embed-handler wp-block-embed-embed-handler wp-embed-aspect-16-9 wp-has-aspect-ratio\"><div class=\"wp-block-embed__wrapper\"> <iframe loading=\"lazy\" title=\"m\u00e1quina de debulhar trigo cevada arroz sorgo milho feij\u00e3o e colza\" width=\"500\" height=\"281\" src=\"https:\/\/www.youtube.com\/embed\/0Y2dKaS3GxI?feature=oembed\" frameborder=\"0\" allow=\"accelerometer; autoplay; clipboard-write; encrypted-media; gyroscope; picture-in-picture; web-share\" referrerpolicy=\"strict-origin-when-cross-origin\" allowfullscreen><\/iframe> <\/div><\/figure>    <h2 class=\"wp-block-heading\">Par\u00e2metro t\u00e9cnico da m\u00e1quina de debulhar trigo<\/h2>    <div class=\"table-responsive\"> <table class=\"table\" border=\"1\"> <tbody> <tr style=\"background-color: #f79646;\"> <td width=\"284\">Modelo<\/td> <td width=\"316\">DT-60<\/td> <\/tr> <tr style=\"background-color: #fbd5b5;\"> <td rowspan=\"3\" width=\"284\">&nbsp;<br>Pot\u00eancia<\/td> <td width=\"316\">&gt;3kw motor<\/td> <\/tr> <tr> <td width=\"316\">Motor a gasolina 170F<\/td> <\/tr> <tr> <td width=\"316\">Motor diesel de 8HP<\/td> <\/tr> <tr style=\"background-color: #fbd5b5;\"> <td width=\"284\">Capacidade<\/td> <td width=\"316\">800-1000kg\/h<\/td> <\/tr> <tr> <td width=\"284\">Velocidade do ventilador<\/td> <td width=\"316\">2450r\/min<\/td> <\/tr> <tr style=\"background-color: #fbd5b5;\"> <td width=\"284\">Tamanho da m\u00e1quina<\/td> <td width=\"316\">1490*1270*1480mm<\/td> <\/tr> <tr> <td width=\"284\">Tamanho da embalagem<\/td> <td width=\"316\">1280*960*1010mm(1.24CBM)<\/td> <\/tr> <tr style=\"background-color: #fbd5b5;\"> <td width=\"284\">Peso<\/td> <td width=\"316\">150kg<\/td> <\/tr> <tr> <td width=\"284\">Implementa\u00e7\u00e3o nacional de normas<\/td> <td width=\"316\">DG\/T 016-2006<\/td> <\/tr> <tr style=\"background-color: #fbd5b5;\"> <td width=\"284\">&nbsp;<\/td> <td width=\"316\">JB\/T 9778-2008<\/td> <\/tr> <\/tbody> <\/table> <\/div>    <figure class=\"wp-block-image\"><img decoding=\"async\" src=\"https:\/\/www.agriculture-machine.com\/wp-content\/uploads\/2018\/10\/thresher-machine5.jpg\" alt=\"m\u00e1quina-debular5\"\/><\/figure>    <h2 class=\"wp-block-heading\">Princ\u00edpio de funcionamento da m\u00e1quina de debulhar trigo<\/h2>    <p>Quando a m\u00e1quina est\u00e1 a trabalhar, as culturas s\u00e3o alimentadas de forma cont\u00ednua e uniforme. A cultura \u00e9 separada do talo por fric\u00e7\u00e3o, extrus\u00e3o, colis\u00e3o e agita\u00e7\u00e3o entre o suporte no tambor e a tela. Ap\u00f3s a separa\u00e7\u00e3o do gr\u00e3o do talo, o talo \u00e9 expelido pelo ventilador de suc\u00e7\u00e3o. Entretanto, os gr\u00e3os saem de outra sa\u00edda.<br><img decoding=\"async\" style=\"width: 400px; float: left; margin-right: 10px;\" src=\"https:\/\/www.agriculture-machine.com\/wp-content\/uploads\/2018\/10\/thresher-machine4.jpg\" alt=\"m\u00e1quina-debular4\"><img decoding=\"async\" style=\"width: 400px;\" src=\"https:\/\/www.agriculture-machine.com\/wp-content\/uploads\/2018\/10\/thresher-machine3.jpg\" alt=\"m\u00e1quina-debular3\"><\/p>    <h2 class=\"wp-block-heading\">Pe\u00e7as de desgaste vulner\u00e1veis<\/h2>    <div class=\"table-responsive\"> <table class=\"table\" border=\"1\"> <tbody> <tr> <td width=\"189\">Nome<\/td> <td width=\"189\">Imagem<\/td> <td width=\"189\">Especifica\u00e7\u00e3o<\/td> <\/tr> <tr> <td width=\"189\">Correia triangular<\/td> <td width=\"189\"><img decoding=\"async\" src=\"https:\/\/www.agriculture-machine.com\/wp-content\/uploads\/2018\/10\/thresher-machine.jpg\" alt=\"m\u00e1quina-debular\"><\/td> <td width=\"189\">A1473<\/td> <\/tr> <tr> <td width=\"189\">Rolamento do eixo<\/td> <td width=\"189\"><img decoding=\"async\" src=\"https:\/\/www.agriculture-machine.com\/wp-content\/uploads\/2018\/10\/thresher-machine2-1.jpg\" alt=\"m\u00e1quina-debular2\"><\/td> <td width=\"189\">6009 <p>&nbsp;<\/p> <p>6204<\/p> <\/td> <\/tr> <tr> <td width=\"189\">Corrente<\/td> <td width=\"189\"><img decoding=\"async\" src=\"https:\/\/www.agriculture-machine.com\/wp-content\/uploads\/2018\/10\/thresher-machine3-1.jpg\" alt=\"m\u00e1quina-debular3\"><\/td> <td width=\"189\">12.7\/960mm<\/td> <\/tr> <\/tbody> <\/table> <\/div>    <h2 class=\"wp-block-heading\">Aplica\u00e7\u00e3o da m\u00e1quina de debulhar trigo<\/h2>    <p>Em compara\u00e7\u00e3o com outras debulhadoras, a nossa tem uma aplica\u00e7\u00e3o mais ampla e pode ser usada para cevada, milho, trigo, soja, sorgo e colza, etc. \u00c9 necess\u00e1rio substituir uma tela adequada ao tamanho das culturas.<\/p>    <h2 class=\"wp-block-heading\">Vantagem da m\u00e1quina de debulhar trigo<\/h2>    <p>1. Alta taxa de limpeza. O ventilador adicional na sa\u00edda pode expulsar as impurezas duas vezes, tornando os gr\u00e3os finais mais limpos.<br>2. Baixa taxa de perdas. \u00c9 inferior a 1,5% e quase todos os gr\u00e3os podem ser recolhidos.<br>3. Alta resist\u00eancia \u00e0 corros\u00e3o. Permite que a m\u00e1quina tenha uma longa vida \u00fatil.<br>4. F\u00e1cil de usar. Cumprindo as especifica\u00e7\u00f5es, qualquer pessoa pode oper\u00e1-la.<br>5. Movimento conveniente. Com duas rodas, a m\u00e1quina de debulhar \u00e9 f\u00e1cil de mover.<br>6. M\u00faltiplas fun\u00e7\u00f5es. Culturas como cevada, milho, trigo, soja, sorgo e colza s\u00e3o adequadas para esta m\u00e1quina, que pode ser ajustada mudando o tamanho da tela.<br><img decoding=\"async\" style=\"width: 100%;\" src=\"https:\/\/www.agriculture-machine.com\/wp-content\/uploads\/2018\/10\/thresher-machine6.jpg\" alt=\"m\u00e1quina-debular6\"><\/p>    <h2 class=\"wp-block-heading\">Perguntas Frequentes<\/h2>    <p>1. \u00c9s fabricante?<br>&nbsp;Sim, somos. Bem-vindo a visitar a nossa f\u00e1brica.<br>2. Pode alterar a voltagem da m\u00e1quina conforme o nosso pedido?<br>&nbsp;Sim, podemos.<br>3. Como \u00e9 o seu servi\u00e7o p\u00f3s-venda?<br>&nbsp;O nosso engenheiro pode ir ao exterior para instalar e treinar os seus trabalhadores.<br>4. Qual \u00e9 o tempo de garantia da sua m\u00e1quina?<br>&nbsp;1 ano, exceto pe\u00e7as de desgaste consum\u00edveis.<br>5. Como \u00e9 o tempo de entrega da sua m\u00e1quina?<br>&nbsp;Geralmente, leva de 5 a 15 dias para m\u00e1quinas grandes ou linhas de produ\u00e7\u00e3o, e ser\u00e1 muito mais longo, mas dentro do nosso prazo de entrega negociado.<br><img decoding=\"async\" style=\"width: 100%;\" src=\"https:\/\/www.agriculture-machine.com\/wp-content\/uploads\/2018\/10\/thresher-machine8.jpg\" alt=\"m\u00e1quina-debular8\"><\/p>","protected":false},"excerpt":{"rendered":"<p>Brief introduction of wheat thresher machine The multipurpose thresher machine consists of a feeding hopper, a drum, a screen and a shelf.It integrates threshing, separating, straw chopping as a whole and can be used for wheat, barley, rice, sorghum, millet, beans and rapeseed.The special design towards bigger inlet make it convenient to place raw materials. [&hellip;]<\/p>\n","protected":false},"author":1,"featured_media":2037,"parent":0,"comment_status":"closed","ping_status":"closed","template":"","tags":[2614],"product-type":[894],"class_list":["post-1105","product","type-product","status-publish","has-post-thumbnail","hentry","tag-thresher","product-type-rice-and-wheat-thresher"],"_links":{"self":[{"href":"https:\/\/www.agriculture-machine.com\/pt\/wp-json\/wp\/v2\/product\/1105","targetHints":{"allow":["GET"]}}],"collection":[{"href":"https:\/\/www.agriculture-machine.com\/pt\/wp-json\/wp\/v2\/product"}],"about":[{"href":"https:\/\/www.agriculture-machine.com\/pt\/wp-json\/wp\/v2\/types\/product"}],"author":[{"embeddable":true,"href":"https:\/\/www.agriculture-machine.com\/pt\/wp-json\/wp\/v2\/users\/1"}],"replies":[{"embeddable":true,"href":"https:\/\/www.agriculture-machine.com\/pt\/wp-json\/wp\/v2\/comments?post=1105"}],"wp:featuredmedia":[{"embeddable":true,"href":"https:\/\/www.agriculture-machine.com\/pt\/wp-json\/wp\/v2\/media\/2037"}],"wp:attachment":[{"href":"https:\/\/www.agriculture-machine.com\/pt\/wp-json\/wp\/v2\/media?parent=1105"}],"wp:term":[{"taxonomy":"post_tag","embeddable":true,"href":"https:\/\/www.agriculture-machine.com\/pt\/wp-json\/wp\/v2\/tags?post=1105"},{"taxonomy":"product-type","embeddable":true,"href":"https:\/\/www.agriculture-machine.com\/pt\/wp-json\/wp\/v2\/product-type?post=1105"}],"curies":[{"name":"wp","href":"https:\/\/api.w.org\/{rel}","templated":true}]}}