{"id":11066,"date":"2021-08-11T17:31:26","date_gmt":"2021-08-11T09:31:26","guid":{"rendered":"https:\/\/www.agriculture-machine.com\/?p=11066"},"modified":"2024-08-20T17:43:27","modified_gmt":"2024-08-20T09:43:27","slug":"corn-stalk-reaping-machinecorn-stalk-reapermaize-straw-reaper","status":"publish","type":"product","link":"https:\/\/www.agriculture-machine.com\/pt\/corn-stalk-reaping-machinecorn-stalk-reapermaize-straw-reaper\/","title":{"rendered":"M\u00e1quina de ceifar espigas de milho, ceifador de palha de milho para colheita"},"content":{"rendered":"<p>A m\u00e1quina de ceifar espigas de milho tamb\u00e9m \u00e9 chamada de ceifador de palha de milho e ceifador de espigas de milho. Ela colhe espigas de milho eretas no campo quando o milho est\u00e1 maduro ou pr\u00f3ximo da maturidade.<\/p>    <p>Possui um dispositivo de transporte com corrente de fixa\u00e7\u00e3o. Os caules colhidos s\u00e3o dispostos horizontalmente em feixes na parte traseira ou na traseira direita do trator. Aplica-se \u00e0 colheita de palha cerosa com espiga ou milho sem \u00e1reas de produ\u00e7\u00e3o e \u00e1reas de cria\u00e7\u00e3o de animais.<\/p>    <figure class=\"wp-block-gallery has-nested-images columns-default is-cropped wp-block-gallery-2 is-layout-flex wp-block-gallery-is-layout-flex\"> <figure class=\"wp-block-image size-large\"><a href=\"https:\/\/www.agriculture-machine.com\/wp-content\/uploads\/2021\/08\/\u753b\u677f-7.jpg\"><img loading=\"lazy\" decoding=\"async\" width=\"720\" height=\"540\" data-id=\"11087\" src=\"https:\/\/www.agriculture-machine.com\/wp-content\/uploads\/2021\/08\/\u753b\u677f-7.jpg\" alt=\"Ceifador de espigas de milho\" class=\"wp-image-11087\" srcset=\"https:\/\/www.agriculture-machine.com\/wp-content\/uploads\/2021\/08\/\u753b\u677f-7.jpg 720w, https:\/\/www.agriculture-machine.com\/wp-content\/uploads\/2021\/08\/\u753b\u677f-7-360x270.jpg 360w, https:\/\/www.agriculture-machine.com\/wp-content\/uploads\/2021\/08\/\u753b\u677f-7-240x180.jpg 240w\" sizes=\"auto, (max-width: 720px) 100vw, 720px\" \/><\/a><figcaption class=\"wp-element-caption\">Ceifador de espigas de milho<\/figcaption><\/figure>    <figure class=\"wp-block-image size-large\"><a href=\"https:\/\/www.agriculture-machine.com\/wp-content\/uploads\/2021\/08\/\u753b\u677f-6.jpg\"><img loading=\"lazy\" decoding=\"async\" width=\"720\" height=\"540\" data-id=\"11086\" src=\"https:\/\/www.agriculture-machine.com\/wp-content\/uploads\/2021\/08\/\u753b\u677f-6.jpg\" alt=\"Ceifador de espigas de milho\" class=\"wp-image-11086\" srcset=\"https:\/\/www.agriculture-machine.com\/wp-content\/uploads\/2021\/08\/\u753b\u677f-6.jpg 720w, https:\/\/www.agriculture-machine.com\/wp-content\/uploads\/2021\/08\/\u753b\u677f-6-360x270.jpg 360w, https:\/\/www.agriculture-machine.com\/wp-content\/uploads\/2021\/08\/\u753b\u677f-6-240x180.jpg 240w\" sizes=\"auto, (max-width: 720px) 100vw, 720px\" \/><\/a><figcaption class=\"wp-element-caption\">Ceifador de espigas de milho<\/figcaption><\/figure> <\/figure>    <h2 class=\"wp-block-heading\">Princ\u00edpio de funcionamento da m\u00e1quina de ceifar espigas de milho<\/h2>    <p>Durante a opera\u00e7\u00e3o, a m\u00e1quina de ceifar espigas de milho avan\u00e7a ao longo da linha de milho. E a l\u00e2mina de corte corta as espigas. As espigas s\u00e3o descarregadas do lado direito das correias transportadoras superior, m\u00e9dia e inferior e colocadas naturalmente para completar a colheita.<\/p>    <figure class=\"wp-block-embed aligncenter is-type-video is-provider-youtube wp-block-embed-youtube wp-embed-aspect-16-9 wp-has-aspect-ratio\"><div class=\"wp-block-embed__wrapper\"> <iframe loading=\"lazy\" title=\"V\u00eddeo de funcionamento da m\u00e1quina de ceifar espigas de milho|Ceifador de espigas de milho|Ceifador de palha de milho\" width=\"500\" height=\"281\" src=\"https:\/\/www.youtube.com\/embed\/Ge8t8kxGNUQ?feature=oembed\" frameborder=\"0\" allow=\"accelerometer; autoplay; clipboard-write; encrypted-media; gyroscope; picture-in-picture; web-share\" referrerpolicy=\"strict-origin-when-cross-origin\" allowfullscreen><\/iframe> <\/div><figcaption class=\"wp-element-caption\">Como funciona a m\u00e1quina de ceifar palha<\/figcaption><\/figure>    <h2 class=\"wp-block-heading\">Estrutura da m\u00e1quina de ceifar espigas de milho<\/h2>    <p>A m\u00e1quina de ceifar espigas de milho consiste em um dispositivo de corte de hastes, um dispositivo de transporte, um elevador hidr\u00e1ulico, entre outros. Eles est\u00e3o dispostos na frente e \u00e0 direita do trator, respectivamente. <\/p>    <p>\u00c9 cortado com uma l\u00e2mina de serra e adota a forma de fixa\u00e7\u00e3o e transporte. Pode colher diretamente a palha ereta no campo. E colocar a palha em feixes ao lado direito do trator.<\/p>    <figure class=\"wp-block-gallery has-nested-images columns-default is-cropped wp-block-gallery-3 is-layout-flex wp-block-gallery-is-layout-flex\"> <figure class=\"wp-block-image aligncenter size-large\"><a href=\"https:\/\/www.agriculture-machine.com\/wp-content\/uploads\/2021\/08\/\u753b\u677f-9.jpg\"><img loading=\"lazy\" decoding=\"async\" width=\"720\" height=\"540\" data-id=\"11075\" src=\"https:\/\/www.agriculture-machine.com\/wp-content\/uploads\/2021\/08\/\u753b\u677f-9.jpg\" alt=\"estrutura principal da m\u00e1quina de ceifar espigas de milho\" class=\"wp-image-11075\" srcset=\"https:\/\/www.agriculture-machine.com\/wp-content\/uploads\/2021\/08\/\u753b\u677f-9.jpg 720w, https:\/\/www.agriculture-machine.com\/wp-content\/uploads\/2021\/08\/\u753b\u677f-9-360x270.jpg 360w, https:\/\/www.agriculture-machine.com\/wp-content\/uploads\/2021\/08\/\u753b\u677f-9-240x180.jpg 240w\" sizes=\"auto, (max-width: 720px) 100vw, 720px\" \/><\/a><figcaption class=\"wp-element-caption\">estrutura principal da m\u00e1quina de ceifar espigas de milho<\/figcaption><\/figure> <\/figure>    <h2 class=\"wp-block-heading\">Vantagens da m\u00e1quina de picar espigas de milho<\/h2>    <ul class=\"wp-block-list\"> <li>Durante a opera\u00e7\u00e3o, n\u00e3o \u00e9 necess\u00e1rio limpar a estrada manualmente, o que economiza m\u00e3o de obra e melhora a efici\u00eancia do trabalho.<\/li>    <li>A cabe\u00e7a de corte \u00e9 controlada pelo cilindro de \u00f3leo para ajustar a altura do tojo.<\/li>    <li>As palhas colhidas s\u00e3o dispostas de forma ordenada na mesma dire\u00e7\u00e3o, facilitando a coleta, armazenamento e transporte.<\/li>    <li>A efici\u00eancia de colheita \u00e9 alta, podendo operar entre 5-10 acres por hora.<\/li>    <li>O m\u00e9todo de corte \u00e9 o corte sobreposto e escalonado de l\u00e2minas de serra, a velocidade de corte \u00e9 r\u00e1pida, o corte \u00e9 completo e n\u00e3o deixam cantos mortos. O tojo \u00e9 cortado de forma limpa e a vibra\u00e7\u00e3o \u00e9 pequena.<\/li> <\/ul>    <h2 class=\"wp-block-heading\">Par\u00e2metros da m\u00e1quina  <\/h2>    <figure class=\"wp-block-table is-style-stripes\"><table><tbody><tr><td>Pot\u00eancia de suporte<\/td><td>Trator pequeno de quatro rodas com cilindrada inferior a 20 cavalos de pot\u00eancia<\/td><\/tr><tr><td>Efici\u00eancia de opera\u00e7\u00e3o<\/td><td>5-10 acres\/hora<\/td><\/tr><tr><td>Peso da m\u00e1quina<\/td><td>510kg<\/td><\/tr><tr><td>Forma de conex\u00e3o<\/td><td>Suspens\u00e3o<\/td><\/tr><tr><td>Espa\u00e7amento te\u00f3rico da linha de colheita<\/td><td>550-650mm<\/td><\/tr><tr><td>Largura de colheita<\/td><td>2,2 metros (teoricamente 4 linhas)<\/td><\/tr><tr><td>Fonte de energia<\/td><td>cilindro simples: polia de correia, roda traseira;<br>multi-cilindro: eixo de sa\u00edda traseiro, roda traseira<\/td><\/tr><tr><td>M\u00e9todo de transporte<\/td><td>Fixa\u00e7\u00e3o e transporte<\/td><\/tr><tr><td>Altura m\u00e1xima da l\u00e2mina de serra do ch\u00e3o<\/td><td>300mm<\/td><\/tr><tr><td>Componentes<\/td><td>Dispositivo de haste de corte, dispositivo de transporte, elevador hidr\u00e1ulico<\/td><\/tr><\/tbody><\/table><figcaption class=\"wp-element-caption\">Dados t\u00e9cnicos da m\u00e1quina de colheita de espigas de milho<\/figcaption><\/figure>    <figure class=\"wp-block-gallery has-nested-images columns-default is-cropped wp-block-gallery-4 is-layout-flex wp-block-gallery-is-layout-flex\"> <figure class=\"wp-block-image aligncenter size-large\"><a href=\"https:\/\/www.agriculture-machine.com\/wp-content\/uploads\/2021\/08\/\u753b\u677f-8.jpg\"><img loading=\"lazy\" decoding=\"async\" width=\"720\" height=\"540\" data-id=\"11076\" src=\"https:\/\/www.agriculture-machine.com\/wp-content\/uploads\/2021\/08\/\u753b\u677f-8.jpg\" alt=\"requisitos da ceifadora de espigas de milho para o trator\" class=\"wp-image-11076\" srcset=\"https:\/\/www.agriculture-machine.com\/wp-content\/uploads\/2021\/08\/\u753b\u677f-8.jpg 720w, https:\/\/www.agriculture-machine.com\/wp-content\/uploads\/2021\/08\/\u753b\u677f-8-360x270.jpg 360w, https:\/\/www.agriculture-machine.com\/wp-content\/uploads\/2021\/08\/\u753b\u677f-8-240x180.jpg 240w\" sizes=\"auto, (max-width: 720px) 100vw, 720px\" \/><\/a><figcaption class=\"wp-element-caption\">requisitos da ceifadora de espigas de milho para o trator<\/figcaption><\/figure> <\/figure>    <h2 class=\"wp-block-heading\">Diferen\u00e7a entre m\u00e1quina de ceifar espigas de milho, m\u00e1quina de tritura\u00e7\u00e3o e reciclagem de palha<\/h2>    <h3 class=\"wp-block-heading\" id=\"h-corn-stalk-reaping-machine\">M\u00e1quina de ceifar espigas de milho <\/h3>    <p>Ceifador de palha de milho \u00e9 um tipo especial de colheitadeira. Destina-se a colher a palha com ou sem espigas e espalh\u00e1-la de forma plana atr\u00e1s ou atr\u00e1s da m\u00e1quina para facilitar a coleta. Pode ser usado n\u00e3o s\u00f3 para colher milho, mas tamb\u00e9m para colher pasto. E pode colher a palha diretamente em uma pe\u00e7a.<\/p>    <figure class=\"wp-block-gallery has-nested-images columns-default is-cropped wp-block-gallery-5 is-layout-flex wp-block-gallery-is-layout-flex\"> <figure class=\"wp-block-image size-large\"><a href=\"https:\/\/www.agriculture-machine.com\/wp-content\/uploads\/2021\/08\/\u672a\u6807\u9898-1.jpg\"><img loading=\"lazy\" decoding=\"async\" width=\"720\" height=\"540\" data-id=\"11077\" src=\"https:\/\/www.agriculture-machine.com\/wp-content\/uploads\/2021\/08\/\u672a\u6807\u9898-1.jpg\" alt=\"M\u00e1quina de ceifar espigas de milho em opera\u00e7\u00e3o\" class=\"wp-image-11077\" srcset=\"https:\/\/www.agriculture-machine.com\/wp-content\/uploads\/2021\/08\/\u672a\u6807\u9898-1.jpg 720w, https:\/\/www.agriculture-machine.com\/wp-content\/uploads\/2021\/08\/\u672a\u6807\u9898-1-360x270.jpg 360w, https:\/\/www.agriculture-machine.com\/wp-content\/uploads\/2021\/08\/\u672a\u6807\u9898-1-240x180.jpg 240w\" sizes=\"auto, (max-width: 720px) 100vw, 720px\" \/><\/a><figcaption class=\"wp-element-caption\">M\u00e1quina de ceifar espigas de milho em opera\u00e7\u00e3o<\/figcaption><\/figure>    <figure class=\"wp-block-image size-large\"><a href=\"https:\/\/www.agriculture-machine.com\/wp-content\/uploads\/2021\/08\/201903051540197185.jpgw640qm_\u526f\u672c.jpg\"><img loading=\"lazy\" decoding=\"async\" width=\"720\" height=\"540\" data-id=\"11078\" src=\"https:\/\/www.agriculture-machine.com\/wp-content\/uploads\/2021\/08\/201903051540197185.jpgw640qm_\u526f\u672c.jpg\" alt=\"Palha colhida com m\u00e1quina de ceifar espigas de milho\" class=\"wp-image-11078\" srcset=\"https:\/\/www.agriculture-machine.com\/wp-content\/uploads\/2021\/08\/201903051540197185.jpgw640qm_\u526f\u672c.jpg 720w, https:\/\/www.agriculture-machine.com\/wp-content\/uploads\/2021\/08\/201903051540197185.jpgw640qm_\u526f\u672c-360x270.jpg 360w, https:\/\/www.agriculture-machine.com\/wp-content\/uploads\/2021\/08\/201903051540197185.jpgw640qm_\u526f\u672c-240x180.jpg 240w\" sizes=\"auto, (max-width: 720px) 100vw, 720px\" \/><\/a><figcaption class=\"wp-element-caption\">Palha colhida com m\u00e1quina de ceifar espigas de milho<\/figcaption><\/figure> <\/figure>    <h3 class=\"wp-block-heading\" id=\"h-straw-crushing-and-recycling-machine\"><a href=\"https:\/\/www.agriculture-machine.com\/pt\/silage-harvester-machine-with-tractor\/\">M\u00e1quina de tritura\u00e7\u00e3o e reciclagem de palha<\/a><\/h3>    <p>A m\u00e1quina de tritura\u00e7\u00e3o e reciclagem de palha possui fun\u00e7\u00e3o de tritura\u00e7\u00e3o e reciclagem. \u00c9 adequada para palha de culturas ereta ou ca\u00edda. A m\u00e1quina tritura diretamente a palha. Depois, a palha triturada sai pela porta de descarga e cai na caixa de armazenamento.<\/p>    <p>Voc\u00ea pode usar diretamente a palha verde colhida pela m\u00e1quina de tritura\u00e7\u00e3o e reciclagem de palha para fazer silagem. E usar a palha seca para fazer combust\u00edvel de biomassa. Tamb\u00e9m pode us\u00e1-la como nutriente para fungos comest\u00edveis.<\/p>    <figure class=\"wp-block-gallery has-nested-images columns-default is-cropped wp-block-gallery-6 is-layout-flex wp-block-gallery-is-layout-flex\"> <figure class=\"wp-block-image size-large\"><a href=\"https:\/\/www.agriculture-machine.com\/wp-content\/uploads\/2021\/08\/corn-silage-harvester.jpg\"><img loading=\"lazy\" decoding=\"async\" width=\"720\" height=\"540\" data-id=\"11080\" src=\"https:\/\/www.agriculture-machine.com\/wp-content\/uploads\/2021\/08\/corn-silage-harvester.jpg\" alt=\"m\u00e1quina de tritura\u00e7\u00e3o e reciclagem de palha\" class=\"wp-image-11080\" srcset=\"https:\/\/www.agriculture-machine.com\/wp-content\/uploads\/2021\/08\/corn-silage-harvester.jpg 720w, https:\/\/www.agriculture-machine.com\/wp-content\/uploads\/2021\/08\/corn-silage-harvester-360x270.jpg 360w, https:\/\/www.agriculture-machine.com\/wp-content\/uploads\/2021\/08\/corn-silage-harvester-240x180.jpg 240w\" sizes=\"auto, (max-width: 720px) 100vw, 720px\" \/><\/a><figcaption class=\"wp-element-caption\">m\u00e1quina de tritura\u00e7\u00e3o e reciclagem de palha<\/figcaption><\/figure>    <figure class=\"wp-block-image size-large\"><a href=\"https:\/\/www.agriculture-machine.com\/wp-content\/uploads\/2021\/08\/81342a0cfb04464ebfbcd713c8bdc9e7_c5_q75_864x486_\u526f\u672c.jpg\"><img loading=\"lazy\" decoding=\"async\" width=\"720\" height=\"540\" data-id=\"11079\" src=\"https:\/\/www.agriculture-machine.com\/wp-content\/uploads\/2021\/08\/81342a0cfb04464ebfbcd713c8bdc9e7_c5_q75_864x486_\u526f\u672c.jpg\" alt=\"Palha colhida com m\u00e1quina de tritura\u00e7\u00e3o e reciclagem de palha\" class=\"wp-image-11079\" srcset=\"https:\/\/www.agriculture-machine.com\/wp-content\/uploads\/2021\/08\/81342a0cfb04464ebfbcd713c8bdc9e7_c5_q75_864x486_\u526f\u672c.jpg 720w, https:\/\/www.agriculture-machine.com\/wp-content\/uploads\/2021\/08\/81342a0cfb04464ebfbcd713c8bdc9e7_c5_q75_864x486_\u526f\u672c-360x270.jpg 360w, https:\/\/www.agriculture-machine.com\/wp-content\/uploads\/2021\/08\/81342a0cfb04464ebfbcd713c8bdc9e7_c5_q75_864x486_\u526f\u672c-240x180.jpg 240w\" sizes=\"auto, (max-width: 720px) 100vw, 720px\" \/><\/a><figcaption class=\"wp-element-caption\">Palha colhida com m\u00e1quina de tritura\u00e7\u00e3o e reciclagem de palha<\/figcaption><\/figure> <\/figure>    <p>Ambos os tipos de ceifadores de palha t\u00eam suas vantagens e usos. Voc\u00ea pode escolher de acordo com suas necessidades. Ao mesmo tempo, podemos tamb\u00e9m recomendar o modelo mais adequado para voc\u00ea de acordo com suas necessidades.<\/p>    <h2 class=\"wp-block-heading\" id=\"h-corn-stalk-reaping-machine-display\">Exibi\u00e7\u00e3o da f\u00e1brica<\/h2>    <figure class=\"wp-block-gallery has-nested-images columns-2 is-cropped wp-block-gallery-7 is-layout-flex wp-block-gallery-is-layout-flex\"> <figure class=\"wp-block-image size-large\"><a href=\"https:\/\/www.agriculture-machine.com\/wp-content\/uploads\/2021\/08\/\u753b\u677f-4.jpg\"><img loading=\"lazy\" decoding=\"async\" width=\"720\" height=\"540\" data-id=\"11084\" src=\"https:\/\/www.agriculture-machine.com\/wp-content\/uploads\/2021\/08\/\u753b\u677f-4.jpg\" alt=\"Exibi\u00e7\u00e3o do ceifador de espigas de milho \" class=\"wp-image-11084\" srcset=\"https:\/\/www.agriculture-machine.com\/wp-content\/uploads\/2021\/08\/\u753b\u677f-4.jpg 720w, https:\/\/www.agriculture-machine.com\/wp-content\/uploads\/2021\/08\/\u753b\u677f-4-360x270.jpg 360w, https:\/\/www.agriculture-machine.com\/wp-content\/uploads\/2021\/08\/\u753b\u677f-4-240x180.jpg 240w\" sizes=\"auto, (max-width: 720px) 100vw, 720px\" \/><\/a><figcaption class=\"wp-element-caption\">Exibi\u00e7\u00e3o do ceifador de espigas de milho <\/figcaption><\/figure>    <figure class=\"wp-block-image size-large\"><a href=\"https:\/\/www.agriculture-machine.com\/wp-content\/uploads\/2021\/08\/\u753b\u677f-3.jpg\"><img loading=\"lazy\" decoding=\"async\" width=\"720\" height=\"540\" data-id=\"11083\" src=\"https:\/\/www.agriculture-machine.com\/wp-content\/uploads\/2021\/08\/\u753b\u677f-3.jpg\" alt=\"Display do ceifador de espigas de milho\" class=\"wp-image-11083\" srcset=\"https:\/\/www.agriculture-machine.com\/wp-content\/uploads\/2021\/08\/\u753b\u677f-3.jpg 720w, https:\/\/www.agriculture-machine.com\/wp-content\/uploads\/2021\/08\/\u753b\u677f-3-360x270.jpg 360w, https:\/\/www.agriculture-machine.com\/wp-content\/uploads\/2021\/08\/\u753b\u677f-3-240x180.jpg 240w\" sizes=\"auto, (max-width: 720px) 100vw, 720px\" \/><\/a><figcaption class=\"wp-element-caption\">Display do ceifador de espigas de milho<\/figcaption><\/figure>    <figure class=\"wp-block-image size-large\"><a href=\"https:\/\/www.agriculture-machine.com\/wp-content\/uploads\/2021\/08\/\u753b\u677f-2.jpg\"><img loading=\"lazy\" decoding=\"async\" width=\"720\" height=\"540\" data-id=\"11082\" src=\"https:\/\/www.agriculture-machine.com\/wp-content\/uploads\/2021\/08\/\u753b\u677f-2.jpg\" alt=\"Display do ceifador de palha de milho\" class=\"wp-image-11082\" srcset=\"https:\/\/www.agriculture-machine.com\/wp-content\/uploads\/2021\/08\/\u753b\u677f-2.jpg 720w, https:\/\/www.agriculture-machine.com\/wp-content\/uploads\/2021\/08\/\u753b\u677f-2-360x270.jpg 360w, https:\/\/www.agriculture-machine.com\/wp-content\/uploads\/2021\/08\/\u753b\u677f-2-240x180.jpg 240w\" sizes=\"auto, (max-width: 720px) 100vw, 720px\" \/><\/a><figcaption class=\"wp-element-caption\">Display do ceifador de palha de milho<\/figcaption><\/figure>    <figure class=\"wp-block-image size-large\"><a href=\"https:\/\/www.agriculture-machine.com\/wp-content\/uploads\/2021\/08\/\u753b\u677f-1.jpg\"><img loading=\"lazy\" decoding=\"async\" width=\"720\" height=\"540\" data-id=\"11081\" src=\"https:\/\/www.agriculture-machine.com\/wp-content\/uploads\/2021\/08\/\u753b\u677f-1.jpg\" alt=\"Exibi\u00e7\u00e3o do ceifador de palha de milho \" class=\"wp-image-11081\" srcset=\"https:\/\/www.agriculture-machine.com\/wp-content\/uploads\/2021\/08\/\u753b\u677f-1.jpg 720w, https:\/\/www.agriculture-machine.com\/wp-content\/uploads\/2021\/08\/\u753b\u677f-1-360x270.jpg 360w, https:\/\/www.agriculture-machine.com\/wp-content\/uploads\/2021\/08\/\u753b\u677f-1-240x180.jpg 240w\" sizes=\"auto, (max-width: 720px) 100vw, 720px\" \/><\/a><figcaption class=\"wp-element-caption\">Exibi\u00e7\u00e3o do ceifador de palha de milho <\/figcaption><\/figure> <\/figure>    <h2 class=\"wp-block-heading\">Precau\u00e7\u00f5es de uso<\/h2>    <ul class=\"wp-block-list\"> <li>Fa\u00e7a a calibra\u00e7\u00e3o da m\u00e1quina antes da opera\u00e7\u00e3o para garantir que ela esteja em boas condi\u00e7\u00f5es de funcionamento.<\/li>    <li>Pode ajustar a altura do tojo ajustando o parafuso do quadro de eleva\u00e7\u00e3o. Antes da colheita, ajuste a l\u00e2mina de corte para tocar o solo e o ch\u00e3o e depois fixe o parafuso para um corte de teste para verificar se a condi\u00e7\u00e3o de corte \u00e9 adequada. Se n\u00e3o for, ajuste para atender aos requisitos e inicie a colheita. Geralmente, a altura recomendada do tojo \u00e9 superior a 3-5cm para evitar danos \u00e0 l\u00e2mina.<\/li>    <li>Verifique se o caixa de engrenagens est\u00e1 com falta de \u00f3leo antes da colheita, e se estiver, adicione \u00f3leo a tempo. Ap\u00f3s algum tempo de funcionamento da corrente, tamb\u00e9m h\u00e1 uma gota de \u00f3leo lubrificante.<\/li>    <li>Al\u00e9m disso, o m\u00e9todo de colheita para melhorar a efici\u00eancia \u00e9 colher em c\u00edrculos ao redor do lote.<\/li>    <li>Ap\u00f3s algum tempo de uso, a parte de corte da l\u00e2mina fica gasta e cega. Nesse momento, use uma esmeriladeira manual para afiar a l\u00e2mina, ajudando a economizar energia durante a colheita. No entanto, ao afiar a l\u00e2mina, evite superaquecimento e gotejamento para resfriar, para n\u00e3o reduzir a durabilidade da l\u00e2mina.<\/li> <\/ul>    <h2 class=\"wp-block-heading\" id=\"h-maintenance-of-the-machine\">Manuten\u00e7\u00e3o da m\u00e1quina <\/h2>    <p>Ap\u00f3s a opera\u00e7\u00e3o da m\u00e1quina, inspecione-a a tempo. Verifique se h\u00e1 danos durante o uso. Se encontrar, repare e fa\u00e7a a manuten\u00e7\u00e3o imediatamente.<\/p>    <p>Quando a m\u00e1quina n\u00e3o opera por um longo per\u00edodo e precisa ser armazenada, lubrifique os rolamentos e partes de transporte para evitar ferrugem e prejudicar seu uso.<\/p>","protected":false},"excerpt":{"rendered":"<p>A m\u00e1quina de ceifar espigas de milho colhe todas as espigas no campo para reciclagem e reutiliza\u00e7\u00e3o. N\u00e3o s\u00f3 economiza m\u00e3o de obra, mas tamb\u00e9m melhora a efici\u00eancia.<\/p>","protected":false},"author":1,"featured_media":11089,"parent":0,"comment_status":"closed","ping_status":"closed","template":"","tags":[961],"product-type":[871,1,2],"class_list":["post-11066","product","type-product","status-publish","has-post-thumbnail","hentry","tag-maize-straw-reaper","product-type-harvester","product-type-other","product-type-products"],"_links":{"self":[{"href":"https:\/\/www.agriculture-machine.com\/pt\/wp-json\/wp\/v2\/product\/11066","targetHints":{"allow":["GET"]}}],"collection":[{"href":"https:\/\/www.agriculture-machine.com\/pt\/wp-json\/wp\/v2\/product"}],"about":[{"href":"https:\/\/www.agriculture-machine.com\/pt\/wp-json\/wp\/v2\/types\/product"}],"author":[{"embeddable":true,"href":"https:\/\/www.agriculture-machine.com\/pt\/wp-json\/wp\/v2\/users\/1"}],"replies":[{"embeddable":true,"href":"https:\/\/www.agriculture-machine.com\/pt\/wp-json\/wp\/v2\/comments?post=11066"}],"wp:featuredmedia":[{"embeddable":true,"href":"https:\/\/www.agriculture-machine.com\/pt\/wp-json\/wp\/v2\/media\/11089"}],"wp:attachment":[{"href":"https:\/\/www.agriculture-machine.com\/pt\/wp-json\/wp\/v2\/media?parent=11066"}],"wp:term":[{"taxonomy":"post_tag","embeddable":true,"href":"https:\/\/www.agriculture-machine.com\/pt\/wp-json\/wp\/v2\/tags?post=11066"},{"taxonomy":"product-type","embeddable":true,"href":"https:\/\/www.agriculture-machine.com\/pt\/wp-json\/wp\/v2\/product-type?post=11066"}],"curies":[{"name":"wp","href":"https:\/\/api.w.org\/{rel}","templated":true}]}}