{"id":11093,"date":"2021-08-18T15:50:35","date_gmt":"2021-08-18T07:50:35","guid":{"rendered":"https:\/\/www.agriculture-machine.com\/?p=11093"},"modified":"2024-09-18T16:17:13","modified_gmt":"2024-09-18T08:17:13","slug":"vibrating-sieving-machine-grain-screening-machine","status":"publish","type":"product","link":"https:\/\/www.agriculture-machine.com\/pt\/vibrating-sieving-machine-grain-screening-machine\/","title":{"rendered":"M\u00e1quina de peneira\u00e7\u00e3o vibrat\u00f3ria | M\u00e1quina de triagem de gr\u00e3os"},"content":{"rendered":"<h2 class=\"wp-block-heading\">Introdu\u00e7\u00e3o \u00e0 m\u00e1quina de peneira\u00e7\u00e3o vibrat\u00f3ria<\/h2>    <p>A m\u00e1quina de peneira\u00e7\u00e3o vibrat\u00f3ria \u00e9 uma m\u00e1quina de limpeza e triagem de gr\u00e3os de pequeno e m\u00e9dio porte, cujo objetivo \u00e9 remover folhas, cascas de farelo, poeira e outras impurezas nos gr\u00e3os. <\/p>    <p class=\"translation-block\">Ap\u00f3s usar uma <a href=\"https:\/\/www.agriculture-machine.com\/pt\/peanut-groundmut-sheller-removing-machine\/\">m\u00e1quina de debulhar<\/a> para debulhar as culturas, pode usar uma m\u00e1quina de peneira\u00e7\u00e3o vibrat\u00f3ria para limp\u00e1-las. A m\u00e1quina de triagem de gr\u00e3os tem uma apar\u00eancia bonita e uma estrutura compacta. Apesar disso, \u00e9 conveniente de mover e f\u00e1cil de usar. Esta m\u00e1quina possui as vantagens de efici\u00eancia na remo\u00e7\u00e3o de impurezas e baixo consumo de energia. A tela pode ser trocada arbitrariamente de acordo com as necessidades do usu\u00e1rio, e as peneiras s\u00e3o adequadas para diferentes variedades de materiais.<\/p>    <figure class=\"wp-block-embed is-type-video is-provider-youtube wp-block-embed-youtube wp-embed-aspect-16-9 wp-has-aspect-ratio\"><div class=\"wp-block-embed__wrapper\"> <iframe loading=\"lazy\" title=\"V\u00eddeo de funcionamento da m\u00e1quina de peneira\u00e7\u00e3o vibrat\u00f3ria | m\u00e1quina de triagem de gr\u00e3os\" width=\"500\" height=\"281\" src=\"https:\/\/www.youtube.com\/embed\/C69m_ahdRSo?feature=oembed\" frameborder=\"0\" allow=\"accelerometer; autoplay; clipboard-write; encrypted-media; gyroscope; picture-in-picture; web-share\" referrerpolicy=\"strict-origin-when-cross-origin\" allowfullscreen><\/iframe> <\/div><\/figure>    <h2 class=\"wp-block-heading\" id=\"h-components-of-vibrating-sieving-machine\">Componentes da m\u00e1quina de peneira\u00e7\u00e3o vibrat\u00f3ria<\/h2>    <p>A m\u00e1quina comp\u00f5e-se principalmente de v\u00e1rias partes, incluindo uma cuba, uma estrutura, um mecanismo de transmiss\u00e3o, um ventilador e uma peneira, etc. A base da estrutura est\u00e1 equipada com quatro rodas para facilitar o movimento; as peneiras podem e a estrutura adota uma estrutura dividida, o que facilita a substitui\u00e7\u00e3o de v\u00e1rios itens diferentes.<\/p>    <h2 class=\"wp-block-heading\">Par\u00e2metros da m\u00e1quina de peneira\u00e7\u00e3o vibrat\u00f3ria<\/h2>    <p>A nossa m\u00e1quina tem dois modelos diferentes, que se dividem em pequeno e m\u00e9dio. Pode escolher o modelo adequado de acordo com as suas necessidades, e pode obter os par\u00e2metros detalhados na tabela abaixo:<\/p>    <figure class=\"wp-block-gallery columns-2 is-cropped wp-block-gallery-2 is-layout-flex wp-block-gallery-is-layout-flex\"><ul class=\"blocks-gallery-grid\"><li class=\"blocks-gallery-item\"><figure><img loading=\"lazy\" decoding=\"async\" width=\"720\" height=\"540\" src=\"https:\/\/www.agriculture-machine.com\/wp-content\/uploads\/2021\/08\/2.jpg\" alt=\"pequeno tamanho\" data-id=\"11099\" data-full-url=\"https:\/\/www.agriculture-machine.com\/wp-content\/uploads\/2021\/08\/2.jpg\" data-link=\"https:\/\/www.agriculture-machine.com\/?attachment_id=11099\" class=\"wp-image-11099\" srcset=\"https:\/\/www.agriculture-machine.com\/wp-content\/uploads\/2021\/08\/2.jpg 720w, https:\/\/www.agriculture-machine.com\/wp-content\/uploads\/2021\/08\/2-360x270.jpg 360w, https:\/\/www.agriculture-machine.com\/wp-content\/uploads\/2021\/08\/2-240x180.jpg 240w\" sizes=\"auto, (max-width: 720px) 100vw, 720px\" \/><figcaption class=\"blocks-gallery-item__caption\">pequeno tamanho<\/figcaption><\/figure><\/li><li class=\"blocks-gallery-item\"><figure><img loading=\"lazy\" decoding=\"async\" width=\"720\" height=\"540\" src=\"https:\/\/www.agriculture-machine.com\/wp-content\/uploads\/2021\/08\/1-1.jpg\" alt=\"m\u00e9dio tamanho\" data-id=\"11100\" data-full-url=\"https:\/\/www.agriculture-machine.com\/wp-content\/uploads\/2021\/08\/1-1.jpg\" data-link=\"https:\/\/www.agriculture-machine.com\/?attachment_id=11100\" class=\"wp-image-11100\" srcset=\"https:\/\/www.agriculture-machine.com\/wp-content\/uploads\/2021\/08\/1-1.jpg 720w, https:\/\/www.agriculture-machine.com\/wp-content\/uploads\/2021\/08\/1-1-360x270.jpg 360w, https:\/\/www.agriculture-machine.com\/wp-content\/uploads\/2021\/08\/1-1-240x180.jpg 240w\" sizes=\"auto, (max-width: 720px) 100vw, 720px\" \/><figcaption class=\"blocks-gallery-item__caption\">m\u00e9dio tamanho<\/figcaption><\/figure><\/li><\/ul><\/figure>    <figure class=\"wp-block-table is-style-stripes\"><table><tbody><tr><td><strong>Modelo <\/strong><strong><\/strong><\/td><td><strong>ZDS-1 <\/strong><strong><\/strong><\/td><td><strong>ZDS-2 <\/strong><strong><\/strong><\/td><\/tr><tr><td>Pot\u00eancia<\/td><td>2.2kw<\/td><td>2.2kw<\/td><\/tr><tr><td>Capacidade<\/td><td>2t\/h<\/td><td>1t\/h<\/td><\/tr><tr><td>Taxa de quebra<\/td><td>\u22660,1%<\/td><td>\u22660,1%<\/td><\/tr><tr><td>Velocidade de rota\u00e7\u00e3o<\/td><td>1400r\/min<\/td><td>1400r\/min<\/td><\/tr><tr><td>Tamanho<\/td><td>1600*800*1000mm<\/td><td>2350*1100*1100mm<\/td><\/tr><tr><td>FOB Qingdao<\/td><td>&nbsp;<\/td><td>&nbsp;<\/td><\/tr><\/tbody><\/table><\/figure>    <h2 class=\"wp-block-heading\">Processo de funcionamento da m\u00e1quina de peneira\u00e7\u00e3o vibrat\u00f3ria<\/h2>    <ol class=\"wp-block-list\" type=\"1\"><li>Coloque a m\u00e1quina de triagem de gr\u00e3os numa posi\u00e7\u00e3o horizontal e ligue a fonte de alimenta\u00e7\u00e3o. Depois, inicie o interruptor de trabalho para garantir que o motor gire no sentido hor\u00e1rio. Isso indica que a m\u00e1quina entrou no estado de funcionamento correto.<\/li><li>Despeje os materiais que precisam de ser peneirados na cuba, e depois ajuste a placa de tamp\u00e3o na parte inferior da cuba de acordo com o tamanho das part\u00edculas do material. O objetivo \u00e9 fazer com que os materiais entrem de forma uniforme na parte superior da peneira.<\/li><li>Certifique-se de que o ventilador cil\u00edndrico na parte superior da tela pode enviar ar corretamente para a extremidade de descarga da tela. A entrada de ar est\u00e1 na extremidade inferior do ventilador, e pode tamb\u00e9m ser conectada diretamente \u00e0 bolsa de tecido para receber os res\u00edduos leves diversos no gr\u00e3o.<\/li><li>A parte inferior da tela vibrat\u00f3ria possui quatro rolamentos, que est\u00e3o fixos respetivamente no a\u00e7o de canal na estrutura para movimento linear rec\u00edproco: a tela grossa superior serve para limpar part\u00edculas grandes de impurezas no material, e a tela fina inferior serve para limpar part\u00edculas pequenas de impurezas no material.<\/li><li>Por fim, pode obter a colheita limpa.<\/li><\/ol>    <h2 class=\"wp-block-heading\">Vantagens da m\u00e1quina de triagem de gr\u00e3os<\/h2>    <p>1. A m\u00e1quina possui uma estrutura compacta, opera\u00e7\u00e3o est\u00e1vel e uma tela cuidadosa, o que pode reduzir significativamente a intensidade de trabalho e melhorar a efici\u00eancia do trabalho.<\/p>    <p>2. As telas podem ser trocadas arbitrariamente de acordo com as necessidades do usu\u00e1rio, de modo que sejam adequadas para diferentes variedades de materiais, podendo peneirar arroz, amendoim, milho, soja e outros gr\u00e3os, etc.<\/p>    <p>3. \u00c9 adequada para a maioria dos agricultores de cultivo e colheita de gr\u00e3os, e f\u00e1bricas de processamento de ra\u00e7\u00e3o, podendo remover de forma limpa e completa todos os tipos de impurezas e poeira nos gr\u00e3os ou oleaginosas.<\/p>    <p>4. Ocupa uma \u00e1rea pequena, e a m\u00e1quina est\u00e1 equipada com rodas para facilitar o movimento.<\/p>    <p>5. A efici\u00eancia de remo\u00e7\u00e3o de poeira \u00e9 evidente, o consumo de energia \u00e9 baixo e a m\u00e1quina \u00e9 f\u00e1cil de usar.<\/p>    <h2 class=\"wp-block-heading\">Precau\u00e7\u00f5es ao usar a m\u00e1quina de peneira\u00e7\u00e3o vibrat\u00f3ria<\/h2>    <p>1. Don&#8217;t reach into the operating part of the equipment.<\/p>    <p>2. Ao ligar, o ventilador principal deve funcionar na dire\u00e7\u00e3o indicada pela seta.<\/p>    <p>3. If mechanical and electrical failure or abnormal noise occurs during the operation of the equipment, then you should shut down the machine immediately to inspect, so the hidden dangers can be eliminated before normal operation. Equipment maintenance should be carried out by professionals, and you can&#8217;t disassemble key parts at will.<\/p>    <p>4. A tampa de prote\u00e7\u00e3o n\u00e3o pode ser desmontada ao acaso.<\/p>    <h2 class=\"wp-block-heading\">For\u00e7a da nossa empresa<\/h2>    <p>We are a company established for many years, with strong strength and rich export experience. We have enough vibrating sieving\u00a0machines in stock. Our products have sufficient inventory, and we have to check the production process. Therefore, you needn&#8217;t worry about product inventory and quality issues. Our products are sold to many countries and received unanimous praise. If you have interest in our products, you can leave your contact information and our staff will contact you within 24 hours.<\/p>    <figure class=\"wp-block-gallery columns-2 is-cropped wp-block-gallery-3 is-layout-flex wp-block-gallery-is-layout-flex\"><ul class=\"blocks-gallery-grid\"><li class=\"blocks-gallery-item\"><figure><img loading=\"lazy\" decoding=\"async\" width=\"720\" height=\"540\" src=\"https:\/\/www.agriculture-machine.com\/wp-content\/uploads\/2021\/08\/3-1.jpg\" alt=\"stock\" data-id=\"11101\" data-full-url=\"https:\/\/www.agriculture-machine.com\/wp-content\/uploads\/2021\/08\/3-1.jpg\" data-link=\"https:\/\/www.agriculture-machine.com\/?attachment_id=11101\" class=\"wp-image-11101\" srcset=\"https:\/\/www.agriculture-machine.com\/wp-content\/uploads\/2021\/08\/3-1.jpg 720w, https:\/\/www.agriculture-machine.com\/wp-content\/uploads\/2021\/08\/3-1-360x270.jpg 360w, https:\/\/www.agriculture-machine.com\/wp-content\/uploads\/2021\/08\/3-1-240x180.jpg 240w\" sizes=\"auto, (max-width: 720px) 100vw, 720px\" \/><figcaption class=\"blocks-gallery-item__caption\">stock<\/figcaption><\/figure><\/li><li class=\"blocks-gallery-item\"><figure><img loading=\"lazy\" decoding=\"async\" width=\"720\" height=\"540\" src=\"https:\/\/www.agriculture-machine.com\/wp-content\/uploads\/2021\/08\/4-1.jpg\" alt=\"stock\" data-id=\"11102\" data-full-url=\"https:\/\/www.agriculture-machine.com\/wp-content\/uploads\/2021\/08\/4-1.jpg\" data-link=\"https:\/\/www.agriculture-machine.com\/?attachment_id=11102\" class=\"wp-image-11102\" srcset=\"https:\/\/www.agriculture-machine.com\/wp-content\/uploads\/2021\/08\/4-1.jpg 720w, https:\/\/www.agriculture-machine.com\/wp-content\/uploads\/2021\/08\/4-1-360x270.jpg 360w, https:\/\/www.agriculture-machine.com\/wp-content\/uploads\/2021\/08\/4-1-240x180.jpg 240w\" sizes=\"auto, (max-width: 720px) 100vw, 720px\" \/><figcaption class=\"blocks-gallery-item__caption\">stock<\/figcaption><\/figure><\/li><\/ul><\/figure>","protected":false},"excerpt":{"rendered":"<p>Introduction of vibrating sieving machine Vibrating sieving\u00a0machine is a small and medium-sized grain cleaning, and screening machine, its aim is to remove leaves, bran husks, dust, and other sundries in the grain. After using a thresher machine to shell crops, then you can use a vibrating sieving\u00a0machine to clean them. The grain screening machine has [&hellip;]<\/p>\n","protected":false},"author":1,"featured_media":11103,"parent":0,"comment_status":"closed","ping_status":"closed","template":"","tags":[487],"product-type":[1],"class_list":["post-11093","product","type-product","status-publish","has-post-thumbnail","hentry","tag-grain","product-type-other"],"_links":{"self":[{"href":"https:\/\/www.agriculture-machine.com\/pt\/wp-json\/wp\/v2\/product\/11093","targetHints":{"allow":["GET"]}}],"collection":[{"href":"https:\/\/www.agriculture-machine.com\/pt\/wp-json\/wp\/v2\/product"}],"about":[{"href":"https:\/\/www.agriculture-machine.com\/pt\/wp-json\/wp\/v2\/types\/product"}],"author":[{"embeddable":true,"href":"https:\/\/www.agriculture-machine.com\/pt\/wp-json\/wp\/v2\/users\/1"}],"replies":[{"embeddable":true,"href":"https:\/\/www.agriculture-machine.com\/pt\/wp-json\/wp\/v2\/comments?post=11093"}],"wp:featuredmedia":[{"embeddable":true,"href":"https:\/\/www.agriculture-machine.com\/pt\/wp-json\/wp\/v2\/media\/11103"}],"wp:attachment":[{"href":"https:\/\/www.agriculture-machine.com\/pt\/wp-json\/wp\/v2\/media?parent=11093"}],"wp:term":[{"taxonomy":"post_tag","embeddable":true,"href":"https:\/\/www.agriculture-machine.com\/pt\/wp-json\/wp\/v2\/tags?post=11093"},{"taxonomy":"product-type","embeddable":true,"href":"https:\/\/www.agriculture-machine.com\/pt\/wp-json\/wp\/v2\/product-type?post=11093"}],"curies":[{"name":"wp","href":"https:\/\/api.w.org\/{rel}","templated":true}]}}