{"id":1116,"date":"2018-10-19T09:18:57","date_gmt":"2018-10-19T01:18:57","guid":{"rendered":"https:\/\/www.agriculture-machine.com\/?p=1116"},"modified":"2024-09-23T11:12:25","modified_gmt":"2024-09-23T03:12:25","slug":"almond-kernel-separator-machine","status":"publish","type":"product","link":"https:\/\/www.agriculture-machine.com\/pt\/almond-kernel-separator-machine\/","title":{"rendered":"M\u00e1quina separadora de caro\u00e7os de am\u00eandoa"},"content":{"rendered":"<p>A m\u00e1quina separadora de caro\u00e7os de am\u00eandoa \u00e9 uma m\u00e1quina essencial para o uso de m\u00e1quina de am\u00eandoas e nozes partidas. Quando as am\u00eandoas s\u00e3o pulverizadas, as mat\u00e9rias-primas misturadas com a casca triturada e o caro\u00e7o s\u00e3o colocadas em uma m\u00e1quina para separar a casca de damasco das am\u00eandoas.<\/p> <p>A m\u00e1quina de am\u00eandoas consiste em partes como o funil de alimenta\u00e7\u00e3o, a peneira de sacudida, o ventilador, a estrutura do corpo e outras pe\u00e7as. Utilizamos o rolamento de borracha, que \u00e9 mais dur\u00e1vel, est\u00e1vel e absorvente de choques.<\/p> <p><img decoding=\"async\" style=\"width: 345px; margin-right: 10px; float: left;\" src=\"https:\/\/www.agriculture-machine.com\/wp-content\/uploads\/2018\/10\/almond-kernel-separator-machine-1.jpg\" \/><img decoding=\"async\" style=\"width: 345px;\" src=\"https:\/\/www.agriculture-machine.com\/wp-content\/uploads\/2018\/10\/almond-kernel-separator-machine-3.jpg\" \/><\/p> <p>A m\u00e1quina de am\u00eandoas utiliza a diferen\u00e7a de densidade espec\u00edfica e velocidade de suspens\u00e3o entre a casca e o caro\u00e7o, promovendo a separa\u00e7\u00e3o entre as cascas por meio de um fluxo de g\u00e1s que passa para cima atrav\u00e9s do espa\u00e7o entre as part\u00edculas. F\u00e1cil de operar; \u00b7 Pequena pegada e f\u00e1cil de montar na linha de produ\u00e7\u00e3o.<\/p> <p>Em geral, a m\u00e1quina separadora de caro\u00e7os de am\u00eandoa \u00e9 uma boa ajuda para os agricultores processarem am\u00eandoas e nozes.<\/p> <p class=\"translation-block\"><span style=\"font-size: 32px; color: red;\"><strong>Technical parameter <\/strong><\/span><br \/> <img decoding=\"async\" style=\"width: 345px; margin-right: 10px; float: left;\" src=\"https:\/\/www.agriculture-machine.com\/wp-content\/uploads\/2018\/10\/almond-kernel-separator-machine-5.jpg\" \/><img decoding=\"async\" style=\"width: 345px;\" src=\"https:\/\/www.agriculture-machine.com\/wp-content\/uploads\/2018\/10\/almond-kernel-separator-machine-6.jpg\" \/><\/p> <div class=\"table-responsive\"> <table class=\"table\" border=\"1\"> <tbody> <tr> <td width=\"259\"><strong><b>Modelo<\/b><\/strong><\/td> <td width=\"362\"><strong><b>XF-500<\/b><\/strong><\/td> <\/tr> <tr> <td width=\"259\">pot\u00eancia<\/td> <td width=\"362\">3 kw<\/td> <\/tr> <tr> <td width=\"259\">Produ\u00e7\u00e3o de caro\u00e7o<\/td> <td width=\"362\">200-400 KG \/ H<\/td> <\/tr> <tr> <td width=\"259\">peso<\/td> <td width=\"362\">200 kg<\/td> <\/tr> <tr> <td width=\"259\">Dimens\u00f5es<\/td> <td width=\"362\">2540*900*1500 mm<\/td> <\/tr> <\/tbody> <\/table> <\/div>","protected":false},"excerpt":{"rendered":"<p>The almond kernel separator machine\u00a0is an essential machine for the use of almond and walnut cracked machine . When the almonds are pulverized, the raw materials mixed with the crushed shell and the kernel are placed in a machine to separate the apricot shell from the almonds. The almond machine\u00a0consists of such parts as the [&hellip;]<\/p>\n","protected":false},"author":1,"featured_media":1120,"parent":0,"comment_status":"closed","ping_status":"closed","template":"","tags":[2628],"product-type":[918,1],"class_list":["post-1116","product","type-product","status-publish","has-post-thumbnail","hentry","tag-almond","product-type-almond-cracker-and-separator","product-type-other"],"_links":{"self":[{"href":"https:\/\/www.agriculture-machine.com\/pt\/wp-json\/wp\/v2\/product\/1116","targetHints":{"allow":["GET"]}}],"collection":[{"href":"https:\/\/www.agriculture-machine.com\/pt\/wp-json\/wp\/v2\/product"}],"about":[{"href":"https:\/\/www.agriculture-machine.com\/pt\/wp-json\/wp\/v2\/types\/product"}],"author":[{"embeddable":true,"href":"https:\/\/www.agriculture-machine.com\/pt\/wp-json\/wp\/v2\/users\/1"}],"replies":[{"embeddable":true,"href":"https:\/\/www.agriculture-machine.com\/pt\/wp-json\/wp\/v2\/comments?post=1116"}],"wp:featuredmedia":[{"embeddable":true,"href":"https:\/\/www.agriculture-machine.com\/pt\/wp-json\/wp\/v2\/media\/1120"}],"wp:attachment":[{"href":"https:\/\/www.agriculture-machine.com\/pt\/wp-json\/wp\/v2\/media?parent=1116"}],"wp:term":[{"taxonomy":"post_tag","embeddable":true,"href":"https:\/\/www.agriculture-machine.com\/pt\/wp-json\/wp\/v2\/tags?post=1116"},{"taxonomy":"product-type","embeddable":true,"href":"https:\/\/www.agriculture-machine.com\/pt\/wp-json\/wp\/v2\/product-type?post=1116"}],"curies":[{"name":"wp","href":"https:\/\/api.w.org\/{rel}","templated":true}]}}