{"id":11169,"date":"2021-09-11T15:39:47","date_gmt":"2021-09-11T07:39:47","guid":{"rendered":"https:\/\/www.agriculture-machine.com\/?p=11169"},"modified":"2025-10-14T17:31:48","modified_gmt":"2025-10-14T09:31:48","slug":"horizontal-tmr-feed-mixer-for-sale-forage-mixer-mash-mixer","status":"publish","type":"product","link":"https:\/\/www.agriculture-machine.com\/pt\/horizontal-tmr-feed-mixer-for-sale-forage-mixer-mash-mixer\/","title":{"rendered":"Misturador de ra\u00e7\u00e3o TMR horizontal \u00e0 venda | M\u00e1quina de mistura de forragem mash"},"content":{"rendered":"<p>O misturador de alimenta\u00e7\u00e3o TMR horizontal \u00e9 um dispositivo de mistura especificamente desenhado para fazendas modernas e f\u00e1bricas de ra\u00e7\u00e3o, integrando tr\u00eas fun\u00e7\u00f5es principais: moagem, agita\u00e7\u00e3o e mistura. <\/p>    <p>Pode processar de 3 a 10 toneladas de silagem e mat\u00e9ria-prima de feno por hora, misturando simultaneamente feno, concentrado e v\u00e1rios aditivos nutricionais (como minerais e vitaminas) para alcan\u00e7ar ra\u00e7\u00f5es totalizadas balanceadas cientificamente. <\/p>    <p>Com um sistema de corte e mistura de espiral dupla, alcan\u00e7a mais de 95% de uniformidade na mistura, aumentando a ingest\u00e3o de ra\u00e7\u00e3o de gado e ovelhas em 20% e reduzindo os custos de alimenta\u00e7\u00e3o em 15%. Isto faz dele uma solu\u00e7\u00e3o ideal para aumentar a rentabilidade em opera\u00e7\u00f5es modernas de cria\u00e7\u00e3o de animais.<\/p>    <figure class=\"wp-block-embed aligncenter is-type-video is-provider-youtube wp-block-embed-youtube wp-embed-aspect-16-9 wp-has-aspect-ratio\"><div class=\"wp-block-embed__wrapper\"> <iframe loading=\"lazy\" title=\"M\u00e1quina de mistura de silagem: economize tempo e maximize o valor nutricional do seu alimento para gado!\" width=\"500\" height=\"281\" src=\"https:\/\/www.youtube.com\/embed\/gefgc3TXZ3Y?feature=oembed\" frameborder=\"0\" allow=\"accelerometer; autoplay; clipboard-write; encrypted-media; gyroscope; picture-in-picture; web-share\" referrerpolicy=\"strict-origin-when-cross-origin\" allowfullscreen><\/iframe> <\/div><figcaption class=\"wp-element-caption\">v\u00eddeo de funcionamento da m\u00e1quina de mistura de silagem<\/figcaption><\/figure>    <h2 class=\"wp-block-heading\">Vantagens do misturador de forragem horizontal<\/h2>    <ul class=\"wp-block-list\"> <li>Estrutura dur\u00e1vel de alta resist\u00eancia: apresenta l\u00e2minas de corte de a\u00e7o de alta liga, resistentes ao desgaste e impacto, garantindo uma estrutura est\u00e1vel, opera\u00e7\u00e3o suave e vida \u00fatil prolongada.<\/li>    <li>Sistema de acionamento de alta efici\u00eancia de velocidade dupla: transmiss\u00e3o de velocidade dupla independente para corte e mistura aumenta a efici\u00eancia em 40%, reduzindo significativamente custos de m\u00e3o-de-obra e tempo.<\/li>    <li>Mistura inteligente de precis\u00e3o: alimenta\u00e7\u00e3o autom\u00e1tica e sistema de descarga otimizado alcan\u00e7am \u226595% de uniformidade na mistura, garantindo propor\u00e7\u00f5es de nutrientes precisas e consistentes.<\/li>    <li>Manuten\u00e7\u00e3o f\u00e1cil, baixo custo: design modular para desmontagem e inspe\u00e7\u00e3o f\u00e1ceis; sistema de acionamento hidr\u00e1ulico e mec\u00e2nico duplo minimiza as taxas de falha, reduzindo os ciclos de manuten\u00e7\u00e3o em 30%.<\/li>    <li>Ampla aplicabilidade: processa diversos alimentos grosseiros como talos de milho, relva de pastagem e silagem, incorporando diretamente aditivos sem danificar a estrutura da fibra.<\/li>    <li>Personaliza\u00e7\u00e3o flex\u00edvel: ajuste de capacidade, m\u00e9todos de alimenta\u00e7\u00e3o, configura\u00e7\u00f5es de descarga e fontes de energia (motor el\u00e9trico ou motor a diesel) para atender \u00e0s necessidades do rancho e opera\u00e7\u00f5es.<\/li> <\/ul>    <figure class=\"wp-block-gallery has-nested-images columns-default is-cropped wp-block-gallery-2 is-layout-flex wp-block-gallery-is-layout-flex\"> <figure class=\"wp-block-image size-large\"><a href=\"https:\/\/www.agriculture-machine.com\/wp-content\/uploads\/2021\/08\/Customer-specific.jpg\"><img loading=\"lazy\" decoding=\"async\" width=\"720\" height=\"540\" data-id=\"11178\" src=\"https:\/\/www.agriculture-machine.com\/wp-content\/uploads\/2021\/08\/Customer-specific.jpg\" alt=\"Espec\u00edfico do cliente\" class=\"wp-image-11178\" srcset=\"https:\/\/www.agriculture-machine.com\/wp-content\/uploads\/2021\/08\/Customer-specific.jpg 720w, https:\/\/www.agriculture-machine.com\/wp-content\/uploads\/2021\/08\/Customer-specific-360x270.jpg 360w, https:\/\/www.agriculture-machine.com\/wp-content\/uploads\/2021\/08\/Customer-specific-240x180.jpg 240w\" sizes=\"auto, (max-width: 720px) 100vw, 720px\" \/><\/a><figcaption class=\"wp-element-caption\">Espec\u00edfico do cliente<\/figcaption><\/figure>    <figure class=\"wp-block-image size-large\"><a href=\"https:\/\/www.agriculture-machine.com\/wp-content\/uploads\/2021\/08\/Customer-specific-2.jpg\"><img loading=\"lazy\" decoding=\"async\" width=\"720\" height=\"540\" data-id=\"11179\" src=\"https:\/\/www.agriculture-machine.com\/wp-content\/uploads\/2021\/08\/Customer-specific-2.jpg\" alt=\"Espec\u00edfico do cliente\" class=\"wp-image-11179\" srcset=\"https:\/\/www.agriculture-machine.com\/wp-content\/uploads\/2021\/08\/Customer-specific-2.jpg 720w, https:\/\/www.agriculture-machine.com\/wp-content\/uploads\/2021\/08\/Customer-specific-2-360x270.jpg 360w, https:\/\/www.agriculture-machine.com\/wp-content\/uploads\/2021\/08\/Customer-specific-2-240x180.jpg 240w\" sizes=\"auto, (max-width: 720px) 100vw, 720px\" \/><\/a><figcaption class=\"wp-element-caption\">Espec\u00edfico do cliente<\/figcaption><\/figure> <\/figure>    <h2 class=\"wp-block-heading\" id=\"h-structure-of-tmr-feed-mixer\">Estrutura do misturador de TMR<\/h2>    <p>O misturador de ra\u00e7\u00e3o cont\u00e9m v\u00e1rias partes. Pode obter mais informa\u00e7\u00f5es na imagem abaixo.<\/p>    <figure class=\"wp-block-gallery has-nested-images columns-default is-cropped wp-block-gallery-3 is-layout-flex wp-block-gallery-is-layout-flex\"> <figure class=\"wp-block-image aligncenter size-large\"><a href=\"https:\/\/www.agriculture-machine.com\/wp-content\/uploads\/2021\/08\/structure.png\"><img loading=\"lazy\" decoding=\"async\" width=\"720\" height=\"540\" data-id=\"11175\" src=\"https:\/\/www.agriculture-machine.com\/wp-content\/uploads\/2021\/08\/structure.png\" alt=\"estrutura\" class=\"wp-image-11175\" srcset=\"https:\/\/www.agriculture-machine.com\/wp-content\/uploads\/2021\/08\/structure.png 720w, https:\/\/www.agriculture-machine.com\/wp-content\/uploads\/2021\/08\/structure-360x270.png 360w, https:\/\/www.agriculture-machine.com\/wp-content\/uploads\/2021\/08\/structure-240x180.png 240w\" sizes=\"auto, (max-width: 720px) 100vw, 720px\" \/><\/a><figcaption class=\"wp-element-caption\">estrutura<\/figcaption><\/figure> <\/figure>    <h3 class=\"wp-block-heading\">Sistema interno<\/h3>    <p>O sistema interno do misturador de alimenta\u00e7\u00e3o horizontal consiste principalmente em tr\u00eas escavadoras: uma escavadora principal e duas auxiliares localizadas acima dela.<\/p>    <p class=\"translation-block\">Ap\u00f3s cortar os talos de milho com uma <a href=\"https:\/\/www.agriculture-machine.com\/pt\/corn-stalk-reaping-machinecorn-stalk-reapermaize-straw-reaper\/\">m\u00e1quina de ceifar milho<\/a>, pode-se aliment\u00e1-los no misturador horizontal. Dentro do misturador, os materiais s\u00e3o girados e agitados de ambas as extremidades em dire\u00e7\u00e3o ao centro. <\/p>    <p>As l\u00e2minas cortam e misturam os diferentes forragens fibrosas e palhas enquanto se movem. Este processo ajuda a pulverizar e misturar eficazmente a ra\u00e7\u00e3o total para alimenta\u00e7\u00e3o.<\/p>    <figure class=\"wp-block-gallery has-nested-images columns-default is-cropped wp-block-gallery-4 is-layout-flex wp-block-gallery-is-layout-flex\"> <figure class=\"wp-block-image size-large\"><a href=\"https:\/\/www.agriculture-machine.com\/wp-content\/uploads\/2021\/08\/Internal-system.jpg\"><img loading=\"lazy\" decoding=\"async\" width=\"720\" height=\"540\" data-id=\"11173\" src=\"https:\/\/www.agriculture-machine.com\/wp-content\/uploads\/2021\/08\/Internal-system.jpg\" alt=\"Sistema interno\" class=\"wp-image-11173\" srcset=\"https:\/\/www.agriculture-machine.com\/wp-content\/uploads\/2021\/08\/Internal-system.jpg 720w, https:\/\/www.agriculture-machine.com\/wp-content\/uploads\/2021\/08\/Internal-system-360x270.jpg 360w, https:\/\/www.agriculture-machine.com\/wp-content\/uploads\/2021\/08\/Internal-system-240x180.jpg 240w\" sizes=\"auto, (max-width: 720px) 100vw, 720px\" \/><\/a><figcaption class=\"wp-element-caption\">Sistema interno<\/figcaption><\/figure>    <figure class=\"wp-block-image size-large\"><a href=\"https:\/\/www.agriculture-machine.com\/wp-content\/uploads\/2021\/08\/three-augers.jpg\"><img loading=\"lazy\" decoding=\"async\" width=\"720\" height=\"540\" data-id=\"11174\" src=\"https:\/\/www.agriculture-machine.com\/wp-content\/uploads\/2021\/08\/three-augers.jpg\" alt=\"tr\u00eas escavadoras\" class=\"wp-image-11174\" srcset=\"https:\/\/www.agriculture-machine.com\/wp-content\/uploads\/2021\/08\/three-augers.jpg 720w, https:\/\/www.agriculture-machine.com\/wp-content\/uploads\/2021\/08\/three-augers-360x270.jpg 360w, https:\/\/www.agriculture-machine.com\/wp-content\/uploads\/2021\/08\/three-augers-240x180.jpg 240w\" sizes=\"auto, (max-width: 720px) 100vw, 720px\" \/><\/a><figcaption class=\"wp-element-caption\">tr\u00eas escavadoras<\/figcaption><\/figure> <\/figure>    <h3 class=\"wp-block-heading\">Sistema de descarga<\/h3>    <p>O sistema de controlo da porta de descarga inclui um cilindro hidr\u00e1ulico, um suporte fixo, um suporte de liga\u00e7\u00e3o e uma anteparada deslizante de descarga. <\/p>    <p>The sliding baffle for discharging is mounted on the reciprocating shaft of the hydraulic oil cylinder, allowing it to either open for discharge or close to acting as a stopper. The outlet can be positioned on either the left or right side based on the user&#8217;s requirements.<\/p>    <figure class=\"wp-block-gallery has-nested-images columns-default is-cropped wp-block-gallery-5 is-layout-flex wp-block-gallery-is-layout-flex\"> <figure class=\"wp-block-image size-large\"><a href=\"https:\/\/www.agriculture-machine.com\/wp-content\/uploads\/2021\/08\/Outlet.jpg\"><img loading=\"lazy\" decoding=\"async\" width=\"720\" height=\"540\" data-id=\"11180\" src=\"https:\/\/www.agriculture-machine.com\/wp-content\/uploads\/2021\/08\/Outlet.jpg\" alt=\"Sa\u00edda\" class=\"wp-image-11180\" srcset=\"https:\/\/www.agriculture-machine.com\/wp-content\/uploads\/2021\/08\/Outlet.jpg 720w, https:\/\/www.agriculture-machine.com\/wp-content\/uploads\/2021\/08\/Outlet-360x270.jpg 360w, https:\/\/www.agriculture-machine.com\/wp-content\/uploads\/2021\/08\/Outlet-240x180.jpg 240w\" sizes=\"auto, (max-width: 720px) 100vw, 720px\" \/><\/a><figcaption class=\"wp-element-caption\">Sa\u00edda<\/figcaption><\/figure>    <figure class=\"wp-block-image size-large\"><a href=\"https:\/\/www.agriculture-machine.com\/wp-content\/uploads\/2021\/08\/Outlet-2.jpg\"><img loading=\"lazy\" decoding=\"async\" width=\"720\" height=\"540\" data-id=\"11181\" src=\"https:\/\/www.agriculture-machine.com\/wp-content\/uploads\/2021\/08\/Outlet-2.jpg\" alt=\"Sa\u00edda\" class=\"wp-image-11181\" srcset=\"https:\/\/www.agriculture-machine.com\/wp-content\/uploads\/2021\/08\/Outlet-2.jpg 720w, https:\/\/www.agriculture-machine.com\/wp-content\/uploads\/2021\/08\/Outlet-2-360x270.jpg 360w, https:\/\/www.agriculture-machine.com\/wp-content\/uploads\/2021\/08\/Outlet-2-240x180.jpg 240w\" sizes=\"auto, (max-width: 720px) 100vw, 720px\" \/><\/a><figcaption class=\"wp-element-caption\">Sa\u00edda<\/figcaption><\/figure> <\/figure>    <h3 class=\"wp-block-heading\">Sistema de adi\u00e7\u00e3o de ra\u00e7\u00e3o<\/h3>    <p>A m\u00e1quina apresenta um mecanismo avan\u00e7ado de alimenta\u00e7\u00e3o de relva juntamente com um dispositivo de rolo de alimenta\u00e7\u00e3o de relva \u00fanico. Fornece alimenta\u00e7\u00e3o autom\u00e1tica, garante uma alimenta\u00e7\u00e3o suave e possui alta efici\u00eancia de produ\u00e7\u00e3o.<\/p>    <h3 class=\"wp-block-heading\">Sistema de pesagem e medi\u00e7\u00e3o<\/h3>    <p>O sistema consiste em quatro sensores de carga do tipo ponte, juntamente com um controlador de exibi\u00e7\u00e3o de carga. Funciona com uma fonte de energia de 220V, que transmite sinais para a exibi\u00e7\u00e3o de pesagem atrav\u00e9s de um sensor de ponte de quatro dire\u00e7\u00f5es. <\/p>    <p>O objetivo principal \u00e9 mostrar peso bruto, peso l\u00edquido, valor de pico e peso l\u00edquido. Al\u00e9m disso, o sistema de pesagem e medi\u00e7\u00e3o est\u00e1 equipado com uma fun\u00e7\u00e3o de alarme de sobrecarga.<\/p>    <h2 class=\"wp-block-heading\">Princ\u00edpio de funcionamento da m\u00e1quina de mistura de silagem<\/h2>    <ol class=\"wp-block-list\"> <li>Durante a opera\u00e7\u00e3o, talos de milho, silagem, concentrado e aditivos s\u00e3o alimentados na cuba em propor\u00e7\u00f5es espec\u00edficas.<\/li>    <li>O equipamento agarra e solta automaticamente as mat\u00e9rias-primas atrav\u00e9s da entrada de alimenta\u00e7\u00e3o. Internamente, uma l\u00e2mina de espiral de alta velocidade rasga fibras grossas, controlando o comprimento do material para \u22645cm para facilitar a mistura uniforme.<\/li>    <li>Subsequentemente, as l\u00e2minas de mistura espiral giram alternadamente em dire\u00e7\u00f5es forward e reverse para comprimir, cortar e agitar o material, garantindo uma penetra\u00e7\u00e3o e integra\u00e7\u00e3o completas de humidade e nutrientes.<\/li>    <li>Ap\u00f3s a conclus\u00e3o da mistura, o sistema hidr\u00e1ulico ou a porta de descarga controlada eletricamente expulsa rapidamente a ra\u00e7\u00e3o acabada. Este produto est\u00e1 pronto para alimenta\u00e7\u00e3o direta ou armazenamento, permitindo opera\u00e7\u00e3o cont\u00ednua altamente eficiente.<\/li> <\/ol>    <figure class=\"wp-block-embed aligncenter is-type-video is-provider-youtube wp-block-embed-youtube wp-embed-aspect-16-9 wp-has-aspect-ratio\"><div class=\"wp-block-embed__wrapper\"> <iframe loading=\"lazy\" title=\"Misturador de alimenta\u00e7\u00e3o horizontal|V\u00eddeo de funcionamento do misturador horizontal usado para cria\u00e7\u00e3o dom\u00e9stica ou agr\u00edcola\" width=\"500\" height=\"281\" src=\"https:\/\/www.youtube.com\/embed\/uB7qDZ2-q9o?feature=oembed\" frameborder=\"0\" allow=\"accelerometer; autoplay; clipboard-write; encrypted-media; gyroscope; picture-in-picture; web-share\" referrerpolicy=\"strict-origin-when-cross-origin\" allowfullscreen><\/iframe> <\/div><figcaption class=\"wp-element-caption\">v\u00eddeo de funcionamento da m\u00e1quina de mistura de silagem<\/figcaption><\/figure>    <h2 class=\"wp-block-heading\">Par\u00e2metros do misturador de silagem<\/h2>    <p>Oferecemos tr\u00eas tipos de misturadores de ra\u00e7\u00e3o. Pode encontrar informa\u00e7\u00f5es detalhadas na folha abaixo.<\/p>    <figure class=\"wp-block-table is-style-stripes\"><table><tbody><tr><td>Modelo<\/td><td>\/<\/td><td>TMR-5<\/td><td>TMR-9<\/td><td>TMR-12<\/td><\/tr><tr><td>Dimens\u00e3o<\/td><td>mm<\/td><td>3930*1850*2260<\/td><td>4820*2130*2480<\/td><td>5.6*2.4*2.5<\/td><\/tr><tr><td>Peso<\/td><td>kg<\/td><td>1600<\/td><td>3300<\/td><td>4500<\/td><\/tr><tr><td>Velocidade de rota\u00e7\u00e3o da escavadora<\/td><td>R\/min<\/td><td>23.5<\/td><td>23.5<\/td><td>23.5<\/td><\/tr><tr><td>Volume da c\u00e2mara de mistura<\/td><td>metro c\u00fabico<\/td><td>5<\/td><td>9<\/td><td>12<\/td><\/tr><tr><td>Tipo de estrutura<\/td><td>\/<\/td><td>fixo<\/td><td>fixo<\/td><td>m\u00f3vel<\/td><\/tr><tr><td>Faixa de pot\u00eancia de suporte<\/td><td>kw<\/td><td>11\u201415<\/td><td>22\u201430<\/td><td>50-75<\/td><\/tr><tr><td>Forma de pot\u00eancia de suporte<\/td><td>\/<\/td><td>Motor el\u00e9trico<\/td><td>Motor el\u00e9trico<\/td><td>Motor el\u00e9trico<\/td><\/tr><\/tbody><\/table><figcaption class=\"wp-element-caption\">dados t\u00e9cnicos do misturador de silagem<\/figcaption><\/figure>    <p class=\"translation-block\">Resumindo, o nosso <a href=\"https:\/\/en.wikipedia.org\/wiki\/Silage\" target=\"_blank\" rel=\"noopener\">misturador de silagem<\/a> serve como uma ferramenta valiosa para melhorar a qualidade do alimento, reduzir despesas agr\u00edcolas e apoiar o crescimento saud\u00e1vel dos animais. Seja voc\u00ea propriet\u00e1rio de um grande rancho ou de uma pequena fazenda familiar, sinta-se \u00e0 vontade para nos contactar, e trabalharemos juntos para encontrar a solu\u00e7\u00e3o certa para as suas necessidades de equipamento.<\/p>","protected":false},"excerpt":{"rendered":"<p>O misturador de alimenta\u00e7\u00e3o horizontal combina as fun\u00e7\u00f5es de tritura\u00e7\u00e3o, mistura e blendagem numa s\u00f3 m\u00e1quina. Pode processar eficientemente de 3 a 10 toneladas de silagem por hora, com uma uniformidade de mistura de at\u00e9 95%.<\/p>","protected":false},"author":1,"featured_media":11175,"parent":0,"comment_status":"closed","ping_status":"closed","template":"","tags":[2630,591],"product-type":[1],"class_list":["post-11169","product","type-product","status-publish","has-post-thumbnail","hentry","tag-feed","tag-silage","product-type-other"],"_links":{"self":[{"href":"https:\/\/www.agriculture-machine.com\/pt\/wp-json\/wp\/v2\/product\/11169","targetHints":{"allow":["GET"]}}],"collection":[{"href":"https:\/\/www.agriculture-machine.com\/pt\/wp-json\/wp\/v2\/product"}],"about":[{"href":"https:\/\/www.agriculture-machine.com\/pt\/wp-json\/wp\/v2\/types\/product"}],"author":[{"embeddable":true,"href":"https:\/\/www.agriculture-machine.com\/pt\/wp-json\/wp\/v2\/users\/1"}],"replies":[{"embeddable":true,"href":"https:\/\/www.agriculture-machine.com\/pt\/wp-json\/wp\/v2\/comments?post=11169"}],"wp:featuredmedia":[{"embeddable":true,"href":"https:\/\/www.agriculture-machine.com\/pt\/wp-json\/wp\/v2\/media\/11175"}],"wp:attachment":[{"href":"https:\/\/www.agriculture-machine.com\/pt\/wp-json\/wp\/v2\/media?parent=11169"}],"wp:term":[{"taxonomy":"post_tag","embeddable":true,"href":"https:\/\/www.agriculture-machine.com\/pt\/wp-json\/wp\/v2\/tags?post=11169"},{"taxonomy":"product-type","embeddable":true,"href":"https:\/\/www.agriculture-machine.com\/pt\/wp-json\/wp\/v2\/product-type?post=11169"}],"curies":[{"name":"wp","href":"https:\/\/api.w.org\/{rel}","templated":true}]}}