{"id":11221,"date":"2021-08-30T14:37:38","date_gmt":"2021-08-30T06:37:38","guid":{"rendered":"https:\/\/www.agriculture-machine.com\/?p=11221"},"modified":"2024-09-23T11:24:20","modified_gmt":"2024-09-23T03:24:20","slug":"grain-winnower-machine-seed-winnowerseed-winnowing-machine","status":"publish","type":"product","link":"https:\/\/www.agriculture-machine.com\/pt\/grain-winnower-machine-seed-winnowerseed-winnowing-machine\/","title":{"rendered":"M\u00e1quina de debulhar gr\u00e3os | Despolpadora de sementes | M\u00e1quina de debulhar sementes"},"content":{"rendered":"<p>Yangchang, uma palavra chinesa, \u00e9 interpretada como o uso de p\u00e1s de madeira e outras ferramentas agr\u00edcolas para espalhar gr\u00e3os, feij\u00f5es, etc., e usar o vento para remover cascas, folhas e poeira. Agora, a m\u00e1quina atualmente usada na \u00e1rea de cultivo \u00e9 chamada de m\u00e1quina de debulhar gr\u00e3os.<\/p>    <figure class=\"wp-block-gallery columns-2 is-cropped wp-block-gallery-2 is-layout-flex wp-block-gallery-is-layout-flex\"><ul class=\"blocks-gallery-grid\"><li class=\"blocks-gallery-item\"><figure><img loading=\"lazy\" decoding=\"async\" width=\"720\" height=\"540\" src=\"https:\/\/www.agriculture-machine.com\/wp-content\/uploads\/2021\/08\/The-scene-of-raising-grains-to-remove-dust-by-wind.png\" alt=\"A cena de levantar gr\u00e3os para remover poeira pelo vento\" data-id=\"11235\" data-full-url=\"https:\/\/www.agriculture-machine.com\/wp-content\/uploads\/2021\/08\/The-scene-of-raising-grains-to-remove-dust-by-wind.png\" data-link=\"https:\/\/www.agriculture-machine.com\/?attachment_id=11235\" class=\"wp-image-11235\" srcset=\"https:\/\/www.agriculture-machine.com\/wp-content\/uploads\/2021\/08\/The-scene-of-raising-grains-to-remove-dust-by-wind.png 720w, https:\/\/www.agriculture-machine.com\/wp-content\/uploads\/2021\/08\/The-scene-of-raising-grains-to-remove-dust-by-wind-360x270.png 360w, https:\/\/www.agriculture-machine.com\/wp-content\/uploads\/2021\/08\/The-scene-of-raising-grains-to-remove-dust-by-wind-240x180.png 240w\" sizes=\"auto, (max-width: 720px) 100vw, 720px\" \/><figcaption class=\"blocks-gallery-item__caption\">A cena de levantar gr\u00e3os para remover poeira pelo vento<\/figcaption><\/figure><\/li><li class=\"blocks-gallery-item\"><figure><img loading=\"lazy\" decoding=\"async\" width=\"720\" height=\"540\" src=\"https:\/\/www.agriculture-machine.com\/wp-content\/uploads\/2021\/08\/the-scene-of-YangChang.jpg\" alt=\"A cena de YangChang\" data-id=\"11234\" data-full-url=\"https:\/\/www.agriculture-machine.com\/wp-content\/uploads\/2021\/08\/the-scene-of-YangChang.jpg\" data-link=\"https:\/\/www.agriculture-machine.com\/?attachment_id=11234\" class=\"wp-image-11234\" srcset=\"https:\/\/www.agriculture-machine.com\/wp-content\/uploads\/2021\/08\/the-scene-of-YangChang.jpg 720w, https:\/\/www.agriculture-machine.com\/wp-content\/uploads\/2021\/08\/the-scene-of-YangChang-360x270.jpg 360w, https:\/\/www.agriculture-machine.com\/wp-content\/uploads\/2021\/08\/the-scene-of-YangChang-240x180.jpg 240w\" sizes=\"auto, (max-width: 720px) 100vw, 720px\" \/><figcaption class=\"blocks-gallery-item__caption\">A cena de YangChang<\/figcaption><\/figure><\/li><\/ul><\/figure>    <h2 class=\"wp-block-heading\" id=\"h-introduction-to-grain-winnower-machine\">Introdu\u00e7\u00e3o \u00e0 m\u00e1quina de debulhar gr\u00e3os<\/h2>    <p>A m\u00e1quina de debulhar gr\u00e3os \u00e9 um tipo de equipamento para a limpeza simples de gr\u00e3os. Que pode remover impurezas leves e grandes, e selecionar e classificar os gr\u00e3os para facilitar o armazenamento.<\/p>    <figure class=\"wp-block-gallery columns-2 is-cropped wp-block-gallery-3 is-layout-flex wp-block-gallery-is-layout-flex\"><ul class=\"blocks-gallery-grid\"><li class=\"blocks-gallery-item\"><figure><img loading=\"lazy\" decoding=\"async\" width=\"720\" height=\"540\" src=\"https:\/\/www.agriculture-machine.com\/wp-content\/uploads\/2021\/08\/Seed-winnowing-machine.jpg\" alt=\"Despulpadora de sementes\" data-id=\"11238\" data-full-url=\"https:\/\/www.agriculture-machine.com\/wp-content\/uploads\/2021\/08\/Seed-winnowing-machine.jpg\" data-link=\"https:\/\/www.agriculture-machine.com\/?attachment_id=11238\" class=\"wp-image-11238\" srcset=\"https:\/\/www.agriculture-machine.com\/wp-content\/uploads\/2021\/08\/Seed-winnowing-machine.jpg 720w, https:\/\/www.agriculture-machine.com\/wp-content\/uploads\/2021\/08\/Seed-winnowing-machine-360x270.jpg 360w, https:\/\/www.agriculture-machine.com\/wp-content\/uploads\/2021\/08\/Seed-winnowing-machine-240x180.jpg 240w\" sizes=\"auto, (max-width: 720px) 100vw, 720px\" \/><figcaption class=\"blocks-gallery-item__caption\">Despulpadora de sementes<\/figcaption><\/figure><\/li><li class=\"blocks-gallery-item\"><figure><img loading=\"lazy\" decoding=\"async\" width=\"720\" height=\"540\" src=\"https:\/\/www.agriculture-machine.com\/wp-content\/uploads\/2021\/08\/Seed-winnower.jpg\" alt=\"Despulpadora de sementes\" data-id=\"11237\" data-full-url=\"https:\/\/www.agriculture-machine.com\/wp-content\/uploads\/2021\/08\/Seed-winnower.jpg\" data-link=\"https:\/\/www.agriculture-machine.com\/?attachment_id=11237\" class=\"wp-image-11237\" srcset=\"https:\/\/www.agriculture-machine.com\/wp-content\/uploads\/2021\/08\/Seed-winnower.jpg 720w, https:\/\/www.agriculture-machine.com\/wp-content\/uploads\/2021\/08\/Seed-winnower-360x270.jpg 360w, https:\/\/www.agriculture-machine.com\/wp-content\/uploads\/2021\/08\/Seed-winnower-240x180.jpg 240w\" sizes=\"auto, (max-width: 720px) 100vw, 720px\" \/><figcaption class=\"blocks-gallery-item__caption\">Despulpadora de sementes<\/figcaption><\/figure><\/li><\/ul><\/figure>    <h2 class=\"wp-block-heading\">A fun\u00e7\u00e3o da despulpadora de sementes<\/h2>    <p>The seed winnowing machine uses the principle of wind resistance to removing the bark, sand, etc. from the grain. What&#8217;s more, this grain winnower machine is a dual-purpose flashlight. And it is equipped with an adjustable speed switch to adjust the wind speed. Most importantly, it uses a high-quality motor and is durable. In addition, the machine can be used in manual mode when there is no electricity. You can use it to remove impurities from grains such as corn, wheat, rice, buckwheat, sorghum, soybeans, etc. Thus, it is widely used in individual farmers, small and medium-sized grain harvesters, granaries, etc. for gross grain cleaning and fine grain selection.<\/p>    <figure class=\"wp-block-gallery columns-1 is-cropped wp-block-gallery-4 is-layout-flex wp-block-gallery-is-layout-flex\"><ul class=\"blocks-gallery-grid\"><li class=\"blocks-gallery-item\"><figure><img loading=\"lazy\" decoding=\"async\" width=\"720\" height=\"540\" src=\"https:\/\/www.agriculture-machine.com\/wp-content\/uploads\/2021\/08\/application-of-grain-winnower-machine.jpg\" alt=\"aplica\u00e7\u00e3o-da-m\u00e1quina-de-debulhar-gr\u00e3os\" data-id=\"11236\" data-full-url=\"https:\/\/www.agriculture-machine.com\/wp-content\/uploads\/2021\/08\/application-of-grain-winnower-machine.jpg\" data-link=\"https:\/\/www.agriculture-machine.com\/?attachment_id=11236\" class=\"wp-image-11236\" srcset=\"https:\/\/www.agriculture-machine.com\/wp-content\/uploads\/2021\/08\/application-of-grain-winnower-machine.jpg 720w, https:\/\/www.agriculture-machine.com\/wp-content\/uploads\/2021\/08\/application-of-grain-winnower-machine-360x270.jpg 360w, https:\/\/www.agriculture-machine.com\/wp-content\/uploads\/2021\/08\/application-of-grain-winnower-machine-240x180.jpg 240w\" sizes=\"auto, (max-width: 720px) 100vw, 720px\" \/><figcaption class=\"blocks-gallery-item__caption\">aplica\u00e7\u00e3o-da-m\u00e1quina-de-debulhar-gr\u00e3os<\/figcaption><\/figure><\/li><\/ul><\/figure>    <h2 class=\"wp-block-heading\">O princ\u00edpio de funcionamento da despulpadora de sementes<\/h2>    <p>Usando o princ\u00edpio da resist\u00eancia do vento, porque os coeficientes de resist\u00eancia do vento de gr\u00e3os, casca e areia s\u00e3o diferentes. Ao levantar o gr\u00e3o, a casca cai perto, o gr\u00e3o cai no meio, e a areia cai \u00e0 dist\u00e2ncia.<br>Sob a a\u00e7\u00e3o de rodas e correias de rota\u00e7\u00e3o r\u00e1pida, mistura de gr\u00e3os, farelo e uma pequena quantidade de pedra triturada \u00e9 lan\u00e7ada para fora. Como a velocidade de lan\u00e7amento \u00e9 a mesma, a energia cin\u00e9tica de uma grande massa \u00e9 grande, e a dist\u00e2ncia para superar a resist\u00eancia do ar \u00e9 longa. Assim, a dist\u00e2ncia de movimento com uma pequena massa tamb\u00e9m \u00e9 pequena. Para alcan\u00e7ar o objetivo de separa\u00e7\u00e3o. Perto est\u00e1 a palha. No meio est\u00e3o os gr\u00e3os. E h\u00e1 cascalho \u00e0 dist\u00e2ncia, quanto mais pesada a pedra, mais longe ela \u00e9 lan\u00e7ada.<\/p>    <h2 class=\"wp-block-heading\">Vantagens da m\u00e1quina de debulhar sementes<\/h2>    <p>Uso dual manual e el\u00e9trico<br>Baixo consumo de energia<br>economize tempo e energia<br>Opera\u00e7\u00e3o simples e conveniente<br>Uma m\u00e1quina de debulhar sementes com m\u00faltiplas fun\u00e7\u00f5es pode limpar e classificar uma variedade de gr\u00e3os.<\/p>    <h2 class=\"wp-block-heading\">Estrutura da m\u00e1quina de debulhar gr\u00e3os<\/h2>    <p>A estrutura principal da m\u00e1quina de debulhar gr\u00e3os \u00e9 o rotor do moinho de vento, suporte, funil, canal, interruptor, sa\u00edda, entrada.<\/p>    <figure class=\"wp-block-gallery columns-1 is-cropped wp-block-gallery-5 is-layout-flex wp-block-gallery-is-layout-flex\"><ul class=\"blocks-gallery-grid\"><li class=\"blocks-gallery-item\"><figure><img loading=\"lazy\" decoding=\"async\" width=\"720\" height=\"540\" src=\"https:\/\/www.agriculture-machine.com\/wp-content\/uploads\/2021\/08\/structure-of-Seed-winnower.gif\" alt=\"estrutura-da-Despulpadora-de-sementes\" data-id=\"11231\" data-full-url=\"https:\/\/www.agriculture-machine.com\/wp-content\/uploads\/2021\/08\/structure-of-Seed-winnower.gif\" data-link=\"https:\/\/www.agriculture-machine.com\/?attachment_id=11231\" class=\"wp-image-11231\"\/><figcaption class=\"blocks-gallery-item__caption\">estrutura-da-Despulpadora-de-sementes<\/figcaption><\/figure><\/li><\/ul><\/figure>    <h2 class=\"wp-block-heading\">A necessidade de adotar m\u00e1quina de debulhar sementes<\/h2>    <p>O uso de m\u00e9todos inteligentes e automatizados de opera\u00e7\u00e3o ser\u00e1 uma tend\u00eancia inevit\u00e1vel do desenvolvimento agr\u00edcola. E tamb\u00e9m ser\u00e1 uma forma eficaz de desenvolver m\u00e1quinas agr\u00edcolas eficientes e que economizam energia no futuro. Na verdade, os pa\u00edses com agricultura bastante desenvolvida adotaram opera\u00e7\u00f5es mec\u00e2nicas automatizadas de alta intensidade. O que n\u00e3o s\u00f3 melhora a efici\u00eancia do trabalho, mas tamb\u00e9m reduz os custos operacionais. Ao mesmo tempo, aumentou a sua vantagem absoluta na quantidade e pre\u00e7o dos produtos agr\u00edcolas no mercado internacional. Portanto, a m\u00e1quina de debulhar sementes tem grande import\u00e2ncia para o desenvolvimento da agricultura.<\/p>    <h2 class=\"wp-block-heading\">V\u00eddeo de funcionamento<\/h2>    <figure class=\"wp-block-embed is-type-video is-provider-youtube wp-block-embed-youtube wp-embed-aspect-16-9 wp-has-aspect-ratio\"><div class=\"wp-block-embed__wrapper\"> <iframe loading=\"lazy\" title=\"v\u00eddeo de trabalho da m\u00e1quina de debulhar gr\u00e3os | M\u00e1quina de classifica\u00e7\u00e3o de gr\u00e3os para limpeza e lan\u00e7amento de sementes\" width=\"500\" height=\"281\" src=\"https:\/\/www.youtube.com\/embed\/Vf-7DVgkHV8?feature=oembed\" frameborder=\"0\" allow=\"accelerometer; autoplay; clipboard-write; encrypted-media; gyroscope; picture-in-picture; web-share\" referrerpolicy=\"strict-origin-when-cross-origin\" allowfullscreen><\/iframe> <\/div><\/figure>    <h2 class=\"wp-block-heading\">Par\u00e2metro<\/h2>    <figure class=\"wp-block-table\"><table><tbody><tr><td>Modelo<\/td><td>TZYC-1<\/td><td>Pe\u00e7as de reposi\u00e7\u00e3o <\/td><\/tr><tr><td>Pot\u00eancia<\/td><td>1.5kw <\/td><td>2 rodas, 2 telas<\/td><\/tr><tr><td>Capacidade<\/td><td>1500-2000kg\/h <\/td><td>2 rodas, 2 telas<\/td><\/tr><tr><td>Peso<\/td><td>18kg <\/td><td>2 rodas, 2 telas<\/td><\/tr><tr><td> Tamanho <\/td><td>1100*<em>500<\/em>*1000mm<\/td><td>2 rodas, 2 telas<\/td><\/tr><\/tbody><\/table><\/figure>","protected":false},"excerpt":{"rendered":"<p>Yangchang, a Chinese word, is interpreted as the use of wooden shovels and other agricultural tools to spread grains, beans, etc., and use the wind to remove shells, leaves, and dust. Now, the machine currently used in the raising field is called a grain winnower machine. Introduction to grain winnower machine The grain winnower machine [&hellip;]<\/p>\n","protected":false},"author":1,"featured_media":11257,"parent":0,"comment_status":"closed","ping_status":"closed","template":"","tags":[487,486,2616],"product-type":[1],"class_list":["post-11221","product","type-product","status-publish","has-post-thumbnail","hentry","tag-grain","tag-seed","tag-winnower","product-type-other"],"_links":{"self":[{"href":"https:\/\/www.agriculture-machine.com\/pt\/wp-json\/wp\/v2\/product\/11221","targetHints":{"allow":["GET"]}}],"collection":[{"href":"https:\/\/www.agriculture-machine.com\/pt\/wp-json\/wp\/v2\/product"}],"about":[{"href":"https:\/\/www.agriculture-machine.com\/pt\/wp-json\/wp\/v2\/types\/product"}],"author":[{"embeddable":true,"href":"https:\/\/www.agriculture-machine.com\/pt\/wp-json\/wp\/v2\/users\/1"}],"replies":[{"embeddable":true,"href":"https:\/\/www.agriculture-machine.com\/pt\/wp-json\/wp\/v2\/comments?post=11221"}],"wp:featuredmedia":[{"embeddable":true,"href":"https:\/\/www.agriculture-machine.com\/pt\/wp-json\/wp\/v2\/media\/11257"}],"wp:attachment":[{"href":"https:\/\/www.agriculture-machine.com\/pt\/wp-json\/wp\/v2\/media?parent=11221"}],"wp:term":[{"taxonomy":"post_tag","embeddable":true,"href":"https:\/\/www.agriculture-machine.com\/pt\/wp-json\/wp\/v2\/tags?post=11221"},{"taxonomy":"product-type","embeddable":true,"href":"https:\/\/www.agriculture-machine.com\/pt\/wp-json\/wp\/v2\/product-type?post=11221"}],"curies":[{"name":"wp","href":"https:\/\/api.w.org\/{rel}","templated":true}]}}