{"id":11227,"date":"2021-09-08T18:08:17","date_gmt":"2021-09-08T10:08:17","guid":{"rendered":"https:\/\/www.agriculture-machine.com\/?p=11227"},"modified":"2024-09-18T16:17:45","modified_gmt":"2024-09-18T08:17:45","slug":"wheat-planter-wheat-seeder-wheat-grain-drill-for-sale","status":"publish","type":"product","link":"https:\/\/www.agriculture-machine.com\/pt\/wheat-planter-wheat-seeder-wheat-grain-drill-for-sale\/","title":{"rendered":"Plantador de trigo | Semeador de trigo | Semeador de gr\u00e3os de trigo \u00e0 venda"},"content":{"rendered":"<p>Atualmente, a aplica\u00e7\u00e3o de maquinaria agr\u00edcola \u00e9 relativamente comum, e a aplica\u00e7\u00e3o eficiente do semeador de trigo no processo de plantio pode reduzir a intensidade de trabalho dos agricultores, al\u00e9m de encurtar o tempo de trabalho, melhorando significativamente a efici\u00eancia dos agricultores.<\/p>    <h2 class=\"wp-block-heading\">Introdu\u00e7\u00e3o ao semeador de trigo<\/h2>    <p>O semeador de trigo \u00e9 um tipo de equipamento mec\u00e2nico que planta sementes de trigo no solo atrav\u00e9s de um sistema mec\u00e2nico de plantio. Atualmente, tratores acionam os semeadores de trigo para o plantio, e o distribuidor de gr\u00e3os pode ser combinado com m\u00e1quinas de fertiliza\u00e7\u00e3o. <\/p>    <p>The machine is suitable for fertilizing and planting wheat in plain and hilly areas. It has the characteristics of good general performance, a wide application range, and uniform seeding. Compared with traditional farming methods, the wheat planter can reduce the amount of seed input and ensure the uniformity of seeding. At the same time, the soil covering effect is relatively high. It can not only reduce the farmer&#8217;s planting input cost but also ensure the quality of wheat planting.<\/p>    <figure class=\"wp-block-gallery columns-2 is-cropped wp-block-gallery-2 is-layout-flex wp-block-gallery-is-layout-flex\"><ul class=\"blocks-gallery-grid\"><li class=\"blocks-gallery-item\"><figure><img loading=\"lazy\" decoding=\"async\" width=\"720\" height=\"540\" src=\"https:\/\/www.agriculture-machine.com\/wp-content\/uploads\/2021\/08\/4-4.jpg\" alt=\"semeador de trigo\" data-id=\"11239\" data-full-url=\"https:\/\/www.agriculture-machine.com\/wp-content\/uploads\/2021\/08\/4-4.jpg\" data-link=\"https:\/\/www.agriculture-machine.com\/?attachment_id=11239\" class=\"wp-image-11239\" srcset=\"https:\/\/www.agriculture-machine.com\/wp-content\/uploads\/2021\/08\/4-4.jpg 720w, https:\/\/www.agriculture-machine.com\/wp-content\/uploads\/2021\/08\/4-4-360x270.jpg 360w, https:\/\/www.agriculture-machine.com\/wp-content\/uploads\/2021\/08\/4-4-240x180.jpg 240w\" sizes=\"auto, (max-width: 720px) 100vw, 720px\" \/><figcaption class=\"blocks-gallery-item__caption\">semeador de trigo<\/figcaption><\/figure><\/li><li class=\"blocks-gallery-item\"><figure><img loading=\"lazy\" decoding=\"async\" width=\"720\" height=\"540\" src=\"https:\/\/www.agriculture-machine.com\/wp-content\/uploads\/2021\/08\/6-2.jpg\" alt=\"cena de trabalho\" data-id=\"11240\" data-full-url=\"https:\/\/www.agriculture-machine.com\/wp-content\/uploads\/2021\/08\/6-2.jpg\" data-link=\"https:\/\/www.agriculture-machine.com\/?attachment_id=11240\" class=\"wp-image-11240\" srcset=\"https:\/\/www.agriculture-machine.com\/wp-content\/uploads\/2021\/08\/6-2.jpg 720w, https:\/\/www.agriculture-machine.com\/wp-content\/uploads\/2021\/08\/6-2-360x270.jpg 360w, https:\/\/www.agriculture-machine.com\/wp-content\/uploads\/2021\/08\/6-2-240x180.jpg 240w\" sizes=\"auto, (max-width: 720px) 100vw, 720px\" \/><figcaption class=\"blocks-gallery-item__caption\">cena de trabalho<\/figcaption><\/figure><\/li><\/ul><\/figure>    <h2 class=\"wp-block-heading\" id=\"h-features-of-the-our-wheat-planter\">Caracter\u00edsticas do nosso semeador de trigo<\/h2>    <p>1. A m\u00e1quina \u00e9 de grande porte e deve ser usada em conjunto com tratores de grande e m\u00e9dio porte. Est\u00e1 em estado de suspens\u00e3o de tr\u00eas pontos, compat\u00edvel com a largura de uni\u00e3o do trigo, e \u00e9 f\u00e1cil de trabalhar em conjunto.<\/p>    <p>2. Este semeador de gr\u00e3os de trigo pode ser usado para semear sozinho, ou pode ser equipado com uma caixa de fertiliza\u00e7\u00e3o para que a semeadura e a fertiliza\u00e7\u00e3o possam ser realizadas ao mesmo tempo.<\/p>    <p>3. Esta m\u00e1quina n\u00e3o s\u00f3 pode semear sementes de trigo, mas tamb\u00e9m outras sementes, como arroz de terras altas, millet, espinafre, etc.<\/p>    <p>4. A m\u00e1quina est\u00e1 equipada com uma roda de supress\u00e3o, que pode ser coberta com solo ap\u00f3s a semeadura para completar o plantio.<\/p>    <p>5. O implemento de semeadura de trigo realiza semeadura linear, semeando 20 linhas de cada vez, portanto, a efici\u00eancia de semeadura \u00e9 extremamente alta.<\/p>    <figure class=\"wp-block-gallery columns-2 is-cropped wp-block-gallery-3 is-layout-flex wp-block-gallery-is-layout-flex\"><ul class=\"blocks-gallery-grid\"><li class=\"blocks-gallery-item\"><figure><img loading=\"lazy\" decoding=\"async\" width=\"720\" height=\"540\" src=\"https:\/\/www.agriculture-machine.com\/wp-content\/uploads\/2021\/08\/1-3.jpg\" alt=\"2BXF-20\" data-id=\"11241\" data-full-url=\"https:\/\/www.agriculture-machine.com\/wp-content\/uploads\/2021\/08\/1-3.jpg\" data-link=\"https:\/\/www.agriculture-machine.com\/?attachment_id=11241\" class=\"wp-image-11241\" srcset=\"https:\/\/www.agriculture-machine.com\/wp-content\/uploads\/2021\/08\/1-3.jpg 720w, https:\/\/www.agriculture-machine.com\/wp-content\/uploads\/2021\/08\/1-3-360x270.jpg 360w, https:\/\/www.agriculture-machine.com\/wp-content\/uploads\/2021\/08\/1-3-240x180.jpg 240w\" sizes=\"auto, (max-width: 720px) 100vw, 720px\" \/><figcaption class=\"blocks-gallery-item__caption\">2BXF-20<\/figcaption><\/figure><\/li><li class=\"blocks-gallery-item\"><figure><img loading=\"lazy\" decoding=\"async\" width=\"720\" height=\"540\" src=\"https:\/\/www.agriculture-machine.com\/wp-content\/uploads\/2021\/08\/2-2.jpg\" alt=\"detalhes do 2BXF-20\" data-id=\"11242\" data-full-url=\"https:\/\/www.agriculture-machine.com\/wp-content\/uploads\/2021\/08\/2-2.jpg\" data-link=\"https:\/\/www.agriculture-machine.com\/?attachment_id=11242\" class=\"wp-image-11242\" srcset=\"https:\/\/www.agriculture-machine.com\/wp-content\/uploads\/2021\/08\/2-2.jpg 720w, https:\/\/www.agriculture-machine.com\/wp-content\/uploads\/2021\/08\/2-2-360x270.jpg 360w, https:\/\/www.agriculture-machine.com\/wp-content\/uploads\/2021\/08\/2-2-240x180.jpg 240w\" sizes=\"auto, (max-width: 720px) 100vw, 720px\" \/><figcaption class=\"blocks-gallery-item__caption\">detalhes do 2BXF-20<\/figcaption><\/figure><\/li><\/ul><\/figure>    <h2 class=\"wp-block-heading\">O princ\u00edpio de funcionamento do semeador de trigo<\/h2>    <p>O semeador de trigo \u00e9 rebocado pelo trator, e a pot\u00eancia do trator \u00e9 transmitida ao dispositivo de aplainamento rotativo atrav\u00e9s do dispositivo de transmiss\u00e3o de pot\u00eancia para revolver o solo e suportar o sulco. Movido por energia, o dispositivo de tra\u00e7\u00e3o faz o semeador de trigo andar, acionando assim o dispositivo de abertura de sementes e fertilizantes para abrir o sulco. <\/p>    <p>Ao mesmo tempo, o trator puxa a roda de supress\u00e3o para frente e faz a corrente girar, acionando assim o eixo de fertiliza\u00e7\u00e3o e o eixo de semeadura, fazendo com que as sementes e fertilizantes saiam da caixa de fertilizantes, entrando no distribuidor de fertilizantes e no distribuidor de sementes ao longo do tubo. Finalmente, entram no sulco e s\u00e3o cobertos pela roda de supress\u00e3o que cobre o solo, completando a semeadura do trigo.<\/p>    <p>A principal caracter\u00edstica do trigo \u00e9 que apenas o solo que precisa ser plantado \u00e9 revolvido, o que reduz a perturba\u00e7\u00e3o ao terreno, e realiza todos os procedimentos de semeadura de uma s\u00f3 vez, economizando tempo e custos.<\/p>    <h2 class=\"wp-block-heading\">Notas de opera\u00e7\u00e3o<\/h2>    <p>1. Antes da opera\u00e7\u00e3o, remova obst\u00e1culos no campo.<\/p>    <p>2. Ao realizar inspe\u00e7\u00f5es, reparos, ajustes, manuten\u00e7\u00e3o, etc., desligue primeiro o trator.<\/p>    <p>3. Ao fazer curvas, inverter ou transferir a unidade, a m\u00e1quina deve ser levantada.<\/p>    <p>4. Durante a opera\u00e7\u00e3o, n\u00e3o recue e evite estacionar desnecessariamente para evitar o ac\u00famulo de sementes ou fertilizantes ou quebra de sulcos.<\/p>    <p>5. Quando houver vento forte, chuva, e o teor de umidade do solo exceder 70%, a opera\u00e7\u00e3o \u00e9 proibida.<\/p>","protected":false},"excerpt":{"rendered":"<p>At present, the application of agricultural machinery is relatively common, and the efficient application of wheat planter in the process of wheat planting can reduce the labor intensity of farmers, at the same time it can&nbsp;shorten the labor time so that the work efficiency of farmers has been significantly improved. Introduction of wheat planter The [&hellip;]<\/p>\n","protected":false},"author":1,"featured_media":0,"parent":0,"comment_status":"closed","ping_status":"closed","template":"","tags":[492,158],"product-type":[870,883],"class_list":["post-11227","product","type-product","status-publish","hentry","tag-planter","tag-wheat","product-type-planter","product-type-wheat-planter"],"_links":{"self":[{"href":"https:\/\/www.agriculture-machine.com\/pt\/wp-json\/wp\/v2\/product\/11227","targetHints":{"allow":["GET"]}}],"collection":[{"href":"https:\/\/www.agriculture-machine.com\/pt\/wp-json\/wp\/v2\/product"}],"about":[{"href":"https:\/\/www.agriculture-machine.com\/pt\/wp-json\/wp\/v2\/types\/product"}],"author":[{"embeddable":true,"href":"https:\/\/www.agriculture-machine.com\/pt\/wp-json\/wp\/v2\/users\/1"}],"replies":[{"embeddable":true,"href":"https:\/\/www.agriculture-machine.com\/pt\/wp-json\/wp\/v2\/comments?post=11227"}],"wp:attachment":[{"href":"https:\/\/www.agriculture-machine.com\/pt\/wp-json\/wp\/v2\/media?parent=11227"}],"wp:term":[{"taxonomy":"post_tag","embeddable":true,"href":"https:\/\/www.agriculture-machine.com\/pt\/wp-json\/wp\/v2\/tags?post=11227"},{"taxonomy":"product-type","embeddable":true,"href":"https:\/\/www.agriculture-machine.com\/pt\/wp-json\/wp\/v2\/product-type?post=11227"}],"curies":[{"name":"wp","href":"https:\/\/api.w.org\/{rel}","templated":true}]}}