{"id":1128,"date":"2018-10-19T09:37:33","date_gmt":"2018-10-19T01:37:33","guid":{"rendered":"https:\/\/www.agriculture-machine.com\/?p=1128"},"modified":"2026-02-25T17:08:07","modified_gmt":"2026-02-25T09:08:07","slug":"rice-mill","status":"publish","type":"product","link":"https:\/\/www.agriculture-machine.com\/pt\/rice-mill\/","title":{"rendered":"M\u00e1quina de debulhar arroz | Debulhadora de arroz | M\u00e1quina de beneficiamento de arroz"},"content":{"rendered":"<p class=\"translation-block\">A <strong>m\u00e1quina de moagem de arroz<\/strong> \u00e9 usada para processamento de arroz de palha. \u00c9 composta por uma cuba de alimenta\u00e7\u00e3o, unidade de descasque de palha, unidade de separa\u00e7\u00e3o para arroz integral e palha, unidade de moagem e soprador de jato de ar, etc. Temos 4 tipos de m\u00e1quinas de moagem de arroz s\u00e9rie SB, ou seja, SB-05, SB-10, SB-30, SB-50. Os diferentes tipos t\u00eam capacidades diferentes e pode escolher o adequado de acordo com as suas necessidades.<\/p>    <figure class=\"wp-block-embed is-type-rich is-provider-embed-handler wp-block-embed-embed-handler wp-embed-aspect-16-9 wp-has-aspect-ratio\"><div class=\"wp-block-embed__wrapper\"> <iframe loading=\"lazy\" title=\"M\u00e1quina de moagem de arroz branco de baixo pre\u00e7o \/ M\u00e1quina de moagem de arroz de palha \/ M\u00e1quina de descasque de arroz \/ M\u00e1quina de descasque de arroz\" width=\"500\" height=\"281\" src=\"https:\/\/www.youtube.com\/embed\/hUoRDbPM0K4?feature=oembed\" frameborder=\"0\" allow=\"accelerometer; autoplay; clipboard-write; encrypted-media; gyroscope; picture-in-picture; web-share\" referrerpolicy=\"strict-origin-when-cross-origin\" allowfullscreen><\/iframe> <\/div><figcaption class=\"wp-element-caption\">quatro tipos de v\u00eddeo de m\u00e1quinas de moagem de arroz pequenas<\/figcaption><\/figure>    <p><br>A moagem de arroz combinada SB-30 \u00e9 um equipamento completo para processamento de arroz. O arroz \u00e9 colocado na m\u00e1quina atrav\u00e9s de uma peneira vibrat\u00f3ria e do dispositivo magn\u00e9tico. Sob a a\u00e7\u00e3o do rolo de borracha, suc\u00e7\u00e3o e sele\u00e7\u00e3o de vento, a casca \u00e9 removida do arroz e posteriormente polida para ficar branca. A casca e outras impurezas, como palha, s\u00e3o sopradas para fora. Finalmente, o arroz branco \u00e9 descarregado. <\/p>    <p>A descascadora de arroz est\u00e1 equipada com um layout completo, design razo\u00e1vel, estrutura compacta, opera\u00e7\u00e3o simples e confi\u00e1vel, e baixo ru\u00eddo. A precis\u00e3o de moagem de arroz branco pode atingir o padr\u00e3o. Com baixo consumo de energia e alta efici\u00eancia de trabalho, \u00e9 uma m\u00e1quina de moagem de arroz combinada de nova gera\u00e7\u00e3o.<\/p>    <h2 class=\"wp-block-heading\" id=\"h-parameter-of-rice-milling-machine\">Par\u00e2metro da m\u00e1quina de moagem de arroz<\/h2>    <div class=\"table-responsive\" style=\"border: 1 px solir #f79646;\"> <table class=\"table table-striped\"> <tbody> <tr style=\"background-color: #f79646;\"> <td width=\"116\">Modelo<\/td> <td width=\"79\">SB-05D<\/td> <td width=\"123\">SB-10D<\/td> <td width=\"230\">SB-30D<\/td> <td width=\"107\">SB-50D<\/td> <\/tr> <tr style=\"background-color: #fbd5b5;\"> <td width=\"116\">Pot\u00eancia<\/td> <td width=\"79\">10hp \/5.5 KW<\/td> <td width=\"123\">15hp \/11KW<\/td> <td width=\"230\">&nbsp;&nbsp;&nbsp;&nbsp;18hp \/15 KW<\/td> <td width=\"107\">30hp \/22KW<\/td> <\/tr> <tr> <td width=\"116\">Capacidade<\/td> <td width=\"79\">400-600kg\/h<\/td> <td width=\"123\">700-1000kg\/h<\/td> <td width=\"230\">&nbsp;&nbsp;&nbsp;1100-1500kg\/h<\/td> <td width=\"107\">1800-2300kg\/h<\/td> <\/tr> <tr style=\"background-color: #fbd5b5;\"> <td width=\"116\">Peso l\u00edquido<\/td> <td width=\"79\">130kg<\/td> <td width=\"123\">230kg<\/td> <td width=\"230\">&nbsp;&nbsp;&nbsp;&nbsp;&nbsp;270kg<\/td> <td width=\"107\">530kg<\/td> <\/tr> <tr> <td width=\"116\">Peso bruto<\/td> <td width=\"79\">160kg<\/td> <td width=\"123\">&nbsp;285kg<\/td> <td width=\"230\">&nbsp;&nbsp;&nbsp;&nbsp;&nbsp;300kg<\/td> <td width=\"107\">580kg<\/td> <\/tr> <tr style=\"background-color: #fbd5b5;\"> <td width=\"116\">Tamanho total<\/td> <td width=\"79\">860*692*1290mm<\/td> <td width=\"123\">760*730*1735mm<\/td> <td width=\"230\">1070*760*1760mm<\/td> <td width=\"107\">2400*1080*2080mm<\/td> <\/tr> <tr> <td width=\"116\">Carga QTD\/20GP<\/td> <td width=\"79\">27 conjuntos<\/td> <td width=\"123\">24 conjuntos<\/td> <td width=\"230\">18 conjuntos<\/td> <td width=\"107\">12 conjuntos<\/td> <\/tr> <\/tbody> <\/table> <\/div>    <h2 class=\"wp-block-heading\" id=\"h-working-principle-of-rice-milling-machine\">Princ\u00edpio de funcionamento da m\u00e1quina de moagem de arroz<\/h2>    <p>Primeiro, o arroz passa por uma peneira vibrat\u00f3ria e dispositivo magn\u00e9tico, depois passa pelo rolo de borracha para descasque. Ap\u00f3s sopro de ar e jato de ar na sala de moagem, a m\u00e1quina de moagem de arroz pode concluir o processo de limpeza, descasque, sele\u00e7\u00e3o por ar, moagem e polimento sucessivamente. A casca, palha, arroz partido e arroz branco s\u00e3o expelidos da m\u00e1quina respetivamente. \u00c9 melhor colocar um recipiente sob a sa\u00edda para coletar o arroz.<\/p>    <figure class=\"wp-block-image aligncenter\"><img decoding=\"async\" src=\"https:\/\/www.agriculture-machine.com\/wp-content\/uploads\/2018\/10\/Rice-mill5.jpg\" alt=\"M\u00e1quina de moagem de arroz\"\/><figcaption class=\"wp-element-caption\">M\u00e1quina de moagem de arroz<\/figcaption><\/figure>    <h2 class=\"wp-block-heading\" id=\"h-rice-mills-machines-advantage\">Rice mill machines&#8217; advantage<\/h2>    <ul class=\"wp-block-list\"> <li>A maquinaria de moagem de arroz possui um layout racional, estrutura compacta e pouco ru\u00eddo durante a opera\u00e7\u00e3o.<\/li>    <li>A m\u00e1quina de processamento de arroz \u00e9 leve, f\u00e1cil de operar, consome pouca energia e tem alta produtividade.<\/li>    <li>A maquinaria de moagem de arroz pode produzir arroz branco de alta pureza que atende ao padr\u00e3o nacional, com menos casca e arroz partido, sendo uma excelente m\u00e1quina de processamento de arroz de palha para o campo.<\/li>    <li>Alta capacidade. A maior capacidade desta s\u00e9rie \u00e9 2,3t\/h, o que pode reduzir o tempo de trabalho.<\/li>    <li>Baixa taxa de quebra (3%). Quase todo o arroz pode ser mantido intacto.<\/li>    <li>A maquinaria de moagem de arroz n\u00e3o s\u00f3 pode moer arroz, mas tamb\u00e9m polir, para que o arroz final seja brilhante e branco.<\/li>    <li>Modelos diferentes t\u00eam capacidades diferentes, por isso escolha o adequado com base na sua situa\u00e7\u00e3o real.<\/li>    <li>A m\u00e1quina \u00e9 port\u00e1til e adequada para uso dom\u00e9stico, o potencial de uma m\u00e1quina de moagem de arroz \u00e9 bom.<\/li> <\/ul>    <figure class=\"wp-block-image alignnone\"><img decoding=\"async\" src=\"https:\/\/www.agriculture-machine.com\/wp-content\/uploads\/2018\/10\/Rice-mill1.jpg\" alt=\"Estrutura interna da m\u00e1quina de moagem de arroz\"\/><figcaption class=\"wp-element-caption\">Rice milling machine&#8217;s inner structure<\/figcaption><\/figure>    <h2 class=\"wp-block-heading\" id=\"h-the-prospect-of-rice-milling-machine\">Perspectiva de uma m\u00e1quina de moagem de arroz<\/h2>    <p>O pre\u00e7o do arroz no mercado \u00e9 diverso, qual \u00e9 a diferen\u00e7a entre esses arroz?<\/p>    <ul class=\"wp-block-list\"> <li>Arroz novo: refere-se ao arroz colhido este ano, que foi descascado e polido em pouco tempo. A maior caracter\u00edstica do arroz novo \u00e9 que tem uma fragr\u00e2ncia com um sabor excelente. A sopa feita com arroz novo \u00e9 cheia de aroma, e o arroz fresco cozido fica pegajoso e mastig\u00e1vel.<\/li>    <li>Arroz velho: \u00e9 arroz que foi armazenado durante muitos anos, e o seu sabor n\u00e3o \u00e9 bom devido \u00e0 influ\u00eancia da temperatura, humidade e outros fatores. A nutri\u00e7\u00e3o do arroz velho \u00e9 pior do que a do arroz novo.<\/li> <\/ul>    <figure class=\"wp-block-image aligncenter\"><img decoding=\"async\" src=\"https:\/\/www.agriculture-machine.com\/wp-content\/uploads\/2018\/10\/Rice-mill3.jpg\" alt=\"M\u00e1quina de descasque de arroz\"\/><figcaption class=\"wp-element-caption\">M\u00e1quina de descasque de arroz<\/figcaption><\/figure>    <p>Ainda existem muitas diferen\u00e7as entre o arroz novo e o velho. O arroz barato no supermercado \u00e9 misturado com arroz velho. Geralmente, as pessoas n\u00e3o conseguem notar essa diferen\u00e7a, o que \u00e9 prejudicial \u00e0 nossa sa\u00fade. As m\u00e1quinas de moagem de arroz s\u00e9rie SB da Taizy s\u00e3o pequenas e requintadas, com pre\u00e7os competitivos para indiv\u00edduos ou ind\u00fastria alimentar. N\u00e3o se arrepender\u00e1 se desejar comprar uma m\u00e1quina assim para uso dom\u00e9stico ou comercial.<\/p>    <figure class=\"wp-block-image aligncenter\"><img decoding=\"async\" src=\"https:\/\/www.agriculture-machine.com\/wp-content\/uploads\/2018\/10\/Rice-mill6.jpg\" alt=\"M\u00e1quina de descasque de arroz\"\/><figcaption class=\"wp-element-caption\">M\u00e1quina de descasque de arroz<\/figcaption><\/figure>    <h2 class=\"wp-block-heading\" id=\"h-how-to-use-a-rice-mill-machine\">Como usar uma m\u00e1quina de moagem de arroz?<\/h2>    <ul class=\"wp-block-list\"> <li>Requisitos de fia\u00e7\u00e3o: A m\u00e1quina de moagem de arroz n\u00e3o pode partilhar o circuito de ilumina\u00e7\u00e3o original. Deve ser ligada diretamente ao interruptor principal com fio de cobre ou de alum\u00ednio de 4 mil\u00edmetros quadrados ou mais. N\u00e3o \u00e9 permitido usar o plugue e recomenda-se usar o interruptor de l\u00e2mina de 10A ou mais.<\/li>    <li>M\u00e9todo de opera\u00e7\u00e3o: Antes de iniciar o descascador de arroz, os operadores verificam cuidadosamente se os fixadores em todas as partes est\u00e3o soltos, e abrem a tampa para verificar se o espa\u00e7o do rolo est\u00e1 correto.<\/li>    <li>O operador deve ligar o interruptor e deixar a m\u00e1quina ociosa por 1-3 minutos. Os utilizadores podem usar a m\u00e1quina se tudo estiver normal. Ao desligar o plugue, o utilizador deve ser lento para aumentar a carga gradualmente, caso contr\u00e1rio, causar\u00e1 bloqueio.<\/li>    <li>O utilizador deve fechar a porta de alimenta\u00e7\u00e3o primeiro, e parar a descascadora de arroz antes que a parte de moagem termine o processo.<\/li>    <li>Se desejar uma capacidade maior <a href=\"https:\/\/www.agriculture-machine.com\/pt\/rice-milling-plant-machine\/\"><strong>m\u00e1quina de moagem de arroz<\/strong><\/a>, por favor, abra o seguinte link para ver uma moinha de arroz combinada de 10t de grande tamanho.<br><\/li> <\/ul>    <h2 class=\"wp-block-heading\" id=\"h-the-successful-case-of-rice-mill-machine\">O caso de sucesso da m\u00e1quina de moagem de arroz<\/h2>    <p>Esta semana, vendemos 5 conjuntos de m\u00e1quinas de moagem de arroz para a \u00c1frica do Sul, e este cliente \u00e9 um revendedor que deseja vend\u00ea-los aos agricultores locais. Considerando a primeira coopera\u00e7\u00e3o, ele comprou apenas 5 conjuntos como pedido de teste, e comprar\u00e1 mais se as m\u00e1quinas funcionarem bem. Estamos confiantes de que ele far\u00e1 novos pedidos, pois a qualidade das nossas m\u00e1quinas \u00e9 muito boa, e esperamos a pr\u00f3xima coopera\u00e7\u00e3o.<\/p>    <h2 class=\"wp-block-heading\" id=\"h-faq\">Perguntas Frequentes<\/h2>   <div id=\"rank-math-faq\" class=\"rank-math-block\"> <div class=\"rank-math-list\"> <div id=\"faq-question-1772010427656\" class=\"rank-math-list-item\"> <h3 class=\"rank-math-question\">Qual \u00e9 a diferen\u00e7a entre os 4 tipos de m\u00e1quinas de moagem de arroz?<\/h3> <div class=\"rank-math-answer\">  <p> As suas capacidades s\u00e3o diferentes, por isso combinam com motores diferentes.<\/p>  <\/div> <\/div> <div id=\"faq-question-1772010435622\" class=\"rank-math-list-item\"> <h3 class=\"rank-math-question\">O arroz final cont\u00e9m algum arroz partido?<\/h3> <div class=\"rank-math-answer\">  <p> A taxa de quebra \u00e9 inferior a 1%.<\/p>  <\/div> <\/div> <div id=\"faq-question-1772010447825\" class=\"rank-math-list-item\"> <h3 class=\"rank-math-question\">Quais s\u00e3o as pe\u00e7as de reposi\u00e7\u00e3o vulner\u00e1veis?<\/h3> <div class=\"rank-math-answer\">  <p>Rolo de borracha, cabe\u00e7a de transporte, tela hexagonal, rolo de arroz, l\u00e2mina do ventilador, revestimento da sa\u00edda do ventilador.<\/p>  <\/div> <\/div> <\/div> <\/div>   <figure class=\"wp-block-image aligncenter size-large is-resized\"><img loading=\"lazy\" decoding=\"async\" width=\"418\" height=\"540\" src=\"https:\/\/www.agriculture-machine.com\/wp-content\/uploads\/2018\/10\/Rice-mill7-418x540.jpg\" alt=\"Moagem de arroz7\" class=\"wp-image-1991\" srcset=\"https:\/\/www.agriculture-machine.com\/wp-content\/uploads\/2018\/10\/Rice-mill7-418x540.jpg 418w, https:\/\/www.agriculture-machine.com\/wp-content\/uploads\/2018\/10\/Rice-mill7-209x270.jpg 209w, https:\/\/www.agriculture-machine.com\/wp-content\/uploads\/2018\/10\/Rice-mill7.jpg 750w\" sizes=\"auto, (max-width: 418px) 100vw, 418px\" \/><\/figure>    <p>Se estiver interessado na nossa m\u00e1quina de descasque de arroz, sinta-se \u00e0 vontade para nos contactar e visitar a nossa f\u00e1brica, a nossa equipa profissional ficar\u00e1 feliz em fornecer informa\u00e7\u00f5es detalhadas sobre o produto. Esperamos partilhar a nossa tecnologia avan\u00e7ada e excelente qualidade consigo para oferecer a melhor solu\u00e7\u00e3o para a sua produ\u00e7\u00e3o de arroz branco.<\/p>","protected":false},"excerpt":{"rendered":"<p>M\u00e1quinas de moagem de arroz processam de forma eficiente e precisa o palha em arroz branco de alta qualidade atrav\u00e9s dos passos de descasque, desbrowning e moagem. Existem v\u00e1rios tipos para escolher, e pode compreender melhor atrav\u00e9s desta publica\u00e7\u00e3o.<\/p>","protected":false},"author":1,"featured_media":1135,"parent":0,"comment_status":"closed","ping_status":"closed","template":"","tags":[796],"product-type":[905],"class_list":["post-1128","product","type-product","status-publish","has-post-thumbnail","hentry","tag-rice","product-type-small-rice-mill"],"_links":{"self":[{"href":"https:\/\/www.agriculture-machine.com\/pt\/wp-json\/wp\/v2\/product\/1128","targetHints":{"allow":["GET"]}}],"collection":[{"href":"https:\/\/www.agriculture-machine.com\/pt\/wp-json\/wp\/v2\/product"}],"about":[{"href":"https:\/\/www.agriculture-machine.com\/pt\/wp-json\/wp\/v2\/types\/product"}],"author":[{"embeddable":true,"href":"https:\/\/www.agriculture-machine.com\/pt\/wp-json\/wp\/v2\/users\/1"}],"replies":[{"embeddable":true,"href":"https:\/\/www.agriculture-machine.com\/pt\/wp-json\/wp\/v2\/comments?post=1128"}],"wp:featuredmedia":[{"embeddable":true,"href":"https:\/\/www.agriculture-machine.com\/pt\/wp-json\/wp\/v2\/media\/1135"}],"wp:attachment":[{"href":"https:\/\/www.agriculture-machine.com\/pt\/wp-json\/wp\/v2\/media?parent=1128"}],"wp:term":[{"taxonomy":"post_tag","embeddable":true,"href":"https:\/\/www.agriculture-machine.com\/pt\/wp-json\/wp\/v2\/tags?post=1128"},{"taxonomy":"product-type","embeddable":true,"href":"https:\/\/www.agriculture-machine.com\/pt\/wp-json\/wp\/v2\/product-type?post=1128"}],"curies":[{"name":"wp","href":"https:\/\/api.w.org\/{rel}","templated":true}]}}