{"id":11285,"date":"2021-09-03T14:01:03","date_gmt":"2021-09-03T06:01:03","guid":{"rendered":"https:\/\/www.agriculture-machine.com\/?p=11285"},"modified":"2024-09-23T11:18:32","modified_gmt":"2024-09-23T03:18:32","slug":"electric-grain-hammer-mill-grain-mill-grinder-grain-grinding","status":"publish","type":"product","link":"https:\/\/www.agriculture-machine.com\/pt\/electric-grain-hammer-mill-grain-mill-grinder-grain-grinding\/","title":{"rendered":"Moinho de gr\u00e3os el\u00e9trico | Moedor de gr\u00e3os | Moagem de gr\u00e3os"},"content":{"rendered":"<p>O moinho de gr\u00e3os \u00e9 o tipo de triturador mais utilizado. Possui boa versatilidade. Ap\u00f3s a entrada de mat\u00e9ria estranha met\u00e1lica no triturador, apenas quebra as telas. N\u00e3o ocorrer\u00e3o acidentes graves, e sua estrutura consiste em tr\u00eas partes: um mecanismo de alimenta\u00e7\u00e3o, uma c\u00e2mara de tritura\u00e7\u00e3o e uma parte de descarga.<\/p>    <figure class=\"wp-block-embed is-type-video is-provider-youtube wp-block-embed-youtube wp-embed-aspect-16-9 wp-has-aspect-ratio\"><div class=\"wp-block-embed__wrapper\"> <iframe loading=\"lazy\" title=\"V\u00eddeo de funcionamento do moinho de martelos el\u00e9trico | moinho de gr\u00e3os\" width=\"500\" height=\"281\" src=\"https:\/\/www.youtube.com\/embed\/LrGfvzii4tI?feature=oembed\" frameborder=\"0\" allow=\"accelerometer; autoplay; clipboard-write; encrypted-media; gyroscope; picture-in-picture; web-share\" referrerpolicy=\"strict-origin-when-cross-origin\" allowfullscreen><\/iframe> <\/div><figcaption class=\"wp-element-caption\">V\u00eddeo de funcionamento do moinho de gr\u00e3os de alta efici\u00eancia<\/figcaption><\/figure>    <h2 class=\"wp-block-heading\">A fun\u00e7\u00e3o do moinho de gr\u00e3os<\/h2>    <p><font style=\"vertical-align: inherit;\"><font style=\"vertical-align: inherit;\">Moinhos de gr\u00e3os s\u00e3o usados nos setores farmac\u00eautico, aliment\u00edcio, qu\u00edmico, cient\u00edfico e outros setores industriais para processar materiais contendo amido. Voc\u00ea pode obter p\u00f3 de um moinho de martelos el\u00e9trico de gr\u00e3os. A subst\u00e2ncia torna-se p\u00f3 sob a a\u00e7\u00e3o de moagem do disco de moagem.<\/font><\/font><\/p>    <p>O equipamento est\u00e1 equipado com um dispositivo de suc\u00e7\u00e3o de p\u00f3, sem polui\u00e7\u00e3o por p\u00f3. Possui as caracter\u00edsticas de baixa temperatura, baixo ru\u00eddo e alta efici\u00eancia. \u00c9 adequado para triturar materiais secos e fr\u00e1geis, como materiais qu\u00edmicos e medicamentos chineses.<\/p>    <figure class=\"wp-block-gallery has-nested-images columns-default is-cropped wp-block-gallery-2 is-layout-flex wp-block-gallery-is-layout-flex\"> <figure class=\"wp-block-image size-large\"><img loading=\"lazy\" decoding=\"async\" width=\"720\" height=\"540\" data-id=\"11288\" src=\"https:\/\/www.agriculture-machine.com\/wp-content\/uploads\/2021\/08\/5-3.jpg\" alt=\"moinho de gr\u00e3os\" class=\"wp-image-11288\" srcset=\"https:\/\/www.agriculture-machine.com\/wp-content\/uploads\/2021\/08\/5-3.jpg 720w, https:\/\/www.agriculture-machine.com\/wp-content\/uploads\/2021\/08\/5-3-360x270.jpg 360w, https:\/\/www.agriculture-machine.com\/wp-content\/uploads\/2021\/08\/5-3-240x180.jpg 240w\" sizes=\"auto, (max-width: 720px) 100vw, 720px\" \/><figcaption class=\"wp-element-caption\">moinho de gr\u00e3os<\/figcaption><\/figure>    <figure class=\"wp-block-image size-large\"><img loading=\"lazy\" decoding=\"async\" width=\"720\" height=\"540\" data-id=\"11289\" src=\"https:\/\/www.agriculture-machine.com\/wp-content\/uploads\/2021\/08\/6-3.jpg\" alt=\"Moedor de gr\u00e3os el\u00e9trico\" class=\"wp-image-11289\" srcset=\"https:\/\/www.agriculture-machine.com\/wp-content\/uploads\/2021\/08\/6-3.jpg 720w, https:\/\/www.agriculture-machine.com\/wp-content\/uploads\/2021\/08\/6-3-360x270.jpg 360w, https:\/\/www.agriculture-machine.com\/wp-content\/uploads\/2021\/08\/6-3-240x180.jpg 240w\" sizes=\"auto, (max-width: 720px) 100vw, 720px\" \/><figcaption class=\"wp-element-caption\">Moedor de gr\u00e3os el\u00e9trico<\/figcaption><\/figure> <\/figure>    <h2 class=\"wp-block-heading\" id=\"h-working-principle\">Princ\u00edpio de funcionamento<\/h2>    <p>Ap\u00f3s o arranque do motor, a pot\u00eancia \u00e9 transmitida \u00e0 roda de correia atrav\u00e9s da correia em V, que aciona o eixo principal a girar e faz com que o disco de moagem m\u00f3vel e o disco de moagem fixo se movam em rela\u00e7\u00e3o um ao outro para produzir efeitos de compress\u00e3o e moagem, de modo que o centro do disco de moagem tritura os materiais nele contidos de forma completa.  <\/p>    <figure class=\"wp-block-gallery has-nested-images columns-default is-cropped wp-block-gallery-3 is-layout-flex wp-block-gallery-is-layout-flex\"> <figure class=\"wp-block-image size-large\"><img loading=\"lazy\" decoding=\"async\" width=\"720\" height=\"540\" data-id=\"11396\" src=\"https:\/\/www.agriculture-machine.com\/wp-content\/uploads\/2021\/09\/IMG_20210730_112620_\u526f\u672c.jpg\" alt=\"triturador de disco\" class=\"wp-image-11396\" srcset=\"https:\/\/www.agriculture-machine.com\/wp-content\/uploads\/2021\/09\/IMG_20210730_112620_\u526f\u672c.jpg 720w, https:\/\/www.agriculture-machine.com\/wp-content\/uploads\/2021\/09\/IMG_20210730_112620_\u526f\u672c-360x270.jpg 360w, https:\/\/www.agriculture-machine.com\/wp-content\/uploads\/2021\/09\/IMG_20210730_112620_\u526f\u672c-240x180.jpg 240w\" sizes=\"auto, (max-width: 720px) 100vw, 720px\" \/><figcaption class=\"wp-element-caption\">triturador de disco<\/figcaption><\/figure>    <figure class=\"wp-block-image size-large\"><img loading=\"lazy\" decoding=\"async\" width=\"720\" height=\"540\" data-id=\"11397\" src=\"https:\/\/www.agriculture-machine.com\/wp-content\/uploads\/2021\/09\/IMG_20210730_112641_\u526f\u672c.jpg\" alt=\"triturador de disco\" class=\"wp-image-11397\" srcset=\"https:\/\/www.agriculture-machine.com\/wp-content\/uploads\/2021\/09\/IMG_20210730_112641_\u526f\u672c.jpg 720w, https:\/\/www.agriculture-machine.com\/wp-content\/uploads\/2021\/09\/IMG_20210730_112641_\u526f\u672c-360x270.jpg 360w, https:\/\/www.agriculture-machine.com\/wp-content\/uploads\/2021\/09\/IMG_20210730_112641_\u526f\u672c-240x180.jpg 240w\" sizes=\"auto, (max-width: 720px) 100vw, 720px\" \/><figcaption class=\"wp-element-caption\">triturador de disco<\/figcaption><\/figure> <\/figure>    <h2 class=\"wp-block-heading\">M\u00e9todos de opera\u00e7\u00e3o<\/h2>    <p>1. This grain mill grinder&#8217;s package is as a whole. After unpacking, move it to an appropriate location, then place it steadily, and connect it to the power supply for trial use.<\/p>    <p>2. Before use, check whether there is any looseness and other abnormal phenomena in the transmission part of the machine. The direction of the machine&#8217;s operation should be consistent with the direction shown by the arrow.<\/p>    <p>3. Realize o teste sem carga por 1-2 minutos antes de usar, e aguarde at\u00e9 que n\u00e3o haja fen\u00f4menos anormais antes de alimentar. Aumente gradualmente o fluxo de material ao alimentar, observe o consumo de energia e o funcionamento do motor a qualquer momento.<\/p>    <p>4. Se o material estiver muito \u00famido e pegajoso, o que afeta a produ\u00e7\u00e3o de p\u00f3, o material deve ser seco ou substitu\u00eddo por uma peneira mais grossa.<\/p>    <p>5. Antes de parar a m\u00e1quina, pare de alimentar e deixe a m\u00e1quina funcionar por 5-20 minutos antes de parar. O objetivo \u00e9 reduzir materiais residuais.<\/p>    <h2 class=\"wp-block-heading\">Vantagens do moinho de gr\u00e3os<\/h2>    <p>1. Alta efici\u00eancia e forte capacidade de tritura\u00e7\u00e3o.<\/p>    <p>2. O disco de moagem de alta velocidade produz um impacto forte nas part\u00edculas de material, o que pode garantir um efeito de moagem forte.<\/p>    <p>3. Alta flexibilidade no processo de produ\u00e7\u00e3o: nosso moinho de martelos pode ter combina\u00e7\u00e3o com v\u00e1rias telas, podendo ser usado para tritura\u00e7\u00e3o, moagem grossa e fina.<\/p>    <p>4. F\u00e1cil de operar, seguro de usar e f\u00e1cil de manter. <\/p>    <p class=\"translation-block\">5. A m\u00e1quina tem ampla aplicabilidade, \u00e9 adequada para <a href=\"https:\/\/www.agriculture-machine.com\/pt\/corn-grinder-machine\/\">moer milho<\/a>, tofu, amido e farinha de arroz, e tamb\u00e9m pode ser usada em outras ind\u00fastrias alimentares. Pode <a href=\"https:\/\/www.agriculture-machine.com\/pt\/corn-grits-making-machine\/\">moer milho<\/a>, trigo, arroz, sorgo, soja e outras culturas em p\u00f3 seco.\u00a0<\/p>    <figure class=\"wp-block-gallery has-nested-images columns-default is-cropped wp-block-gallery-4 is-layout-flex wp-block-gallery-is-layout-flex\"> <figure class=\"wp-block-image size-large\"><img loading=\"lazy\" decoding=\"async\" width=\"720\" height=\"540\" data-id=\"11292\" src=\"https:\/\/www.agriculture-machine.com\/wp-content\/uploads\/2021\/08\/1-4.jpg\" alt=\"resultado\" class=\"wp-image-11292\" srcset=\"https:\/\/www.agriculture-machine.com\/wp-content\/uploads\/2021\/08\/1-4.jpg 720w, https:\/\/www.agriculture-machine.com\/wp-content\/uploads\/2021\/08\/1-4-360x270.jpg 360w, https:\/\/www.agriculture-machine.com\/wp-content\/uploads\/2021\/08\/1-4-240x180.jpg 240w\" sizes=\"auto, (max-width: 720px) 100vw, 720px\" \/><figcaption class=\"wp-element-caption\">resultado<\/figcaption><\/figure>    <figure class=\"wp-block-image size-large\"><img loading=\"lazy\" decoding=\"async\" width=\"720\" height=\"540\" data-id=\"11293\" src=\"https:\/\/www.agriculture-machine.com\/wp-content\/uploads\/2021\/08\/2-3.jpg\" alt=\"consequente\" class=\"wp-image-11293\" srcset=\"https:\/\/www.agriculture-machine.com\/wp-content\/uploads\/2021\/08\/2-3.jpg 720w, https:\/\/www.agriculture-machine.com\/wp-content\/uploads\/2021\/08\/2-3-360x270.jpg 360w, https:\/\/www.agriculture-machine.com\/wp-content\/uploads\/2021\/08\/2-3-240x180.jpg 240w\" sizes=\"auto, (max-width: 720px) 100vw, 720px\" \/><figcaption class=\"wp-element-caption\">consequente<\/figcaption><\/figure> <\/figure>    <h2 class=\"wp-block-heading\">Manuten\u00e7\u00e3o do moedor de moinho de gr\u00e3os<\/h2>    <p>1. Verifique regularmente os rolamentos e substitua a manteiga de alta velocidade para garantir o funcionamento normal da m\u00e1quina. Verifique frequentemente as pe\u00e7as de desgaste. Se houver desgaste grave, substitua a tempo.<\/p>    <p>2. Quando a m\u00e1quina estiver em uso, se a velocidade do eixo estiver a diminuir gradualmente, deve ajustar o motor para baixo. Assim, a m\u00e1quina pode atingir a velocidade especificada. Se houver uma anomalia, a m\u00e1quina deve ser desligada para inspe\u00e7\u00e3o.<\/p>    <p>3. Materiais met\u00e1licos, como pregos, blocos de ferro, etc., s\u00e3o estritamente proibidos de entrar no interior da m\u00e1quina quando ela estiver ligada. Ap\u00f3s o trabalho, deve-se limpar os materiais residuais em todas as partes da m\u00e1quina. Se a m\u00e1quina ficar parada por muito tempo, deve ser limpa e coberta com uma lona.<\/p>    <h2 class=\"wp-block-heading\">Programa de melhoria de efici\u00eancia<\/h2>    <p>Adotar medidas auxiliares pode melhorar efetivamente a efici\u00eancia de trabalho do triturador. Adicione um sistema de ventila\u00e7\u00e3o ao processo de tritura\u00e7\u00e3o para facilitar a passagem dos materiais pelas aberturas da tela. Pode melhorar a efici\u00eancia de triagem do triturador e reduzir a press\u00e3o no processo de tritura\u00e7\u00e3o.<\/p>","protected":false},"excerpt":{"rendered":"<p>Este moinho de gr\u00e3os \u00e9 uma m\u00e1quina que tritura trigo, arroz, milho, sorgo, soja e outras culturas em p\u00f3 seco.\u00a0<\/p>","protected":false},"author":1,"featured_media":11289,"parent":0,"comment_status":"closed","ping_status":"closed","template":"","tags":[2631],"product-type":[873],"class_list":["post-11285","product","type-product","status-publish","has-post-thumbnail","hentry","tag-hammer","product-type-corn-grains-grinding-equipment"],"_links":{"self":[{"href":"https:\/\/www.agriculture-machine.com\/pt\/wp-json\/wp\/v2\/product\/11285","targetHints":{"allow":["GET"]}}],"collection":[{"href":"https:\/\/www.agriculture-machine.com\/pt\/wp-json\/wp\/v2\/product"}],"about":[{"href":"https:\/\/www.agriculture-machine.com\/pt\/wp-json\/wp\/v2\/types\/product"}],"author":[{"embeddable":true,"href":"https:\/\/www.agriculture-machine.com\/pt\/wp-json\/wp\/v2\/users\/1"}],"replies":[{"embeddable":true,"href":"https:\/\/www.agriculture-machine.com\/pt\/wp-json\/wp\/v2\/comments?post=11285"}],"wp:featuredmedia":[{"embeddable":true,"href":"https:\/\/www.agriculture-machine.com\/pt\/wp-json\/wp\/v2\/media\/11289"}],"wp:attachment":[{"href":"https:\/\/www.agriculture-machine.com\/pt\/wp-json\/wp\/v2\/media?parent=11285"}],"wp:term":[{"taxonomy":"post_tag","embeddable":true,"href":"https:\/\/www.agriculture-machine.com\/pt\/wp-json\/wp\/v2\/tags?post=11285"},{"taxonomy":"product-type","embeddable":true,"href":"https:\/\/www.agriculture-machine.com\/pt\/wp-json\/wp\/v2\/product-type?post=11285"}],"curies":[{"name":"wp","href":"https:\/\/api.w.org\/{rel}","templated":true}]}}