{"id":1139,"date":"2018-10-19T09:50:54","date_gmt":"2018-10-19T01:50:54","guid":{"rendered":"https:\/\/www.agriculture-machine.com\/?p=1139"},"modified":"2024-09-23T11:38:21","modified_gmt":"2024-09-23T03:38:21","slug":"palm-kernel-cracker-machine","status":"publish","type":"product","link":"https:\/\/www.agriculture-machine.com\/pt\/palm-kernel-cracker-machine\/","title":{"rendered":"M\u00e1quina de Descascador de Caro\u00e7o de Palma"},"content":{"rendered":"<p>\u00c9 diferente processar a palma devido \u00e0 casca dura. A m\u00e1quina de descascador de caro\u00e7o de palma pode remover a casca para obter uma noz de boa qualidade. A capacidade da m\u00e1quina de descascador de caro\u00e7o de palma \u00e9 de 300-400kg\/h e possui um motor de 2,2kw, causando menos danos na noz. A m\u00e1quina tem uma malha de tela para separar a casca e as nozes. A m\u00e1quina de descascador de caro\u00e7o de palma n\u00e3o \u00e9 apenas para palma, mas tamb\u00e9m para am\u00eandoas, am\u00eandoas, nozes americanas, avel\u00e3s, etc. As m\u00e1quinas de descascador de caro\u00e7o de palma t\u00eam boas vendas na Nig\u00e9ria, Paquist\u00e3o, etc. A maioria dos clientes visita nossa f\u00e1brica para testar a m\u00e1quina de descascador de caro\u00e7o de palma com mat\u00e9ria-prima retirada do seu pa\u00eds, ficando satisfeitos com o desempenho da m\u00e1quina durante o teste.<\/p> <p><img decoding=\"async\" src=\"https:\/\/www.agriculture-machine.com\/wp-content\/uploads\/2018\/10\/Palm-Kernel-cracker-machine-5.jpg\" style=\"width:380px;margin-right:20px;float:left;\"><img decoding=\"async\" src=\"https:\/\/www.agriculture-machine.com\/wp-content\/uploads\/2018\/10\/Palm-Kernel-cracker-machine-4.jpg\" style=\"width:380px;\"><\/p>","protected":false},"excerpt":{"rendered":"<p>It different to process the palm because of hard shell. Palm kernel cracker machine can remove the shell to get good nut. Capacity for palm kernel cracker machine\u00a0is 300-400kg\/h and 2.2kw motor, less damage for nut, the machine have screen mesh to separate\u00a0the shell and nuts. Palm kernel cracker machine\u00a0is not only for palm, also [&hellip;]<\/p>\n","protected":false},"author":1,"featured_media":1142,"parent":0,"comment_status":"closed","ping_status":"closed","template":"","tags":[2638,2637],"product-type":[918,1],"class_list":["post-1139","product","type-product","status-publish","has-post-thumbnail","hentry","tag-kernel","tag-palm","product-type-almond-cracker-and-separator","product-type-other"],"_links":{"self":[{"href":"https:\/\/www.agriculture-machine.com\/pt\/wp-json\/wp\/v2\/product\/1139","targetHints":{"allow":["GET"]}}],"collection":[{"href":"https:\/\/www.agriculture-machine.com\/pt\/wp-json\/wp\/v2\/product"}],"about":[{"href":"https:\/\/www.agriculture-machine.com\/pt\/wp-json\/wp\/v2\/types\/product"}],"author":[{"embeddable":true,"href":"https:\/\/www.agriculture-machine.com\/pt\/wp-json\/wp\/v2\/users\/1"}],"replies":[{"embeddable":true,"href":"https:\/\/www.agriculture-machine.com\/pt\/wp-json\/wp\/v2\/comments?post=1139"}],"wp:featuredmedia":[{"embeddable":true,"href":"https:\/\/www.agriculture-machine.com\/pt\/wp-json\/wp\/v2\/media\/1142"}],"wp:attachment":[{"href":"https:\/\/www.agriculture-machine.com\/pt\/wp-json\/wp\/v2\/media?parent=1139"}],"wp:term":[{"taxonomy":"post_tag","embeddable":true,"href":"https:\/\/www.agriculture-machine.com\/pt\/wp-json\/wp\/v2\/tags?post=1139"},{"taxonomy":"product-type","embeddable":true,"href":"https:\/\/www.agriculture-machine.com\/pt\/wp-json\/wp\/v2\/product-type?post=1139"}],"curies":[{"name":"wp","href":"https:\/\/api.w.org\/{rel}","templated":true}]}}