{"id":11394,"date":"2021-09-07T14:23:39","date_gmt":"2021-09-07T06:23:39","guid":{"rendered":"https:\/\/www.agriculture-machine.com\/?p=11394"},"modified":"2026-02-25T17:31:26","modified_gmt":"2026-02-25T09:31:26","slug":"rice-miller-machine-small-household-rice-mill-rice-milling-machine","status":"publish","type":"product","link":"https:\/\/www.agriculture-machine.com\/pt\/rice-miller-machine-small-household-rice-mill-rice-milling-machine\/","title":{"rendered":"M\u00e1quina de moagem de arroz | Moagem de arroz dom\u00e9stica pequena | M\u00e1quina de moagem de arroz"},"content":{"rendered":"<h2 class=\"wp-block-heading\" id=\"h-introduction-of-rice-miller-machine\">Introdu\u00e7\u00e3o \u00e0 m\u00e1quina de descasque de arroz<\/h2>    <p>A m\u00e1quina de descasque de arroz \u00e9 um dispositivo que usa a for\u00e7a de equipamentos mec\u00e2nicos para descascar e branquejar o arroz integral.<\/p>    <h2 class=\"wp-block-heading\">Princ\u00edpio de funcionamento da m\u00e1quina de moagem de arroz<\/h2>    <p>Quando o arroz integral flui do funil para a c\u00e2mara de branqueamento, devido \u00e0 press\u00e3o interna do t\u00e1lio de prensagem e \u00e0 for\u00e7a mec\u00e2nica, o arroz integral \u00e9 comprimido na c\u00e2mara de branqueamento. <\/p>    <p>Ap\u00f3s fric\u00e7\u00e3o e o atrito entre o arroz integral e a roda de moagem, ou seja, pode remover rapidamente a camada de pele do arroz integral, atingindo o n\u00edvel de brancura fina medido pelo arroz branco dentro de um determinado tempo de ajuste.<\/p>    <figure class=\"wp-block-embed is-type-video is-provider-youtube wp-block-embed-youtube wp-embed-aspect-4-3 wp-has-aspect-ratio\"><div class=\"wp-block-embed__wrapper\"> <iframe loading=\"lazy\" title=\"Tipo de motor de arroz atualizado | Moinho de arroz de alta efici\u00eancia | M\u00e1quina de beneficiamento de arroz direta da f\u00e1brica\" width=\"500\" height=\"375\" src=\"https:\/\/www.youtube.com\/embed\/BxvKOok0_f4?feature=oembed\" frameborder=\"0\" allow=\"accelerometer; autoplay; clipboard-write; encrypted-media; gyroscope; picture-in-picture; web-share\" referrerpolicy=\"strict-origin-when-cross-origin\" allowfullscreen><\/iframe> <\/div><\/figure>    <h2 class=\"wp-block-heading\">Estrutura da m\u00e1quina de descasque de arroz<\/h2>    <p>A m\u00e1quina de descasque de arroz consiste em um funil, uma c\u00e2mara de beneficiamento de arroz, uma porta de descarga e uma alavanca de ajuste, etc.<\/p>    <h2 class=\"wp-block-heading\">Vantagens da m\u00e1quina de beneficiamento de arroz<\/h2>    <p>A moageira de arroz \u00e9 compacta na estrutura e bonita na apar\u00eancia. E o tamanho pequeno \u00e9 f\u00e1cil de mover. Al\u00e9m disso, o menor consumo de energia ter\u00e1 uma vida \u00fatil longa. F\u00e1cil de operar e manter. Al\u00e9m disso, v\u00e1rias variedades de arroz podem ser processadas para separar a casca do arroz e o farelo. <\/p>    <p>Geralmente, a taxa de rendimento do arroz atinge mais de 95%, e a taxa de arroz partido \u00e9 baixa. Assim, o arroz processado fica brilhante, branco, arom\u00e1tico e muito saboroso. Pequenas f\u00e1bricas de arroz dom\u00e9sticas tamb\u00e9m podem ser usadas para a descascagem de milho, trigo, cevada, feij\u00e3o mungo, trigo sarraceno e caf\u00e9. <\/p>    <p>Thus, it becomes a good machine for individual households, urban supermarkets, grain shops, farmers&#8217; markets, etc., for on-site processing.<\/p>    <h2 class=\"wp-block-heading\">Modelos de moinho de arroz <\/h2>    <p>Agora temos tr\u00eas diferentes classes de moinhos de arroz, nomeadamente o modelo b\u00e1sico, o modelo atualizado e o modelo mais recente.<\/p>    <p>The basic model can meet daily production needs, but the upgraded model has been upgraded in color and function. The broken rice rate is low, so the rice milling efficiency is higher, and the performance is better. What&#8217;s more, the latest model adds the stone removal function compared to the upgraded model. <\/p>    <p>Porque, uma vez que objetos duros como pedras ou blocos de ferro entram na sala de moagem do arroz, causam danos irrevers\u00edveis \u00e0s pe\u00e7as de trabalho da sala de moagem, reduzindo assim a vida \u00fatil da m\u00e1quina de moer arroz. <\/p>    <p>Assim, o aumento das pe\u00e7as de remo\u00e7\u00e3o de pedras do \u00faltimo moinho de arroz pode reduzir esse tipo de dano e prolongar sua vida \u00fatil. Ao mesmo tempo, far\u00e1 com que o arroz mo\u00eddo seja mais transl\u00facido e branco.<\/p>    <h3 class=\"wp-block-heading\">O modelo b\u00e1sico<\/h3>    <figure class=\"wp-block-gallery has-nested-images columns-2 is-cropped wp-block-gallery-2 is-layout-flex wp-block-gallery-is-layout-flex\"> <figure class=\"wp-block-image size-large\"><a href=\"https:\/\/www.agriculture-machine.com\/wp-content\/uploads\/2021\/09\/the-basic-model-rice-miller-machine-40x.jpg\"><img loading=\"lazy\" decoding=\"async\" width=\"720\" height=\"540\" data-id=\"11410\" src=\"https:\/\/www.agriculture-machine.com\/wp-content\/uploads\/2021\/09\/the-basic-model-rice-miller-machine-40x.jpg\" alt=\"modelo b\u00e1sico de m\u00e1quina de descasque de arroz 40x\" class=\"wp-image-11410\" srcset=\"https:\/\/www.agriculture-machine.com\/wp-content\/uploads\/2021\/09\/the-basic-model-rice-miller-machine-40x.jpg 720w, https:\/\/www.agriculture-machine.com\/wp-content\/uploads\/2021\/09\/the-basic-model-rice-miller-machine-40x-360x270.jpg 360w, https:\/\/www.agriculture-machine.com\/wp-content\/uploads\/2021\/09\/the-basic-model-rice-miller-machine-40x-240x180.jpg 240w\" sizes=\"auto, (max-width: 720px) 100vw, 720px\" \/><\/a><figcaption class=\"wp-element-caption\">modelo b\u00e1sico de m\u00e1quina de descasque de arroz 40x<\/figcaption><\/figure>    <figure class=\"wp-block-image size-large\"><a href=\"https:\/\/www.agriculture-machine.com\/wp-content\/uploads\/2021\/09\/the-basic-model-rice-mill-40B.jpg\"><img loading=\"lazy\" decoding=\"async\" width=\"720\" height=\"540\" data-id=\"11409\" src=\"https:\/\/www.agriculture-machine.com\/wp-content\/uploads\/2021\/09\/the-basic-model-rice-mill-40B.jpg\" alt=\"moinho de arroz do modelo b\u00e1sico 40B\" class=\"wp-image-11409\" srcset=\"https:\/\/www.agriculture-machine.com\/wp-content\/uploads\/2021\/09\/the-basic-model-rice-mill-40B.jpg 720w, https:\/\/www.agriculture-machine.com\/wp-content\/uploads\/2021\/09\/the-basic-model-rice-mill-40B-360x270.jpg 360w, https:\/\/www.agriculture-machine.com\/wp-content\/uploads\/2021\/09\/the-basic-model-rice-mill-40B-240x180.jpg 240w\" sizes=\"auto, (max-width: 720px) 100vw, 720px\" \/><\/a><figcaption class=\"wp-element-caption\">moinho de arroz do modelo b\u00e1sico 40B<\/figcaption><\/figure>    <figure class=\"wp-block-image size-large\"><a href=\"https:\/\/www.agriculture-machine.com\/wp-content\/uploads\/2021\/09\/The-basic-model-rice-milling-machine-80.jpg\"><img loading=\"lazy\" decoding=\"async\" width=\"720\" height=\"540\" data-id=\"11411\" src=\"https:\/\/www.agriculture-machine.com\/wp-content\/uploads\/2021\/09\/The-basic-model-rice-milling-machine-80.jpg\" alt=\"M\u00e1quina de beneficiamento de arroz do modelo b\u00e1sico 80\" class=\"wp-image-11411\" srcset=\"https:\/\/www.agriculture-machine.com\/wp-content\/uploads\/2021\/09\/The-basic-model-rice-milling-machine-80.jpg 720w, https:\/\/www.agriculture-machine.com\/wp-content\/uploads\/2021\/09\/The-basic-model-rice-milling-machine-80-360x270.jpg 360w, https:\/\/www.agriculture-machine.com\/wp-content\/uploads\/2021\/09\/The-basic-model-rice-milling-machine-80-240x180.jpg 240w\" sizes=\"auto, (max-width: 720px) 100vw, 720px\" \/><\/a><figcaption class=\"wp-element-caption\">M\u00e1quina de beneficiamento de arroz do modelo b\u00e1sico 80<\/figcaption><\/figure>    <figure class=\"wp-block-image size-large\"><a href=\"https:\/\/www.agriculture-machine.com\/wp-content\/uploads\/2021\/09\/the-basic-model-Direct-connected-rice-mill.jpg\"><img loading=\"lazy\" decoding=\"async\" width=\"720\" height=\"540\" data-id=\"11408\" src=\"https:\/\/www.agriculture-machine.com\/wp-content\/uploads\/2021\/09\/the-basic-model-Direct-connected-rice-mill.jpg\" alt=\"moinho de arroz de liga\u00e7\u00e3o direta do modelo b\u00e1sico\" class=\"wp-image-11408\" srcset=\"https:\/\/www.agriculture-machine.com\/wp-content\/uploads\/2021\/09\/the-basic-model-Direct-connected-rice-mill.jpg 720w, https:\/\/www.agriculture-machine.com\/wp-content\/uploads\/2021\/09\/the-basic-model-Direct-connected-rice-mill-360x270.jpg 360w, https:\/\/www.agriculture-machine.com\/wp-content\/uploads\/2021\/09\/the-basic-model-Direct-connected-rice-mill-240x180.jpg 240w\" sizes=\"auto, (max-width: 720px) 100vw, 720px\" \/><\/a><figcaption class=\"wp-element-caption\">moinho de arroz de liga\u00e7\u00e3o direta do modelo b\u00e1sico<\/figcaption><\/figure> <\/figure>    <h3 class=\"wp-block-heading\">O modelo atualizado<\/h3>    <figure class=\"wp-block-gallery has-nested-images columns-default is-cropped wp-block-gallery-3 is-layout-flex wp-block-gallery-is-layout-flex\"> <figure class=\"wp-block-image size-large\"><a href=\"https:\/\/www.agriculture-machine.com\/wp-content\/uploads\/2021\/09\/The-upgraded-model-rice-mill.jpg\"><img loading=\"lazy\" decoding=\"async\" width=\"720\" height=\"540\" data-id=\"11415\" src=\"https:\/\/www.agriculture-machine.com\/wp-content\/uploads\/2021\/09\/The-upgraded-model-rice-mill.jpg\" alt=\"Modelo atualizado de moinho de arroz\" class=\"wp-image-11415\" srcset=\"https:\/\/www.agriculture-machine.com\/wp-content\/uploads\/2021\/09\/The-upgraded-model-rice-mill.jpg 720w, https:\/\/www.agriculture-machine.com\/wp-content\/uploads\/2021\/09\/The-upgraded-model-rice-mill-360x270.jpg 360w, https:\/\/www.agriculture-machine.com\/wp-content\/uploads\/2021\/09\/The-upgraded-model-rice-mill-240x180.jpg 240w\" sizes=\"auto, (max-width: 720px) 100vw, 720px\" \/><\/a><figcaption class=\"wp-element-caption\">Modelo atualizado de moinho de arroz<\/figcaption><\/figure>    <figure class=\"wp-block-image size-large\"><a href=\"https:\/\/www.agriculture-machine.com\/wp-content\/uploads\/2021\/09\/Upgraded-rice-mill-with-grinding-and-refining-function.jpg\"><img loading=\"lazy\" decoding=\"async\" width=\"720\" height=\"540\" data-id=\"11416\" src=\"https:\/\/www.agriculture-machine.com\/wp-content\/uploads\/2021\/09\/Upgraded-rice-mill-with-grinding-and-refining-function.jpg\" alt=\"Modelo atualizado de moinho de arroz com fun\u00e7\u00e3o de moagem e refino\" class=\"wp-image-11416\" srcset=\"https:\/\/www.agriculture-machine.com\/wp-content\/uploads\/2021\/09\/Upgraded-rice-mill-with-grinding-and-refining-function.jpg 720w, https:\/\/www.agriculture-machine.com\/wp-content\/uploads\/2021\/09\/Upgraded-rice-mill-with-grinding-and-refining-function-360x270.jpg 360w, https:\/\/www.agriculture-machine.com\/wp-content\/uploads\/2021\/09\/Upgraded-rice-mill-with-grinding-and-refining-function-240x180.jpg 240w\" sizes=\"auto, (max-width: 720px) 100vw, 720px\" \/><\/a><figcaption class=\"wp-element-caption\">Modelo atualizado de moinho de arroz com fun\u00e7\u00e3o de moagem e refino<\/figcaption><\/figure> <\/figure>    <h3 class=\"wp-block-heading\">O modelo mais recente<\/h3>    <figure class=\"wp-block-gallery has-nested-images columns-default is-cropped wp-block-gallery-4 is-layout-flex wp-block-gallery-is-layout-flex\"> <figure class=\"wp-block-image size-large\"><a href=\"https:\/\/www.agriculture-machine.com\/wp-content\/uploads\/2021\/09\/The-latest-model-rice-mill-with-stone-remover.jpg\"><img loading=\"lazy\" decoding=\"async\" width=\"720\" height=\"540\" data-id=\"11417\" src=\"https:\/\/www.agriculture-machine.com\/wp-content\/uploads\/2021\/09\/The-latest-model-rice-mill-with-stone-remover.jpg\" alt=\"O modelo mais recente de moinho de arroz com removedor de pedras\" class=\"wp-image-11417\" srcset=\"https:\/\/www.agriculture-machine.com\/wp-content\/uploads\/2021\/09\/The-latest-model-rice-mill-with-stone-remover.jpg 720w, https:\/\/www.agriculture-machine.com\/wp-content\/uploads\/2021\/09\/The-latest-model-rice-mill-with-stone-remover-360x270.jpg 360w, https:\/\/www.agriculture-machine.com\/wp-content\/uploads\/2021\/09\/The-latest-model-rice-mill-with-stone-remover-240x180.jpg 240w\" sizes=\"auto, (max-width: 720px) 100vw, 720px\" \/><\/a><figcaption class=\"wp-element-caption\">O modelo mais recente de moinho de arroz com removedor de pedras<\/figcaption><\/figure>    <figure class=\"wp-block-image size-large\"><a href=\"https:\/\/www.agriculture-machine.com\/wp-content\/uploads\/2021\/09\/The-latest-model-rice-milling-machine-with-stone-remover.jpg\"><img loading=\"lazy\" decoding=\"async\" width=\"720\" height=\"540\" data-id=\"11413\" src=\"https:\/\/www.agriculture-machine.com\/wp-content\/uploads\/2021\/09\/The-latest-model-rice-milling-machine-with-stone-remover.jpg\" alt=\"O modelo mais recente de m\u00e1quina de beneficiamento de arroz com removedor de pedras\" class=\"wp-image-11413\" srcset=\"https:\/\/www.agriculture-machine.com\/wp-content\/uploads\/2021\/09\/The-latest-model-rice-milling-machine-with-stone-remover.jpg 720w, https:\/\/www.agriculture-machine.com\/wp-content\/uploads\/2021\/09\/The-latest-model-rice-milling-machine-with-stone-remover-360x270.jpg 360w, https:\/\/www.agriculture-machine.com\/wp-content\/uploads\/2021\/09\/The-latest-model-rice-milling-machine-with-stone-remover-240x180.jpg 240w\" sizes=\"auto, (max-width: 720px) 100vw, 720px\" \/><\/a><figcaption class=\"wp-element-caption\">O modelo mais recente de m\u00e1quina de beneficiamento de arroz com removedor de pedras<\/figcaption><\/figure> <\/figure>    <h2 class=\"wp-block-heading\" id=\"h-working-video-of-rice-mill\">V\u00eddeo de funcionamento do moinho de arroz<\/h2>    <figure class=\"wp-block-embed is-type-video is-provider-youtube wp-block-embed-youtube wp-embed-aspect-4-3 wp-has-aspect-ratio\"><div class=\"wp-block-embed__wrapper\"> <iframe loading=\"lazy\" title=\"Moinho de arroz movido a gasolina | m\u00e1quina de beneficiamento de arroz | moinho de arroz | moinho de alta efici\u00eancia\" width=\"500\" height=\"375\" src=\"https:\/\/www.youtube.com\/embed\/qViU3o8LdnQ?feature=oembed\" frameborder=\"0\" allow=\"accelerometer; autoplay; clipboard-write; encrypted-media; gyroscope; picture-in-picture; web-share\" referrerpolicy=\"strict-origin-when-cross-origin\" allowfullscreen><\/iframe> <\/div><\/figure>    <h2 class=\"wp-block-heading\">Par\u00e2metros do moinho de arroz<\/h2>    <figure class=\"wp-block-table\"><table><tbody><tr><td>Modelo <\/td><td>Tipo 80 de moinho de arroz<\/td><\/tr><tr><td>Velocidade do eixo <\/td><td>1600r\/min<\/td><\/tr><tr><td>Di\u00e2metro do rolo do medidor<\/td><td>80mm<\/td><\/tr><tr><td>Produtividade<\/td><td>\u2265150kg\/h<\/td><\/tr><tr><td>Taxa de produ\u00e7\u00e3o de arroz<\/td><td>\u226565%<\/td><\/tr><tr><td>Taxa de arroz quebrado<\/td><td>\u226430%<\/td><\/tr><tr><td>Consumo de eletricidade por tonelada de material <\/td><td>\u226412KW.h\/t<\/td><\/tr><tr><td>Tens\u00e3o<\/td><td>220v<\/td><\/tr><tr><td>Pot\u00eancia nominal <\/td><td>2,2KW<\/td><\/tr><tr><td>Acess\u00f3rios <\/td><td>Funil de entrada e sa\u00edda, roda do motor, correia em V<\/td><\/tr><tr><td>Dimens\u00f5es (mm) <\/td><td>670x400x1090<\/td><\/tr><tr><td>Tamanho da embalagem (mm) <\/td><td>590x660x340<\/td><\/tr><tr><td>Peso<\/td><td>30kg<\/td><\/tr><\/tbody><\/table><\/figure>    <h2 class=\"wp-block-heading\">Configura\u00e7\u00f5es diferentes de moinho de arroz<\/h2>    <p>Tamb\u00e9m pode adicionar um dispositivo de remo\u00e7\u00e3o de poeira Shakron e um dispositivo de alimenta\u00e7\u00e3o por suc\u00e7\u00e3o autom\u00e1tica de acordo com as suas necessidades. Al\u00e9m disso, se a eletricidade n\u00e3o for conveniente, tamb\u00e9m pode ser equipado com motor a gasolina.<\/p>    <figure class=\"wp-block-gallery has-nested-images columns-default is-cropped wp-block-gallery-5 is-layout-flex wp-block-gallery-is-layout-flex\"> <figure class=\"wp-block-image size-large\"><a href=\"https:\/\/www.agriculture-machine.com\/wp-content\/uploads\/2021\/09\/Rice-mill-with-Shacron-dust-removal-device.jpg\"><img loading=\"lazy\" decoding=\"async\" width=\"720\" height=\"540\" data-id=\"11418\" src=\"https:\/\/www.agriculture-machine.com\/wp-content\/uploads\/2021\/09\/Rice-mill-with-Shacron-dust-removal-device.jpg\" alt=\"Moinho de arroz com dispositivo de remo\u00e7\u00e3o de poeira Shakron\" class=\"wp-image-11418\" srcset=\"https:\/\/www.agriculture-machine.com\/wp-content\/uploads\/2021\/09\/Rice-mill-with-Shacron-dust-removal-device.jpg 720w, https:\/\/www.agriculture-machine.com\/wp-content\/uploads\/2021\/09\/Rice-mill-with-Shacron-dust-removal-device-360x270.jpg 360w, https:\/\/www.agriculture-machine.com\/wp-content\/uploads\/2021\/09\/Rice-mill-with-Shacron-dust-removal-device-240x180.jpg 240w\" sizes=\"auto, (max-width: 720px) 100vw, 720px\" \/><\/a><figcaption class=\"wp-element-caption\">Moinho de arroz com dispositivo de remo\u00e7\u00e3o de poeira Shackron<\/figcaption><\/figure> <\/figure>","protected":false},"excerpt":{"rendered":"<p>Introduction of rice miller machine The rice miller machine is a device that uses the force of mechanical equipment to peel and whitens brown rice. Working principle of the rice miller machine When the brown rice flows from the hopper into the whitening chamber, due to the internal pressure of the pressing thallium and the [&hellip;]<\/p>\n","protected":false},"author":1,"featured_media":11421,"parent":0,"comment_status":"closed","ping_status":"closed","template":"","tags":[796],"product-type":[875],"class_list":["post-11394","product","type-product","status-publish","has-post-thumbnail","hentry","tag-rice","product-type-rice-mill-category"],"_links":{"self":[{"href":"https:\/\/www.agriculture-machine.com\/pt\/wp-json\/wp\/v2\/product\/11394","targetHints":{"allow":["GET"]}}],"collection":[{"href":"https:\/\/www.agriculture-machine.com\/pt\/wp-json\/wp\/v2\/product"}],"about":[{"href":"https:\/\/www.agriculture-machine.com\/pt\/wp-json\/wp\/v2\/types\/product"}],"author":[{"embeddable":true,"href":"https:\/\/www.agriculture-machine.com\/pt\/wp-json\/wp\/v2\/users\/1"}],"replies":[{"embeddable":true,"href":"https:\/\/www.agriculture-machine.com\/pt\/wp-json\/wp\/v2\/comments?post=11394"}],"wp:featuredmedia":[{"embeddable":true,"href":"https:\/\/www.agriculture-machine.com\/pt\/wp-json\/wp\/v2\/media\/11421"}],"wp:attachment":[{"href":"https:\/\/www.agriculture-machine.com\/pt\/wp-json\/wp\/v2\/media?parent=11394"}],"wp:term":[{"taxonomy":"post_tag","embeddable":true,"href":"https:\/\/www.agriculture-machine.com\/pt\/wp-json\/wp\/v2\/tags?post=11394"},{"taxonomy":"product-type","embeddable":true,"href":"https:\/\/www.agriculture-machine.com\/pt\/wp-json\/wp\/v2\/product-type?post=11394"}],"curies":[{"name":"wp","href":"https:\/\/api.w.org\/{rel}","templated":true}]}}