{"id":11439,"date":"2021-09-10T11:36:56","date_gmt":"2021-09-10T03:36:56","guid":{"rendered":"https:\/\/www.agriculture-machine.com\/?p=11439"},"modified":"2024-09-18T15:52:14","modified_gmt":"2024-09-18T07:52:14","slug":"combined-rice-mill-rice-milling-and-crushing-machine","status":"publish","type":"product","link":"https:\/\/www.agriculture-machine.com\/pt\/combined-rice-mill-rice-milling-and-crushing-machine\/","title":{"rendered":"Moinho de arroz combinado | M\u00e1quina de descasque e tritura\u00e7\u00e3o de arroz"},"content":{"rendered":"<h2 class=\"wp-block-heading\" id=\"h-introduction-of-rice-milling-and-crushing-combined-machine\">Introdu\u00e7\u00e3o \u00e0 m\u00e1quina combinada de moagem e tritura\u00e7\u00e3o de arroz<\/h2>    <p>O moinho de arroz combinado adiciona um triturador \u00e0 m\u00e1quina de moagem de arroz, de modo que uma m\u00e1quina tenha duas fun\u00e7\u00f5es diferentes. Assim, n\u00e3o s\u00f3 pode usar uma m\u00e1quina para m\u00faltiplos prop\u00f3sitos, mas tamb\u00e9m reduzir o custo de produ\u00e7\u00e3o dos clientes.<\/p>    <figure class=\"wp-block-embed is-type-video is-provider-youtube wp-block-embed-youtube wp-embed-aspect-16-9 wp-has-aspect-ratio\"><div class=\"wp-block-embed__wrapper\"> <iframe loading=\"lazy\" title=\"M\u00e1quina combinada de moagem e tritura\u00e7\u00e3o de arroz tipo arm\u00e1rio | moinho de arroz combinado de f\u00e1cil armazenamento\" width=\"500\" height=\"281\" src=\"https:\/\/www.youtube.com\/embed\/Tc7TcedbRMQ?feature=oembed\" frameborder=\"0\" allow=\"accelerometer; autoplay; clipboard-write; encrypted-media; gyroscope; picture-in-picture; web-share\" referrerpolicy=\"strict-origin-when-cross-origin\" allowfullscreen><\/iframe> <\/div><figcaption class=\"wp-element-caption\">local de trabalho da m\u00e1quina de arroz combinado<\/figcaption><\/figure>    <p class=\"translation-block\">Ao mesmo tempo, duas m\u00e1quinas usam um motor, o que \u00e9 mais eficiente. \u00c9 adequado para triturar milho, soja, pimenta, materiais medicinais, especiarias, etc. Portanto <a href=\"https:\/\/www.agriculture-machine.com\/pt\/uses-and-maintenance-of-rice-mill-machine\/\">\u00e9 amplamente utilizado<\/a> em f\u00e1bricas, resid\u00eancias rurais, f\u00e1bricas de ra\u00e7\u00e3o, pequenas empresas e outros locais. Al\u00e9m disso, os clientes podem escolher diferentes modelos e diferentes capacidades de acordo com suas necessidades.<\/p>    <h2 class=\"wp-block-heading\">Estrutura da m\u00e1quina de moagem e tritura\u00e7\u00e3o combinada<\/h2>    <p>A m\u00e1quina \u00e9 composta principalmente por quatro partes: m\u00e1quina de arroz, moedor, motor e estrutura. O moinho de arroz combinado \u00e9 composto por uma tampa de m\u00e1quina, um rolo de arroz, uma peneira de arroz, uma l\u00e2mina, um alimentador, um separador, uma polia e um dispositivo de ajuste. O triturador \u00e9 composto por uma cuba de alimenta\u00e7\u00e3o, uma c\u00e2mara de tritura\u00e7\u00e3o, uma porta de descarga, uma estrutura e outras partes.<\/p>    <figure class=\"wp-block-gallery has-nested-images columns-2 is-cropped wp-block-gallery-2 is-layout-flex wp-block-gallery-is-layout-flex\"> <figure class=\"wp-block-image size-large\"><a href=\"https:\/\/www.agriculture-machine.com\/wp-content\/uploads\/2021\/09\/structure-of-the-rice-mill-part-of-the-combined-rice-mill.jpg\"><img loading=\"lazy\" decoding=\"async\" width=\"720\" height=\"540\" data-id=\"11445\" src=\"https:\/\/www.agriculture-machine.com\/wp-content\/uploads\/2021\/09\/structure-of-the-rice-mill-part-of-the-combined-rice-mill.jpg\" alt=\"estrutura-da-parte-do-moinho-de-arroz-do-moinho-de-arroz-combinado\" class=\"wp-image-11445\" srcset=\"https:\/\/www.agriculture-machine.com\/wp-content\/uploads\/2021\/09\/structure-of-the-rice-mill-part-of-the-combined-rice-mill.jpg 720w, https:\/\/www.agriculture-machine.com\/wp-content\/uploads\/2021\/09\/structure-of-the-rice-mill-part-of-the-combined-rice-mill-360x270.jpg 360w, https:\/\/www.agriculture-machine.com\/wp-content\/uploads\/2021\/09\/structure-of-the-rice-mill-part-of-the-combined-rice-mill-240x180.jpg 240w\" sizes=\"auto, (max-width: 720px) 100vw, 720px\" \/><\/a><figcaption class=\"wp-element-caption\">moinho de arroz combinado<\/figcaption><\/figure>    <figure class=\"wp-block-image size-large\"><a href=\"https:\/\/www.agriculture-machine.com\/wp-content\/uploads\/2021\/09\/structure-of-the-rice-mill-part-of-the-rice-milling-and-crushing-machine.jpg\"><img loading=\"lazy\" decoding=\"async\" width=\"720\" height=\"540\" data-id=\"11446\" src=\"https:\/\/www.agriculture-machine.com\/wp-content\/uploads\/2021\/09\/structure-of-the-rice-mill-part-of-the-rice-milling-and-crushing-machine.jpg\" alt=\"estrutura-da-parte-do-moinho-de-arroz-do-moinho-de-arroz-e-triturador\" class=\"wp-image-11446\" srcset=\"https:\/\/www.agriculture-machine.com\/wp-content\/uploads\/2021\/09\/structure-of-the-rice-mill-part-of-the-rice-milling-and-crushing-machine.jpg 720w, https:\/\/www.agriculture-machine.com\/wp-content\/uploads\/2021\/09\/structure-of-the-rice-mill-part-of-the-rice-milling-and-crushing-machine-360x270.jpg 360w, https:\/\/www.agriculture-machine.com\/wp-content\/uploads\/2021\/09\/structure-of-the-rice-mill-part-of-the-rice-milling-and-crushing-machine-240x180.jpg 240w\" sizes=\"auto, (max-width: 720px) 100vw, 720px\" \/><\/a><figcaption class=\"wp-element-caption\">m\u00e1quina de moagem de arroz<\/figcaption><\/figure>    <figure class=\"wp-block-image size-large\"><a href=\"https:\/\/www.agriculture-machine.com\/wp-content\/uploads\/2021\/09\/structure-of-the-crushing-part-of-the-combined-rice-mill-1.jpg\"><img loading=\"lazy\" decoding=\"async\" width=\"720\" height=\"540\" data-id=\"11449\" src=\"https:\/\/www.agriculture-machine.com\/wp-content\/uploads\/2021\/09\/structure-of-the-crushing-part-of-the-combined-rice-mill-1.jpg\" alt=\"estrutura-da-parte-de-tritura\u00e7\u00e3o-do-moinho-de-arroz-combinado-1\" class=\"wp-image-11449\" srcset=\"https:\/\/www.agriculture-machine.com\/wp-content\/uploads\/2021\/09\/structure-of-the-crushing-part-of-the-combined-rice-mill-1.jpg 720w, https:\/\/www.agriculture-machine.com\/wp-content\/uploads\/2021\/09\/structure-of-the-crushing-part-of-the-combined-rice-mill-1-360x270.jpg 360w, https:\/\/www.agriculture-machine.com\/wp-content\/uploads\/2021\/09\/structure-of-the-crushing-part-of-the-combined-rice-mill-1-240x180.jpg 240w\" sizes=\"auto, (max-width: 720px) 100vw, 720px\" \/><\/a><figcaption class=\"wp-element-caption\">m\u00e1quina de processamento de arroz parboilizado<\/figcaption><\/figure>    <figure class=\"wp-block-image size-large\"><a href=\"https:\/\/www.agriculture-machine.com\/wp-content\/uploads\/2021\/09\/structure-of-the-crushing-part-of-the-rice-milling-and-crushing-machine.jpg\"><img loading=\"lazy\" decoding=\"async\" width=\"720\" height=\"540\" data-id=\"11450\" src=\"https:\/\/www.agriculture-machine.com\/wp-content\/uploads\/2021\/09\/structure-of-the-crushing-part-of-the-rice-milling-and-crushing-machine.jpg\" alt=\"estrutura-da-parte-de-tritura\u00e7\u00e3o-do-moinho-de-arroz-e-triturador\" class=\"wp-image-11450\" srcset=\"https:\/\/www.agriculture-machine.com\/wp-content\/uploads\/2021\/09\/structure-of-the-crushing-part-of-the-rice-milling-and-crushing-machine.jpg 720w, https:\/\/www.agriculture-machine.com\/wp-content\/uploads\/2021\/09\/structure-of-the-crushing-part-of-the-rice-milling-and-crushing-machine-360x270.jpg 360w, https:\/\/www.agriculture-machine.com\/wp-content\/uploads\/2021\/09\/structure-of-the-crushing-part-of-the-rice-milling-and-crushing-machine-240x180.jpg 240w\" sizes=\"auto, (max-width: 720px) 100vw, 720px\" \/><\/a><figcaption class=\"wp-element-caption\">m\u00e1quina de fazer arroz branco<\/figcaption><\/figure> <\/figure>    <h2 class=\"wp-block-heading\">Vantagens do moinho de arroz combinado <\/h2>    <ol class=\"wp-block-list\"> <li>A parte de moagem de arroz desta m\u00e1quina pode processar arroz em arroz de uma s\u00f3 vez, e completar a separa\u00e7\u00e3o de arroz, casca e arroz partido ao mesmo tempo. A parte triturada pode ser usada para triturar arroz, milho, sorgo, feij\u00e3o, batatas e caules.<\/li>    <li>A estrutura \u00e9 feita de materiais de alta qualidade, chapa de a\u00e7o espessa, resistente e dur\u00e1vel, bonita e elegante.<\/li>    <li>Motor excelente, com pot\u00eancia forte e est\u00e1vel.<\/li>    <li>Este moinho de arroz combinado possui as vantagens de uma estrutura razo\u00e1vel, modelo compacto, opera\u00e7\u00e3o simples, manuten\u00e7\u00e3o conveniente, velocidade de moagem r\u00e1pida, baixo consumo de energia, seguran\u00e7a e confiabilidade.<\/li>    <li>A c\u00e2mara de moagem de arroz adota fundi\u00e7\u00e3o monobloco e o design de suporte em ambas as extremidades torna o rolo de arroz mais est\u00e1vel, reduz efetivamente a taxa de arroz partido e prolonga a vida \u00fatil do rolo de arroz.<\/li>    <li>O design do moinho de arroz suportado em ambas as extremidades torna o rolo de arroz mais est\u00e1vel durante a opera\u00e7\u00e3o, reduz efetivamente a taxa de arroz partido e prolonga a vida \u00fatil do rolo de arroz.<\/li>    <li>As facas tradicionais de arroz s\u00e3o substitu\u00eddas por rolos de arroz, feitos de a\u00e7o inoxid\u00e1vel, com desempenho superior. O tubo do ventilador de a\u00e7o \u00e9 mais dur\u00e1vel, n\u00e3o quebra facilmente e tem uma longa vida \u00fatil.<\/li>    <li>Pode escolher o tamanho da folga da peneira de arroz para instala\u00e7\u00e3o.<\/li> <\/ol>    <h2 class=\"wp-block-heading\">Princ\u00edpio de funcionamento da m\u00e1quina de moagem e tritura\u00e7\u00e3o de arroz<\/h2>    <h3 class=\"wp-block-heading\">Parte de moagem de arroz:<\/h3>    <p>O arroz entra na c\u00e2mara de moagem atrav\u00e9s do alimentador, e depois o arroz \u00e9 pressionado por rolamentos e l\u00e2minas de arroz. Nesta etapa, o arroz ser\u00e1 descascado e descarregado na porta de descarga. <\/p>    <p>O design exclusivo da porta de descarga separa o arroz integral do arroz partido. Ao mesmo tempo, a casca do arroz partido entra na bolsa de casca atrav\u00e9s da tela, e o usu\u00e1rio pode usar o p\u00f3 de casca como ra\u00e7\u00e3o.<\/p>    <figure class=\"wp-block-gallery has-nested-images columns-default is-cropped wp-block-gallery-3 is-layout-flex wp-block-gallery-is-layout-flex\"> <figure class=\"wp-block-image size-large\"><a href=\"https:\/\/www.agriculture-machine.com\/wp-content\/uploads\/2021\/09\/The-rice-milling-part-of-the-combined-rice-mill-scaled.jpg\"><img loading=\"lazy\" decoding=\"async\" width=\"720\" height=\"480\" data-id=\"11531\" src=\"https:\/\/www.agriculture-machine.com\/wp-content\/uploads\/2021\/09\/The-rice-milling-part-of-the-combined-rice-mill-720x480.jpg\" alt=\"A parte de moagem do arroz do moinho de arroz combinado\" class=\"wp-image-11531\" srcset=\"https:\/\/www.agriculture-machine.com\/wp-content\/uploads\/2021\/09\/The-rice-milling-part-of-the-combined-rice-mill-720x480.jpg 720w, https:\/\/www.agriculture-machine.com\/wp-content\/uploads\/2021\/09\/The-rice-milling-part-of-the-combined-rice-mill-360x240.jpg 360w, https:\/\/www.agriculture-machine.com\/wp-content\/uploads\/2021\/09\/The-rice-milling-part-of-the-combined-rice-mill-768x512.jpg 768w, https:\/\/www.agriculture-machine.com\/wp-content\/uploads\/2021\/09\/The-rice-milling-part-of-the-combined-rice-mill-1536x1024.jpg 1536w, https:\/\/www.agriculture-machine.com\/wp-content\/uploads\/2021\/09\/The-rice-milling-part-of-the-combined-rice-mill-2048x1365.jpg 2048w\" sizes=\"auto, (max-width: 720px) 100vw, 720px\" \/><\/a><figcaption class=\"wp-element-caption\">Parte de moagem de arroz <\/figcaption><\/figure> <\/figure>    <h3 class=\"wp-block-heading\">Parte de tritura\u00e7\u00e3o:<\/h3>    <p>A mat\u00e9ria-prima \u00e9 constantemente atingida na disco de engrenagem de alta velocidade e depois torna-se em p\u00f3. E usa telas de tamanhos diferentes para controlar o tamanho das part\u00edculas do p\u00f3.<\/p>    <figure class=\"wp-block-gallery has-nested-images columns-default is-cropped wp-block-gallery-4 is-layout-flex wp-block-gallery-is-layout-flex\"> <figure class=\"wp-block-image size-large\"><a href=\"https:\/\/www.agriculture-machine.com\/wp-content\/uploads\/2021\/09\/The-crushing-part-of-the-combined-rice-mill-scaled.jpg\"><img loading=\"lazy\" decoding=\"async\" width=\"720\" height=\"540\" data-id=\"11532\" src=\"https:\/\/www.agriculture-machine.com\/wp-content\/uploads\/2021\/09\/The-crushing-part-of-the-combined-rice-mill-720x540.jpg\" alt=\"A parte de tritura\u00e7\u00e3o do moinho de arroz combinado\" class=\"wp-image-11532\" srcset=\"https:\/\/www.agriculture-machine.com\/wp-content\/uploads\/2021\/09\/The-crushing-part-of-the-combined-rice-mill-720x540.jpg 720w, https:\/\/www.agriculture-machine.com\/wp-content\/uploads\/2021\/09\/The-crushing-part-of-the-combined-rice-mill-360x270.jpg 360w, https:\/\/www.agriculture-machine.com\/wp-content\/uploads\/2021\/09\/The-crushing-part-of-the-combined-rice-mill-240x180.jpg 240w, https:\/\/www.agriculture-machine.com\/wp-content\/uploads\/2021\/09\/The-crushing-part-of-the-combined-rice-mill-768x576.jpg 768w, https:\/\/www.agriculture-machine.com\/wp-content\/uploads\/2021\/09\/The-crushing-part-of-the-combined-rice-mill-1536x1152.jpg 1536w, https:\/\/www.agriculture-machine.com\/wp-content\/uploads\/2021\/09\/The-crushing-part-of-the-combined-rice-mill-2048x1536.jpg 2048w\" sizes=\"auto, (max-width: 720px) 100vw, 720px\" \/><\/a><figcaption class=\"wp-element-caption\">Parte de tritura\u00e7\u00e3o<\/figcaption><\/figure> <\/figure>    <h2 class=\"wp-block-heading\">V\u00eddeo de trabalho do moinho de arroz<\/h2>    <figure class=\"wp-block-embed is-type-video is-provider-youtube wp-block-embed-youtube wp-embed-aspect-16-9 wp-has-aspect-ratio\"><div class=\"wp-block-embed__wrapper\"> <iframe loading=\"lazy\" title=\"Moinho de arroz combinado | m\u00e1quina de moagem e tritura\u00e7\u00e3o de arroz | m\u00e1quina de moagem e tritura\u00e7\u00e3o de arroz\" width=\"500\" height=\"281\" src=\"https:\/\/www.youtube.com\/embed\/ZmceG6M6LfY?feature=oembed\" frameborder=\"0\" allow=\"accelerometer; autoplay; clipboard-write; encrypted-media; gyroscope; picture-in-picture; web-share\" referrerpolicy=\"strict-origin-when-cross-origin\" allowfullscreen><\/iframe> <\/div><figcaption class=\"wp-element-caption\">processo integrado de moagem de arroz parboilizado<\/figcaption><\/figure>    <h2 class=\"wp-block-heading\">Par\u00e2metro do moinho de arroz combinado<\/h2>    <figure class=\"wp-block-table is-style-stripes\"><table><tbody><tr><td>Modelo<\/td><td>moinho de arroz combinado 6N80-9FZ23<\/td><\/tr><tr><td>Velocidade nominal do motor <\/td><td>1600r\/min<br><\/td><\/tr><tr><td>Di\u00e2metro do rolo do medidor <\/td><td>80mm<\/td><\/tr><tr><td>Produtividade da m\u00e1quina de arroz <\/td><td>\u2265150kg\/h<\/td><\/tr><tr><td>Taxa de produ\u00e7\u00e3o de arroz <\/td><td>\u226565%<\/td><\/tr><tr><td>Taxa de arroz quebrado <\/td><td>\u226430%<\/td><\/tr><tr><td>Di\u00e2metro do anel de peneira <\/td><td>\u2265150kg\/h<\/td><\/tr><tr><td>Di\u00e2metro do rotor <\/td><td>230mm<\/td><\/tr><tr><td>Di\u00e2metro do anel de peneira <\/td><td>280mm<\/td><\/tr><tr><td>Tamanho da tela (mm) <\/td><td>840\u00d7100<\/td><\/tr><tr><td>Acess\u00f3rios <\/td><td>Entrada e sa\u00edda do funil, 2 conjuntos de telas, cobertura de prote\u00e7\u00e3o, roda do motor, V-belt<\/td><\/tr><\/tbody><\/table><figcaption class=\"wp-element-caption\">Dados t\u00e9cnicos da m\u00e1quina de processamento de arroz parboilizado<\/figcaption><\/figure>    <h2 class=\"wp-block-heading\">Modelo e configura\u00e7\u00e3o<\/h2>    <p>Entre os modelos b\u00e1sicos existentes, pode escolher m\u00e1quinas combinadas de moagem e tritura\u00e7\u00e3o de arroz de um ou dois baldes, m\u00e1quinas combinadas e m\u00e1quinas integradas de moagem e tritura\u00e7\u00e3o de arroz tipo arm\u00e1rio. Al\u00e9m disso, no modelo atualizado, pode escolher a com o triturador de garra, ou a com fun\u00e7\u00e3o de moagem e refino. Ao mesmo tempo, a pot\u00eancia do nosso moinho de arroz combinado \u00e9 um motor de alta qualidade, que pode prolongar a vida \u00fatil da sua m\u00e1quina.<\/p>    <figure class=\"wp-block-gallery has-nested-images columns-3 is-cropped wp-block-gallery-5 is-layout-flex wp-block-gallery-is-layout-flex\"> <figure class=\"wp-block-image size-large\"><a href=\"https:\/\/www.agriculture-machine.com\/wp-content\/uploads\/2021\/09\/type-100-30-double-bucket-rice-milling-and-crushing-combined-machine.jpg\"><img loading=\"lazy\" decoding=\"async\" width=\"720\" height=\"540\" data-id=\"11524\" src=\"https:\/\/www.agriculture-machine.com\/wp-content\/uploads\/2021\/09\/type-100-30-double-bucket-rice-milling-and-crushing-combined-machine.jpg\" alt=\"m\u00e1quina combinada de moagem e tritura\u00e7\u00e3o de arroz tipo 100-30 com dois baldes\" class=\"wp-image-11524\" srcset=\"https:\/\/www.agriculture-machine.com\/wp-content\/uploads\/2021\/09\/type-100-30-double-bucket-rice-milling-and-crushing-combined-machine.jpg 720w, https:\/\/www.agriculture-machine.com\/wp-content\/uploads\/2021\/09\/type-100-30-double-bucket-rice-milling-and-crushing-combined-machine-360x270.jpg 360w, https:\/\/www.agriculture-machine.com\/wp-content\/uploads\/2021\/09\/type-100-30-double-bucket-rice-milling-and-crushing-combined-machine-240x180.jpg 240w\" sizes=\"auto, (max-width: 720px) 100vw, 720px\" \/><\/a><figcaption class=\"wp-element-caption\">m\u00e1quina combinada de moagem e tritura\u00e7\u00e3o de arroz tipo 100-30 com dois baldes<\/figcaption><\/figure>    <figure class=\"wp-block-image size-large\"><a href=\"https:\/\/www.agriculture-machine.com\/wp-content\/uploads\/2021\/09\/ZLN4-21-combined-rice-mill.jpg\"><img loading=\"lazy\" decoding=\"async\" width=\"720\" height=\"540\" data-id=\"11527\" src=\"https:\/\/www.agriculture-machine.com\/wp-content\/uploads\/2021\/09\/ZLN4-21-combined-rice-mill.jpg\" alt=\"ZLN4-21-moinho-de-arroz-combinado\" class=\"wp-image-11527\" srcset=\"https:\/\/www.agriculture-machine.com\/wp-content\/uploads\/2021\/09\/ZLN4-21-combined-rice-mill.jpg 720w, https:\/\/www.agriculture-machine.com\/wp-content\/uploads\/2021\/09\/ZLN4-21-combined-rice-mill-360x270.jpg 360w, https:\/\/www.agriculture-machine.com\/wp-content\/uploads\/2021\/09\/ZLN4-21-combined-rice-mill-240x180.jpg 240w\" sizes=\"auto, (max-width: 720px) 100vw, 720px\" \/><\/a><figcaption class=\"wp-element-caption\">ZLN4-21-moinho-de-arroz-combinado<\/figcaption><\/figure>    <figure class=\"wp-block-image size-large\"><a href=\"https:\/\/www.agriculture-machine.com\/wp-content\/uploads\/2021\/09\/type-40B-20-combined-rice-mill.jpg\"><img loading=\"lazy\" decoding=\"async\" width=\"720\" height=\"540\" data-id=\"11523\" src=\"https:\/\/www.agriculture-machine.com\/wp-content\/uploads\/2021\/09\/type-40B-20-combined-rice-mill.jpg\" alt=\"tipo-40B-20-moinho-de-arroz-combinado\" class=\"wp-image-11523\" srcset=\"https:\/\/www.agriculture-machine.com\/wp-content\/uploads\/2021\/09\/type-40B-20-combined-rice-mill.jpg 720w, https:\/\/www.agriculture-machine.com\/wp-content\/uploads\/2021\/09\/type-40B-20-combined-rice-mill-360x270.jpg 360w, https:\/\/www.agriculture-machine.com\/wp-content\/uploads\/2021\/09\/type-40B-20-combined-rice-mill-240x180.jpg 240w\" sizes=\"auto, (max-width: 720px) 100vw, 720px\" \/><\/a><figcaption class=\"wp-element-caption\">tipo-40B-20-moinho-de-arroz-combinado<\/figcaption><\/figure>    <figure class=\"wp-block-image size-large\"><a href=\"https:\/\/www.agriculture-machine.com\/wp-content\/uploads\/2021\/09\/Upgraded-combined-rice-mill-with-claw-crusher.jpg\"><img loading=\"lazy\" decoding=\"async\" width=\"720\" height=\"540\" data-id=\"11525\" src=\"https:\/\/www.agriculture-machine.com\/wp-content\/uploads\/2021\/09\/Upgraded-combined-rice-mill-with-claw-crusher.jpg\" alt=\"Moinho de arroz combinado com triturador de garra atualizado\" class=\"wp-image-11525\" srcset=\"https:\/\/www.agriculture-machine.com\/wp-content\/uploads\/2021\/09\/Upgraded-combined-rice-mill-with-claw-crusher.jpg 720w, https:\/\/www.agriculture-machine.com\/wp-content\/uploads\/2021\/09\/Upgraded-combined-rice-mill-with-claw-crusher-360x270.jpg 360w, https:\/\/www.agriculture-machine.com\/wp-content\/uploads\/2021\/09\/Upgraded-combined-rice-mill-with-claw-crusher-240x180.jpg 240w\" sizes=\"auto, (max-width: 720px) 100vw, 720px\" \/><\/a><figcaption class=\"wp-element-caption\">Moinho de arroz combinado com triturador de garra atualizado<\/figcaption><\/figure>    <figure class=\"wp-block-image size-large\"><a href=\"https:\/\/www.agriculture-machine.com\/wp-content\/uploads\/2021\/09\/Combined-rice-mill-with-grinding-and-refining-function.jpg\"><img loading=\"lazy\" decoding=\"async\" width=\"720\" height=\"540\" data-id=\"11522\" src=\"https:\/\/www.agriculture-machine.com\/wp-content\/uploads\/2021\/09\/Combined-rice-mill-with-grinding-and-refining-function.jpg\" alt=\"Moinho de arroz combinado com fun\u00e7\u00e3o de moagem e refino\" class=\"wp-image-11522\" srcset=\"https:\/\/www.agriculture-machine.com\/wp-content\/uploads\/2021\/09\/Combined-rice-mill-with-grinding-and-refining-function.jpg 720w, https:\/\/www.agriculture-machine.com\/wp-content\/uploads\/2021\/09\/Combined-rice-mill-with-grinding-and-refining-function-360x270.jpg 360w, https:\/\/www.agriculture-machine.com\/wp-content\/uploads\/2021\/09\/Combined-rice-mill-with-grinding-and-refining-function-240x180.jpg 240w\" sizes=\"auto, (max-width: 720px) 100vw, 720px\" \/><\/a><figcaption class=\"wp-element-caption\">Moinho de arroz combinado com fun\u00e7\u00e3o de moagem e refino<\/figcaption><\/figure>    <figure class=\"wp-block-image size-large\"><a href=\"https:\/\/www.agriculture-machine.com\/wp-content\/uploads\/2021\/09\/Cabinet-type-rice-milling-and-crushing-machine.jpg\"><img loading=\"lazy\" decoding=\"async\" width=\"720\" height=\"540\" data-id=\"11521\" src=\"https:\/\/www.agriculture-machine.com\/wp-content\/uploads\/2021\/09\/Cabinet-type-rice-milling-and-crushing-machine.jpg\" alt=\"M\u00e1quina de moagem e tritura\u00e7\u00e3o de arroz tipo arm\u00e1rio\" class=\"wp-image-11521\" srcset=\"https:\/\/www.agriculture-machine.com\/wp-content\/uploads\/2021\/09\/Cabinet-type-rice-milling-and-crushing-machine.jpg 720w, https:\/\/www.agriculture-machine.com\/wp-content\/uploads\/2021\/09\/Cabinet-type-rice-milling-and-crushing-machine-360x270.jpg 360w, https:\/\/www.agriculture-machine.com\/wp-content\/uploads\/2021\/09\/Cabinet-type-rice-milling-and-crushing-machine-240x180.jpg 240w\" sizes=\"auto, (max-width: 720px) 100vw, 720px\" \/><\/a><figcaption class=\"wp-element-caption\">M\u00e1quina de moagem e tritura\u00e7\u00e3o de arroz tipo arm\u00e1rio<\/figcaption><\/figure> <\/figure>    <h2 class=\"wp-block-heading\">Contate-nos a qualquer momento<\/h2>    <p>Se estiver interessado na nossa m\u00e1quina avan\u00e7ada de moinho de arroz combinado, n\u00e3o hesite em contactar a nossa equipa profissional para mais detalhes. Temos o prazer em fornecer solu\u00e7\u00f5es personalizadas para atender \u00e0s suas necessidades de processamento de arroz.<\/p>","protected":false},"excerpt":{"rendered":"<p>Com efici\u00eancia de moagem aprimorada e controle de qualidade do arroz fino, nossas m\u00e1quinas avan\u00e7adas de moinho de arroz combinado garantem que a qualidade e o sabor do arroz finalizado estejam no seu melhor.<\/p>","protected":false},"author":1,"featured_media":15235,"parent":0,"comment_status":"closed","ping_status":"closed","template":"","tags":[796],"product-type":[875],"class_list":["post-11439","product","type-product","status-publish","has-post-thumbnail","hentry","tag-rice","product-type-rice-mill-category"],"_links":{"self":[{"href":"https:\/\/www.agriculture-machine.com\/pt\/wp-json\/wp\/v2\/product\/11439","targetHints":{"allow":["GET"]}}],"collection":[{"href":"https:\/\/www.agriculture-machine.com\/pt\/wp-json\/wp\/v2\/product"}],"about":[{"href":"https:\/\/www.agriculture-machine.com\/pt\/wp-json\/wp\/v2\/types\/product"}],"author":[{"embeddable":true,"href":"https:\/\/www.agriculture-machine.com\/pt\/wp-json\/wp\/v2\/users\/1"}],"replies":[{"embeddable":true,"href":"https:\/\/www.agriculture-machine.com\/pt\/wp-json\/wp\/v2\/comments?post=11439"}],"wp:featuredmedia":[{"embeddable":true,"href":"https:\/\/www.agriculture-machine.com\/pt\/wp-json\/wp\/v2\/media\/15235"}],"wp:attachment":[{"href":"https:\/\/www.agriculture-machine.com\/pt\/wp-json\/wp\/v2\/media?parent=11439"}],"wp:term":[{"taxonomy":"post_tag","embeddable":true,"href":"https:\/\/www.agriculture-machine.com\/pt\/wp-json\/wp\/v2\/tags?post=11439"},{"taxonomy":"product-type","embeddable":true,"href":"https:\/\/www.agriculture-machine.com\/pt\/wp-json\/wp\/v2\/product-type?post=11439"}],"curies":[{"name":"wp","href":"https:\/\/api.w.org\/{rel}","templated":true}]}}