{"id":11660,"date":"2021-10-15T16:29:24","date_gmt":"2021-10-15T08:29:24","guid":{"rendered":"https:\/\/www.agriculture-machine.com\/?p=11660"},"modified":"2026-02-11T17:21:38","modified_gmt":"2026-02-11T09:21:38","slug":"peanut-planter-peanut-planting-machine","status":"publish","type":"product","link":"https:\/\/www.agriculture-machine.com\/pt\/peanut-planter-peanut-planting-machine\/","title":{"rendered":"M\u00e1quina de semear amendoim Groundnut"},"content":{"rendered":"<p>O plantador de amendoim integra fertiliza\u00e7\u00e3o, semeadura e cobertura do solo numa \u00fanica unidade. Fun\u00e7\u00f5es opcionais como pulveriza\u00e7\u00e3o, cobertura, rolamento e ara\u00e7\u00e3o rotativa podem ser selecionadas de acordo com os requisitos de plantio, permitindo opera\u00e7\u00e3o multifuncional e realizando m\u00faltiplos processos numa \u00fanica passagem.<\/p>    <p>O equipamento oferece v\u00e1rias configura\u00e7\u00f5es, incluindo modelos de 2, 4, 6 e 8 linhas, com contagens de linhas personaliz\u00e1veis. Suporta m\u00e9todos de plantio diversos, como cultivo em cume, plantio com cobertura de pl\u00e1stico e plantio em terreno plano.<\/p>    <p>Mechanized operation significantly boosts planting efficiency. Compared to traditional manual methods, it saves substantial labor time, reduces farmers&#8217; workload intensity, and enhances planting standardization, making it the ideal equipment for modern large-scale peanut cultivation.<\/p>    <figure class=\"wp-block-embed aligncenter is-type-video is-provider-youtube wp-block-embed-youtube wp-embed-aspect-16-9 wp-has-aspect-ratio\"><div class=\"wp-block-embed__wrapper\"> <iframe loading=\"lazy\" title=\"Nova tecnologia agr\u00edcola moderna! O planador de amendoim ajuda na colheita com um clique \ud83c\udf31\ud83d\ude9c#amendoim #planador\" width=\"500\" height=\"281\" src=\"https:\/\/www.youtube.com\/embed\/s8vec3aw-vU?feature=oembed\" frameborder=\"0\" allow=\"accelerometer; autoplay; clipboard-write; encrypted-media; gyroscope; picture-in-picture; web-share\" referrerpolicy=\"strict-origin-when-cross-origin\" allowfullscreen><\/iframe> <\/div><figcaption class=\"wp-element-caption\">T\u00e9cnicas de planta\u00e7\u00e3o r\u00e1pidas e precisas para planadores de amendoim.<\/figcaption><\/figure>    <h2 class=\"wp-block-heading\" id=\"h-what-is-peanut-planter\">Quais s\u00e3o as fun\u00e7\u00f5es do planador de amendoim?<\/h2>    <p id=\"Peanut-planter\">O planador de amendoim \u00e9 uma m\u00e1quina de opera\u00e7\u00e3o abrangente de semeadura de amendoim de suspens\u00e3o de tr\u00eas pontos. E esta m\u00e1quina deve trabalhar com um trator. Este planador de amendoim pode realizar opera\u00e7\u00f5es como escava\u00e7\u00e3o, cristas, semeadura, fertiliza\u00e7\u00e3o, pulveriza\u00e7\u00e3o, enterramento de tubo de irriga\u00e7\u00e3o por gotejamento, mulching com filme e cobertura do solo ao mesmo tempo.<\/p>    <p id=\"Peanut-planter\">Also, this peanut planter&#8217;s ridge width, ridge height, seeding depth, seed number, row spacing, ridge distance, film width, and hanging position are all adjustable. Compared with manual operation, it can improve work efficiency by more than 20 times and can ensure consistent seeding row spacing, plant spacing, and depth.<\/p>    <figure class=\"wp-block-gallery has-nested-images columns-default is-cropped wp-block-gallery-2 is-layout-flex wp-block-gallery-is-layout-flex\"> <figure class=\"wp-block-image size-large\"><img loading=\"lazy\" decoding=\"async\" width=\"720\" height=\"540\" data-id=\"15656\" src=\"https:\/\/www.agriculture-machine.com\/wp-content\/uploads\/2021\/10\/6-row-groundnut-planting-machine.webp\" alt=\"M\u00e1quina de plantio de amendoim de 6 linhas\" class=\"wp-image-15656\" srcset=\"https:\/\/www.agriculture-machine.com\/wp-content\/uploads\/2021\/10\/6-row-groundnut-planting-machine.webp 720w, https:\/\/www.agriculture-machine.com\/wp-content\/uploads\/2021\/10\/6-row-groundnut-planting-machine-360x270.webp 360w, https:\/\/www.agriculture-machine.com\/wp-content\/uploads\/2021\/10\/6-row-groundnut-planting-machine-240x180.webp 240w\" sizes=\"auto, (max-width: 720px) 100vw, 720px\" \/><figcaption class=\"wp-element-caption\">M\u00e1quina de plantio de amendoim de 6 linhas<\/figcaption><\/figure>    <figure class=\"wp-block-image size-large\"><img loading=\"lazy\" decoding=\"async\" width=\"720\" height=\"540\" data-id=\"15657\" src=\"https:\/\/www.agriculture-machine.com\/wp-content\/uploads\/2021\/10\/tractor-driven-planter.webp\" alt=\"Semeador acionado por trator\" class=\"wp-image-15657\" srcset=\"https:\/\/www.agriculture-machine.com\/wp-content\/uploads\/2021\/10\/tractor-driven-planter.webp 720w, https:\/\/www.agriculture-machine.com\/wp-content\/uploads\/2021\/10\/tractor-driven-planter-360x270.webp 360w, https:\/\/www.agriculture-machine.com\/wp-content\/uploads\/2021\/10\/tractor-driven-planter-240x180.webp 240w\" sizes=\"auto, (max-width: 720px) 100vw, 720px\" \/><figcaption class=\"wp-element-caption\">Semeador acionado por trator<\/figcaption><\/figure> <\/figure>    <h2 class=\"wp-block-heading\">Vantagens da m\u00e1quina de semear sementes de amendoim<\/h2>    <ul class=\"wp-block-list\"> <li>Capaz de realizar m\u00faltiplos processos numa \u00fanica passagem, incluindo semeadura, fertiliza\u00e7\u00e3o, nivelamento, pulveriza\u00e7\u00e3o, cobertura, prensagem de cobertura e cobertura do solo.<\/li>    <li>Dispon\u00edvel em configura\u00e7\u00f5es de 2, 4, 6 e 8 linhas, com contagens de linhas personaliz\u00e1veis para acomodar diferentes escalas de plantio.<\/li>    <li>Possui dispensadores de sementes de alta precis\u00e3o para uma semeadura uniforme, minimizando falhas e apodrecimento das sementes, garantindo que o espa\u00e7amento entre plantas cumpra os padr\u00f5es agron\u00f4micos.<\/li>    <li>Baixa resist\u00eancia mec\u00e2nica reduz o consumo de energia em aproximadamente 30%, economizando custos de energia.<\/li>    <li>Alta adaptabilidade garante opera\u00e7\u00e3o est\u00e1vel mesmo em campos com ervas daninhas ou prepara\u00e7\u00e3o de solo sub\u00f3tima.<\/li>    <li>Equipado com um mecanismo de prensagem de filme que elimina o trabalho manual, prevenindo efetivamente que o pl\u00e1stico de cobertura seja levantado por ventos fortes e aumentando a estabilidade do plantio.<\/li> <\/ul>    <figure class=\"wp-block-gallery has-nested-images columns-2 is-cropped wp-block-gallery-3 is-layout-flex wp-block-gallery-is-layout-flex\"> <figure class=\"wp-block-image size-large\"><img loading=\"lazy\" decoding=\"async\" width=\"720\" height=\"540\" data-id=\"12760\" src=\"https:\/\/www.agriculture-machine.com\/wp-content\/uploads\/2022\/03\/4-rows-peanut-planter2.jpg\" alt=\"Semeador de 4 linhas de amendoim\" class=\"wp-image-12760\" title=\"Semeador de 4 linhas de amendoim\" srcset=\"https:\/\/www.agriculture-machine.com\/wp-content\/uploads\/2022\/03\/4-rows-peanut-planter2.jpg 720w, https:\/\/www.agriculture-machine.com\/wp-content\/uploads\/2022\/03\/4-rows-peanut-planter2-360x270.jpg 360w, https:\/\/www.agriculture-machine.com\/wp-content\/uploads\/2022\/03\/4-rows-peanut-planter2-240x180.jpg 240w\" sizes=\"auto, (max-width: 720px) 100vw, 720px\" \/><figcaption class=\"wp-element-caption\">Semeador de 4 linhas de amendoim<\/figcaption><\/figure>    <figure class=\"wp-block-image size-large\"><img loading=\"lazy\" decoding=\"async\" width=\"720\" height=\"540\" data-id=\"12761\" src=\"https:\/\/www.agriculture-machine.com\/wp-content\/uploads\/2022\/03\/gronudnut-planter2.jpg\" alt=\"Planador de amendoim\" class=\"wp-image-12761\" title=\"Planador de amendoim\" srcset=\"https:\/\/www.agriculture-machine.com\/wp-content\/uploads\/2022\/03\/gronudnut-planter2.jpg 720w, https:\/\/www.agriculture-machine.com\/wp-content\/uploads\/2022\/03\/gronudnut-planter2-360x270.jpg 360w, https:\/\/www.agriculture-machine.com\/wp-content\/uploads\/2022\/03\/gronudnut-planter2-240x180.jpg 240w\" sizes=\"auto, (max-width: 720px) 100vw, 720px\" \/><figcaption class=\"wp-element-caption\">Planador de amendoim<\/figcaption><\/figure>    <figure class=\"wp-block-image size-large\"><img loading=\"lazy\" decoding=\"async\" width=\"720\" height=\"540\" data-id=\"12762\" src=\"https:\/\/www.agriculture-machine.com\/wp-content\/uploads\/2022\/03\/peanut-seeder2.jpg\" alt=\"Semeador de amendoim\" class=\"wp-image-12762\" title=\"Semeador de amendoim\" srcset=\"https:\/\/www.agriculture-machine.com\/wp-content\/uploads\/2022\/03\/peanut-seeder2.jpg 720w, https:\/\/www.agriculture-machine.com\/wp-content\/uploads\/2022\/03\/peanut-seeder2-360x270.jpg 360w, https:\/\/www.agriculture-machine.com\/wp-content\/uploads\/2022\/03\/peanut-seeder2-240x180.jpg 240w\" sizes=\"auto, (max-width: 720px) 100vw, 720px\" \/><figcaption class=\"wp-element-caption\">Semeador de amendoim<\/figcaption><\/figure>    <figure class=\"wp-block-image size-large\"><img loading=\"lazy\" decoding=\"async\" width=\"720\" height=\"540\" data-id=\"12763\" src=\"https:\/\/www.agriculture-machine.com\/wp-content\/uploads\/2022\/03\/peanut-sowing-machine2.jpg\" alt=\"M\u00e1quina de semear amendoim\" class=\"wp-image-12763\" title=\"M\u00e1quina de semear amendoim\" srcset=\"https:\/\/www.agriculture-machine.com\/wp-content\/uploads\/2022\/03\/peanut-sowing-machine2.jpg 720w, https:\/\/www.agriculture-machine.com\/wp-content\/uploads\/2022\/03\/peanut-sowing-machine2-360x270.jpg 360w, https:\/\/www.agriculture-machine.com\/wp-content\/uploads\/2022\/03\/peanut-sowing-machine2-240x180.jpg 240w\" sizes=\"auto, (max-width: 720px) 100vw, 720px\" \/><figcaption class=\"wp-element-caption\">M\u00e1quina de semear amendoim<\/figcaption><\/figure> <figcaption class=\"blocks-gallery-caption wp-element-caption\">Semeador de amendoim<\/figcaption><\/figure>    <h2 class=\"wp-block-heading\">Groundnut planter&#8217;s working process<\/h2>    <p>Primeiro, o fertilizante na caixa de fertilizantes entra na p\u00e1 de fertiliza\u00e7\u00e3o atrav\u00e9s do sulco externo do aplicador de fertilizante. A p\u00e1 escava a camada de solo enquanto aplica o fertilizante ao solo. <\/p>    <p>Quando o planador conclui o processo de fertiliza\u00e7\u00e3o, as sementes no dispositivo de medi\u00e7\u00e3o de sementes entram na vala sob o acionamento da engrenagem. Assim, as sementes na caixa de semeadura entram no planador.<\/p>    <p>O dispositivo de descarte do sulco semeia as sementes de amendoim de forma uniforme nos dois sulcos enquanto descarrega o solo e faz o sulco, completando o processo de semeadura.<\/p>    <p>O tambor de herbicida \u00e9 instalado na extremidade dianteira do trator, e a extremidade de entrada de ar \u00e9 instalada na sa\u00edda de ar do tambor de armazenamento de ar do compressor do trator. O trator pode fornecer uma certa press\u00e3o de ar para alcan\u00e7ar o objetivo de pulveriza\u00e7\u00e3o, completando a crista ao mesmo tempo.<\/p>    <figure class=\"wp-block-embed aligncenter is-type-video is-provider-youtube wp-block-embed-youtube wp-embed-aspect-16-9 wp-has-aspect-ratio\"><div class=\"wp-block-embed__wrapper\"> <iframe loading=\"lazy\" title=\"M\u00e1quina de planta\u00e7\u00e3o de amendoim \/ plantadeira de amendoim \/ plantadeira de 4 linhas de amendoim\" width=\"500\" height=\"281\" src=\"https:\/\/www.youtube.com\/embed\/g6o8jZJtyzg?list=PL58YSJlfYgUlCsCeUwNyy0Ae_f8BI3080\" frameborder=\"0\" allow=\"accelerometer; autoplay; clipboard-write; encrypted-media; gyroscope; picture-in-picture; web-share\" referrerpolicy=\"strict-origin-when-cross-origin\" allowfullscreen><\/iframe> <\/div><figcaption class=\"wp-element-caption\">Multi-functional peanut planter&#8217;s working video<\/figcaption><\/figure>    <h2 class=\"wp-block-heading\" id=\"h-peanut-planting-machine-s-model\">Peanut planting machine&#8217;s model<\/h2>    <p>Tipo 2BH-2 (uma crista e duas linhas), Tipo 2BH-4 (duas cristas e quatro linhas), Tipo 2BH-6 (tr\u00eas cristas e seis linhas).<\/p>    <p>Estes s\u00e3o os modelos mais populares. Claro, tamb\u00e9m temos op\u00e7\u00f5es de 8 linhas de plantio e faremos o poss\u00edvel para atender \u00e0s suas necessidades.<\/p>    <figure class=\"wp-block-gallery has-nested-images columns-3 is-cropped wp-block-gallery-4 is-layout-flex wp-block-gallery-is-layout-flex\"> <figure class=\"wp-block-image size-large\"><img loading=\"lazy\" decoding=\"async\" width=\"720\" height=\"540\" data-id=\"12767\" src=\"https:\/\/www.agriculture-machine.com\/wp-content\/uploads\/2022\/03\/2-row-groundnut-seed-planter1.jpg\" alt=\"Semeador de amendoim de 2 linhas\" class=\"wp-image-12767\" title=\"Semeador de amendoim de 2 linhas\" srcset=\"https:\/\/www.agriculture-machine.com\/wp-content\/uploads\/2022\/03\/2-row-groundnut-seed-planter1.jpg 720w, https:\/\/www.agriculture-machine.com\/wp-content\/uploads\/2022\/03\/2-row-groundnut-seed-planter1-360x270.jpg 360w, https:\/\/www.agriculture-machine.com\/wp-content\/uploads\/2022\/03\/2-row-groundnut-seed-planter1-240x180.jpg 240w\" sizes=\"auto, (max-width: 720px) 100vw, 720px\" \/><figcaption class=\"wp-element-caption\">Semeador de amendoim de 2 linhas<\/figcaption><\/figure>    <figure class=\"wp-block-image size-large\"><img loading=\"lazy\" decoding=\"async\" width=\"720\" height=\"540\" data-id=\"12769\" src=\"https:\/\/www.agriculture-machine.com\/wp-content\/uploads\/2022\/03\/tractor-drive-peanut-seeder1.jpg\" alt=\"Semeador de amendoim acionado por trator\" class=\"wp-image-12769\" title=\"Semeador de amendoim acionado por trator\" srcset=\"https:\/\/www.agriculture-machine.com\/wp-content\/uploads\/2022\/03\/tractor-drive-peanut-seeder1.jpg 720w, https:\/\/www.agriculture-machine.com\/wp-content\/uploads\/2022\/03\/tractor-drive-peanut-seeder1-360x270.jpg 360w, https:\/\/www.agriculture-machine.com\/wp-content\/uploads\/2022\/03\/tractor-drive-peanut-seeder1-240x180.jpg 240w\" sizes=\"auto, (max-width: 720px) 100vw, 720px\" \/><figcaption class=\"wp-element-caption\">Semeador de amendoim acionado por trator<\/figcaption><\/figure>    <figure class=\"wp-block-image size-large\"><img loading=\"lazy\" decoding=\"async\" width=\"720\" height=\"540\" data-id=\"12770\" src=\"https:\/\/www.agriculture-machine.com\/wp-content\/uploads\/2022\/03\/6-row-groundnut-seeder1.jpg\" alt=\"Semeador de amendoim de 6 linhas\" class=\"wp-image-12770\" title=\"Semeador de amendoim de 6 linhas\" srcset=\"https:\/\/www.agriculture-machine.com\/wp-content\/uploads\/2022\/03\/6-row-groundnut-seeder1.jpg 720w, https:\/\/www.agriculture-machine.com\/wp-content\/uploads\/2022\/03\/6-row-groundnut-seeder1-360x270.jpg 360w, https:\/\/www.agriculture-machine.com\/wp-content\/uploads\/2022\/03\/6-row-groundnut-seeder1-240x180.jpg 240w\" sizes=\"auto, (max-width: 720px) 100vw, 720px\" \/><figcaption class=\"wp-element-caption\">Semeador de amendoim de 6 linhas<\/figcaption><\/figure> <figcaption class=\"blocks-gallery-caption wp-element-caption\">Planador de amendoim<\/figcaption><\/figure>    <h2 class=\"wp-block-heading\">Par\u00e2metros t\u00e9cnicos da m\u00e1quina de plantio de amendoim<\/h2>    <figure class=\"wp-block-table is-style-stripes\"><table><tbody><tr><td>Modelo<\/td><td>2BHMF-2<\/td><td>2BHMF-4<\/td><td>2BHMF-6<\/td><\/tr><tr><td>Pot\u00eancia compat\u00edvel<\/td><td>20-40hp<\/td><td>40-70hp<\/td><td>60-90hp<\/td><\/tr><tr><td>tamanho<\/td><td>2940\u00d71200\u00d71300mm<\/td><td>2940\u00d71600\u00d71300mm<\/td><td>2940\u00d71900\u00d71300mm<\/td><\/tr><tr><td>peso<\/td><td>180kg<\/td><td>350kg<\/td><td>450kg<\/td><\/tr><tr><td>Capacidade da caixa de sementes<\/td><td>10kg*2<\/td><td>10kg*4<\/td><td>10kg*6<\/td><\/tr><tr><td>N\u00famero de linhas<\/td><td>2<\/td><td>4<\/td><td>6<\/td><\/tr><tr><td>espa\u00e7o entre linhas<\/td><td>300-350mm<\/td><td>300-350mm<\/td><td>300-350mm<\/td><\/tr><tr><td>espa\u00e7o entre sementes<\/td><td>80-300mm<\/td><td>80-300mm<\/td><td>80-300mm<\/td><\/tr><tr><td>produtividade<\/td><td>0,5-0,8 acres\/h<\/td><td>0,8-1,6 acres\/h<\/td><td>1,6-3,2 acres\/h<\/td><\/tr><tr><td>Taxa de semeadura<\/td><td>&gt;98%<\/td><td>&gt;98%<\/td><td>&gt;98%<\/td><\/tr><\/tbody><\/table><figcaption class=\"wp-element-caption\">peanut planter&#8217;s parameter<\/figcaption><\/figure>    <p>Com a expans\u00e3o cont\u00ednua das \u00e1reas de cultivo de amendoim e a aplica\u00e7\u00e3o generalizada de amendoim na alimenta\u00e7\u00e3o, \u00f3leo comest\u00edvel e outros setores, o plantio mecanizado tornou-se uma tend\u00eancia inevit\u00e1vel. <\/p>    <p class=\"translation-block\">Este plantador de amendoim pode ser integrado com <a href=\"https:\/\/www.agriculture-machine.com\/pt\/peanut-harvester\/\">colheitadeiras de amendoim<\/a>, <a href=\"https:\/\/www.agriculture-machine.com\/pt\/peanut-picker-machine\/\">colheitadeiras de amendoim<\/a>, <a href=\"https:\/\/www.agriculture-machine.com\/pt\/peanut-groundnut-shell-removing-machine\/\">descascadoras de amendoim<\/a>, <a href=\"https:\/\/www.agriculture-machine.com\/pt\/screw-oil-press-machine-screw-press-oil-extraction\/\">m\u00e1quinas de prensa de \u00f3leo de parafuso<\/a>, e outras m\u00e1quinas para formar uma solu\u00e7\u00e3o mecanizada abrangente para a ind\u00fastria do amendoim.<\/p>    <h2 class=\"wp-block-heading\" id=\"h-normal-problem\">Perguntas Frequentes<\/h2>   <div id=\"rank-math-faq\" class=\"rank-math-block\"> <div class=\"rank-math-list\"> <div id=\"faq-question-1706253089235\" class=\"rank-math-list-item\"> <h3 class=\"rank-math-question\">Que pot\u00eancia de trator \u00e9 necess\u00e1ria para este plantador de amendoim?<\/h3> <div class=\"rank-math-answer\">  <p>Geralmente, recomenda-se um trator de 20 a 80 cavalos de pot\u00eancia (dependendo do n\u00famero de linhas). Podemos recomendar a configura\u00e7\u00e3o de pot\u00eancia adequada com base no modelo do seu trator.<\/p>  <\/div> <\/div> <div id=\"faq-question-1706253093178\" class=\"rank-math-list-item\"> <h3 class=\"rank-math-question\">O n\u00famero de linhas pode ser personalizado de acordo com as minhas necessidades de plantio?<\/h3> <div class=\"rank-math-answer\">  <p>Sim. O equipamento oferece modelos de 2, 4, 6 e 8 linhas e pode ser personalizado de acordo com a sua \u00e1rea de plantio e requisitos de espa\u00e7amento entre linhas.<\/p>  <\/div> <\/div> <div id=\"faq-question-1706253101674\" class=\"rank-math-list-item\"> <h3 class=\"rank-math-question\">Ele suporta plantio com cobertura de pl\u00e1stico?<\/h3> <div class=\"rank-math-answer\">  <p>Sim. Fun\u00e7\u00f5es opcionais de cobertura e veda\u00e7\u00e3o permitem semeadura e cobertura simult\u00e2neas, aumentando a reten\u00e7\u00e3o de umidade e as taxas de emerg\u00eancia das mudas.<\/p>  <\/div> <\/div> <div id=\"faq-question-1770799273998\" class=\"rank-math-list-item\"> <h3 class=\"rank-math-question\">A dist\u00e2ncia e profundidade de semeadura s\u00e3o ajust\u00e1veis?<\/h3> <div class=\"rank-math-answer\">  <p>Sim. O espa\u00e7amento entre plantas, espa\u00e7amento entre linhas e profundidade de semeadura podem ser ajustados para atender aos requisitos agron\u00f4micos e aos padr\u00f5es regionais de plantio.<\/p>  <\/div> <\/div> <div id=\"faq-question-1770800036248\" class=\"rank-math-list-item\"> <h3 class=\"rank-math-question\">O equipamento pode operar normalmente em campos com ervas daninhas pesadas ou terreno irregular?<\/h3> <div class=\"rank-math-answer\">  <p>Sim. O equipamento apresenta uma estrutura bem projetada com forte adaptabilidade, mantendo opera\u00e7\u00e3o est\u00e1vel sob condi\u00e7\u00f5es t\u00edpicas de prepara\u00e7\u00e3o do terreno.<\/p>  <\/div> <\/div> <\/div> <\/div>   <p>Se estiver interessado nos nossos produtos ou tiver alguma d\u00favida, n\u00e3o hesite em contactar-nos. Nossa equipa profissional ficar\u00e1 feliz em fornecer informa\u00e7\u00f5es detalhadas sobre o produto e responder a todas as suas perguntas.<\/p>","protected":false},"excerpt":{"rendered":"<p>O plantador de amendoim integra m\u00faltiplas fun\u00e7\u00f5es, incluindo semeadura, fertiliza\u00e7\u00e3o, cobertura do solo e coloca\u00e7\u00e3o de filme de cobertura. Dispon\u00edvel em configura\u00e7\u00f5es de 2 a 8 linhas, \u00e9 adequado tanto para o plantio em cume como para o cultivo em terreno plano.<\/p>","protected":false},"author":1,"featured_media":12758,"parent":0,"comment_status":"closed","ping_status":"closed","template":"","tags":[797,976,492],"product-type":[884],"class_list":["post-11660","product","type-product","status-publish","has-post-thumbnail","hentry","tag-peanut","tag-peanutplanter","tag-planter","product-type-peanut-planter"],"_links":{"self":[{"href":"https:\/\/www.agriculture-machine.com\/pt\/wp-json\/wp\/v2\/product\/11660","targetHints":{"allow":["GET"]}}],"collection":[{"href":"https:\/\/www.agriculture-machine.com\/pt\/wp-json\/wp\/v2\/product"}],"about":[{"href":"https:\/\/www.agriculture-machine.com\/pt\/wp-json\/wp\/v2\/types\/product"}],"author":[{"embeddable":true,"href":"https:\/\/www.agriculture-machine.com\/pt\/wp-json\/wp\/v2\/users\/1"}],"replies":[{"embeddable":true,"href":"https:\/\/www.agriculture-machine.com\/pt\/wp-json\/wp\/v2\/comments?post=11660"}],"wp:featuredmedia":[{"embeddable":true,"href":"https:\/\/www.agriculture-machine.com\/pt\/wp-json\/wp\/v2\/media\/12758"}],"wp:attachment":[{"href":"https:\/\/www.agriculture-machine.com\/pt\/wp-json\/wp\/v2\/media?parent=11660"}],"wp:term":[{"taxonomy":"post_tag","embeddable":true,"href":"https:\/\/www.agriculture-machine.com\/pt\/wp-json\/wp\/v2\/tags?post=11660"},{"taxonomy":"product-type","embeddable":true,"href":"https:\/\/www.agriculture-machine.com\/pt\/wp-json\/wp\/v2\/product-type?post=11660"}],"curies":[{"name":"wp","href":"https:\/\/api.w.org\/{rel}","templated":true}]}}