{"id":1178,"date":"2018-10-20T03:23:39","date_gmt":"2018-10-19T19:23:39","guid":{"rendered":"https:\/\/www.agriculture-machine.com\/?p=1178"},"modified":"2024-09-23T11:19:36","modified_gmt":"2024-09-23T03:19:36","slug":"electric-olive-picking-machine","status":"publish","type":"product","link":"https:\/\/www.agriculture-machine.com\/pt\/electric-olive-picking-machine\/","title":{"rendered":"M\u00e1quina de colheita el\u00e9trica de azeitonas, colhedor de frutas de nozes"},"content":{"rendered":"<p>A m\u00e1quina de colheita el\u00e9trica de azeitonas \u00e9 especialmente projetada para a colheita de nozes em pomares. A m\u00e1quina possui uma estrutura compacta, forma bonita e opera\u00e7\u00e3o simples. Al\u00e9m disso, os tubos internos e externos s\u00e3o feitos de liga de alum\u00ednio de alta resist\u00eancia e podem ser ajustados facilmente, ou seja, 2170-3000mm.<\/p> <p>O colhedor de frutas \u00e9 leve e bom em resist\u00eancia, aplicando-se amplamente a nozes gerais, como azeitona, jujuba, t\u00e2mara, etc.<\/p> <h2><strong><b>Tipo um: m\u00e1quina de colheita de frutas el\u00e9trica GL-1<\/b><\/strong><\/h2> <p>A cabe\u00e7a da m\u00e1quina de colheita el\u00e9trica de azeitonas \u00e9 uma parte de alta resist\u00eancia que \u00e9 dur\u00e1vel. A m\u00e1quina de colheita de azeitonas utiliza a bateria de 12V, e a fonte de alimenta\u00e7\u00e3o dom\u00e9stica, pequenos geradores e outras fontes de energia s\u00e3o todas adequadas para ela. \u00c9 conveniente e pr\u00e1tico de usar tamb\u00e9m.<\/p> <figure id=\"attachment_3052\" aria-describedby=\"caption-attachment-3052\" style=\"width: 400px\" class=\"wp-caption aligncenter\"><img loading=\"lazy\" decoding=\"async\" class=\"wp-image-3052 size-full\" src=\"https:\/\/www.agriculture-machine.com\/wp-content\/uploads\/2018\/10\/99.jpg\" alt=\"m\u00e1quina de colheita de azeitonas\" width=\"400\" height=\"500\" srcset=\"https:\/\/www.agriculture-machine.com\/wp-content\/uploads\/2018\/10\/99.jpg 400w, https:\/\/www.agriculture-machine.com\/wp-content\/uploads\/2018\/10\/99-216x270.jpg 216w\" sizes=\"auto, (max-width: 400px) 100vw, 400px\" \/><figcaption id=\"caption-attachment-3052\" class=\"wp-caption-text\">m\u00e1quina de colheita de azeitonas<\/figcaption><\/figure> <h3>Par\u00e2metro t\u00e9cnico da m\u00e1quina de colheita de frutas<\/h3> <table> <tbody> <tr> <td width=\"284\">Modelo<\/td> <td width=\"284\">GL-1<\/td> <\/tr> <tr> <td width=\"284\">bateria<\/td> <td width=\"284\">12V<\/td> <\/tr> <tr> <td width=\"284\">Comprimento<\/td> <td width=\"284\">2170-3000mm<\/td> <\/tr> <tr> <td width=\"284\">Largura da cabe\u00e7a<\/td> <td width=\"284\">260mm<\/td> <\/tr> <tr> <td width=\"284\">Comprimento do fio<\/td> <td width=\"284\">12m<\/td> <\/tr> <tr> <td width=\"284\">Velocidade<\/td> <td width=\"284\">820r\/min<\/td> <\/tr> <tr> <td width=\"284\">Tamanho da embalagem<\/td> <td width=\"284\">2170*160*260mm<\/td> <\/tr> <tr> <td width=\"284\">N.W\/G.W<\/td> <td width=\"284\">7.5kg\/11kg<\/td> <\/tr> <tr> <td width=\"284\">Observa\u00e7\u00e3o<\/td> <td width=\"284\">O comprador deve comprar a bateria por conta pr\u00f3pria.<\/td> <\/tr> <\/tbody> <\/table> <h3><strong><b>A estrutura da m\u00e1quina de colheita de frutas<\/b><\/strong><\/h3> <ul> <li>rake<\/li> <li>corpo do motor protegido por capa<\/li> <li>eixo<\/li> <li>cabo<\/li> <li>soquete de fus\u00edvel (10 Amp)<\/li> <li>clamp DC<\/li> <li>cabo de conex\u00e3o (15m)<\/li> <li>eixo telesc\u00f3pico de 2-3m<\/li> <li>eixo telesc\u00f3pico de 5 a 2.2m<\/li> <li>eixo fixo de 2m<\/li> <\/ul> <div id='gallery-1' class='gallery galleryid-1178 gallery-columns-2 gallery-size-full'><figure class='gallery-item'> \t\t\t<div class='gallery-icon portrait'> \t\t\t\t<a href='https:\/\/www.agriculture-machine.com\/pt\/electric-olive-picking-machine\/attachment\/88-3\/'><img loading=\"lazy\" decoding=\"async\" width=\"400\" height=\"500\" src=\"https:\/\/www.agriculture-machine.com\/wp-content\/uploads\/2018\/10\/88-1.jpg\" class=\"attachment-full size-full\" alt=\"introdu\u00e7\u00e3o da m\u00e1quina de colheita de azeitonas\" aria-describedby=\"gallery-1-3051\" srcset=\"https:\/\/www.agriculture-machine.com\/wp-content\/uploads\/2018\/10\/88-1.jpg 400w, https:\/\/www.agriculture-machine.com\/wp-content\/uploads\/2018\/10\/88-1-216x270.jpg 216w\" sizes=\"auto, (max-width: 400px) 100vw, 400px\" \/><\/a> \t\t\t<\/div> \t\t\t\t<figcaption class='wp-caption-text gallery-caption' id='gallery-1-3051'> \t\t\t\tintrodu\u00e7\u00e3o da m\u00e1quina de colheita de azeitonas \t\t\t\t<\/figcaption><\/figure><figure class='gallery-item'> \t\t\t<div class='gallery-icon portrait'> \t\t\t\t<a href='https:\/\/www.agriculture-machine.com\/pt\/electric-olive-picking-machine\/attachment\/77-3\/'><img loading=\"lazy\" decoding=\"async\" width=\"400\" height=\"500\" src=\"https:\/\/www.agriculture-machine.com\/wp-content\/uploads\/2018\/10\/77-1.jpg\" class=\"attachment-full size-full\" alt=\"m\u00e1quina de colheita de azeitonas-2\" aria-describedby=\"gallery-1-3050\" srcset=\"https:\/\/www.agriculture-machine.com\/wp-content\/uploads\/2018\/10\/77-1.jpg 400w, https:\/\/www.agriculture-machine.com\/wp-content\/uploads\/2018\/10\/77-1-216x270.jpg 216w\" sizes=\"auto, (max-width: 400px) 100vw, 400px\" \/><\/a> \t\t\t<\/div> \t\t\t\t<figcaption class='wp-caption-text gallery-caption' id='gallery-1-3050'> \t\t\t\tm\u00e1quina de colheita de azeitonas-2 \t\t\t\t<\/figcaption><\/figure> \t\t<\/div>  <p class=\"translation-block\"><strong><b>\u00a0<\/b><\/strong><\/p> <p class=\"translation-block\"><strong><b>\u00a0<\/b><\/strong><\/p> <h2><strong><b>Tipo dois: m\u00e1quina de colheita de frutas el\u00e9trica GL-2<\/b><\/strong><\/h2> <p>Esta colheita el\u00e9trica de frutas \u00e9 como uma bola com dentes longos acionada por bateria de 12v, economizando totalmente o tempo de trabalho; seu comprimento de eixo \u00e9 de 2500mm, e a largura da cabe\u00e7a \u00e9 de 100mm. O comprimento do fio de 10m torna conveniente colher frutas.<\/p> <div id='gallery-2' class='gallery galleryid-1178 gallery-columns-2 gallery-size-full'><figure class='gallery-item'> \t\t\t<div class='gallery-icon portrait'> \t\t\t\t<a href='https:\/\/www.agriculture-machine.com\/pt\/electric-olive-picking-machine\/attachment\/222-2\/'><img loading=\"lazy\" decoding=\"async\" width=\"400\" height=\"500\" src=\"https:\/\/www.agriculture-machine.com\/wp-content\/uploads\/2018\/10\/222.jpg\" class=\"attachment-full size-full\" alt=\"detalhe da m\u00e1quina de colheita de azeitonas\" aria-describedby=\"gallery-2-3054\" srcset=\"https:\/\/www.agriculture-machine.com\/wp-content\/uploads\/2018\/10\/222.jpg 400w, https:\/\/www.agriculture-machine.com\/wp-content\/uploads\/2018\/10\/222-216x270.jpg 216w\" sizes=\"auto, (max-width: 400px) 100vw, 400px\" \/><\/a> \t\t\t<\/div> \t\t\t\t<figcaption class='wp-caption-text gallery-caption' id='gallery-2-3054'> \t\t\t\tdetalhe da m\u00e1quina de colheita de azeitonas \t\t\t\t<\/figcaption><\/figure><figure class='gallery-item'> \t\t\t<div class='gallery-icon portrait'> \t\t\t\t<a href='https:\/\/www.agriculture-machine.com\/pt\/electric-olive-picking-machine\/attachment\/111-2\/'><img loading=\"lazy\" decoding=\"async\" width=\"400\" height=\"500\" src=\"https:\/\/www.agriculture-machine.com\/wp-content\/uploads\/2018\/10\/111.jpg\" class=\"attachment-full size-full\" alt=\"detalhe da m\u00e1quina de colheita de azeitonas-2\" srcset=\"https:\/\/www.agriculture-machine.com\/wp-content\/uploads\/2018\/10\/111.jpg 400w, https:\/\/www.agriculture-machine.com\/wp-content\/uploads\/2018\/10\/111-216x270.jpg 216w\" sizes=\"auto, (max-width: 400px) 100vw, 400px\" \/><\/a> \t\t\t<\/div><\/figure> \t\t<\/div>  <h3>Par\u00e2metro t\u00e9cnico da m\u00e1quina de colheita de frutas<\/h3> <table> <tbody> <tr> <td width=\"284\">Modelo<\/td> <td width=\"284\">GL-2<\/td> <\/tr> <tr> <td width=\"284\">bateria<\/td> <td width=\"284\">12V<\/td> <\/tr> <tr> <td width=\"284\">Comprimento<\/td> <td width=\"284\">2500mm<\/td> <\/tr> <tr> <td width=\"284\">Largura da cabe\u00e7a<\/td> <td width=\"284\">100mm<\/td> <\/tr> <tr> <td width=\"284\">Comprimento do fio<\/td> <td width=\"284\">10m<\/td> <\/tr> <tr> <td width=\"284\">Velocidade<\/td> <td width=\"284\">1800r\/min<\/td> <\/tr> <tr> <td width=\"284\">Tamanho da embalagem<\/td> <td width=\"284\">2040*110*130mm<\/p> <p>380*255*215mm<\/td> <\/tr> <tr> <td width=\"284\">N.W\/G.W<\/td> <td width=\"284\">2.5kg\/\u00a03.35kg<\/td> <\/tr> <tr> <td width=\"284\">Observa\u00e7\u00e3o<\/td> <td width=\"284\">O comprador deve comprar a bateria por conta pr\u00f3pria.<\/td> <\/tr> <\/tbody> <\/table> <h2><strong><b>Tipo tr\u00eas<\/b><\/strong><strong><b>: m\u00e1quina de colheita de frutas com motor a gasolina GL-3 <\/b><\/strong><\/h2> <p>\u00c9 uma m\u00e1quina de agita\u00e7\u00e3o de azeitonas de 2 tempos e \u00e9 acionada por um motor a gasolina de 43cc com capacidade do tanque de combust\u00edvel de 700ml. A pot\u00eancia de sa\u00edda nominal \u00e9 de 1.4kw\/7500rpm e o di\u00e2metro do gancho \u00e9 de 44mm, que n\u00e3o pode ser ajustado, enquanto o comprimento do tubo varia de 150cm a 225cm. Alta efici\u00eancia de trabalho e baixa taxa de quebra s\u00e3o duas caracter\u00edsticas proeminentes dela.<\/p> <div id='gallery-3' class='gallery galleryid-1178 gallery-columns-2 gallery-size-full'><figure class='gallery-item'> \t\t\t<div class='gallery-icon portrait'> \t\t\t\t<a href='https:\/\/www.agriculture-machine.com\/pt\/electric-olive-picking-machine\/attachment\/44-2\/'><img loading=\"lazy\" decoding=\"async\" width=\"400\" height=\"500\" src=\"https:\/\/www.agriculture-machine.com\/wp-content\/uploads\/2018\/10\/44-1.jpg\" class=\"attachment-full size-full\" alt=\"m\u00e1quina de colheita de frutas com motor a gasolina-1\" aria-describedby=\"gallery-3-3047\" srcset=\"https:\/\/www.agriculture-machine.com\/wp-content\/uploads\/2018\/10\/44-1.jpg 400w, https:\/\/www.agriculture-machine.com\/wp-content\/uploads\/2018\/10\/44-1-216x270.jpg 216w\" sizes=\"auto, (max-width: 400px) 100vw, 400px\" \/><\/a> \t\t\t<\/div> \t\t\t\t<figcaption class='wp-caption-text gallery-caption' id='gallery-3-3047'> \t\t\t\tm\u00e1quina de colheita de frutas com motor a gasolina-1 \t\t\t\t<\/figcaption><\/figure><figure class='gallery-item'> \t\t\t<div class='gallery-icon portrait'> \t\t\t\t<a href='https:\/\/www.agriculture-machine.com\/pt\/electric-olive-picking-machine\/attachment\/55-3\/'><img loading=\"lazy\" decoding=\"async\" width=\"400\" height=\"500\" src=\"https:\/\/www.agriculture-machine.com\/wp-content\/uploads\/2018\/10\/55-1.jpg\" class=\"attachment-full size-full\" alt=\"m\u00e1quina de colheita de frutas com motor a gasolina-2\" aria-describedby=\"gallery-3-3048\" srcset=\"https:\/\/www.agriculture-machine.com\/wp-content\/uploads\/2018\/10\/55-1.jpg 400w, https:\/\/www.agriculture-machine.com\/wp-content\/uploads\/2018\/10\/55-1-216x270.jpg 216w\" sizes=\"auto, (max-width: 400px) 100vw, 400px\" \/><\/a> \t\t\t<\/div> \t\t\t\t<figcaption class='wp-caption-text gallery-caption' id='gallery-3-3048'> \t\t\t\tm\u00e1quina de colheita de frutas com motor a gasolina-2 \t\t\t\t<\/figcaption><\/figure> \t\t<\/div>  <h3>Par\u00e2metro t\u00e9cnico da m\u00e1quina de colheita de frutas<\/h3> <table> <tbody> <tr> <td width=\"284\">Modelo<\/td> <td width=\"284\">GL-3<\/td> <\/tr> <tr> <td width=\"284\">Pot\u00eancia<\/td> <td width=\"284\">Motor a gasolina<\/td> <\/tr> <tr> <td width=\"284\">Tipo de motor<\/td> <td width=\"284\">2 tempos<\/td> <\/tr> <tr> <td width=\"284\">Cilindrada<\/td> <td width=\"284\">43cc<\/td> <\/tr> <tr> <td width=\"284\">Pot\u00eancia de sa\u00edda nominal<\/td> <td width=\"284\">1.4kw\/7500rpm<\/td> <\/tr> <tr> <td width=\"284\">Capacidade do tanque de combust\u00edvel<\/td> <td width=\"284\">700ml<\/td> <\/tr> <tr> <td width=\"284\">Di\u00e2metro do gancho<\/td> <td width=\"284\">44mm<\/td> <\/tr> <tr> <td width=\"284\">tubo de comprimento do shaker<\/td> <td width=\"284\">150cm-225cm<\/td> <\/tr> <tr> <td width=\"284\">Embalagem<\/td> <td width=\"284\">360*300*240mm<\/p> <p>150*120*120mm<\/td> <\/tr> <tr> <td width=\"284\">Peso da embalagem<\/td> <td width=\"284\">8.0kg<\/td> <\/tr> <\/tbody> <\/table> <h3>Vantagem da colheita de frutas (para tr\u00eas tipos)<\/h3> <ol> <li>Ampla aplica\u00e7\u00e3o. A m\u00e1quina colhedora de azeitonas tamb\u00e9m pode colher t\u00e2maras, jujubas, nozes-pec\u00e3, castanhas, jujubas e outras pequenas frutas.<\/li> <li>Possui um eixo flex\u00edvel e \u00e9 f\u00e1cil ajustar o comprimento da cabe\u00e7a.<\/li> <li>F\u00e1cil de usar. A colheita de frutas \u00e9 alimentada por eletricidade ou motor a gasolina e possui opera\u00e7\u00e3o simples.<\/li> <li>Alta taxa de colheita. Todas as frutas podem ser colhidas.<\/li> <li>As frutas podem permanecer intactas ap\u00f3s a colheita.<\/li> <\/ol> <h3>Caso de sucesso da m\u00e1quina de colheita de frutas<\/h3> <p>Com f\u00e1cil uso e alta capacidade, este shaker de frutas \u00e9 popular no mercado africano. Em outubro de 2018, durante a temporada de colheita de azeitonas, cont\u00eaineres de 20GP com shakers de azeitonas foram entregues ao L\u00edbano. Este cliente distribuiria todas as m\u00e1quinas para os agricultores locais ap\u00f3s receb\u00ea-las, e os seguintes detalhes s\u00e3o as imagens da embalagem.<\/p> <div id='gallery-4' class='gallery galleryid-1178 gallery-columns-2 gallery-size-full'><figure class='gallery-item'> \t\t\t<div class='gallery-icon portrait'> \t\t\t\t<a href='https:\/\/www.agriculture-machine.com\/pt\/electric-olive-picking-machine\/attachment\/22-2\/'><img loading=\"lazy\" decoding=\"async\" width=\"400\" height=\"500\" src=\"https:\/\/www.agriculture-machine.com\/wp-content\/uploads\/2018\/10\/22-1.jpg\" class=\"attachment-full size-full\" alt=\"imagem de envio-2\" aria-describedby=\"gallery-4-3044\" srcset=\"https:\/\/www.agriculture-machine.com\/wp-content\/uploads\/2018\/10\/22-1.jpg 400w, https:\/\/www.agriculture-machine.com\/wp-content\/uploads\/2018\/10\/22-1-216x270.jpg 216w\" sizes=\"auto, (max-width: 400px) 100vw, 400px\" \/><\/a> \t\t\t<\/div> \t\t\t\t<figcaption class='wp-caption-text gallery-caption' id='gallery-4-3044'> \t\t\t\timagem de envio-2 \t\t\t\t<\/figcaption><\/figure><figure class='gallery-item'> \t\t\t<div class='gallery-icon portrait'> \t\t\t\t<a href='https:\/\/www.agriculture-machine.com\/pt\/electric-olive-picking-machine\/attachment\/66-3\/'><img loading=\"lazy\" decoding=\"async\" width=\"400\" height=\"500\" src=\"https:\/\/www.agriculture-machine.com\/wp-content\/uploads\/2018\/10\/66-1.jpg\" class=\"attachment-full size-full\" alt=\"imagem de envio-3\" aria-describedby=\"gallery-4-3049\" srcset=\"https:\/\/www.agriculture-machine.com\/wp-content\/uploads\/2018\/10\/66-1.jpg 400w, https:\/\/www.agriculture-machine.com\/wp-content\/uploads\/2018\/10\/66-1-216x270.jpg 216w\" sizes=\"auto, (max-width: 400px) 100vw, 400px\" \/><\/a> \t\t\t<\/div> \t\t\t\t<figcaption class='wp-caption-text gallery-caption' id='gallery-4-3049'> \t\t\t\timagem de envio-3 \t\t\t\t<\/figcaption><\/figure> \t\t<\/div>  <h3>Perguntas Frequentes<\/h3> <ol> <li>qual \u00e9 a diferen\u00e7a entre os 3 tipos de m\u00e1quinas de colheita de frutas?<\/li> <\/ol> <p>Os dois primeiros tipos s\u00e3o el\u00e9tricos e o \u00faltimo \u00e9 acionado pelo motor a gasolina.<\/p> <ol start=\"2\"> <li>Quais tipos de frutas podem ser colhidos por esta m\u00e1quina?<\/li> <li>A mat\u00e9ria-prima pode ser azeitona, t\u00e2mara, jujuba, nozes-pec\u00e3, castanha, jujuba e outras pequenas frutas.<\/li> <li>Qual \u00e9 a taxa de colheita da m\u00e1quina?<\/li> <\/ol> <p>Este colhedor de frutas pode trabalhar com alta efici\u00eancia, e todas as frutas na \u00e1rvore podem ser colhidas durante a opera\u00e7\u00e3o.<\/p> <ol start=\"5\"> <li>As frutas ser\u00e3o quebradas ap\u00f3s a colheita?<\/li> <\/ol> <p>N\u00e3o, a m\u00e1quina de colheita pode colher totalmente a fruta sem causar danos \u00e0 pr\u00f3pria fruta.<\/p>","protected":false},"excerpt":{"rendered":"<p>Electric olive picking machine is specially designed for the nut tree picking and harvesting in the orchard. Machine bears compact structure, beautiful shape and simple operation. What\u2019s more, internal and external tubes is made of high-strength aluminum alloy and can be adjusted easily, that is, 2170-3000mm. Fruit picker\u00a0is\u00a0light in weight and good in strength, widely [&hellip;]<\/p>\n","protected":false},"author":1,"featured_media":3064,"parent":0,"comment_status":"closed","ping_status":"closed","template":"","tags":[2633,2632],"product-type":[892],"class_list":["post-1178","product","type-product","status-publish","has-post-thumbnail","hentry","tag-olive","tag-picker","product-type-olive-picker"],"_links":{"self":[{"href":"https:\/\/www.agriculture-machine.com\/pt\/wp-json\/wp\/v2\/product\/1178","targetHints":{"allow":["GET"]}}],"collection":[{"href":"https:\/\/www.agriculture-machine.com\/pt\/wp-json\/wp\/v2\/product"}],"about":[{"href":"https:\/\/www.agriculture-machine.com\/pt\/wp-json\/wp\/v2\/types\/product"}],"author":[{"embeddable":true,"href":"https:\/\/www.agriculture-machine.com\/pt\/wp-json\/wp\/v2\/users\/1"}],"replies":[{"embeddable":true,"href":"https:\/\/www.agriculture-machine.com\/pt\/wp-json\/wp\/v2\/comments?post=1178"}],"wp:featuredmedia":[{"embeddable":true,"href":"https:\/\/www.agriculture-machine.com\/pt\/wp-json\/wp\/v2\/media\/3064"}],"wp:attachment":[{"href":"https:\/\/www.agriculture-machine.com\/pt\/wp-json\/wp\/v2\/media?parent=1178"}],"wp:term":[{"taxonomy":"post_tag","embeddable":true,"href":"https:\/\/www.agriculture-machine.com\/pt\/wp-json\/wp\/v2\/tags?post=1178"},{"taxonomy":"product-type","embeddable":true,"href":"https:\/\/www.agriculture-machine.com\/pt\/wp-json\/wp\/v2\/product-type?post=1178"}],"curies":[{"name":"wp","href":"https:\/\/api.w.org\/{rel}","templated":true}]}}