{"id":1190,"date":"2018-10-20T03:40:51","date_gmt":"2018-10-19T19:40:51","guid":{"rendered":"https:\/\/www.agriculture-machine.com\/?p=1190"},"modified":"2024-09-23T11:14:26","modified_gmt":"2024-09-23T03:14:26","slug":"cassava-slicer-machine","status":"publish","type":"product","link":"https:\/\/www.agriculture-machine.com\/pt\/cassava-slicer-machine\/","title":{"rendered":"M\u00e1quina de fatiar mandioca \/ fatiador de batata-doce"},"content":{"rendered":"<p>A m\u00e1quina de fatiar mandioca pode descascar a mandioca e depois cort\u00e1-la em fatias, realizando o descascamento e o corte ao mesmo tempo. As fatias finais s\u00e3o muito limpas, sem casca exterior, e a sua espessura pode ser ajustada de acordo com a sua necessidade.<\/p> <div align=\"center\"><\/div> <p>&nbsp;<\/p> <p>&nbsp;<\/p> <h2>Princ\u00edpio de funcionamento do fatiador de batata-doce<\/h2> <ol> <li>A mandioca entra inicialmente num tubo longo com orif\u00edcio.<\/li> <li>Eles giram constantemente sob a for\u00e7a do motor por v\u00e1rios minutos, e a sua pele \u00e9 removida.<\/li> <li>Durante a opera\u00e7\u00e3o, o operador pode cobrir a sa\u00edda do rolo para evitar que alguns peda\u00e7os de mandioca saiam cedo.<\/li> <li>Por fim, a mandioca sem casca \u00e9 descascada por uma l\u00e2mina afiada.<\/li> <li>\u00c9 melhor colocar uma bolsa na sa\u00edda da m\u00e1quina para coletar os peda\u00e7os de mandioca.<\/li> <\/ol> <figure id=\"attachment_3110\" aria-describedby=\"caption-attachment-3110\" style=\"width: 667px\" class=\"wp-caption alignnone\"><img loading=\"lazy\" decoding=\"async\" class=\"wp-image-3110\" src=\"https:\/\/www.agriculture-machine.com\/wp-content\/uploads\/2018\/10\/cassava-peeling-machine-1.jpg\" alt=\"\" width=\"667\" height=\"667\" srcset=\"https:\/\/www.agriculture-machine.com\/wp-content\/uploads\/2018\/10\/cassava-peeling-machine-1.jpg 750w, https:\/\/www.agriculture-machine.com\/wp-content\/uploads\/2018\/10\/cassava-peeling-machine-1-270x270.jpg 270w, https:\/\/www.agriculture-machine.com\/wp-content\/uploads\/2018\/10\/cassava-peeling-machine-1-540x540.jpg 540w\" sizes=\"auto, (max-width: 667px) 100vw, 667px\" \/><figcaption id=\"caption-attachment-3110\" class=\"wp-caption-text\">m\u00e1quina de descascar mandioca<\/figcaption><\/figure> <h2>Vantagens do fatiador de batata-doce<\/h2> <ol> <li>Alta capacidade. A capacidade da m\u00e1quina \u00e9 de 4t\/h.<\/li> <li>Ampla aplica\u00e7\u00e3o. \u00c9 usada para mandioca, batata-doce e batata, etc.<\/li> <li>A m\u00e1quina de descascar mandioca pode ser equipada com motor de 3kw ou motor a diesel de 8HP, de acordo com as necessidades do cliente.<\/li> <li>A espessura da m\u00e1quina de cortar batata-doce \u00e9 ajust\u00e1vel: de 5mm a 20mm.<\/li> <li>O fatiador de batata-doce tem opera\u00e7\u00e3o f\u00e1cil, alta efici\u00eancia e baixo consumo de energia.<\/li> <li>A m\u00e1quina \u00e9 f\u00e1cil de mover devido a duas rodas grandes.<\/li> <\/ol> <figure id=\"attachment_3117\" aria-describedby=\"caption-attachment-3117\" style=\"width: 634px\" class=\"wp-caption alignnone\"><img loading=\"lazy\" decoding=\"async\" class=\"wp-image-3117\" src=\"https:\/\/www.agriculture-machine.com\/wp-content\/uploads\/2018\/10\/cassava-peeling-machine-8.jpg\" alt=\"\" width=\"634\" height=\"634\" srcset=\"https:\/\/www.agriculture-machine.com\/wp-content\/uploads\/2018\/10\/cassava-peeling-machine-8.jpg 750w, https:\/\/www.agriculture-machine.com\/wp-content\/uploads\/2018\/10\/cassava-peeling-machine-8-270x270.jpg 270w, https:\/\/www.agriculture-machine.com\/wp-content\/uploads\/2018\/10\/cassava-peeling-machine-8-540x540.jpg 540w\" sizes=\"auto, (max-width: 634px) 100vw, 634px\" \/><figcaption id=\"caption-attachment-3117\" class=\"wp-caption-text\">m\u00e1quina de descascar mandioca<\/figcaption><\/figure> <figure id=\"attachment_3118\" aria-describedby=\"caption-attachment-3118\" style=\"width: 650px\" class=\"wp-caption alignnone\"><img loading=\"lazy\" decoding=\"async\" class=\"wp-image-3118\" src=\"https:\/\/www.agriculture-machine.com\/wp-content\/uploads\/2018\/10\/cassava-peeling-machine-9.jpg\" alt=\"\" width=\"650\" height=\"650\" srcset=\"https:\/\/www.agriculture-machine.com\/wp-content\/uploads\/2018\/10\/cassava-peeling-machine-9.jpg 750w, https:\/\/www.agriculture-machine.com\/wp-content\/uploads\/2018\/10\/cassava-peeling-machine-9-270x270.jpg 270w, https:\/\/www.agriculture-machine.com\/wp-content\/uploads\/2018\/10\/cassava-peeling-machine-9-540x540.jpg 540w\" sizes=\"auto, (max-width: 650px) 100vw, 650px\" \/><figcaption id=\"caption-attachment-3118\" class=\"wp-caption-text\">m\u00e1quina de descascar mandioca<\/figcaption><\/figure> <h2>Par\u00e2metro t\u00e9cnico do fatiador de batata-doce<\/h2> <p>&nbsp;<\/p> <table> <tbody> <tr> <td width=\"284\">Modelo<\/td> <td width=\"284\">SL-04<\/td> <\/tr> <tr> <td width=\"284\">Pot\u00eancia<\/td> <td width=\"284\">Motor de 3kw, ou motor a diesel de 8HP<\/td> <\/tr> <tr> <td width=\"284\">Capacidade<\/td> <td width=\"284\">4t\/h<\/td> <\/tr> <tr> <td width=\"284\">Peso<\/td> <td width=\"284\">150kg<\/td> <\/tr> <tr> <td width=\"284\">Tamanho<\/td> <td width=\"284\">1650*800*1200mm<\/td> <\/tr> <\/tbody> <\/table> <h2>Caso de sucesso do fatiador de batata-doce<\/h2> <p>Tr\u00eas clientes do Congo encomendaram 50 conjuntos de m\u00e1quina de cortar batata-doce em 2018. Primeiro visitaram a nossa f\u00e1brica para conhecer profundamente a m\u00e1quina, testando-a com a sua mat\u00e9ria-prima. Impressionados com a sua alta capacidade e excelente desempenho, efetuaram o pagamento de imediato ap\u00f3s o teste, o que foi apenas o primeiro contacto entre n\u00f3s.<\/p> <h3>A imagem dos clientes<\/h3> <figure id=\"attachment_3115\" aria-describedby=\"caption-attachment-3115\" style=\"width: 598px\" class=\"wp-caption alignnone\"><img loading=\"lazy\" decoding=\"async\" class=\"wp-image-3115\" src=\"https:\/\/www.agriculture-machine.com\/wp-content\/uploads\/2018\/10\/cassava-peeling-machine-6.jpg\" alt=\"\" width=\"598\" height=\"598\" srcset=\"https:\/\/www.agriculture-machine.com\/wp-content\/uploads\/2018\/10\/cassava-peeling-machine-6.jpg 750w, https:\/\/www.agriculture-machine.com\/wp-content\/uploads\/2018\/10\/cassava-peeling-machine-6-270x270.jpg 270w, https:\/\/www.agriculture-machine.com\/wp-content\/uploads\/2018\/10\/cassava-peeling-machine-6-540x540.jpg 540w\" sizes=\"auto, (max-width: 598px) 100vw, 598px\" \/><figcaption id=\"caption-attachment-3115\" class=\"wp-caption-text\">m\u00e1quina de descascar mandioca<\/figcaption><\/figure> <figure id=\"attachment_3114\" aria-describedby=\"caption-attachment-3114\" style=\"width: 592px\" class=\"wp-caption alignnone\"><img loading=\"lazy\" decoding=\"async\" class=\"wp-image-3114\" src=\"https:\/\/www.agriculture-machine.com\/wp-content\/uploads\/2018\/10\/cassava-peeling-machine-5.jpg\" alt=\"\" width=\"592\" height=\"592\" srcset=\"https:\/\/www.agriculture-machine.com\/wp-content\/uploads\/2018\/10\/cassava-peeling-machine-5.jpg 750w, https:\/\/www.agriculture-machine.com\/wp-content\/uploads\/2018\/10\/cassava-peeling-machine-5-270x270.jpg 270w, https:\/\/www.agriculture-machine.com\/wp-content\/uploads\/2018\/10\/cassava-peeling-machine-5-540x540.jpg 540w\" sizes=\"auto, (max-width: 592px) 100vw, 592px\" \/><figcaption id=\"caption-attachment-3114\" class=\"wp-caption-text\">m\u00e1quina de descascar mandioca<\/figcaption><\/figure> <h3>Imagem de entrega do fatiador de batata-doce<\/h3> <figure id=\"attachment_3111\" aria-describedby=\"caption-attachment-3111\" style=\"width: 593px\" class=\"wp-caption alignnone\"><img loading=\"lazy\" decoding=\"async\" class=\"wp-image-3111\" src=\"https:\/\/www.agriculture-machine.com\/wp-content\/uploads\/2018\/10\/cassava-peeling-machine-2.jpg\" alt=\"\" width=\"593\" height=\"593\" srcset=\"https:\/\/www.agriculture-machine.com\/wp-content\/uploads\/2018\/10\/cassava-peeling-machine-2.jpg 750w, https:\/\/www.agriculture-machine.com\/wp-content\/uploads\/2018\/10\/cassava-peeling-machine-2-270x270.jpg 270w, https:\/\/www.agriculture-machine.com\/wp-content\/uploads\/2018\/10\/cassava-peeling-machine-2-540x540.jpg 540w\" sizes=\"auto, (max-width: 593px) 100vw, 593px\" \/><figcaption id=\"caption-attachment-3111\" class=\"wp-caption-text\">m\u00e1quina de descascar mandioca<\/figcaption><\/figure> <figure id=\"attachment_3112\" aria-describedby=\"caption-attachment-3112\" style=\"width: 594px\" class=\"wp-caption alignnone\"><img loading=\"lazy\" decoding=\"async\" class=\"wp-image-3112\" src=\"https:\/\/www.agriculture-machine.com\/wp-content\/uploads\/2018\/10\/cassava-peeling-machine-3.jpg\" alt=\"\" width=\"594\" height=\"594\" srcset=\"https:\/\/www.agriculture-machine.com\/wp-content\/uploads\/2018\/10\/cassava-peeling-machine-3.jpg 750w, https:\/\/www.agriculture-machine.com\/wp-content\/uploads\/2018\/10\/cassava-peeling-machine-3-270x270.jpg 270w, https:\/\/www.agriculture-machine.com\/wp-content\/uploads\/2018\/10\/cassava-peeling-machine-3-540x540.jpg 540w\" sizes=\"auto, (max-width: 594px) 100vw, 594px\" \/><figcaption id=\"caption-attachment-3112\" class=\"wp-caption-text\">m\u00e1quina de descascar mandioca<\/figcaption><\/figure> <figure id=\"attachment_3113\" aria-describedby=\"caption-attachment-3113\" style=\"width: 589px\" class=\"wp-caption alignnone\"><img loading=\"lazy\" decoding=\"async\" class=\"wp-image-3113\" src=\"https:\/\/www.agriculture-machine.com\/wp-content\/uploads\/2018\/10\/cassava-peeling-machine-4.jpg\" alt=\"\" width=\"589\" height=\"589\" srcset=\"https:\/\/www.agriculture-machine.com\/wp-content\/uploads\/2018\/10\/cassava-peeling-machine-4.jpg 750w, https:\/\/www.agriculture-machine.com\/wp-content\/uploads\/2018\/10\/cassava-peeling-machine-4-270x270.jpg 270w, https:\/\/www.agriculture-machine.com\/wp-content\/uploads\/2018\/10\/cassava-peeling-machine-4-540x540.jpg 540w\" sizes=\"auto, (max-width: 589px) 100vw, 589px\" \/><figcaption id=\"caption-attachment-3113\" class=\"wp-caption-text\">m\u00e1quina de descascar mandioca<\/figcaption><\/figure> <h2>Perguntas Frequentes<\/h2> <ol> <li>Qual \u00e9 a mat\u00e9ria-prima da m\u00e1quina de descascar batata-doce?<\/li> <\/ol> <p>A mat\u00e9ria-prima pode ser mandioca, batata ou batata-doce.<\/p> <ol start=\"2\"> <li>A espessura \u00e9 ajust\u00e1vel?<\/li> <\/ol> <p>Sim, claro, varia de 5mm a 20mm.<\/p> <ol start=\"3\"> <li>A m\u00e1quina consegue remover totalmente a casca da mat\u00e9ria-prima?<\/li> <\/ol> <p>A taxa de remo\u00e7\u00e3o de casca \u00e9 de 95%, o que significa que quase toda a casca pode ser removida na rosca.<\/p> <ol start=\"4\"> <li>Existem peda\u00e7os de mandioca partidos?<\/li> <\/ol> <p>N\u00e3o, todas as pe\u00e7as podem permanecer inteiras.<\/p> <p>O estoque de fatiador de batata-doce<\/p> <p>&nbsp;<\/p>","protected":false},"excerpt":{"rendered":"<p>Cassava slicing\u00a0machine\u00a0can peel cassava and then cut them\u00a0into slices, achieving\u00a0peeling and slicing\u00a0at the same time.\u00a0The final slices are very clean without outer husk, and its thickness can be adjusted according to your requirement. &nbsp; &nbsp; Working principle of sweet potato slicer The cassava\u00a0firstly goes into a long barrel with hole. They constantly rotate under the [&hellip;]<\/p>\n","protected":false},"author":1,"featured_media":3110,"parent":0,"comment_status":"closed","ping_status":"closed","template":"","tags":[2629],"product-type":[1],"class_list":["post-1190","product","type-product","status-publish","has-post-thumbnail","hentry","tag-slicer","product-type-other"],"_links":{"self":[{"href":"https:\/\/www.agriculture-machine.com\/pt\/wp-json\/wp\/v2\/product\/1190","targetHints":{"allow":["GET"]}}],"collection":[{"href":"https:\/\/www.agriculture-machine.com\/pt\/wp-json\/wp\/v2\/product"}],"about":[{"href":"https:\/\/www.agriculture-machine.com\/pt\/wp-json\/wp\/v2\/types\/product"}],"author":[{"embeddable":true,"href":"https:\/\/www.agriculture-machine.com\/pt\/wp-json\/wp\/v2\/users\/1"}],"replies":[{"embeddable":true,"href":"https:\/\/www.agriculture-machine.com\/pt\/wp-json\/wp\/v2\/comments?post=1190"}],"wp:featuredmedia":[{"embeddable":true,"href":"https:\/\/www.agriculture-machine.com\/pt\/wp-json\/wp\/v2\/media\/3110"}],"wp:attachment":[{"href":"https:\/\/www.agriculture-machine.com\/pt\/wp-json\/wp\/v2\/media?parent=1190"}],"wp:term":[{"taxonomy":"post_tag","embeddable":true,"href":"https:\/\/www.agriculture-machine.com\/pt\/wp-json\/wp\/v2\/tags?post=1190"},{"taxonomy":"product-type","embeddable":true,"href":"https:\/\/www.agriculture-machine.com\/pt\/wp-json\/wp\/v2\/product-type?post=1190"}],"curies":[{"name":"wp","href":"https:\/\/api.w.org\/{rel}","templated":true}]}}