{"id":11968,"date":"2021-11-02T16:44:10","date_gmt":"2021-11-02T08:44:10","guid":{"rendered":"https:\/\/www.agriculture-machine.com\/?p=11968"},"modified":"2024-09-18T15:58:28","modified_gmt":"2024-09-18T07:58:28","slug":"disc-plow-disc-plough-4-wheeler-disc-plow","status":"publish","type":"product","link":"https:\/\/www.agriculture-machine.com\/pt\/disc-plow-disc-plough-4-wheeler-disc-plow\/","title":{"rendered":"Arado de disco de 4 rodas"},"content":{"rendered":"<p class=\"translation-block\">O <strong>arado de disco<\/strong> usa um disco c\u00f4ncavo como parte de trabalho, que pode ser composto por um ou v\u00e1rios discos. Cada disco \u00e9 instalado de forma independente na coluna do arado soldada ao feixe inclinado principal. \u00c9 adequado para opera\u00e7\u00f5es de remo\u00e7\u00e3o de restos de cultura do solo triturado ap\u00f3s a ara\u00e7\u00e3o, prepara\u00e7\u00e3o do solo antes do plantio, solo solto, mistura de solo e fertilizantes.<\/p>    <p>Disc plows are generally matched with a tractor&#8217;s three-point suspension connection. During operation, the plow blade rotates to the plow and turns the soil. They are usually used for ploughing and plowing in dry farming areas or wastelands.<\/p>    <figure class=\"wp-block-embed aligncenter is-type-video is-provider-youtube wp-block-embed-youtube wp-embed-aspect-4-3 wp-has-aspect-ratio\"><div class=\"wp-block-embed__wrapper\"> <iframe loading=\"lazy\" title=\"Arado de disco \/ Arado de disco \/ Alta efici\u00eancia \/ Alta qualidade \/ Pre\u00e7o baixo\" width=\"500\" height=\"375\" src=\"https:\/\/www.youtube.com\/embed\/OOuBYkUNlNE?list=PL58YSJlfYgUnj5S3_0o4aiLpAT6bvuqb0\" frameborder=\"0\" allow=\"accelerometer; autoplay; clipboard-write; encrypted-media; gyroscope; picture-in-picture; web-share\" referrerpolicy=\"strict-origin-when-cross-origin\" allowfullscreen><\/iframe> <\/div><figcaption class=\"wp-element-caption\">v\u00eddeo de trabalho do arado de disco<\/figcaption><\/figure>    <h2 class=\"wp-block-heading\" id=\"h-brief-introduction-of-the-disc-plow\">Breve introdu\u00e7\u00e3o do arado de disco<\/h2>    <p class=\"translation-block\">O <strong>arado de disco de sentido \u00fanico<\/strong> \u00e9 compat\u00edvel com a suspens\u00e3o completa do trator. Tem as vantagens de n\u00e3o enredar na relva, n\u00e3o entupir, n\u00e3o acumular solo, ser capaz de cortar caules e rizomas de culturas, e apresentar menos obstru\u00e7\u00f5es de trabalho.<\/p>    <p>\u00c9 especialmente adequado para opera\u00e7\u00f5es agr\u00edcolas onde as ervas daninhas crescem, os caules permanecem altos, a resist\u00eancia do solo \u00e9 grande, e h\u00e1 tijolos e peda\u00e7os no solo. <\/p>    <p class=\"translation-block\">Arados de disco diferem de <a href=\"https:\/\/www.agriculture-machine.com\/pt\/heavy-disc-harrow-hydraulic-trailed-heavy-duty-harrow\/\">arados de discos<\/a>. Os arados de disco s\u00e3o principalmente usados para ara\u00e7\u00e3o e opera\u00e7\u00f5es de ara\u00e7\u00e3o em terras n\u00e3o cultivadas, enquanto os arados de discos s\u00e3o usados para ara\u00e7\u00e3o e nivelamento em terras cultivadas.<\/p>    <figure class=\"wp-block-image aligncenter size-large\"><img loading=\"lazy\" decoding=\"async\" width=\"720\" height=\"540\" src=\"https:\/\/www.agriculture-machine.com\/wp-content\/uploads\/2021\/11\/37-720x540.jpg?v=1635840282\" alt=\"Arado de disco\" class=\"wp-image-11981\" title=\"Arado de disco\" srcset=\"https:\/\/www.agriculture-machine.com\/wp-content\/uploads\/2021\/11\/37-720x540.jpg 720w, https:\/\/www.agriculture-machine.com\/wp-content\/uploads\/2021\/11\/37-360x270.jpg 360w, https:\/\/www.agriculture-machine.com\/wp-content\/uploads\/2021\/11\/37-240x180.jpg 240w, https:\/\/www.agriculture-machine.com\/wp-content\/uploads\/2021\/11\/37-768x576.jpg 768w, https:\/\/www.agriculture-machine.com\/wp-content\/uploads\/2021\/11\/37-1536x1152.jpg 1536w, https:\/\/www.agriculture-machine.com\/wp-content\/uploads\/2021\/11\/37-2048x1536.jpg 2048w\" sizes=\"auto, (max-width: 720px) 100vw, 720px\" \/><\/figure>    <h2 class=\"wp-block-heading\" id=\"h-the-structure-of-the-disc-plow-equipment\">Estrutura do equipamento de arado de disco<\/h2>    <p>Inclui a estrutura da m\u00e1quina, pontos de liga\u00e7\u00e3o e discos.<\/p>    <p>Inclui a concha do bra\u00e7o esquerdo, o bra\u00e7o de suporte esquerdo, a caixa de velocidades, a engrenagem de transmiss\u00e3o, a luva de acoplamento, o joystick, a caixa de engrenagens, o eixo do disco e o disco. O joystick \u00e9 instalado na caixa de velocidades e conectado \u00e0 luva de acoplamento.<\/p>    <figure class=\"wp-block-gallery has-nested-images columns-default is-cropped wp-block-gallery-2 is-layout-flex wp-block-gallery-is-layout-flex\"> <figure class=\"wp-block-image size-large\"><img loading=\"lazy\" decoding=\"async\" width=\"720\" height=\"480\" data-id=\"11984\" src=\"https:\/\/www.agriculture-machine.com\/wp-content\/uploads\/2021\/11\/IMG_0537-4-720x480.jpg\" alt=\"\" class=\"wp-image-11984\" srcset=\"https:\/\/www.agriculture-machine.com\/wp-content\/uploads\/2021\/11\/IMG_0537-4-720x480.jpg 720w, https:\/\/www.agriculture-machine.com\/wp-content\/uploads\/2021\/11\/IMG_0537-4-360x240.jpg 360w, https:\/\/www.agriculture-machine.com\/wp-content\/uploads\/2021\/11\/IMG_0537-4-768x512.jpg 768w, https:\/\/www.agriculture-machine.com\/wp-content\/uploads\/2021\/11\/IMG_0537-4-1536x1024.jpg 1536w, https:\/\/www.agriculture-machine.com\/wp-content\/uploads\/2021\/11\/IMG_0537-4-2048x1365.jpg 2048w\" sizes=\"auto, (max-width: 720px) 100vw, 720px\" \/><\/figure>    <figure class=\"wp-block-image size-large\"><img loading=\"lazy\" decoding=\"async\" width=\"720\" height=\"480\" data-id=\"11985\" src=\"https:\/\/www.agriculture-machine.com\/wp-content\/uploads\/2021\/11\/IMG_0543-1-720x480.jpg\" alt=\"\" class=\"wp-image-11985\" srcset=\"https:\/\/www.agriculture-machine.com\/wp-content\/uploads\/2021\/11\/IMG_0543-1-720x480.jpg 720w, https:\/\/www.agriculture-machine.com\/wp-content\/uploads\/2021\/11\/IMG_0543-1-360x240.jpg 360w, https:\/\/www.agriculture-machine.com\/wp-content\/uploads\/2021\/11\/IMG_0543-1-768x512.jpg 768w, https:\/\/www.agriculture-machine.com\/wp-content\/uploads\/2021\/11\/IMG_0543-1-1536x1024.jpg 1536w, https:\/\/www.agriculture-machine.com\/wp-content\/uploads\/2021\/11\/IMG_0543-1-2048x1365.jpg 2048w\" sizes=\"auto, (max-width: 720px) 100vw, 720px\" \/><\/figure> <figcaption class=\"blocks-gallery-caption wp-element-caption\">Arado de disco<\/figcaption><\/figure>    <h2 class=\"wp-block-heading\" id=\"h-the-working-principle-of-the-disc-plow-machine\">Princ\u00edpio de funcionamento do arado de disco<\/h2>    <p>O disco do arado de disco \u00e9 instalado no mesmo eixo, e a roda de cauda \u00e9 instalada no lado esquerdo do corpo do arado, atuando para equilibrar a press\u00e3o lateral e fazer o arado de disco trabalhar de forma est\u00e1vel.<\/p>    <p>Para garantir a qualidade da agricultura, a posi\u00e7\u00e3o para cima e para baixo e o \u00e2ngulo de deflex\u00e3o da roda de cauda podem ser ajustados. As varas superior e inferior e as varas de eleva\u00e7\u00e3o esquerda e direita est\u00e3o todas conectadas ao trator usando dobradi\u00e7as de esfera. O eixo de sa\u00edda de pot\u00eancia est\u00e1 conectado \u00e0 junta universal e ao eixo de transmiss\u00e3o central que aciona o arado de disco.<\/p>    <p>Quando o arado de disco \u00e9 puxado para frente pelo trator, o disco gira em torno do seu eixo central, cortando o solo ao redor do disco. O solo arado sobe ao longo da superf\u00edcie c\u00f4ncava do disco em rota\u00e7\u00e3o e vira lateralmente e para tr\u00e1s. Depois do arado, ficam sulcos.<\/p>    <figure class=\"wp-block-embed aligncenter is-type-video is-provider-youtube wp-block-embed-youtube wp-embed-aspect-16-9 wp-has-aspect-ratio\"><div class=\"wp-block-embed__wrapper\"> <iframe loading=\"lazy\" title=\"Arado de disco potente em a\u00e7\u00e3o: Veja o nosso arado de disco em funcionamento completo!#arado #ara\u00e7\u00e3o #arado\" width=\"500\" height=\"281\" src=\"https:\/\/www.youtube.com\/embed\/XEZDM_sTW5c?feature=oembed\" frameborder=\"0\" allow=\"accelerometer; autoplay; clipboard-write; encrypted-media; gyroscope; picture-in-picture; web-share\" referrerpolicy=\"strict-origin-when-cross-origin\" allowfullscreen><\/iframe> <\/div><figcaption class=\"wp-element-caption\">Demonstra\u00e7\u00e3o do local de trabalho do arado agr\u00edcola<\/figcaption><\/figure>    <h2 class=\"wp-block-heading\" id=\"h-applicable-land-for-the-disc-plough\">Terreno aplic\u00e1vel<\/h2>    <p class=\"translation-block\">O <a href=\"https:\/\/www.agriculture-machine.com\/pt\/disc-plough-disc-plow-for-sale\/\">arado de disco<\/a> \u00e9 adequado para ara\u00e7\u00e3o e cultivo de terras cultivadas ou terras abandonadas, sendo especialmente indicado para ara\u00e7\u00e3o de campos de adubo verde de alto rendimento e retorno de restos de arroz e trigo ao campo.<\/p>    <p>The plow&#8217;s passing performance and soil entry performance are good. The soil turning and mulching quality can meet the technical requirements of agricultural production, the farming obstruction is small, and the operation and adjustment are convenient.<\/p>    <figure class=\"wp-block-gallery has-nested-images columns-default is-cropped wp-block-gallery-3 is-layout-flex wp-block-gallery-is-layout-flex\"> <figure class=\"wp-block-image size-large\"><img loading=\"lazy\" decoding=\"async\" width=\"720\" height=\"540\" data-id=\"16308\" src=\"https:\/\/www.agriculture-machine.com\/wp-content\/uploads\/2021\/11\/agricultural-plough-for-sale.webp\" alt=\"Arado agr\u00edcola \u00e0 venda\" class=\"wp-image-16308\" srcset=\"https:\/\/www.agriculture-machine.com\/wp-content\/uploads\/2021\/11\/agricultural-plough-for-sale.webp 720w, https:\/\/www.agriculture-machine.com\/wp-content\/uploads\/2021\/11\/agricultural-plough-for-sale-360x270.webp 360w, https:\/\/www.agriculture-machine.com\/wp-content\/uploads\/2021\/11\/agricultural-plough-for-sale-240x180.webp 240w, https:\/\/www.agriculture-machine.com\/wp-content\/uploads\/2021\/11\/agricultural-plough-for-sale-16x12.webp 16w\" sizes=\"auto, (max-width: 720px) 100vw, 720px\" \/><figcaption class=\"wp-element-caption\">Arado agr\u00edcola \u00e0 venda<\/figcaption><\/figure>    <figure class=\"wp-block-image size-large\"><img loading=\"lazy\" decoding=\"async\" width=\"720\" height=\"540\" data-id=\"16309\" src=\"https:\/\/www.agriculture-machine.com\/wp-content\/uploads\/2021\/11\/field-disc-plough.webp\" alt=\"Arado de disco para campo\" class=\"wp-image-16309\" srcset=\"https:\/\/www.agriculture-machine.com\/wp-content\/uploads\/2021\/11\/field-disc-plough.webp 720w, https:\/\/www.agriculture-machine.com\/wp-content\/uploads\/2021\/11\/field-disc-plough-360x270.webp 360w, https:\/\/www.agriculture-machine.com\/wp-content\/uploads\/2021\/11\/field-disc-plough-240x180.webp 240w, https:\/\/www.agriculture-machine.com\/wp-content\/uploads\/2021\/11\/field-disc-plough-16x12.webp 16w\" sizes=\"auto, (max-width: 720px) 100vw, 720px\" \/><figcaption class=\"wp-element-caption\">Arado de disco para campo<\/figcaption><\/figure> <\/figure>    <h2 class=\"wp-block-heading\" id=\"h-parameter-of-the-disc-plow\">Par\u00e2metros do arado de disco<\/h2>    <figure class=\"wp-block-table is-style-stripes\"><table><tbody><tr><td>Modelo<\/td><td>1LYQ-220<\/td><td> 1LYQ- 315<\/td><td> 1LYQ- 320<\/td><td> 1LYQ- 325<\/td><td> 1LYQ- 425<\/td><td> 1LYQ- 525<\/td><td> 1LYQ- 625<\/td><\/tr><tr><td>Largura de corte (mm)<\/td><td>400<\/td><td>450<\/td><td>600<\/td><td>750<\/td><td>1000<\/td><td>1250<\/td><td>1500<\/td><\/tr><tr><td>Profundidade de corte (mm)<\/td><td>200<\/td><td>200<\/td><td>200<\/td><td>250-300<\/td><td> 250-300 <\/td><td> 250-300 <\/td><td> 250-300 <\/td><\/tr><tr><td>Di\u00e2metro do disco (mm)<\/td><td>510<\/td><td>460<\/td><td>510<\/td><td>600<\/td><td> 600 <\/td><td> 600 <\/td><td> 600 <\/td><\/tr><tr><td>Quantidade de discos<\/td><td>2<\/td><td>3<\/td><td>3<\/td><td>3<\/td><td>4<\/td><td>5<\/td><td>6<\/td><\/tr><tr><td>Peso (kg)<\/td><td>140<\/td><td>160<\/td><td>190<\/td><td>420<\/td><td>490<\/td><td>565<\/td><td>640<\/td><\/tr><tr><td>P\u00f3 de tractor (hp)<\/td><td>18<\/td><td>25<\/td><td>25-40<\/td><td>50<\/td><td>90<\/td><td>120<\/td><td>160<\/td><\/tr><tr><td>Gato montado<\/td><td>Gato1: Suspens\u00e3o de tr\u00eas pontos <\/td><td> Gato1 <\/td><td> Gato1 <\/td><td>Gato2: Suspens\u00e3o de tr\u00eas pontos  <\/td><td> Gato2 <\/td><td> Gato2 <\/td><td> Gato2 <\/td><\/tr><\/tbody><\/table><figcaption class=\"wp-element-caption\">Dados t\u00e9cnicos detalhados do arado de disco<\/figcaption><\/figure>    <h2 class=\"wp-block-heading\" id=\"h-advantages-of-the-disc-plow-for-sale\">Vantagens do arado de disco \u00e0 venda<\/h2>    <ul class=\"wp-block-list\"> <li>Qualidade confi\u00e1vel. A concha \u00e9 feita de chapa de a\u00e7o espessada, resistente e dur\u00e1vel, adequada para opera\u00e7\u00f5es de alta resist\u00eancia, n\u00e3o envelhece facilmente e tem uma longa vida \u00fatil.<\/li>    <li>O disco de pot\u00eancia \u00e9 mais adequado para campos de arroz com mais palha e ervas daninhas, e campos com alto teor de \u00e1gua. Tem um bom efeito de picar e virar a palha e as ervas daninhas, e melhora efetivamente a ventila\u00e7\u00e3o e permeabilidade da \u00e1gua no solo.<\/li>    <li>Nos campos de restos de arroz e capim de a\u00e7afr\u00e3o, \u00e9 f\u00e1cil apodrecer, o que favorece o aumento da fertilidade org\u00e2nica agr\u00edcola. A m\u00e1quina possui caracter\u00edsticas de n\u00e3o enredar relva, aproveitar o tempo de cultivo, poupar trabalho, alta qualidade de opera\u00e7\u00e3o e baixo custo.<\/li>    <li>Ampla \u00e1rea de aplica\u00e7\u00e3o e baixa obstru\u00e7\u00e3o na lavoura.<\/li> <\/ul>    <figure class=\"wp-block-gallery has-nested-images columns-default is-cropped wp-block-gallery-4 is-layout-flex wp-block-gallery-is-layout-flex\"> <figure class=\"wp-block-image size-large\"><img loading=\"lazy\" decoding=\"async\" width=\"720\" height=\"540\" data-id=\"16312\" src=\"https:\/\/www.agriculture-machine.com\/wp-content\/uploads\/2021\/11\/heavy-duty-disc-plough.webp\" alt=\"arado de disco de alta resist\u00eancia\" class=\"wp-image-16312\" srcset=\"https:\/\/www.agriculture-machine.com\/wp-content\/uploads\/2021\/11\/heavy-duty-disc-plough.webp 720w, https:\/\/www.agriculture-machine.com\/wp-content\/uploads\/2021\/11\/heavy-duty-disc-plough-360x270.webp 360w, https:\/\/www.agriculture-machine.com\/wp-content\/uploads\/2021\/11\/heavy-duty-disc-plough-240x180.webp 240w, https:\/\/www.agriculture-machine.com\/wp-content\/uploads\/2021\/11\/heavy-duty-disc-plough-16x12.webp 16w\" sizes=\"auto, (max-width: 720px) 100vw, 720px\" \/><figcaption class=\"wp-element-caption\">arado de disco de alta resist\u00eancia<\/figcaption><\/figure>    <figure class=\"wp-block-image size-large\"><img loading=\"lazy\" decoding=\"async\" width=\"720\" height=\"540\" data-id=\"16311\" src=\"https:\/\/www.agriculture-machine.com\/wp-content\/uploads\/2021\/11\/farming-equipment.webp\" alt=\"Equipamento agr\u00edcola\" class=\"wp-image-16311\" srcset=\"https:\/\/www.agriculture-machine.com\/wp-content\/uploads\/2021\/11\/farming-equipment.webp 720w, https:\/\/www.agriculture-machine.com\/wp-content\/uploads\/2021\/11\/farming-equipment-360x270.webp 360w, https:\/\/www.agriculture-machine.com\/wp-content\/uploads\/2021\/11\/farming-equipment-240x180.webp 240w, https:\/\/www.agriculture-machine.com\/wp-content\/uploads\/2021\/11\/farming-equipment-16x12.webp 16w\" sizes=\"auto, (max-width: 720px) 100vw, 720px\" \/><figcaption class=\"wp-element-caption\">Equipamento agr\u00edcola<\/figcaption><\/figure> <\/figure>    <h2 class=\"wp-block-heading\" id=\"h-maintenance-of-the-disc-plough\">Manuten\u00e7\u00e3o do arado de disco<\/h2>    <ul class=\"wp-block-list\"> <li>Verifique de forma abrangente a apar\u00eancia da m\u00e1quina e repinte a pintura; aplique \u00f3leo no disco e no eixo de encaixe para evitar ferrugem.<\/li>    <li>Verifique se a caixa de transmiss\u00e3o, os dez bytes e os rolamentos est\u00e3o com falta de \u00f3leo, e reabaste\u00e7a imediatamente se necess\u00e1rio.<\/li>    <li>Verifique e aperte os parafusos de conex\u00e3o.<\/li>    <li>Verifique se as partes vulner\u00e1veis, como parafusos e pinos de divis\u00e3o, est\u00e3o danificadas, e substitua-as se necess\u00e1rio.<\/li>    <li>Remova completamente a lama, poeira e \u00f3leo do equipamento.<\/li>    <li>Substitua completamente o \u00f3leo lubrificante e a graxa.<\/li> <\/ul>    <figure class=\"wp-block-image aligncenter size-large is-resized\" id=\"Disc-plough\"><img loading=\"lazy\" decoding=\"async\" width=\"540\" height=\"540\" src=\"https:\/\/www.agriculture-machine.com\/wp-content\/uploads\/2021\/11\/\u5706\u76d8\u72812-540x540.jpg?v=1635840878\" alt=\"O arado de disco de sentido \u00fanico \u00e9 compat\u00edvel com a suspens\u00e3o completa do trator. Durante a opera\u00e7\u00e3o, a l\u00e2mina do arado gira para ara\u00e7\u00e3o e revolvimento do solo.\" class=\"wp-image-11986\" title=\"Arado de disco\" srcset=\"https:\/\/www.agriculture-machine.com\/wp-content\/uploads\/2021\/11\/\u5706\u76d8\u72812-540x540.jpg 540w, https:\/\/www.agriculture-machine.com\/wp-content\/uploads\/2021\/11\/\u5706\u76d8\u72812-270x270.jpg 270w, https:\/\/www.agriculture-machine.com\/wp-content\/uploads\/2021\/11\/\u5706\u76d8\u72812-768x768.jpg 768w, https:\/\/www.agriculture-machine.com\/wp-content\/uploads\/2021\/11\/\u5706\u76d8\u72812.jpg 800w\" sizes=\"auto, (max-width: 540px) 100vw, 540px\" \/><figcaption class=\"wp-element-caption\">Arado de disco<\/figcaption><\/figure>    <h2 class=\"wp-block-heading\">Contate-nos a qualquer momento<\/h2>    <p>Whether you&#8217;re looking for new ways to increase crop yields or want to improve your farming efficiency, our disc plows can meet your needs. If you are interested in the machine, we sincerely welcome you to contact us and look forward to cooperating with you.<\/p>","protected":false},"excerpt":{"rendered":"<p>The one-way disc plow is matched with the full suspension connection of the tractor. During operation, the plow blade rotates to plow and turn the soil. It has the advantages of not entanglement of grass, no blockage, no soil, capable of cutting crop stems and rhizomes, and less working obstruction. <\/p>","protected":false},"author":1,"featured_media":11973,"parent":0,"comment_status":"closed","ping_status":"closed","template":"","tags":[698],"product-type":[950],"class_list":["post-11968","product","type-product","status-publish","has-post-thumbnail","hentry","tag-tractor","product-type-arable-plows"],"_links":{"self":[{"href":"https:\/\/www.agriculture-machine.com\/pt\/wp-json\/wp\/v2\/product\/11968","targetHints":{"allow":["GET"]}}],"collection":[{"href":"https:\/\/www.agriculture-machine.com\/pt\/wp-json\/wp\/v2\/product"}],"about":[{"href":"https:\/\/www.agriculture-machine.com\/pt\/wp-json\/wp\/v2\/types\/product"}],"author":[{"embeddable":true,"href":"https:\/\/www.agriculture-machine.com\/pt\/wp-json\/wp\/v2\/users\/1"}],"replies":[{"embeddable":true,"href":"https:\/\/www.agriculture-machine.com\/pt\/wp-json\/wp\/v2\/comments?post=11968"}],"wp:featuredmedia":[{"embeddable":true,"href":"https:\/\/www.agriculture-machine.com\/pt\/wp-json\/wp\/v2\/media\/11973"}],"wp:attachment":[{"href":"https:\/\/www.agriculture-machine.com\/pt\/wp-json\/wp\/v2\/media?parent=11968"}],"wp:term":[{"taxonomy":"post_tag","embeddable":true,"href":"https:\/\/www.agriculture-machine.com\/pt\/wp-json\/wp\/v2\/tags?post=11968"},{"taxonomy":"product-type","embeddable":true,"href":"https:\/\/www.agriculture-machine.com\/pt\/wp-json\/wp\/v2\/product-type?post=11968"}],"curies":[{"name":"wp","href":"https:\/\/api.w.org\/{rel}","templated":true}]}}