{"id":12031,"date":"2021-11-09T17:47:22","date_gmt":"2021-11-09T09:47:22","guid":{"rendered":"https:\/\/www.agriculture-machine.com\/?p=12031"},"modified":"2024-09-23T11:22:40","modified_gmt":"2024-09-23T03:22:40","slug":"hand-held-gasoline-corn-planter","status":"publish","type":"product","link":"https:\/\/www.agriculture-machine.com\/pt\/hand-held-gasoline-corn-planter\/","title":{"rendered":"Plantadora de sementes de amendoim e milho port\u00e1til a gasolina"},"content":{"rendered":"<h2 class=\"wp-block-heading\">Breve introdu\u00e7\u00e3o dos planters manuais a gasolina<\/h2>    <p class=\"translation-block\">Os planters manuais a gasolina s\u00e3o baseados em <a href=\"https:\/\/www.agriculture-machine.com\/pt\/hand-operated-maize-corn-planter-machine-peanut-plant\/\">planters manuais<\/a> tradicionais com energia de gasolina. E, em compara\u00e7\u00e3o com m\u00e1quinas que dependem completamente do trabalho humano, economizam tempo e esfor\u00e7o.<\/p>    <p>Al\u00e9m disso, esta m\u00e1quina \u00e9 adequada para semear sementes em campos secos. Pode semear sementes granulares como feij\u00e3o, gr\u00e3os e sementes de hortali\u00e7as, etc. E a m\u00e1quina possui caracter\u00edsticas de f\u00e1cil arranque, peso leve, robustez, menos poeira e menos embara\u00e7o. \u00c9 adequada para todas as culturas em terra seca e \u00e9 uma boa ajuda para os agricultores na agricultura.<\/p>    <figure class=\"wp-block-image size-large\"><img loading=\"lazy\" decoding=\"async\" width=\"720\" height=\"540\" src=\"https:\/\/www.agriculture-machine.com\/wp-content\/uploads\/2021\/11\/IMG_20190320_141834-720x540.jpg?v=1636449682\" alt=\"\" class=\"wp-image-12035\" srcset=\"https:\/\/www.agriculture-machine.com\/wp-content\/uploads\/2021\/11\/IMG_20190320_141834-720x540.jpg 720w, https:\/\/www.agriculture-machine.com\/wp-content\/uploads\/2021\/11\/IMG_20190320_141834-360x270.jpg 360w, https:\/\/www.agriculture-machine.com\/wp-content\/uploads\/2021\/11\/IMG_20190320_141834-240x180.jpg 240w, https:\/\/www.agriculture-machine.com\/wp-content\/uploads\/2021\/11\/IMG_20190320_141834-768x576.jpg 768w, https:\/\/www.agriculture-machine.com\/wp-content\/uploads\/2021\/11\/IMG_20190320_141834-1536x1152.jpg 1536w, https:\/\/www.agriculture-machine.com\/wp-content\/uploads\/2021\/11\/IMG_20190320_141834-2048x1536.jpg 2048w\" sizes=\"auto, (max-width: 720px) 100vw, 720px\" \/><figcaption>Plantador de milho manual a gasolina<\/figcaption><\/figure>    <h2 class=\"wp-block-heading\" id=\"h-main-functions-of-hand-held-corn-planter-with-gasoline-power\">Principais fun\u00e7\u00f5es do plantador de milho manual a gasolina<\/h2>    <ol class=\"wp-block-list\" type=\"1\"><li>Semeie as sementes na terra.<\/li><li>Aplique fertilizante ao lado das sementes.<\/li><li>Afrouxe o solo enquanto semeia.<\/li><li>Fa\u00e7a o sulco antes de plantar.<\/li><\/ol>    <h2 class=\"wp-block-heading\">\u00c2mbito de aplica\u00e7\u00e3o do plantador de milho com tra\u00e7\u00e3o manual&nbsp;<\/h2>    <p>1. Pode semear sementes granulares como trigo, soja, feij\u00e3o vermelho, ervilhas, milho, feij\u00e3o-de-corda, feij\u00e3o, sorgo, millet, etc.<\/p>    <p>2. Tamb\u00e9m pode fertilizar.<\/p>    <p>3. E tamb\u00e9m podemos ajustar a quantidade de semeadura, a quantidade de fertilizante e a profundidade de semeadura.<\/p>    <figure class=\"wp-block-image size-large\"><img loading=\"lazy\" decoding=\"async\" width=\"720\" height=\"540\" src=\"https:\/\/www.agriculture-machine.com\/wp-content\/uploads\/2021\/11\/IMG_20190320_141116-720x540.jpg?v=1636449780\" alt=\"\" class=\"wp-image-12036\" srcset=\"https:\/\/www.agriculture-machine.com\/wp-content\/uploads\/2021\/11\/IMG_20190320_141116-720x540.jpg 720w, https:\/\/www.agriculture-machine.com\/wp-content\/uploads\/2021\/11\/IMG_20190320_141116-360x270.jpg 360w, https:\/\/www.agriculture-machine.com\/wp-content\/uploads\/2021\/11\/IMG_20190320_141116-240x180.jpg 240w, https:\/\/www.agriculture-machine.com\/wp-content\/uploads\/2021\/11\/IMG_20190320_141116-768x576.jpg 768w, https:\/\/www.agriculture-machine.com\/wp-content\/uploads\/2021\/11\/IMG_20190320_141116-1536x1152.jpg 1536w, https:\/\/www.agriculture-machine.com\/wp-content\/uploads\/2021\/11\/IMG_20190320_141116-2048x1536.jpg 2048w\" sizes=\"auto, (max-width: 720px) 100vw, 720px\" \/><figcaption>Plantador de amendoim manual a gasolina<\/figcaption><\/figure>    <h2 class=\"wp-block-heading\">A estrutura do plantador de feij\u00e3o a gasolina manual<\/h2>    <p>Man\u00edpulo de controlo do acelerador, trav\u00e3o de m\u00e3o, man\u00edpulo de empurrar, caixa de semeadura, disco de semeadura fina, mola de corrente, mola profunda e rasa, roda de borracha traseira, estrutura, \u00e2ngulo de semente inferior, dep\u00f3sito de combust\u00edvel, caixa de correia, roda de ferro dianteira.<\/p>    <figure class=\"wp-block-gallery columns-3 is-cropped wp-block-gallery-2 is-layout-flex wp-block-gallery-is-layout-flex\"><ul class=\"blocks-gallery-grid\"><li class=\"blocks-gallery-item\"><figure><img loading=\"lazy\" decoding=\"async\" width=\"720\" height=\"540\" src=\"https:\/\/www.agriculture-machine.com\/wp-content\/uploads\/2021\/11\/IMG_20190320_140522-720x540.jpg?v=1636450074\" alt=\"\" data-id=\"12044\" data-link=\"https:\/\/www.agriculture-machine.com\/?attachment_id=12044\" class=\"wp-image-12044\" srcset=\"https:\/\/www.agriculture-machine.com\/wp-content\/uploads\/2021\/11\/IMG_20190320_140522-720x540.jpg 720w, https:\/\/www.agriculture-machine.com\/wp-content\/uploads\/2021\/11\/IMG_20190320_140522-360x270.jpg 360w, https:\/\/www.agriculture-machine.com\/wp-content\/uploads\/2021\/11\/IMG_20190320_140522-240x180.jpg 240w, https:\/\/www.agriculture-machine.com\/wp-content\/uploads\/2021\/11\/IMG_20190320_140522-768x576.jpg 768w, https:\/\/www.agriculture-machine.com\/wp-content\/uploads\/2021\/11\/IMG_20190320_140522-1536x1152.jpg 1536w, https:\/\/www.agriculture-machine.com\/wp-content\/uploads\/2021\/11\/IMG_20190320_140522-2048x1536.jpg 2048w\" sizes=\"auto, (max-width: 720px) 100vw, 720px\" \/><figcaption class=\"blocks-gallery-item__caption\">rhdr<\/figcaption><\/figure><\/li><li class=\"blocks-gallery-item\"><figure><img loading=\"lazy\" decoding=\"async\" width=\"720\" height=\"540\" src=\"https:\/\/www.agriculture-machine.com\/wp-content\/uploads\/2021\/11\/IMG_20190320_140528-720x540.jpg?v=1636450106\" alt=\"\" data-id=\"12049\" data-link=\"https:\/\/www.agriculture-machine.com\/?attachment_id=12049\" class=\"wp-image-12049\" srcset=\"https:\/\/www.agriculture-machine.com\/wp-content\/uploads\/2021\/11\/IMG_20190320_140528-720x540.jpg 720w, https:\/\/www.agriculture-machine.com\/wp-content\/uploads\/2021\/11\/IMG_20190320_140528-360x270.jpg 360w, https:\/\/www.agriculture-machine.com\/wp-content\/uploads\/2021\/11\/IMG_20190320_140528-240x180.jpg 240w, https:\/\/www.agriculture-machine.com\/wp-content\/uploads\/2021\/11\/IMG_20190320_140528-768x576.jpg 768w, https:\/\/www.agriculture-machine.com\/wp-content\/uploads\/2021\/11\/IMG_20190320_140528-1536x1152.jpg 1536w, https:\/\/www.agriculture-machine.com\/wp-content\/uploads\/2021\/11\/IMG_20190320_140528-2048x1536.jpg 2048w\" sizes=\"auto, (max-width: 720px) 100vw, 720px\" \/><figcaption class=\"blocks-gallery-item__caption\">rhdr<\/figcaption><\/figure><\/li><li class=\"blocks-gallery-item\"><figure><img loading=\"lazy\" decoding=\"async\" width=\"720\" height=\"540\" src=\"https:\/\/www.agriculture-machine.com\/wp-content\/uploads\/2021\/11\/IMG_20190320_140541-720x540.jpg?v=1636450145\" alt=\"\" data-id=\"12051\" data-link=\"https:\/\/www.agriculture-machine.com\/?attachment_id=12051\" class=\"wp-image-12051\" srcset=\"https:\/\/www.agriculture-machine.com\/wp-content\/uploads\/2021\/11\/IMG_20190320_140541-720x540.jpg 720w, https:\/\/www.agriculture-machine.com\/wp-content\/uploads\/2021\/11\/IMG_20190320_140541-360x270.jpg 360w, https:\/\/www.agriculture-machine.com\/wp-content\/uploads\/2021\/11\/IMG_20190320_140541-240x180.jpg 240w, https:\/\/www.agriculture-machine.com\/wp-content\/uploads\/2021\/11\/IMG_20190320_140541-768x576.jpg 768w, https:\/\/www.agriculture-machine.com\/wp-content\/uploads\/2021\/11\/IMG_20190320_140541-1536x1152.jpg 1536w, https:\/\/www.agriculture-machine.com\/wp-content\/uploads\/2021\/11\/IMG_20190320_140541-2048x1536.jpg 2048w\" sizes=\"auto, (max-width: 720px) 100vw, 720px\" \/><figcaption class=\"blocks-gallery-item__caption\">oznor<\/figcaption><\/figure><\/li><li class=\"blocks-gallery-item\"><figure><img loading=\"lazy\" decoding=\"async\" width=\"720\" height=\"540\" src=\"https:\/\/www.agriculture-machine.com\/wp-content\/uploads\/2021\/11\/IMG_20190320_140550-720x540.jpg?v=1636450174\" alt=\"\" data-id=\"12053\" data-link=\"https:\/\/www.agriculture-machine.com\/?attachment_id=12053\" class=\"wp-image-12053\" srcset=\"https:\/\/www.agriculture-machine.com\/wp-content\/uploads\/2021\/11\/IMG_20190320_140550-720x540.jpg 720w, https:\/\/www.agriculture-machine.com\/wp-content\/uploads\/2021\/11\/IMG_20190320_140550-360x270.jpg 360w, https:\/\/www.agriculture-machine.com\/wp-content\/uploads\/2021\/11\/IMG_20190320_140550-240x180.jpg 240w, https:\/\/www.agriculture-machine.com\/wp-content\/uploads\/2021\/11\/IMG_20190320_140550-768x576.jpg 768w, https:\/\/www.agriculture-machine.com\/wp-content\/uploads\/2021\/11\/IMG_20190320_140550-1536x1152.jpg 1536w, https:\/\/www.agriculture-machine.com\/wp-content\/uploads\/2021\/11\/IMG_20190320_140550-2048x1536.jpg 2048w\" sizes=\"auto, (max-width: 720px) 100vw, 720px\" \/><figcaption class=\"blocks-gallery-item__caption\">oznor<\/figcaption><\/figure><\/li><li class=\"blocks-gallery-item\"><figure><img loading=\"lazy\" decoding=\"async\" width=\"720\" height=\"540\" src=\"https:\/\/www.agriculture-machine.com\/wp-content\/uploads\/2021\/11\/IMG_20190320_140937-1-720x540.jpg?v=1636450464\" alt=\"\" data-id=\"12054\" data-full-url=\"https:\/\/www.agriculture-machine.com\/wp-content\/uploads\/2021\/11\/IMG_20190320_140937-1-scaled.jpg?v=1636450464\" data-link=\"https:\/\/www.agriculture-machine.com\/?attachment_id=12054\" class=\"wp-image-12054\" srcset=\"https:\/\/www.agriculture-machine.com\/wp-content\/uploads\/2021\/11\/IMG_20190320_140937-1-720x540.jpg 720w, https:\/\/www.agriculture-machine.com\/wp-content\/uploads\/2021\/11\/IMG_20190320_140937-1-360x270.jpg 360w, https:\/\/www.agriculture-machine.com\/wp-content\/uploads\/2021\/11\/IMG_20190320_140937-1-240x180.jpg 240w, https:\/\/www.agriculture-machine.com\/wp-content\/uploads\/2021\/11\/IMG_20190320_140937-1-768x576.jpg 768w, https:\/\/www.agriculture-machine.com\/wp-content\/uploads\/2021\/11\/IMG_20190320_140937-1-1536x1152.jpg 1536w, https:\/\/www.agriculture-machine.com\/wp-content\/uploads\/2021\/11\/IMG_20190320_140937-1-2048x1536.jpg 2048w\" sizes=\"auto, (max-width: 720px) 100vw, 720px\" \/><figcaption class=\"blocks-gallery-item__caption\">smacap_Bright<\/figcaption><\/figure><\/li><\/ul><\/figure>    <h2 class=\"wp-block-heading\">O processo de trabalho do plantador de sementes manual a gasolina<\/h2>    <ol class=\"wp-block-list\" type=\"1\"><li>Primeiro, escolha a semente que precisa. E coloque a semente na caixa de sementes.<\/li><li>Depois, ligue a gasolina.<\/li><li>Em seguida, segure o man\u00edpulo desta m\u00e1quina. E ao mesmo tempo, caminhe com a m\u00e1quina a uma velocidade constante.<\/li><li>Por fim, ap\u00f3s semear as sementes, desligue o motor a gasolina e armazene a m\u00e1quina adequadamente.<\/li><\/ol>    <h2 class=\"wp-block-heading\">Caracter\u00edsticas do plantador de milho manual a gasolina&nbsp;<\/h2>    <p>1. Tamanho pequeno, peso leve, opera\u00e7\u00e3o flex\u00edvel e conveniente. \u00c9 adequado para uso em estufas, pomares, vinhas, terra\u00e7os, encostas e pequenos lotes.<\/p>    <p>2. O man\u00edpulo pode ser ajustado em altura e comprimento, adequado para todos.<\/p>    <p>3. Semeadura e fertiliza\u00e7\u00e3o podem ser duplas, em linha simples, antes e depois do uso.<\/p>    <p>4. Voc\u00ea pode plantar v\u00e1rias culturas trocando a caixa de sementes. A qualidade \u00e9 est\u00e1vel e confi\u00e1vel.<\/p>    <p>5. Possui m\u00faltiplas fun\u00e7\u00f5es. Esta m\u00e1quina pode realizar v\u00e1rias opera\u00e7\u00f5es agr\u00edcolas, como plantio e fertiliza\u00e7\u00e3o, apenas trocando a ferramenta de trabalho.<\/p>    <p>6. Tanto homens como mulheres podem usar esta m\u00e1quina. A qualidade \u00e9 est\u00e1vel e confi\u00e1vel.<\/p>    <h2 class=\"wp-block-heading\">Vantagens do produto do plantador de milho a gasolina manual<\/h2>    <p>1. A m\u00e1quina n\u00e3o possui transmiss\u00e3o por corrente, e a colher substitui a garantia. A semeadura \u00e9 precisa e o espa\u00e7amento entre os buracos \u00e9 consistente.<\/p>    <p>2. Use esta m\u00e1quina para aumentar a produ\u00e7\u00e3o. Como os buracos est\u00e3o espa\u00e7ados uniformemente, h\u00e1 boa ventila\u00e7\u00e3o e nutrientes suficientes, o que pode aumentar a produ\u00e7\u00e3o em 10-20%.<\/p>    <p>3. Esta m\u00e1quina \u00e9 projetada com rodas de profundidade limitadas. Ajuste a roda limitadora de profundidade do plantador antes de plantar, para que a profundidade de planta\u00e7\u00e3o de cada linha seja consistente.<\/p>    <p>5. A m\u00e1quina tem um design inovador e estrutura simples. \u00c9 f\u00e1cil de usar, f\u00e1cil de ajustar e quase sem falhas.<\/p>    <p>6. Grande faixa de ajuste do espa\u00e7amento entre linhas e entre plantas. Pode alcan\u00e7ar o efeito ideal de praticamente n\u00e3o precisar aparar as mudas. Pode atender \u00e0s exig\u00eancias de diferentes utilizadores para diferentes sementes.<\/p>    <figure class=\"wp-block-image size-large\"><img loading=\"lazy\" decoding=\"async\" width=\"720\" height=\"540\" src=\"https:\/\/www.agriculture-machine.com\/wp-content\/uploads\/2021\/11\/IMG_20190320_134914-720x540.jpg?v=1636450727\" alt=\"Os planters manuais a gasolina s\u00e3o baseados em planters manuais tradicionais com energia de gasolina. E, em compara\u00e7\u00e3o com m\u00e1quinas que dependem completamente do trabalho humano, economizam tempo e esfor\u00e7o. Al\u00e9m disso, esta m\u00e1quina \u00e9 adequada para semear sementes em campos secos.\" class=\"wp-image-12057\" srcset=\"https:\/\/www.agriculture-machine.com\/wp-content\/uploads\/2021\/11\/IMG_20190320_134914-720x540.jpg 720w, https:\/\/www.agriculture-machine.com\/wp-content\/uploads\/2021\/11\/IMG_20190320_134914-360x270.jpg 360w, https:\/\/www.agriculture-machine.com\/wp-content\/uploads\/2021\/11\/IMG_20190320_134914-240x180.jpg 240w, https:\/\/www.agriculture-machine.com\/wp-content\/uploads\/2021\/11\/IMG_20190320_134914-768x576.jpg 768w, https:\/\/www.agriculture-machine.com\/wp-content\/uploads\/2021\/11\/IMG_20190320_134914-1536x1152.jpg 1536w, https:\/\/www.agriculture-machine.com\/wp-content\/uploads\/2021\/11\/IMG_20190320_134914-2048x1536.jpg 2048w\" sizes=\"auto, (max-width: 720px) 100vw, 720px\" \/><figcaption>Plantador de sementes manual a gasolina<\/figcaption><\/figure>","protected":false},"excerpt":{"rendered":"<p>Gasoline hand-held planters are based on traditional hand-held planters with gasoline power. And compared with machines that completely rely on human sowing, it saves time and effort.<br \/> Also this machine is suitable for sowing seeds in dry fields.<\/p>","protected":false},"author":1,"featured_media":12034,"parent":0,"comment_status":"closed","ping_status":"closed","template":"","tags":[491,797,492],"product-type":[870],"class_list":["post-12031","product","type-product","status-publish","has-post-thumbnail","hentry","tag-corn","tag-peanut","tag-planter","product-type-planter"],"_links":{"self":[{"href":"https:\/\/www.agriculture-machine.com\/pt\/wp-json\/wp\/v2\/product\/12031","targetHints":{"allow":["GET"]}}],"collection":[{"href":"https:\/\/www.agriculture-machine.com\/pt\/wp-json\/wp\/v2\/product"}],"about":[{"href":"https:\/\/www.agriculture-machine.com\/pt\/wp-json\/wp\/v2\/types\/product"}],"author":[{"embeddable":true,"href":"https:\/\/www.agriculture-machine.com\/pt\/wp-json\/wp\/v2\/users\/1"}],"replies":[{"embeddable":true,"href":"https:\/\/www.agriculture-machine.com\/pt\/wp-json\/wp\/v2\/comments?post=12031"}],"wp:featuredmedia":[{"embeddable":true,"href":"https:\/\/www.agriculture-machine.com\/pt\/wp-json\/wp\/v2\/media\/12034"}],"wp:attachment":[{"href":"https:\/\/www.agriculture-machine.com\/pt\/wp-json\/wp\/v2\/media?parent=12031"}],"wp:term":[{"taxonomy":"post_tag","embeddable":true,"href":"https:\/\/www.agriculture-machine.com\/pt\/wp-json\/wp\/v2\/tags?post=12031"},{"taxonomy":"product-type","embeddable":true,"href":"https:\/\/www.agriculture-machine.com\/pt\/wp-json\/wp\/v2\/product-type?post=12031"}],"curies":[{"name":"wp","href":"https:\/\/api.w.org\/{rel}","templated":true}]}}